{"id":34686,"date":"2020-02-29T04:57:31","date_gmt":"2020-02-29T04:57:31","guid":{"rendered":"https:\/\/www.sisinternational.com\/?page_id=34686"},"modified":"2026-01-25T19:37:11","modified_gmt":"2026-01-26T00:37:11","slug":"marktforschung-im-bereich-supply-chain-finance","status":"publish","type":"page","link":"https:\/\/www.sisinternational.com\/de\/losungen\/fintech-strategieberatung-forschung\/marktforschung-im-bereich-supply-chain-finance\/","title":{"rendered":"Marktforschung f\u00fcr Supply Chain Finance"},"content":{"rendered":"<h1 class=\"wp-block-heading\">Marktforschung f\u00fcr Supply Chain Finance<\/h1>\n\n\n\n<figure class=\"gb-block-image gb-block-image-737a1663\"><img loading=\"lazy\" decoding=\"async\" width=\"1456\" height=\"816\" class=\"gb-image gb-image-737a1663\" src=\"https:\/\/www.sisinternational.com\/wp-content\/uploads\/2025\/08\/Finance-9.jpg\" alt=\"SIS International Marktforschung &amp; Strategie\" title=\"Finance (9)\" srcset=\"https:\/\/www.sisinternational.com\/wp-content\/uploads\/2025\/08\/Finance-9.jpg 1456w, https:\/\/www.sisinternational.com\/wp-content\/uploads\/2025\/08\/Finance-9-300x168.jpg 300w, https:\/\/www.sisinternational.com\/wp-content\/uploads\/2025\/08\/Finance-9-1024x574.jpg 1024w, https:\/\/www.sisinternational.com\/wp-content\/uploads\/2025\/08\/Finance-9-768x430.jpg 768w, https:\/\/www.sisinternational.com\/wp-content\/uploads\/2025\/08\/Finance-9-18x10.jpg 18w\" sizes=\"auto, (max-width: 1456px) 100vw, 1456px\"><\/figure>\n\n\n\n<p><\/p>\n\n\n\n<hr class=\"wp-block-separator has-alpha-channel-opacity is-style-dots\"\/>\n\n\n\n<p><span style=\"font-weight: 400;\">In today&#8217;s interconnected world, with supply chains stretching across continents and encompassing a multitude of stakeholders, the need for robust financial strategies is more pronounced. Consequently, supply chain finance market research emerges as a critical tool for understanding the mechanisms, opportunities, and challenges inherent in optimizing the financial aspects of the supply chain.<\/span><\/p>\n\n\n\n<h2 class=\"wp-block-heading\"><strong>Marktforschung f\u00fcr Supply Chain Finance verstehen<\/strong><\/h2>\n\n\n\n<p><span style=\"font-weight: 400;\">Supply chain <a href=\"https:\/\/sisaisolutions.com\/application-of-ai-in-financial-services\/\" target=\"_blank\" rel=\"noopener\">finance market research analyzes<\/a> data related to the financial aspects of supply chains, from suppliers&#8217; creditworthiness to payment mechanisms&#8217; efficiency. It offers businesses valuable insights into enhancing their working capital and strengthening their supply chain operations.<\/span><\/p>\n\n\n\n<p><span style=\"font-weight: 400;\">At its core, supply chain <a href=\"https:\/\/www.sisinternational.com\/de\/losungen\/fintech-strategieberatung-forschung\/unabhangige-finanzberater-marktforschung\/\" title=\"Marktforschung f\u00fcr unabh\u00e4ngige Finanzberater\" data-wpil-monitor-id=\"6031\">finance market research<\/a> seeks to understand the financial relationships and dependencies between the different entities in a supply chain. It examines how funds flow between suppliers, manufacturers, distributors, and retailers, identifying areas where financial processes can be optimized to benefit all parties involved.&nbsp;<\/span><\/p>\n\n\n\n<h2 class=\"wp-block-heading\"><strong>Bedeutung der Marktforschung im Bereich Supply Chain Finance<\/strong><\/h2>\n\n\n\n<p><span style=\"font-weight: 400;\"><a href=\"https:\/\/www.sisinternational.com\/de\/losungen\/strategieberatung\/marktforschung-fur-die-lieferkette\/\" title=\"Marktforschung f\u00fcr die Lieferkette\" data-wpil-monitor-id=\"6541\">Supply chain finance market research<\/a> empowers companies to mitigate risks associated with supplier insolvency or liquidity constraints. It protects the company&#8217;s interests and ensures the resilience of the entire supply chain.<\/span><\/p>\n\n\n\n<p><span style=\"font-weight: 400;\">Moreover, supply chain finance market research identifies cost-saving opportunities. Businesses can optimize their working capital management by analyzing payment terms, financing options, and cash flow strategies. <\/span><span style=\"font-weight: 400;\">Neben Risikomanagement und Kostensenkung f\u00f6rdert die Marktforschung im Bereich Supply Chain Finance auch Innovationen im Finanzgesch\u00e4ft. Wenn neue Technologien und Finanzinstrumente auftauchen, hilft die Forschung den Unternehmen, sich an diese Fortschritte anzupassen und sie zu \u00fcbernehmen, um auf einem sich st\u00e4ndig ver\u00e4ndernden Markt wettbewerbsf\u00e4hig zu bleiben.<\/span><\/p>\n\n\n\n<h2 class=\"wp-block-heading\"><strong>Welche Vorteile bietet die Marktforschung im Supply Chain Finance?<\/strong><\/h2>\n\n\n\n<figure class=\"gb-block-image gb-block-image-17eefa34\"><img loading=\"lazy\" decoding=\"async\" width=\"1456\" height=\"816\" class=\"gb-image gb-image-17eefa34\" src=\"https:\/\/www.sisinternational.com\/wp-content\/uploads\/2025\/08\/Finance-13.jpg\" alt=\"SIS International Marktforschung &amp; Strategie\" title=\"Finance (13)\" srcset=\"https:\/\/www.sisinternational.com\/wp-content\/uploads\/2025\/08\/Finance-13.jpg 1456w, https:\/\/www.sisinternational.com\/wp-content\/uploads\/2025\/08\/Finance-13-300x168.jpg 300w, https:\/\/www.sisinternational.com\/wp-content\/uploads\/2025\/08\/Finance-13-1024x574.jpg 1024w, https:\/\/www.sisinternational.com\/wp-content\/uploads\/2025\/08\/Finance-13-768x430.jpg 768w, https:\/\/www.sisinternational.com\/wp-content\/uploads\/2025\/08\/Finance-13-18x10.jpg 18w\" sizes=\"auto, (max-width: 1456px) 100vw, 1456px\"><\/figure>\n\n\n\n<p><\/p>\n\n\n\n<p><span style=\"font-weight: 400;\">Businesses that invest time and resources into this type of research can expect various advantages that improve their financial standing and enhance their strategic positioning.<\/span><\/p>\n\n\n\n<p><b> \u2022 Verbesserte Entscheidungsfindung: <\/b><span style=\"font-weight: 400;\">Supply chain finance market research equips decision-makers with data-driven insights, enabling them to craft strategies aligning with financial and operational goals.&nbsp;<\/span><\/p>\n\n\n\n<p><b> \u2022 H\u00f6here Betriebseffizienz: <\/b><span style=\"font-weight: 400;\">Untersuchungen bieten Einblicke in die effizientesten Finanzpraktiken und -tools und helfen Unternehmen dabei, Prozesse wie Rechnungsstellung, Zahlungen und Cashflow-Management zu optimieren.<\/span><\/p>\n\n\n\n<p><b> \u2022 Risikominderung: <\/b><span style=\"font-weight: 400;\">Companies can proactively protect themselves against credit risk, currency fluctuations, and market volatility, thereby securing their supply chains against unforeseen events.<\/span><\/p>\n\n\n\n<p><b> \u2022 Strategische Lieferantenbeziehungen: <\/b>Supply chain finance <a href=\"https:\/\/www.sisinternational.com\/de\/sachverstand\/branchen\/marktforschung-zur-lieferantenvielfalt\/\" title=\"Marktforschung zur Lieferantenvielfalt\" data-wpil-monitor-id=\"5811\">market research helps businesses understand their suppliers<\/a>&#8216; financial stability and performance. With this knowledge, companies can develop mutually beneficial financing arrangements such as dynamic discounting or reverse factoring, which can strengthen supplier relationships and ensure continuity of supply.<\/span><\/p>\n\n\n\n<p><b> \u2022 Wettbewerbsvorteil: <\/b>Companies that leverage <a href=\"https:\/\/www.sisinternational.com\/de\/whitepaper-wo-steht-zuerst-die-nachfrage-oder-das-angebot\/\" title=\"Whitepaper: Was kommt zuerst: Nachfrage oder Angebot?\" data-wpil-monitor-id=\"4787\">supply chain finance<\/a> effectively can respond more quickly to market demands, invest in growth opportunities, and ultimately deliver greater value to their customers.<\/span><\/p>\n\n\n\n<h2 class=\"wp-block-heading\"><strong>Wer nutzt Marktforschung im Supply Chain Finance?<\/strong><\/h2>\n\n\n\n<p><span style=\"font-weight: 400;\">In erster Linie, <\/span><b>Finanzvorst\u00e4nde (CFOs)<\/b><span style=\"font-weight: 400;\"> Und <\/span><b>Finanzabteilungen<\/b><span style=\"font-weight: 400;\"> Nutzen Sie Marktforschung im Bereich Supply Chain Finance, um Liquidit\u00e4t sicherzustellen und das Betriebskapital effektiver zu verwalten. Erkenntnisse aus dieser Forschung erm\u00f6glichen es ihnen, differenzierte Strategien zu entwickeln, die Risiken und Ertr\u00e4ge im Bereich Supply Chain Finance ausbalancieren.<\/span><\/p>\n\n\n\n<p><span style=\"font-weight: 400;\">F\u00fcr <\/span><b>Vertriebs- und Gesch\u00e4ftsentwicklungseinheiten<\/b><span style=\"font-weight: 400;\">, supply chain finance market research provides intelligence supporting customer payment terms negotiation.&nbsp;<\/span><\/p>\n\n\n\n<p><b>Hersteller und Distributoren<\/b><span style=\"font-weight: 400;\"> use <a href=\"https:\/\/www.sisinternational.com\/de\/losungen\/marktforschung-im-fertigungsbereich\/\" title=\"Marktforschung im verarbeitenden Gewerbe\" data-wpil-monitor-id=\"5520\">Marktforschung im Bereich Supply Chain Finance<\/a> to identify opportunities for improving cash-to-cash cycle times. By doing so, they can free up cash trapped in the supply chain, enabling reinvestment in growth initiatives or new product development.<\/span><\/p>\n\n\n\n<p><b>Finanzinstitute und Fintech-Unternehmen<\/b><span style=\"font-weight: 400;\"> are also key supply chain finance market research users. They leverage the insights to design tailored financial products that address the specific needs of businesses seeking to enhance their supply chain operations.<\/span><\/p>\n\n\n\n<p><span style=\"font-weight: 400;\">Zuletzt, <a href=\"https:\/\/www.sisinternational.com\/de\/losungen\/ai-marktforschung-und-strategieberatung\/beratung-zur-ki-automatisierung-in-der-lieferkette\/\" title=\"Beratung zur KI-Automatisierung in der Lieferkette\" data-wpil-monitor-id=\"4410\">consultants and advisory firms integrate supply chain<\/a> finance market research into their services, providing clients with strategic advice on managing and improving their financial supply chain processes.<\/span><\/p>\n\n\n\n<h2 class=\"wp-block-heading\"><strong>Wann sollte eine Marktforschung im Supply Chain Finance durchgef\u00fchrt werden?<\/strong><\/h2>\n\n\n\n<figure class=\"gb-block-image gb-block-image-50c3d896\"><img loading=\"lazy\" decoding=\"async\" width=\"1456\" height=\"816\" class=\"gb-image gb-image-50c3d896\" src=\"https:\/\/www.sisinternational.com\/wp-content\/uploads\/2025\/08\/Finance-18.jpg\" alt=\"SIS International Marktforschung &amp; Strategie\" title=\"Finance (18)\" srcset=\"https:\/\/www.sisinternational.com\/wp-content\/uploads\/2025\/08\/Finance-18.jpg 1456w, https:\/\/www.sisinternational.com\/wp-content\/uploads\/2025\/08\/Finance-18-300x168.jpg 300w, https:\/\/www.sisinternational.com\/wp-content\/uploads\/2025\/08\/Finance-18-1024x574.jpg 1024w, https:\/\/www.sisinternational.com\/wp-content\/uploads\/2025\/08\/Finance-18-768x430.jpg 768w, https:\/\/www.sisinternational.com\/wp-content\/uploads\/2025\/08\/Finance-18-18x10.jpg 18w\" sizes=\"auto, (max-width: 1456px) 100vw, 1456px\"><\/figure>\n\n\n\n<p><\/p>\n\n\n\n<p><span style=\"font-weight: 400;\">Bevor wir uns mit den spezifischen F\u00e4llen befassen, die eine Marktforschung im Bereich Supply Chain Finance erforderlich machen, ist es wichtig zu erkennen, dass es sich bei einer solchen Forschung nicht um ein einmaliges Projekt handelt. Vielmehr handelt es sich um einen kontinuierlichen Prozess, der die laufende strategische Entscheidungsfindung und das Risikomanagement unterst\u00fctzt.<\/span><\/p>\n\n\n\n<p><b>W\u00e4hrend der strategischen Planung<\/b><\/p>\n\n\n\n<p><span style=\"font-weight: 400;\">When companies embark on strategic planning, supply chain finance market research provides the financial insights needed to support long-term goals.&nbsp;<\/span><\/p>\n\n\n\n<p><b>Als Reaktion auf Marktver\u00e4nderungen<\/b><\/p>\n\n\n\n<p><span style=\"font-weight: 400;\">Marktdynamiken (wie Schwankungen bei Rohstoffpreisen, Wechselkursen oder Zinss\u00e4tzen) k\u00f6nnen die Kosten und Risiken im Zusammenhang mit Supply Chain Finance erheblich beeinflussen. Die Durchf\u00fchrung von Marktforschung im Zuge solcher Ver\u00e4nderungen kann Unternehmen dabei helfen, ihre Finanzierungsstrategien entsprechend anzupassen.<\/span><\/p>\n\n\n\n<p><b>Nach regulatorischen Ver\u00e4nderungen<\/b><\/p>\n\n\n\n<p><span style=\"font-weight: 400;\">Regulatory changes can profoundly affect supply chain finance. Businesses must undertake market research to comprehend new compliance requirements and adjust their financial strategies to maintain legal and competitive standing.<\/span><\/p>\n\n\n\n<p><b>Inmitten technologischer Fortschritte<\/b><\/p>\n\n\n\n<p><span style=\"font-weight: 400;\">As new technologies emerge, they change how supply chain finance can be managed. Research into these advancements enables companies to stay at the forefront of innovation and incorporate these technologies into their financial operations.<\/span><\/p>\n\n\n\n<h2 class=\"wp-block-heading\"><strong>Was Sie von der Marktforschung im Supply Chain Finance erwarten k\u00f6nnen<\/strong><\/h2>\n\n\n\n<p><span style=\"font-weight: 400;\">When undertaking supply chain finance market research, businesses can anticipate various outcomes and deliverables that will aid in enhancing their supply chain strategies. Here&#8217;s what to expect:<\/span><\/p>\n\n\n\n<p><b> \u2022 Detaillierte Branchenanalyse: <\/b><span style=\"font-weight: 400;\">Supply chain finance market research provides a comprehensive analysis of the industry, including current trends, challenges, and opportunities within supply chain finance.&nbsp;<\/span><\/p>\n\n\n\n<p><b> \u2022 Finanzielles Benchmarking: <\/b><span style=\"font-weight: 400;\">The research offers benchmarking data against which companies can measure their performance. T<\/span><\/p>\n\n\n\n<p><b> \u2022 Einblicke in die Einhaltung gesetzlicher Vorschriften: <\/b><span style=\"font-weight: 400;\">Supply chain finance market research informs businesses about current and upcoming regulatory changes that could affect their operations.&nbsp;<\/span><\/p>\n\n\n\n<p><b> \u2022 Finanzierungsl\u00f6sungen und Innovationen: <\/b><span style=\"font-weight: 400;\">Research can uncover new and innovative financing solutions that may benefit the company.&nbsp;<\/span><\/p>\n\n\n\n<h2 class=\"wp-block-heading p3\"><span class=\"s1\">Blockchain, maschinelles Lernen und KI haben auch den globalen Lieferkettenmarkt revolutioniert.<\/span><\/h2>\n\n\n\n<figure class=\"gb-block-image gb-block-image-bdf52c29\"><img loading=\"lazy\" decoding=\"async\" width=\"1456\" height=\"816\" class=\"gb-image gb-image-bdf52c29\" src=\"https:\/\/www.sisinternational.com\/wp-content\/uploads\/2025\/08\/Fintech-14.jpg\" alt=\"SIS International Marktforschung &amp; Strategie\" title=\"Fintech (14)\" srcset=\"https:\/\/www.sisinternational.com\/wp-content\/uploads\/2025\/08\/Fintech-14.jpg 1456w, https:\/\/www.sisinternational.com\/wp-content\/uploads\/2025\/08\/Fintech-14-300x168.jpg 300w, https:\/\/www.sisinternational.com\/wp-content\/uploads\/2025\/08\/Fintech-14-1024x574.jpg 1024w, https:\/\/www.sisinternational.com\/wp-content\/uploads\/2025\/08\/Fintech-14-768x430.jpg 768w, https:\/\/www.sisinternational.com\/wp-content\/uploads\/2025\/08\/Fintech-14-18x10.jpg 18w\" sizes=\"auto, (max-width: 1456px) 100vw, 1456px\"><\/figure>\n\n\n\n<p><\/p>\n\n\n\n<p class=\"p3\"><span class=\"s1\">Auch das Wachstum einiger kleiner und mittlerer Unternehmen (KMU) spielt eine Rolle. <\/span><\/p>\n\n\n\n<p class=\"p3\"><span class=\"s1\">The banking sector has become a key global supply chain finance market player. The increased demand for payables has also become a significant trend, driving the market&#8217;s growth. Emerging markets have also made companies look for solutions. They are seeking more cash and assets offered by supply chain finance markets.<\/span><\/p>\n\n\n\n<h2 class=\"wp-block-heading p5\"><span class=\"s1\">Herausforderungen f\u00fcr den Supply Chain Finance-Markt<\/span><\/h2>\n\n\n\n<p class=\"p3\"><span class=\"s1\">Die wichtigsten Herausforderungen f\u00fcr den globalen Supply-Chain-Finance-Markt sind:<\/span><\/p>\n\n\n\n<ul class=\"wp-block-list\">\n<li><span class=\"s1\">Wettbewerb zwischen neuen Finanzierungsanbietern und Banken<\/span><\/li>\n\n\n\n<li><span class=\"s1\">Die Zinss\u00e4tze der Lieferanten<\/span><\/li>\n\n\n\n<li><span class=\"s1\">Mangel an ausreichendem Inventar <\/span><\/li>\n\n\n\n<li><span class=\"s1\">Unterschiedliche Ziele f\u00fcr K\u00e4ufer und Verk\u00e4ufer<\/span><\/li>\n\n\n\n<li><span class=\"s1\">\u00dcberm\u00e4\u00dfiges Vertrauen in technologische Systeme und neuronale Netzwerke. <\/span><\/li>\n<\/ul>\n\n\n\n<h2 class=\"wp-block-heading p5\"><span class=\"s1\">Die Zukunft des Supply Chain Finance-Marktes<\/span><\/h2>\n\n\n\n<p class=\"p3\"><span class=\"s1\">Experten gehen davon aus, dass der Markt wachsen wird. Dieses Wachstum ist auf den Einfluss neuer Schwellenm\u00e4rkte und neuer Finanzierungsanbieter zur\u00fcckzuf\u00fchren. Der globale Markt ist zudem transparenter und offener f\u00fcr neue und sogar kleinere Akteure geworden. <\/span><\/p>\n\n\n\n<p class=\"p3\"><span class=\"s1\">Finally, AI will impact the supply chain finance market. Machine Learning and Blockchain will also be significant factors. <\/span><\/p>\n\n\n\n<p class=\"p3\"><span class=\"s1\">Supply Chain Finance allows a small supplier to access affordable financing. It also decreases the time taken to collect payment. Thus, it improves the company\u2019s cash flow, which it can use for something else. It removes outstanding debts owed to a company from its balance sheets. It also allows another party to assume payment risk on its behalf.<\/span><\/p>\n\n\n\n<h2 class=\"wp-block-heading\">Unser Standort in New York<\/h2>\n\n\n\n<p>\n\n\n\n<iframe loading=\"lazy\" src=\"https:\/\/www.google.com\/maps\/embed?pb=!1m18!1m12!1m3!1d3022.976188376966!2d-73.99130312499956!3d40.740549471389315!2m3!1f0!2f0!3f0!3m2!1i1024!2i768!4f13.1!3m3!1m2!1s0x89c259a15798c731%3A0xd695d09bdd495f25!2s11%20E%2022nd%20St%20FL%202%2C%20New%20York%2C%20NY%2010010%2C%20USA!5e0!3m2!1sen!2spe!4v1726171763526!5m2!1sen!2spe\" width=\"600\" height=\"450\" allowfullscreen=\"allowfullscreen\" data-mce-fragment=\"1\"><\/iframe>\n\n\n\n<\/p>\n\n\n\n<h3 class=\"wp-block-heading\">11 E 22nd Street, Floor 2, New York, NY 10010 T: +1(212) 505-6805<\/h3>\n\n\n\n<hr class=\"wp-block-separator has-alpha-channel-opacity\"\/>\n\n\n\n<h2 class=\"wp-block-heading\"><span style=\"font-weight: 400;\">\u00dcber SIS International<\/span><\/h2>\n\n\n\n<p><a href=\"https:\/\/www.sisinternational.com\/de\/\"><span style=\"font-weight: 400;\">SIS International<\/span><\/a><span style=\"font-weight: 400;\"> bietet quantitative, qualitative und strategische Forschung an. Wir liefern Daten, Tools, Strategien, Berichte und Erkenntnisse zur Entscheidungsfindung. Wir f\u00fchren auch Interviews, Umfragen, Fokusgruppen und andere Methoden und Ans\u00e4tze der Marktforschung durch.<\/span><a href=\"https:\/\/www.sisinternational.com\/de\/uber-sis-international-research\/contact-sis-international-market-research\/\"><span style=\"font-weight: 400;\"> Kontakt<\/span><\/a><span style=\"font-weight: 400;\"> f\u00fcr Ihr n\u00e4chstes Marktforschungsprojekt.<\/span><\/p>\n\n\n\n<p><\/p>","protected":false},"excerpt":{"rendered":"<p>Wir bieten Marktforschung und Beratung im Bereich Supply Chain Finance.<\/p>","protected":false},"author":1,"featured_media":62819,"parent":27462,"menu_order":32,"comment_status":"closed","ping_status":"closed","template":"","meta":{"footnotes":""},"class_list":["post-34686","page","type-page","status-publish","has-post-thumbnail"],"_links":{"self":[{"href":"https:\/\/www.sisinternational.com\/de\/wp-json\/wp\/v2\/pages\/34686","targetHints":{"allow":["GET"]}}],"collection":[{"href":"https:\/\/www.sisinternational.com\/de\/wp-json\/wp\/v2\/pages"}],"about":[{"href":"https:\/\/www.sisinternational.com\/de\/wp-json\/wp\/v2\/types\/page"}],"author":[{"embeddable":true,"href":"https:\/\/www.sisinternational.com\/de\/wp-json\/wp\/v2\/users\/1"}],"replies":[{"embeddable":true,"href":"https:\/\/www.sisinternational.com\/de\/wp-json\/wp\/v2\/comments?post=34686"}],"version-history":[{"count":11,"href":"https:\/\/www.sisinternational.com\/de\/wp-json\/wp\/v2\/pages\/34686\/revisions"}],"predecessor-version":[{"id":80126,"href":"https:\/\/www.sisinternational.com\/de\/wp-json\/wp\/v2\/pages\/34686\/revisions\/80126"}],"up":[{"embeddable":true,"href":"https:\/\/www.sisinternational.com\/de\/wp-json\/wp\/v2\/pages\/27462"}],"wp:featuredmedia":[{"embeddable":true,"href":"https:\/\/www.sisinternational.com\/de\/wp-json\/wp\/v2\/media\/62819"}],"wp:attachment":[{"href":"https:\/\/www.sisinternational.com\/de\/wp-json\/wp\/v2\/media?parent=34686"}],"curies":[{"name":"wp","href":"https:\/\/api.w.org\/{rel}","templated":true}]}}