{"id":34666,"date":"2020-02-29T03:58:35","date_gmt":"2020-02-29T03:58:35","guid":{"rendered":"https:\/\/www.sisinternational.com\/?page_id=34666"},"modified":"2026-01-26T17:28:55","modified_gmt":"2026-01-26T22:28:55","slug":"peer-to-peer-p2p-zahlungen-marktforschung","status":"publish","type":"page","link":"https:\/\/www.sisinternational.com\/de\/losungen\/fintech-strategieberatung-forschung\/peer-to-peer-p2p-zahlungen-marktforschung\/","title":{"rendered":"Peer-to-Peer Payments Market Research"},"content":{"rendered":"<h1 class=\"wp-block-heading\">Peer-to-Peer Payments Market Research<\/h1>\n\n\n\n<figure class=\"gb-block-image gb-block-image-b0cd82b6\"><img loading=\"lazy\" decoding=\"async\" width=\"1456\" height=\"816\" class=\"gb-image gb-image-b0cd82b6\" src=\"https:\/\/www.sisinternational.com\/wp-content\/uploads\/2025\/10\/Peer-to-Peer-Payments-1.jpg\" alt=\"SIS International Marktforschung &amp; Strategie\" title=\"Peer-to-Peer Payments (1)\" srcset=\"https:\/\/www.sisinternational.com\/wp-content\/uploads\/2025\/10\/Peer-to-Peer-Payments-1.jpg 1456w, https:\/\/www.sisinternational.com\/wp-content\/uploads\/2025\/10\/Peer-to-Peer-Payments-1-300x168.jpg 300w, https:\/\/www.sisinternational.com\/wp-content\/uploads\/2025\/10\/Peer-to-Peer-Payments-1-1024x574.jpg 1024w, https:\/\/www.sisinternational.com\/wp-content\/uploads\/2025\/10\/Peer-to-Peer-Payments-1-768x430.jpg 768w, https:\/\/www.sisinternational.com\/wp-content\/uploads\/2025\/10\/Peer-to-Peer-Payments-1-18x10.jpg 18w\" sizes=\"auto, (max-width: 1456px) 100vw, 1456px\"><\/figure>\n\n\n\n<hr class=\"wp-block-separator has-alpha-channel-opacity is-style-dots\"\/>\n\n\n\n<p><span style=\"font-weight: 400;\">Peer-to-Peer payments have emerged as a groundbreaking force in the financial sector, reshaping the way we exchange money\u2026 But, how can businesses stay ahead and make informed decisions in this dynamic environment? The answer lies in peer-to-peer payments market research.<\/span><\/p>\n\n\n\n<h2 class=\"wp-block-heading\"><strong>Marktforschung zu Peer-to-Peer-Zahlungen verstehen<\/strong><\/h2>\n\n\n\n<p><span style=\"font-weight: 400;\">Peer-to-peer payments market research involves studying user behaviors, preferences, and adoption rates across various P2P payment platforms. Businesses must dissect the factors driving the adoption of P2P payments and the challenges they pose. By conducting P2P <a class=\"wpil_keyword_link\" href=\"https:\/\/www.sisinternational.com\/de\/losungen\/fintech-strategieberatung-forschung\/marktforschung-im-zahlungsverkehr\/\"   title=\"Marktforschung im Zahlungsverkehr\" data-wpil-keyword-link=\"linked\"  data-wpil-monitor-id=\"442\">Marktforschung im Zahlungsverkehr<\/a>, businesses can position themselves to harness the full potential of this transformative technology.&nbsp;<\/span><\/p>\n\n\n\n<p><span class=\"s1\">Examples are Venmo, PayPal, Zelle, and Square Cash. These payment systems allow users to send money to one another. P2P customers send money using their mobile devices via a linked card or bank account.<\/span><\/p>\n\n\n\n<h2 class=\"wp-block-heading\"><strong>Bedeutung der Marktforschung f\u00fcr P2P-Zahlungen<\/strong><\/h2>\n\n\n\n<p><span style=\"font-weight: 400;\">P2P payments market research offers valuable insights into the dynamics of P2P payments, shedding light on user preferences, security concerns, and adoption patterns. It allows companies to adopt a consumer-centric approach and tailor their products and services to meet customers&#8217; evolving needs. This enhances user satisfaction and fosters brand loyalty in a fiercely competitive market.<\/span><\/p>\n\n\n\n<p><span style=\"font-weight: 400;\">Furthermore, market research can uncover potential pitfalls and vulnerabilities in the P2P payments landscape, enabling businesses to address security concerns and compliance issues proactively. However, it offers many other benefits for businesses, including:<\/span><\/p>\n\n\n\n<ul class=\"wp-block-list\">\n<li><b> Strategische Innovation: <\/b><span style=\"font-weight: 400;\">P2P payments market research exposes companies to emerging technologies and trends within the payment industry.&nbsp;<\/span><\/li>\n\n\n\n<li><b> Wettbewerbsvorteil:<\/b><span style=\"font-weight: 400;\"> By staying ahead of market trends and understanding the competitive landscape, companies can position themselves as leaders in the P2P payments sector.&nbsp;<\/span><\/li>\n\n\n\n<li><b> Kosteneffizienz:<\/b><span style=\"font-weight: 400;\"> Das Verst\u00e4ndnis der Marktdynamik und des Verbraucherverhaltens kann zu kosteneffizienten Strategien f\u00fchren. Marktforschung zu P2P-Zahlungen hilft Unternehmen, Ressourcen effektiv zu verteilen, unn\u00f6tige Ausgaben zu minimieren und gleichzeitig die Wirkung ihrer Investitionen zu maximieren.<\/span><\/li>\n\n\n\n<li><b> Skalierbarkeit:<\/b><span style=\"font-weight: 400;\"> Businesses aiming for growth and expansion can benefit significantly from P2P payments market research. It provides insights into potential markets, user demographics, and growth opportunities, enabling companies to scale their operations strategically.<\/span><\/li>\n<\/ul>\n\n\n\n<h2 class=\"wp-block-heading\"><strong>Wer nutzt Marktforschung zu Peer-to-Peer-Zahlungen?<\/strong><\/h2>\n\n\n\n<figure class=\"gb-block-image gb-block-image-1b33d891\"><img loading=\"lazy\" decoding=\"async\" width=\"1456\" height=\"816\" class=\"gb-image gb-image-1b33d891\" src=\"https:\/\/www.sisinternational.com\/wp-content\/uploads\/2025\/08\/Multicultural-Advertising-Services-for-a-Famous-Peer-to-Peer-Payments-Technology-Company.jpg\" alt=\"SIS International Marktforschung &amp; Strategie\" title=\"Multikulturelle Werbedienste f\u00fcr ein bekanntes Unternehmen im Bereich Peer-to-Peer-Zahlungstechnologie\" srcset=\"https:\/\/www.sisinternational.com\/wp-content\/uploads\/2025\/08\/Multicultural-Advertising-Services-for-a-Famous-Peer-to-Peer-Payments-Technology-Company.jpg 1456w, https:\/\/www.sisinternational.com\/wp-content\/uploads\/2025\/08\/Multicultural-Advertising-Services-for-a-Famous-Peer-to-Peer-Payments-Technology-Company-300x168.jpg 300w, https:\/\/www.sisinternational.com\/wp-content\/uploads\/2025\/08\/Multicultural-Advertising-Services-for-a-Famous-Peer-to-Peer-Payments-Technology-Company-1024x574.jpg 1024w, https:\/\/www.sisinternational.com\/wp-content\/uploads\/2025\/08\/Multicultural-Advertising-Services-for-a-Famous-Peer-to-Peer-Payments-Technology-Company-768x430.jpg 768w, https:\/\/www.sisinternational.com\/wp-content\/uploads\/2025\/08\/Multicultural-Advertising-Services-for-a-Famous-Peer-to-Peer-Payments-Technology-Company-18x10.jpg 18w\" sizes=\"auto, (max-width: 1456px) 100vw, 1456px\"><\/figure>\n\n\n\n<p><\/p>\n\n\n\n<p><span style=\"font-weight: 400;\">Understanding the user base of the peer-to-peer payments market research is key to comprehend its relevance in today&#8217;s financial landscape. Here are some of the most critical users of this market research:<\/span><\/p>\n\n\n\n<p><b> <span class=\"s1\">- <\/span>Finanzinstitutionen: <\/b><span style=\"font-weight: 400;\">Traditionelle Banken und Kreditgenossenschaften sind sehr an Marktforschung zu P2P-Zahlungen interessiert, da sie sich an die sich ver\u00e4ndernden Kundenpr\u00e4ferenzen anpassen. Die Forschung hilft ihnen dabei, ihre Dienste und digitalen Angebote an die Erwartungen technisch versierter Verbraucher anzupassen.<\/span><\/p>\n\n\n\n<p><b> <span class=\"s1\">- <\/span>Fintech-Startups: <\/b><span style=\"font-weight: 400;\">Fintech-Startups stehen an der Spitze der P2P-Zahlungsinnovationen. Sie verlassen sich stark auf Marktforschung, um Marktl\u00fccken zu identifizieren, das Nutzerverhalten zu verstehen und ihre Produkte f\u00fcr ein optimales Nutzererlebnis zu optimieren.<\/span><\/p>\n\n\n\n<p><b> <span class=\"s1\">- <\/span>Zahlungsdienstleister:<\/b><span style=\"font-weight: 400;\"> Unternehmen, die die Zahlungsabwicklung, einschlie\u00dflich P2P-Zahlungen, erm\u00f6glichen, nutzen Marktforschung, um ihre Plattformen zu optimieren, Sicherheitsma\u00dfnahmen zu verbessern und in einem sich st\u00e4ndig ver\u00e4ndernden Umfeld wettbewerbsf\u00e4hig zu bleiben.<\/span><\/p>\n\n\n\n<p><b> <span class=\"s1\">- <\/span>E-Commerce-Unternehmen: <\/b><span style=\"font-weight: 400;\">Online-H\u00e4ndler integrieren P2P-Zahlungsoptionen in ihre Checkout-Prozesse. Mithilfe von Marktforschung k\u00f6nnen sie bevorzugte Zahlungsmethoden identifizieren und so ein reibungsloses Einkaufserlebnis f\u00fcr ihre Kunden gew\u00e4hrleisten.<\/span><\/p>\n\n\n\n<p><b> <span class=\"s1\">- <\/span>Aufsichtsbeh\u00f6rden:<\/b><span style=\"font-weight: 400;\"> Government agencies and regulatory bodies use P2P <a href=\"https:\/\/www.sisinternational.com\/de\/sachverstand\/branchen\/marktforschung-der-bundesregierung\/\" title=\"Marktforschung der Bundesregierung\"  data-wpil-monitor-id=\"5770\">Marktforschung im Zahlungsverkehr<\/a> to understand the impact of these technologies on financial markets and to develop appropriate regulations and safeguards.<\/span><\/p>\n\n\n\n<h2 class=\"wp-block-heading\"><strong>Wie unterscheidet sich die Marktforschung zu P2P-Zahlungen von der herk\u00f6mmlichen Marktforschung?<\/strong><\/h2>\n\n\n\n<p><span style=\"font-weight: 400;\">Die Marktforschung zu P2P-Zahlungen ist von Natur aus digital und konzentriert sich auf die sich schnell entwickelnde Landschaft digitaler Zahlungen, mobiler Apps und Online-Plattformen. Die traditionelle Marktforschung hingegen umfasst ein breiteres Spektrum an Branchen und Sektoren.<\/span><\/p>\n\n\n\n<p><span style=\"font-weight: 400;\">Dar\u00fcber hinaus,<\/span> <span style=\"font-weight: 400;\">P2P payments market research closely tracks emerging technologies within the financial sector such as blockchain, cryptocurrencies, and digital wallets. These technologies are transforming transactions, and understanding their impact is essential. Traditional market research may not delve as deeply into these specific technological trends.<\/span><\/p>\n\n\n\n<p><span style=\"font-weight: 400;\">Zus\u00e4tzlich,<\/span> <span style=\"font-weight: 400;\">as mobile devices become the primary conduit for P2P payments, this research provides insights into mobile usage patterns, app adoption, and mobile payment trends. Traditional market research may not capture these mobile-centric insights as comprehensively.<\/span><\/p>\n\n\n\n<h2 class=\"wp-block-heading\"><strong>Aktuelle Trends in der P2P-Zahlungsmarktforschung<\/strong><\/h2>\n\n\n\n<figure class=\"gb-block-image gb-block-image-adfcc3e9\"><img loading=\"lazy\" decoding=\"async\" width=\"1456\" height=\"816\" class=\"gb-image gb-image-adfcc3e9\" src=\"https:\/\/www.sisinternational.com\/wp-content\/uploads\/2025\/08\/Bank-4.jpg\" alt=\"SIS International Marktforschung &amp; Strategie\" title=\"Bank (4)\" srcset=\"https:\/\/www.sisinternational.com\/wp-content\/uploads\/2025\/08\/Bank-4.jpg 1456w, https:\/\/www.sisinternational.com\/wp-content\/uploads\/2025\/08\/Bank-4-300x168.jpg 300w, https:\/\/www.sisinternational.com\/wp-content\/uploads\/2025\/08\/Bank-4-1024x574.jpg 1024w, https:\/\/www.sisinternational.com\/wp-content\/uploads\/2025\/08\/Bank-4-768x430.jpg 768w, https:\/\/www.sisinternational.com\/wp-content\/uploads\/2025\/08\/Bank-4-18x10.jpg 18w\" sizes=\"auto, (max-width: 1456px) 100vw, 1456px\"><\/figure>\n\n\n\n<p><\/p>\n\n\n\n<p><span style=\"font-weight: 400;\">Um in der sich rasch entwickelnden Marktforschungslandschaft f\u00fcr Peer-to-Peer-Zahlungen an der Spitze zu bleiben, ist es entscheidend, \u00fcber die neuesten Trends und Entwicklungen auf dem Laufenden zu bleiben \u2013 und hier sind einige der aktuellen Trends, die dieses Feld pr\u00e4gen:.<\/span><\/p>\n\n\n\n<p><b> <span class=\"s1\">- <\/span>Integration von KI und maschinellem Lernen:<\/b><span style=\"font-weight: 400;\"> Die Marktforschung f\u00fcr P2P-Zahlungen nutzt zunehmend k\u00fcnstliche Intelligenz (KI) und maschinelles Lernen, um gro\u00dfe Datens\u00e4tze zu analysieren. Diese Technologien verbessern die Datengenauigkeit, erm\u00f6glichen pr\u00e4diktive Analysen und identifizieren komplexe Muster im Nutzerverhalten.<\/span><\/p>\n\n\n\n<p><b> <span class=\"s1\">- <\/span>Mobile-zentrierte Erkenntnisse:<\/b><span style=\"font-weight: 400;\"> With the continued growth of mobile payments, research is focusing on mobile-centric insights. Understanding mobile app usage, user preferences, and mobile security measures is paramount.<\/span><\/p>\n\n\n\n<p><b> <span class=\"s1\">- <\/span>Blockchain und Kryptow\u00e4hrungen:<\/b><span style=\"font-weight: 400;\"> The emergence of blockchain technology and cryptocurrencies within the P2P payments sector has sparked research interest. Investigating the impact of decentralized finance (DeFi) and digital currencies is a growing trend.<\/span><\/p>\n\n\n\n<p><b> <span class=\"s1\">- <\/span>Erweiterte Sicherheitsprotokolle: <\/b><span style=\"font-weight: 400;\">The importance of security in P2P payments cannot be overstated. Research focuses on the latest security protocols, encryption methods, and fraud detection techniques to safeguard user transactions.<\/span><\/p>\n\n\n\n<p><b> <span class=\"s1\">- <\/span>Optimierung der Benutzererfahrung:<\/b><span style=\"font-weight: 400;\"> User experience is critical to P2P payment adoption. Research delves into user interface design, app usability, and feedback mechanisms to enhance the customer journey.<\/span><\/p>\n\n\n\n<h2 class=\"wp-block-heading\"><strong>Chancen im P2P-Zahlungsmarkt f\u00fcr Unternehmen<\/strong><\/h2>\n\n\n\n<p><span style=\"font-weight: 400;\">In der dynamischen Landschaft der P2P-Zahlungen finden Unternehmen zahlreiche M\u00f6glichkeiten, um erfolgreich zu sein und Innovationen einzuf\u00fchren, wie zum Beispiel:<\/span><\/p>\n\n\n\n<p><b> <span class=\"s1\">- <\/span>Globale Ausbreitung:<\/b><span style=\"font-weight: 400;\"> Digital transactions&#8217; borderless nature opens doors for global expansion. P2P payments market research can help businesses identify target markets with high adoption potential, regulatory considerations, and user preferences in different regions.<\/span><\/p>\n\n\n\n<p><b> <span class=\"s1\">- <\/span>Partnerschaften und Allianzen:<\/b><span style=\"font-weight: 400;\"> Collaborations with fintech startups, payment service providers, or even traditional financial institutions present businesses with opportunities to broaden their reach and offer complementary services. Market research aids in identifying suitable partners and potential synergies.<\/span><\/p>\n\n\n\n<p><b> <span class=\"s1\">- <\/span>Sicherheitsl\u00f6sungen: <\/b><span style=\"font-weight: 400;\">The increasing concern over cybersecurity allows businesses to develop and market robust security solutions, such as biometric authentication, tokenization, or fraud detection systems. P2P payments <a href=\"https:\/\/www.sisinternational.com\/de\/sachverstand\/branchen\/sicherheitsmarktforschung\/\" title=\"Sicherheitsmarktforschung\"  data-wpil-monitor-id=\"6539\">market research helps identify security<\/a> trends and user expectations.<\/span><\/p>\n\n\n\n<p><b> <span class=\"s1\">- <\/span>Monetarisierung von Daten:<\/b><span style=\"font-weight: 400;\"> Unternehmen k\u00f6nnen Strategien zur Monetarisierung von Daten erkunden, beispielsweise indem sie anderen Unternehmen oder Werbetreibenden anonymisierte Einblicke anbieten. Durch Marktforschung k\u00f6nnen Trends bei der Monetarisierung von Daten und potenzielle Partner identifiziert werden.<\/span><\/p>\n\n\n\n<p><span class=\"s1\"><b>\u2022 Compliance-Dienste:<\/b><span style=\"font-weight: 400;\"> Evolving regulations require businesses to stay compliant. P2P payments market research can reveal the industry&#8217;s specific compliance needs, allowing companies to offer consulting or compliance-related services<\/span><\/span><span class=\"s1\">.<\/span><\/p>\n\n\n\n<h2 class=\"wp-block-heading p5\"><span class=\"s1\">P2P-Systeme eine effektive L\u00f6sung f\u00fcr Mikrozahlungen<\/span><\/h2>\n\n\n\n<figure class=\"gb-block-image gb-block-image-d58bdd65\"><img loading=\"lazy\" decoding=\"async\" width=\"1456\" height=\"816\" class=\"gb-image gb-image-d58bdd65\" src=\"https:\/\/www.sisinternational.com\/wp-content\/uploads\/2025\/08\/Fintech-17.jpg\" alt=\"SIS International Marktforschung &amp; Strategie\" title=\"Fintech (17)\" srcset=\"https:\/\/www.sisinternational.com\/wp-content\/uploads\/2025\/08\/Fintech-17.jpg 1456w, https:\/\/www.sisinternational.com\/wp-content\/uploads\/2025\/08\/Fintech-17-300x168.jpg 300w, https:\/\/www.sisinternational.com\/wp-content\/uploads\/2025\/08\/Fintech-17-1024x574.jpg 1024w, https:\/\/www.sisinternational.com\/wp-content\/uploads\/2025\/08\/Fintech-17-768x430.jpg 768w, https:\/\/www.sisinternational.com\/wp-content\/uploads\/2025\/08\/Fintech-17-18x10.jpg 18w\" sizes=\"auto, (max-width: 1456px) 100vw, 1456px\"><\/figure>\n\n\n\n<p><\/p>\n\n\n\n<p class=\"p2\"><span class=\"s1\">Micropayments are financial transactions involving tiny sums of money. PayPal defines anything less than US$12 as a micropayment, whereas Visa defines the amount as US$20. In practice, it\u2019s difficult for businesses to recoup micropayment processing costs. A growth area in micropayments has been using them in online virtual reality games. P2P payment systems make it easier and cheaper to settle micropayments. <\/span><\/p>\n\n\n\n<p class=\"p4\"><span class=\"s1\">Micropayments are a modern solution to an old problem. For a micropayment system to work, it must have large transaction volumes, small transaction fees, and instant payments. Most blockchains now have a link to a cryptocurrency. With micropayments, central banks can connect them to standard currencies. Once we have widespread adoption of micropayments, the way we do business will change.<\/span><\/p>\n\n\n\n<h2 class=\"wp-block-heading\">\u00dcber P2P Payment Market Research<\/h2>\n\n\n\n<p class=\"p2\"><span class=\"s1\"><a href=\"https:\/\/www.linkedin.com\/company\/sisinternationalresearch\/posts\/?feedView=all\" target=\"_blank\" rel=\"noopener\">SIS Research<\/a> offers Market Research services, including Consumer Research, Customer Loyalty, and Segmentation, Industry Tracking, Competitive Analysis, and FinTech Strategy Consulting. SIS provides Focus Groups, Surveys, Consumer Online Communities, and Global Market Expansion strategies. Call us today to schedule a consultation.<\/span><\/p>\n\n\n\n<h2 class=\"wp-block-heading\">Unser Standort in New York<\/h2>\n\n\n\n<p>\n\n\n\n<iframe loading=\"lazy\" src=\"https:\/\/www.google.com\/maps\/embed?pb=!1m18!1m12!1m3!1d3022.976188376966!2d-73.99130312499956!3d40.740549471389315!2m3!1f0!2f0!3f0!3m2!1i1024!2i768!4f13.1!3m3!1m2!1s0x89c259a15798c731%3A0xd695d09bdd495f25!2s11%20E%2022nd%20St%20FL%202%2C%20New%20York%2C%20NY%2010010%2C%20USA!5e0!3m2!1sen!2spe!4v1726171763526!5m2!1sen!2spe\" width=\"600\" height=\"450\" allowfullscreen=\"allowfullscreen\" data-mce-fragment=\"1\"><\/iframe>\n\n\n\n<\/p>\n\n\n\n<h3 class=\"wp-block-heading\">11 E 22nd Street, Floor 2, New York, NY 10010 T: +1(212) 505-6805<\/h3>\n\n\n\n<hr class=\"wp-block-separator has-alpha-channel-opacity\"\/>\n\n\n\n<h2 class=\"wp-block-heading\"><span style=\"font-weight: 400;\">\u00dcber SIS International<\/span><\/h2>\n\n\n\n<p><a href=\"https:\/\/www.sisinternational.com\/de\/\"><span style=\"font-weight: 400;\">SIS International<\/span><\/a><span style=\"font-weight: 400;\"> bietet quantitative, qualitative und strategische Forschung an. Wir liefern Daten, Tools, Strategien, Berichte und Erkenntnisse zur Entscheidungsfindung. Wir f\u00fchren auch Interviews, Umfragen, Fokusgruppen und andere Methoden und Ans\u00e4tze der Marktforschung durch.<\/span><a href=\"https:\/\/www.sisinternational.com\/de\/uber-sis-international-research\/contact-sis-international-market-research\/\"><span style=\"font-weight: 400;\"> Kontakt<\/span><\/a><span style=\"font-weight: 400;\"> f\u00fcr Ihr n\u00e4chstes Marktforschungsprojekt.<\/span><\/p>\n\n\n\n<p><\/p>","protected":false},"excerpt":{"rendered":"<p>Wir bieten Marktforschung zu Peer-to-Peer-Zahlungen (P2P).<\/p>","protected":false},"author":1,"featured_media":71785,"parent":27462,"menu_order":28,"comment_status":"closed","ping_status":"closed","template":"","meta":{"footnotes":""},"class_list":["post-34666","page","type-page","status-publish","has-post-thumbnail"],"_links":{"self":[{"href":"https:\/\/www.sisinternational.com\/de\/wp-json\/wp\/v2\/pages\/34666","targetHints":{"allow":["GET"]}}],"collection":[{"href":"https:\/\/www.sisinternational.com\/de\/wp-json\/wp\/v2\/pages"}],"about":[{"href":"https:\/\/www.sisinternational.com\/de\/wp-json\/wp\/v2\/types\/page"}],"author":[{"embeddable":true,"href":"https:\/\/www.sisinternational.com\/de\/wp-json\/wp\/v2\/users\/1"}],"replies":[{"embeddable":true,"href":"https:\/\/www.sisinternational.com\/de\/wp-json\/wp\/v2\/comments?post=34666"}],"version-history":[{"count":10,"href":"https:\/\/www.sisinternational.com\/de\/wp-json\/wp\/v2\/pages\/34666\/revisions"}],"predecessor-version":[{"id":80122,"href":"https:\/\/www.sisinternational.com\/de\/wp-json\/wp\/v2\/pages\/34666\/revisions\/80122"}],"up":[{"embeddable":true,"href":"https:\/\/www.sisinternational.com\/de\/wp-json\/wp\/v2\/pages\/27462"}],"wp:featuredmedia":[{"embeddable":true,"href":"https:\/\/www.sisinternational.com\/de\/wp-json\/wp\/v2\/media\/71785"}],"wp:attachment":[{"href":"https:\/\/www.sisinternational.com\/de\/wp-json\/wp\/v2\/media?parent=34666"}],"curies":[{"name":"wp","href":"https:\/\/api.w.org\/{rel}","templated":true}]}}