{"id":34647,"date":"2020-02-26T05:51:08","date_gmt":"2020-02-26T05:51:08","guid":{"rendered":"https:\/\/www.sisinternational.com\/?page_id=34647"},"modified":"2026-01-26T18:57:27","modified_gmt":"2026-01-26T23:57:27","slug":"bankdatenanalyse-marktforschung","status":"publish","type":"page","link":"https:\/\/www.sisinternational.com\/de\/losungen\/fintech-strategieberatung-forschung\/bankdatenanalyse-marktforschung\/","title":{"rendered":"Marktforschung zur Bankdatenanalyse"},"content":{"rendered":"<h1 class=\"gb-headline gb-headline-5d1675a8 gb-headline-text\">Marktforschung zur Bankdatenanalyse<\/h1>\n\n\n\n<figure class=\"gb-block-image gb-block-image-49fecfeb\"><img loading=\"lazy\" decoding=\"async\" width=\"1456\" height=\"816\" class=\"gb-image gb-image-49fecfeb\" src=\"https:\/\/www.sisinternational.com\/wp-content\/uploads\/2025\/08\/Data-37.jpg\" alt=\"SIS International Marktforschung &amp; Strategie\" title=\"Data (37)\" srcset=\"https:\/\/www.sisinternational.com\/wp-content\/uploads\/2025\/08\/Data-37.jpg 1456w, https:\/\/www.sisinternational.com\/wp-content\/uploads\/2025\/08\/Data-37-300x168.jpg 300w, https:\/\/www.sisinternational.com\/wp-content\/uploads\/2025\/08\/Data-37-1024x574.jpg 1024w, https:\/\/www.sisinternational.com\/wp-content\/uploads\/2025\/08\/Data-37-768x430.jpg 768w, https:\/\/www.sisinternational.com\/wp-content\/uploads\/2025\/08\/Data-37-18x10.jpg 18w\" sizes=\"auto, (max-width: 1456px) 100vw, 1456px\"><\/figure>\n\n\n\n<h2 class=\"wp-block-heading\"><\/h2>\n\n\n\n<hr class=\"wp-block-separator has-alpha-channel-opacity is-style-dots\"\/>\n\n\n\n<h2 class=\"wp-block-heading p3\"><span class=\"s1\">Datenanalyse spielt im Bankwesen eine bedeutende Rolle<\/span><\/h2>\n\n\n\n<p class=\"p3\"><span class=\"s1\">Gaining the top position in the banking sector is not easy in today&#8217;s competitive world. Executives need a better understanding of banking details and current status, which plays a significant role in lifting the bank\u2019s position to the top. Banks can use a data analytics program to order and examine customer details. Such a program shows deposits and other transactions. It&#8217;s an excellent tool for customer retention and compliance.<\/span><\/p>\n\n\n\n<h2 class=\"wp-block-heading\"><strong>Marktforschung zur Bankdatenanalyse verstehen<\/strong><\/h2>\n\n\n\n<p><span style=\"font-weight: 400;\">Bank <a href=\"https:\/\/www.sisinternational.com\/de\/losungen\/ai-marktforschung-und-strategieberatung\/datenwissenschaft-ki-marktforschung\/\" title=\"Data Science KI-Marktforschung\"  data-wpil-monitor-id=\"2403\">data analytics market research<\/a> analyzes customer behavior analysis, risk assessment, fraud detection, and operational optimization, among other elements. By leveraging advanced analytics tools and techniques, financial institutions gain invaluable insights into their operations, enabling them to make data-driven decisions that drive profitability and enhance customer satisfaction.<\/span><\/p>\n\n\n\n<h2 class=\"wp-block-heading\"><strong>Warum Unternehmen Marktforschung zur Bankdatenanalyse ben\u00f6tigen<\/strong><\/h2>\n\n\n\n<figure class=\"gb-block-image gb-block-image-02a2b2f7\"><img loading=\"lazy\" decoding=\"async\" width=\"1456\" height=\"816\" class=\"gb-image gb-image-02a2b2f7\" src=\"https:\/\/www.sisinternational.com\/wp-content\/uploads\/2025\/08\/Data-38.jpg\" alt=\"SIS International Marktforschung &amp; Strategie\" title=\"Data (38)\" srcset=\"https:\/\/www.sisinternational.com\/wp-content\/uploads\/2025\/08\/Data-38.jpg 1456w, https:\/\/www.sisinternational.com\/wp-content\/uploads\/2025\/08\/Data-38-300x168.jpg 300w, https:\/\/www.sisinternational.com\/wp-content\/uploads\/2025\/08\/Data-38-1024x574.jpg 1024w, https:\/\/www.sisinternational.com\/wp-content\/uploads\/2025\/08\/Data-38-768x430.jpg 768w, https:\/\/www.sisinternational.com\/wp-content\/uploads\/2025\/08\/Data-38-18x10.jpg 18w\" sizes=\"auto, (max-width: 1456px) 100vw, 1456px\"><\/figure>\n\n\n\n<p><\/p>\n\n\n\n<p><span style=\"font-weight: 400;\"><a href=\"https:\/\/www.sisinternational.com\/de\/trend-update-zum-islamischen-bank-und-finanzwesen\/\" title=\"Marktforschung f\u00fcr das islamische Bankwesen\"  data-wpil-monitor-id=\"2869\">Bank data analytics market research<\/a> provides invaluable insights into customer trends, allowing banks to tailor their products and services effectively to meet evolving demands. It also enables banks to assess and mitigate various risks, including credit risks, market risks, and fraud risks.&nbsp;<\/span><\/p>\n\n\n\n<p><span style=\"font-weight: 400;\">Moreover, operational efficiency is essential for banks to optimize resources and streamline processes. Bank <a href=\"https:\/\/www.sisinternational.com\/de\/sachverstand\/branchen\/trainingsdaten-marktforschung\/\" title=\"Marktforschung zu Trainingsdaten\"  data-wpil-monitor-id=\"3424\">data analytics market research<\/a> helps banks identify inefficiencies, simplify workflows, and allocate resources effectively.&nbsp;&nbsp;<\/span><\/p>\n\n\n\n<p><span style=\"font-weight: 400;\">Dar\u00fcber hinaus hilft diese Untersuchung den Banken, die Einhaltung von Regulierungsstandards sicherzustellen, indem sie Einblicke in regulatorische Anforderungen bietet und Compliance-Aktivit\u00e4ten \u00fcberwacht. Sie bietet jedoch noch viele weitere Vorteile, darunter:<\/span><\/p>\n\n\n\n<p><b>\u2022 Verbessertes Kundenerlebnis:<\/b><span style=\"font-weight: 400;\"> Bank <a href=\"https:\/\/www.sisinternational.com\/de\/sachverstand\/branchen\/datenanalyse-outsourcing\/\" title=\"Outsourcing von Daten und Analysen im Bereich Marktforschung\"  data-wpil-monitor-id=\"3668\">data analytics market research<\/a> allows banks to better understand their customers&#8217; needs, preferences, and behaviors. This insight enables them to tailor their products and services to meet customer expectations, deliver personalized experiences, and build stronger customer relationships.<\/span><\/p>\n\n\n\n<p><b>\u2022 Betrugserkennung und -pr\u00e4vention:<\/b><span style=\"font-weight: 400;\"> Angesichts der zunehmenden Betrugsf\u00e4lle im Bankensektor ist die Erkennung und Verhinderung betr\u00fcgerischer Aktivit\u00e4ten f\u00fcr Banken von h\u00f6chster Priorit\u00e4t. Die Marktforschung zur Analyse von Bankdaten stattet Banken mit den Werkzeugen und F\u00e4higkeiten aus, um verd\u00e4chtige Muster und Anomalien in Transaktionsdaten zu erkennen und so Betrug in Echtzeit zu identifizieren und zu verhindern.<\/span><\/p>\n\n\n\n<p><b>\u2022 Betriebseffizienz:<\/b><span style=\"font-weight: 400;\"> Mithilfe dieser Untersuchungen k\u00f6nnen Banken ihre Betriebsabl\u00e4ufe analysieren, Verbesserungsbereiche identifizieren und Arbeitsabl\u00e4ufe optimieren, was zu einer verbesserten Produktivit\u00e4t und Effizienz im gesamten Unternehmen f\u00fchrt.<\/span><\/p>\n\n\n\n<h2 class=\"wp-block-heading\"><strong>Wie unterscheidet sich die Marktforschung zur Bankdatenanalyse von der traditionellen Marktforschung?<\/strong><\/h2>\n\n\n\n<p><span style=\"font-weight: 400;\">Die Marktforschung zur Bankdatenanalyse befasst sich mit gro\u00dfen Mengen komplexer Finanzdaten, darunter Transaktionsdaten, Kundeninformationen, Marktdaten und regulatorische Daten. Traditionelle Marktforschung hingegen umfasst in der Regel das Sammeln und Analysieren von Daten aus Umfragen, Fokusgruppen und sekund\u00e4ren Quellen, die m\u00f6glicherweise nicht so umfangreich oder komplex sind wie Finanzdaten.<\/span><\/p>\n\n\n\n<p><span style=\"font-weight: 400;\">Additionally, bank data analytics market research often employs predictive analytics techniques to forecast future trends, identify risks, and make strategic decisions. Traditional market research may focus more on descriptive analytics to understand past trends and current market conditions.<\/span><\/p>\n\n\n\n<p><span style=\"font-weight: 400;\">Au\u00dferdem, <a href=\"https:\/\/www.sisinternational.com\/de\/chinas-schattenbankensystem-verstehen\/\" title=\"Das Schattenbankensystem Chinas verstehen\"  data-wpil-monitor-id=\"4378\">Bankdatenanalyse Marktforschung<\/a> requires a thorough understanding of regulatory requirements and compliance standards, given the sensitive nature of financial data. Traditional market research may not have the same level of regulatory scrutiny, although ethical considerations and data privacy concerns are still relevant.<\/span><\/p>\n\n\n\n<h2 class=\"wp-block-heading\"><strong>Erwarten Sie Ergebnisse aus der Marktforschung zur Bankdatenanalyse<\/strong><\/h2>\n\n\n\n<figure class=\"gb-block-image gb-block-image-3ed670ee\"><img loading=\"lazy\" decoding=\"async\" width=\"1456\" height=\"816\" class=\"gb-image gb-image-3ed670ee\" src=\"https:\/\/www.sisinternational.com\/wp-content\/uploads\/2025\/08\/Data-33.jpg\" alt=\"SIS International Marktforschung &amp; Strategie\" title=\"Data (33)\" srcset=\"https:\/\/www.sisinternational.com\/wp-content\/uploads\/2025\/08\/Data-33.jpg 1456w, https:\/\/www.sisinternational.com\/wp-content\/uploads\/2025\/08\/Data-33-300x168.jpg 300w, https:\/\/www.sisinternational.com\/wp-content\/uploads\/2025\/08\/Data-33-1024x574.jpg 1024w, https:\/\/www.sisinternational.com\/wp-content\/uploads\/2025\/08\/Data-33-768x430.jpg 768w, https:\/\/www.sisinternational.com\/wp-content\/uploads\/2025\/08\/Data-33-18x10.jpg 18w\" sizes=\"auto, (max-width: 1456px) 100vw, 1456px\"><\/figure>\n\n\n\n<p><\/p>\n\n\n\n<p><span style=\"font-weight: 400;\">Businesses can expect several key results from conducting <a href=\"https:\/\/www.sisinternational.com\/de\/abdeckung\/die-amerikaner\/usa-berichterstattung\/marktforschung-in-key-west-florida\/\" title=\"Marktforschung in Key West, Florida\"  data-wpil-monitor-id=\"7157\">Bankdatenanalyse Marktforschung<\/a>. These results include:<\/span><\/p>\n\n\n\n<p><b>\u2022 Umfassende Datenanalyse:<\/b><span style=\"font-weight: 400;\"> Die Marktforschung zur Bankdatenanalyse umfasst eine umfassende Analyse von Finanzdaten, einschlie\u00dflich Transaktionsdaten, Kundeninformationen, Marktdaten und regulatorischen Daten. Unternehmen k\u00f6nnen detaillierte Einblicke in ihre Betriebsabl\u00e4ufe, das Kundenverhalten, Markttrends und regulatorische Compliance-Anforderungen erwarten.<\/span><\/p>\n\n\n\n<p><b>\u2022 Ma\u00dfgeschneiderte L\u00f6sungen:<\/b><span style=\"font-weight: 400;\"> Bank data analytics market research provides customized solutions tailored to the specific needs and objectives of banking sector businesses.&nbsp;<\/span><\/p>\n\n\n\n<p><b>\u2022 Einhaltung gesetzlicher Vorschriften:<\/b><span style=\"font-weight: 400;\"> Marktforschung gew\u00e4hrleistet die Einhaltung gesetzlicher Vorschriften durch die Einhaltung von Branchenstandards und Best Practices f\u00fcr den Umgang mit vertraulichen Finanzdaten. Unternehmen k\u00f6nnen robuste Datensicherheitsma\u00dfnahmen, ethische Praktiken im Umgang mit Daten und die Einhaltung gesetzlicher Anforderungen zum Schutz der Privatsph\u00e4re und Vertraulichkeit der Kunden erwarten.<\/span><\/p>\n\n\n\n<p><b>\u2022 Strategische Empfehlungen:<\/b><span style=\"font-weight: 400;\"> Es liefert strategische Empfehlungen auf Grundlage datengesteuerter Erkenntnisse und erm\u00f6glicht Unternehmen, fundierte Entscheidungen zu treffen, die Wachstum und Rentabilit\u00e4t f\u00f6rdern.&nbsp;<\/span><\/p>\n\n\n\n<h2 class=\"wp-block-heading\"><strong>Aktuelle Trends in der Marktforschung zur Bankdatenanalyse<\/strong><\/h2>\n\n\n\n<p><span style=\"font-weight: 400;\">Several current trends are shaping the landscape of <a href=\"https:\/\/www.sisinternational.com\/de\/sachverstand\/branchen\/trendtracking-marktforschung\/\" title=\"Trend Tracking Marktforschung\"  data-wpil-monitor-id=\"5458\">Bankdatenanalyse Marktforschung<\/a>. Some of these trends include:<\/span><\/p>\n\n\n\n<p><b>\u2022 Maschinelles Lernen und KI:<\/b><span style=\"font-weight: 400;\"> Machine learning and artificial intelligence (AI) are increasingly adopted in bank data analytics market research to enhance predictive modeling, risk assessment, and customer segmentation. Banks leverage machine learning algorithms to analyze customer behavior, detect anomalies, and personalize banking experiences, improving customer satisfaction and retention.<\/span><\/p>\n\n\n\n<p><b>\u2022 Betrugserkennung und -pr\u00e4vention:<\/b><span style=\"font-weight: 400;\"> With the rise of sophisticated cyber threats and financial fraud, banks prioritize fraud detection and prevention in their data analytics initiatives. Advanced analytics techniques, such as anomaly detection and pattern recognition, are being employed to identify fraudulent activities in real-time, helping banks mitigate risks and protect their assets and customers.<\/span><\/p>\n\n\n\n<p><b>\u2022 Optimierung des Kundenerlebnisses:<\/b><span style=\"font-weight: 400;\"> Die Verbesserung des Kundenerlebnisses ist f\u00fcr Banken zu einem zentralen Thema geworden und f\u00f6rdert die Einf\u00fchrung von Datenanalysen, um Kundenpr\u00e4ferenzen zu verstehen, ihre Bed\u00fcrfnisse vorherzusagen und personalisierte Bankerlebnisse zu bieten. Banken nutzen Datenanalysen, um digitale Kan\u00e4le zu optimieren, Produktangebote zu personalisieren und die Kundenbindung zu verbessern, was letztendlich zu einer h\u00f6heren Kundenzufriedenheit und -treue f\u00fchrt.<\/span><\/p>\n\n\n\n<h2 class=\"wp-block-heading\"><strong>M\u00f6glichkeiten der Marktforschung zur Bankdatenanalyse f\u00fcr Unternehmen<\/strong><\/h2>\n\n\n\n<p><span style=\"font-weight: 400;\">Unternehmen im Bankensektor k\u00f6nnen von zahlreichen M\u00f6glichkeiten profitieren, die die Marktforschung im Bereich Bankdatenanalyse bietet. Zu diesen M\u00f6glichkeiten geh\u00f6ren:<\/span><\/p>\n\n\n\n<ul class=\"wp-block-list\">\n<li><b>Verbesserte Kundeneinblicke:<\/b><span style=\"font-weight: 400;\"> Durch die Marktforschung zur Bankdatenanalyse erhalten Unternehmen bessere Einblicke in das Verhalten, die Vorlieben und Bed\u00fcrfnisse ihrer Kunden.\u00a0<\/span><\/li>\n\n\n\n<li><b>Optimierung des Risikomanagements:<\/b><span style=\"font-weight: 400;\"> Mithilfe der Marktforschung zur Bankdatenanalyse k\u00f6nnen Unternehmen ihre Risikomanagementstrategien optimieren, indem sie potenzielle Risiken in Echtzeit identifizieren und mindern.\u00a0<\/span><\/li>\n\n\n\n<li><b>Produktinnovation:<\/b><span style=\"font-weight: 400;\"> Mithilfe der Marktforschung zur Analyse von Bankdaten k\u00f6nnen Unternehmen Innovationen hervorbringen und neue Produkte und Dienstleistungen entwickeln, die auf neue Kundenbed\u00fcrfnisse und Markttrends eingehen.\u00a0<\/span><\/li>\n<\/ul>\n\n\n\n<h2 class=\"wp-block-heading\"><strong>Herausforderungen der Marktforschung zur Bankdatenanalyse f\u00fcr Unternehmen<\/strong><\/h2>\n\n\n\n<figure class=\"gb-block-image gb-block-image-bf86607a\"><img loading=\"lazy\" decoding=\"async\" width=\"1456\" height=\"816\" class=\"gb-image gb-image-bf86607a\" src=\"https:\/\/www.sisinternational.com\/wp-content\/uploads\/2025\/08\/Bank-9.jpg\" alt=\"SIS International Marktforschung &amp; Strategie\" title=\"Bank (9)\" srcset=\"https:\/\/www.sisinternational.com\/wp-content\/uploads\/2025\/08\/Bank-9.jpg 1456w, https:\/\/www.sisinternational.com\/wp-content\/uploads\/2025\/08\/Bank-9-300x168.jpg 300w, https:\/\/www.sisinternational.com\/wp-content\/uploads\/2025\/08\/Bank-9-1024x574.jpg 1024w, https:\/\/www.sisinternational.com\/wp-content\/uploads\/2025\/08\/Bank-9-768x430.jpg 768w, https:\/\/www.sisinternational.com\/wp-content\/uploads\/2025\/08\/Bank-9-18x10.jpg 18w\" sizes=\"auto, (max-width: 1456px) 100vw, 1456px\"><\/figure>\n\n\n\n<p><\/p>\n\n\n\n<p><span style=\"font-weight: 400;\">Unternehmen im Bankensektor stehen vor mehreren Herausforderungen, wenn es darum geht, Datenanalysen effektiv zu nutzen. Zu diesen Herausforderungen geh\u00f6ren:<\/span><\/p>\n\n\n\n<ul class=\"wp-block-list\">\n<li><b>Talent- und Qualifikationsl\u00fccke:<\/b><span style=\"font-weight: 400;\"> Another challenge is the shortage of skilled data analytics professionals with expertise in banking and finance. Banks require diverse skills, including data science, statistical analysis, and domain knowledge in banking operations.\u00a0<\/span><\/li>\n\n\n\n<li><b>Komplexit\u00e4t der Einhaltung gesetzlicher Vorschriften:<\/b><span style=\"font-weight: 400;\"> Banks operate in a highly regulated environment with stringent compliance requirements. Implementing data analytics solutions while ensuring compliance with GDPR, CCPA, and Basel III regulations poses significant challenges.<\/span><\/li>\n\n\n\n<li><b>Ethische und voreingenommene Fragen:<\/b> Ethische \u00dcberlegungen und Voreingenommenheit bei der Datenanalyse stellen f\u00fcr Banken eine Herausforderung dar. Die Analyse gro\u00dfer Datenmengen kann unbeabsichtigt zu verzerrten Ergebnissen oder unethischen Praktiken f\u00fchren und so Bedenken hinsichtlich Fairness, Transparenz und Rechenschaftspflicht aufkommen lassen.<\/li>\n<\/ul>\n\n\n\n<h2 class=\"wp-block-heading\"><strong>Key Elements to Consider in Bank Data Analytics Market Research<\/strong><\/h2>\n\n\n\n<h3 class=\"wp-block-heading\">Kundenzufriedenheit<\/h3>\n\n\n\n<p class=\"p3\"><span class=\"s1\">Customer Satisfaction is crucial to achieving excellent business results. It helps retain existing customers and attract new ones. Banks generally inform customers about the details of the latest offers and other exciting deals through emails and messages. <\/span><\/p>\n\n\n\n<p class=\"p3\"><span class=\"s1\">Jederzeitige Unterst\u00fctzung ist einer der besten Vorteile des heutigen Bankensektors. Die Mehrheit der f\u00fchrenden Bankensektoren bietet mittlerweile rund um die Uhr Kundensupport. Dies kann die Zahl der Kunden und Investoren im Bankensektor erh\u00f6hen. <\/span><\/p>\n\n\n\n<p class=\"p3\"><span class=\"s1\">The monitoring of phone numbers and tracking codes is critical. It helps bankers get details about transactions and other banking details. The use of a data analytics program in the banking sector can reduce labor costs. It assures instant access to customer details and reduces the risk of time and money loss. Delays in banking transactions can cause the bank to lose customers. Banks can prevent customer loss by using data analytics.<\/span><\/p>\n\n\n\n<h3 class=\"wp-block-heading\">Maschinelles Lernen<\/h3>\n\n\n\n<p class=\"p3\"><span class=\"s1\">Machine learning in banking is essential. It helps bankers achieve the best results in today&#8217;s marketing world. At present, many online services are available worldwide. These services provide training in machine learning. How do we use data science in banking? By using the right software programs. Artificial Intelligence (AI) is one of the best tools for promoting banking sectors.<\/span><\/p>\n\n\n\n<h3 class=\"wp-block-heading\">Kundenbindung<\/h3>\n\n\n\n<p class=\"p3\"><span class=\"s1\">Customer retention is crucial for uplifting the bank&#8217;s value. Data analytics can help banks manage customer acquisition costs, and even better, it does so effectively. Customer segmentation is critical. It provides details of new offers and other exciting sales. Artificial intelligence helps bank marketers pick the targeted group or audience, dramatically extending customer lifetime value.<\/span><\/p>\n\n\n\n<h3 class=\"wp-block-heading\">K\u00fcnstliche Intelligenz<\/h3>\n\n\n\n<p class=\"p3\"><span class=\"s1\">Finding new sources of growth is crucial to boosting profits. Your bank will need AI tools for this search, and it can also benefit from our expertise at SIS International.<\/span><\/p>\n\n\n\n<h3 class=\"wp-block-heading\">Datenmodellierung<\/h3>\n\n\n\n<p class=\"p3\"><span class=\"s1\">The shift from traditional to digital bank services calls for new techniques. For example, at SIS International, we use data modeling. This technique documents software and business system design. Financial institutions can move faster and smarter with real-time data, since it improves customer experience, boosts financial performance, and manages risk. It&#8217;s also helpful in developing an HR Talent Strategy with Data Scientists.<\/span><\/p>\n\n\n\n<h2 class=\"wp-block-heading\">\u00dcber Bank Data Analytics Market Research<\/h2>\n\n\n\n<p class=\"p3\"><span class=\"s1\">Having data is not enough. Banks need data quality controls. These controls ensure that the information they have is accessible and trustworthy, allowing them to remain competitive and compliant. They also need to know that they&#8217;re getting decent Returns on Assets (ROA) and Returns on Equity (ROE).<\/span><\/p>\n\n\n\n<p class=\"p3\"><span class=\"s1\">SIS International bietet die folgenden L\u00f6sungen:<\/span><\/p>\n\n\n\n<ul class=\"wp-block-list\">\n<li><span class=\"s1\">Datenvisualisierung<\/span><\/li>\n\n\n\n<li><span class=\"s1\">Statistische Beratung<\/span><\/li>\n\n\n\n<li><span class=\"s1\">Regressionsanalyse<\/span><\/li>\n\n\n\n<li><span class=\"s1\">Conjoint-Analyse<\/span><\/li>\n\n\n\n<li><span class=\"s1\">Pr\u00e4diktive Analytik<\/span><\/li>\n\n\n\n<li><span class=\"s1\">ANOVA<\/span><\/li>\n\n\n\n<li><span class=\"s1\">Monte Carlo Analyse<\/span><\/li>\n\n\n\n<li><span class=\"s1\">Datenmodellierung<\/span><\/li>\n\n\n\n<li><span class=\"s1\">Allgemeines Statistikpaket<\/span><\/li>\n\n\n\n<li><span class=\"s1\">Box-Analyse<\/span><\/li>\n\n\n\n<li><span class=\"s1\">Vertrauensintervalle<\/span><\/li>\n\n\n\n<li><span class=\"s1\">Ausrei\u00dferanalyse<\/span><\/li>\n\n\n\n<li><span class=\"s1\">Verteilungs-, Schiefe- und Kurtosis-Analyse<\/span><\/li>\n\n\n\n<li><span class=\"s1\">Alpha, F-Stat, p-Wert usw.<\/span><\/li>\n\n\n\n<li><span class=\"s1\">ROA- und ROE-Analyse<\/span><\/li>\n\n\n\n<li><span class=\"s1\">Saisonunabh\u00e4ngige Analyse<\/span><\/li>\n<\/ul>\n\n\n\n<h2 class=\"wp-block-heading\">Unser Standort in New York<\/h2>\n\n\n\n<p>  <iframe loading=\"lazy\" src=\"https:\/\/www.google.com\/maps\/embed?pb=!1m18!1m12!1m3!1d3022.976188376966!2d-73.99130312499956!3d40.740549471389315!2m3!1f0!2f0!3f0!3m2!1i1024!2i768!4f13.1!3m3!1m2!1s0x89c259a15798c731%3A0xd695d09bdd495f25!2s11%20E%2022nd%20St%20FL%202%2C%20New%20York%2C%20NY%2010010%2C%20USA!5e0!3m2!1sen!2spe!4v1726171763526!5m2!1sen!2spe\" width=\"600\" height=\"450\" allowfullscreen=\"allowfullscreen\" data-mce-fragment=\"1\"><\/iframe>  <\/p>\n\n\n\n<h3 class=\"wp-block-heading\">11 E 22nd Street, Floor 2, New York, NY 10010 T: +1(212) 505-6805<\/h3>\n\n\n\n<hr class=\"wp-block-separator has-alpha-channel-opacity\"\/>\n\n\n\n<h2 class=\"wp-block-heading\"><span style=\"font-weight: 400;\">\u00dcber SIS International<\/span><\/h2>\n\n\n\n<p><a href=\"https:\/\/www.sisinternational.com\/de\/\"><span style=\"font-weight: 400;\">SIS International<\/span><\/a><span style=\"font-weight: 400;\"> bietet quantitative, qualitative und strategische Forschung an. Wir liefern Daten, Tools, Strategien, Berichte und Erkenntnisse zur Entscheidungsfindung. Wir f\u00fchren auch Interviews, Umfragen, Fokusgruppen und andere Methoden und Ans\u00e4tze der Marktforschung durch.<\/span><a href=\"https:\/\/www.sisinternational.com\/de\/uber-sis-international-research\/contact-sis-international-market-research\/\"><span style=\"font-weight: 400;\"> Kontakt<\/span><\/a><span style=\"font-weight: 400;\"> f\u00fcr Ihr n\u00e4chstes Marktforschungsprojekt.<\/span><\/p>\n\n\n\n<p><\/p>","protected":false},"excerpt":{"rendered":"<p>Wir bieten Marktforschung im Bereich Bankdatenanalyse an, um Ihre Leistung zu steigern.<\/p>","protected":false},"author":1,"featured_media":64375,"parent":27462,"menu_order":25,"comment_status":"closed","ping_status":"closed","template":"","meta":{"_uag_custom_page_level_css":"","footnotes":""},"class_list":["post-34647","page","type-page","status-publish","has-post-thumbnail"],"uagb_featured_image_src":{"full":["https:\/\/www.sisinternational.com\/wp-content\/uploads\/2025\/08\/Data-37.jpg",1456,816,false],"thumbnail":["https:\/\/www.sisinternational.com\/wp-content\/uploads\/2025\/08\/Data-37-150x150.jpg",150,150,true],"medium":["https:\/\/www.sisinternational.com\/wp-content\/uploads\/2025\/08\/Data-37-300x168.jpg",300,168,true],"medium_large":["https:\/\/www.sisinternational.com\/wp-content\/uploads\/2025\/08\/Data-37-768x430.jpg",768,430,true],"large":["https:\/\/www.sisinternational.com\/wp-content\/uploads\/2025\/08\/Data-37-1024x574.jpg",1024,574,true],"1536x1536":["https:\/\/www.sisinternational.com\/wp-content\/uploads\/2025\/08\/Data-37.jpg",1456,816,false],"2048x2048":["https:\/\/www.sisinternational.com\/wp-content\/uploads\/2025\/08\/Data-37.jpg",1456,816,false],"trp-custom-language-flag":["https:\/\/www.sisinternational.com\/wp-content\/uploads\/2025\/08\/Data-37-18x10.jpg",18,10,true]},"uagb_author_info":{"display_name":"Ruth Stanat","author_link":"https:\/\/www.sisinternational.com\/de\/author\/expert\/"},"uagb_comment_info":0,"uagb_excerpt":"We provide Bank Data Analytics Market Research to boost your performance.","_links":{"self":[{"href":"https:\/\/www.sisinternational.com\/de\/wp-json\/wp\/v2\/pages\/34647","targetHints":{"allow":["GET"]}}],"collection":[{"href":"https:\/\/www.sisinternational.com\/de\/wp-json\/wp\/v2\/pages"}],"about":[{"href":"https:\/\/www.sisinternational.com\/de\/wp-json\/wp\/v2\/types\/page"}],"author":[{"embeddable":true,"href":"https:\/\/www.sisinternational.com\/de\/wp-json\/wp\/v2\/users\/1"}],"replies":[{"embeddable":true,"href":"https:\/\/www.sisinternational.com\/de\/wp-json\/wp\/v2\/comments?post=34647"}],"version-history":[{"count":12,"href":"https:\/\/www.sisinternational.com\/de\/wp-json\/wp\/v2\/pages\/34647\/revisions"}],"predecessor-version":[{"id":80718,"href":"https:\/\/www.sisinternational.com\/de\/wp-json\/wp\/v2\/pages\/34647\/revisions\/80718"}],"up":[{"embeddable":true,"href":"https:\/\/www.sisinternational.com\/de\/wp-json\/wp\/v2\/pages\/27462"}],"wp:featuredmedia":[{"embeddable":true,"href":"https:\/\/www.sisinternational.com\/de\/wp-json\/wp\/v2\/media\/64375"}],"wp:attachment":[{"href":"https:\/\/www.sisinternational.com\/de\/wp-json\/wp\/v2\/media?parent=34647"}],"curies":[{"name":"wp","href":"https:\/\/api.w.org\/{rel}","templated":true}]}}