{"id":34614,"date":"2020-02-17T16:45:56","date_gmt":"2020-02-17T16:45:56","guid":{"rendered":"https:\/\/www.sisinternational.com\/?page_id=34614"},"modified":"2026-01-27T16:53:38","modified_gmt":"2026-01-27T21:53:38","slug":"marktforschung-fur-bankfilialen","status":"publish","type":"page","link":"https:\/\/www.sisinternational.com\/de\/losungen\/fintech-strategieberatung-forschung\/marktforschung-fur-bankfilialen\/","title":{"rendered":"Marktforschung f\u00fcr Bankfilialen"},"content":{"rendered":"<h1 class=\"gb-headline gb-headline-c384f282 gb-headline-text\">Marktforschung f\u00fcr Bankfilialen<\/h1>\n\n\n\n<figure class=\"gb-block-image gb-block-image-35c54e52\"><img loading=\"lazy\" decoding=\"async\" width=\"1456\" height=\"816\" class=\"gb-image gb-image-35c54e52\" src=\"https:\/\/www.sisinternational.com\/wp-content\/uploads\/2025\/08\/Bank-2-1.jpg\" alt=\"SIS International Marktforschung &amp; Strategie\" title=\"Bank (2)\" srcset=\"https:\/\/www.sisinternational.com\/wp-content\/uploads\/2025\/08\/Bank-2-1.jpg 1456w, https:\/\/www.sisinternational.com\/wp-content\/uploads\/2025\/08\/Bank-2-1-300x168.jpg 300w, https:\/\/www.sisinternational.com\/wp-content\/uploads\/2025\/08\/Bank-2-1-1024x574.jpg 1024w, https:\/\/www.sisinternational.com\/wp-content\/uploads\/2025\/08\/Bank-2-1-768x430.jpg 768w, https:\/\/www.sisinternational.com\/wp-content\/uploads\/2025\/08\/Bank-2-1-18x10.jpg 18w\" sizes=\"auto, (max-width: 1456px) 100vw, 1456px\"><\/figure>\n\n\n\n<h1 class=\"wp-block-heading\"><\/h1>\n\n\n\n<hr class=\"wp-block-separator has-alpha-channel-opacity is-style-dots\"\/>\n\n\n\n<h2 class=\"wp-block-heading p3\"><span class=\"s1\">Heutzutage ist die Er\u00f6ffnung einer neuen Bankfiliale ein mutiges Unterfangen. <\/span><\/h2>\n\n\n\n<p class=\"p3\"><span class=\"s1\">Zum einen ist der Wettbewerb h\u00e4rter geworden. Zum anderen hat sich die Branche durch die digitale Transformation komplett ver\u00e4ndert. Die Marktforschung in Bankfilialen ist daher zu einem unverzichtbaren Instrument geworden. Banken k\u00f6nnen damit den aktuellen Stand des Gesch\u00e4fts und Nischenm\u00f6glichkeiten beurteilen. <\/span><\/p>\n\n\n\n<h2 class=\"wp-block-heading\"><strong>Marktforschung in Bankfilialen verstehen<\/strong><\/h2>\n\n\n\n<p><span style=\"font-weight: 400;\"><a href=\"https:\/\/www.sisinternational.com\/de\/trend-update-zum-islamischen-bank-und-finanzwesen\/\" title=\"Marktforschung f\u00fcr das islamische Bankwesen\"  data-wpil-monitor-id=\"2873\">Bank branch market research<\/a> allows financial institutions to make data-driven decisions, optimize branch operations, and tailor services to meet evolving customer needs.<\/span><\/p>\n\n\n\n<p><span style=\"font-weight: 400;\">One fundamental aspect of <a href=\"https:\/\/www.sisinternational.com\/de\/chinas-schattenbankensystem-verstehen\/\" title=\"Das Schattenbankensystem Chinas verstehen\"  data-wpil-monitor-id=\"4383\">Marktforschung f\u00fcr Bankfilialen<\/a> is its focus on understanding customer behavior within the physical banking environment. This includes analyzing transaction volumes and customer interactions to identify opportunities for improving service delivery and enhancing customer satisfaction.<\/span><\/p>\n\n\n\n<p><span style=\"font-weight: 400;\">Dar\u00fcber hinaus geht die Marktforschung f\u00fcr Bankfilialen \u00fcber einzelne Filialen hinaus und umfasst breitere Markttrends und Wettbewerbsanalysen. Durch die Bewertung der Markts\u00e4ttigung, demografischer Ver\u00e4nderungen und der Wettbewerbsposition k\u00f6nnen Finanzinstitute unerschlossene Marktsegmente identifizieren und gezielte Expansionsstrategien entwickeln.<\/span><\/p>\n\n\n\n<h2 class=\"wp-block-heading\"><strong>Marktforschung in Bankfilialen: Warum ist sie wichtig?<\/strong><\/h2>\n\n\n\n<figure class=\"gb-block-image gb-block-image-e49258c8\"><img loading=\"lazy\" decoding=\"async\" width=\"1456\" height=\"816\" class=\"gb-image gb-image-e49258c8\" src=\"https:\/\/www.sisinternational.com\/wp-content\/uploads\/2025\/08\/Bank-8-1.jpg\" alt=\"SIS International Marktforschung &amp; Strategie\" title=\"Bank (8)\" srcset=\"https:\/\/www.sisinternational.com\/wp-content\/uploads\/2025\/08\/Bank-8-1.jpg 1456w, https:\/\/www.sisinternational.com\/wp-content\/uploads\/2025\/08\/Bank-8-1-300x168.jpg 300w, https:\/\/www.sisinternational.com\/wp-content\/uploads\/2025\/08\/Bank-8-1-1024x574.jpg 1024w, https:\/\/www.sisinternational.com\/wp-content\/uploads\/2025\/08\/Bank-8-1-768x430.jpg 768w, https:\/\/www.sisinternational.com\/wp-content\/uploads\/2025\/08\/Bank-8-1-18x10.jpg 18w\" sizes=\"auto, (max-width: 1456px) 100vw, 1456px\"><\/figure>\n\n\n\n<p><\/p>\n\n\n\n<p><span style=\"font-weight: 400;\">Mithilfe der Marktforschung f\u00fcr Bankfilialen k\u00f6nnen Finanzinstitute ihre Filialnetze optimieren, um maximale Effizienz und Effektivit\u00e4t zu erzielen. Durch sorgf\u00e4ltige Analyse der Marktnachfrage, demografischer Trends und der Wettbewerbsposition k\u00f6nnen Banken ihre Ressourcen strategisch zuweisen, neue Filialen in Gebieten mit hohem Potenzial er\u00f6ffnen und ihre Betriebsabl\u00e4ufe rationalisieren, um die Rentabilit\u00e4t zu verbessern.<\/span><\/p>\n\n\n\n<p><span style=\"font-weight: 400;\">Furthermore, bank branch market research is a foundational element in strategic planning and decision-making for financial institutions. Whether it&#8217;s identifying growth opportunities, evaluating the feasibility of new products and services, or assessing the impact of regulatory changes, market research provides the data-driven insights necessary for informed decision-making.<\/span><\/p>\n\n\n\n<p><span style=\"font-weight: 400;\">Es bietet jedoch noch viele weitere Vorteile, darunter:<\/span><\/p>\n\n\n\n<p><b>\u2022 Verbessertes Kundenerlebnis<\/b><span style=\"font-weight: 400;\">: By understanding customer preferences and behaviors, banks can enhance the overall branch experience, leading to higher satisfaction and customer loyalty.<\/span><\/p>\n\n\n\n<p><b>\u2022 Optimierter Filialbetrieb<\/b><span style=\"font-weight: 400;\">: Durch datengesteuerte Erkenntnisse k\u00f6nnen Banken den Filialbetrieb rationalisieren, Ressourcen effektiv zuweisen und die Betriebseffizienz verbessern, was letztendlich zu Kostensenkungen und einer Maximierung der Rentabilit\u00e4t f\u00fchrt.<\/span><\/p>\n\n\n\n<p><b>\u2022 Informierte Entscheidungsfindung<\/b><span style=\"font-weight: 400;\">: Die Marktforschung in Bankfilialen liefert Banken die notwendigen Daten und Erkenntnisse, um fundierte strategische Entscheidungen zu treffen.<\/span><\/p>\n\n\n\n<p><b>\u2022 Wettbewerbsvorteil<\/b><span style=\"font-weight: 400;\">: Indem sie Markttrends und Verbraucherpr\u00e4ferenzen im Auge behalten, k\u00f6nnen sich Banken von der Konkurrenz abheben und einzigartige und ma\u00dfgeschneiderte Dienstleistungen anbieten, die bei den Kunden Anklang finden.<\/span><\/p>\n\n\n\n<p><b>\u2022 Risikominimierung<\/b><span style=\"font-weight: 400;\">: Marktforschung in Bankfilialen hilft Banken dabei, potenzielle Risiken und Herausforderungen zu erkennen, sodass sie diese Risiken proaktiv mindern und Notfallpl\u00e4ne entwickeln k\u00f6nnen, um so ihre finanzielle Stabilit\u00e4t zu sichern.<\/span><\/p>\n\n\n\n<h2 class=\"wp-block-heading\"><strong>Wie unterscheidet sich die Marktforschung in Bankfilialen von der traditionellen Marktforschung?<\/strong><\/h2>\n\n\n\n<p><span style=\"font-weight: 400;\">Im Gegensatz zur traditionellen Marktforschung, bei der der Schwerpunkt auf Online-Kan\u00e4len oder dem allgemeinen Verbraucherverhalten liegen kann, konzentriert sich die Marktforschung zu Bankfilialen auf die physischen Standorte der Filialen und analysiert die Filialaufteilung sowie die Kundeninteraktionen in diesen Umgebungen.<\/span><\/p>\n\n\n\n<p><span style=\"font-weight: 400;\">Similarly, bank branch market research often adopts a more customer-centric approach to understand customer preferences, behaviors, and experiences within the branch environment. This includes gathering feedback on branch services, waiting times, and overall satisfaction levels.<\/span><\/p>\n\n\n\n<h2 class=\"wp-block-heading\"><strong>Welche Ergebnisse k\u00f6nnen Unternehmen von der Marktforschung in Bankfilialen erwarten?<\/strong><\/h2>\n\n\n\n<p><span style=\"font-weight: 400;\">Bei der Marktforschung f\u00fcr Bankfilialen k\u00f6nnen Finanzinstitute eine umfassende Analyse erwarten, die verschiedene Faktoren ber\u00fccksichtigt, die die Leistung der Filiale und die Kundenzufriedenheit beeinflussen, darunter:<\/span><\/p>\n\n\n\n<p><b>Datengest\u00fctzte Erkenntnisse<\/b><span style=\"font-weight: 400;\">:<\/span><\/p>\n\n\n\n<p><span style=\"font-weight: 400;\">Die Marktforschung f\u00fcr Bankfilialen nutzt Datenanalysetechniken, um wertvolle Erkenntnisse aus Kundeninteraktionen, Transaktionsaufzeichnungen und Leistungskennzahlen der Filialen zu gewinnen. Dieser datengesteuerte Ansatz erm\u00f6glicht es Banken, Trends, Muster und Verbesserungsm\u00f6glichkeiten zu erkennen.<\/span><\/p>\n\n\n\n<p><b>Leistungsbewertung der Filialen<\/b><span style=\"font-weight: 400;\">:<\/span><\/p>\n\n\n\n<p><span style=\"font-weight: 400;\">Bank branch market research involves evaluating individual branches&#8217; performance based on metrics such as foot traffic, transaction volumes, wait times, and service quality. This evaluation helps identify high-performing branches and areas for improvement.<\/span><\/p>\n\n\n\n<p><b>Wettbewerbsanalyse<\/b><span style=\"font-weight: 400;\">:<\/span><\/p>\n\n\n\n<p><span style=\"font-weight: 400;\">Financial institutions conduct competitive analysis as part of <a href=\"https:\/\/www.sisinternational.com\/de\/losungen\/qualitative-quantitative-forschungslosungen\/clusteranalyse-marktforschung\/\" title=\"Clusteranalyse Marktforschung\"  data-wpil-monitor-id=\"7021\">Marktforschung f\u00fcr Bankfilialen<\/a> to benchmark their branch performance against competitors. This involves assessing competitor branch locations, service offerings, customer satisfaction levels, and market positioning.<\/span><\/p>\n\n\n\n<p><b>Betriebseffizienz<\/b><span style=\"font-weight: 400;\">:<\/span><\/p>\n\n\n\n<p><span style=\"font-weight: 400;\">Ein weiterer Aspekt der Marktforschung f\u00fcr Bankfilialen ist die Optimierung des Filialbetriebs f\u00fcr maximale Effizienz. Dazu geh\u00f6rt die Bewertung des Personalbestands, der Filialaufteilung, der Warteschlangensysteme und der Technologieintegration, um den Betrieb zu rationalisieren und den Kundenservice zu verbessern.<\/span><\/p>\n\n\n\n<p><b>Strategische Empfehlungen<\/b><span style=\"font-weight: 400;\">:<\/span><\/p>\n\n\n\n<p><span style=\"font-weight: 400;\">Financial institutions receive strategic recommendations to enhance branch performance and customer satisfaction based on the insights gathered from bank branch market research.&nbsp;<\/span><\/p>\n\n\n\n<h2 class=\"wp-block-heading\"><strong>Aktuelle Trends in der Bankfilial-Marktforschung<\/strong><\/h2>\n\n\n\n<figure class=\"gb-block-image gb-block-image-dfcaaf36\"><img loading=\"lazy\" decoding=\"async\" width=\"1456\" height=\"816\" class=\"gb-image gb-image-dfcaaf36\" src=\"https:\/\/www.sisinternational.com\/wp-content\/uploads\/2025\/08\/Bank-5.jpg\" alt=\"SIS International Marktforschung &amp; Strategie\" title=\"Bank (5)\" srcset=\"https:\/\/www.sisinternational.com\/wp-content\/uploads\/2025\/08\/Bank-5.jpg 1456w, https:\/\/www.sisinternational.com\/wp-content\/uploads\/2025\/08\/Bank-5-300x168.jpg 300w, https:\/\/www.sisinternational.com\/wp-content\/uploads\/2025\/08\/Bank-5-1024x574.jpg 1024w, https:\/\/www.sisinternational.com\/wp-content\/uploads\/2025\/08\/Bank-5-768x430.jpg 768w, https:\/\/www.sisinternational.com\/wp-content\/uploads\/2025\/08\/Bank-5-18x10.jpg 18w\" sizes=\"auto, (max-width: 1456px) 100vw, 1456px\"><\/figure>\n\n\n\n<p><\/p>\n\n\n\n<p><span style=\"font-weight: 400;\">As the banking industry continues to evolve, several trends are shaping the landscape of bank branch market research. These trends reflect consumers&#8217; changing preferences, advancements in technology, and the evolving regulatory environment.&nbsp;<\/span><\/p>\n\n\n\n<p><b>\u2022 Digitale Transformation<\/b><span style=\"font-weight: 400;\">: Mit dem Aufstieg des digitalen Bankings wird die Integration digitaler Kan\u00e4le in das Erlebnis in physischen Filialen immer wichtiger. Die Marktforschung f\u00fcr Bankfilialen umfasst heute die Analyse von Kundeninteraktionen \u00fcber digitale Plattformen hinweg und die Bewertung der Auswirkungen der digitalen Transformation auf die Leistung der Filialen.<\/span><\/p>\n\n\n\n<p><b>\u2022 Optimierung des Kundenerlebnisses<\/b>: Customer experience has become a focal point in <a href=\"https:\/\/www.sisinternational.com\/de\/sachverstand\/lebenslaufe\/lebenslauf-mit-erfahrungen-im-bereich-ethnographie\/\" title=\"Ethnographie Marktforschung Erfahrung\"  data-wpil-monitor-id=\"6356\">Marktforschung f\u00fcr Bankfilialen<\/a>, with financial institutions striving to create seamless and personalized customer experiences. This trend involves gathering feedback on branch services, employee interactions, and overall satisfaction to identify areas for improvement.<\/span><\/p>\n\n\n\n<p><b>\u2022 Datenanalyse und KI<\/b><span style=\"font-weight: 400;\">: Finanzinstitute nutzen Datenanalysetools, um das Kundenverhalten zu analysieren, Trends vorherzusagen und den Filialbetrieb zu optimieren. KI-gest\u00fctzte Chatbots und virtuelle Assistenten verbessern au\u00dferdem den Kundenservice und optimieren die Interaktion in der Filiale.<\/span><\/p>\n\n\n\n<p><b>\u2022 Neugestaltung und Layout der Filiale<\/b><span style=\"font-weight: 400;\">: Banks are reimagining branch layouts and designs to create more customer-centric environments. Bank <a href=\"https:\/\/www.sisinternational.com\/de\/losungen\/branding-und-kundenforschungslosungen\/ladenlayout-forschung\/\" title=\"Ladenlayout-Forschung\"  data-wpil-monitor-id=\"6507\">branch<\/a> market research includes evaluating the effectiveness of branch layouts, traffic flow, and the use of technology to enhance the overall branch experience.<\/span><\/p>\n\n\n\n<p><b>\u2022 Engagement f\u00fcr die Gemeinschaft<\/b><span style=\"font-weight: 400;\">: Financial institutions focus on building stronger connections with their local communities through community engagement initiatives. Bank branch market research may involve assessing the impact of community events, sponsorships, and outreach programs on brand perception and customer loyalty.<\/span><\/p>\n\n\n\n<h2 class=\"wp-block-heading\"><strong>M\u00f6glichkeiten der Marktforschung f\u00fcr Bankfilialen f\u00fcr Unternehmen<\/strong><\/h2>\n\n\n\n<p><span style=\"font-weight: 400;\">F\u00fcr Unternehmen im Bankensektor bietet die Marktforschung in ihren Bankfilialen zahlreiche M\u00f6glichkeiten, ihr Wachstum voranzutreiben, die Kundenzufriedenheit zu steigern und wettbewerbsf\u00e4hig zu bleiben. Hier sind einige wichtige M\u00f6glichkeiten, die Sie in Betracht ziehen sollten:<\/span><\/p>\n\n\n\n<p><b>\u2022 Optimierung der Filialleistung<\/b><span style=\"font-weight: 400;\">: Durch Marktforschung in Bankfilialen k\u00f6nnen Unternehmen M\u00f6glichkeiten zur Optimierung der Filialleistung identifizieren, indem sie Kundenverkehr, Transaktionsvolumen und Kundeninteraktionen analysieren. Dazu geh\u00f6rt die Identifizierung leistungsstarker Filialen und die Implementierung von Strategien, um deren Erfolg im gesamten Netzwerk zu reproduzieren.<\/span><\/p>\n\n\n\n<p><b>\u2022 Erweiterung der Marktreichweite<\/b><span style=\"font-weight: 400;\">: Durch die Durchf\u00fchrung von Marktforschung im Bereich Bankfilialen k\u00f6nnen Unternehmen unerschlossene Marktsegmente und Wachstumschancen identifizieren und so ihr Filialnetz strategisch auf neue geografische Regionen oder demografische Segmente ausdehnen.&nbsp;<\/span><\/p>\n\n\n\n<p><b>\u2022 Markentreue aufbauen<\/b><span style=\"font-weight: 400;\">: Durch Marktforschung in Bankfilialen k\u00f6nnen Unternehmen ihre Kundenbeziehungen st\u00e4rken und Markentreue aufbauen, indem sie die Kundenbed\u00fcrfnisse verstehen, Schwachstellen ansprechen und personalisierte Erlebnisse bieten.<\/span><\/p>\n\n\n\n<h2 class=\"wp-block-heading\">Hauptbereiche der Analyse mit der Marktforschung f\u00fcr Bankfilialen<\/h2>\n\n\n\n<figure class=\"gb-block-image gb-block-image-2e4d3657\"><img loading=\"lazy\" decoding=\"async\" width=\"1456\" height=\"816\" class=\"gb-image gb-image-2e4d3657\" src=\"https:\/\/www.sisinternational.com\/wp-content\/uploads\/2025\/08\/Bank-4-1.jpg\" alt=\"SIS International Marktforschung &amp; Strategie\" title=\"Bank (4)\" srcset=\"https:\/\/www.sisinternational.com\/wp-content\/uploads\/2025\/08\/Bank-4-1.jpg 1456w, https:\/\/www.sisinternational.com\/wp-content\/uploads\/2025\/08\/Bank-4-1-300x168.jpg 300w, https:\/\/www.sisinternational.com\/wp-content\/uploads\/2025\/08\/Bank-4-1-1024x574.jpg 1024w, https:\/\/www.sisinternational.com\/wp-content\/uploads\/2025\/08\/Bank-4-1-768x430.jpg 768w, https:\/\/www.sisinternational.com\/wp-content\/uploads\/2025\/08\/Bank-4-1-18x10.jpg 18w\" sizes=\"auto, (max-width: 1456px) 100vw, 1456px\"><\/figure>\n\n\n\n<p><\/p>\n\n\n\n<h3 class=\"wp-block-heading p3\"><span class=\"s1\">1. Automatisierte Bargeld- und M\u00fcnzhandhabung<\/span><\/h3>\n\n\n\n<p class=\"p3\"><span class=\"s1\">Before outlining plans for new bank branches, it is necessary to cover the basics. People want their banks to handle their finances, but they also want them to put simple procedures in place to attend to their needs. Automated cash and coin handling is an effective way to improve the customer experience. The initial costs may be high, yet automated cash and coin handling will make customers more satisfied. It will also free the staff to focus on core activities to grow the branch.<\/span><\/p>\n\n\n\n<h3 class=\"wp-block-heading p3\"><span class=\"s1\">2. Omnichannel-Strategie<\/span><\/h3>\n\n\n\n<p class=\"p3\"><span class=\"s1\">Banks must recognize that digital transformation changed the industry. They have new ways to attract clients and maintain their customer base. Yet, it doesn&#8217;t make sense to have a website, an app, and a social profile if they don&#8217;t dialogue with each other. The omnichannel attitude is an excellent solution to create a frictionless customer experience, which can be consistent across all platforms. <\/span><\/p>\n\n\n\n<p class=\"p3\"><span class=\"s1\">The omnichannel approach is a cross-content strategy. Banks can apply it to integrate all the settings where they are present. For example, if an app is in place, displaying general information about the branch is a good idea. The bank can give information, such as working hours and services. They can also offer a personalized experience by providing specific information. For example, they can add the name and contact information of the manager for the individual account. This way, digital banking will become more integrated with its physical counterpart. It will also be more engaging as a customer experience.<\/span><\/p>\n\n\n\n<h3 class=\"wp-block-heading p3\"><span class=\"s1\">3. Offenes Banking<\/span><\/h3>\n\n\n\n<p class=\"p3\"><span class=\"s1\">Marktforschung kann sich an zwei Fronten mit Open Banking befassen. Erstens geht es beim Open Banking um Transparenz. Die Menschen wollen wissen, dass ihre Finanzinformationen sicher sind. In diesem Sinne ist es eine hervorragende Praxis, die Kunden dar\u00fcber zu informieren, welche Art von Daten die Bank speichert. Die Bank sollte ihnen versichern, dass sie diese Daten nicht ohne ihre Zustimmung weitergeben wird.<\/span><\/p>\n\n\n\n<p class=\"p3\"><span class=\"s1\">Kunden m\u00fcssen jedoch wissen, dass der Datenaustausch von Vorteil sein kann. Dies ist die andere Facette des Open Banking. In dieser Hinsicht k\u00f6nnen Banken Anwendungsprogrammierschnittstellen (APIs) verwenden. Diese Programme verwenden die gesammelten Daten, um ma\u00dfgeschneiderte Angebote verschiedener Unternehmen zu pr\u00e4sentieren. Sie k\u00f6nnen sich positiv auf das Kundenbeziehungsmarketing auswirken. Somit kann der Kunde von einem personalisierten Kundenerlebnis profitieren. <\/span><\/p>\n\n\n\n<p class=\"p3\"><span class=\"s1\">One of the most underexploited niches in open banking is the Small\u2014to Mid-Sized Enterprise (SME). Open banking is useful not only to individual customers; SMEs can also benefit. Plus, when the offer hits the right target, it provides a higher return on investment to the bank.<\/span><\/p>\n\n\n\n<h3 class=\"wp-block-heading p3\"><span class=\"s1\">4. Digitale Beschilderung<\/span><\/h3>\n\n\n\n<p class=\"p3\"><span class=\"s1\">After the bank <a href=\"https:\/\/www.sisinternational.com\/de\/sachverstand\/branchen\/heatmap-marktforschung\/\" title=\"Heatmap-Marktforschung\"  data-wpil-monitor-id=\"7668\">maps the market<\/a>, it can set up a branch. Now, it is time to think about how to convey the bank&#8217;s message to the public. Digital signage is an excellent yet overlooked tool to enhance customer experience. It is not a new concept, but it is still a potent marketing tool. Why? Because it is inexpensive to implement compared with other options. Your marketing team can do content management in-house.<\/span><\/p>\n\n\n\n<h2 class=\"wp-block-heading\"><strong>Herausforderungen der Bankfilialmarktforschung f\u00fcr Unternehmen<\/strong><\/h2>\n\n\n\n<p><span style=\"font-weight: 400;\">While bank branch market research offers numerous opportunities for businesses in the banking sector, it also presents several challenges that must be addressed to maximize effectiveness.&nbsp;<\/span><\/p>\n\n\n\n<p><b>\u2022 Datenschutz und Compliance<\/b><span style=\"font-weight: 400;\">: Gathering and analyzing customer data for bank branch market research must comply with strict data privacy regulations, such as GDPR and CCPA. Ensuring compliance while extracting valuable insights can be challenging for businesses, requiring robust data governance and compliance measures.<\/span><\/p>\n\n\n\n<p><b>\u2022 Komplexit\u00e4t von Multichannel-Interaktionen<\/b><span style=\"font-weight: 400;\">: Mit der Verbreitung digitaler Bankkan\u00e4le interagieren Kunden \u00fcber mehrere Kontaktpunkte mit Banken, darunter online, mobil und in der Filiale. Die Integration von Daten aus diesen verschiedenen Kan\u00e4len, um einen ganzheitlichen \u00dcberblick \u00fcber das Kundenverhalten und die Kundenpr\u00e4ferenzen zu erhalten, kann f\u00fcr Unternehmen, die Marktforschung f\u00fcr Bankfilialen betreiben, komplex und herausfordernd sein.<\/span><\/p>\n\n\n\n<p><b>\u2022 Schnelle technologische Fortschritte<\/b><span style=\"font-weight: 400;\">: Das rasante Tempo des technologischen Fortschritts im Bankwesen stellt Unternehmen, die Marktforschung f\u00fcr Bankfilialen betreiben, vor Herausforderungen. Um mit den neuesten Technologien wie KI, maschinellem Lernen und Datenanalysetools Schritt zu halten und sie in Forschungsmethoden zu integrieren, sind kontinuierliche Investitionen und Fachwissen erforderlich.<\/span><\/p>\n\n\n\n<h2 class=\"wp-block-heading\">Unser Standort in New York<\/h2>\n\n\n\n<p>  <iframe loading=\"lazy\" src=\"https:\/\/www.google.com\/maps\/embed?pb=!1m18!1m12!1m3!1d3022.976188376966!2d-73.99130312499956!3d40.740549471389315!2m3!1f0!2f0!3f0!3m2!1i1024!2i768!4f13.1!3m3!1m2!1s0x89c259a15798c731%3A0xd695d09bdd495f25!2s11%20E%2022nd%20St%20FL%202%2C%20New%20York%2C%20NY%2010010%2C%20USA!5e0!3m2!1sen!2spe!4v1726171763526!5m2!1sen!2spe\" width=\"600\" height=\"450\" allowfullscreen=\"allowfullscreen\" data-mce-fragment=\"1\"><\/iframe>  <\/p>\n\n\n\n<h3 class=\"wp-block-heading\">11 E 22nd Street, Floor 2, New York, NY 10010 T: +1(212) 505-6805<\/h3>\n\n\n\n<hr class=\"wp-block-separator has-alpha-channel-opacity\"\/>\n\n\n\n<h2 class=\"wp-block-heading\"><span style=\"font-weight: 400;\">\u00dcber SIS International<\/span><\/h2>\n\n\n\n<p><a href=\"https:\/\/www.sisinternational.com\/de\/\"><span style=\"font-weight: 400;\">SIS International<\/span><\/a><span style=\"font-weight: 400;\"> bietet quantitative, qualitative und strategische Forschung an. Wir liefern Daten, Tools, Strategien, Berichte und Erkenntnisse zur Entscheidungsfindung. Wir f\u00fchren auch Interviews, Umfragen, Fokusgruppen und andere Methoden und Ans\u00e4tze der Marktforschung durch.<\/span><a href=\"https:\/\/www.sisinternational.com\/de\/uber-sis-international-research\/contact-sis-international-market-research\/\"><span style=\"font-weight: 400;\"> Kontakt<\/span><\/a><span style=\"font-weight: 400;\"> f\u00fcr Ihr n\u00e4chstes Marktforschungsprojekt.<\/span><\/p>\n\n\n\n<p><\/p>","protected":false},"excerpt":{"rendered":"<p>SIS FinTech und Strategy Consulting bietet Marktforschung f\u00fcr Bankfilialen, um die Leistung in der heutigen schnelllebigen globalen Wirtschaft zu steigern.<\/p>","protected":false},"author":1,"featured_media":62864,"parent":27462,"menu_order":24,"comment_status":"closed","ping_status":"closed","template":"","meta":{"footnotes":""},"class_list":["post-34614","page","type-page","status-publish","has-post-thumbnail"],"_links":{"self":[{"href":"https:\/\/www.sisinternational.com\/de\/wp-json\/wp\/v2\/pages\/34614","targetHints":{"allow":["GET"]}}],"collection":[{"href":"https:\/\/www.sisinternational.com\/de\/wp-json\/wp\/v2\/pages"}],"about":[{"href":"https:\/\/www.sisinternational.com\/de\/wp-json\/wp\/v2\/types\/page"}],"author":[{"embeddable":true,"href":"https:\/\/www.sisinternational.com\/de\/wp-json\/wp\/v2\/users\/1"}],"replies":[{"embeddable":true,"href":"https:\/\/www.sisinternational.com\/de\/wp-json\/wp\/v2\/comments?post=34614"}],"version-history":[{"count":11,"href":"https:\/\/www.sisinternational.com\/de\/wp-json\/wp\/v2\/pages\/34614\/revisions"}],"predecessor-version":[{"id":81289,"href":"https:\/\/www.sisinternational.com\/de\/wp-json\/wp\/v2\/pages\/34614\/revisions\/81289"}],"up":[{"embeddable":true,"href":"https:\/\/www.sisinternational.com\/de\/wp-json\/wp\/v2\/pages\/27462"}],"wp:featuredmedia":[{"embeddable":true,"href":"https:\/\/www.sisinternational.com\/de\/wp-json\/wp\/v2\/media\/62864"}],"wp:attachment":[{"href":"https:\/\/www.sisinternational.com\/de\/wp-json\/wp\/v2\/media?parent=34614"}],"curies":[{"name":"wp","href":"https:\/\/api.w.org\/{rel}","templated":true}]}}