{"id":34603,"date":"2020-02-17T15:42:13","date_gmt":"2020-02-17T15:42:13","guid":{"rendered":"https:\/\/www.sisinternational.com\/?page_id=34603"},"modified":"2026-01-25T18:51:06","modified_gmt":"2026-01-25T23:51:06","slug":"marktforschung-fur-sach-und-unfallversicherungen","status":"publish","type":"page","link":"https:\/\/www.sisinternational.com\/de\/sachverstand\/marktforschung-fur-sach-und-unfallversicherungen\/","title":{"rendered":"Marktforschung f\u00fcr Sach- und Unfallversicherungen"},"content":{"rendered":"<h1 class=\"wp-block-heading\"><span class=\"s1\">Marktforschung f\u00fcr Sach- und Unfallversicherungen<\/span><\/h1>\n\n\n\n<figure class=\"gb-block-image gb-block-image-32f2dfda\"><img loading=\"lazy\" decoding=\"async\" width=\"1456\" height=\"816\" class=\"gb-image gb-image-32f2dfda\" src=\"https:\/\/www.sisinternational.com\/wp-content\/uploads\/2025\/08\/Real-estate-architect-house-2.jpg\" alt=\"SIS International Marktforschung &amp; Strategie\" title=\"Real estate architect house (2)\" srcset=\"https:\/\/www.sisinternational.com\/wp-content\/uploads\/2025\/08\/Real-estate-architect-house-2.jpg 1456w, https:\/\/www.sisinternational.com\/wp-content\/uploads\/2025\/08\/Real-estate-architect-house-2-300x168.jpg 300w, https:\/\/www.sisinternational.com\/wp-content\/uploads\/2025\/08\/Real-estate-architect-house-2-1024x574.jpg 1024w, https:\/\/www.sisinternational.com\/wp-content\/uploads\/2025\/08\/Real-estate-architect-house-2-768x430.jpg 768w, https:\/\/www.sisinternational.com\/wp-content\/uploads\/2025\/08\/Real-estate-architect-house-2-18x10.jpg 18w\" sizes=\"auto, (max-width: 1456px) 100vw, 1456px\"><\/figure>\n\n\n\n<p><\/p>\n\n\n\n<h2 class=\"wp-block-heading p3\"><span class=\"s1\">Der Begriff Sach- und Unfallversicherung umfasst viele Versicherungsarten. <\/span><\/h2>\n\n\n\n<p class=\"p3\"><span class=\"s1\">Es handelt sich um eine kluge Investition, die Ihnen und Ihrer Familie im Falle eines unvorhergesehenen Vorfalls auf Ihrem Grundst\u00fcck helfen kann. Sie kann auch Gesch\u00e4ftsinhaber sch\u00fctzen und Deckung f\u00fcr Rechtsstreitigkeiten bieten. <\/span><\/p>\n\n\n\n<p class=\"p3\"><span class=\"s1\">Sach- und Unfallversicherungen sind eine Art Versicherung, die Ihnen Schutz bietet. Sie sch\u00fctzen auch Ihr Eigentum. Mit einer Sachversicherung k\u00f6nnen Sie Dinge versichern, die Ihnen geh\u00f6ren, wie Ihr Auto oder Ihr Haus. Unfallversicherungen beinhalten eine Haftpflichtversicherung. Sie sch\u00fctzen Sie, wenn Sie f\u00fcr einen Unfall verantwortlich sind, bei dem jemand anderes verletzt wird. Sie ben\u00f6tigen sie m\u00f6glicherweise auch, wenn Sie das Eigentum einer anderen Person besch\u00e4digen.<\/span><\/p>\n\n\n\n<h2 class=\"wp-block-heading p5\"><span class=\"s1\">Asbesthaftung<\/span><\/h2>\n\n\n\n<p class=\"p3\"><span class=\"s1\">Property and Casualty <a href=\"https:\/\/www.sisinternational.com\/de\/losungen\/fintech-strategieberatung-forschung\/betriebsunterbrechungsversicherung-marktforschung-strategieberatung\/\" title=\"Marktforschung und Strategieberatung zur Betriebsunterbrechungsversicherung\"  data-wpil-monitor-id=\"10951\">Insurance is critical for businesses<\/a> whose workers deal with asbestos. It doesn&#8217;t matter if the exposure is direct or indirect. It may be necessary to get Asbestos Liability insurance, since not all Property and Casualty policies cover asbestos exposure. Check your policy to ensure that you have coverage.<\/span><\/p>\n\n\n\n<h2 class=\"wp-block-heading p5\"><span class=\"s1\">Behandlungsfehler<\/span><\/h2>\n\n\n\n<p class=\"p3\"><span class=\"s1\">Statistische Daten zeigen, dass \u00e4rztliche Kunstfehler weit verbreitet sind. Sie k\u00f6nnen vorkommen, wenn ein Arzt eine Krankheit nicht diagnostizieren kann. Oder er oder sie verschreibt aus Unwissenheit oder aus Versehen das falsche Medikament. <\/span><\/p>\n\n\n\n<p class=\"p3\"><span class=\"s1\">Einige Staaten verlangen von \u00c4rzten, dass sie eine Versicherung gegen Behandlungsfehler abschlie\u00dfen. Diese Art von Police sch\u00fctzt medizinisches Fachpersonal vor Anspr\u00fcchen von Patienten. Eine Versicherung gegen Behandlungsfehler kann viele Formen annehmen. Einzelpersonen oder Gruppen k\u00f6nnen sich bei einem traditionellen privaten Versicherer versichern. Oder ein Arbeitgeber, wie etwa ein Krankenhaus, kann die Police abschlie\u00dfen. Eine solche Police deckt die medizinischen Fachkr\u00e4fte ab, die bei ihm angestellt sind. <\/span><\/p>\n\n\n\n<h2 class=\"wp-block-heading p5\"><span class=\"s1\">Versicherungswesen<\/span><\/h2>\n\n\n\n<p class=\"p3\"><span class=\"s1\">The insurance company is underwriting for its customers. Thus, it has to work out premium amounts based on the information provided by the customer. Usually, the premium is higher for some high-risk customers. In some cases, the insurance company may not sell insurance to certain customers. Insurance <a href=\"https:\/\/www.sisinternational.com\/de\/losungen\/strategieberatung\/datenanalyse\/\" title=\"Datenanalyse-Unternehmen\"  data-wpil-monitor-id=\"10950\">companies require a lot of data<\/a> for their Actuarial tasks. The data helps them calculate your insurance risk. <\/span><\/p>\n\n\n\n<p class=\"p3\"><span class=\"s1\">Not all insurance companies have the staff to <a href=\"https:\/\/www.sisinternational.com\/de\/abdeckung\/europa\/marktforschung-liverpool-grosbritannien\/\" title=\"Marktforschung in Liverpool | Fokusgruppen und Datenerfassung in Gro\u00dfbritannien\"  data-wpil-monitor-id=\"10944\">collect actuarial data<\/a>. Some may not have the expertise to compile this information. Hence it is wise to hire the services of an experienced market research firm. A market <a href=\"https:\/\/www.sisinternational.com\/de\/sachverstand\/branchen\/krankenversicherungsmarktforschung\/\" title=\"Marktforschung f\u00fcr Krankenversicherungen\"  data-wpil-monitor-id=\"5217\">Forschung<\/a> firm can collect the data needed from insurance buyers. <\/span><\/p>\n\n\n\n<h2 class=\"wp-block-heading p5\"><span class=\"s1\">RegTech<\/span><\/h2>\n\n\n\n<p class=\"p3\"><span class=\"s1\">Der Versicherungssektor ist stark reguliert. Die Regierung erl\u00e4sst manchmal neue Gesetze, um K\u00e4ufer vor Betrug zu sch\u00fctzen. Versicherungsunternehmen m\u00fcssen sicherstellen, dass sie die Vorschriften einhalten. Viele nutzen dazu Regulierungstechnologie oder RegTech. Eine gro\u00dfe Anzahl von Unternehmen bietet RegTech an. Das Zusammenstellen von Daten \u00fcber diese Technologieunternehmen ist eine zeitaufw\u00e4ndige und m\u00fchsame Aufgabe. Ein Marktforschungsunternehmen kann auch Informationen \u00fcber all diese Regtech-Unternehmen sammeln. Dies erm\u00f6glicht es dem Versicherungsunternehmen, einen bestimmten Anbieter auszuw\u00e4hlen.<\/span><\/p>\n\n\n\n<h2 class=\"wp-block-heading p5\"><span class=\"s1\">APIs<\/span><\/h2>\n\n\n\n<p class=\"p3\"><span class=\"s1\">If an insurance company uses the services of a market research firm, it will need access to the data compiled. APIs allow the <a href=\"https:\/\/www.sisinternational.com\/de\/sachverstand\/branchen\/gebaudeversicherung-marktforschung-strategieberatung\/\" title=\"Building Insurance Market Research\"  data-wpil-monitor-id=\"5019\">insurance company to access the market research<\/a> data. API stands for Application Programming Interface. It is a piece of software that allows two applications to communicate with each other. Advanced <a href=\"https:\/\/www.sisinternational.com\/de\/losungen\/fintech-strategieberatung-forschung\/bankdatenanalyse-marktforschung\/\" title=\"Marktforschung zur Bankdatenanalyse\"  data-wpil-monitor-id=\"10946\">Analytics is also available for the data<\/a> required by the insurance company. It does not have to waste resources analyzing the data to get the information they need. APIs make it easy to retrieve. <\/span><\/p>\n\n\n\n<p class=\"p3\"><span class=\"s1\">Firms can also use RPA (<a href=\"https:\/\/www.sisinternational.com\/de\/financial-services-consulting\/robotic-process-automation-in-financial-services\/\" title=\"Robotic Process Automation in Financial Services\"  data-wpil-monitor-id=\"10943\">Robotic Process Automation<\/a>) and Artificial Intelligence ( AI ). These technologies allow them to gain insights into insurance risk. It also enables the insurance company to set a suitable premium amount.<\/span><\/p>\n\n\n\n<h2 class=\"wp-block-heading\">\u00dcber die Marktforschung f\u00fcr Sach- und Unfallversicherungen<\/h2>\n\n\n\n<p class=\"p3\"><span class=\"s1\">SIS Market Research findet die Sach- und Unfallversicherung, die am besten zu Ihnen passt. Wir k\u00f6nnen uns auch um die Datenerfassung k\u00fcmmern. Rufen Sie uns noch heute f\u00fcr eine Beratung an.<\/span><\/p>\n\n\n\n<p><\/p>","protected":false},"excerpt":{"rendered":"<p>Steigern Sie die Leistung Ihres Unternehmens mit Marktforschung im Bereich Sach- und Unfallversicherung. <\/p>","protected":false},"author":1,"featured_media":63325,"parent":14514,"menu_order":53,"comment_status":"closed","ping_status":"closed","template":"","meta":{"footnotes":""},"class_list":["post-34603","page","type-page","status-publish","has-post-thumbnail"],"_links":{"self":[{"href":"https:\/\/www.sisinternational.com\/de\/wp-json\/wp\/v2\/pages\/34603","targetHints":{"allow":["GET"]}}],"collection":[{"href":"https:\/\/www.sisinternational.com\/de\/wp-json\/wp\/v2\/pages"}],"about":[{"href":"https:\/\/www.sisinternational.com\/de\/wp-json\/wp\/v2\/types\/page"}],"author":[{"embeddable":true,"href":"https:\/\/www.sisinternational.com\/de\/wp-json\/wp\/v2\/users\/1"}],"replies":[{"embeddable":true,"href":"https:\/\/www.sisinternational.com\/de\/wp-json\/wp\/v2\/comments?post=34603"}],"version-history":[{"count":6,"href":"https:\/\/www.sisinternational.com\/de\/wp-json\/wp\/v2\/pages\/34603\/revisions"}],"predecessor-version":[{"id":81790,"href":"https:\/\/www.sisinternational.com\/de\/wp-json\/wp\/v2\/pages\/34603\/revisions\/81790"}],"up":[{"embeddable":true,"href":"https:\/\/www.sisinternational.com\/de\/wp-json\/wp\/v2\/pages\/14514"}],"wp:featuredmedia":[{"embeddable":true,"href":"https:\/\/www.sisinternational.com\/de\/wp-json\/wp\/v2\/media\/63325"}],"wp:attachment":[{"href":"https:\/\/www.sisinternational.com\/de\/wp-json\/wp\/v2\/media?parent=34603"}],"curies":[{"name":"wp","href":"https:\/\/api.w.org\/{rel}","templated":true}]}}