{"id":34575,"date":"2020-02-09T19:04:51","date_gmt":"2020-02-09T19:04:51","guid":{"rendered":"https:\/\/www.sisinternational.com\/?page_id=34575"},"modified":"2026-01-25T18:36:24","modified_gmt":"2026-01-25T23:36:24","slug":"groshandelsbankenmarktforschung","status":"publish","type":"page","link":"https:\/\/www.sisinternational.com\/de\/losungen\/fintech-strategieberatung-forschung\/groshandelsbankenmarktforschung\/","title":{"rendered":"Marktforschung f\u00fcr Gro\u00dfkunden"},"content":{"rendered":"<h1 class=\"wp-block-heading\">Marktforschung f\u00fcr Gro\u00dfkunden<\/h1>\n\n\n\n<figure class=\"gb-block-image gb-block-image-af4d13d8\"><img loading=\"lazy\" decoding=\"async\" width=\"1456\" height=\"816\" class=\"gb-image gb-image-af4d13d8\" src=\"https:\/\/www.sisinternational.com\/wp-content\/uploads\/2025\/08\/Bank-5.jpg\" alt=\"SIS International Marktforschung &amp; Strategie\" title=\"Bank (5)\" srcset=\"https:\/\/www.sisinternational.com\/wp-content\/uploads\/2025\/08\/Bank-5.jpg 1456w, https:\/\/www.sisinternational.com\/wp-content\/uploads\/2025\/08\/Bank-5-300x168.jpg 300w, https:\/\/www.sisinternational.com\/wp-content\/uploads\/2025\/08\/Bank-5-1024x574.jpg 1024w, https:\/\/www.sisinternational.com\/wp-content\/uploads\/2025\/08\/Bank-5-768x430.jpg 768w, https:\/\/www.sisinternational.com\/wp-content\/uploads\/2025\/08\/Bank-5-18x10.jpg 18w\" sizes=\"auto, (max-width: 1456px) 100vw, 1456px\"><\/figure>\n\n\n\n<p><\/p>\n\n\n\n<hr class=\"wp-block-separator has-alpha-channel-opacity is-style-dots\"\/>\n\n\n\n<h2 class=\"wp-block-heading p3\"><span class=\"s1\">Wholesale banking consists of services from banks to larger organizations and corporations such as real estate developers. <\/span><\/h2>\n\n\n\n<p class=\"p3\"><span class=\"s1\">Auch KMUs sind bedeutende Nutzer von Wholesale-Banking-Dienstleistungen. An diesem Bankmodell k\u00f6nnen auch Investoren und ausl\u00e4ndische\/internationale H\u00e4ndler beteiligt sein. Somit kann das Wholesale-Banking eine Reihe unterschiedlicher Themen abdecken. <\/span><\/p>\n\n\n\n<p class=\"p3\"><span class=\"s1\">Zu den Dienstleistungen des Gro\u00dfkundengesch\u00e4fts geh\u00f6rt der vollst\u00e4ndige W\u00e4hrungsumtausch. Es bietet auch Kapitalfinanzierung an. Gro\u00dfkundengesch\u00e4fte spielen auch eine Rolle bei der Kreditvergabe und -aufnahme von Geldern. Der Prozess des Ausleihens und Verleihens ist ein bedeutendes Ereignis. Er findet t\u00e4glich im kommerziellen Verkauf und bei Dienstleistungen statt. Finanzinstitute k\u00fcmmern sich nicht immer um alle Aspekte des Kredits. Kredite zwischen zwei gro\u00dfen Organisationen oder Institutionen k\u00f6nnen bestimmte Gro\u00dfkundengesch\u00e4ftsfunktionen erfordern. Prominente Regierungsvertreter und -beh\u00f6rden nutzen ebenfalls Gro\u00dfkundengesch\u00e4ftsdienstleistungen. Weitere Beispiele f\u00fcr reservierte Dienstleistungen sind Pensionsfonds und institutionelle Kunden\/Verbraucher.<\/span><\/p>\n\n\n\n<h2 class=\"wp-block-heading\"><strong>Marktforschung im Gro\u00dfkundengesch\u00e4ft verstehen<\/strong><\/h2>\n\n\n\n<p><span style=\"font-weight: 400;\">Wholesale <a href=\"https:\/\/www.sisinternational.com\/de\/trend-update-zum-islamischen-bank-und-finanzwesen\/\" title=\"Marktforschung f\u00fcr das islamische Bankwesen\"  data-wpil-monitor-id=\"2853\">banking market research<\/a> unveils large-scale financial entities&#8217; motivations, behaviors, and preferences. It involves a comprehensive analysis of market trends, competitive dynamics, and regulatory impacts that shape the environment in which these banks operate.<\/span><\/p>\n\n\n\n<p><span style=\"font-weight: 400;\">Moreover, wholesale banking market research transcends beyond mere product analysis; it delves into the customer journey, exploring how digital transformation influences client interactions and service delivery. <\/span><\/p>\n\n\n\n<h2 class=\"wp-block-heading p6\"><span class=\"s1\">Warum ist Marktforschung im Gro\u00dfkundengesch\u00e4ft wichtig?<\/span><\/h2>\n\n\n\n<figure class=\"gb-block-image gb-block-image-fe1e9e07\"><img loading=\"lazy\" decoding=\"async\" width=\"1456\" height=\"816\" class=\"gb-image gb-image-fe1e9e07\" src=\"https:\/\/www.sisinternational.com\/wp-content\/uploads\/2025\/09\/Money-3-2.jpg\" alt=\"SIS International Marktforschung &amp; Strategie\" title=\"Money 3 (2)\" srcset=\"https:\/\/www.sisinternational.com\/wp-content\/uploads\/2025\/09\/Money-3-2.jpg 1456w, https:\/\/www.sisinternational.com\/wp-content\/uploads\/2025\/09\/Money-3-2-300x168.jpg 300w, https:\/\/www.sisinternational.com\/wp-content\/uploads\/2025\/09\/Money-3-2-1024x574.jpg 1024w, https:\/\/www.sisinternational.com\/wp-content\/uploads\/2025\/09\/Money-3-2-768x430.jpg 768w, https:\/\/www.sisinternational.com\/wp-content\/uploads\/2025\/09\/Money-3-2-18x10.jpg 18w\" sizes=\"auto, (max-width: 1456px) 100vw, 1456px\"><\/figure>\n\n\n\n<p><\/p>\n\n\n\n<p class=\"p3\"><span class=\"s1\">A marketer must get the right product to the right place with the right price to the right person. Market research ensures that wholesale banking is the right product. It tells wholesale banking operations which markets they should enter, and when. It also helps them to decide on product pricing. The <a href=\"https:\/\/www.sisinternational.com\/de\/sachverstand\/branchen\/okologie-marktforschung\/\" title=\"\u00d6kologie Marktforschung\"  data-wpil-monitor-id=\"3899\">market intelligence provided through research<\/a> is a boon for companies. It enables them to frame and put sound strategies in place.<\/span><\/p>\n\n\n\n<p><span style=\"font-weight: 400;\">Furthermore, this market research offers invaluable insights into the competitive landscape. Understanding the strengths and weaknesses of competitors, as well as their strategic moves, allows banks to position themselves advantageously. It also sheds light on customer satisfaction and loyalty, highlighting areas where service improvements are needed and banks are excelling.<\/span><\/p>\n\n\n\n<p><span style=\"font-weight: 400;\">Additionally, wholesale banking market research assists in risk management by identifying potential risks associated with market fluctuations, economic downturns, or changes in client industries. By having a comprehensive view of these factors, banks can devise robust risk mitigation strategies that protect their interests and clients&#8230; But, it has many other benefits for banks, including:<\/span><\/p>\n\n\n\n<p><b> \u2022 Informierte Produktentwicklung:<\/b><span style=\"font-weight: 400;\"> Durch Marktforschung im Gro\u00dfkundengesch\u00e4ft gewinnen die Institute differenzierte Einblicke in die Kundenbed\u00fcrfnisse und k\u00f6nnen so ma\u00dfgeschneiderte Produkte und Dienstleistungen entwickeln, die den spezifischen Anforderungen des Marktes gerecht werden.&nbsp;<\/span><\/p>\n\n\n\n<p><b> \u2022 Wettbewerbsvorteil: <\/b><span style=\"font-weight: 400;\">Indem sie den Puls der Branche im Auge behalten, k\u00f6nnen Banken Marktforschung im Gro\u00dfkundengesch\u00e4ft nutzen, um der Konkurrenz einen Schritt voraus zu sein. Sie hilft dabei, Alleinstellungsmerkmale und Verbesserungsbereiche zu identifizieren, sodass sich die Banken mit ihren Angeboten auf einem \u00fcberf\u00fcllten Markt von der Konkurrenz abheben k\u00f6nnen.<\/span><\/p>\n\n\n\n<p><b> \u2022 Risikominderung:<\/b><span style=\"font-weight: 400;\"> Marktforschung liefert ein klares Bild potenzieller Herausforderungen und wirtschaftlicher Ver\u00e4nderungen und unterst\u00fctzt Banken bei der Entwicklung robuster Strategien zum Risikomanagement.<\/span><\/p>\n\n\n\n<p><b> \u2022 Einhaltung gesetzlicher Vorschriften:<\/b><span style=\"font-weight: 400;\"> Marktforschung im Gro\u00dfkundengesch\u00e4ft deckt die Auswirkungen neuer Regulierungen auf. So k\u00f6nnen Banken die rechtliche Landschaft proaktiv steuern und teure Strafen vermeiden.<\/span><\/p>\n\n\n\n<p><b>\u2022 Betriebseffizienz:<\/b><span style=\"font-weight: 400;\"> Mit einem umfassenden Verst\u00e4ndnis der Marktdynamik k\u00f6nnen Banken ihre Abl\u00e4ufe rationalisieren, um Kosten zu senken und die Effizienz zu verbessern. Dies kann Investitionen in Technologien umfassen, die den Marktanforderungen entsprechen, oder die Neugestaltung von Prozessen, um den Kunden einen besseren Service zu bieten.<\/span><\/p>\n\n\n\n<h2 class=\"wp-block-heading\"><strong>Wer nutzt Marktforschung im Gro\u00dfkundengesch\u00e4ft<\/strong><\/h2>\n\n\n\n<figure class=\"gb-block-image gb-block-image-def332b1\"><img loading=\"lazy\" decoding=\"async\" width=\"1456\" height=\"816\" class=\"gb-image gb-image-def332b1\" src=\"https:\/\/www.sisinternational.com\/wp-content\/uploads\/2025\/08\/Fintech-7.jpg\" alt=\"SIS International Marktforschung &amp; Strategie\" title=\"Fintech (7)\" srcset=\"https:\/\/www.sisinternational.com\/wp-content\/uploads\/2025\/08\/Fintech-7.jpg 1456w, https:\/\/www.sisinternational.com\/wp-content\/uploads\/2025\/08\/Fintech-7-300x168.jpg 300w, https:\/\/www.sisinternational.com\/wp-content\/uploads\/2025\/08\/Fintech-7-1024x574.jpg 1024w, https:\/\/www.sisinternational.com\/wp-content\/uploads\/2025\/08\/Fintech-7-768x430.jpg 768w, https:\/\/www.sisinternational.com\/wp-content\/uploads\/2025\/08\/Fintech-7-18x10.jpg 18w\" sizes=\"auto, (max-width: 1456px) 100vw, 1456px\"><\/figure>\n\n\n\n<p><\/p>\n\n\n\n<p><span style=\"font-weight: 400;\">At the operational level, product managers and development teams utilize insights from wholesale banking market research to design financial products that meet corporate clients&#8217; evolving needs. It helps in identifying gaps in the service portfolio and opportunities for innovation, ensuring that the bank&#8217;s offerings remain relevant and competitive.<\/span><\/p>\n\n\n\n<p><span style=\"font-weight: 400;\">Sales and marketing departments also benefit significantly from this type of <a href=\"https:\/\/www.sisinternational.com\/de\/losungen\/fintech-strategieberatung-forschung\/libor-marktforschung\/\" title=\"Libor-Marktforschung\"  data-wpil-monitor-id=\"4997\">Forschung<\/a>. With a deeper understanding of client profiles and market demands, they can craft targeted marketing campaigns and sales strategies that resonate with their audience, ultimately leading to increased conversion rates and stronger client relationships.<\/span><\/p>\n\n\n\n<p><span style=\"font-weight: 400;\">Risikomanagement-Experten in Gro\u00dfkundenbanken nutzen Marktforschung, um potenzielle Risiken im Zusammenhang mit Marktvolatilit\u00e4t, Konjunkturzyklen und Kreditengagements einzusch\u00e4tzen und zu mindern. <\/span><\/p>\n\n\n\n<h2 class=\"wp-block-heading\"><strong>Wann sollte eine Marktforschung im Gro\u00dfkundengesch\u00e4ft durchgef\u00fchrt werden?<\/strong><\/h2>\n\n\n\n<p><span style=\"font-weight: 400;\">In der dynamischen Landschaft des Gro\u00dfkundengesch\u00e4fts ist das Timing alles. Zu wissen, wann man Marktforschung im Gro\u00dfkundengesch\u00e4ft durchf\u00fchren sollte, kann genauso entscheidend sein wie die Marktforschung selbst. Hier ein Blick auf die Schl\u00fcsselmomente, in denen Marktforschung im Gro\u00dfkundengesch\u00e4ft besonders wichtig wird:<\/span><\/p>\n\n\n\n<p><b>Nach regulatorischen \u00c4nderungen<\/b><\/p>\n\n\n\n<p><span style=\"font-weight: 400;\">Banks must assess the impact on their operations and clients when regulatory landscapes shift. Wholesale banking market research helps institutions navigate these changes and adjust their strategies accordingly.<\/span><\/p>\n\n\n\n<p><b>Nach bedeutenden wirtschaftlichen Ereignissen<\/b><\/p>\n\n\n\n<p><span style=\"font-weight: 400;\">Economic downturns, booms, and other significant events can alter the banking environment. Conducting wholesale banking market research after such events provides banks with an updated understanding of the new economic climate.<\/span><\/p>\n\n\n\n<p><b>Als Reaktion auf den technologischen Fortschritt<\/b><\/p>\n\n\n\n<p><span style=\"font-weight: 400;\">Angesichts der neuen Technologien, die auf den Markt kommen und den Gro\u00dfkundensektor beeinflussen, kann die Marktforschung den Banken dabei helfen, diese Technologien so einzuf\u00fchren und zu integrieren, dass sie f\u00fcr ihre Kunden einen Mehrwert schaffen.<\/span><\/p>\n\n\n\n<h2 class=\"wp-block-heading\"><strong>Marktforschung im Gro\u00dfkundengesch\u00e4ft vs. traditionelle Marktforschung<\/strong><\/h2>\n\n\n\n<p><span style=\"font-weight: 400;\">Im Gegensatz zur traditionellen Marktforschung, die sich h\u00e4ufig auf das Verhalten und die Vorlieben der Massenkonsumenten konzentriert, konzentriert sich die Marktforschung im Gro\u00dfkundengesch\u00e4ft auf die Bed\u00fcrfnisse und Erwartungen von Unternehmenskunden, Finanzinstituten und Regierungen. Dies erfordert einen ma\u00dfgeschneiderten Ansatz, da die Eins\u00e4tze deutlich h\u00f6her und die L\u00f6sungen komplexer sind.<\/span><\/p>\n\n\n\n<p><span style=\"font-weight: 400;\">Das Gro\u00dfkundengesch\u00e4ft ist Vorreiter bei der Einf\u00fchrung hochmoderner Technologien wie Blockchain, KI und fortschrittlicher Analytik. Die Marktforschung in diesem Sektor untersucht h\u00e4ufig die Einf\u00fchrung und Auswirkung dieser Technologien innerhalb der Branche, was in der traditionellen Marktforschung weniger \u00fcblich ist.<\/span><\/p>\n\n\n\n<h2 class=\"wp-block-heading\">Trends<\/h2>\n\n\n\n<figure class=\"gb-block-image gb-block-image-a2e13794\"><img loading=\"lazy\" decoding=\"async\" width=\"1456\" height=\"816\" class=\"gb-image gb-image-a2e13794\" src=\"https:\/\/www.sisinternational.com\/wp-content\/uploads\/2025\/08\/Fintech-15.jpg\" alt=\"SIS International Marktforschung &amp; Strategie\" title=\"Fintech (15)\" srcset=\"https:\/\/www.sisinternational.com\/wp-content\/uploads\/2025\/08\/Fintech-15.jpg 1456w, https:\/\/www.sisinternational.com\/wp-content\/uploads\/2025\/08\/Fintech-15-300x168.jpg 300w, https:\/\/www.sisinternational.com\/wp-content\/uploads\/2025\/08\/Fintech-15-1024x574.jpg 1024w, https:\/\/www.sisinternational.com\/wp-content\/uploads\/2025\/08\/Fintech-15-768x430.jpg 768w, https:\/\/www.sisinternational.com\/wp-content\/uploads\/2025\/08\/Fintech-15-18x10.jpg 18w\" sizes=\"auto, (max-width: 1456px) 100vw, 1456px\"><\/figure>\n\n\n\n<p><\/p>\n\n\n\n<p class=\"p3\"><span class=\"s1\">Im Bereich Wholesale Banking zeichnen sich neue Trends ab. Hier sind f\u00fcnf Trends, die Sie kennen sollten:<\/span><\/p>\n\n\n\n<p><span class=\"s1\"><b>\u2022 Kundenorientierung<\/b> ist eine einzigartige Methode zur Gesch\u00e4ftsabwicklung. Sie verbessert das gesamte Kundenerlebnis. Die Verbesserung des Kundenerlebnisses ist sehr wichtig. Sie f\u00fchrt zu einem erfolgreichen Ergebnis. Das Kundenerlebnis tr\u00e4gt auch dazu bei, den Ruf und die Qualit\u00e4t von Banken zu verbessern. Kundenorientierung ist eine sehr effektive Methode zum Aufbau von Kundenvertrauen und -beziehungen. Die Sicherstellung, dass Banken treue Kunden haben, ist ein grundlegender Aspekt ihres Erfolgs. <\/span><\/p>\n\n\n\n<p><span class=\"s1\"><b>\u2022 APIs<\/b> sind einzigartige Schnittstellen f\u00fcr die Programmierung. Diese Anwendungen tragen dazu bei, das Banking f\u00fcr alle Beteiligten zug\u00e4nglicher und bequemer zu machen. Finanzdienstleistungen werden durch die Verwendung von APIs st\u00e4ndig aktualisiert. Zahlungen spielen auch f\u00fcr Finanzinstitute und ihren Erfolg eine wesentliche Rolle. Zahlungen sind das, was Banken voranbringt. Sie erhalten regelm\u00e4\u00dfige und regelm\u00e4\u00dfige Zahlungen von ihren Kunden und Klienten. Sie m\u00fcssen sicherstellen, dass die Kunden Zahlungen leisten. Dies tr\u00e4gt dazu bei, dass das Unternehmen gut l\u00e4uft. <\/span><\/p>\n\n\n\n<p><span class=\"s1\"><b>\u2022 Risikomanagement<\/b> Risk management is a careful evaluation of risk versus reward. Companies need to do risk management for every significant undertaking. Risk management aims to minimize the impact of a negative outcome. For example, with every financial deal, there is a level of risk involved. <\/span><\/p>\n\n\n\n<p><span class=\"s1\"><b>\u2022 RegTech<\/b> ist ein neues Konzept und eine neue Technologie. Einige Experten definieren es als die Zukunft des Bankwesens, und das Gro\u00dfkundengesch\u00e4ft bildet hier keine Ausnahme. Was bedeutet Reg Tech? Es bezieht sich auf die Implementierung intelligenter L\u00f6sungen zur Senkung der Kosten im Zusammenhang mit der Einhaltung gesetzlicher Vorschriften. Der Regulierungsprozess erfordert eine riesige Menge an Daten. RegTech verwendet innovative und hochmoderne Technologie, um diese Daten bereitzustellen.<\/span><\/p>\n\n\n\n<p><span class=\"s1\"><b>\u2022 Kleine und mittlere Unternehmen (KMU)<\/b>, sind ebenfalls ein einzigartiger Aspekt des Handels. Dieses Modell hat andere Anforderungen als gro\u00dfe Unternehmen. Gro\u00dfbanken sind immer auf der Suche nach KMU. Sie machen den Gro\u00dfteil der kommerziellen Bev\u00f6lkerung aus. KMU haben ihre eigenen Anforderungen, die sich auf bestimmte Faktoren beziehen. Beispielsweise ben\u00f6tigen sie m\u00f6glicherweise mehr Hilfe bei ihren IT-Anforderungen, da sie in dieser Abteilung h\u00e4ufig mit Herausforderungen konfrontiert werden. Gr\u00f6\u00dferen Unternehmen stehen mehr Ressourcen zur Verf\u00fcgung. Deshalb ist es wichtig, geeignete Schritte zu unternehmen, um sicherzustellen, dass KMU ihre Aufgaben auf dem neuesten Stand halten. Ein Mangel an Infrastruktur sollte den t\u00e4glichen Gesch\u00e4ftsbetrieb niemals st\u00f6ren.<\/span><\/p>\n\n\n\n<h2 class=\"wp-block-heading\"><strong>M\u00f6glichkeiten der Marktforschung im Gro\u00dfkundengesch\u00e4ft<\/strong><\/h2>\n\n\n\n<p><span style=\"font-weight: 400;\">Marktforschung im Bereich Gro\u00dfkundengesch\u00e4ft er\u00f6ffnet Unternehmen zahlreiche Chancen. Durch die Nutzung der Erkenntnisse, die sie liefert, k\u00f6nnen Finanzinstitute entwicklungsreife Bereiche identifizieren, ihre Wettbewerbsstrategien verbessern und letztlich ihren Gewinn steigern.&nbsp;<\/span><\/p>\n\n\n\n<p><b> <span class=\"s1\">- <\/span>Innovation und Produktentwicklung:<\/b><span style=\"font-weight: 400;\"> <a href=\"https:\/\/www.sisinternational.com\/de\/sachverstand\/branchen\/schuhmarktforschung\/\" title=\"Schuhmarktforschung\"  data-wpil-monitor-id=\"3930\">Research can highlight gaps in the market<\/a> or emerging needs of clients that innovative products or services could fill. This drives product development and helps banks offer cutting-edge solutions that differentiate them from competitors.<\/span><\/p>\n\n\n\n<p><b> <span class=\"s1\">- <\/span>Markterweiterung:<\/b><span style=\"font-weight: 400;\"> Durch Marktforschung k\u00f6nnen unterversorgte M\u00e4rkte oder Regionen mit ungenutztem Potenzial aufgezeigt werden. Banken k\u00f6nnen dieses Wissen nutzen, um ihre geografische Pr\u00e4senz zu erweitern oder neue Kundensegmente anzusprechen.<\/span><\/p>\n\n\n\n<p><b> <span class=\"s1\">- <\/span>Strategische Partnerschaft:<\/b><span style=\"font-weight: 400;\"> Die Untersuchung kann M\u00f6glichkeiten f\u00fcr strategische Partnerschaften, Fusionen oder \u00dcbernahmen aufzeigen, die das Serviceangebot verbessern, neue M\u00e4rkte erschlie\u00dfen oder technologische Fortschritte zu ihrem Vorteil nutzen k\u00f6nnen.<\/span><\/p>\n\n\n\n<p><b> <span class=\"s1\">- <\/span>Digitale Transformation:<\/b><span style=\"font-weight: 400;\"> Da die Technologie die Finanzbranche weiterhin umgestaltet, kann die Marktforschung den Banken Hinweise geben, wo sie in digitale Infrastrukturen wie Blockchain, k\u00fcnstliche Intelligenz und Datenanalyse investieren sollten, um wettbewerbsf\u00e4hig zu bleiben und den steigenden Anforderungen ihrer Firmenkunden gerecht zu werden.<\/span><\/p>\n\n\n\n<h2 class=\"wp-block-heading\">Unsere L\u00f6sungen<\/h2>\n\n\n\n<figure class=\"wp-block-image\"><img decoding=\"async\" src=\"https:\/\/www.sisinternational.com\/wp-content\/uploads\/2025\/01\/Financial-services-14.jpeg\" alt=\"SIS International Marktforschung &amp; Strategie\" class=\"wp-image-55782\"><\/figure>\n\n\n\n<p><\/p>\n\n\n\n<p>We are a <a class=\"wpil_keyword_link\" href=\"https:\/\/www.sisinternational.com\/de\/sachverstand\/globales-marktforschungsunternehmen\/\"   title=\"Globales Marktforschungsunternehmen\" data-wpil-keyword-link=\"linked\"  data-wpil-monitor-id=\"443\">Globale Marktforschung<\/a> and Strategy Consulting company that provides:<\/p>\n\n\n\n<ul class=\"wp-block-list\">\n<li>Kundenforschung<\/li>\n\n\n\n<li>B2B-Entscheidungstr\u00e4gerforschung<\/li>\n\n\n\n<li>Schwerpunktgruppen<\/li>\n\n\n\n<li>Umfragen<\/li>\n\n\n\n<li>Online-Communitys<\/li>\n\n\n\n<li>Markteinsch\u00e4tzungen<\/li>\n\n\n\n<li>Wettbewerbsanalyse<\/li>\n\n\n\n<li><a class=\"wpil_keyword_link\" href=\"https:\/\/www.sisinternational.com\/de\/losungen\/fintech-strategieberatung-forschung\/blockchain-marktforschung\/\"   title=\"Blockchain-Marktforschung\" data-wpil-keyword-link=\"linked\"  data-wpil-monitor-id=\"444\">Blockchain-Marktforschung<\/a><\/li>\n<\/ul>\n\n\n\n<h2 class=\"wp-block-heading\">Unser Standort in New York<\/h2>\n\n\n\n<p>  <iframe loading=\"lazy\" src=\"https:\/\/www.google.com\/maps\/embed?pb=!1m18!1m12!1m3!1d3022.976188376966!2d-73.99130312499956!3d40.740549471389315!2m3!1f0!2f0!3f0!3m2!1i1024!2i768!4f13.1!3m3!1m2!1s0x89c259a15798c731%3A0xd695d09bdd495f25!2s11%20E%2022nd%20St%20FL%202%2C%20New%20York%2C%20NY%2010010%2C%20USA!5e0!3m2!1sen!2spe!4v1726171763526!5m2!1sen!2spe\" width=\"600\" height=\"450\" allowfullscreen=\"allowfullscreen\" data-mce-fragment=\"1\"><\/iframe>  <\/p>\n\n\n\n<h3 class=\"wp-block-heading\">11 E 22nd Street, Floor 2, New York, NY 10010 T: +1(212) 505-6805<\/h3>\n\n\n\n<hr class=\"wp-block-separator has-alpha-channel-opacity\"\/>\n\n\n\n<h2 class=\"wp-block-heading\"><span style=\"font-weight: 400;\">\u00dcber SIS International<\/span><\/h2>\n\n\n\n<p><a href=\"https:\/\/www.sisinternational.com\/de\/\"><span style=\"font-weight: 400;\">SIS International<\/span><\/a><span style=\"font-weight: 400;\"> bietet quantitative, qualitative und strategische Forschung an. Wir liefern Daten, Tools, Strategien, Berichte und Erkenntnisse zur Entscheidungsfindung. Wir f\u00fchren auch Interviews, Umfragen, Fokusgruppen und andere Methoden und Ans\u00e4tze der Marktforschung durch.<\/span><a href=\"https:\/\/www.sisinternational.com\/de\/uber-sis-international-research\/contact-sis-international-market-research\/\"><span style=\"font-weight: 400;\"> Kontakt<\/span><\/a><span style=\"font-weight: 400;\"> f\u00fcr Ihr n\u00e4chstes Marktforschungsprojekt.<\/span><\/p>\n\n\n\n<p><\/p>","protected":false},"excerpt":{"rendered":"<p>SIS FinTech Research and Strategy bietet Marktforschung im Bereich Gro\u00dfkundengesch\u00e4ft an.<\/p>","protected":false},"author":1,"featured_media":62867,"parent":27462,"menu_order":22,"comment_status":"closed","ping_status":"closed","template":"","meta":{"footnotes":""},"class_list":["post-34575","page","type-page","status-publish","has-post-thumbnail"],"_links":{"self":[{"href":"https:\/\/www.sisinternational.com\/de\/wp-json\/wp\/v2\/pages\/34575","targetHints":{"allow":["GET"]}}],"collection":[{"href":"https:\/\/www.sisinternational.com\/de\/wp-json\/wp\/v2\/pages"}],"about":[{"href":"https:\/\/www.sisinternational.com\/de\/wp-json\/wp\/v2\/types\/page"}],"author":[{"embeddable":true,"href":"https:\/\/www.sisinternational.com\/de\/wp-json\/wp\/v2\/users\/1"}],"replies":[{"embeddable":true,"href":"https:\/\/www.sisinternational.com\/de\/wp-json\/wp\/v2\/comments?post=34575"}],"version-history":[{"count":12,"href":"https:\/\/www.sisinternational.com\/de\/wp-json\/wp\/v2\/pages\/34575\/revisions"}],"predecessor-version":[{"id":78906,"href":"https:\/\/www.sisinternational.com\/de\/wp-json\/wp\/v2\/pages\/34575\/revisions\/78906"}],"up":[{"embeddable":true,"href":"https:\/\/www.sisinternational.com\/de\/wp-json\/wp\/v2\/pages\/27462"}],"wp:featuredmedia":[{"embeddable":true,"href":"https:\/\/www.sisinternational.com\/de\/wp-json\/wp\/v2\/media\/62867"}],"wp:attachment":[{"href":"https:\/\/www.sisinternational.com\/de\/wp-json\/wp\/v2\/media?parent=34575"}],"curies":[{"name":"wp","href":"https:\/\/api.w.org\/{rel}","templated":true}]}}