{"id":34568,"date":"2020-02-08T21:49:34","date_gmt":"2020-02-08T21:49:34","guid":{"rendered":"https:\/\/www.sisinternational.com\/?page_id=34568"},"modified":"2026-01-25T16:41:14","modified_gmt":"2026-01-25T21:41:14","slug":"datenanalyse","status":"publish","type":"page","link":"https:\/\/www.sisinternational.com\/de\/losungen\/strategieberatung\/datenanalyse\/","title":{"rendered":"Datenanalyse-Unternehmen"},"content":{"rendered":"<h1 class=\"wp-block-heading\">Datenanalyse-Unternehmen<\/h1>\n\n\n\n<figure class=\"gb-block-image gb-block-image-68ed9aa7\"><img loading=\"lazy\" decoding=\"async\" width=\"1456\" height=\"816\" class=\"gb-image gb-image-68ed9aa7\" src=\"https:\/\/www.sisinternational.com\/wp-content\/uploads\/2025\/08\/Data-38.jpg\" alt=\"SIS International Marktforschung &amp; Strategie\" title=\"Data (38)\" srcset=\"https:\/\/www.sisinternational.com\/wp-content\/uploads\/2025\/08\/Data-38.jpg 1456w, https:\/\/www.sisinternational.com\/wp-content\/uploads\/2025\/08\/Data-38-300x168.jpg 300w, https:\/\/www.sisinternational.com\/wp-content\/uploads\/2025\/08\/Data-38-1024x574.jpg 1024w, https:\/\/www.sisinternational.com\/wp-content\/uploads\/2025\/08\/Data-38-768x430.jpg 768w, https:\/\/www.sisinternational.com\/wp-content\/uploads\/2025\/08\/Data-38-18x10.jpg 18w\" sizes=\"auto, (max-width: 1456px) 100vw, 1456px\"><\/figure>\n\n\n\n<p><\/p>\n\n\n\n<h2 class=\"wp-block-heading p3\"><span class=\"s1\">Verwandeln Sie Ihre Daten in Erkenntnisse<\/span><\/h2>\n\n\n\n<p class=\"p3\"><span class=\"s1\">Do you feel your business is missing insight for confident decision making?&nbsp; Having support from a professional Data &amp; Analytics team can improve the effectiveness and profitability of your business. <\/span><\/p>\n\n\n\n<p class=\"p3\"><span class=\"s1\">Allerdings kann die Einrichtung eines internen Data &amp; Analytics-Teams in Ihrem Unternehmen eine kostspielige und anspruchsvolle Aufgabe sein. Es kann einige Zeit dauern, bis das neue Team produktiv wird, Ergebnisse liefert und einen Return on Investment (ROI) erwirtschaftet. <\/span><\/p>\n\n\n\n<p class=\"p3\"><span class=\"s1\">Have you considered outsourcing your Data &amp; Analytics department? A professional <a href=\"https:\/\/www.sisinternational.com\/de\/sis-application-of-quantitative-data-analytics-to-sensory-testing\/\" title=\"SIS Application of Quantitative Data Analytics to Sensory Testing\"  data-wpil-monitor-id=\"1280\">Data Analytics consultancy like SIS<\/a> can provide you with cutting-edge analysis, tools, analytics and reports. By outsourcing Data Analysis, you can also receive the required reports rapidly and cost effectively. <\/span><\/p>\n\n\n\n<h2 class=\"wp-block-heading p3\"><span class=\"s1\">Unser Wertversprechen<\/span><\/h2>\n\n\n\n<p class=\"p3\"><span class=\"s1\">At SIS Research, our reports are clear and easy to digest. We have experts who add value with their experience. We gather and analyze your data rapidly. We are your strategic partner for Data Science and <a href=\"https:\/\/www.sisinternational.com\/de\/sachverstand\/branchen\/data-science-analytik-beratung\/\" title=\"Data Science und Analytics Beratung\"  data-wpil-monitor-id=\"3675\">Datenanalyse<\/a>.<\/span><\/p>\n\n\n\n<h2 class=\"wp-block-heading\">Wir sind kosteng\u00fcnstiger und spezialisierter als die Beauftragung eines Data Science-Teams.<\/h2>\n\n\n\n<p class=\"p3\"><span class=\"s1\">Unsere Data &amp; Analytics-Teams kennen viele Analysetechniken. Wir k\u00f6nnen Ihnen Einblick in alle Ihre Gesch\u00e4ftsprozesse verschaffen. Mit mehr Einblick wird die Entscheidungsfindung nat\u00fcrlicher und effektiver. Sie k\u00f6nnen neue Vorteilsquellen erschlie\u00dfen und Wege finden, um profitabler zu werden.<\/span><\/p>\n\n\n\n<h2 class=\"wp-block-heading\">Unsere Benefits<\/h2>\n\n\n\n<ul class=\"wp-block-list\">\n<li>Kosteneffizient<\/li>\n\n\n\n<li>Spezialisiert<\/li>\n\n\n\n<li>Schnell<\/li>\n\n\n\n<li>Allgemein<\/li>\n\n\n\n<li>Unparteiisch<\/li>\n\n\n\n<li>Strategisches, umsetzbares erweitertes Reporting<\/li>\n\n\n\n<li>Erweiterte Statistikfunktionen<\/li>\n<\/ul>\n\n\n\n<h2 class=\"wp-block-heading\">L\u00f6sungen<\/h2>\n\n\n\n<p class=\"p3\"><span class=\"s1\">Bei SIS Research bieten wir die folgenden L\u00f6sungen an:<\/span><\/p>\n\n\n\n<ul class=\"wp-block-list\">\n<li><span class=\"s1\"><b>Datenvisualisierung und Tableau.<\/b> Unsere Tools stellen Ihre Ergebnisse grafisch dar, sodass sie leicht zu verarbeiten und zu verstehen sind. Wir k\u00f6nnen sie nach Ihren Anforderungen und W\u00fcnschen gestalten. <\/span><\/li>\n\n\n\n<li><span class=\"s1\"><b>Regressionsanalyse<\/b> zeigt die Beziehung zwischen zwei oder mehr Variablen. Dieses Tool hilft Ihnen zu verstehen, wie die Komponenten im System miteinander in Beziehung stehen. Es zeigt die Elemente, die verbessert werden m\u00fcssen, um einen positiven Einfluss auf die Organisation zu erzielen. <\/span><\/li>\n\n\n\n<li><span class=\"s1\">Mit <b>Conjoint-Analyse<\/b>pr\u00fcfen Sie, wie Ihre Produkte und Dienstleistungen funktionieren. Sie sehen auch, wie Ihre Kunden sie wahrnehmen. Conjoint analysiert die verschiedenen Komponenten und Merkmale Ihrer Produkte und Dienstleistungen. Kunden k\u00f6nnen einzelne Teile bewerten. Diese Bewertung liefert Marketingteams wertvolle Informationen. <\/span><\/li>\n\n\n\n<li><span class=\"s1\"><b>Pr\u00e4diktive Analytik<\/b> zuk\u00fcnftige Muster und Trends vorhersagen. Durch die Analyse historischer Daten k\u00f6nnen wir zuk\u00fcnftige Ergebnisse vorhersagen. <\/span><\/li>\n\n\n\n<li><span class=\"s1\"><b>Varianzanalyse (ANOVA)<\/b> vergleicht die Unterschiede zwischen mehr als zwei Variablen. Genauer gesagt untersucht es die Variation innerhalb von Gruppen. Es analysiert auch die Ver\u00e4nderung zwischen Gruppen. ANOVA ist ein hilfreiches Tool zum Verst\u00e4ndnis komplizierterer Datens\u00e4tze. <\/span><\/li>\n\n\n\n<li><span class=\"s1\"><b>Monte Carlo Analyse<\/b> erm\u00f6glicht es Forschern, mehrere Versuche durchzuf\u00fchren. Wir k\u00f6nnen alle m\u00f6glichen Ergebnisse eines Ereignisses oder einer Investition definieren. <\/span><\/li>\n\n\n\n<li><span class=\"s1\"><b>Datenmodellierung<\/b> betrachtet die Konzepte, f\u00fcr die Sie Daten verfolgen m\u00f6chten, und diese werden zu Tabellen in einer Datenbank. <\/span><\/li>\n\n\n\n<li><span class=\"s1\"><b>SQL und Python<\/b> ist ein weiteres Analysetool, das Datenwissenschaftlern viele M\u00f6glichkeiten bietet. Mit diesem Tool k\u00f6nnen gesammelte Daten einfach verarbeitet, abgefragt und verwendet werden. <\/span><\/li>\n\n\n\n<li><span class=\"s1\">Wir bieten <b>ROA- und ROE-Analyse<\/b>ROA steht f\u00fcr Return on Assets (Kapitalrendite) und ROE f\u00fcr Return on Equity (Eigenkapitalrendite). <\/span><\/li>\n\n\n\n<li><span class=\"s1\">A <b>Saisonaler Bericht<\/b> ist der Punkt, an dem wir die saisonalen Muster aus Ihren Daten entfernen. <\/span><\/li>\n\n\n\n<li><span class=\"s1\">Wir bieten auch eine <b>Umfassendes Analysepaket<\/b>Es umfasst Folgendes:\u00a0<\/span>\n<ul class=\"wp-block-list\">\n<li><span class=\"s1\">Box-Analyse<\/span><\/li>\n\n\n\n<li><span class=\"s1\">Vertrauensintervalle<\/span><\/li>\n\n\n\n<li><span class=\"s1\">Ausrei\u00dferanalyse<\/span><\/li>\n\n\n\n<li><span class=\"s1\">Verteilungs-, Schiefe- und Kurtosis-Analyse<\/span><\/li>\n\n\n\n<li><span class=\"s1\">Alpha, F-Stat, p-Wert usw.<\/span><\/li>\n<\/ul>\n<\/li>\n<\/ul>\n\n\n\n<h2 class=\"wp-block-heading\">Warum Datenanalysen so wichtig sind<\/h2>\n\n\n\n<p class=\"p3\"><span class=\"s1\">Ein Marktforschungs- und Datenanalyseunternehmen kann Ihrem Unternehmen die oben genannten Arten von Analysen zur Verf\u00fcgung stellen, die zu einem tieferen Verst\u00e4ndnis Ihres Unternehmens, Ihrer Produkte und Dienstleistungen f\u00fchren. Es kann auch bei Ihren Finanzen, Ihrer Effizienz und vielem mehr helfen. <\/span><\/p>\n\n\n\n<p class=\"p3\"><span class=\"s1\">Data &amp; Analytics consulting is low-cost, efficient, and reliable.&nbsp; It can uncover a deeper understanding of your operations&nbsp;<\/span><\/p>\n\n\n\n<p class=\"p3\"><span class=\"s1\">A Market <a class=\"wpil_keyword_link\" href=\"https:\/\/www.sisinternational.com\/de\/\"   title=\"Startseite\" data-wpil-keyword-link=\"linked\"  data-wpil-monitor-id=\"756\">Research and Strategy<\/a> Consulting company like SIS is skilled at Data Analysis and tools.&nbsp; We can examine the products\/services you offer. We can examine the relationships of different components within the business.&nbsp; We can uncover efficiencies in the decision-making process, and provide actionable data and insight for confident decision making.<\/span><\/p>\n\n\n\n<p><\/p>","protected":false},"excerpt":{"rendered":"<p>SIS fungiert als Ihr Data Science- und Data Analytics-Team. Wir bieten L\u00f6sungen f\u00fcr Data Analytics und statistische Beratung.<\/p>","protected":false},"author":1,"featured_media":64376,"parent":14567,"menu_order":13,"comment_status":"closed","ping_status":"closed","template":"","meta":{"footnotes":""},"class_list":["post-34568","page","type-page","status-publish","has-post-thumbnail"],"_links":{"self":[{"href":"https:\/\/www.sisinternational.com\/de\/wp-json\/wp\/v2\/pages\/34568","targetHints":{"allow":["GET"]}}],"collection":[{"href":"https:\/\/www.sisinternational.com\/de\/wp-json\/wp\/v2\/pages"}],"about":[{"href":"https:\/\/www.sisinternational.com\/de\/wp-json\/wp\/v2\/types\/page"}],"author":[{"embeddable":true,"href":"https:\/\/www.sisinternational.com\/de\/wp-json\/wp\/v2\/users\/1"}],"replies":[{"embeddable":true,"href":"https:\/\/www.sisinternational.com\/de\/wp-json\/wp\/v2\/comments?post=34568"}],"version-history":[{"count":6,"href":"https:\/\/www.sisinternational.com\/de\/wp-json\/wp\/v2\/pages\/34568\/revisions"}],"predecessor-version":[{"id":77883,"href":"https:\/\/www.sisinternational.com\/de\/wp-json\/wp\/v2\/pages\/34568\/revisions\/77883"}],"up":[{"embeddable":true,"href":"https:\/\/www.sisinternational.com\/de\/wp-json\/wp\/v2\/pages\/14567"}],"wp:featuredmedia":[{"embeddable":true,"href":"https:\/\/www.sisinternational.com\/de\/wp-json\/wp\/v2\/media\/64376"}],"wp:attachment":[{"href":"https:\/\/www.sisinternational.com\/de\/wp-json\/wp\/v2\/media?parent=34568"}],"curies":[{"name":"wp","href":"https:\/\/api.w.org\/{rel}","templated":true}]}}