{"id":33413,"date":"2019-10-06T19:22:04","date_gmt":"2019-10-06T19:22:04","guid":{"rendered":"https:\/\/www.sisinternational.com\/?page_id=33413"},"modified":"2025-09-13T18:06:55","modified_gmt":"2025-09-13T22:06:55","slug":"marktforschung-in-vermont","status":"publish","type":"page","link":"https:\/\/www.sisinternational.com\/de\/abdeckung\/north-america\/usa-berichterstattung\/marktforschung-in-vermont\/","title":{"rendered":"Marktforschung in Vermont"},"content":{"rendered":"<h1 class=\"wp-block-heading\">Marktforschung in Vermont<\/h1>\n\n\n\n<figure class=\"gb-block-image gb-block-image-429df7f0\"><img loading=\"lazy\" decoding=\"async\" width=\"1456\" height=\"816\" class=\"gb-image gb-image-429df7f0\" src=\"https:\/\/www.sisinternational.com\/wp-content\/uploads\/2025\/09\/Vermont-2.jpg\" alt=\"SIS International Marktforschung &amp; Strategie\" title=\"Vermont (2)\" srcset=\"https:\/\/www.sisinternational.com\/wp-content\/uploads\/2025\/09\/Vermont-2.jpg 1456w, https:\/\/www.sisinternational.com\/wp-content\/uploads\/2025\/09\/Vermont-2-300x168.jpg 300w, https:\/\/www.sisinternational.com\/wp-content\/uploads\/2025\/09\/Vermont-2-1024x574.jpg 1024w, https:\/\/www.sisinternational.com\/wp-content\/uploads\/2025\/09\/Vermont-2-768x430.jpg 768w, https:\/\/www.sisinternational.com\/wp-content\/uploads\/2025\/09\/Vermont-2-18x10.jpg 18w\" sizes=\"auto, (max-width: 1456px) 100vw, 1456px\"><\/figure>\n\n\n\n<p><\/p>\n\n\n\n<h2 class=\"wp-block-heading p2\"><span class=\"s1\">Vermont liegt in Neuengland im Nordosten der Vereinigten Staaten. <\/span><\/h2>\n\n\n\n<p class=\"p2\"><span class=\"s1\">Mit gesch\u00e4tzten 624.000 Einwohnern hat es die zweitkleinste Bev\u00f6lkerung aller Bundesstaaten der USA. Es ist ein kleiner Staat, der sechstkleinste des Landes nach Fl\u00e4che. Burlington ist mit 42.000 Einwohnern die gr\u00f6\u00dfte Stadt, und South Burlington im Chittenden County hat die zweitgr\u00f6\u00dfte Bev\u00f6lkerung in Vermont. Es hat eine Bev\u00f6lkerung von 18.000 Menschen. Weitere gro\u00dfe Ballungsr\u00e4ume sind Rutland, Barre und Montpelier, die Hauptstadt von Vermont.<\/span><\/p>\n\n\n\n<p class=\"p2\"><span class=\"s1\">Lebhafte Skigebiete, ruhige bewaldete Berge und echter Ahornsirup sind Teil von Vermont. Eine der Hauptattraktionen ist die Billings Farm and Museum in Woodstock. Billings ist ein Freilichtmuseum und eines der besten des Landes. Eine weitere Attraktion ist Hildene \u2013 das Lincoln Family Home, ein atemberaubendes Herrenhaus im georgianischen Stil. Es ist das Familienhaus der Nachkommen von Pr\u00e4sident Lincoln.<\/span><\/p>\n\n\n\n<h2 class=\"wp-block-heading p5\"><span class=\"s1\">Schl\u00fcsselindustrien in Vermont<\/span><\/h2>\n\n\n\n<p class=\"p2\"><span class=\"s1\">The largest employer in Vermont is the US Government, with most public employees working in the fields of education and healthcare. Full-service restaurants are also major employers, but they have one of the lowest average earnings figures. There is a noticeable lack of professional services in Vermont. For example, the state has few technical and professional consultants and lawyers. However, it has an extensive semiconductor and other <a href=\"https:\/\/www.sisinternational.com\/de\/losungen\/ai-marktforschung-und-strategieberatung\/elektronikindustrie-automatisierung-kunstliche-intelligenz-beratung\/\" title=\"Beratung zur Automatisierung der Elektronikindustrie und zu k\u00fcnstlicher Intelligenz\"  data-wpil-monitor-id=\"9063\">electronic manufacturing industry<\/a>.<\/span><\/p>\n\n\n\n<h2 class=\"wp-block-heading\">Herstellung<\/h2>\n\n\n\n<p class=\"p6\"><span class=\"s1\">Manufacturing is Vermont\u2019s leading industry, accounting for approximately 11 percent of state&#8217;s GDP. The state has over 1000 manufacturing firms, and a new <a href=\"https:\/\/www.sisinternational.com\/de\/sachverstand\/branchen\/marktforschung-zur-stromerzeugung\/\" title=\"Marktforschung zur Stromerzeugung\"  data-wpil-monitor-id=\"9059\">generation of market<\/a> leaders is driving innovation in this sector. Agriculture, tech, and energy are also leading industries, with other vital lines of business being software development, IT, financial services, and insurance. Renewable energy, green companies, and food and beverage also contribute to GDP. Vermont also manufactures consumer goods. Finally, the state has vibrant <a href=\"https:\/\/www.sisinternational.com\/de\/losungen\/ai-marktforschung-und-strategieberatung\/ki-einfuhrung-reise-gastgewerbe-tourismusbranche-beratung\/\" title=\"Einf\u00fchrung von KI in der Reise-, Gastgewerbe- und Tourismusbranche \u2013 Beratung\"  data-wpil-monitor-id=\"9064\">tourism and outdoor recreation industries<\/a>. Each industry has strong <a href=\"https:\/\/www.sisinternational.com\/de\/losungen\/branding-und-kundenforschungslosungen\/storytelling-marktforschung\/\" title=\"Storytelling Marktforschung\"  data-wpil-monitor-id=\"9060\">stories to tell<\/a> about Vermont as a place to live, work, or start and grow a business.<\/span><\/p>\n\n\n\n<h2 class=\"wp-block-heading p5\"><span class=\"s1\">Highlights und Vorteile einer Gesch\u00e4ftst\u00e4tigkeit in Vermont<\/span><\/h2>\n\n\n\n<p class=\"p2\"><span class=\"s1\">Unternehmer gr\u00fcnden in Vermont mehr Startup-Unternehmen als je zuvor. Warum ein neues Unternehmen in Vermont registrieren? Hier sind einige der Gr\u00fcnde:<\/span><\/p>\n\n\n\n<ul class=\"wp-block-list\">\n<li><span class=\"s1\"><b>Keine Einkommensteuer: <\/b>You can enjoy the fact that Vermont does not tax S corporations<\/span><\/li>\n\n\n\n<li><span class=\"s1\"><b>Weitere Steueranreize:<\/b> Der Staat, einige St\u00e4dte und Landkreise wie Newport bieten verschiedene Anreizprogramme an. Diese Programme richten sich an Start-up-Unternehmen, die sich als LLC registrieren.<\/span><\/li>\n\n\n\n<li><span class=\"s1\"><b>Kapital- und Anreizprogramme:<\/b> Diese Programme reichen von Angel-Investitionen bis hin zu einer Vielzahl von Kreditquellen. Die Vermont Economic Development Authority bietet viele solcher Programme an.<\/span><\/li>\n\n\n\n<li><span class=\"s1\"><b>Beschr\u00e4nkter Haftungsschutz:<\/b> Eigent\u00fcmer von LLCs genie\u00dfen in Vermont einen \u00e4hnlichen Schutz wie Kapitalgesellschaften.<\/span><\/li>\n\n\n\n<li><span class=\"s1\"><b>Flexible Gewinnverteilung:<\/b> Ein in Vermont registriertes Startup-Unternehmen kann verschiedene Wege zur Gewinnverteilung w\u00e4hlen. Diese Vereinbarung unterscheidet sich von Partnerschaften, bei denen der Prozentsatz 50-50 betr\u00e4gt<\/span><\/li>\n<\/ul>\n\n\n\n<h2 class=\"wp-block-heading\">G\u00fcnstiges Gesch\u00e4ftsumfeld<\/h2>\n\n\n\n<p class=\"p6\"><span class=\"s1\">Vermont bietet die M\u00f6glichkeit, Unternehmen als \u201eBenefit Corporations\u201c zu gr\u00fcnden. Mit diesem Vorteil k\u00f6nnen Unternehmen ihren finanziellen Zielen eine soziale Mission hinzuf\u00fcgen. Dadurch kann die Benefit Corporation wirtschaftliche Chancen f\u00fcr Gemeinden oder Einzelpersonen unterst\u00fctzen. Diese Chancen k\u00f6nnen au\u00dferhalb der Norm des normalen Gesch\u00e4ftsverlaufs liegen. Sie versorgen auch unterversorgte oder einkommensschwache Gemeinden und Einzelpersonen mit den ben\u00f6tigten Produkten und Dienstleistungen. Benefit Corporations k\u00f6nnen auch ein Interesse daran haben, die Umwelt zu erhalten oder zu verbessern.<\/span><\/p>\n\n\n\n<h2 class=\"wp-block-heading p5\"><span class=\"s1\">\u00dcber Marktforschung in Vermont<\/span><\/h2>\n\n\n\n<p class=\"p2\"><span class=\"s1\"><a href=\"https:\/\/www.sisinternational.com\/de\/top-5-benefits-of-conducting-quantitative-market-research\/\" title=\"Top 5 Benefits of Conducting Quantitative Market Research\"  data-wpil-monitor-id=\"9058\">Quantitative Marktforschung<\/a> uses statistical, mathematical, and computational tools to derive results. It involves experiments, surveys, and real-time data gathering, and offers a more subjective overview. For Qualitative research, we use Focus Groups and other tools. We help <a href=\"https:\/\/www.sisinternational.com\/de\/veroffentlichungen\/skalierbare-geschaftsmarktforschung-7-moglichkeiten-zum-aufbau-eines-skalierbaren-geschafts\/\" title=\"Marktforschung f\u00fcr skalierbare Unternehmen: 7 M\u00f6glichkeiten zum Aufbau eines skalierbaren Unternehmens\"  data-wpil-monitor-id=\"9062\">businesses define their markets<\/a> and strengthen their competitive advantages. Both types of <a href=\"https:\/\/www.sisinternational.com\/de\/sachverstand\/lebenslaufe\/markenforschung\/\" title=\"Markenforschungsunternehmen\"  data-wpil-monitor-id=\"9061\">research are beneficial to companies<\/a> considering doing business in Vermont.<\/span><\/p>\n\n\n\n<p class=\"p2\"><span class=\"s1\"><a href=\"https:\/\/www.sisinternational.com\/de\/what-to-expect-in-your-first-year-entering-a-new-market-5-essential-strategies\/\" title=\"What to Expect in Your First Year Entering a New Market: 5 Essential Strategies\"  data-wpil-monitor-id=\"9065\">Strategy Research is also essential<\/a>. It helps businesses to identify potential opportunities and threats. It minimizes investment risk and helps companies to strengthen their position. It also facilitates strategic planning. It allows businesses to discover their own and their competitors\u2019 weaknesses and strengths. It also helps them to stay ahead of the competition and assists them in spotting emerging trends. <\/span><\/p>\n\n\n\n<p><\/p>\n\n\n\n<h2 class=\"wp-block-heading\">&nbsp;<\/h2>","protected":false},"excerpt":{"rendered":"<p>Entdecken Sie mit Marktforschung in Vermont neue Gesch\u00e4ftsm\u00f6glichkeiten.<\/p>","protected":false},"author":1,"featured_media":66734,"parent":19303,"menu_order":53,"comment_status":"closed","ping_status":"closed","template":"","meta":{"footnotes":""},"class_list":["post-33413","page","type-page","status-publish","has-post-thumbnail"],"_links":{"self":[{"href":"https:\/\/www.sisinternational.com\/de\/wp-json\/wp\/v2\/pages\/33413","targetHints":{"allow":["GET"]}}],"collection":[{"href":"https:\/\/www.sisinternational.com\/de\/wp-json\/wp\/v2\/pages"}],"about":[{"href":"https:\/\/www.sisinternational.com\/de\/wp-json\/wp\/v2\/types\/page"}],"author":[{"embeddable":true,"href":"https:\/\/www.sisinternational.com\/de\/wp-json\/wp\/v2\/users\/1"}],"replies":[{"embeddable":true,"href":"https:\/\/www.sisinternational.com\/de\/wp-json\/wp\/v2\/comments?post=33413"}],"version-history":[{"count":5,"href":"https:\/\/www.sisinternational.com\/de\/wp-json\/wp\/v2\/pages\/33413\/revisions"}],"predecessor-version":[{"id":81518,"href":"https:\/\/www.sisinternational.com\/de\/wp-json\/wp\/v2\/pages\/33413\/revisions\/81518"}],"up":[{"embeddable":true,"href":"https:\/\/www.sisinternational.com\/de\/wp-json\/wp\/v2\/pages\/19303"}],"wp:featuredmedia":[{"embeddable":true,"href":"https:\/\/www.sisinternational.com\/de\/wp-json\/wp\/v2\/media\/66734"}],"wp:attachment":[{"href":"https:\/\/www.sisinternational.com\/de\/wp-json\/wp\/v2\/media?parent=33413"}],"curies":[{"name":"wp","href":"https:\/\/api.w.org\/{rel}","templated":true}]}}