{"id":33392,"date":"2019-10-05T20:39:24","date_gmt":"2019-10-05T20:39:24","guid":{"rendered":"https:\/\/www.sisinternational.com\/?page_id=33392"},"modified":"2026-01-25T16:59:27","modified_gmt":"2026-01-25T21:59:27","slug":"marktforschung-in-south-dakota","status":"publish","type":"page","link":"https:\/\/www.sisinternational.com\/de\/abdeckung\/north-america\/usa-berichterstattung\/marktforschung-in-south-dakota\/","title":{"rendered":"Marktforschung in South Dakota"},"content":{"rendered":"<h1 class=\"wp-block-heading\">Marktforschung in South Dakota<\/h1>\n\n\n\n<figure class=\"gb-block-image gb-block-image-3661bb70\"><img loading=\"lazy\" decoding=\"async\" width=\"1456\" height=\"816\" class=\"gb-image gb-image-3661bb70\" src=\"https:\/\/www.sisinternational.com\/wp-content\/uploads\/2025\/09\/South-Dakota-5.jpg\" alt=\"SIS International Marktforschung &amp; Strategie\" title=\"South Dakota (5)\" srcset=\"https:\/\/www.sisinternational.com\/wp-content\/uploads\/2025\/09\/South-Dakota-5.jpg 1456w, https:\/\/www.sisinternational.com\/wp-content\/uploads\/2025\/09\/South-Dakota-5-300x168.jpg 300w, https:\/\/www.sisinternational.com\/wp-content\/uploads\/2025\/09\/South-Dakota-5-1024x574.jpg 1024w, https:\/\/www.sisinternational.com\/wp-content\/uploads\/2025\/09\/South-Dakota-5-768x430.jpg 768w, https:\/\/www.sisinternational.com\/wp-content\/uploads\/2025\/09\/South-Dakota-5-18x10.jpg 18w\" sizes=\"auto, (max-width: 1456px) 100vw, 1456px\"><\/figure>\n\n\n\n<p><\/p>\n\n\n\n<h2 class=\"wp-block-heading p2\">South Dakota is a Midwestern state, receiving its name from the Lakota and Dakota Sioux Native American<span class=\"s1\"> people. <\/span><\/h2>\n\n\n\n<p class=\"p2\"><span class=\"s1\">Its nicknames are the Coyote State and the Mount Rushmore State after its most famous tourist destination. South Dakota became a member of the Union on November 2, 1889, as the 40<sup>th<\/sup> state. It borders the states of Minnesota to the east, Iowa to the southeast, and Nebraska to the south. It also shares borders with Wyoming to the west, Montana to the northwest, and North Dakota to the north. The Missouri River runs through the state. It bisects South Dakota into two distinct halves known as the East River and the West River.<\/span><\/p>\n\n\n\n<h2 class=\"wp-block-heading\">Wirtschaftliche Vorteile<\/h2>\n\n\n\n<p class=\"p2\"><span class=\"s1\">Die Hauptstadt von South Dakota ist Pierre mit \u00fcber 13.000 Einwohnern. Die gr\u00f6\u00dfte Stadt ist Sioux Falls mit \u00fcber 180.000 Einwohnern. Die wirtschaftliche Landschaft von South Dakota bietet eine ermutigende Perspektive f\u00fcr neue Unternehmen. Der Staat hat weder eine K\u00f6rperschafts- noch eine Einkommensteuer. Es gibt auch keine Gewerbesteuer. Diese Befreiungen bieten mehr M\u00f6glichkeiten f\u00fcr weiteres Unternehmenswachstum. South Dakota ist ein erschwinglicher Ort f\u00fcr Unternehmen, da die begrenzten Geb\u00fchren die Verwirklichung von Gesch\u00e4ftszielen erleichtern. <\/span><\/p>\n\n\n\n<h2 class=\"wp-block-heading\">Sehensw\u00fcrdigkeiten<\/h2>\n\n\n\n<p class=\"p2\"><span class=\"s1\">South Dakota presents a breathtaking landscape. Its striking scenery of the mountainous Black Hills is a sight to behold. You\u2019ll also find rugged stretches of rocky badlands and undulating grassy plains. The state is most well-known for the Mount Rushmore National Memorial in Keystone in the Black Hills, and the Crazy Horse Memorial is nearby. Both monuments are carvings into the mountains to honor influential past leaders. There\u2019s also Custer State Park with its buffalo safari and the Black Hills Wild Horse Sanctuary. At the sanctuary, rescued mustangs and other horses run free. Outside of the Black Hills, much of South Dakota is grasslands. You\u2019ll also find small forest areas near rivers and in shelterbelts. Wild West enthusiasts also visit Deadwood, a restored western town. This town is the burial site of Wild Bill Hickok and Calamity Jane.<\/span><\/p>\n\n\n\n<h2 class=\"wp-block-heading\">Landwirtschaft<\/h2>\n\n\n\n<p class=\"p2\"><span class=\"s1\">Die Landwirtschaft ist ein wichtiger Wirtschaftszweig in South Dakota und leistet einen wichtigen Beitrag zur Wirtschaft des Staates. Die profitabelsten landwirtschaftlichen Produkte sind Sojabohnen, Weizen und Mais. Es gibt auch Ranches, auf denen Rinder und Schweine gez\u00fcchtet werden.<\/span><\/p>\n\n\n\n<h2 class=\"wp-block-heading\">Dienstleistungsbranchen<\/h2>\n\n\n\n<p class=\"p2\"><span class=\"s1\">The modern mainstay of the economy of South Dakota is the service industry. The most significant contributors to this industry are the retail, finance, and healthcare sectors. Government spending is also an essential <a href=\"https:\/\/www.sisinternational.com\/de\/industry-forecast\/industrial-sector-forecast\/\" title=\"Industrial Sector Forecast\"  data-wpil-monitor-id=\"9232\">sector in the service industry<\/a>. The Ellsworth Air Force Base, <a href=\"https:\/\/www.sisinternational.com\/de\/losungen\/qualitative-quantitative-forschungslosungen\/tests-an-zentralen-standorten-in-new-york-city\/\" title=\"Zentrale Standorttests in New York City: Vorteile f\u00fcr Produkttests\"  data-wpil-monitor-id=\"9233\">located close to Rapid City<\/a>, is the state\u2019s second-largest employer.<\/span><\/p>\n\n\n\n<h2 class=\"wp-block-heading\">Tourismus<\/h2>\n\n\n\n<p class=\"p2\"><span class=\"s1\"><a href=\"https:\/\/www.sisinternational.com\/de\/losungen\/ai-marktforschung-und-strategieberatung\/ki-einfuhrung-reise-gastgewerbe-tourismusbranche-beratung\/\" title=\"Einf\u00fchrung von KI in der Reise-, Gastgewerbe- und Tourismusbranche \u2013 Beratung\"  data-wpil-monitor-id=\"9231\">Tourism is another vital industry<\/a>. Many visitors come to view the state\u2019s attractions and festivals. Most of these attractions are in the Black Hills.&nbsp; South Dakota is also famous for Mount Rushmore National Memorial.<\/span><\/p>\n\n\n\n<h2 class=\"wp-block-heading p2\">\u00dcber Marktforschung in South Dakota<\/h2>\n\n\n\n<p class=\"p2\"><span class=\"s1\">Are you interested in establishing a business in North Dakota? SIS International can help. We offer Quantitative, Qualitative, and <a href=\"https:\/\/www.sisinternational.com\/de\/losungen\/fintech-strategieberatung-forschung\/digital-akquise-banking-kundenmarktforschung-strategieberatung\/\" title=\"Digital Acquisition Banking Kundenmarktforschung &amp; Strategieberatung\"  data-wpil-monitor-id=\"9229\">Strategy Research to help you understand customers\u2019<\/a> preferences and pain points. We also give you detailed insights about your competitors. Qualitative Research methods include Focus Groups, Customer Interviews, Ethnography, and <a href=\"https:\/\/www.sisinternational.com\/de\/losungen\/qualitative-quantitative-forschungslosungen\/online-fokusgruppen-2\/\" title=\"Online-Fokusgruppen\"  data-wpil-monitor-id=\"9228\">Online-Fokusgruppen<\/a>, while Quantitative techniques include Online, App, and Telephone surveys. Strategy <a href=\"https:\/\/www.sisinternational.com\/de\/sachverstand\/branchen\/okologie-marktforschung\/\" title=\"\u00d6kologie Marktforschung\"  data-wpil-monitor-id=\"3900\">Research uncovers Market<\/a> Opportunities, Competitive Analysis, Industry Trends, and Go-To-Market Strategies.<span class=\"Apple-converted-space\">&nbsp; <\/span>These insights will help you to understand demographics and economic shifts. You\u2019ll also find out about <a href=\"https:\/\/www.sisinternational.com\/de\/veroffentlichungen\/kauferverhalten-nach-corona-neue-verbraucher\/\" title=\"K\u00e4uferverhalten nach Corona \u2013 Verbrauchermarktforschung\"  data-wpil-monitor-id=\"9230\">consumer buying patterns and the latest market<\/a> trends.<\/span><\/p>\n\n\n\n<p><\/p>\n\n\n\n<h2 class=\"wp-block-heading\">&nbsp;<\/h2>","protected":false},"excerpt":{"rendered":"<p>Entdecken Sie mit Marktforschung in South Dakota neue Gesch\u00e4ftsm\u00f6glichkeiten.<\/p>","protected":false},"author":1,"featured_media":66715,"parent":19303,"menu_order":52,"comment_status":"closed","ping_status":"closed","template":"","meta":{"footnotes":""},"class_list":["post-33392","page","type-page","status-publish","has-post-thumbnail"],"_links":{"self":[{"href":"https:\/\/www.sisinternational.com\/de\/wp-json\/wp\/v2\/pages\/33392","targetHints":{"allow":["GET"]}}],"collection":[{"href":"https:\/\/www.sisinternational.com\/de\/wp-json\/wp\/v2\/pages"}],"about":[{"href":"https:\/\/www.sisinternational.com\/de\/wp-json\/wp\/v2\/types\/page"}],"author":[{"embeddable":true,"href":"https:\/\/www.sisinternational.com\/de\/wp-json\/wp\/v2\/users\/1"}],"replies":[{"embeddable":true,"href":"https:\/\/www.sisinternational.com\/de\/wp-json\/wp\/v2\/comments?post=33392"}],"version-history":[{"count":4,"href":"https:\/\/www.sisinternational.com\/de\/wp-json\/wp\/v2\/pages\/33392\/revisions"}],"predecessor-version":[{"id":81542,"href":"https:\/\/www.sisinternational.com\/de\/wp-json\/wp\/v2\/pages\/33392\/revisions\/81542"}],"up":[{"embeddable":true,"href":"https:\/\/www.sisinternational.com\/de\/wp-json\/wp\/v2\/pages\/19303"}],"wp:featuredmedia":[{"embeddable":true,"href":"https:\/\/www.sisinternational.com\/de\/wp-json\/wp\/v2\/media\/66715"}],"wp:attachment":[{"href":"https:\/\/www.sisinternational.com\/de\/wp-json\/wp\/v2\/media?parent=33392"}],"curies":[{"name":"wp","href":"https:\/\/api.w.org\/{rel}","templated":true}]}}