{"id":33361,"date":"2019-10-05T19:40:43","date_gmt":"2019-10-05T19:40:43","guid":{"rendered":"https:\/\/www.sisinternational.com\/?page_id=33361"},"modified":"2026-01-25T17:03:53","modified_gmt":"2026-01-25T22:03:53","slug":"marktforschung-in-illinois","status":"publish","type":"page","link":"https:\/\/www.sisinternational.com\/de\/abdeckung\/north-america\/usa-berichterstattung\/marktforschung-in-illinois\/","title":{"rendered":"Marktforschung in Illinois"},"content":{"rendered":"<h1 class=\"wp-block-heading\"><span class=\"s1\">Marktforschung in Illinois<\/span><\/h1>\n\n\n\n<figure class=\"gb-block-image gb-block-image-b874140b\"><img loading=\"lazy\" decoding=\"async\" width=\"1456\" height=\"816\" class=\"gb-image gb-image-b874140b\" src=\"https:\/\/www.sisinternational.com\/wp-content\/uploads\/2025\/09\/Chicago-1.jpg\" alt=\"SIS International Marktforschung &amp; Strategie\" title=\"Chicago (1)\" srcset=\"https:\/\/www.sisinternational.com\/wp-content\/uploads\/2025\/09\/Chicago-1.jpg 1456w, https:\/\/www.sisinternational.com\/wp-content\/uploads\/2025\/09\/Chicago-1-300x168.jpg 300w, https:\/\/www.sisinternational.com\/wp-content\/uploads\/2025\/09\/Chicago-1-1024x574.jpg 1024w, https:\/\/www.sisinternational.com\/wp-content\/uploads\/2025\/09\/Chicago-1-768x430.jpg 768w, https:\/\/www.sisinternational.com\/wp-content\/uploads\/2025\/09\/Chicago-1-18x10.jpg 18w\" sizes=\"auto, (max-width: 1456px) 100vw, 1456px\"><\/figure>\n\n\n\n<p><\/p>\n\n\n\n<h2 class=\"wp-block-heading p2\"><span class=\"s1\">Im Jahr 1818 wurde der Pr\u00e4riestaat Illinois der 21.<\/span><span class=\"s2\"><sup>st<\/sup><\/span><span class=\"s1\"> Staat der USA. <\/span><\/h2>\n\n\n\n<p class=\"p2\"><span class=\"s1\">Es grenzt im Osten an die Bundesstaaten Indiana und im Norden an Wisconsin. Im Westen liegt der gro\u00dfe Mississippi, der es von Iowa und Missouri trennt. Die Landschaft von Illinois besteht aus ausgedehnten W\u00e4ldern, Ackerland, H\u00fcgeln und Feuchtgebieten. Hier befindet sich eine der gr\u00f6\u00dften St\u00e4dte der USA: Die Windy City Chicago, die am Ufer des Michigansees liegt.<\/span><\/p>\n\n\n\n<h2 class=\"wp-block-heading\">Wirtschaftsr\u00e4ume<\/h2>\n\n\n\n<p class=\"p2\"><span class=\"s1\">Chicago is the largest city in Illinois. Its population is around two million. Situated in the center of Illinois, Chicago is the third-largest metropolitan area in the USA. Thus, there is an extensive customer base for a business. It also means that there are a large job <a href=\"https:\/\/www.sisinternational.com\/de\/sachverstand\/branchen\/arbeitsmarktforschung\/\" title=\"Arbeitsmarktforschung\"  data-wpil-monitor-id=\"10926\">market and skilled labor<\/a> pool.&nbsp; <\/span><\/p>\n\n\n\n<p class=\"p2\"><span class=\"s1\">Zu den weiteren Gro\u00dfst\u00e4dten z\u00e4hlen Aurora, Rockford, Joliet, Naperville und die Hauptstadt Springfield. Insgesamt leben in diesen St\u00e4dten \u00fcber 756.000 Menschen. Der Staat hat insgesamt \u00fcber zw\u00f6lf Millionen Einwohner.<\/span><\/p>\n\n\n\n<h2 class=\"wp-block-heading\">Sehensw\u00fcrdigkeiten<\/h2>\n\n\n\n<p class=\"p2\">Peoria (pictured) is home to over 110,000 people, and is on the Illinois River.&nbsp; The Peoria Riverfront museum is an important attraction.<\/p>\n\n\n\n<p class=\"p2\">Zus\u00e4tzlich, <span class=\"s1\">Springfield ist der stolze Geburtsort von Pr\u00e4sident Abraham Lincoln und die Stadt hat mehrere Attraktionen, die seinem Leben und Werk gewidmet sind. Zu diesen Attraktionen geh\u00f6ren die Abraham Lincoln Presidential Library and Museum und das Lincoln-Grab auf dem Oak Ridge Cemetery im Norden des Staates. Illinois hat viele weitere historische St\u00e4tten zu bieten. Besucher k\u00f6nnen aus zahlreichen Parks wie dem wundersch\u00f6nen Starved Rock State Park w\u00e4hlen. Interessant ist auch die State Fair in Harvey.<\/span><\/p>\n\n\n\n<p><span class=\"s1\">Illinois ist die Heimat einiger der renommiertesten Museen der Welt, von denen die meisten ihren Sitz in Chicago haben. Dazu geh\u00f6ren angesehene Institutionen wie das Museum of Science and Industry, das Field Museum of Natural History und das Art Institute of Chicago.<span class=\"Apple-converted-space\">&nbsp; <\/span>Zu den interessanten Au\u00dfenbereichen z\u00e4hlen der Millennium Park und Wrigley Field. <\/span><\/p>\n\n\n\n<h2 class=\"wp-block-heading\">Gelegenheiten f\u00fcr Gesch\u00e4fte<\/h2>\n\n\n\n<p class=\"p2\"><span class=\"s1\">Illinois is home to thriving manufacturing, agriculture, exports, and mining industries. There are also significant economic growth <a href=\"https:\/\/www.sisinternational.com\/de\/losungen\/sis-blockchain-consulting\/blockchain-moglichkeiten-uber-finanzdienstleistungen-hinaus\/\" title=\"Blockchain-Chancen jenseits von Finanzdienstleistungen\"  data-wpil-monitor-id=\"10929\">opportunities in the services<\/a> sector, mainly in the areas of finance, technology, government, and transportation.<\/span><\/p>\n\n\n\n<h2 class=\"wp-block-heading\">Dienstleistungsbranchen<\/h2>\n\n\n\n<p class=\"p2\"><span class=\"s1\">Die Dienstleistungsbranchen in Illinois verzeichnen ein rasantes Wachstum. Experten erwarten, dass sie zu den gr\u00f6\u00dften Einnahmequellen des Bundesstaats werden. Pers\u00f6nliche Dienstleistungen wie Gesundheitswesen, Hotels, Rechts- und Wirtschaftspr\u00fcfungsgesellschaften sind f\u00fchrend. Finanzdienstleistungen folgen knapp dahinter. Viele Menschen betrachten Chicago als die Finanzhauptstadt des amerikanischen Mittleren Westens. Auch Gro\u00df- und Einzelhandelsdienstleistungen tragen erheblich zum Gesch\u00e4ftsergebnis bei.<\/span><\/p>\n\n\n\n<h2 class=\"wp-block-heading\">Landwirtschaft<\/h2>\n\n\n\n<p class=\"p2\"><span class=\"s1\">Aufgrund der fruchtbaren B\u00f6den ist die Landwirtschaft eine der tragenden S\u00e4ulen der Wirtschaft in Illinois. Mais, Sojabohnen, Weizen und K\u00fcrbisse geh\u00f6ren zu den am h\u00e4ufigsten angebauten Feldfr\u00fcchten des Staates.<\/span><\/p>\n\n\n\n<h2 class=\"wp-block-heading\">Herstellung<\/h2>\n\n\n\n<p class=\"p2\"><span class=\"s1\">Illinois is also well known for the manufacturing of large machines. These include farm machinery and construction equipment. There are also quite a few companies processing food items. Some of these <a href=\"https:\/\/www.sisinternational.com\/de\/losungen\/geschmackstest\/food-product-tests-in-ny\/\" title=\"Food Product Tests In NY\"  data-wpil-monitor-id=\"10927\">foods are dairy products<\/a>, cereals, baked goods, and candy.<\/span><\/p>\n\n\n\n<h2 class=\"wp-block-heading\">Bergbau und Energie<\/h2>\n\n\n\n<p class=\"p2\"><span class=\"s1\">Der Bergbau konzentriert sich auf Kohle, aber auch Erd\u00f6l leistet einen bedeutenden Beitrag zur Industrie. Illinois produziert Schotter, Sand, Kies und sogar Mineralprodukte wie Ton.<\/span><\/p>\n\n\n\n<h2 class=\"wp-block-heading p2\">\u00dcber Marktforschung in Illinois<\/h2>\n\n\n\n<p class=\"p2\"><span class=\"s1\">Market Research in Illinois provides essential data. Newcomers can learn about the many businesses already operating in the state. It also aids <a href=\"https:\/\/www.sisinternational.com\/de\/abdeckung\/die-amerikaner\/marktforschung-in-der-karibik\/strategieberatungsunternehmen-in-der-karibik\/\" title=\"Karibisches Strategieberatungsunternehmen\"  data-wpil-monitor-id=\"10932\">companies<\/a> in coming up with the best strategies to ensure longevity. <a href=\"https:\/\/www.sisinternational.com\/de\/losungen\/ai-marktforschung-und-strategieberatung\/verarbeitung-naturlicher-sprache-ki-marktforschung\/\" title=\"Marktforschung zur Verarbeitung nat\u00fcrlicher Sprache\"  data-wpil-monitor-id=\"10931\">Research is crucial to the decision-making process<\/a> by increasing its efficiency. It also shows the impact a company can have in the area.<\/span><\/p>\n\n\n\n<p class=\"p2\"><span class=\"s1\">SIS International Research is a <a href=\"https:\/\/www.sisinternational.com\/de\/abdeckung\/marktforschung-afrika\/marktforschung-in-tansania\/\" title=\"Marktforschung in Tansania\"  data-wpil-monitor-id=\"3937\">Markt<\/a> Research and Strategy Consulting provider for the B2B, Consumer, Healthcare, and other industries. SIS provides Customer Interviews, Surveys, Focus Groups, Ethnography, Competitive Analysis, and Product Testing. We can help you stay competitive by giving you full insight. You can learn about the business landscape through <a href=\"https:\/\/www.sisinternational.com\/de\/abdeckung\/marktforschung-asien\/marktforschung-mikronesien\/\" title=\"Marktforschung in Mikronesien\"  data-wpil-monitor-id=\"3954\">Marktchancenforschung<\/a>. We also offer competitor analysis, market intelligence, and other services.<\/span><\/p>\n\n\n\n<h2 class=\"wp-block-heading\">&nbsp;<\/h2>","protected":false},"excerpt":{"rendered":"<p>Entdecken Sie mit Marktforschung in Illinois neue Gesch\u00e4ftsm\u00f6glichkeiten.<\/p>","protected":false},"author":1,"featured_media":66514,"parent":19303,"menu_order":50,"comment_status":"closed","ping_status":"closed","template":"","meta":{"footnotes":""},"class_list":["post-33361","page","type-page","status-publish","has-post-thumbnail"],"_links":{"self":[{"href":"https:\/\/www.sisinternational.com\/de\/wp-json\/wp\/v2\/pages\/33361","targetHints":{"allow":["GET"]}}],"collection":[{"href":"https:\/\/www.sisinternational.com\/de\/wp-json\/wp\/v2\/pages"}],"about":[{"href":"https:\/\/www.sisinternational.com\/de\/wp-json\/wp\/v2\/types\/page"}],"author":[{"embeddable":true,"href":"https:\/\/www.sisinternational.com\/de\/wp-json\/wp\/v2\/users\/1"}],"replies":[{"embeddable":true,"href":"https:\/\/www.sisinternational.com\/de\/wp-json\/wp\/v2\/comments?post=33361"}],"version-history":[{"count":8,"href":"https:\/\/www.sisinternational.com\/de\/wp-json\/wp\/v2\/pages\/33361\/revisions"}],"predecessor-version":[{"id":81788,"href":"https:\/\/www.sisinternational.com\/de\/wp-json\/wp\/v2\/pages\/33361\/revisions\/81788"}],"up":[{"embeddable":true,"href":"https:\/\/www.sisinternational.com\/de\/wp-json\/wp\/v2\/pages\/19303"}],"wp:featuredmedia":[{"embeddable":true,"href":"https:\/\/www.sisinternational.com\/de\/wp-json\/wp\/v2\/media\/66514"}],"wp:attachment":[{"href":"https:\/\/www.sisinternational.com\/de\/wp-json\/wp\/v2\/media?parent=33361"}],"curies":[{"name":"wp","href":"https:\/\/api.w.org\/{rel}","templated":true}]}}