{"id":33199,"date":"2019-09-21T19:02:42","date_gmt":"2019-09-21T19:02:42","guid":{"rendered":"https:\/\/www.sisinternational.com\/?page_id=33199"},"modified":"2026-03-13T00:44:15","modified_gmt":"2026-03-13T04:44:15","slug":"marktforschung-in-australien","status":"publish","type":"page","link":"https:\/\/www.sisinternational.com\/de\/abdeckung\/marktforschung-ozeanien\/marktforschung-in-australien\/","title":{"rendered":"Marktforschung in Australien"},"content":{"rendered":"<h1 class=\"wp-block-heading\"><span style=\"font-weight: 400;\"><strong>Marktforschung in Australien<\/strong><\/span><\/h1>\n\n\n\n<figure class=\"gb-block-image gb-block-image-e53cf86c\"><img loading=\"lazy\" decoding=\"async\" width=\"1456\" height=\"816\" class=\"gb-image gb-image-e53cf86c\" src=\"https:\/\/www.sisinternational.com\/wp-content\/uploads\/2025\/09\/Australia-1.jpg\" alt=\"SIS International Marktforschung &amp; Strategie\" title=\"Australia (1)\" srcset=\"https:\/\/www.sisinternational.com\/wp-content\/uploads\/2025\/09\/Australia-1.jpg 1456w, https:\/\/www.sisinternational.com\/wp-content\/uploads\/2025\/09\/Australia-1-300x168.jpg 300w, https:\/\/www.sisinternational.com\/wp-content\/uploads\/2025\/09\/Australia-1-1024x574.jpg 1024w, https:\/\/www.sisinternational.com\/wp-content\/uploads\/2025\/09\/Australia-1-768x430.jpg 768w, https:\/\/www.sisinternational.com\/wp-content\/uploads\/2025\/09\/Australia-1-18x10.jpg 18w\" sizes=\"auto, (max-width: 1456px) 100vw, 1456px\"><\/figure>\n\n\n\n<p><\/p>\n\n\n\n<hr class=\"wp-block-separator has-alpha-channel-opacity is-style-dots\"\/>\n\n\n\n<p><span style=\"font-weight: 400;\">Australien verf\u00fcgt \u00fcber eine stabile und florierende Wirtschaft, die sich durch Innovation und eine starke Verbraucherbasis auszeichnet. Mithilfe von Marktforschung in Australien k\u00f6nnen Unternehmen, Unternehmer und Investoren eine Fundgrube an Erkenntnissen und Daten erschlie\u00dfen, die Aufschluss \u00fcber die Vorlieben, Verhaltensweisen und Erwartungen der Verbraucher in diesem dynamischen Markt geben.<\/span><\/p>\n\n\n\n<h2 class=\"wp-block-heading\"><span style=\"font-weight: 400;\"><strong>Australien besteht aus dem Festland und vielen kleineren Inseln. <\/strong><\/span><\/h2>\n\n\n\n<p><span style=\"font-weight: 400;\">Es ist das gr\u00f6\u00dfte Land Ozeaniens. Die Hauptstadt ist Canberra und die gr\u00f6\u00dfte Stadt ist Sydney. Australien hat eine Bev\u00f6lkerung von etwa 26 Millionen Menschen. Es ist ein urbanisiertes Land, das in Bezug auf Lebensqualit\u00e4t, Bildung und Gesundheit einen hohen Stellenwert hat.<\/span><\/p>\n\n\n\n<p><span style=\"font-weight: 400;\">Australien steht bei vielen Menschen auf der Wunschliste der Reiseziele. Es hat wundersch\u00f6ne K\u00fcsten und sch\u00f6ne Landschaften. Au\u00dferdem gibt es weltber\u00fchmte Sehensw\u00fcrdigkeiten wie das Sydney Opera House. Das \u201eLand Down Under\u201c, wie es viele Leute nennen, hat ein gem\u00e4\u00dfigtes Klima. Je nach Standort k\u00f6nnen Sie unterschiedliche Schwankungen erleben. In den s\u00fcdlichen Teilen Australiens ist das Klima k\u00e4lter als im Norden. In diesem Teil des Landes sind die Sommer mild und es gibt gelegentlich regnerische Winter. Im Norden ist tropisches Wetter typisch. Diese Region hat feuchte Sommer und trockene Winter.&nbsp;<\/span><\/p>\n\n\n\n<h2 class=\"wp-block-heading\"><span style=\"font-weight: 400;\"><strong>Bedeutung der Marktforschung in Australien<\/strong><\/span><\/h2>\n\n\n\n<p><span style=\"font-weight: 400;\">Um sich im wohlhabenden und doch wettbewerbsintensiven australischen Marktumfeld zurechtzufinden, ist ein tiefes Verst\u00e4ndnis der Marktmechanismen erforderlich, da die Australier \u00fcber einzigartige Vorlieben und Erwartungen verf\u00fcgen. Marktforschung in Australien erleichtert das Verst\u00e4ndnis des Verbraucherverhaltens, der Trends und der Anforderungen der Verbraucher und dient als Grundlage f\u00fcr die Entwicklung von Produkten und Strategien, die beim lokalen Publikum Anklang finden.<\/span><\/p>\n\n\n\n<p><span style=\"font-weight: 400;\">Dies sind in jedem Fall einige der wichtigsten Vorteile, die Unternehmen durch die Durchf\u00fchrung von Marktforschung in Australien erzielen k\u00f6nnen:<\/span><\/p>\n\n\n\n<p><b>\u2022 Trenderkennung und -analyse: <\/b><span style=\"font-weight: 400;\">Die Markttrends in Australien sind dynamisch und vielschichtig. Mithilfe von Marktforschung k\u00f6nnen Unternehmen diese Trends identifizieren und analysieren und so Produkte und Dienstleistungen entwickeln, die den aktuellen und zuk\u00fcnftigen Marktanforderungen entsprechen.&nbsp;<\/span><\/p>\n\n\n\n<p><b>\u2022 Verbesserte Markenpositionierung: <\/b><span style=\"font-weight: 400;\">F\u00fcr eine effektive Markenpositionierung ist es entscheidend, das Wettbewerbsumfeld zu verstehen. Marktforschung liefert Einblicke in die Strategien der Konkurrenz und die Vorlieben der Verbraucher. So k\u00f6nnen Unternehmen ihre Marken so positionieren, dass sie bei der Zielgruppe Anklang finden und sich gleichzeitig von der Konkurrenz abheben.<\/span><\/p>\n\n\n\n<p><b>\u2022 H\u00f6here Kundenzufriedenheit: <\/b><span style=\"font-weight: 400;\">Wenn Unternehmen die Bed\u00fcrfnisse und Erwartungen ihrer Kunden verstehen, k\u00f6nnen sie ihr Angebot verbessern und so die Zufriedenheit und Treue ihrer Kunden steigern.&nbsp;<\/span><\/p>\n\n\n\n<h2 class=\"wp-block-heading\"><span style=\"font-weight: 400;\"><strong>Was sind die wichtigsten Touristenattraktionen und St\u00e4dte?&nbsp;<\/strong><\/span><\/h2>\n\n\n\n<p><span style=\"font-weight: 400;\">F\u00fcr Unternehmen, die in den Bereichen Tourismus, Gastgewerbe oder Reisen t\u00e4tig sind, bietet die Marktforschung in Australien einen Einblick in die beliebtesten Reiseziele des Landes, die kontinuierlich Touristen aus aller Welt anziehen:<\/span><\/p>\n\n\n\n<p><b>\u2022 Great Barrier Reef: <\/b><span style=\"font-weight: 400;\">Als eines der sieben Naturwunder der Welt zieht das Great Barrier Reef j\u00e4hrlich Millionen von Besuchern an.&nbsp;<\/span><\/p>\n\n\n\n<p><b>\u2022 Sydney: <\/b><span style=\"font-weight: 400;\">Sydney ist Heimat ber\u00fchmter Wahrzeichen wie dem Sydney Opera House und der Harbour Bridge und zieht sowohl internationale als auch einheimische Touristen an. Marktforschung in Australien auf Grundlage des Tourismus in Sydney kann Unternehmen dabei helfen, die Dynamik des St\u00e4dtetourismus und die Nachfrage nach verschiedenen Gastgewerbe- und Reisedienstleistungen zu verstehen.<\/span><\/p>\n\n\n\n<p><b>\u2022 Melbourne: <\/b><span style=\"font-weight: 400;\">Melbourne ist f\u00fcr seine lebendige Kunstszene, Kulturfestivals und Sportveranstaltungen bekannt und ein erstklassiges Reiseziel. Durch Marktforschung k\u00f6nnen wertvolle Daten zum Kulturtourismus und zum Potenzial f\u00fcr Veranstaltungssponsoring und Partnerschaften gewonnen werden.<\/span><\/p>\n\n\n\n<p><b>\u2022 Goldk\u00fcste: <\/b><span style=\"font-weight: 400;\">Die Gold Coast ist f\u00fcr ihre wundersch\u00f6nen Str\u00e4nde und spannenden Themenparks bekannt und zieht ein breites Spektrum an Touristen an. Marktforschung in dieser Stadt hilft Unternehmen dabei, den Freizeit- und Abenteuertourismusmarkt zu erschlie\u00dfen, die Besucherdemografie zu verstehen und ma\u00dfgeschneiderte Angebote zu entwickeln.<\/span><\/p>\n\n\n\n<h2 class=\"wp-block-heading\"><span style=\"font-weight: 400;\"><strong>Schl\u00fcsselindustrien auf dem australischen Markt<\/strong><\/span><\/h2>\n\n\n\n<figure class=\"gb-block-image gb-block-image-c07f409b\"><img loading=\"lazy\" decoding=\"async\" width=\"1456\" height=\"816\" class=\"gb-image gb-image-c07f409b\" src=\"https:\/\/www.sisinternational.com\/wp-content\/uploads\/2025\/09\/Australia-4.jpg\" alt=\"SIS International Marktforschung &amp; Strategie\" title=\"Australia (4)\" srcset=\"https:\/\/www.sisinternational.com\/wp-content\/uploads\/2025\/09\/Australia-4.jpg 1456w, https:\/\/www.sisinternational.com\/wp-content\/uploads\/2025\/09\/Australia-4-300x168.jpg 300w, https:\/\/www.sisinternational.com\/wp-content\/uploads\/2025\/09\/Australia-4-1024x574.jpg 1024w, https:\/\/www.sisinternational.com\/wp-content\/uploads\/2025\/09\/Australia-4-768x430.jpg 768w, https:\/\/www.sisinternational.com\/wp-content\/uploads\/2025\/09\/Australia-4-18x10.jpg 18w\" sizes=\"auto, (max-width: 1456px) 100vw, 1456px\"><\/figure>\n\n\n\n<p><\/p>\n\n\n\n<p><span style=\"font-weight: 400;\">Eine eingehende Marktforschung deckt Schl\u00fcsselindustrien auf, die die Wirtschaft des Landes antreiben und jeweils einzigartige Chancen und Herausforderungen f\u00fcr Unternehmen bieten:<\/span><\/p>\n\n\n\n<p><b>\u2022 Bergbau und Ressourcen: <\/b><span style=\"font-weight: 400;\">Australien ist reich an Mineralien und Ressourcen. Unternehmen wie BHP Group und Rio Tinto spielen eine zentrale Rolle im globalen Bergbausektor. Die Durchf\u00fchrung von Marktforschung in Australien innerhalb dieser Branche bietet Einblicke in die Nachfrage nach verschiedenen Mineralien, Investitionsm\u00f6glichkeiten und die allgemeine Gesundheit des Sektors.<\/span><\/p>\n\n\n\n<p><b>\u2022 Finanzdienstleistungen: <\/b><span style=\"font-weight: 400;\">With major firms like Commonwealth Bank, Westpac, and ANZ, Australia\u2019s financial services sector is robust and innovative. In-depth market research helps businesses understand consumer financial behavior, emerging <a class=\"wpil_keyword_link\" href=\"https:\/\/www.sisinternational.com\/de\/fintech-trends-2025\/\" title=\"FinTech Trends\" data-wpil-keyword-link=\"linked\" data-wpil-monitor-id=\"446\">Fintech-Trends<\/a>, and the competitive landscape in this sector.<\/span><\/p>\n\n\n\n<p><b>\u2022 Schul-und Berufsbildung: <\/b><span style=\"font-weight: 400;\">Mit renommierten Institutionen wie der University of Sydney und der Australian National University leistet der Bildungssektor einen bedeutenden Beitrag zur Wirtschaft. Eine Marktstudie kann Einblicke in die Studentendemografie, Kurspr\u00e4ferenzen und internationale Kooperationen geben.<\/span><\/p>\n\n\n\n<p><b>\u2022 Landwirtschaft: <\/b><span style=\"font-weight: 400;\">Mit f\u00fchrenden Unternehmen wie GrainCorp und Elders bleibt die Landwirtschaft eine grundlegende Branche. Marktforschung in Australien liefert wichtige Einblicke in Ernteertr\u00e4ge, Trends in der Viehzucht und die Nachfrage nach verschiedenen landwirtschaftlichen Produkten im In- und Ausland.<\/span><\/p>\n\n\n\n<p><b>\u2022 Tourismus: <\/b><span style=\"font-weight: 400;\">With attractions like the Great Barrier Reef and Sydney Opera House, tourism is a significant industry. Therefore, having comprehensive insights allows businesses to understand traveler behaviors, popular destinations, and potential areas for investment in hospitality and travel services.<\/span><\/p>\n\n\n\n<h2 class=\"wp-block-heading\"><span style=\"font-weight: 400;\"><strong>Chancen in Australien<\/strong><\/span><\/h2>\n\n\n\n<p><span style=\"font-weight: 400;\">Die Lage des Landes im asiatisch-pazifischen Raum bietet neuen Investoren vielf\u00e4ltige M\u00f6glichkeiten. Der australische Markt erm\u00f6glicht es Ihnen, Ihr Gesch\u00e4ft aufzubauen oder zu erweitern.&nbsp;<\/span><\/p>\n\n\n\n<h2 class=\"wp-block-heading\"><span style=\"font-weight: 400;\">Bergbau&nbsp;<\/span><\/h2>\n\n\n\n<p><span style=\"font-weight: 400;\">Australien verf\u00fcgt \u00fcber riesige Landfl\u00e4chen und reichlich nat\u00fcrliche Ressourcen. Diese Faktoren haben dazu gef\u00fchrt, dass der Bergbau zur Grundlage der australischen Wirtschaft wurde. Zu seinen Ressourcen z\u00e4hlen Eisen, Bauxit, Kupfer, Gold, Uran und Silber. Diese Liste ist nicht vollst\u00e4ndig.&nbsp;<\/span><\/p>\n\n\n\n<h2 class=\"wp-block-heading\"><span style=\"font-weight: 400;\">Herstellung<\/span><\/h2>\n\n\n\n<p><span style=\"font-weight: 400;\">Auch die Fertigung spielt in Australiens boomender Wirtschaft eine bedeutende Rolle. Australien hat mehr Flugzeuge pro Kopf als jedes andere Land. Daher ist es keine \u00dcberraschung, dass GE Aviation und Boeing die Fertigungsindustrie anf\u00fchren. Australien ist eines der f\u00fchrenden Fertigungsl\u00e4nder der Welt. Es produziert auch Kleidung, Textilien und Schuhe. Die Herstellung von Lebensmitteln und Getr\u00e4nken leistet einen wichtigen Beitrag zur Wirtschaft, und das Land exportiert Milch- und Fleischprodukte, Zucker und S\u00fc\u00dfwaren. Es verarbeitet auch Meeresfr\u00fcchte.<\/span><\/p>\n\n\n\n<h2 class=\"wp-block-heading\"><span style=\"font-weight: 400;\">Gesundheitswesen<\/span><\/h2>\n\n\n\n<p><span style=\"font-weight: 400;\">Das australische Gesundheitswesen wurde vom Commonwealth als das zweitbeste der Welt eingestuft. Australien verf\u00fcgt \u00fcber ein fortschrittliches System. Es eignet sich nicht nur f\u00fcr medizinische Untersuchungen, sondern auch f\u00fcr klinische Studien. Die Gesundheitsinfrastruktur ist erstklassig und tr\u00e4gt erheblich zum BIP des Landes bei.&nbsp;<\/span><\/p>\n\n\n\n<h2 class=\"wp-block-heading\"><span style=\"font-weight: 400;\">Finanzbranche<\/span><\/h2>\n\n\n\n<p><span style=\"font-weight: 400;\">Australien ist eines der stabilsten L\u00e4nder in der Finanzwelt. Seine f\u00fchrenden Banken z\u00e4hlen alle zu den sichersten Banken der Welt. Das Land hat Zugang zu Finanzierungen und kann weltweit problemlos und sicher Gesch\u00e4fte t\u00e4tigen. Diese Faktoren gew\u00e4hrleisten die Kontinuit\u00e4t des Finanzsektors als entscheidender Wirtschaftsmotor.<\/span><\/p>\n\n\n\n<h2 class=\"wp-block-heading\"><span style=\"font-weight: 400;\">Tourismus<\/span><\/h2>\n\n\n\n<p><\/p>\n\n\n\n<p><span style=\"font-weight: 400;\">Das Land der K\u00e4ngurus ist ein beneidetes Reiseziel, denn die landschaftliche Sch\u00f6nheit Australiens zieht viele Besucher in seine riesigen Gebiete. Die meisten Besucher kommen aus Japan, Gro\u00dfbritannien, den USA und China. Es bietet exquisite kulinarische Erlebnisse und eine unglaubliche Flora und Fauna. Die magische Aura sorgt daf\u00fcr, dass es weiterhin ganz oben auf der Liste der Reiseziele steht.<\/span><\/p>\n\n\n\n<h2 class=\"wp-block-heading\"><span style=\"font-weight: 400;\"><strong>Herausforderungen f\u00fcr Unternehmen<\/strong><\/span><\/h2>\n\n\n\n<figure class=\"gb-block-image gb-block-image-bfe89eea\"><img loading=\"lazy\" decoding=\"async\" width=\"1456\" height=\"816\" class=\"gb-image gb-image-bfe89eea\" src=\"https:\/\/www.sisinternational.com\/wp-content\/uploads\/2025\/09\/Australia-2.jpg\" alt=\"SIS International Marktforschung &amp; Strategie\" title=\"Australia (2)\" srcset=\"https:\/\/www.sisinternational.com\/wp-content\/uploads\/2025\/09\/Australia-2.jpg 1456w, https:\/\/www.sisinternational.com\/wp-content\/uploads\/2025\/09\/Australia-2-300x168.jpg 300w, https:\/\/www.sisinternational.com\/wp-content\/uploads\/2025\/09\/Australia-2-1024x574.jpg 1024w, https:\/\/www.sisinternational.com\/wp-content\/uploads\/2025\/09\/Australia-2-768x430.jpg 768w, https:\/\/www.sisinternational.com\/wp-content\/uploads\/2025\/09\/Australia-2-18x10.jpg 18w\" sizes=\"auto, (max-width: 1456px) 100vw, 1456px\"><\/figure>\n\n\n\n<p><\/p>\n\n\n\n<p><span style=\"font-weight: 400;\">Australien bietet zwar eine F\u00fclle von Investitionsm\u00f6glichkeiten, doch die Durchf\u00fchrung effektiver Marktforschung in Australien bringt auch eine Reihe von Herausforderungen mit sich, die Unternehmen meistern m\u00fcssen, um auf diesem reifen Markt erfolgreich zu sein. Dies sind einige der wichtigsten Herausforderungen, die es zu bew\u00e4ltigen gilt:<\/span><\/p>\n\n\n\n<p><b>\u2022 Gro\u00dfe geografische Vielfalt: <\/b><span style=\"font-weight: 400;\">Australiens riesige Landmasse und seine vielf\u00e4ltigen geografischen Regionen f\u00fchren dazu, dass Verbraucherverhalten, Vorlieben und Marktdynamik von Region zu Region erheblich variieren k\u00f6nnen. Marktforschung muss diese regionalen Unterschiede ber\u00fccksichtigen, um genaue Erkenntnisse zu liefern.<\/span><\/p>\n\n\n\n<p><b>\u2022 Wettbewerbsmarkt: <\/b><span style=\"font-weight: 400;\">Das Gesch\u00e4ftsumfeld in Australien ist hart umk\u00e4mpft, sowohl mit lokalen als auch internationalen Akteuren. Dies macht es noch schwieriger, sich auf dem Markt hervorzuheben.&nbsp;<\/span><\/p>\n\n\n\n<p><b>\u2022 Hohe Betriebskosten: <\/b><span style=\"font-weight: 400;\">Australia is known for its high operational costs, including labor and real estate. <a href=\"https:\/\/www.sisinternational.com\/de\/sachverstand\/branchen\/marktforschung-fur-strukturierte-verkabelung\/\" title=\"Marktforschung f\u00fcr strukturierte Verkabelung\" data-wpil-monitor-id=\"5759\">Market research in Australia<\/a> should include insights into cost structures and efficiency strategies.<\/span><\/p>\n\n\n\n<p><b>\u2022 Kulturelle sensibilit\u00e4t: <\/b><span style=\"font-weight: 400;\">Angesichts der vielf\u00e4ltigen Bev\u00f6lkerung Australiens m\u00fcssen Unternehmen bei der Vermarktung und Gesch\u00e4ftst\u00e4tigkeit in Australien kulturell sensibel vorgehen.&nbsp;<\/span><\/p>\n\n\n\n<p><b>\u2022 Datenprivatsph\u00e4re:<\/b><span style=\"font-weight: 400;\"> In Australien gelten strenge Datenschutzbestimmungen. Marktforschung sollte mit einem starken Fokus auf den Datenschutz durchgef\u00fchrt werden, um die Einhaltung sicherzustellen.<\/span><\/p>\n\n\n\n<p><b>\u2022 Markts\u00e4ttigung: <\/b><span style=\"font-weight: 400;\">In some sectors, the market may be saturated, making it challenging for new entrants to gain a foothold. For this reason, <a href=\"https:\/\/www.sisinternational.com\/de\/abdeckung\/marktforschung-afrika\/marktforschung-in-tansania\/\" title=\"Marktforschung in Tansania\" data-wpil-monitor-id=\"3950\">researchers must identify niche markets<\/a> or innovative approaches to overcome saturation.<\/span><\/p>\n\n\n\n<h2 class=\"wp-block-heading\"><span style=\"font-weight: 400;\"><strong>Gesch\u00e4fte in Australien machen<\/strong><\/span><\/h2>\n\n\n\n<p><span style=\"font-weight: 400;\">Australien verf\u00fcgt \u00fcber eine gesunde, gut ausgebildete und motivierte Belegschaft. Ein Unternehmen zum Laufen zu bringen, kann so einfach sein wie das Einmaleins.&nbsp; <\/span><span style=\"font-weight: 400;\">Zu den Vorteilen einer Gesch\u00e4ftst\u00e4tigkeit in Australien z\u00e4hlen unter anderem die folgenden:<\/span><\/p>\n\n\n\n<ul class=\"wp-block-list\">\n<li><span style=\"font-weight: 400;\">F\u00fcr die Kosten von Entwicklungs- und Forschungsinitiativen kann ein Steuerausgleich von 43,51 TP3T gew\u00e4hrt werden.<\/span><\/li>\n\n\n\n<li><span style=\"font-weight: 400;\">Zollfreie Konzessionen f\u00fcr einige Rohstoffimporte. Diese Konzessionen gelten nur f\u00fcr australische Unternehmen&nbsp;<\/span><\/li>\n\n\n\n<li><span style=\"font-weight: 400;\">Unternehmer k\u00f6nnen Zusch\u00fcsse beantragen, um das Wachstum ihres Unternehmens zu unterst\u00fctzen. Diese Kapitalspritzen erm\u00f6glichen es ihnen, auf neuen oder innovativen M\u00e4rkten wettbewerbsf\u00e4hig zu sein.&nbsp;<\/span><\/li>\n\n\n\n<li><span style=\"font-weight: 400;\">Ausl\u00e4ndische Investoren k\u00f6nnen Steuergutschriften und Rabatte f\u00fcr Unternehmen in Anspruch nehmen. Investoren, die Forschungs- und Entwicklungsprojekte in Australien finanzieren, k\u00f6nnen ebenfalls von diesen Vorteilen profitieren.<\/span><\/li>\n<\/ul>\n\n\n\n<h2 class=\"wp-block-heading\"><span style=\"font-weight: 400;\">\u00dcber Marktforschung in Australien<\/span><\/h2>\n\n\n\n<p><span style=\"font-weight: 400;\">Durch Marktforschung erhalten Unternehmen eine Vorstellung davon, wie Kunden auf ein neues Produkt reagieren. Sie zeigt ihnen auch potenzielle Probleme auf, die Gesch\u00e4ftsentscheidungen beeinflussen k\u00f6nnen. SIS bietet quantitative, qualitative und strategische Forschung an. Wir helfen Ihnen dabei, die bestm\u00f6glichen Gesch\u00e4ftsentscheidungen zu treffen. So helfen wir Ihnen, Effizienz, Rentabilit\u00e4t und Marktanteile zu verbessern.&nbsp;<\/span><\/p>\n\n\n\n<p><\/p>\n\n\n\n<p><\/p>","protected":false},"excerpt":{"rendered":"<p>Entdecken Sie mit Marktforschung in Australien neue Gesch\u00e4ftsm\u00f6glichkeiten.<\/p>","protected":false},"author":1,"featured_media":66627,"parent":42665,"menu_order":4,"comment_status":"closed","ping_status":"closed","template":"","meta":{"footnotes":""},"class_list":["post-33199","page","type-page","status-publish","has-post-thumbnail"],"_links":{"self":[{"href":"https:\/\/www.sisinternational.com\/de\/wp-json\/wp\/v2\/pages\/33199","targetHints":{"allow":["GET"]}}],"collection":[{"href":"https:\/\/www.sisinternational.com\/de\/wp-json\/wp\/v2\/pages"}],"about":[{"href":"https:\/\/www.sisinternational.com\/de\/wp-json\/wp\/v2\/types\/page"}],"author":[{"embeddable":true,"href":"https:\/\/www.sisinternational.com\/de\/wp-json\/wp\/v2\/users\/1"}],"replies":[{"embeddable":true,"href":"https:\/\/www.sisinternational.com\/de\/wp-json\/wp\/v2\/comments?post=33199"}],"version-history":[{"count":9,"href":"https:\/\/www.sisinternational.com\/de\/wp-json\/wp\/v2\/pages\/33199\/revisions"}],"predecessor-version":[{"id":84115,"href":"https:\/\/www.sisinternational.com\/de\/wp-json\/wp\/v2\/pages\/33199\/revisions\/84115"}],"up":[{"embeddable":true,"href":"https:\/\/www.sisinternational.com\/de\/wp-json\/wp\/v2\/pages\/42665"}],"wp:featuredmedia":[{"embeddable":true,"href":"https:\/\/www.sisinternational.com\/de\/wp-json\/wp\/v2\/media\/66627"}],"wp:attachment":[{"href":"https:\/\/www.sisinternational.com\/de\/wp-json\/wp\/v2\/media?parent=33199"}],"curies":[{"name":"wp","href":"https:\/\/api.w.org\/{rel}","templated":true}]}}