{"id":33182,"date":"2019-09-21T18:25:53","date_gmt":"2019-09-21T18:25:53","guid":{"rendered":"https:\/\/www.sisinternational.com\/?page_id=33182"},"modified":"2026-01-24T14:16:50","modified_gmt":"2026-01-24T19:16:50","slug":"marktforschung-auf-hawaii","status":"publish","type":"page","link":"https:\/\/www.sisinternational.com\/de\/abdeckung\/north-america\/usa-berichterstattung\/marktforschung-auf-hawaii\/","title":{"rendered":"Marktforschung auf Hawaii"},"content":{"rendered":"<h1 class=\"wp-block-heading\">Marktforschung auf Hawaii<\/h1>\n\n\n\n<figure class=\"gb-block-image gb-block-image-a501de4c\"><img loading=\"lazy\" decoding=\"async\" width=\"1456\" height=\"816\" class=\"gb-image gb-image-a501de4c\" src=\"https:\/\/www.sisinternational.com\/wp-content\/uploads\/2025\/09\/Hawai-4-1.jpg\" alt=\"SIS International Marktforschung &amp; Strategie\" title=\"Hawai (4)\" srcset=\"https:\/\/www.sisinternational.com\/wp-content\/uploads\/2025\/09\/Hawai-4-1.jpg 1456w, https:\/\/www.sisinternational.com\/wp-content\/uploads\/2025\/09\/Hawai-4-1-300x168.jpg 300w, https:\/\/www.sisinternational.com\/wp-content\/uploads\/2025\/09\/Hawai-4-1-1024x574.jpg 1024w, https:\/\/www.sisinternational.com\/wp-content\/uploads\/2025\/09\/Hawai-4-1-768x430.jpg 768w, https:\/\/www.sisinternational.com\/wp-content\/uploads\/2025\/09\/Hawai-4-1-18x10.jpg 18w\" sizes=\"auto, (max-width: 1456px) 100vw, 1456px\"><\/figure>\n\n\n\n<p><\/p>\n\n\n\n<h2 class=\"wp-block-heading\"><span style=\"font-weight: 400;\">Hawaii ist ein US-amerikanischer Inselstaat im Pazifischen Ozean, 3.758 Meilen westlich des US-amerikanischen Festlandes.<\/span><\/h2>\n\n\n\n<p><span style=\"font-weight: 400;\">Dieser Staat besteht aus einer Ansammlung kleiner Inseln, Inselchen, Felsen, Korallenriffen und Atollen. Hawaii hat einen Archipel aus acht gro\u00dfen Inseln, auf denen fast 1,5 Millionen Amerikaner leben. Alle Hawaiianer sind geb\u00fcrtige Amerikaner, da Hawaii einer der f\u00fcnfzig Staaten der USA ist.&nbsp;<\/span><\/p>\n\n\n\n<p><span style=\"font-weight: 400;\">Die Inselbewohner verdienen ihren Lebensunterhalt auf viele Arten. Viele nutzen die nat\u00fcrlichen Ressourcen, die die Inseln zu bieten haben. Sie erwirtschaften Einnahmen auf die gleiche Weise wie jeder andere Staat. Dazu geh\u00f6ren Landwirtschaft, Fischerei, Fertigung und die Dienstleistungsbranche. Nat\u00fcrlich unterscheiden sich die Einzelheiten zwischen den Regionen. Hawaii produziert andere landwirtschaftliche Produkte als beispielsweise Alaska oder Colorado.<\/span><\/p>\n\n\n\n<h2 class=\"wp-block-heading\"><span style=\"font-weight: 400;\">Ern\u00e4hrung, Landwirtschaft und Fischerei<\/span><\/h2>\n\n\n\n<p><span style=\"font-weight: 400;\">Farmers on the islands rear animals and cultivate crops to harvest and sell to customers. In this way, they earn revenue, which they use to support their livelihood. Chickens, cattle, and hogs are the most common livestock reared and sold on the islands. Farmers also sell their by-products, such as dairy and eggs.\u00a0<\/span><\/p>\n\n\n\n<p><span style=\"font-weight: 400;\">Haben Sie schon einmal von hawaiianischer Pizza geh\u00f6rt? Sie ist keine Erfindung einer der Inseln. Der einzigartige Belag dieser Pizza sind jedoch Schinken und Ananas. Ananas sind seit sehr langer Zeit ein Symbol von Hawaii. Deshalb verbinden viele Menschen Ananas mit den Hawaii-Inseln. Ananas sind neben Zuckerrohr die wertvollsten Nutzpflanzen Hawaiis. Macadamian\u00fcsse sind auch eines der Hauptexportg\u00fcter. Die Bauern sind jedoch in ihrer Auswahl der landwirtschaftlichen Produkte, die sie anbauen, nicht im Geringsten eingeschr\u00e4nkt. Sie finden auch Avocados, Bananen, Bohnen, Kaffee und Mais. Guaven, Salat, Kartoffeln und Tomaten sind einige der anderen auf den Inseln angebauten Nutzpflanzen.<\/span><\/p>\n\n\n\n<p><span style=\"font-weight: 400;\">Da die Insel vom Pazifischen Ozean umgeben ist, haben die Fischer ungehinderte M\u00f6glichkeiten. Viele betreiben kommerziellen Fischfang. Garnelen, Shrimps, Schwertfisch und Thunfisch geh\u00f6ren zu den Fischereiprodukten des Archipels. Die Inselbewohner betreiben auch Walfang.<\/span><\/p>\n\n\n\n<h2 class=\"wp-block-heading\"><span style=\"font-weight: 400;\">Herstellung<\/span><\/h2>\n\n\n\n<p><span style=\"font-weight: 400;\">Erd\u00f6lprodukte dominieren die Exporte des Staates, und dieser Sektor brachte im Jahr 2018 fast 143 Milliarden US-Dollar ein. Die Hawaiianer werten viele Arten von Rohstoffen durch den Herstellungsprozess auf. Sie stellen zum Beispiel Flugzeugmotorteile her und drucken Zeitungen. Die Hawaiianer stellen auch Brot, S\u00fc\u00dfigkeiten, Limonaden, raffinierten Zucker und einige S\u00e4fte, Gegenst\u00e4nde aus Stein, Glas und Ton sowie einige Kleidungsst\u00fccke her. Der Staat hat auch eine florierende Industrie, die Ananas einmacht, um die K\u00f6stlichkeit haltbar zu machen.&nbsp;<\/span><\/p>\n\n\n\n<h2 class=\"wp-block-heading\"><span style=\"font-weight: 400;\">Dienstleistungen M\u00f6glichkeiten<\/span><\/h2>\n\n\n\n<figure class=\"gb-block-image gb-block-image-e7f7a202\"><img loading=\"lazy\" decoding=\"async\" width=\"1456\" height=\"816\" class=\"gb-image gb-image-e7f7a202\" src=\"https:\/\/www.sisinternational.com\/wp-content\/uploads\/2025\/09\/Hawai-4.jpg\" alt=\"SIS International Marktforschung &amp; Strategie\" title=\"Hawai (4)\" srcset=\"https:\/\/www.sisinternational.com\/wp-content\/uploads\/2025\/09\/Hawai-4.jpg 1456w, https:\/\/www.sisinternational.com\/wp-content\/uploads\/2025\/09\/Hawai-4-300x168.jpg 300w, https:\/\/www.sisinternational.com\/wp-content\/uploads\/2025\/09\/Hawai-4-1024x574.jpg 1024w, https:\/\/www.sisinternational.com\/wp-content\/uploads\/2025\/09\/Hawai-4-768x430.jpg 768w, https:\/\/www.sisinternational.com\/wp-content\/uploads\/2025\/09\/Hawai-4-18x10.jpg 18w\" sizes=\"auto, (max-width: 1456px) 100vw, 1456px\"><\/figure>\n\n\n\n<p><\/p>\n\n\n\n<p><span style=\"font-weight: 400;\">The service sector is where Hawaiians generate most of the state\u2019s revenue. This sector makes up 9 percent of the state\u2019s gross product, with services ranging from a plethora of options. The intangible money-makers of Hawaii do include community, business, and personal services. Health care is a service; the law is one as well. Accounting, engineering, and car rentals are all service-based. Also falling in the service category are finance, insurance, and real estate. The islands also have military services like the Army, Air Force, Navy, and Marines.\u00a0<\/span><\/p>\n\n\n\n<h2 class=\"wp-block-heading\"><span style=\"font-weight: 400;\">Reisen und Tourismus<\/span><\/h2>\n\n\n\n<p><span style=\"font-weight: 400;\">Einer der wichtigsten einkommensgenerierenden Dienste auf Hawaii ist die Tourismusbranche. Der Tourismus hat eine der wichtigsten Rollen bei der Erzielung von Einnahmen gespielt. Touristen reisen aus allen Teilen der Welt in dieses viel beworbene \u201eParadies\u201c. Die Inseln bieten erstklassige Unterk\u00fcnfte. G\u00e4ste k\u00f6nnen auch die feine K\u00fcche Hawaiis genie\u00dfen.<\/span><\/p>\n\n\n\n<h2 class=\"wp-block-heading\"><span style=\"font-weight: 400;\">\u00dcber Marktforschung auf Hawaii<\/span><\/h2>\n\n\n\n<p><span style=\"font-weight: 400;\">For the state of Hawaii, market research aids investors. It assists them in understanding how the most prominent businesses and industries came to be. <a href=\"https:\/\/www.sisinternational.com\/de\/losungen\/qualitative-quantitative-forschungslosungen\/discrete-choice-in-market-research\/\" title=\"Discrete Choice in Market Research\"  data-wpil-monitor-id=\"933\">Marktforschung<\/a> tells prospective investors why these continue to be the industries of choice for Hawaiians. It aids their understanding of the problems a sector may have. Our analysis also assists them in finding solutions to these problems. <\/span><\/p>\n\n\n\n<p><span style=\"font-weight: 400;\"><a href=\"https:\/\/www.sisinternational.com\/de\/qualitative-research-to-enhance-customer-experience\/\" title=\"Qualitative Research to Enhance Customer Experience\"  data-wpil-monitor-id=\"9136\">Qualitative Research informs companies why customers<\/a> buy products.\u00a0 Key Qualitative methods include Focus Groups, Customer Interviews, and Online Communities.\u00a0 Quantitative <a href=\"https:\/\/www.sisinternational.com\/de\/how-to-conduct-effective-quantitative-market-research\/\" title=\"How to Conduct Effective Quantitative Market Research\"  data-wpil-monitor-id=\"9137\">Forschung<\/a> measures the extent of certain buying phenomena and is often conducted by Online, Mobile, and App surveys.\u00a0 They can see the statistics and exactly how well the industry is doing. <a href=\"https:\/\/www.sisinternational.com\/de\/die-notwendigkeit-von-wettbewerbsinformationen-in-dieser-rezession\/\" title=\"Die Notwendigkeit von Competitive Intelligence in einer Rezession\"  data-wpil-monitor-id=\"9135\">Strategy Research informs companies about competition<\/a>, innovation, industries, and Go-To-Market Strategy.\u00a0 Armed with these insights, they can understand the customers\u2019 reasons for supporting that industry. They can also see precisely how they can fit themselves in and make a profit.<\/span><\/p>\n\n\n\n<p><\/p>\n\n\n\n<h2 class=\"wp-block-heading\">&nbsp;<\/h2>","protected":false},"excerpt":{"rendered":"<p>Entdecken Sie mit Marktforschung auf Hawaii neue Gesch\u00e4ftsm\u00f6glichkeiten.<\/p>","protected":false},"author":1,"featured_media":68287,"parent":19303,"menu_order":41,"comment_status":"closed","ping_status":"closed","template":"","meta":{"footnotes":""},"class_list":["post-33182","page","type-page","status-publish","has-post-thumbnail"],"_links":{"self":[{"href":"https:\/\/www.sisinternational.com\/de\/wp-json\/wp\/v2\/pages\/33182","targetHints":{"allow":["GET"]}}],"collection":[{"href":"https:\/\/www.sisinternational.com\/de\/wp-json\/wp\/v2\/pages"}],"about":[{"href":"https:\/\/www.sisinternational.com\/de\/wp-json\/wp\/v2\/types\/page"}],"author":[{"embeddable":true,"href":"https:\/\/www.sisinternational.com\/de\/wp-json\/wp\/v2\/users\/1"}],"replies":[{"embeddable":true,"href":"https:\/\/www.sisinternational.com\/de\/wp-json\/wp\/v2\/comments?post=33182"}],"version-history":[{"count":5,"href":"https:\/\/www.sisinternational.com\/de\/wp-json\/wp\/v2\/pages\/33182\/revisions"}],"predecessor-version":[{"id":81527,"href":"https:\/\/www.sisinternational.com\/de\/wp-json\/wp\/v2\/pages\/33182\/revisions\/81527"}],"up":[{"embeddable":true,"href":"https:\/\/www.sisinternational.com\/de\/wp-json\/wp\/v2\/pages\/19303"}],"wp:featuredmedia":[{"embeddable":true,"href":"https:\/\/www.sisinternational.com\/de\/wp-json\/wp\/v2\/media\/68287"}],"wp:attachment":[{"href":"https:\/\/www.sisinternational.com\/de\/wp-json\/wp\/v2\/media?parent=33182"}],"curies":[{"name":"wp","href":"https:\/\/api.w.org\/{rel}","templated":true}]}}