{"id":32733,"date":"2019-08-24T20:13:48","date_gmt":"2019-08-24T20:13:48","guid":{"rendered":"https:\/\/www.sisinternational.com\/?page_id=32733"},"modified":"2025-11-15T20:56:04","modified_gmt":"2025-11-16T01:56:04","slug":"marktforschung-in-south-carolina","status":"publish","type":"page","link":"https:\/\/www.sisinternational.com\/de\/abdeckung\/north-america\/usa-berichterstattung\/marktforschung-in-south-carolina\/","title":{"rendered":"Marktforschung in South Carolina"},"content":{"rendered":"<h1 class=\"wp-block-heading\">Marktforschung in South Carolina<\/h1>\n\n\n\n<figure class=\"gb-block-image gb-block-image-abfefef9\"><img loading=\"lazy\" decoding=\"async\" width=\"1456\" height=\"816\" class=\"gb-image gb-image-abfefef9\" src=\"https:\/\/www.sisinternational.com\/wp-content\/uploads\/2025\/09\/Charleston-South-Carolina-3.jpg\" alt=\"SIS International Marktforschung &amp; Strategie\" title=\"Charleston South Carolina (3)\" srcset=\"https:\/\/www.sisinternational.com\/wp-content\/uploads\/2025\/09\/Charleston-South-Carolina-3.jpg 1456w, https:\/\/www.sisinternational.com\/wp-content\/uploads\/2025\/09\/Charleston-South-Carolina-3-300x168.jpg 300w, https:\/\/www.sisinternational.com\/wp-content\/uploads\/2025\/09\/Charleston-South-Carolina-3-1024x574.jpg 1024w, https:\/\/www.sisinternational.com\/wp-content\/uploads\/2025\/09\/Charleston-South-Carolina-3-768x430.jpg 768w, https:\/\/www.sisinternational.com\/wp-content\/uploads\/2025\/09\/Charleston-South-Carolina-3-18x10.jpg 18w\" sizes=\"auto, (max-width: 1456px) 100vw, 1456px\"><\/figure>\n\n\n\n<p><\/p>\n\n\n\n<h2 class=\"wp-block-heading\">South Carolina liegt im S\u00fcdosten der USA.<\/h2>\n\n\n\n<p>North Carolina liegt an seiner Nordgrenze und der Atlantik an seiner S\u00fcdostgrenze. Der Staat grenzt im S\u00fcdwesten an Georgia. Seine gr\u00f6\u00dfte Stadt ist Charlestown, die Hauptstadt ist Columbia. North Carolina wurde zu Ehren von Charles I., dem englischen K\u00f6nig, benannt. Es erstreckt sich \u00fcber eine Fl\u00e4che von 32.030 Quadratmeilen und ist der 23. bev\u00f6lkerungsreichste Staat der USA.<\/p>\n\n\n\n<p>South Carolina hat einen sehr vielf\u00e4ltigen Industriesektor. Er bietet genau die richtige Menge an Industrie f\u00fcr einen interessierten Investor. Hier sind die wichtigsten Wirtschaftsmotoren in South Carolina<\/p>\n\n\n\n<h2 class=\"wp-block-heading\">Luftfahrtindustrie<\/h2>\n\n\n\n<p>South Carolina is home to mega aerospace providers such as Boeing. The state has proven to be a mecca to top aerospace suppliers due to its skilled labor force. It also has a high-end infrastructure and advanced manufacturing skills.<\/p>\n\n\n\n<h2 class=\"wp-block-heading\">Biowissenschaften und Biotechnologie<\/h2>\n\n\n\n<p>Large pharmaceutical and biotechnological companies have made their home in SC. This state has shown commitment to life sciences and has cultivated several expansions and investments. It has top-notch hospital systems and <a href=\"https:\/\/www.sisinternational.com\/de\/losungen\/verbrauchermarktforschung\/\" title=\"Consumer Market Research Services for Smarter Business Decisions\"  data-wpil-monitor-id=\"8063\">services and research<\/a>, and development advancements. South Carolina is the number one destination for cutting-edge institutions.<\/p>\n\n\n\n<h2 class=\"wp-block-heading\">Transport<\/h2>\n\n\n\n<p>Due to South Carolina\u2019s location, access to commercial services is a breeze. The state has five major airports. It also has timely access to airports in both Atlanta and Charlotte. North Carolina is a convenient and accessible hub. Its location is a great help to both local and international trade. Also, being the seventh-largest port in the US makes SC a desirable destination. It\u2019s perfect for import and export businesses.<\/p>\n\n\n\n<h2 class=\"wp-block-heading\">Automobilbau<\/h2>\n\n\n\n<p>Die Nachfrage nach saubereren, neueren, schnelleren und innovativeren Fahrzeugen steigt. South Carolina f\u00f6rdert und st\u00e4rkt weiterhin seine Automobilwerke und die damit verbundenen Zulieferer. Bekannt f\u00fcr seine fortschrittliche Technologie, zieht SC weiterhin Industrien an. Zu diesen Industrien geh\u00f6rt nicht nur die Herstellung von Fahrzeugen, sondern auch der dazugeh\u00f6rigen Teile usw.<\/p>\n\n\n\n<h2 class=\"wp-block-heading\">Recycling<\/h2>\n\n\n\n<p>We live in an age where climate change is no longer a distant thought but a reality. South Carolina has made strides in the ability to convert wastage. It turns garbage into new and usable materials. It boasts more than 500 companies working to create a cleaner environment. South Carolina leads in our quest to save the Earth.<\/p>\n\n\n\n<p>South Carolina also has a goal of encouraging economic activity. The state wants to continue to keep its unemployment ratio in the low single figures. SC provides statutory incentives such as:<\/p>\n\n\n\n<ul class=\"wp-block-list\">\n<li>Keine Steuern auf Lagerbest\u00e4nde<\/li>\n\n\n\n<li>Nicht steuerbares lokales Einkommen<\/li>\n\n\n\n<li>Keine staatlichen Grundsteuern<\/li>\n\n\n\n<li>Keine Umsatzsteuer auf ganze Produkte<\/li>\n\n\n\n<li>Keine Umsatzsteuer auf Strom f\u00fcr industrielle Zwecke, Industrie- und Fertigungsmaterialien. Es gibt auch keine Umsatzsteuer auf ihre Fertigprodukte.<\/li>\n<\/ul>\n\n\n\n<p>Dieser Staat bietet au\u00dferdem eine g\u00fcnstige Einkommenssteuerstruktur. Diese Struktur macht es attraktiv, in SC Gesch\u00e4fte zu machen.<\/p>\n\n\n\n<h2 class=\"wp-block-heading\">Arbeitskr\u00e4fte<\/h2>\n\n\n\n<p>South Carolina has a population of about 5 million and a labor force of 2 million. This state has a diversified type of labor, but has invested in its human resources, and provides several avenues for continued learning and advancement. The commitment by both government and industries continues to produce a skilled workforce. This workforce can remain committed and adapt as technology continues to advance.<\/p>\n\n\n\n<h2 class=\"wp-block-heading\">\u00dcber Marktforschung in South Carolina<\/h2>\n\n\n\n<p>Quantitative, Qualitative, and <a href=\"https:\/\/www.sisinternational.com\/de\/losungen\/fintech-strategieberatung-forschung\/betriebsunterbrechungsversicherung-marktforschung-strategieberatung\/\" title=\"Marktforschung und Strategieberatung zur Betriebsunterbrechungsversicherung\"  data-wpil-monitor-id=\"8062\">Strategy Research can provide businesses<\/a> with insights into their competitors. It also informs them about their <a href=\"https:\/\/www.sisinternational.com\/de\/sachverstand\/branchen\/marktforschung-zu-stimme-des-kunden-im-lebensmittel-und-getrankebereich\/\" title=\"Marktforschung zur Stimme des Kunden im Lebensmittel- und Getr\u00e4nkebereich\"  data-wpil-monitor-id=\"8064\">market and customers<\/a>. It can <a href=\"https:\/\/www.sisinternational.com\/de\/losungen\/branding-und-kundenforschungslosungen\/storytelling-marktforschung\/\" title=\"Storytelling Marktforschung\"  data-wpil-monitor-id=\"8065\">tell them the best marketing<\/a> strategies to use. It informs the <a href=\"https:\/\/www.sisinternational.com\/de\/umfassende-marketingstrategie-fur-ein-amerikanisches-online-unternehmen-fur-privatfinanzen\/\" title=\"Umfassende Marketingstrategie f\u00fcr ein amerikanisches Online-Unternehmen f\u00fcr Privatfinanzen\"  data-wpil-monitor-id=\"8061\">online marketing strategy<\/a>. It helps firms plan everything from email newsletters to the design of their website. It also helps with social networking and search engine optimization. <a href=\"https:\/\/www.sisinternational.com\/de\/top-5-benefits-of-conducting-quantitative-market-research\/\" title=\"Top 5 Benefits of Conducting Quantitative Market Research\"  data-wpil-monitor-id=\"8060\">Quantitative Marktforschung<\/a> includes questionnaires and surveys. Qualitative <a href=\"https:\/\/www.sisinternational.com\/de\/us-veteranen-marktforschung-2\/\" title=\"Marktforschung f\u00fcr US-Veteranen\"  data-wpil-monitor-id=\"8059\">Market Research strategies<\/a> include individual interviews, online and offline focus groups, and observations or \u201cshop-alongs.\u201d<\/p>\n\n\n\n<p>If you have a business and you&#8217;re looking to set up shop in South Carolina, tap into Market Research. Leverage it to <a href=\"https:\/\/www.sisinternational.com\/de\/losungen\/strategieberatung\/strategieentwicklung-umsetzungsberatung\/\" title=\"Strategieentwicklung und Umsetzungsberatung\"  data-wpil-monitor-id=\"8066\">develop effective strategies<\/a> that help your business grow and prosper.<\/p>\n\n\n\n<p><\/p>","protected":false},"excerpt":{"rendered":"<p>Entdecken Sie mit Marktforschung in South Carolina neue Gesch\u00e4ftsm\u00f6glichkeiten.<\/p>","protected":false},"author":1,"featured_media":66676,"parent":19303,"menu_order":37,"comment_status":"closed","ping_status":"closed","template":"","meta":{"footnotes":""},"class_list":["post-32733","page","type-page","status-publish","has-post-thumbnail"],"_links":{"self":[{"href":"https:\/\/www.sisinternational.com\/de\/wp-json\/wp\/v2\/pages\/32733","targetHints":{"allow":["GET"]}}],"collection":[{"href":"https:\/\/www.sisinternational.com\/de\/wp-json\/wp\/v2\/pages"}],"about":[{"href":"https:\/\/www.sisinternational.com\/de\/wp-json\/wp\/v2\/types\/page"}],"author":[{"embeddable":true,"href":"https:\/\/www.sisinternational.com\/de\/wp-json\/wp\/v2\/users\/1"}],"replies":[{"embeddable":true,"href":"https:\/\/www.sisinternational.com\/de\/wp-json\/wp\/v2\/comments?post=32733"}],"version-history":[{"count":4,"href":"https:\/\/www.sisinternational.com\/de\/wp-json\/wp\/v2\/pages\/32733\/revisions"}],"predecessor-version":[{"id":81358,"href":"https:\/\/www.sisinternational.com\/de\/wp-json\/wp\/v2\/pages\/32733\/revisions\/81358"}],"up":[{"embeddable":true,"href":"https:\/\/www.sisinternational.com\/de\/wp-json\/wp\/v2\/pages\/19303"}],"wp:featuredmedia":[{"embeddable":true,"href":"https:\/\/www.sisinternational.com\/de\/wp-json\/wp\/v2\/media\/66676"}],"wp:attachment":[{"href":"https:\/\/www.sisinternational.com\/de\/wp-json\/wp\/v2\/media?parent=32733"}],"curies":[{"name":"wp","href":"https:\/\/api.w.org\/{rel}","templated":true}]}}