{"id":32723,"date":"2019-08-24T19:33:59","date_gmt":"2019-08-24T19:33:59","guid":{"rendered":"https:\/\/www.sisinternational.com\/?page_id=32723"},"modified":"2026-01-26T15:13:29","modified_gmt":"2026-01-26T20:13:29","slug":"marktforschung-in-iowa","status":"publish","type":"page","link":"https:\/\/www.sisinternational.com\/de\/abdeckung\/north-america\/usa-berichterstattung\/marktforschung-in-iowa\/","title":{"rendered":"Marktforschung in Iowa"},"content":{"rendered":"<h1 class=\"wp-block-heading\">Marktforschung in Iowa<\/h1>\n\n\n\n<figure class=\"gb-block-image gb-block-image-90d95785\"><img loading=\"lazy\" decoding=\"async\" width=\"1456\" height=\"816\" class=\"gb-image gb-image-90d95785\" src=\"https:\/\/www.sisinternational.com\/wp-content\/uploads\/2025\/09\/Iowa-3.jpg\" alt=\"SIS International Marktforschung &amp; Strategie\" title=\"Iowa (3)\" srcset=\"https:\/\/www.sisinternational.com\/wp-content\/uploads\/2025\/09\/Iowa-3.jpg 1456w, https:\/\/www.sisinternational.com\/wp-content\/uploads\/2025\/09\/Iowa-3-300x168.jpg 300w, https:\/\/www.sisinternational.com\/wp-content\/uploads\/2025\/09\/Iowa-3-1024x574.jpg 1024w, https:\/\/www.sisinternational.com\/wp-content\/uploads\/2025\/09\/Iowa-3-768x430.jpg 768w, https:\/\/www.sisinternational.com\/wp-content\/uploads\/2025\/09\/Iowa-3-18x10.jpg 18w\" sizes=\"auto, (max-width: 1456px) 100vw, 1456px\"><\/figure>\n\n\n\n<p><\/p>\n\n\n\n<h2 class=\"wp-block-heading\"><span style=\"font-weight: 400;\">Iowa, auch als \u201eHawkeye State\u201c bekannt, liegt im Mittleren Westen der USA.<\/span><\/h2>\n\n\n\n<p><span style=\"font-weight: 400;\">Iowa boasts of being one of the safest places to live.\u00a0It is the 30th-largest state with a population of 3,123,899 (30th Largest State, 2015) and a land area of 55,869 sq. mi. (144,701 sq. km). The state capital is Des Moines. Large cities include Cedar Rapids, Davenport, and Sioux City. The Mississippi River forms its east border, and the Missouri and Big Sioux Rivers its west. Minnesota is to the north, Illinois to the East, Missouri to the South, and Nebraska to the West.<\/span><\/p>\n\n\n\n<h2 class=\"wp-block-heading\"><span style=\"font-weight: 400;\">Landwirtschaft<\/span><\/h2>\n\n\n\n<p><span style=\"font-weight: 400;\">Iowas wichtigste Einnahmequelle sind Landwirtschaft und Lebensmittelproduktion. Der Bundesstaat produziert mehr als 7 Prozent der US-Lebensmittelversorgung. Seine Landwirte liefern Schweinefleisch, Sojabohnen, Eier und Mais. Sie sind auch f\u00fcr ihre Truthahn- und Milchproduktion bekannt. Iowa hat auch einen florierenden Sektor f\u00fcr biobasierte Produkte. Experten f\u00fchren den Anstieg der Tierproduktion auf das hochwertige Futter zur\u00fcck.<\/span><\/p>\n\n\n\n<h2 class=\"wp-block-heading\"><span style=\"font-weight: 400;\">Erneuerbare Energie<\/span><\/h2>\n\n\n\n<p><span style=\"font-weight: 400;\">Der Klimawandel ist nicht nur in den USA, sondern weltweit ein Thema, das gro\u00dfe Sorgen bereitet. Iowa ist f\u00fchrend im Bereich erneuerbarer Energien und konzentriert seine Bem\u00fchungen auf die Erzeugung von Windenergie. Auch in der Produktion von Biodiesel und Ethanol ist das Land f\u00fchrend. Der American Council on Renewable Energy hat Iowa als f\u00fchrend in dieser Branche eingestuft.<\/span><\/p>\n\n\n\n<h2 class=\"wp-block-heading\"><span style=\"font-weight: 400;\">Telekommunikationsbranche<\/span><\/h2>\n\n\n\n<p><span style=\"font-weight: 400;\">Dieser Staat ist die Heimat eines st\u00e4ndig wachsenden Telekommunikationssektors. Er verf\u00fcgt \u00fcber ein landesweites Glasfasernetz, das selbst die entlegensten l\u00e4ndlichen Gebiete mit Konnektivit\u00e4t versorgt. Rechenzentren von Microsoft und Google haben sich in diesem Staat niedergelassen.<\/span><\/p>\n\n\n\n<h2 class=\"wp-block-heading\"><span style=\"font-weight: 400;\">Strategischer Ort<\/span><\/h2>\n\n\n\n<p><span style=\"font-weight: 400;\">Aufgrund seiner Lage bietet Iowa Unternehmen einen einzigartigen Vorteil. Es eignet sich hervorragend f\u00fcr Unternehmen, die mit inl\u00e4ndischen und internationalen Lieferanten zusammenarbeiten. Transport-, Vertriebs- und Lagereinrichtungen machen einen gro\u00dfen Teil des staatlichen BIP aus.<\/span><\/p>\n\n\n\n<h2 class=\"wp-block-heading\"><span style=\"font-weight: 400;\">Einfache Gesch\u00e4ftsabwicklung<\/span><\/h2>\n\n\n\n<p><span style=\"font-weight: 400;\">Im Jahr 2018 wurde Iowa von US News als \u201eLebenswertester Bundesstaat\u201c ausgezeichnet. Diese Auszeichnung erhielt es aufgrund seines Gesundheitssystems, seiner Infrastruktur, seines Bildungssystems und seiner Chancen. Iowa bietet folgende Gesch\u00e4ftsvorteile:<\/span><\/p>\n\n\n\n<h2 class=\"wp-block-heading\"><span style=\"font-weight: 400;\">Steuerliche Anreize<\/span><\/h2>\n\n\n\n<figure class=\"gb-block-image gb-block-image-0efeabb5\"><img loading=\"lazy\" decoding=\"async\" width=\"1456\" height=\"816\" class=\"gb-image gb-image-0efeabb5\" src=\"https:\/\/www.sisinternational.com\/wp-content\/uploads\/2025\/09\/Iowa-1.jpg\" alt=\"SIS International Marktforschung &amp; Strategie\" title=\"Iowa (1)\" srcset=\"https:\/\/www.sisinternational.com\/wp-content\/uploads\/2025\/09\/Iowa-1.jpg 1456w, https:\/\/www.sisinternational.com\/wp-content\/uploads\/2025\/09\/Iowa-1-300x168.jpg 300w, https:\/\/www.sisinternational.com\/wp-content\/uploads\/2025\/09\/Iowa-1-1024x574.jpg 1024w, https:\/\/www.sisinternational.com\/wp-content\/uploads\/2025\/09\/Iowa-1-768x430.jpg 768w, https:\/\/www.sisinternational.com\/wp-content\/uploads\/2025\/09\/Iowa-1-18x10.jpg 18w\" sizes=\"auto, (max-width: 1456px) 100vw, 1456px\"><\/figure>\n\n\n\n<p><\/p>\n\n\n\n<p><span style=\"font-weight: 400;\">Vergleichbar mit anderen US-Bundesstaaten bietet IOWA folgende Vorteile:<\/span><span style=\"font-weight: 400;\">&nbsp;<\/span><\/p>\n\n\n\n<ul class=\"wp-block-list\">\n<li><span style=\"font-weight: 400;\">Ein Abzug von f\u00fcnfzig Prozent der K\u00f6rperschaftsteuer.<\/span><\/li>\n\n\n\n<li><span style=\"font-weight: 400;\">Nicht-einheitliche, einfaktorielle Steuer. Iowa erhebt Steuern ausschlie\u00dflich auf den Teil der Gesamtumsatzerl\u00f6se innerhalb des Staates.<\/span><\/li>\n<\/ul>\n\n\n\n<p>Iowa bietet Steueranreize in der folgenden (jedoch nicht vollst\u00e4ndigen) Liste:<\/p>\n\n\n\n<ul class=\"wp-block-list\">\n<li><span style=\"font-weight: 400;\">Steuer auf pers\u00f6nliches Eigentum. Unternehmer m\u00fcssen keine Steuern auf Rohstoffe, ihre Lagerbest\u00e4nde an unfertigen Waren oder Handelswaren zahlen.&nbsp;<\/span><\/li>\n\n\n\n<li><span style=\"font-weight: 400;\">on equipment, industrial machinery, or computers, or purchases of same. The beneficiaries of this break are insurance companies and financial institutions. It also applies to some commercial enterprises. These entities must use the equipment for manufacturing or processing data.<\/span><\/li>\n\n\n\n<li><span style=\"font-weight: 400;\">auf Materialien, die im Herstellungsprozess verwendet werden. Es gibt auch eine Steuererleichterung f\u00fcr den Kauf von Strom oder Erdgas, Propan oder Wasser. Das Unternehmen muss diese Rohstoffe f\u00fcr die Herstellung verwenden.&nbsp;<\/span><\/li>\n<\/ul>\n\n\n\n<h2 class=\"wp-block-heading\"><span style=\"font-weight: 400;\">Right-to-Work-Staat<\/span><\/h2>\n\n\n\n<p><span style=\"font-weight: 400;\">Nach dem Recht von Iowa darf niemand einen Arbeitnehmer zwingen, sich einer Gewerkschaft anzuschlie\u00dfen. Arbeitnehmer m\u00fcssen weder Beitr\u00e4ge noch Geb\u00fchren an Gewerkschaften, Organisationen oder Verb\u00e4nde zahlen.<\/span><\/p>\n\n\n\n<p>Iowa provides Regulatory Assistance through a special program. Businesses and regulators can communicate with ease. This communication facilitates the fulfillment of the necessary processes in an expedited manner. It makes it easy to <a href=\"https:\/\/www.sisinternational.com\/de\/unternehmensgrundung-in-der-turkei\/\" title=\"Unternehmensgr\u00fcndung in der T\u00fcrkei\"  data-wpil-monitor-id=\"9310\">set up a business<\/a> in the Hawkeye State.<\/p>\n\n\n\n<p><span style=\"font-weight: 400;\">The people of Iowa are productive, skilled, well-educated, and known for their work ethic. Education is a valued commodity in Iowa, a state that continues to invest in its people.<\/span><\/p>\n\n\n\n<h2 class=\"wp-block-heading\">Politische Bedeutung<\/h2>\n\n\n\n<p>Iowa is the location of the &#8220;Iowa Caucus&#8221; during the autumn and early winter of every fourth year as a result of the American elections.&nbsp; Political candidates come to Iowa to campaign.&nbsp; While other states have primaries, Iowa is one of the first to hold its caucus before other states hold theirs.&nbsp; As a result, the state receives a disproportionate amount of national and global attention.&nbsp; Iowa is important because it shows the opinions of an important cross-section of American voters located in the middle of the country.&nbsp; Politicians use the findings and results as a barometer to assess broader national opinion on political issues and candidates.&nbsp; Naturally, the fundraising efforts and tourism by candidates from all over the country boost the local economy.<\/p>\n\n\n\n<h2 class=\"wp-block-heading\">\u00dcber Marktforschung in Iowa<\/h2>\n\n\n\n<p>We conduct Qualitative, Quantitative and Strategy Market Research in Iowa.&nbsp; Key <a href=\"https:\/\/www.sisinternational.com\/de\/sampling-techniques-in-qualitative-research-the-complete-guide-to-choosing-the-right-method\/\" title=\"Sampling Techniques in Qualitative Research: The Complete Guide to Choosing the Right Method\"  data-wpil-monitor-id=\"9306\">Qualitative Research methods<\/a> include Focus Groups, Online Communities, Customer In-Depth Interviews, and Telephone Interviews.&nbsp; Our <a href=\"https:\/\/www.sisinternational.com\/de\/quantitative-market-research-methods-and-techniques\/\" title=\"Quantitative Market Research Methods and Techniques\"  data-wpil-monitor-id=\"9307\">Quantitative Research methods<\/a> include CATI Telephone Surveys, Online Surveys and Mobile Quantitative surveys.&nbsp; Our Strategy <a href=\"https:\/\/www.sisinternational.com\/de\/abdeckung\/marktforschung-asien\/marktforschung-mikronesien\/\" title=\"Marktforschung in Mikronesien\" data-wpil-monitor-id=\"3972\">Research Group provides Market<\/a> Opportunity &amp; Entry research, Channel Intelligence, Innovation Research and Competitive Analysis.<\/p>\n\n\n\n<h2 class=\"wp-block-heading\">&nbsp;<\/h2>","protected":false},"excerpt":{"rendered":"<p>Entdecken Sie mit Marktforschung in Iowa neue Gesch\u00e4ftsm\u00f6glichkeiten.<\/p>","protected":false},"author":1,"featured_media":66569,"parent":19303,"menu_order":34,"comment_status":"closed","ping_status":"closed","template":"","meta":{"footnotes":""},"class_list":["post-32723","page","type-page","status-publish","has-post-thumbnail"],"_links":{"self":[{"href":"https:\/\/www.sisinternational.com\/de\/wp-json\/wp\/v2\/pages\/32723","targetHints":{"allow":["GET"]}}],"collection":[{"href":"https:\/\/www.sisinternational.com\/de\/wp-json\/wp\/v2\/pages"}],"about":[{"href":"https:\/\/www.sisinternational.com\/de\/wp-json\/wp\/v2\/types\/page"}],"author":[{"embeddable":true,"href":"https:\/\/www.sisinternational.com\/de\/wp-json\/wp\/v2\/users\/1"}],"replies":[{"embeddable":true,"href":"https:\/\/www.sisinternational.com\/de\/wp-json\/wp\/v2\/comments?post=32723"}],"version-history":[{"count":6,"href":"https:\/\/www.sisinternational.com\/de\/wp-json\/wp\/v2\/pages\/32723\/revisions"}],"predecessor-version":[{"id":81558,"href":"https:\/\/www.sisinternational.com\/de\/wp-json\/wp\/v2\/pages\/32723\/revisions\/81558"}],"up":[{"embeddable":true,"href":"https:\/\/www.sisinternational.com\/de\/wp-json\/wp\/v2\/pages\/19303"}],"wp:featuredmedia":[{"embeddable":true,"href":"https:\/\/www.sisinternational.com\/de\/wp-json\/wp\/v2\/media\/66569"}],"wp:attachment":[{"href":"https:\/\/www.sisinternational.com\/de\/wp-json\/wp\/v2\/media?parent=32723"}],"curies":[{"name":"wp","href":"https:\/\/api.w.org\/{rel}","templated":true}]}}