{"id":32488,"date":"2019-08-10T19:15:43","date_gmt":"2019-08-10T19:15:43","guid":{"rendered":"https:\/\/www.sisinternational.com\/?page_id=32488"},"modified":"2025-09-13T20:28:03","modified_gmt":"2025-09-14T00:28:03","slug":"marktforschung-in-kansas","status":"publish","type":"page","link":"https:\/\/www.sisinternational.com\/de\/abdeckung\/north-america\/usa-berichterstattung\/marktforschung-in-kansas\/","title":{"rendered":"Marktforschung in Kansas"},"content":{"rendered":"<h1 class=\"wp-block-heading\"><span style=\"font-weight: 400;\">Marktforschung in Kansas<\/span><span style=\"font-weight: 400;\">&nbsp;<\/span><\/h1>\n\n\n\n<figure class=\"gb-block-image gb-block-image-ad412887\"><img loading=\"lazy\" decoding=\"async\" width=\"1456\" height=\"816\" class=\"gb-image gb-image-ad412887\" src=\"https:\/\/www.sisinternational.com\/wp-content\/uploads\/2025\/09\/Kansas-1.jpg\" alt=\"SIS International Marktforschung &amp; Strategie\" title=\"Kansas (1)\" srcset=\"https:\/\/www.sisinternational.com\/wp-content\/uploads\/2025\/09\/Kansas-1.jpg 1456w, https:\/\/www.sisinternational.com\/wp-content\/uploads\/2025\/09\/Kansas-1-300x168.jpg 300w, https:\/\/www.sisinternational.com\/wp-content\/uploads\/2025\/09\/Kansas-1-1024x574.jpg 1024w, https:\/\/www.sisinternational.com\/wp-content\/uploads\/2025\/09\/Kansas-1-768x430.jpg 768w, https:\/\/www.sisinternational.com\/wp-content\/uploads\/2025\/09\/Kansas-1-18x10.jpg 18w\" sizes=\"auto, (max-width: 1456px) 100vw, 1456px\"><\/figure>\n\n\n\n<p><\/p>\n\n\n\n<h2 class=\"wp-block-heading\"><span style=\"font-weight: 400;\">Der im Mittleren Westen der USA gelegene Bundesstaat Kansas beherbergt mehrere namhafte St\u00e4dte. <\/span><\/h2>\n\n\n\n<p><span style=\"font-weight: 400;\">Die bev\u00f6lkerungsreichsten St\u00e4dte sind Wichita, Overland Park, Kansas City, Topeka und Olathe. Weitere gro\u00dfe Ballungsr\u00e4ume sind Lawrence, Shawnee, Manhattan, Lenexa und Salina. Landwirtschaft, Viehzucht, Energie, Luftfahrt und nicht brennbare Industriemineralien sind die wichtigsten Industriezweige, und Kansas ist der gr\u00f6\u00dfte Weizenproduzent des Landes.<\/span><span style=\"font-weight: 400;\">&nbsp;<\/span><\/p>\n\n\n\n<p><span style=\"font-weight: 400;\">There has been a regular increase in the number of startup companies in Kansas over the years. This state provides business owners with a robust expansion foundation. It&#8217;s easy to grow an enterprise here. <a href=\"https:\/\/www.sisinternational.com\/de\/losungen\/verbrauchermarktforschung\/\" title=\"Consumer Market Research Services for Smarter Business Decisions\"  data-wpil-monitor-id=\"8074\">Business cost and taxes don&#8217;t consume<\/a> the profits of the company. Today, Kansas has a broad <a href=\"https:\/\/www.sisinternational.com\/de\/sachverstand\/branchen\/industrielle-marktforschung\/\" title=\"Industrielle Marktforschung und Strategie\"  data-wpil-monitor-id=\"8069\">industry base since it offers excellent marketing<\/a> advantages.<\/span><\/p>\n\n\n\n<p><span style=\"font-weight: 400;\">For Kansas, we recommend both quantitative and <a href=\"https:\/\/www.sisinternational.com\/de\/tools-and-resources-for-qualitative-market-research\/\" title=\"Tools and Resources for Qualitative Market Research\"  data-wpil-monitor-id=\"8068\">qualitative Marktforschung<\/a>. Both types would be beneficial for people looking to establish a business here. Some of the primary advantages that companies in Kansas can leverage include:<\/span><\/p>\n\n\n\n<h2 class=\"wp-block-heading\">Transport<\/h2>\n\n\n\n<p><span style=\"font-weight: 400;\">Kansas offers excellent transportation advantages for business owners, and its rail, air, and highway networks are well-established. The state has a central location with quality infrastructure. It provides access to interstate rail, truck services, and air corridors. The strategic location of Kansas places it at the crossroads of the US. As a result, it is cheaper to ship to and from its cities.<\/span><\/p>\n\n\n\n<p><span style=\"font-weight: 400;\">Kansas ist die Heimat zahlreicher Produktionsst\u00e4tten, Lagerh\u00e4user und Vertriebsbereiche, die beim Transport von Fertig- und Rohmaterialien hohe Gewinne eingefahren haben. Alle wichtigen Absatzm\u00e4rkte sind von hier aus bequem zu erreichen. Der Bundesstaat liegt in den USA an zweiter Stelle, was die Bereitstellung von Schienenverkehrsdiensten betrifft.<\/span><\/p>\n\n\n\n<h2 class=\"wp-block-heading\">Gesch\u00e4ftsanreize<\/h2>\n\n\n\n<p><span style=\"font-weight: 400;\">M\u00f6chten Sie eine neue Organisation in Kansas registrieren? Es gibt mehrere Anreize und Programme, von denen Ihr Unternehmen profitieren kann. Zu den g\u00e4ngigsten Programmen geh\u00f6ren:<\/span><\/p>\n\n\n\n<ul class=\"wp-block-list\">\n<li><b>Anreize f\u00fcr die wirtschaftliche Entwicklung:<\/b><span style=\"font-weight: 400;\"> Grants are available for eligible business owners. These concessions aim to give financing to private enterprises. They, in turn, will be able to keep and create more jobs within the state. Grants can vary in price depending on the size of the business.<\/span><\/li>\n\n\n\n<li><b>Au\u00dfenhandelszonen:<\/b><span style=\"font-weight: 400;\"> Das Ziel dieses Programms ist die Bereitstellung eines unbegrenzten zollfreien Einfuhrzolls. Unternehmen haben nach der Registrierung Anspruch auf diesen Vorteil.<\/span><\/li>\n\n\n\n<li><b>Initiative f\u00fcr kleine Unternehmen:<\/b><span style=\"font-weight: 400;\"> Das US-Finanzministerium bietet neuen Unternehmen Subventionen an. Auch die State Small Business Credit Initiative bietet Anreize. Unternehmen haben nach der Registrierung Anspruch auf diese Verg\u00fcnstigung. Die H\u00f6he der F\u00f6rderung kann je nach Art des Programms variieren.<\/span><\/li>\n<\/ul>\n\n\n\n<h2 class=\"wp-block-heading\">Gebildete und qualifizierte Arbeitskr\u00e4fte<\/h2>\n\n\n\n<p><span style=\"font-weight: 400;\">One <a href=\"https:\/\/www.sisinternational.com\/de\/top-5-benefits-of-qualitative-market-research-for-businesses\/\" title=\"Top 5 Benefits of Qualitative Market Research for Businesses\"  data-wpil-monitor-id=\"8073\">benefit of doing business<\/a> in Kansas is the presence of an educated workforce. Most of the citizens live in metropolitan areas. Still, companies located in any region will find a quality workforce. The education system of Kansas is one of the best in the US, and it has produced well-skilled and trainable individuals. It is a substantial contributing <a href=\"https:\/\/www.sisinternational.com\/de\/schlusselfaktoren-fur-den-erfolg-in-der-automobilmarktforschung\/\" title=\"Erfolgsfaktoren in der Automobilmarktforschung\"  data-wpil-monitor-id=\"8070\">factor to the success<\/a> of various businesses. This state is a right-to-work one. As a result, the labor cost is below the average of the nation. Additionally, there are various workforce training programs. These programs are for businesses new to Kansas with the goal of expansion.<\/span><\/p>\n\n\n\n<h2 class=\"wp-block-heading\">Erschwinglichkeit von Energie<\/h2>\n\n\n\n<p><span style=\"font-weight: 400;\">Kansas has a significant advantage over other states when it comes to supplying enough <a href=\"https:\/\/www.sisinternational.com\/de\/sachverstand\/lebenslaufe\/lebenslauf-mit-berufserfahrung-in-der-chemie-und-energiebranche\/\" title=\"Chemie- und Energiemarktforschungsunternehmen\"  data-wpil-monitor-id=\"8071\">energy to meet the needs of companies<\/a>. Kansas has one of the largest natural gas fields in the world, and it is among the leading producers of natural gas in the nation. Additionally, the statewide power costs in Kansas are competitive with the natural average. State authorities try their best to lower the <a href=\"https:\/\/www.sisinternational.com\/de\/umweltfreundlich-zu-sein-verbessert-die-rezessionsleistung\/\" title=\"So senken Sie die Kosten in Ihrem Unternehmen\"  data-wpil-monitor-id=\"8075\">cost of residing and doing business<\/a> in Kansas. Lawmakers are always finding <a href=\"https:\/\/www.sisinternational.com\/de\/veroffentlichungen\/skalierbare-geschaftsmarktforschung-7-moglichkeiten-zum-aufbau-eines-skalierbaren-geschafts\/\" title=\"Marktforschung f\u00fcr skalierbare Unternehmen: 7 M\u00f6glichkeiten zum Aufbau eines skalierbaren Unternehmens\"  data-wpil-monitor-id=\"8072\">ways to improve their business<\/a> climate.<\/span><\/p>\n\n\n\n<h2 class=\"wp-block-heading\">&nbsp;<\/h2>","protected":false},"excerpt":{"rendered":"<p>Entdecken Sie mit Marktforschung in Kansas neue M\u00f6glichkeiten.<\/p>","protected":false},"author":1,"featured_media":66580,"parent":19303,"menu_order":30,"comment_status":"closed","ping_status":"closed","template":"","meta":{"footnotes":""},"class_list":["post-32488","page","type-page","status-publish","has-post-thumbnail"],"_links":{"self":[{"href":"https:\/\/www.sisinternational.com\/de\/wp-json\/wp\/v2\/pages\/32488","targetHints":{"allow":["GET"]}}],"collection":[{"href":"https:\/\/www.sisinternational.com\/de\/wp-json\/wp\/v2\/pages"}],"about":[{"href":"https:\/\/www.sisinternational.com\/de\/wp-json\/wp\/v2\/types\/page"}],"author":[{"embeddable":true,"href":"https:\/\/www.sisinternational.com\/de\/wp-json\/wp\/v2\/users\/1"}],"replies":[{"embeddable":true,"href":"https:\/\/www.sisinternational.com\/de\/wp-json\/wp\/v2\/comments?post=32488"}],"version-history":[{"count":5,"href":"https:\/\/www.sisinternational.com\/de\/wp-json\/wp\/v2\/pages\/32488\/revisions"}],"predecessor-version":[{"id":81360,"href":"https:\/\/www.sisinternational.com\/de\/wp-json\/wp\/v2\/pages\/32488\/revisions\/81360"}],"up":[{"embeddable":true,"href":"https:\/\/www.sisinternational.com\/de\/wp-json\/wp\/v2\/pages\/19303"}],"wp:featuredmedia":[{"embeddable":true,"href":"https:\/\/www.sisinternational.com\/de\/wp-json\/wp\/v2\/media\/66580"}],"wp:attachment":[{"href":"https:\/\/www.sisinternational.com\/de\/wp-json\/wp\/v2\/media?parent=32488"}],"curies":[{"name":"wp","href":"https:\/\/api.w.org\/{rel}","templated":true}]}}