{"id":32477,"date":"2019-08-10T18:51:58","date_gmt":"2019-08-10T18:51:58","guid":{"rendered":"https:\/\/www.sisinternational.com\/?page_id=32477"},"modified":"2025-09-13T19:37:47","modified_gmt":"2025-09-13T23:37:47","slug":"marktforschung-in-utah","status":"publish","type":"page","link":"https:\/\/www.sisinternational.com\/de\/abdeckung\/north-america\/usa-berichterstattung\/marktforschung-in-utah\/","title":{"rendered":"Marktforschung in Utah"},"content":{"rendered":"<h1 class=\"wp-block-heading\">Marktforschung in Utah<\/h1>\n\n\n\n<figure class=\"gb-block-image gb-block-image-adbb8ca9\"><img loading=\"lazy\" decoding=\"async\" width=\"1456\" height=\"816\" class=\"gb-image gb-image-adbb8ca9\" src=\"https:\/\/www.sisinternational.com\/wp-content\/uploads\/2025\/09\/Utah-3.jpg\" alt=\"SIS International Marktforschung &amp; Strategie\" title=\"Utah (3)\" srcset=\"https:\/\/www.sisinternational.com\/wp-content\/uploads\/2025\/09\/Utah-3.jpg 1456w, https:\/\/www.sisinternational.com\/wp-content\/uploads\/2025\/09\/Utah-3-300x168.jpg 300w, https:\/\/www.sisinternational.com\/wp-content\/uploads\/2025\/09\/Utah-3-1024x574.jpg 1024w, https:\/\/www.sisinternational.com\/wp-content\/uploads\/2025\/09\/Utah-3-768x430.jpg 768w, https:\/\/www.sisinternational.com\/wp-content\/uploads\/2025\/09\/Utah-3-18x10.jpg 18w\" sizes=\"auto, (max-width: 1456px) 100vw, 1456px\"><\/figure>\n\n\n\n<p><\/p>\n\n\n\n<h2 class=\"wp-block-heading\"><span style=\"font-weight: 400;\">Utah is an ideal state for new organizations and is home to many successful companies. <\/span><\/h2>\n\n\n\n<p><span style=\"font-weight: 400;\">Its nickname is the Beehive State due to the industrious nature of the population. The economy of Utah has expanded in 2006 at a yearly rate of 2.3 percent, against the national rate of 0.5 percent.<\/span><\/p>\n\n\n\n<p><span style=\"font-weight: 400;\">Salt Lake ist mit 200.000 Einwohnern die gr\u00f6\u00dfte Stadt, gefolgt von West Valley City mit 136.000 Einwohnern. Es folgen Provo, West Jordan und Orem, gefolgt von Sandy, Ogden und St. George. Layton und South Jordan sind ebenfalls bedeutende St\u00e4dte.<\/span><\/p>\n\n\n\n<h2 class=\"wp-block-heading\">Gelegenheiten f\u00fcr Gesch\u00e4fte<\/h2>\n\n\n\n<p><span style=\"font-weight: 400;\">Die wichtigste Branche sind moderne Verbundwerkstoffe. Der Staat stellt Fahrradr\u00e4der aus Kohlefaser, Bauteile f\u00fcr die Luft- und Raumfahrt und vieles mehr her. Mehr als 10.000 Menschen sind hier besch\u00e4ftigt. Weitere wichtige Branchen sind die Luft- und Raumfahrt, Datenzentren, digitale Medien und der Vertrieb.<\/span><\/p>\n\n\n\n<p><span style=\"font-weight: 400;\">Unternehmer und Unternehmen betrachten diesen Staat als fruchtbares Umfeld f\u00fcr Wachstum: das Ergebnis jahrzehntelanger harter Arbeit seiner Einwohner. Utah hat viele wachsende innovative Unternehmen und eine qualifizierte Belegschaft. Es ist auch ein Anstieg der Zahl der Unternehmen zu verzeichnen, sowohl der gro\u00dfen als auch der kleinen, und viele ikonische Organisationen haben sich in diesem Staat niedergelassen. Mehrere Faktoren ziehen diese Unternehmen an, zum Beispiel die gebildete Bev\u00f6lkerung und die Steuererleichterungen. Weitere Attraktionen sind das zuverl\u00e4ssige \u00f6ffentliche Verkehrssystem und die g\u00fcnstigen Immobilienpreise.<\/span><\/p>\n\n\n\n<h2 class=\"wp-block-heading\">Vorteile einer Unternehmensgr\u00fcndung in Utah<\/h2>\n\n\n\n<h3 class=\"wp-block-heading\">Steuererleichterungen<\/h3>\n\n\n\n<p><span style=\"font-weight: 400;\">Das B\u00fcro des Gouverneurs f\u00fcr wirtschaftliche Entwicklung verwaltet ein Steuergutschriftprogramm namens Economic Development Zone Increment Financing. Es richtet sich sowohl an neue als auch an wachsende Organisationen und gew\u00e4hrt nach der Leistungserbringung Steuergutschriften in H\u00f6he von bis zu 30 Prozent der Staatseinnahmen. Diese Gutschrift gilt w\u00e4hrend der gesamten Existenzdauer jedes neuen kommerziellen Projekts. Sie ist 20 Jahre g\u00fcltig. Dar\u00fcber hinaus muss ein als S-Corporation registriertes Unternehmen in Utah keine Einkommensteuer zahlen. Stattdessen werden die Gewinne oder Verluste des Unternehmens an die Aktion\u00e4re weitergegeben. S-Corporations in Utah genie\u00dfen ein unabh\u00e4ngiges Leben. Die Gesch\u00e4ftsunf\u00e4higkeit eines Aktion\u00e4rs hat keine Auswirkungen auf den Gesch\u00e4ftsbetrieb.<\/span><\/p>\n\n\n\n<h3 class=\"wp-block-heading\">Junge Belegschaft<\/h3>\n\n\n\n<p><span style=\"font-weight: 400;\">In Utah liegt das Durchschnittsalter bei 29 Jahren. Ein Drittel der Bev\u00f6lkerung ist zweisprachig, was auf die gro\u00dfe Bev\u00f6lkerungszahl zur\u00fcckzuf\u00fchren ist, von der die meisten viel Zeit auf Auslandsreisen verbringen. Unternehmen sch\u00e4tzen die Sprachkenntnisse. Die Stadt hat internationale Unternehmen wie Goldman Sachs und eBay angezogen.<\/span><\/p>\n\n\n\n<h3 class=\"wp-block-heading\">Gesch\u00e4ftsanreize<\/h3>\n\n\n\n<p><span style=\"font-weight: 400;\">Es gibt verschiedene Gesch\u00e4ftsanreize. Dazu geh\u00f6ren Finanzierungsprogramme und Innovationsanreize f\u00fcr Unternehmen. Zu den wichtigsten Programmen geh\u00f6ren:<\/span><\/p>\n\n\n\n<ul class=\"wp-block-list\">\n<li><b>Recycle <\/b><a href=\"https:\/\/www.sisinternational.com\/de\/veroffentlichungen\/skalierbare-geschaftsmarktforschung-7-moglichkeiten-zum-aufbau-eines-skalierbaren-geschafts\/\" title=\"Marktforschung f\u00fcr skalierbare Unternehmen: 7 M\u00f6glichkeiten zum Aufbau eines skalierbaren Unternehmens\"  data-wpil-monitor-id=\"8047\">market development zone: This is for businesses<\/a> that deal with recycling. It gives them an opportunity for expansion. The program helps enterprises deal with the collection of recycled materials. It also helps with the processing and distribution of these materials.<\/span><\/li>\n\n\n\n<li><b>Enterprise Zone (EZ)-Programm:<\/b><span style=\"font-weight: 400;\"> Der Staat hat dieses Programm ins Leben gerufen, um die Entwicklung zu f\u00f6rdern. Ziel ist es, das Wirtschaftswachstum an bestimmten benachteiligten Standorten anzukurbeln. Nach der Registrierung sind neue Unternehmen f\u00fcr dieses Programm berechtigt. Sie erhalten Steuergutschriften, die sie etwa drei Jahre lang behalten k\u00f6nnen.<\/span><\/li>\n<\/ul>\n\n\n\n<h2 class=\"wp-block-heading\">Tourismus<\/h2>\n\n\n\n<p><span style=\"font-weight: 400;\">Dieser Staat besteht aus historischen und lebendigen St\u00e4dten. Die Naturlandschaften in Utah umfassen Nationaldenkm\u00e4ler, Staatsparks und W\u00e4lder. Diese Attraktionen locken Besucher aus aller Welt an.<\/span><\/p>\n\n\n\n<p><span style=\"font-weight: 400;\">Die Landkreise Garfield, Grand und Rich weisen j\u00e4hrlich das h\u00f6chste Besch\u00e4ftigungswachstum auf. Auch Daggett, Kane und Wayne weisen hohe Wachstumsraten auf. In Rich County betr\u00e4gt die durchschnittliche Differenz der j\u00e4hrlichen Arbeitsspitzen zwischen 2001 und 2018 77 Prozent. Kane County ist weniger saisonabh\u00e4ngig, aber die Besch\u00e4ftigungsniveaus schwanken dort durchschnittlich um 35 Prozent. Die Landkreise in Utah haben mehr Gemeinsamkeiten als ihre Saisonabh\u00e4ngigkeit. Die milden klimatischen Bedingungen des Staates machen ihn ideal f\u00fcr den Tourismus, und die Wirtschaft mehrerer Landkreise h\u00e4ngt von diesem Sektor ab.<\/span><\/p>\n\n\n\n<h2 class=\"wp-block-heading\">Technologiechancen<\/h2>\n\n\n\n<p><span style=\"font-weight: 400;\">An essential <a href=\"https:\/\/www.sisinternational.com\/de\/schlusselfaktoren-fur-den-erfolg-in-der-automobilmarktforschung\/\" title=\"Erfolgsfaktoren in der Automobilmarktforschung\"  data-wpil-monitor-id=\"8048\">factor in the success<\/a> of Utah is its enormous technology sector. This sector resides in a location called Silicon Slopes. It aims to make Utah tech companies share information and resources. In this way, it will attract other businesses to the state.<\/span><\/p>\n\n\n\n<h2 class=\"wp-block-heading\">&nbsp;<\/h2>","protected":false},"excerpt":{"rendered":"<p>Entdecken Sie mit Marktforschung in Utah neue Gesch\u00e4ftsm\u00f6glichkeiten.<\/p>","protected":false},"author":1,"featured_media":66732,"parent":19303,"menu_order":28,"comment_status":"closed","ping_status":"closed","template":"","meta":{"footnotes":""},"class_list":["post-32477","page","type-page","status-publish","has-post-thumbnail"],"_links":{"self":[{"href":"https:\/\/www.sisinternational.com\/de\/wp-json\/wp\/v2\/pages\/32477","targetHints":{"allow":["GET"]}}],"collection":[{"href":"https:\/\/www.sisinternational.com\/de\/wp-json\/wp\/v2\/pages"}],"about":[{"href":"https:\/\/www.sisinternational.com\/de\/wp-json\/wp\/v2\/types\/page"}],"author":[{"embeddable":true,"href":"https:\/\/www.sisinternational.com\/de\/wp-json\/wp\/v2\/users\/1"}],"replies":[{"embeddable":true,"href":"https:\/\/www.sisinternational.com\/de\/wp-json\/wp\/v2\/comments?post=32477"}],"version-history":[{"count":3,"href":"https:\/\/www.sisinternational.com\/de\/wp-json\/wp\/v2\/pages\/32477\/revisions"}],"predecessor-version":[{"id":81355,"href":"https:\/\/www.sisinternational.com\/de\/wp-json\/wp\/v2\/pages\/32477\/revisions\/81355"}],"up":[{"embeddable":true,"href":"https:\/\/www.sisinternational.com\/de\/wp-json\/wp\/v2\/pages\/19303"}],"wp:featuredmedia":[{"embeddable":true,"href":"https:\/\/www.sisinternational.com\/de\/wp-json\/wp\/v2\/media\/66732"}],"wp:attachment":[{"href":"https:\/\/www.sisinternational.com\/de\/wp-json\/wp\/v2\/media?parent=32477"}],"curies":[{"name":"wp","href":"https:\/\/api.w.org\/{rel}","templated":true}]}}