{"id":32299,"date":"2019-07-07T02:51:21","date_gmt":"2019-07-07T02:51:21","guid":{"rendered":"https:\/\/www.sisinternational.com\/?page_id=32299"},"modified":"2026-01-26T18:20:01","modified_gmt":"2026-01-26T23:20:01","slug":"benachrichtigung-uber-mystery-shopping-betrug","status":"publish","type":"page","link":"https:\/\/www.sisinternational.com\/de\/benachrichtigung-uber-mystery-shopping-betrug\/","title":{"rendered":"Avoiding Scams"},"content":{"rendered":"<h1>Avoiding Scams<\/h1>\n<p>Our company, SIS International Research, is a reputable and legitimate company that has been in business for over 40 years. We post valid Focus Groups, and other research opportunities on our website <a href=\"https:\/\/www.sisinternational.com\/de\/losungen\/schwerpunktgruppen\/nehmen-sie-an-fokusgruppen-teil\/\">www.sisinternational.com<\/a>.<\/p>\n<p>Bitte beachten Sie, dass SIS International Research <strong><span style=\"text-decoration: underline;\">nicht<\/span><\/strong> Rekrutierung von Personen zur Teilnahme an einer \u201eMystery Shopping\u201c- oder \u201eSecret Shopper\u201c-Studie in den Vereinigten Staaten, Kanada, Europa, Asien oder anderswo.<\/p>\n<ul>\n<li><strong>Wir verlangen von den Leuten nicht, Schecks einzul\u00f6sen, um mit der n\u00e4chsten Phase eines Forschungsprojekts fortzufahren.\u00a0 <\/strong><\/li>\n<li><strong>Wir verlangen von den Leuten nicht, Produkte zu kaufen, um in Zukunft eine gro\u00dfe Zahlung zu erhalten.\u00a0<\/strong><\/li>\n<li><strong>Wir verwenden keine Bankschecks.<\/strong><\/li>\n<li><strong>Wir verlangen von den Leuten nicht, Walmart-Geschenkkarten zu kaufen.<\/strong><\/li>\n<li><strong>We do not hire employees using text messages, social media or online forms.<\/strong><\/li>\n<li><strong>Wir veranstalten keine Gewinnspiele.<\/strong><\/li>\n<li><strong>We do not hire by Whatsapp, Telegram or YouTube.<\/strong><\/li>\n<li><strong>We do not hire people to participate in Youtube activities.<\/strong><\/li>\n<li><strong>We do not require upfront money to participate in our studies.<\/strong><\/li>\n<li><strong>F\u00fcr die Teilnahme an unseren Studien oder M\u00f6glichkeiten verlangen wir von den Befragten kein Geld im Voraus.<\/strong><\/li>\n<li><strong>We do not recruit consumers to participate in studies or <a href=\"https:\/\/www.sisinternational.com\/de\/abdeckung\/marktforschung-afrika\/marktforschung-in-sudafrika\/\" title=\"Marktforschung in S\u00fcdafrika\"  data-wpil-monitor-id=\"6838\">marketing activities in Malaysia and South<\/a> East Asia using WhatsApp.<\/strong><\/li>\n<li><strong>We do not have a Human Resources department that contacts respondents to participate in studies.\u00a0<\/strong><\/li>\n<li><strong>We do not have an HR Department that uses Whatsapp, Telegram or YouTube to hire people for tasks.<\/strong><\/li>\n<li><strong>Wir kontaktieren Befragte nicht \u00fcber malaysische oder s\u00fcdostasiatische Telefonnummern.<\/strong><\/li>\n<li><strong>Wir zahlen keine Entsch\u00e4digung in der W\u00e4hrung Malaysischer Ringgit.<\/strong><\/li>\n<\/ul>\n<p>If you receive any correspondence promising an incentive or monetary payout to conduct activities related to <span style=\"text-decoration: underline;\">YouTube, Telegram, Whatsapp, Mystery Shopping, a Sweepstakes or Secret Shopping<\/span>, dies ist kein g\u00fcltiges Angebot von SIS International Research.<\/p>\n<h2>Wenn Sie Fragen haben oder die Echtheit einer Forschungsstudie \u00fcberpr\u00fcfen m\u00f6chten, senden Sie uns bitte eine E-Mail mit Screenshots der Korrespondenz an <a href=\"mailto:research@sisinternational.com\" target=\"_blank\" rel=\"noopener noreferrer\">research@sisinternational.com<\/a><\/h2>","protected":false},"excerpt":{"rendered":"<p>Avoiding Scams Our company, SIS International Research, is a reputable and legitimate company that has been in business for over 40 years. We post valid Focus Groups, and other research opportunities on our website www.sisinternational.com. Please note that SIS International Research is not recruiting anyone to take part in a &#8220;Mystery Shopping&#8221; or &#8220;Secret Shopper&#8221; &#8230; <a title=\"Avoiding Scams\" class=\"read-more\" href=\"https:\/\/www.sisinternational.com\/de\/benachrichtigung-uber-mystery-shopping-betrug\/\" aria-label=\"Mehr Informationen \u00fcber Avoiding Scams\">Weiterlesen \u2026<\/a><\/p>","protected":false},"author":1,"featured_media":0,"parent":0,"menu_order":40,"comment_status":"closed","ping_status":"closed","template":"","meta":{"footnotes":""},"class_list":["post-32299","page","type-page","status-publish"],"_links":{"self":[{"href":"https:\/\/www.sisinternational.com\/de\/wp-json\/wp\/v2\/pages\/32299","targetHints":{"allow":["GET"]}}],"collection":[{"href":"https:\/\/www.sisinternational.com\/de\/wp-json\/wp\/v2\/pages"}],"about":[{"href":"https:\/\/www.sisinternational.com\/de\/wp-json\/wp\/v2\/types\/page"}],"author":[{"embeddable":true,"href":"https:\/\/www.sisinternational.com\/de\/wp-json\/wp\/v2\/users\/1"}],"replies":[{"embeddable":true,"href":"https:\/\/www.sisinternational.com\/de\/wp-json\/wp\/v2\/comments?post=32299"}],"version-history":[{"count":4,"href":"https:\/\/www.sisinternational.com\/de\/wp-json\/wp\/v2\/pages\/32299\/revisions"}],"predecessor-version":[{"id":80414,"href":"https:\/\/www.sisinternational.com\/de\/wp-json\/wp\/v2\/pages\/32299\/revisions\/80414"}],"wp:attachment":[{"href":"https:\/\/www.sisinternational.com\/de\/wp-json\/wp\/v2\/media?parent=32299"}],"curies":[{"name":"wp","href":"https:\/\/api.w.org\/{rel}","templated":true}]}}