{"id":32284,"date":"2019-07-07T00:06:05","date_gmt":"2019-07-07T00:06:05","guid":{"rendered":"https:\/\/www.sisinternational.com\/?page_id=32284"},"modified":"2025-09-13T19:32:06","modified_gmt":"2025-09-13T23:32:06","slug":"marktforschung-in-indiana","status":"publish","type":"page","link":"https:\/\/www.sisinternational.com\/de\/abdeckung\/north-america\/usa-berichterstattung\/marktforschung-in-indiana\/","title":{"rendered":"Marktforschung in Indiana"},"content":{"rendered":"<h1 class=\"wp-block-heading\"><span style=\"font-weight: 400;\">Marktforschung in Indiana<\/span><\/h1>\n\n\n\n<figure class=\"gb-block-image gb-block-image-5a61c787\"><img loading=\"lazy\" decoding=\"async\" width=\"1456\" height=\"816\" class=\"gb-image gb-image-5a61c787\" src=\"https:\/\/www.sisinternational.com\/wp-content\/uploads\/2025\/09\/Indiana-5.jpg\" alt=\"SIS International Marktforschung &amp; Strategie\" title=\"Indiana (5)\" srcset=\"https:\/\/www.sisinternational.com\/wp-content\/uploads\/2025\/09\/Indiana-5.jpg 1456w, https:\/\/www.sisinternational.com\/wp-content\/uploads\/2025\/09\/Indiana-5-300x168.jpg 300w, https:\/\/www.sisinternational.com\/wp-content\/uploads\/2025\/09\/Indiana-5-1024x574.jpg 1024w, https:\/\/www.sisinternational.com\/wp-content\/uploads\/2025\/09\/Indiana-5-768x430.jpg 768w, https:\/\/www.sisinternational.com\/wp-content\/uploads\/2025\/09\/Indiana-5-18x10.jpg 18w\" sizes=\"auto, (max-width: 1456px) 100vw, 1456px\"><\/figure>\n\n\n\n<p><\/p>\n\n\n\n<h2 class=\"wp-block-heading\"><span style=\"font-weight: 400;\">Der Bundesstaat Indiana liegt im Mittleren Westen und in der Region der Gro\u00dfen Seen der USA. <\/span><\/h2>\n\n\n\n<p><span style=\"font-weight: 400;\">Es liegt zwischen Kentucky und Michigan und grenzt an Ohio und Illinois. Indiana ist der 17. bev\u00f6lkerungsreichste US-Bundesstaat und hat fast 6,7 Millionen Einwohner. Seine Fl\u00e4che betr\u00e4gt 36.418 Quadratmeilen.<\/span><\/p>\n\n\n\n<p><span style=\"font-weight: 400;\">Ein erheblicher Anteil der Einnahmen Indianas stammt aus der verarbeitenden Industrie. Seit 1975 ist Indiana der gr\u00f6\u00dfte Stahl produzierende Bundesstaat der USA. Die im Nordwesten Indianas gelegene Calumet-Region liefert 171 TP3T der gesamten US-Stahlreserven. Calumet ist die gr\u00f6\u00dfte einzelne Stahl produzierende Region der USA.<\/span><\/p>\n\n\n\n<p><span style=\"font-weight: 400;\">Auch die Automobilherstellung verf\u00fcgt in Indiana \u00fcber eine umfangreiche Infrastruktur. Es ist der zweitgr\u00f6\u00dfte Bundesstaat der Automobilherstellung. Indiana stellt auch medizinische Ger\u00e4te, Transportausr\u00fcstung und Gummi her. Fabrikmaschinen, Autos und chemische Produkte sind einige der anderen Produkte Indianas.<\/span><\/p>\n\n\n\n<h2 class=\"wp-block-heading\"><span style=\"font-weight: 400;\">Transport<\/span><\/h2>\n\n\n\n<p><span style=\"font-weight: 400;\">Indianas Staatsmotto lautet \u201eThe Crossroads of America\u201c. Der Staat hat eine aufstrebende Transportindustrie. Er hat den Vorteil, dass 75% der US-Regionen innerhalb einer Tagesfahrt erreichbar sind. Daher sind Lokomotiven, Transport und Lagerhaltung ein wichtiger und wichtiger Sektor von Indiana. Der Staat hat H\u00e4fen am Ohio River und am Lake Michigan, die diese Industrie unterst\u00fctzen.<\/span><\/p>\n\n\n\n<p><span style=\"font-weight: 400;\">Indiana is also a global logistics leader, offering businesses a robust competitive advantage with its access to North <a href=\"https:\/\/www.sisinternational.com\/de\/abdeckung\/die-amerikaner\/usa-berichterstattung\/afroamerikanische-marktforschung\/\" title=\"Marktforschung f\u00fcr Afroamerikaner\"  data-wpil-monitor-id=\"8049\">American and world markets<\/a>. Its logistics and transportation industry provides more than a hundred thousand jobs. This industry accounts for over 4 percent of jobs in the state. The concentration level is 44 percent more than the nationwide average.<\/span><\/p>\n\n\n\n<h2 class=\"wp-block-heading\"><span style=\"font-weight: 400;\">Informationstechnologie<\/span><\/h2>\n\n\n\n<p><span style=\"font-weight: 400;\">Indianapolis is the leading sponsor of <a href=\"https:\/\/www.sisinternational.com\/de\/online-marktforschung\/\" title=\"Was ist Online-Marktforschung?\"  data-wpil-monitor-id=\"8050\">marketing related to IT and online<\/a> advertisement. There is constant growth in the industry. Indiana has first-rate universities. They provide graduates at a fast rate while boosting technology-related business.<\/span><\/p>\n\n\n\n<h2 class=\"wp-block-heading\"><span style=\"font-weight: 400;\">Tourismus<\/span><\/h2>\n\n\n\n<p><span style=\"font-weight: 400;\">The state of Indiana joins educational values with fun experiences and offers many tourist attractions, including the Snite Museum of Art and the Studebaker National Museum. There&#8217;s also the infamous WonderLab Science Museum. For people who love the outdoors, there are hiking trails with enchanting scenery. There&#8217;s also Prophetstown State Park and campsites like Indiana Dunes National Lakeshore, all of which influence the increase of <a href=\"https:\/\/www.sisinternational.com\/de\/losungen\/reise-tourismus-und-gastgewerbeberatung\/hotel-restaurant-marketing-beratung\/\" title=\"Hotel Restaurant Marketing Beratung\"  data-wpil-monitor-id=\"8054\">hotels and restaurants<\/a> in such places. Their popularity could attract a large number of people while boosting the business.<\/span><span style=\"font-weight: 400;\">&nbsp;<\/span><\/p>\n\n\n\n<h2 class=\"wp-block-heading\"><span style=\"font-weight: 400;\">Gesch\u00e4ft in Indianapolis<\/span><\/h2>\n\n\n\n<p><span style=\"font-weight: 400;\">Indianapolis is the core transportation, industrial, and commercial center of the state. It also serves in that role for the Midwest. An enlarged economic base assists Indianapolis. The city&#8217;s prominent industry was manufacturing up until the 1980s. Retailing and <a href=\"https:\/\/www.sisinternational.com\/de\/losungen\/fintech-strategieberatung-forschung\/marktforschung-fur-die-finanzdienstleistungsbranche\/\" title=\"Marktforschung f\u00fcr die Finanzdienstleistungsbranche\"  data-wpil-monitor-id=\"8052\">services have now replaced this industry<\/a>. Indianapolis is home to the country&#8217;s top sporting events. Each significant sporting event enhances the economy by tens of millions of dollars. It expands the business opportunities while amplifying the tax payments to the city. The major economic factors are the hotel industry, including conventions and tourism.<\/span><\/p>\n\n\n\n<h2 class=\"wp-block-heading\"><span style=\"font-weight: 400;\">Arbeitskr\u00e4fte<\/span><\/h2>\n\n\n\n<p><span style=\"font-weight: 400;\">In Indianapolis alone, the labor force is about one million skilled local workers. Labor estimates show that the worker productivity rate in Indianapolis is very high. In fact, it is higher than the national average. Thus, Indianapolis aids in providing a further boost to the state&#8217;s evergreen economy. This achievement is partly due to the diversity within the vast economy of Indiana. Companies find value in the skilled labor force, transportation, and quality of life. The state also offers business incentives. Thus, it provides many opportunities for investors in business and start-ups.<\/span><\/p>\n\n\n\n<p><span style=\"font-weight: 400;\">Indiana has a favorable business climate.\u00a0 The state&#8217;s business infrastructure continues is robust, and the state continues to improve economic policy, development and incentives. Thus, there are tremendous advantages for investing, start-ups, and business in Indiana. Another advantage is the passionate hard-work of the workforce. <a href=\"https:\/\/www.sisinternational.com\/de\/sachverstand\/lebenslaufe\/b2b-marktforschungsunternehmen\/\" title=\"Top-Unternehmen f\u00fcr B2B-Marktforschung\"  data-wpil-monitor-id=\"8057\">Companies have access to top<\/a> financial professionals, elected officials, and non-profit organizations.<\/span><\/p>\n\n\n\n<h2 class=\"wp-block-heading\">&nbsp;<\/h2>","protected":false},"excerpt":{"rendered":"<p>Wir bieten Marktforschung in Indiana in St\u00e4dten wie Indianapolis, Fort Wayne, Bloomington und Evansville an.<\/p>","protected":false},"author":1,"featured_media":66566,"parent":19303,"menu_order":26,"comment_status":"closed","ping_status":"closed","template":"","meta":{"footnotes":""},"class_list":["post-32284","page","type-page","status-publish","has-post-thumbnail"],"_links":{"self":[{"href":"https:\/\/www.sisinternational.com\/de\/wp-json\/wp\/v2\/pages\/32284","targetHints":{"allow":["GET"]}}],"collection":[{"href":"https:\/\/www.sisinternational.com\/de\/wp-json\/wp\/v2\/pages"}],"about":[{"href":"https:\/\/www.sisinternational.com\/de\/wp-json\/wp\/v2\/types\/page"}],"author":[{"embeddable":true,"href":"https:\/\/www.sisinternational.com\/de\/wp-json\/wp\/v2\/users\/1"}],"replies":[{"embeddable":true,"href":"https:\/\/www.sisinternational.com\/de\/wp-json\/wp\/v2\/comments?post=32284"}],"version-history":[{"count":5,"href":"https:\/\/www.sisinternational.com\/de\/wp-json\/wp\/v2\/pages\/32284\/revisions"}],"predecessor-version":[{"id":81356,"href":"https:\/\/www.sisinternational.com\/de\/wp-json\/wp\/v2\/pages\/32284\/revisions\/81356"}],"up":[{"embeddable":true,"href":"https:\/\/www.sisinternational.com\/de\/wp-json\/wp\/v2\/pages\/19303"}],"wp:featuredmedia":[{"embeddable":true,"href":"https:\/\/www.sisinternational.com\/de\/wp-json\/wp\/v2\/media\/66566"}],"wp:attachment":[{"href":"https:\/\/www.sisinternational.com\/de\/wp-json\/wp\/v2\/media?parent=32284"}],"curies":[{"name":"wp","href":"https:\/\/api.w.org\/{rel}","templated":true}]}}