{"id":32275,"date":"2019-07-06T23:36:30","date_gmt":"2019-07-06T23:36:30","guid":{"rendered":"https:\/\/www.sisinternational.com\/?page_id=32275"},"modified":"2025-09-13T19:30:39","modified_gmt":"2025-09-13T23:30:39","slug":"marktforschung-in-tennessee","status":"publish","type":"page","link":"https:\/\/www.sisinternational.com\/de\/abdeckung\/north-america\/usa-berichterstattung\/marktforschung-in-tennessee\/","title":{"rendered":"Marktforschung in Tennessee"},"content":{"rendered":"<h1 class=\"wp-block-heading\">Marktforschung in Tennessee<\/h1>\n\n\n\n<figure class=\"gb-block-image gb-block-image-215b0999\"><img loading=\"lazy\" decoding=\"async\" width=\"1456\" height=\"816\" class=\"gb-image gb-image-215b0999\" src=\"https:\/\/www.sisinternational.com\/wp-content\/uploads\/2025\/09\/Tennessee-2.jpg\" alt=\"SIS International Marktforschung &amp; Strategie\" title=\"Tennessee (2)\" srcset=\"https:\/\/www.sisinternational.com\/wp-content\/uploads\/2025\/09\/Tennessee-2.jpg 1456w, https:\/\/www.sisinternational.com\/wp-content\/uploads\/2025\/09\/Tennessee-2-300x168.jpg 300w, https:\/\/www.sisinternational.com\/wp-content\/uploads\/2025\/09\/Tennessee-2-1024x574.jpg 1024w, https:\/\/www.sisinternational.com\/wp-content\/uploads\/2025\/09\/Tennessee-2-768x430.jpg 768w, https:\/\/www.sisinternational.com\/wp-content\/uploads\/2025\/09\/Tennessee-2-18x10.jpg 18w\" sizes=\"auto, (max-width: 1456px) 100vw, 1456px\"><\/figure>\n\n\n\n<p><\/p>\n\n\n\n<h2 class=\"wp-block-heading\"><span style=\"font-weight: 400;\">Tennessee, auch bekannt als \u201eVolunteer State\u201c, ist ein Binnenstaat im S\u00fcden der USA. <\/span><\/h2>\n\n\n\n<p><span style=\"font-weight: 400;\">Tennessee is the home of the NFL&#8217;s Tennessee Titans and NHL&#8217;s Nashville Predators. You&#8217;ll also find the legendary Tennessee Volunteers college football program, and the NBA&#8217;s Memphis Grizzlies has its base here.&nbsp; Tennessee has defined geography with a West Tennessee, Middle Tennessee, and East Tennessee. The state bird of Tennessee is the mockingbird, and the state flower (cultivated) is the Iris.&nbsp;&nbsp;<\/span><\/p>\n\n\n\n<h2 class=\"wp-block-heading\"><span style=\"font-weight: 400;\">Tennessees Industrien<\/span><\/h2>\n\n\n\n<p><span style=\"font-weight: 400;\">The Oak Ridge National <a href=\"https:\/\/www.sisinternational.com\/de\/sachverstand\/branchen\/labormarktforschung\/\" title=\"Labormarktforschung\"  data-wpil-monitor-id=\"8058\">Laboratory<\/a> was a principal place for nuclear research. Most of the work for the famed Manhattan Project also took place in Oak Ridge. The Oak Ridge National Laboratory is a significant employer in the state.&nbsp; <\/span><span style=\"font-weight: 400;\">Zu den wichtigsten Industriezweigen Tennessees z\u00e4hlen Landwirtschaft, Tourismus und verarbeitendes Gewerbe. Rinder, Sojabohnen und Gefl\u00fcgel sind die wichtigsten landwirtschaftlichen Produkte Tennessees.<\/span><\/p>\n\n\n\n<h2 class=\"wp-block-heading\"><span style=\"font-weight: 400;\">Gesch\u00e4fte machen in Tennessee<\/span><\/h2>\n\n\n\n<p><span style=\"font-weight: 400;\">Da Tennessee ein \u201eRight to Work-Staat\u201c ist, gibt es kaum Gewerkschaften und organisierte Arbeiter, und der Mangel nimmt ab. Der Staat erhebt keine Einkommensteuer auf die L\u00f6hne der Arbeitnehmer. Die Arbeitslosenquote in Tennessee lag 2016 bei 4,3 Prozent. Die Armutsquote in Tennessee ist h\u00f6her als der US-Durchschnitt.<\/span><\/p>\n\n\n\n<p><span style=\"font-weight: 400;\">Some of the corporations in Tennessee are AutoZone, International Paper, and FedEx. Others are The Pilot Corporation, Eastman Chemical Company, and the Regal Entertainment Group. Tennessee has Nissan Motor <a href=\"https:\/\/www.sisinternational.com\/de\/umfassende-marketingstrategie-fur-ein-amerikanisches-online-unternehmen-fur-privatfinanzen\/\" title=\"Umfassende Marketingstrategie f\u00fcr ein amerikanisches Online-Unternehmen f\u00fcr Privatfinanzen\"  data-wpil-monitor-id=\"8056\">Company&#8217;s North American<\/a> headquarters.<\/span><span style=\"font-weight: 400;\">&nbsp;<\/span><\/p>\n\n\n\n<h2 class=\"wp-block-heading\"><span style=\"font-weight: 400;\">Tennessees Bev\u00f6lkerung<\/span><\/h2>\n\n\n\n<p><span style=\"font-weight: 400;\">The population of Tennessee is over 6.7 million. Since 2010, Tennessee&#8217;s population has increased by 424,000 people. Tennessee has a rank of 16th for the most populated U.S. states. Nashville, with almost 668,000 people, is the largest city by population in the state of Tennessee. Memphis, which has nearly 652,000 people, is second. Knoxville is third on the most populous list with 187,000 people, and Chattanooga is fourth with 132,631. Clarksville is fifth with 121,477 people. Murfreesboro is sixth, Franklin, seventh, and Jackson, eighth. Johnson <a href=\"https:\/\/www.sisinternational.com\/de\/losungen\/branding-und-kundenforschungslosungen\/produkttests-marktforschung\/sis-internationals-geschmackstest-fur-lebensmittel\/\" title=\"Was SIS International Research zum TOP-Marktforschungsunternehmen f\u00fcr Lebensmittelgeschmackstests in New York City macht\"  data-wpil-monitor-id=\"8055\">City and Bartlett top<\/a> out the ten biggest cities by population rank in Tennessee.<\/span><\/p>\n\n\n\n<h2 class=\"wp-block-heading\"><span style=\"font-weight: 400;\">Wichtige Touristenattraktionen in Tennessee<\/span><\/h2>\n\n\n\n<p><span style=\"font-weight: 400;\">Zu den wichtigsten Touristenattraktionen in Tennessee z\u00e4hlen Ober Gatlinburg und Dolly Partons \u201eDollywood\u201c in Pigeon Forge. Weitere Attraktionen sind Ripleys Aquarium und der Parthenon. In Tennessee gibt es auch die Country Music Hall of Fame und das Country Music Museum. F\u00fcr Whisky-Fans ist Jack Daniel\u2019s Distillery in Lynchburg ein beliebter Ort. In Tennessee befindet sich auch Elvis Presleys Villa Graceland. Jedes Jahr besuchen Millionen von Menschen Graceland. In Graceland befinden sich die Gr\u00e4ber von Elvis und seinen beiden Eltern.<\/span><span style=\"font-weight: 400;\">&nbsp;<\/span><\/p>\n\n\n\n<p><span style=\"font-weight: 400;\">NASCAR fans can visit the state to watch a car race at the Bristol Motor Speedway. For animal lovers, the Memphis Zoo is a popular attraction. It is accessible to residents of Tennessee and surrounding states. Another great attraction is the National Civil Rights Museum, located in Memphis. This museum gives visitors an in-depth look at the history of the Civil Rights movement and <a href=\"https:\/\/www.sisinternational.com\/de\/losungen\/branding-und-kundenforschungslosungen\/storytelling-marktforschung\/\" title=\"Storytelling Marktforschung\"  data-wpil-monitor-id=\"8051\">tells the story<\/a> of Martin Luther King.\u00a0<\/span><\/p>\n\n\n\n<h2 class=\"wp-block-heading\"><span style=\"font-weight: 400;\">Vorteile einer Gesch\u00e4ftst\u00e4tigkeit in Tennessee<\/span><\/h2>\n\n\n\n<p><span style=\"font-weight: 400;\">Tennessee never stopped creating goods used all over the world. They continued even when other states gave up on their manufacturing workforce. &#8220;Made in Tennessee&#8221; has special meaning in the international community. Tennessee so believes in its workforce that it&#8217;s investing in education to strengthen it. Companies choose Tennessee for these qualities. They also prefer it because of its sound fiscal <a href=\"https:\/\/www.sisinternational.com\/de\/losungen\/fintech-strategieberatung-forschung\/marktforschung-im-investmentmanagement\/\" title=\"Marktforschung f\u00fcr Investmentmanagement\"  data-wpil-monitor-id=\"8053\">management and its investments<\/a> into the economic ecosystem.<\/span><\/p>\n\n\n\n<h2 class=\"wp-block-heading\">&nbsp;<\/h2>","protected":false},"excerpt":{"rendered":"<p>Wir f\u00fchren Marktforschung in Tennessee durch, einschlie\u00dflich in St\u00e4dten wie Nashville, Memphis, Knoxville und Chattanooga.<\/p>","protected":false},"author":1,"featured_media":66724,"parent":19303,"menu_order":24,"comment_status":"closed","ping_status":"closed","template":"","meta":{"footnotes":""},"class_list":["post-32275","page","type-page","status-publish","has-post-thumbnail"],"_links":{"self":[{"href":"https:\/\/www.sisinternational.com\/de\/wp-json\/wp\/v2\/pages\/32275","targetHints":{"allow":["GET"]}}],"collection":[{"href":"https:\/\/www.sisinternational.com\/de\/wp-json\/wp\/v2\/pages"}],"about":[{"href":"https:\/\/www.sisinternational.com\/de\/wp-json\/wp\/v2\/types\/page"}],"author":[{"embeddable":true,"href":"https:\/\/www.sisinternational.com\/de\/wp-json\/wp\/v2\/users\/1"}],"replies":[{"embeddable":true,"href":"https:\/\/www.sisinternational.com\/de\/wp-json\/wp\/v2\/comments?post=32275"}],"version-history":[{"count":3,"href":"https:\/\/www.sisinternational.com\/de\/wp-json\/wp\/v2\/pages\/32275\/revisions"}],"predecessor-version":[{"id":81357,"href":"https:\/\/www.sisinternational.com\/de\/wp-json\/wp\/v2\/pages\/32275\/revisions\/81357"}],"up":[{"embeddable":true,"href":"https:\/\/www.sisinternational.com\/de\/wp-json\/wp\/v2\/pages\/19303"}],"wp:featuredmedia":[{"embeddable":true,"href":"https:\/\/www.sisinternational.com\/de\/wp-json\/wp\/v2\/media\/66724"}],"wp:attachment":[{"href":"https:\/\/www.sisinternational.com\/de\/wp-json\/wp\/v2\/media?parent=32275"}],"curies":[{"name":"wp","href":"https:\/\/api.w.org\/{rel}","templated":true}]}}