{"id":31975,"date":"2019-06-15T05:19:22","date_gmt":"2019-06-15T05:19:22","guid":{"rendered":"https:\/\/www.sisinternational.com\/?page_id=31975"},"modified":"2026-01-25T17:07:45","modified_gmt":"2026-01-25T22:07:45","slug":"marktforschung-in-antwerpen","status":"publish","type":"page","link":"https:\/\/www.sisinternational.com\/de\/abdeckung\/europa\/marktforschung-in-antwerpen\/","title":{"rendered":"Marktforschung in Antwerpen"},"content":{"rendered":"<h1 class=\"wp-block-heading\">Marktforschung in Antwerpen<\/h1>\n\n\n\n<figure class=\"gb-block-image gb-block-image-60d3c661\"><img loading=\"lazy\" decoding=\"async\" width=\"1456\" height=\"816\" class=\"gb-image gb-image-60d3c661\" src=\"https:\/\/www.sisinternational.com\/wp-content\/uploads\/2025\/09\/Antwerp-2.jpg\" alt=\"SIS International Marktforschung &amp; Strategie\" title=\"Antwerp (2)\" srcset=\"https:\/\/www.sisinternational.com\/wp-content\/uploads\/2025\/09\/Antwerp-2.jpg 1456w, https:\/\/www.sisinternational.com\/wp-content\/uploads\/2025\/09\/Antwerp-2-300x168.jpg 300w, https:\/\/www.sisinternational.com\/wp-content\/uploads\/2025\/09\/Antwerp-2-1024x574.jpg 1024w, https:\/\/www.sisinternational.com\/wp-content\/uploads\/2025\/09\/Antwerp-2-768x430.jpg 768w, https:\/\/www.sisinternational.com\/wp-content\/uploads\/2025\/09\/Antwerp-2-18x10.jpg 18w\" sizes=\"auto, (max-width: 1456px) 100vw, 1456px\"><\/figure>\n\n\n\n<p><\/p>\n\n\n\n<h2 class=\"wp-block-heading\">Marktforschung in Antwerpen liefert Daten und Kundeneinblicke f\u00fcr Gesch\u00e4ftsvorteile.<\/h2>\n\n\n\n<p>Antwerp is a city in the north of Belgium. It has several dominant business sectors such as the marine sector, electricity, the chemical industry, and diamonds.<\/p>\n\n\n\n<p>Der Hafen von Antwerpen ist nach Rotterdam der zweitgr\u00f6\u00dfte Hafen Europas und der wichtigste Wirtschaftszweig der Stadt. Dank der Schelde hat Antwerpen eine sehr attraktive strategische Lage. Tats\u00e4chlich ist der Fluss einer der wichtigsten Kan\u00e4le Belgiens.<\/p>\n\n\n\n<p>Antwerpen ist mit den deutschen Industriegebieten und \u00fcber den Willebroek-Kanal mit dem Hafen von Br\u00fcssel verbunden.<\/p>\n\n\n\n<p>Electricity generation is also an important activity with four nuclear power plants in Doel, a conventional power plant in Kallo, and several small power plants.<\/p>\n\n\n\n<p>Die andere wichtige S\u00e4ule Antwerpens ist der Diamantenhandel, der gr\u00f6\u00dftenteils im Diamantenviertel stattfindet.<\/p>\n\n\n\n<p>Die Stadt ist wohlhabend und erstreckt sich \u00fcber eine gro\u00dfe Fl\u00e4che, was zahlreiche M\u00f6glichkeiten und Arbeitspl\u00e4tze schafft.<\/p>\n\n\n\n<p>The city has four diamond exchanges: the Diamond Club of Antwerp (the oldest in the world), Beurs voor Diamanthandel, Antwerp Diamantkring and Vrije Diamanthandel. The Antwerp World Diamond Center is located in the Diamond Quarter.&nbsp; It is one partnership representing the Antwerp diamond sector. The Diamond Office in the heart of the Antwerp World Diamond Center which regulates the export and import of diamonds.<\/p>\n\n\n\n<p>Auch die chemische Industrie ist gut entwickelt, denn das BASF-Werk in Antwerpen ist der gr\u00f6\u00dfte Betrieb au\u00dferhalb Deutschlands.<\/p>\n\n\n\n<div class=\"fusion-text\">\n<h2 data-fontsize=\"28\" data-lineheight=\"46\">\u00dcber Marktforschung in Antwerpen<\/h2>\n<p><a href=\"https:\/\/www.sisinternational.com\/de\/kontaktieren-sie-sis-international-market-research\/\" title=\"Kontaktiere uns\"  data-wpil-monitor-id=\"9272\">SIS International Forschung<\/a> provides comprehensive solutions in the marine, diamond, electricity and many other industries.&nbsp; SIS keeps you competitive by providing a complete view of the business landscape, including through market opportunities, competitor analytics, and business intelligence.<\/p>\n<p>Market research in Antwerp enables companies to determine how to best satisfy customer needs. This gives the company information about many factors that influence the business. It also helps companies to <a href=\"https:\/\/www.sisinternational.com\/de\/losungen\/strategieberatung\/strategieentwicklung-umsetzungsberatung\/\" title=\"Strategieentwicklung und Umsetzungsberatung\"  data-wpil-monitor-id=\"9277\">develop more effective strategies<\/a> and reduce risk and inefficiency.<\/p>\n<p>We conduct Qualitative, <a href=\"https:\/\/www.sisinternational.com\/de\/how-to-design-effective-surveys-for-quantitative-research\/\" title=\"How to Design Effective Surveys for Quantitative Research\"  data-wpil-monitor-id=\"9275\">Quantitative and Strategy Research<\/a>.&nbsp; Our Qualitative Methods include Focus Groups, Video Interviews, In-Depth Interviews, Ethnography, Co-Creation and Online Communities.&nbsp; Our Quantitative Methods include mobile, telephone and online surveys.&nbsp; Our Strategy Research solutions include Competitive Analysis, Channel Intelligence, <a href=\"https:\/\/www.sisinternational.com\/de\/abdeckung\/marktforschung-asien\/philippinische-marktforschung\/\" title=\"Philippinische Marktforschung\"  data-wpil-monitor-id=\"3999\">Market Opportunity Assessments and Strategic Repositioning research<\/a><\/p>\n<\/div>\n\n\n\n<div class=\"fusion-text\">\n<h2 data-fontsize=\"28\" data-lineheight=\"46\">&nbsp;<\/h2>\n<\/div>\n\n\n\n<h2 class=\"wp-block-heading\">&nbsp;<\/h2>","protected":false},"excerpt":{"rendered":"<p>Entdecken Sie neue M\u00f6glichkeiten mit Marktforschung in Antwerpen, Belgien.<\/p>","protected":false},"author":1,"featured_media":66147,"parent":14510,"menu_order":30,"comment_status":"closed","ping_status":"closed","template":"","meta":{"footnotes":""},"class_list":["post-31975","page","type-page","status-publish","has-post-thumbnail"],"_links":{"self":[{"href":"https:\/\/www.sisinternational.com\/de\/wp-json\/wp\/v2\/pages\/31975","targetHints":{"allow":["GET"]}}],"collection":[{"href":"https:\/\/www.sisinternational.com\/de\/wp-json\/wp\/v2\/pages"}],"about":[{"href":"https:\/\/www.sisinternational.com\/de\/wp-json\/wp\/v2\/types\/page"}],"author":[{"embeddable":true,"href":"https:\/\/www.sisinternational.com\/de\/wp-json\/wp\/v2\/users\/1"}],"replies":[{"embeddable":true,"href":"https:\/\/www.sisinternational.com\/de\/wp-json\/wp\/v2\/comments?post=31975"}],"version-history":[{"count":5,"href":"https:\/\/www.sisinternational.com\/de\/wp-json\/wp\/v2\/pages\/31975\/revisions"}],"predecessor-version":[{"id":81551,"href":"https:\/\/www.sisinternational.com\/de\/wp-json\/wp\/v2\/pages\/31975\/revisions\/81551"}],"up":[{"embeddable":true,"href":"https:\/\/www.sisinternational.com\/de\/wp-json\/wp\/v2\/pages\/14510"}],"wp:featuredmedia":[{"embeddable":true,"href":"https:\/\/www.sisinternational.com\/de\/wp-json\/wp\/v2\/media\/66147"}],"wp:attachment":[{"href":"https:\/\/www.sisinternational.com\/de\/wp-json\/wp\/v2\/media?parent=31975"}],"curies":[{"name":"wp","href":"https:\/\/api.w.org\/{rel}","templated":true}]}}