{"id":31852,"date":"2019-06-09T23:12:39","date_gmt":"2019-06-09T23:12:39","guid":{"rendered":"https:\/\/www.sisinternational.com\/?page_id=31852"},"modified":"2026-01-26T18:39:28","modified_gmt":"2026-01-26T23:39:28","slug":"algorithmischer-handel-marktforschung","status":"publish","type":"page","link":"https:\/\/www.sisinternational.com\/de\/losungen\/fintech-strategieberatung-forschung\/algorithmischer-handel-marktforschung\/","title":{"rendered":"Algorithmischer Handel Marktforschung"},"content":{"rendered":"<h1 class=\"gb-headline gb-headline-96057d69 gb-headline-text\">Algorithmischer Handel Marktforschung<\/h1>\n\n\n\n<figure class=\"gb-block-image gb-block-image-eb64fc68\"><img loading=\"lazy\" decoding=\"async\" width=\"1456\" height=\"816\" class=\"gb-image gb-image-eb64fc68\" src=\"https:\/\/www.sisinternational.com\/wp-content\/uploads\/2025\/08\/Finance-13.jpg\" alt=\"SIS International Marktforschung &amp; Strategie\" title=\"Finance (13)\" srcset=\"https:\/\/www.sisinternational.com\/wp-content\/uploads\/2025\/08\/Finance-13.jpg 1456w, https:\/\/www.sisinternational.com\/wp-content\/uploads\/2025\/08\/Finance-13-300x168.jpg 300w, https:\/\/www.sisinternational.com\/wp-content\/uploads\/2025\/08\/Finance-13-1024x574.jpg 1024w, https:\/\/www.sisinternational.com\/wp-content\/uploads\/2025\/08\/Finance-13-768x430.jpg 768w, https:\/\/www.sisinternational.com\/wp-content\/uploads\/2025\/08\/Finance-13-18x10.jpg 18w\" sizes=\"auto, (max-width: 1456px) 100vw, 1456px\"><\/figure>\n\n\n\n<hr class=\"wp-block-separator has-alpha-channel-opacity is-style-dots\"\/>\n\n\n\n<h2 class=\"wp-block-heading\"><strong>Algorithmischer Handel nimmt zu<\/strong><\/h2>\n\n\n\n<p><span style=\"font-weight: 400;\">Algorithmic Trading involves pre-programmed trades to efficiently and automatically execute financial trading. Investment Banks, Pension Funds, Mutual Funds, and other Institutional Investors commonly use it.\u00a0 Algorithms are a set of rules and instructions made by computer programs. Finance companies use algorithms on the stock exchange to automate the execution of new changes in the market without any human intervention. With the rise of data science and technology in finance, algorithmic trading is rising and transforming financial markets.<\/span><\/p>\n\n\n\n<h2 class=\"wp-block-heading\"><strong>Was ist Marktforschung im algorithmischen Handel?<\/strong><\/h2>\n\n\n\n<p><span style=\"font-weight: 400;\">Algorithmic <a href=\"https:\/\/www.sisinternational.com\/de\/das-eu-emissionshandelssystem-verstehen-ein-sis-bericht\/\" title=\"Marktforschung zum Emissionshandel\"  data-wpil-monitor-id=\"1725\">trading market research<\/a> involves systematically analyzing financial markets, trading strategies, and market data using quantitative techniques, statistical models, and machine learning algorithms. The primary objective of this research is to develop, backtest, and optimize algorithmic trading strategies that generate alpha and outperform traditional trading approaches.<\/span><\/p>\n\n\n\n<h2 class=\"wp-block-heading\"><strong>Warum brauchen Unternehmen Marktforschung zum algorithmischen Handel?<\/strong><\/h2>\n\n\n\n<figure class=\"gb-block-image gb-block-image-7e981f12\"><img loading=\"lazy\" decoding=\"async\" width=\"1456\" height=\"816\" class=\"gb-image gb-image-7e981f12\" src=\"https:\/\/www.sisinternational.com\/wp-content\/uploads\/2025\/09\/Forex-1.jpg\" alt=\"SIS International Marktforschung &amp; Strategie\" title=\"Forex (1)\" srcset=\"https:\/\/www.sisinternational.com\/wp-content\/uploads\/2025\/09\/Forex-1.jpg 1456w, https:\/\/www.sisinternational.com\/wp-content\/uploads\/2025\/09\/Forex-1-300x168.jpg 300w, https:\/\/www.sisinternational.com\/wp-content\/uploads\/2025\/09\/Forex-1-1024x574.jpg 1024w, https:\/\/www.sisinternational.com\/wp-content\/uploads\/2025\/09\/Forex-1-768x430.jpg 768w, https:\/\/www.sisinternational.com\/wp-content\/uploads\/2025\/09\/Forex-1-18x10.jpg 18w\" sizes=\"auto, (max-width: 1456px) 100vw, 1456px\"><\/figure>\n\n\n\n<p><\/p>\n\n\n\n<p><span style=\"font-weight: 400;\">Businesses require algorithmic trading market research to understand market dynamics, identify emerging trends, and gain insights into investor behavior. Companies can make informed decisions regarding their trading strategies and investment allocations by analyzing market data and macroeconomic indicators.<\/span><\/p>\n\n\n\n<p><span style=\"font-weight: 400;\">Moreover, algorithmic trading market research helps businesses enhance their trading performance and optimize their investment portfolios. This research also enables businesses to diversify their trading strategies, manage risk effectively, and capitalize on market inefficiencies.<\/span><\/p>\n\n\n\n<p><span style=\"font-weight: 400;\">Die Marktforschung im algorithmischen Handel ist auch f\u00fcr die Navigation auf komplexen Finanzm\u00e4rkten, die Optimierung der Handelsleistung, die Automatisierung der Handelsvorg\u00e4nge und die Einhaltung gesetzlicher Vorschriften von entscheidender Bedeutung. Sie bietet Unternehmen jedoch noch viele weitere Vorteile, darunter:<\/span><\/p>\n\n\n\n<p><b>\u2022 Verbessertes Risikomanagement<\/b>: Market research enables businesses to assess and mitigate risks associated with <a href=\"https:\/\/www.sisinternational.com\/de\/direktmarketing\/\" title=\"Was ist Direktmarketing?\"  data-wpil-monitor-id=\"6988\">algorithmic trading strategies<\/a>, and develop robust risk management strategies to protect their investments and minimize losses.<\/span><\/p>\n\n\n\n<p><b>\u2022 Schnellere Entscheidungsfindung<\/b><span style=\"font-weight: 400;\">: Algorithmic trading market research facilitates faster decision-making by providing businesses with real-time market insights and actionable intelligence. By leveraging advanced data analytics and predictive modeling techniques, companies can make informed investment decisions quickly and decisively, gaining a competitive edge in the marketplace.<\/span><\/p>\n\n\n\n<p><b>\u2022 Kosteneffizienz<\/b><span style=\"font-weight: 400;\">: Marktforschung zum algorithmischen Handel hilft Unternehmen dabei, ihre Handelsstrategien zu optimieren, Handelskosten zu senken, ihre Handelsabl\u00e4ufe zu rationalisieren, Transaktionskosten zu minimieren und die allgemeine Kosteneffizienz zu verbessern.<\/span><\/p>\n\n\n\n<p><b>\u2022 Skalierbarkeit<\/b><span style=\"font-weight: 400;\">: Mithilfe algorithmischer Handelsmarktforschung k\u00f6nnen Unternehmen ihre Handelsgesch\u00e4fte effektiv skalieren und ihre Handelsaktivit\u00e4ten auf mehrere M\u00e4rkte und Anlageklassen ausweiten, ohne dabei Kompromisse bei Leistung oder Effizienz einzugehen.<\/span><\/p>\n\n\n\n<h2 class=\"wp-block-heading\"><strong>Schl\u00fcsselfaktoren f\u00fcr den Erfolg<\/strong><\/h2>\n\n\n\n<p><span style=\"font-weight: 400;\">Im Bereich der Marktforschung zum algorithmischen Handel tragen mehrere Schl\u00fcsselfaktoren zum Erfolg bei, die zur Effektivit\u00e4t und Effizienz der Forschungsbem\u00fchungen beitragen. Hier sind einige Schl\u00fcsselfaktoren, die Unternehmen ber\u00fccksichtigen m\u00fcssen, bevor sie Marktforschung zum algorithmischen Handel durchf\u00fchren:<\/span><\/p>\n\n\n\n<p><b>\u2022 Datenqualit\u00e4t und Zug\u00e4nglichkeit<\/b><span style=\"font-weight: 400;\">: High-quality data is the cornerstone of effective algorithmic trading market research. Businesses must have access to reliable, accurate, and timely <a href=\"https:\/\/www.sisinternational.com\/de\/abdeckung\/marktforschung-asien\/philippinische-marktforschung\/\" title=\"Philippinische Marktforschung\"  data-wpil-monitor-id=\"4003\">market data to conduct thorough research<\/a> and analysis.<\/span><\/p>\n\n\n\n<p><b>\u2022 Technologische Infrastruktur<\/b>: A robust technology infrastructure is essential to support <a href=\"https:\/\/www.sisinternational.com\/de\/sachverstand\/branchen\/medizintechnik-medtech-marktforschung\/\" title=\"Marktforschung f\u00fcr Medizintechnik (Med Tech)\"  data-wpil-monitor-id=\"4219\">algorithmischer Handel Marktforschung<\/a> efforts. Businesses must invest in scalable and reliable technology infrastructure, including high-speed connectivity, powerful computing resources, and secure data storage.<\/span><\/p>\n\n\n\n<p><b>\u2022 Rahmen f\u00fcr das Risikomanagement<\/b><span style=\"font-weight: 400;\">: Businesses must implement a robust risk management framework to identify, assess, and mitigate risks associated with algorithmic trading strategies. This framework should include comprehensive risk assessment processes, monitoring mechanisms, and contingency plans to manage unexpected events.<\/span><\/p>\n\n\n\n<p><b>\u2022 Kontinuierliches Lernen und Anpassen<\/b><span style=\"font-weight: 400;\">: Financial markets are dynamic and ever-changing, requiring businesses to learn and adapt to new market conditions and trends continuously. Businesses must foster a culture of continuous learning and adaptation, encouraging researchers to stay abreast of the latest developments in algorithmic trading, technological advancements, and regulatory changes.<\/span><\/p>\n\n\n\n<h2 class=\"wp-block-heading\">Wie Marktforschung Finanzunternehmen unterst\u00fctzt<\/h2>\n\n\n\n<figure class=\"gb-block-image gb-block-image-9050a3d3\"><img loading=\"lazy\" decoding=\"async\" width=\"1456\" height=\"816\" class=\"gb-image gb-image-9050a3d3\" src=\"https:\/\/www.sisinternational.com\/wp-content\/uploads\/2025\/09\/Forex-7.jpg\" alt=\"SIS International Marktforschung &amp; Strategie\" title=\"Forex (7)\" srcset=\"https:\/\/www.sisinternational.com\/wp-content\/uploads\/2025\/09\/Forex-7.jpg 1456w, https:\/\/www.sisinternational.com\/wp-content\/uploads\/2025\/09\/Forex-7-300x168.jpg 300w, https:\/\/www.sisinternational.com\/wp-content\/uploads\/2025\/09\/Forex-7-1024x574.jpg 1024w, https:\/\/www.sisinternational.com\/wp-content\/uploads\/2025\/09\/Forex-7-768x430.jpg 768w, https:\/\/www.sisinternational.com\/wp-content\/uploads\/2025\/09\/Forex-7-18x10.jpg 18w\" sizes=\"auto, (max-width: 1456px) 100vw, 1456px\"><\/figure>\n\n\n\n<p><\/p>\n\n\n\n<p><span style=\"font-weight: 400;\">Organisationen und Unternehmen haben viele Gr\u00fcnde, sich auf Marktforschung zu verlassen. Erstens f\u00f6rdert sie das Wachstum. Sie hilft Unternehmen auch dabei, Ideen zu entwickeln, wie sie neue Marktimpulse setzen k\u00f6nnen. Forschung ist unerl\u00e4sslich, wenn Unternehmen neue Produkte auf den Markt bringen oder neue Dienstleistungen entwickeln. Hier erfahren Sie, warum Sie in strategische Marktforschung investieren sollten.<\/span><\/p>\n\n\n\n<h2 class=\"wp-block-heading\"><span style=\"font-weight: 400;\">1. Es hilft, Anlagerisiken zu minimieren<\/span><\/h2>\n\n\n\n<p><span style=\"font-weight: 400;\">Research helps businesses narrow their <a href=\"https:\/\/www.sisinternational.com\/de\/was-ist-eine-fokusgruppe-2\/\" title=\"Was ist eine Fokusgruppe?\"  data-wpil-monitor-id=\"1480\">focus to a specific potential market group<\/a>, reducing costs for product testing, market testing, and overall marketing plans.<\/span><\/p>\n\n\n\n<h2 class=\"wp-block-heading\"><span style=\"font-weight: 400;\">2. Es hilft Ihnen, potenzielle Chancen und Risiken zu erkennen<\/span><\/h2>\n\n\n\n<p><span style=\"font-weight: 400;\">Sie k\u00f6nnen sowohl Sekund\u00e4rforschung (Schreibtischforschung) als auch Prim\u00e4rforschung (Feldarbeit) einsetzen. Sie k\u00f6nnen diese Methoden als eine Art Versicherung betrachten. Sie sch\u00fctzen Sie vor den Gefahren, die m\u00f6glicherweise auf Sie zukommen und Ihr potenzielles Wachstum behindern. Warum ist der Einsatz effizienter qualitativer Forschung eine gute Idee? Unternehmen k\u00f6nnen sie nutzen, um bestimmte Bedrohungen oder Chancen hervorzuheben und zu identifizieren. Unter anderen Umst\u00e4nden h\u00e4tten Sie diese Chancen und Bedrohungen m\u00f6glicherweise ignoriert.<\/span><\/p>\n\n\n\n<h2 class=\"wp-block-heading\"><span style=\"font-weight: 400;\">3. Marktforschung hilft Ihrem Unternehmen, die Schw\u00e4chen und St\u00e4rken der Konkurrenz zu entdecken<\/span><\/h2>\n\n\n\n<p><span style=\"font-weight: 400;\">Market Research is helpful in the FinTech market. Firms that rely on new technology advancements can benefit from thorough market research. Make sure a <a href=\"https:\/\/www.sisinternational.com\/de\/sachverstand\/branchen\/reputationsmarktforschung\/\" title=\"Reputationsmarktforschung\"  data-wpil-monitor-id=\"4095\">reputable company does your market research<\/a>.&nbsp; <\/span><\/p>\n\n\n\n<p><span style=\"font-weight: 400;\">Research and Competitive Intelligence can help you anticipate market movements. Corporate Intelligence that leverages Game Theory and Scenario Planning can help you understand competitors&#8217; motivations.<\/span><\/p>\n\n\n\n<p><span style=\"font-weight: 400;\">Adopting an &#8220;eyes wide open&#8221; approach to any research project is best. Research done by professional analysts will help you discover potential competitor gaps. You can fill these gaps and exploit them as possible growth engines for your firm.<\/span><\/p>\n\n\n\n<h2 class=\"wp-block-heading\"><span style=\"font-weight: 400;\">4. Es hilft Unternehmen, neue Trends zu erkennen<\/span><\/h2>\n\n\n\n<p><span style=\"font-weight: 400;\">Proper market research can help firms discover new business trends. These trends can help to keep the firms ahead of their competitors. When businesses notice them, launching relevant new products and services is easier.<\/span><\/p>\n\n\n\n<h2 class=\"wp-block-heading\"><strong>Technologien und Tools in der algorithmischen Handelsmarktforschung<\/strong><\/h2>\n\n\n\n<p><span style=\"font-weight: 400;\">In algorithmic trading market research, businesses leverage various advanced technologies and tools to analyze market data, develop trading strategies, and optimize algorithmic trading systems.<\/span><\/p>\n\n\n\n<p><b>\u2022 Datenanalyseplattformen<\/b><span style=\"font-weight: 400;\">: Businesses use advanced data analytics platforms equipped with data visualization, statistical analysis, and machine learning algorithms to uncover insights from historical market data, identify trading patterns, and develop predictive models.<\/span><\/p>\n\n\n\n<p><b>\u2022 Marktdaten-Feeds<\/b><span style=\"font-weight: 400;\">: Marktdaten-Feeds sind f\u00fcr den Zugriff auf Marktdaten in Echtzeit und die Ausf\u00fchrung von Transaktionen auf den Finanzm\u00e4rkten unerl\u00e4sslich. Unternehmen verlassen sich auf qualitativ hochwertige Marktdaten-Feeds von B\u00f6rsen, Datenverk\u00e4ufern und Marktdatenanbietern, um \u00fcber Marktpreise, Handelsvolumen und Liquidit\u00e4tsniveaus informiert zu bleiben und so zeitnahe Handelsentscheidungen treffen und Transaktionen pr\u00e4zise ausf\u00fchren zu k\u00f6nnen.<\/span><\/p>\n\n\n\n<p><b>\u2022 Cloud-Computing-Dienste<\/b>: Cloud computing services provide businesses with scalable and cost-effective computing resources for conducting <a href=\"https:\/\/www.sisinternational.com\/de\/losungen\/ai-marktforschung-und-strategieberatung\/computer-vision-ki-marktforschung\/\" title=\"Marktforschung f\u00fcr Computer Vision-KI\"  data-wpil-monitor-id=\"2768\">algorithmischer Handel Marktforschung<\/a>. Businesses leverage cloud computing platforms to deploy algorithmic trading systems, run backtests, and analyze large datasets without needing extensive on-premises infrastructure.<\/span><\/p>\n\n\n\n<h2 class=\"wp-block-heading\"><strong>M\u00f6glichkeiten in der algorithmischen Handelsmarktforschung&nbsp;<\/strong><\/h2>\n\n\n\n<figure class=\"gb-block-image gb-block-image-e665e531\"><img loading=\"lazy\" decoding=\"async\" width=\"1456\" height=\"816\" class=\"gb-image gb-image-e665e531\" src=\"https:\/\/www.sisinternational.com\/wp-content\/uploads\/2025\/09\/Forex-6.jpg\" alt=\"SIS International Marktforschung &amp; Strategie\" title=\"Forex (6)\" srcset=\"https:\/\/www.sisinternational.com\/wp-content\/uploads\/2025\/09\/Forex-6.jpg 1456w, https:\/\/www.sisinternational.com\/wp-content\/uploads\/2025\/09\/Forex-6-300x168.jpg 300w, https:\/\/www.sisinternational.com\/wp-content\/uploads\/2025\/09\/Forex-6-1024x574.jpg 1024w, https:\/\/www.sisinternational.com\/wp-content\/uploads\/2025\/09\/Forex-6-768x430.jpg 768w, https:\/\/www.sisinternational.com\/wp-content\/uploads\/2025\/09\/Forex-6-18x10.jpg 18w\" sizes=\"auto, (max-width: 1456px) 100vw, 1456px\"><\/figure>\n\n\n\n<p><\/p>\n\n\n\n<p><span style=\"font-weight: 400;\">Die Marktforschung im algorithmischen Handel bietet Unternehmen zahlreiche M\u00f6glichkeiten, sich einen Wettbewerbsvorteil zu verschaffen, die Handelsleistung zu verbessern und Marktineffizienzen auszunutzen. Hier sind einige der wichtigsten M\u00f6glichkeiten von heute:<\/span><\/p>\n\n\n\n<p><b>\u2022 Marktmikrostrukturanalyse<\/b><span style=\"font-weight: 400;\">: Algorithmic trading market research provides businesses with insights into market microstructure, or the internal mechanics of financial markets. By analyzing market microstructure data, order flow dynamics, and liquidity patterns, businesses can better understand market dynamics, identify trading opportunities, and optimize their trading strategies for improved execution quality.<\/span><\/p>\n\n\n\n<p><b>\u2022 Quantitative Strategieentwicklung<\/b><span style=\"font-weight: 400;\">: Unternehmen k\u00f6nnen die Marktforschung zum algorithmischen Handel nutzen, um quantitative Handelsstrategien zu entwickeln, die statistische Anomalien und Marktineffizienzen ausnutzen.<\/span><\/p>\n\n\n\n<p><b>\u2022 Diversifikation und Portfoliooptimierung<\/b><span style=\"font-weight: 400;\">: Mithilfe algorithmischer Handelsmarktforschung k\u00f6nnen Unternehmen ihre Handelsstrategien diversifizieren und ihre Anlageportfolios optimieren, um bessere risikobereinigte Renditen zu erzielen.<\/span><\/p>\n\n\n\n<h2 class=\"wp-block-heading\"><strong>Herausforderungen der algorithmischen Handelsmarktforschung&nbsp;<\/strong><\/h2>\n\n\n\n<p><span style=\"font-weight: 400;\">Unternehmen stehen vor mehreren Herausforderungen, wenn es darum geht, diese Chancen effektiv zu nutzen. Die \u00dcberwindung dieser Herausforderungen ist f\u00fcr Unternehmen von entscheidender Bedeutung, um in der Marktforschung im algorithmischen Handel erfolgreich zu sein und ihre Handelsziele zu erreichen.&nbsp;<\/span><\/p>\n\n\n\n<p><b>\u2022 Datenqualit\u00e4t und -verf\u00fcgbarkeit<\/b><span style=\"font-weight: 400;\">: One of the primary challenges in algorithmic trading market research is the quality and availability of data. Businesses rely on vast historical and real-time market data to develop and backtest trading strategies. However, ensuring market data&#8217;s accuracy, completeness, and timeliness can be challenging, especially when dealing with multiple data sources and formats.<\/span><\/p>\n\n\n\n<p><b>\u2022 Technologische Infrastruktur<\/b><span style=\"font-weight: 400;\">: Unternehmen ben\u00f6tigen Zugriff auf Hochleistungs-Rechenressourcen, Datenspeicherl\u00f6sungen und Netzwerkinfrastruktur, um gro\u00dfe Mengen an Marktdaten zu verarbeiten, Backtests durchzuf\u00fchren und automatisierte Handelssysteme einzusetzen. Die Verwaltung und Skalierung dieser Technologieinfrastruktur kann eine Herausforderung darstellen, insbesondere f\u00fcr kleinere Unternehmen mit begrenzten Ressourcen.<\/span><\/p>\n\n\n\n<p><b>\u2022 Marktdynamik und Volatilit\u00e4t<\/b><span style=\"font-weight: 400;\">: Financial markets are inherently complex and dynamic, characterized by rapid changes in market conditions, volatility, and liquidity. Businesses conducting algorithmic trading market research need to develop robust trading strategies that can adapt to changing market dynamics and effectively navigate volatile market conditions.<\/span><\/p>\n\n\n\n<h2 class=\"wp-block-heading\"><strong>\u00dcber Algorithmic Trading Market Research<\/strong><\/h2>\n\n\n\n<p><span style=\"font-weight: 400;\">Businesses use quantitative research to give a numerical value to problems. This type of research generates valuable statistical data. Enterprises use it to quantify behaviors, opinions, attitudes, and other variables. These variables relate to your business&#8217;s potential market. <\/span><\/p>\n\n\n\n<p><span style=\"font-weight: 400;\">Alternativ nutzen Unternehmen qualitative Forschung, um zugrunde liegende Meinungen, Gr\u00fcnde und Motivationen zu verstehen. Sie bietet Einblicke in die Probleme Ihres Unternehmens oder Ihrer Organisation. Auf diese Weise bietet sie neue Ideen und m\u00f6gliche L\u00f6sungen.<\/span><\/p>\n\n\n\n<p><span style=\"font-weight: 400;\">Market Research can greatly benefit Algorithmic trading firms as they navigate the complicated financial markets. It will help you to make better short- and long-term decisions for your company.&nbsp;<\/span><\/p>\n\n\n\n<h2 class=\"wp-block-heading\">Unser Standort in New York<\/h2>\n\n\n\n<p>  <iframe loading=\"lazy\" src=\"https:\/\/www.google.com\/maps\/embed?pb=!1m18!1m12!1m3!1d3022.976188376966!2d-73.99130312499956!3d40.740549471389315!2m3!1f0!2f0!3f0!3m2!1i1024!2i768!4f13.1!3m3!1m2!1s0x89c259a15798c731%3A0xd695d09bdd495f25!2s11%20E%2022nd%20St%20FL%202%2C%20New%20York%2C%20NY%2010010%2C%20USA!5e0!3m2!1sen!2spe!4v1726171763526!5m2!1sen!2spe\" width=\"600\" height=\"450\" allowfullscreen=\"allowfullscreen\" data-mce-fragment=\"1\"><\/iframe>  <\/p>\n\n\n\n<h3 class=\"wp-block-heading\">11 E 22nd Street, Floor 2, New York, NY 10010 T: +1(212) 505-6805<\/h3>\n\n\n\n<hr class=\"wp-block-separator has-alpha-channel-opacity\"\/>\n\n\n\n<h2 class=\"wp-block-heading\"><span style=\"font-weight: 400;\">\u00dcber SIS International<\/span><\/h2>\n\n\n\n<p><a href=\"https:\/\/www.sisinternational.com\/de\/\"><span style=\"font-weight: 400;\">SIS International<\/span><\/a><span style=\"font-weight: 400;\"> bietet quantitative, qualitative und strategische Forschung an. Wir liefern Daten, Tools, Strategien, Berichte und Erkenntnisse zur Entscheidungsfindung. Wir f\u00fchren auch Interviews, Umfragen, Fokusgruppen und andere Methoden und Ans\u00e4tze der Marktforschung durch.<\/span><a href=\"https:\/\/www.sisinternational.com\/de\/uber-sis-international-research\/contact-sis-international-market-research\/\"><span style=\"font-weight: 400;\"> Kontakt<\/span><\/a><span style=\"font-weight: 400;\"> f\u00fcr Ihr n\u00e4chstes Marktforschungsprojekt.<\/span><\/p>\n\n\n\n<p><\/p>\n\n\n\n<p><\/p>","protected":false},"excerpt":{"rendered":"<p>Entdecken Sie, wie die Marktforschung im algorithmischen Handel M\u00f6glichkeiten zur Wertsch\u00f6pfung aufdecken kann.<\/p>","protected":false},"author":1,"featured_media":62824,"parent":27462,"menu_order":21,"comment_status":"closed","ping_status":"closed","template":"","meta":{"footnotes":""},"class_list":["post-31852","page","type-page","status-publish","has-post-thumbnail"],"_links":{"self":[{"href":"https:\/\/www.sisinternational.com\/de\/wp-json\/wp\/v2\/pages\/31852","targetHints":{"allow":["GET"]}}],"collection":[{"href":"https:\/\/www.sisinternational.com\/de\/wp-json\/wp\/v2\/pages"}],"about":[{"href":"https:\/\/www.sisinternational.com\/de\/wp-json\/wp\/v2\/types\/page"}],"author":[{"embeddable":true,"href":"https:\/\/www.sisinternational.com\/de\/wp-json\/wp\/v2\/users\/1"}],"replies":[{"embeddable":true,"href":"https:\/\/www.sisinternational.com\/de\/wp-json\/wp\/v2\/comments?post=31852"}],"version-history":[{"count":14,"href":"https:\/\/www.sisinternational.com\/de\/wp-json\/wp\/v2\/pages\/31852\/revisions"}],"predecessor-version":[{"id":80556,"href":"https:\/\/www.sisinternational.com\/de\/wp-json\/wp\/v2\/pages\/31852\/revisions\/80556"}],"up":[{"embeddable":true,"href":"https:\/\/www.sisinternational.com\/de\/wp-json\/wp\/v2\/pages\/27462"}],"wp:featuredmedia":[{"embeddable":true,"href":"https:\/\/www.sisinternational.com\/de\/wp-json\/wp\/v2\/media\/62824"}],"wp:attachment":[{"href":"https:\/\/www.sisinternational.com\/de\/wp-json\/wp\/v2\/media?parent=31852"}],"curies":[{"name":"wp","href":"https:\/\/api.w.org\/{rel}","templated":true}]}}