{"id":31835,"date":"2019-06-09T22:18:46","date_gmt":"2019-06-09T22:18:46","guid":{"rendered":"https:\/\/www.sisinternational.com\/?page_id=31835"},"modified":"2026-01-24T18:12:13","modified_gmt":"2026-01-24T23:12:13","slug":"marktforschung-fur-intelligente-sicherheit","status":"publish","type":"page","link":"https:\/\/www.sisinternational.com\/de\/sachverstand\/marktforschung-fur-intelligente-sicherheit\/","title":{"rendered":"Marktforschung f\u00fcr intelligente Sicherheit"},"content":{"rendered":"<h1 class=\"wp-block-heading\"><span style=\"font-weight: 400;\">Marktforschung f\u00fcr intelligente Sicherheit<\/span><\/h1>\n\n\n\n<figure class=\"gb-block-image gb-block-image-a0f5460d\"><img loading=\"lazy\" decoding=\"async\" width=\"1456\" height=\"816\" class=\"gb-image gb-image-a0f5460d\" src=\"https:\/\/www.sisinternational.com\/wp-content\/uploads\/2025\/08\/Cibersecurity-security-5.jpg\" alt=\"SIS International Marktforschung &amp; Strategie\" title=\"Cibersecurity security (5)\" srcset=\"https:\/\/www.sisinternational.com\/wp-content\/uploads\/2025\/08\/Cibersecurity-security-5.jpg 1456w, https:\/\/www.sisinternational.com\/wp-content\/uploads\/2025\/08\/Cibersecurity-security-5-300x168.jpg 300w, https:\/\/www.sisinternational.com\/wp-content\/uploads\/2025\/08\/Cibersecurity-security-5-1024x574.jpg 1024w, https:\/\/www.sisinternational.com\/wp-content\/uploads\/2025\/08\/Cibersecurity-security-5-768x430.jpg 768w, https:\/\/www.sisinternational.com\/wp-content\/uploads\/2025\/08\/Cibersecurity-security-5-18x10.jpg 18w\" sizes=\"auto, (max-width: 1456px) 100vw, 1456px\"><\/figure>\n\n\n\n<p><\/p>\n\n\n\n<h2 class=\"wp-block-heading\"><span style=\"font-weight: 400;\">Die Smart Security-Marktforschung boomt<\/span><\/h2>\n\n\n\n<p><span style=\"font-weight: 400;\">Smart Security Solutions are new products and services that include Home Security Systems, Door sensors, wireless CCTV footage and Security Services that can be controlled from mobile devices.&nbsp; Leveraging the Internet of Things (IoT), this industry is growing rapidly.<\/span><\/p>\n\n\n\n<p><span style=\"font-weight: 400;\">Market research as a service is there to help any company. It helps organizations, service providers, and individuals make better-informed decisions. It should be more embedded in every firm&#8217;s strategic plan. Like their counterparts in other sectors, <a href=\"https:\/\/www.sisinternational.com\/de\/cybersicherheit-im-gesundheitswesen\/\" title=\"Marktforschung zur Cybersicherheit im Gesundheitswesen\"  data-wpil-monitor-id=\"1923\">Market Research can benefit smart security<\/a> companies. It equips these companies to deal with the environment in which they operate. It does so in the following ways: <\/span><\/p>\n\n\n\n<h2 class=\"wp-block-heading\"><span style=\"font-weight: 400;\">Chancen erkennen<\/span><\/h2>\n\n\n\n<p><span style=\"font-weight: 400;\">Durch Marktforschung erhalten Sie klare Informationen \u00fcber Ihre Zielkunden. Sie erfahren, welche Interessen sie haben, und Sie sehen Ihre Marketingkan\u00e4le. Diese Informationen erm\u00f6glichen es Ihnen, Chancen f\u00fcr Ihr Smart-Security-Unternehmen zu erkennen. Mit diesem Wissen k\u00f6nnen Sie neue Orte finden, an denen Sie Ihren Service bewerben k\u00f6nnen. Sie k\u00f6nnen auch lukrative Auftragsverbesserungen erzielen. Ein weiterer Vorteil ist, dass Sie durch Marktforschung Partnerschaften mit anderen Unternehmen eingehen k\u00f6nnen.<\/span><\/p>\n\n\n\n<h2 class=\"wp-block-heading\"><span style=\"font-weight: 400;\">Geringere Anlagerisiken<\/span><\/h2>\n\n\n\n<p><span style=\"font-weight: 400;\">Ein stetiger Zustrom von Kunden und Verk\u00e4ufen sichert das langfristige \u00dcberleben Ihres Unternehmens. Was dies garantiert, ist Marktforschung. Marktforschung stellt fest, ob Sie die Bed\u00fcrfnisse Ihrer aktuellen Kunden noch erf\u00fcllen. <\/span><\/p>\n\n\n\n<p><span style=\"font-weight: 400;\">Sie erfahren auch, wie Sie potenzielle Kunden gewinnen und halten k\u00f6nnen. Dieses Prinzip l\u00e4sst sich anwenden, indem man neue Produkte und Designs vor der Markteinf\u00fchrung testet. Marktforschung findet auch Gr\u00fcnde, warum Kunden nicht wiederkommen. Sie hilft Ihnen, Erkenntnisse \u00fcber Problembereiche zu gewinnen.<\/span><\/p>\n\n\n\n<h2 class=\"wp-block-heading\"><span style=\"font-weight: 400;\">Entwickeln Sie relevante Werbematerialien<\/span><\/h2>\n\n\n\n<p><span style=\"font-weight: 400;\">Haben Sie sich schon einmal gefragt, welche Bilder oder Texte Sie auf Ihren Social-Media-Konten, Ihrer Website oder Ihren Flyern verwenden sollten? Wenn ja, dann wird Ihnen die Marktforschung zeigen, was genau zu tun ist. Sie haben bereits die Frustrationen, Bed\u00fcrfnisse und W\u00fcnsche Ihrer Kunden ermittelt. So wissen Sie genau, was Sie ansprechen m\u00fcssen, wenn Sie mit der Erstellung Ihrer Marketingmaterialien beginnen. Es w\u00e4re hilfreich, wenn Sie auch eine Vorstellung davon h\u00e4tten, wie Sie diese Probleme angehen k\u00f6nnen.<\/span><\/p>\n\n\n\n<h2 class=\"wp-block-heading\"><span style=\"font-weight: 400;\">Wissen, wo man werben kann <\/span><\/h2>\n\n\n\n<p><span style=\"font-weight: 400;\">Many smart security companies face budgetary constraints. You thus need to optimize your marketing budget to get the best returns possible. Market research helps find the best channels to reach your intended audience. It will tell you whether to use ads or to place posters and flyers in strategic locations. Ads on social media platforms might be the best way to reach potential customers. Market <a href=\"https:\/\/www.sisinternational.com\/de\/intelligente-gesundheit\/\" title=\"Smart Health Marktforschung\"  data-wpil-monitor-id=\"1961\">Forschung<\/a> will confirm whether this is the best route for a smart security company.<\/span><\/p>\n\n\n\n<h2 class=\"wp-block-heading\"><span style=\"font-weight: 400;\">\u00dcbertreffen Sie Ihre Konkurrenten<\/span><\/h2>\n\n\n\n<p><span style=\"font-weight: 400;\">Je besser Sie Ihre Kunden kennen, desto besser k\u00f6nnen Sie sie bedienen. M\u00f6chten Sie Ihre Konkurrenten in den Schatten stellen? <\/span><\/p>\n\n\n\n<p><span style=\"font-weight: 400;\">Dies erreichen Sie durch die zufriedenstellende und zeitnahe Erf\u00fcllung der Bed\u00fcrfnisse Ihrer Kunden. <\/span><\/p>\n\n\n\n<p><span style=\"font-weight: 400;\">Durch Marktforschung erfahren Sie mehr \u00fcber die Beschaffenheit des Marktes. So k\u00f6nnen Sie unzufriedene Kunden und unterversorgte Marktsegmente gezielt ansprechen. <\/span><\/p>\n\n\n\n<p><span style=\"font-weight: 400;\">Sie k\u00f6nnen ihre unerf\u00fcllten Bed\u00fcrfnisse identifizieren und die L\u00fccken schlie\u00dfen. Auf diese Weise gewinnen Sie sie und schlagen Ihre Konkurrenten m\u00fchelos.<\/span><\/p>\n\n\n\n<h2 class=\"wp-block-heading\"><span style=\"font-weight: 400;\">Verbessert die strategische Planung<\/span><\/h2>\n\n\n\n<p><span style=\"font-weight: 400;\">Strategic market planning helps you set goals for your <a href=\"https:\/\/www.sisinternational.com\/de\/sachverstand\/branchen\/sicherheitsmarktforschung\/\" title=\"Sicherheitsmarktforschung\"  data-wpil-monitor-id=\"6532\">smart<\/a> security firm. <\/span>Durch Recherche k\u00f6nnen Sie herausfinden, ob Ziele erreichbar sind.&nbsp;<span style=\"font-weight: 400;\">Durch Marktforschung k\u00f6nnen Sie au\u00dferdem Wege finden, diese Ziele zu erreichen. Marktforschung liefert Ihnen wichtige und relevante Informationen.&nbsp;<\/span><span style=\"font-weight: 400;\">Es wirkt sich positiv auf Ihre kurzfristigen und langfristigen Ziele aus.<\/span><\/p>\n\n\n\n<h2 class=\"wp-block-heading\"><span style=\"font-weight: 400;\">Erleichtert fundierte Entscheidungen<\/span><\/h2>\n\n\n\n<p><span style=\"font-weight: 400;\">Sie werden die Bedeutung der Marktforschung erkennen, wenn Sie wichtige Entscheidungen treffen m\u00fcssen. Die Verwendung des Marktforschungsberichts als Referenzpunkt f\u00f6rdert nachweislich bessere Entscheidungen. Dies funktioniert besser als willk\u00fcrliche Entscheidungskriterien. Au\u00dferdem macht es den gesamten Prozess sehr einfach.<\/span><\/p>\n\n\n\n<h2 class=\"wp-block-heading\"><span style=\"font-weight: 400;\">\u00dcber Smart Security Market Research<\/span><\/h2>\n\n\n\n<p><span style=\"font-weight: 400;\">Marketing security, particularly smart security, is not an easy thing. Luckily, market research promises to make it gain general acceptance. As a smart security company, you need to consider a market research service, and you will enjoy more profitability and a larger share of the market.&nbsp; We conduct Qualitative, Quantitative and Strategy Research.&nbsp; Our solutions include:<\/span><\/p>\n\n\n\n<ul class=\"wp-block-list\">\n<li>Schwerpunktgruppen<\/li>\n\n\n\n<li>Kundeninterviews<\/li>\n\n\n\n<li>Umfragen<\/li>\n\n\n\n<li>Wettbewerbsanalyse<\/li>\n\n\n\n<li>Strategieforschung &amp; Beratung<\/li>\n<\/ul>\n\n\n\n<p><\/p>","protected":false},"excerpt":{"rendered":"<p>Smart Security Solutions bietet Heimsicherheitssysteme, CCTV-Aufnahmen und Dienste, auf die \u00fcber Mobilger\u00e4te zugegriffen werden kann.<\/p>","protected":false},"author":1,"featured_media":64039,"parent":14514,"menu_order":51,"comment_status":"closed","ping_status":"closed","template":"","meta":{"footnotes":""},"class_list":["post-31835","page","type-page","status-publish","has-post-thumbnail"],"_links":{"self":[{"href":"https:\/\/www.sisinternational.com\/de\/wp-json\/wp\/v2\/pages\/31835","targetHints":{"allow":["GET"]}}],"collection":[{"href":"https:\/\/www.sisinternational.com\/de\/wp-json\/wp\/v2\/pages"}],"about":[{"href":"https:\/\/www.sisinternational.com\/de\/wp-json\/wp\/v2\/types\/page"}],"author":[{"embeddable":true,"href":"https:\/\/www.sisinternational.com\/de\/wp-json\/wp\/v2\/users\/1"}],"replies":[{"embeddable":true,"href":"https:\/\/www.sisinternational.com\/de\/wp-json\/wp\/v2\/comments?post=31835"}],"version-history":[{"count":5,"href":"https:\/\/www.sisinternational.com\/de\/wp-json\/wp\/v2\/pages\/31835\/revisions"}],"predecessor-version":[{"id":80115,"href":"https:\/\/www.sisinternational.com\/de\/wp-json\/wp\/v2\/pages\/31835\/revisions\/80115"}],"up":[{"embeddable":true,"href":"https:\/\/www.sisinternational.com\/de\/wp-json\/wp\/v2\/pages\/14514"}],"wp:featuredmedia":[{"embeddable":true,"href":"https:\/\/www.sisinternational.com\/de\/wp-json\/wp\/v2\/media\/64039"}],"wp:attachment":[{"href":"https:\/\/www.sisinternational.com\/de\/wp-json\/wp\/v2\/media?parent=31835"}],"curies":[{"name":"wp","href":"https:\/\/api.w.org\/{rel}","templated":true}]}}