{"id":31802,"date":"2019-06-09T19:57:51","date_gmt":"2019-06-09T19:57:51","guid":{"rendered":"https:\/\/www.sisinternational.com\/?page_id=31802"},"modified":"2026-01-26T18:12:34","modified_gmt":"2026-01-26T23:12:34","slug":"storytelling-marktforschung","status":"publish","type":"page","link":"https:\/\/www.sisinternational.com\/de\/losungen\/branding-und-kundenforschungslosungen\/storytelling-marktforschung\/","title":{"rendered":"Storytelling Marktforschung"},"content":{"rendered":"<h1 class=\"wp-block-heading\">Storytelling Marktforschung<\/h1>\n\n\n\n<figure class=\"gb-block-image gb-block-image-e57ef5f4\"><img loading=\"lazy\" decoding=\"async\" width=\"1456\" height=\"816\" class=\"gb-image gb-image-e57ef5f4\" src=\"https:\/\/www.sisinternational.com\/wp-content\/uploads\/2025\/08\/Interview-3.jpg\" alt=\"SIS International Marktforschung &amp; Strategie\" title=\"Interview (3)\" srcset=\"https:\/\/www.sisinternational.com\/wp-content\/uploads\/2025\/08\/Interview-3.jpg 1456w, https:\/\/www.sisinternational.com\/wp-content\/uploads\/2025\/08\/Interview-3-300x168.jpg 300w, https:\/\/www.sisinternational.com\/wp-content\/uploads\/2025\/08\/Interview-3-1024x574.jpg 1024w, https:\/\/www.sisinternational.com\/wp-content\/uploads\/2025\/08\/Interview-3-768x430.jpg 768w, https:\/\/www.sisinternational.com\/wp-content\/uploads\/2025\/08\/Interview-3-18x10.jpg 18w\" sizes=\"auto, (max-width: 1456px) 100vw, 1456px\"><\/figure>\n\n\n\n<p><\/p>\n\n\n\n<h2 class=\"wp-block-heading\"><span style=\"font-weight: 400;\">Seit Jahrtausenden erz\u00e4hlen sich Menschen gegenseitig Geschichten.&nbsp; <\/span><\/h2>\n\n\n\n<p><span style=\"font-weight: 400;\">Story Telling is an important part of history and the human experience.&nbsp; In ancient times, humans communicated important information through stories around campfires.&nbsp; Today, c<\/span><span style=\"font-weight: 400;\">ompanies are opting for new ways to share information about their brands. They need innovative <a href=\"https:\/\/www.sisinternational.com\/de\/kundenzufriedenheitsanalyse\/\" title=\"8 M\u00f6glichkeiten zur Steigerung der Kundenzufriedenheit im Einzelhandel\"  data-wpil-monitor-id=\"9286\">ways to reach the customers<\/a> at their disposal. In a bid to foster <a href=\"https:\/\/www.sisinternational.com\/de\/sis-markenforschung-und-kundenbindung\/\" title=\"Markenmarktforschung und Kundenbindung\"  data-wpil-monitor-id=\"9278\">loyalty and draw more customers<\/a>, they have resorted to storytelling. <\/span><\/p>\n\n\n\n<p><span style=\"font-weight: 400;\">Das Erz\u00e4hlen Ihrer Geschichte ist heute ein wesentlicher Bestandteil beim Aufbau Ihrer Marke. Es bestimmt, wie die Leute Sie sehen. Au\u00dferdem erm\u00f6glicht es Kunden, eine Beziehung zu Ihnen und Ihrem Unternehmen aufzubauen. Wenn Sie es gut machen, k\u00f6nnen Sie eine florierende Marke mit einer gro\u00dfen Zukunft entwickeln. Die Leute werden bei Ihnen kaufen, wenn ihnen gef\u00e4llt, was Sie tun, Ihre Ideale und die Geschichten, die Sie erz\u00e4hlen.<\/span><\/p>\n\n\n\n<p><span style=\"font-weight: 400;\">Storytelling is an enormous realm that you can explore from many different perspectives. It involves sharing stories and experiences to a particular audience. These stories must have a sense of purpose. A key question arises thereof, how do you know the type of stories to tell? To answer this question, logic demands that <a href=\"https:\/\/www.sisinternational.com\/de\/weltweit-fuhrendes-unternehmen-fur-quantitative-marktforschung\/\" title=\"Weltweit f\u00fchrendes Unternehmen f\u00fcr quantitative Marktforschung\"  data-wpil-monitor-id=\"9271\">companies conduct both Qualitative and Quantitative Research<\/a>. In this way, they can improve the very pillars of the storytelling.&nbsp;<\/span><\/p>\n\n\n\n<h2 class=\"wp-block-heading\"><span style=\"font-weight: 400;\">Marktforschung hilft bei der Entwicklung geeigneter Charaktere<\/span><\/h2>\n\n\n\n<p><span style=\"font-weight: 400;\">Companies sometimes recycle stories, and at times the method is over-used. Creating the perfect characters for the roles can also be tricky. Thus, market <a href=\"https:\/\/www.sisinternational.com\/de\/organherstellung-mit-3d-druckern\/\" title=\"Marktforschung zur Organherstellung und zum 3D-Druck\"  data-wpil-monitor-id=\"9288\">Forschung<\/a> comes in handy to form the base for character creation. &nbsp;For example, the lead actor and antagonist are unlikely to make similar decisions. Qualitative Research equips the storytellers with the right data to form unique characters. It also helps them to develop roles for these characters. As a consequence, your storytelling will spur the reasoning of the customers.<\/span><\/p>\n\n\n\n<h2 class=\"wp-block-heading\"><span style=\"font-weight: 400;\">Marktforschung hilft bei der Entwicklung authentischer Storylines<\/span><\/h2>\n\n\n\n<p><span style=\"font-weight: 400;\">Wir haben schon von Geschichten geh\u00f6rt, die aufgrund einer Reihe negativer Bewertungen von Kunden oder Publikum scheiterten. Drehb\u00fccher, aus denen Geschichten entstehen, sollten originell und fl\u00fcssig sein. Marktforschung verhindert, dass Geschichtenerz\u00e4hler sich wiederholende, langweilige und glanzlose Inhalte erstellen. Sie liefert eine Vielfalt an Material, aus dem Sie epische Handlungsstr\u00e4nge entwickeln k\u00f6nnen. Geschichten, die aus einer solchen Forschung stammen, werden die Aufmerksamkeit Ihres Publikums fesseln. Sie werden auch ihre Meinung \u00fcber ein bestimmtes Produkt oder eine bestimmte Idee nachhaltig beeinflussen.<\/span><\/p>\n\n\n\n<h2 class=\"wp-block-heading\"><span style=\"font-weight: 400;\">Marktforschung schafft Illustrationen und Metaphern<\/span><\/h2>\n\n\n\n<p><span style=\"font-weight: 400;\">Sometimes, you can encapsulate your purpose in an incomprehensible chunk of the tale. Picking out the right metaphor to enable quick grasping of content is very crucial. Quantitative Research allows storytellers to come up with better metaphors. This type of <a href=\"https:\/\/www.sisinternational.com\/de\/sachverstand\/branchen\/chief-information-officer-cio-marktforschung\/\" title=\"Chief Information Officer (CIO) Marktforschung\"  data-wpil-monitor-id=\"9280\">Research can summarize a load of information<\/a> to drive a point home. It serves to propel consumer satisfaction as well as win over stakeholders\u2019 support.<\/span><\/p>\n\n\n\n<h2 class=\"wp-block-heading\"><span style=\"font-weight: 400;\">Marktforschung hilft Geschichtenerz\u00e4hlern, Wendepunkte und H\u00f6hepunkte zu schaffen<\/span><\/h2>\n\n\n\n<p><span style=\"font-weight: 400;\">The turning point and the climax go hand in hand. Storytellers need a riveting turning point- from a wrong decision to a good one, which can elicit positive reaction about a particular <a href=\"https:\/\/www.sisinternational.com\/de\/sachverstand\/lebenslaufe\/marktforschung-fur-korperpflegeprodukte\/\" title=\"Marktforschung f\u00fcr K\u00f6rperpflegeprodukte\"  data-wpil-monitor-id=\"9274\">product in the market<\/a>. Market <a href=\"https:\/\/www.sisinternational.com\/de\/sachverstand\/branchen\/marktforschung-am-point-of-purchase\/\" title=\"Point-of-Purchase-Marktforschung\"  data-wpil-monitor-id=\"9282\">Forschung<\/a> can help to form a sound basis and reasoning for the turning point. It can also help storytellers to portray it in a positive light. A turning point trickles down to the climax. In the end, this climax aims to cement the understanding and \u2018pledge of loyalty\u2019 towards the product. Market research is critical if you want to achieve these lofty goals.<\/span><\/p>\n\n\n\n<h2 class=\"wp-block-heading\"><span style=\"font-weight: 400;\">\u00dcber Story Telling Market Research<\/span><\/h2>\n\n\n\n<p><span style=\"font-weight: 400;\">Storytelling is the new mode of customer attraction. It leads to conviction towards a specific business product. It would help if you did proper and thorough market research so that the story is a success. It also has to meet its intended purpose, which is to help build your brand. In essence, market <a href=\"https:\/\/www.sisinternational.com\/de\/the-impact-of-desk-research-on-strategic-decision-making\/\" title=\"The Impact of Desk Research on Strategic Decision-Making\"  data-wpil-monitor-id=\"9284\">research is the backbone of any impactful<\/a> storytelling.&nbsp; We conduct:<\/span><\/p>\n\n\n\n<ul class=\"wp-block-list\">\n<li>Storyboards<\/li>\n\n\n\n<li>Home, <a href=\"https:\/\/www.sisinternational.com\/de\/losungen\/branding-und-kundenforschungslosungen\/videoethnographieforschung\/\" title=\"Video-Ethnographie-Forschung\"  data-wpil-monitor-id=\"6796\">Video &amp; Street Ethnography<\/a><\/li>\n\n\n\n<li>Schreiben, Videoproduktion und -bearbeitung<\/li>\n\n\n\n<li>Marken-Workshops<\/li>\n\n\n\n<li>Schwerpunktgruppen<\/li>\n\n\n\n<li>Gemeinsame Kreation<\/li>\n<\/ul>","protected":false},"excerpt":{"rendered":"<p>Entdecken Sie, wie Storytelling-Marktforschung Ihre Leistung steigern kann.<\/p>","protected":false},"author":1,"featured_media":62677,"parent":14650,"menu_order":14,"comment_status":"closed","ping_status":"closed","template":"","meta":{"footnotes":""},"class_list":["post-31802","page","type-page","status-publish","has-post-thumbnail"],"_links":{"self":[{"href":"https:\/\/www.sisinternational.com\/de\/wp-json\/wp\/v2\/pages\/31802","targetHints":{"allow":["GET"]}}],"collection":[{"href":"https:\/\/www.sisinternational.com\/de\/wp-json\/wp\/v2\/pages"}],"about":[{"href":"https:\/\/www.sisinternational.com\/de\/wp-json\/wp\/v2\/types\/page"}],"author":[{"embeddable":true,"href":"https:\/\/www.sisinternational.com\/de\/wp-json\/wp\/v2\/users\/1"}],"replies":[{"embeddable":true,"href":"https:\/\/www.sisinternational.com\/de\/wp-json\/wp\/v2\/comments?post=31802"}],"version-history":[{"count":4,"href":"https:\/\/www.sisinternational.com\/de\/wp-json\/wp\/v2\/pages\/31802\/revisions"}],"predecessor-version":[{"id":81552,"href":"https:\/\/www.sisinternational.com\/de\/wp-json\/wp\/v2\/pages\/31802\/revisions\/81552"}],"up":[{"embeddable":true,"href":"https:\/\/www.sisinternational.com\/de\/wp-json\/wp\/v2\/pages\/14650"}],"wp:featuredmedia":[{"embeddable":true,"href":"https:\/\/www.sisinternational.com\/de\/wp-json\/wp\/v2\/media\/62677"}],"wp:attachment":[{"href":"https:\/\/www.sisinternational.com\/de\/wp-json\/wp\/v2\/media?parent=31802"}],"curies":[{"name":"wp","href":"https:\/\/api.w.org\/{rel}","templated":true}]}}