{"id":31758,"date":"2019-06-03T04:41:36","date_gmt":"2019-06-03T04:41:36","guid":{"rendered":"https:\/\/www.sisinternational.com\/?page_id=31758"},"modified":"2025-09-13T21:36:22","modified_gmt":"2025-09-14T01:36:22","slug":"marktforschung-zur-abfallwirtschaft","status":"publish","type":"page","link":"https:\/\/www.sisinternational.com\/de\/sachverstand\/marktforschung-zur-abfallwirtschaft\/","title":{"rendered":"Marktforschung zur Abfallwirtschaft"},"content":{"rendered":"<h1 class=\"wp-block-heading\"><span style=\"font-weight: 400;\">Marktforschung zur Abfallwirtschaft<\/span><\/h1>\n\n\n\n<figure class=\"gb-block-image gb-block-image-c825edf6\"><img loading=\"lazy\" decoding=\"async\" width=\"1456\" height=\"816\" class=\"gb-image gb-image-c825edf6\" src=\"https:\/\/www.sisinternational.com\/wp-content\/uploads\/2025\/08\/Circular-economy-2.jpg\" alt=\"SIS International Marktforschung &amp; Strategie\" title=\"Circular economy (2)\" srcset=\"https:\/\/www.sisinternational.com\/wp-content\/uploads\/2025\/08\/Circular-economy-2.jpg 1456w, https:\/\/www.sisinternational.com\/wp-content\/uploads\/2025\/08\/Circular-economy-2-300x168.jpg 300w, https:\/\/www.sisinternational.com\/wp-content\/uploads\/2025\/08\/Circular-economy-2-1024x574.jpg 1024w, https:\/\/www.sisinternational.com\/wp-content\/uploads\/2025\/08\/Circular-economy-2-768x430.jpg 768w, https:\/\/www.sisinternational.com\/wp-content\/uploads\/2025\/08\/Circular-economy-2-18x10.jpg 18w\" sizes=\"auto, (max-width: 1456px) 100vw, 1456px\"><\/figure>\n\n\n\n<p><\/p>\n\n\n\n<h2 class=\"wp-block-heading\">Waste Management is an important and large industry that keeps societies moving and thriving.&nbsp; A city&#8217;s ability to grow depends on its ability to manage its waste.<\/h2>\n\n\n\n<p>Marktforschung und Strategieberatung liefern Daten, Erkenntnisse, Werkzeuge und Strategien f\u00fcr ein besseres Abfallmanagement.<\/p>\n\n\n\n<h2 class=\"wp-block-heading\"><span style=\"font-weight: 400;\">Die Abfallwirtschaft floriert<\/span><\/h2>\n\n\n\n<p>With stable economic growths, rising populations and new technologies, there is optimism in the industry.&nbsp; Societies and businesses benefit from strong Waste Management resources to control and maintain the production of waste.<\/p>\n\n\n\n<p>But, challenges exist&nbsp; Climate change, health concerns, Sustainable development, conservation of scarce resources, lack of available land, and ocean pollution are challenges.&nbsp; The business of Waste Management faces challenges as well.&nbsp; Competition, commoditization, supplier power, supply chain disruptions, and buyer power all impact and constrain industry profitability.<\/p>\n\n\n\n<p>Durch Forschung lassen sich neue Vorteils- und Rentabilit\u00e4tsquellen identifizieren.<\/p>\n\n\n\n<h2 class=\"wp-block-heading\"><span style=\"font-weight: 400;\">Warum Abfallwirtschaftsunternehmen in Marktforschung investieren<\/span><\/h2>\n\n\n\n<h2 class=\"wp-block-heading\"><span style=\"font-weight: 400;\">1.&nbsp; Enables you to maintain brand strength<\/span><\/h2>\n\n\n\n<p><span style=\"font-weight: 400;\">Markendominanz ist der Schl\u00fcssel zu steigenden Ums\u00e4tzen in wettbewerbsintensiven Nischen wie der Abfallwirtschaft. W\u00e4hrend der Recherche k\u00f6nnen Sie mit Ihren potenziellen Kunden in Kontakt treten. Sie erhalten Informationen aus erster Hand \u00fcber die Dienstleistungen, die Ihre Kunden am meisten w\u00fcnschen. Au\u00dferdem k\u00f6nnen Sie so den richtigen Zeitpunkt f\u00fcr das Angebot bestimmter Dienstleistungen ermitteln. Sie erhalten eine Vorstellung davon, welche Boni und Zusatzleistungen sie m\u00f6glicherweise ben\u00f6tigen, sodass Sie die besten Zeitpunkte f\u00fcr das Angebot dieser Sonderangebote planen k\u00f6nnen.<\/span><\/p>\n\n\n\n<h2 class=\"wp-block-heading\"><span style=\"font-weight: 400;\">2. Hilft Ihnen, Anlagerisiken zu vermeiden<\/span><\/h2>\n\n\n\n<p><span style=\"font-weight: 400;\">Like in any other businesses, you need to invest in workforce, machines, and equipment. <a href=\"https:\/\/www.sisinternational.com\/de\/losungen\/ai-marktforschung-und-strategieberatung\/objekterkennung-ki-marktforschung\/\" title=\"Marktforschung zur Objekterkennung mit KI\"  data-wpil-monitor-id=\"9321\">Market research will help you detect<\/a> the areas in your company that need improvement. After identifying the weak areas, you can now make informed decisions on how to improve them. In that way, you don&#8217;t risk losing revenues due to poor choices.<\/span><\/p>\n\n\n\n<h2 class=\"wp-block-heading\"><span style=\"font-weight: 400;\">3. Hilft bei der Marktprognose<\/span><\/h2>\n\n\n\n<p><span style=\"font-weight: 400;\">M\u00f6chten Sie wissen, wann die besten Zeiten sind, um Ihre Belegschaft zu vergr\u00f6\u00dfern oder zu verkleinern? Nutzen Sie Marktforschung, um den Markt vorherzusagen. So k\u00f6nnen Sie die Jahreszeiten\/Zeitr\u00e4ume vorhersagen, in denen Ihre Kunden Ihre Dienste am meisten ben\u00f6tigen. Diese Informationen sind ausschlaggebend, wenn es darum geht, profitable Entscheidungen \u00fcber Umsatzprognosen zu treffen. Sie helfen Ihnen auch dabei, die lukrativsten M\u00e4rkte zu identifizieren, in die Sie einsteigen k\u00f6nnen.<\/span><\/p>\n\n\n\n<h2 class=\"wp-block-heading\"><span style=\"font-weight: 400;\">4. Marktforschung identifiziert St\u00e4rken, Schw\u00e4chen, Chancen und Risiken<\/span><\/h2>\n\n\n\n<p><span style=\"font-weight: 400;\">Die Abfallentsorgung ist eine sehr wettbewerbsintensive Gesch\u00e4ftsnische. Der Wettbewerbscharakter dieser Nische erfordert, dass Sie immer H\u00f6chstleistungen erbringen, um die Konkurrenz zu schlagen. Um zu wissen, wie Sie Ihre Aktivit\u00e4ten verwalten, m\u00fcssen Sie recherchieren. So k\u00f6nnen Sie die Techniken identifizieren, mit denen Ihre Konkurrenten Ums\u00e4tze erzielen. Au\u00dferdem k\u00f6nnen Sie so feststellen, wo sie versagen, sodass Sie diese Bereiche Ihres Unternehmens st\u00e4rken k\u00f6nnen, um sie zu schlagen.&nbsp; <\/span><span style=\"font-weight: 400;\">Understanding your Strengths, Weaknesses Opportunities and Threats is powerful.&nbsp; You can boost your profits, performance and competitiveness.&nbsp;<\/span><\/p>\n\n\n\n<h2 class=\"wp-block-heading\">5. Marktforschung verbindet Sie mit Kunden<\/h2>\n\n\n\n<p>Customer Interviews, Ethnography, and <a href=\"https:\/\/www.sisinternational.com\/de\/focus-groups-that-deliver-real-voices-real-insight-real-advantage\/\" title=\"Focus Groups That Deliver Real Voices, Real Insight, Real Advantage\"  data-wpil-monitor-id=\"9323\">Focus Groups provide insights<\/a> into purchasing preferences of customers.&nbsp; Surveys quantify the extent of phenomenon.&nbsp; Spending more time with customers provides the ability to better serve their needs, and boost your profits.<\/p>\n\n\n\n<h2 class=\"wp-block-heading\">6.&nbsp; Market Research Creates Operational Efficiency<\/h2>\n\n\n\n<p><a href=\"https:\/\/www.sisinternational.com\/de\/losungen\/ai-marktforschung-und-strategieberatung\/verarbeitung-naturlicher-sprache-ki-marktforschung\/\" title=\"Marktforschung zur Verarbeitung nat\u00fcrlicher Sprache\"  data-wpil-monitor-id=\"9322\">Market Research identifies consumption processes<\/a> that can help you to build efficiency.&nbsp; With Strategy Research you can understand the processes that create the most value.&nbsp; You can identifies to prioritize processes and re-sequence others to boost profits.<\/p>\n\n\n\n<h2 class=\"wp-block-heading\"><span style=\"font-weight: 400;\">\u00dcber Waste Management Market Research<\/span><\/h2>\n\n\n\n<p><span style=\"font-weight: 400;\"><a href=\"https:\/\/www.sisinternational.com\/de\/abdeckung\/europa\/marktforschung-liverpool-grosbritannien\/\" title=\"Marktforschung in Liverpool | Fokusgruppen und Datenerfassung in Gro\u00dfbritannien\"  data-wpil-monitor-id=\"9320\">Market Research is the systematic collection<\/a> and analysis of data about the consumers a company is targeting. <a href=\"https:\/\/www.sisinternational.com\/de\/sachverstand\/lebenslaufe\/markenforschung\/\" title=\"Markenforschungsunternehmen\"  data-wpil-monitor-id=\"9324\">Companies do this research<\/a> to understand what their audience needs. They then summarize this research data in a report. The business owner can use this report to make informed decisions for the company.<\/span><\/p>\n\n\n\n<p><span style=\"font-weight: 400;\">This type of undertaking uses two approaches; Qualitative and <a href=\"https:\/\/www.sisinternational.com\/de\/top-5-benefits-of-conducting-quantitative-market-research\/\" title=\"Top 5 Benefits of Conducting Quantitative Market Research\"  data-wpil-monitor-id=\"9318\">Quantitative Marktforschung<\/a>. In Qualitative Research, the focus is on non-numerical data. For the Quantitative approach, researchers take real measurements. Here, they will use data collection methods like questionnaires, surveys, and polls. Quantitative Research also includes the use of mathematical numerical data analysis, and much more.<\/span><\/p>\n\n\n\n<p><span style=\"font-weight: 400;\"><a href=\"https:\/\/www.sisinternational.com\/de\/kontaktieren-sie-sis-international-market-research\/\" title=\"Kontaktiere uns\"  data-wpil-monitor-id=\"9317\">SIS International Forschung<\/a> has been in the business for many years. We have the experience, coverage and <a href=\"https:\/\/www.sisinternational.com\/de\/sachverstand\/branchen\/marktforschung-zu-naturlichen-ressourcen\/\" title=\"Marktforschung f\u00fcr nat\u00fcrliche Ressourcen\"  data-wpil-monitor-id=\"9319\">resources to deliver the best research<\/a> services.&nbsp;<\/span><\/p>\n\n\n\n<h2 class=\"wp-block-heading\"><a href=\"https:\/\/www.sisinternational.com\/de\/about-sis\/contact-sis-international-market-research\/\">Kontaktieren Sie uns f\u00fcr Ihr n\u00e4chstes Marktforschungsprojekt im Bereich Abfallwirtschaft.<\/a><\/h2>\n\n\n\n<p><\/p>","protected":false},"excerpt":{"rendered":"<p>Entdecken Sie, wie die Marktforschung im Abfallmanagement Ihre Leistung steigern kann.<\/p>","protected":false},"author":1,"featured_media":64755,"parent":14514,"menu_order":50,"comment_status":"closed","ping_status":"closed","template":"","meta":{"footnotes":""},"class_list":["post-31758","page","type-page","status-publish","has-post-thumbnail"],"_links":{"self":[{"href":"https:\/\/www.sisinternational.com\/de\/wp-json\/wp\/v2\/pages\/31758","targetHints":{"allow":["GET"]}}],"collection":[{"href":"https:\/\/www.sisinternational.com\/de\/wp-json\/wp\/v2\/pages"}],"about":[{"href":"https:\/\/www.sisinternational.com\/de\/wp-json\/wp\/v2\/types\/page"}],"author":[{"embeddable":true,"href":"https:\/\/www.sisinternational.com\/de\/wp-json\/wp\/v2\/users\/1"}],"replies":[{"embeddable":true,"href":"https:\/\/www.sisinternational.com\/de\/wp-json\/wp\/v2\/comments?post=31758"}],"version-history":[{"count":4,"href":"https:\/\/www.sisinternational.com\/de\/wp-json\/wp\/v2\/pages\/31758\/revisions"}],"predecessor-version":[{"id":81559,"href":"https:\/\/www.sisinternational.com\/de\/wp-json\/wp\/v2\/pages\/31758\/revisions\/81559"}],"up":[{"embeddable":true,"href":"https:\/\/www.sisinternational.com\/de\/wp-json\/wp\/v2\/pages\/14514"}],"wp:featuredmedia":[{"embeddable":true,"href":"https:\/\/www.sisinternational.com\/de\/wp-json\/wp\/v2\/media\/64755"}],"wp:attachment":[{"href":"https:\/\/www.sisinternational.com\/de\/wp-json\/wp\/v2\/media?parent=31758"}],"curies":[{"name":"wp","href":"https:\/\/api.w.org\/{rel}","templated":true}]}}