{"id":31732,"date":"2019-05-27T04:16:46","date_gmt":"2019-05-27T04:16:46","guid":{"rendered":"https:\/\/www.sisinternational.com\/?page_id=31732"},"modified":"2026-03-12T12:41:27","modified_gmt":"2026-03-12T16:41:27","slug":"marktforschung-fur-virtuelle-krankenpflegehelfer","status":"publish","type":"page","link":"https:\/\/www.sisinternational.com\/de\/losungen\/marktforschung-im-gesundheitswesen-2\/marktforschung-fur-virtuelle-krankenpflegehelfer\/","title":{"rendered":"Marktforschung f\u00fcr virtuelle Pflegeassistenten"},"content":{"rendered":"<h1 class=\"wp-block-heading\"><span style=\"font-weight: 400;\">Marktforschung f\u00fcr virtuelle Pflegeassistenten<\/span><\/h1>\n\n\n\n<figure class=\"gb-block-image gb-block-image-4d96b787\"><img loading=\"lazy\" decoding=\"async\" width=\"1456\" height=\"816\" class=\"gb-image gb-image-4d96b787\" src=\"https:\/\/www.sisinternational.com\/wp-content\/uploads\/2025\/08\/Virtual-nurse-1.jpg\" alt=\"SIS International Marktforschung &amp; Strategie\" title=\"Virtual nurse (1)\" srcset=\"https:\/\/www.sisinternational.com\/wp-content\/uploads\/2025\/08\/Virtual-nurse-1.jpg 1456w, https:\/\/www.sisinternational.com\/wp-content\/uploads\/2025\/08\/Virtual-nurse-1-300x168.jpg 300w, https:\/\/www.sisinternational.com\/wp-content\/uploads\/2025\/08\/Virtual-nurse-1-1024x574.jpg 1024w, https:\/\/www.sisinternational.com\/wp-content\/uploads\/2025\/08\/Virtual-nurse-1-768x430.jpg 768w, https:\/\/www.sisinternational.com\/wp-content\/uploads\/2025\/08\/Virtual-nurse-1-18x10.jpg 18w\" sizes=\"auto, (max-width: 1456px) 100vw, 1456px\"><\/figure>\n\n\n\n<p><\/p>\n\n\n\n<h2 class=\"wp-block-heading\"><span style=\"font-weight: 400;\">Wie Marktforschung der Gesundheitsbranche zugute kommt<\/span><\/h2>\n\n\n\n<p><span style=\"font-weight: 400;\">Die digitale Komponente des Gesundheitswesens entwickelt sich schnell zu einem technologischen Spezialgebiet, in dem \u00c4rzte, Krankenschwestern und Pflegehelfer eine wesentliche Rolle spielen. Der Fernzugriff auf die Gesundheitsversorgung er\u00f6ffnet viele M\u00f6glichkeiten. Patienten k\u00f6nnen jetzt ihre Gesundheit selbst verwalten. Sie ben\u00f6tigen jedoch weiterhin die professionelle Anleitung und \u00dcberwachung durch Gesundheitsdienstleister. <\/span><\/p>\n\n\n\n<ul class=\"wp-block-list\">\n<li><span style=\"font-weight: 400;\">How exactly are these professionals presenting the <a href=\"https:\/\/www.sisinternational.com\/de\/sachverstand\/branchen\/demographie-marktforschung\/\" title=\"Demografische Marktforschung\"  data-wpil-monitor-id=\"10913\">market to the target demographic<\/a>? <\/span><\/li>\n\n\n\n<li><span style=\"font-weight: 400;\">Wissen die Patienten von den virtuellen Diensten, die Sie anbieten? <\/span><\/li>\n\n\n\n<li><span style=\"font-weight: 400;\">Wissen die Patienten, welchen Nutzen ein virtueller Pflegeassistent f\u00fcr sie haben kann?&nbsp; <\/span><\/li>\n<\/ul>\n\n\n\n<p><span style=\"font-weight: 400;\">Bei der Beantwortung dieser Fragen spielt die Marktforschung eine entscheidende Rolle.<\/span><\/p>\n\n\n\n<h2 class=\"wp-block-heading\"><span style=\"font-weight: 400;\">Die richtige Marketingkampagne entwickeln<\/span><\/h2>\n\n\n\n<p><span style=\"font-weight: 400;\"><a href=\"https:\/\/www.sisinternational.com\/de\/sachverstand\/branchen\/computergestutzte-telefoninterviews-zur-marktforschung\/\" title=\"Computergest\u00fctzte telefonische Befragung Marktforschung\"  data-wpil-monitor-id=\"5777\">Market research generates data for virtual<\/a> nurse assistants and other professionals, which they can use to craft an appropriate marketing campaign targeting a specific demographic. Accurate <a href=\"https:\/\/www.sisinternational.com\/de\/sachverstand\/branchen\/datenerhebung-marktforschung\/\" title=\"Datenerhebung Marktforschung\"  data-wpil-monitor-id=\"10907\">data collection<\/a> and analysis are essential for creating marketing or advertising strategies that reach the correct demographic. The focus has to be on the demographic that health care services will benefit. Data collection is particularly important if the advertising <a href=\"https:\/\/www.sisinternational.com\/de\/integrierte-marketingstrategie-fur-eine-innovative-online-handelsplattform\/\" title=\"Marketingkampagne f\u00fcr eine innovative Online-Handelsplattform\"  data-wpil-monitor-id=\"10908\">campaign targets a niche market<\/a>. For example, the aim can be clients looking for the services of virtual nurse assistants. Without reliable research data, the wrong reports may drive the marketing campaign. This type of marketing could affect the efficacy of the campaign.<\/span><\/p>\n\n\n\n<h2 class=\"wp-block-heading\"><span style=\"font-weight: 400;\">Anbieterdaten glaubw\u00fcrdiger machen<\/span><\/h2>\n\n\n\n<p><span style=\"font-weight: 400;\">Accurate <a href=\"https:\/\/www.sisinternational.com\/de\/losungen\/fintech-strategieberatung-forschung\/bankdatenanalyse-marktforschung\/\" title=\"Marktforschung zur Bankdatenanalyse\"  data-wpil-monitor-id=\"10916\">data comes from sound research<\/a> techniques. This principle also holds in the health care industry. In healthcare, wrong or inaccurate data can pose a danger to human lives. Health care businesses should avail themselves of vigorous and reliable market research. They should ensure that the market researchers that they hire can produce accurate data. By publishing the study, they put themselves in a credible, trusted position. This position makes them more attractive to potential customers. Reliable data makes for better advertising. For example, you can show how hiring a virtual nursing assistant reduces emergency room visits. &nbsp;Virtual nursing assistants can use such data for several other purposes, such as promoting their services to house-bound or senior patients.<\/span><\/p>\n\n\n\n<h2 class=\"wp-block-heading\"><span style=\"font-weight: 400;\">Schaffung gezielter Gesundheitsdienstleistungen, die auf spezifische Bed\u00fcrfnisse zugeschnitten sind<\/span><\/h2>\n\n\n\n<p><span style=\"font-weight: 400;\">Marketing research not only focuses on how to present and deliver services. Survey results can also determine what kind of services a target population needs. A population is always more receptive to a <a href=\"https:\/\/www.sisinternational.com\/de\/losungen\/fintech-strategieberatung-forschung\/marktforschung-fur-finanzdienstleistungen\/\" title=\"Marktforschung f\u00fcr Finanzdienstleistungen\"  data-wpil-monitor-id=\"10909\">marketing campaign for a service<\/a> that they need. The reverse is also true. For example, it <a href=\"https:\/\/www.sisinternational.com\/de\/losungen\/branding-und-kundenforschungslosungen\/storytelling-marktforschung\/\" title=\"Storytelling Marktforschung\"  data-wpil-monitor-id=\"10911\">tells you where to market<\/a> senior home health care services. It also tells you that such a venture would not make sense in an area where the older population is less than 5%.<\/span><\/p>\n\n\n\n<h2 class=\"wp-block-heading\"><span style=\"font-weight: 400;\">Bleiben Sie \u00fcber Markttrends auf dem Laufenden<\/span><\/h2>\n\n\n\n<p><span style=\"font-weight: 400;\">Marktforschung sammelt Daten \u00fcber die Produkte und Dienstleistungen, die die Zielgruppe w\u00fcnscht. Sie liefert auch Informationen \u00fcber die beste Art der Lieferung f\u00fcr bestimmte Bev\u00f6lkerungsgruppen. Sie sagt Ihnen, welche Jahreszeit f\u00fcr eine bestimmte Kampagne am besten geeignet ist und dergleichen. All diese Daten k\u00f6nnen bei der Gestaltung effektiver und effizienter Kampagnen helfen. Diese Kampagnen sorgen f\u00fcr die gr\u00f6\u00dfte Aufmerksamkeit f\u00fcr ein neues Produkt oder eine neue Dienstleistung.<\/span><\/p>\n\n\n\n<h2 class=\"wp-block-heading\">\u00dcber Virtual Nurse Market Research<\/h2>\n\n\n\n<p><span style=\"font-weight: 400;\">Market research is crucial for any marketing campaign. We provide Qualitative, <a href=\"https:\/\/www.sisinternational.com\/de\/how-to-design-effective-surveys-for-quantitative-research\/\" title=\"How to Design Effective Surveys for Quantitative Research\"  data-wpil-monitor-id=\"10912\">Quantitative and Strategy Research<\/a>.&nbsp; Research ensures campaign efficacy and better use of resources. It also gives you a better connection to the target demographic and assures the delivery of services to the demographic that needs it most. This information on the customers you&#8217;re advertising to is the reason why the best companies make market research a priority. They do due diligence before making important <a href=\"https:\/\/www.sisinternational.com\/de\/veroffentlichungen\/skalierbare-geschaftsmarktforschung-7-moglichkeiten-zum-aufbau-eines-skalierbaren-geschafts\/\" title=\"Marktforschung f\u00fcr skalierbare Unternehmen: 7 M\u00f6glichkeiten zum Aufbau eines skalierbaren Unternehmens\"  data-wpil-monitor-id=\"10914\">marketing and business<\/a> decisions. If businesses want to succeed in the health care industry, they should follow suit.<\/span><\/p>\n\n\n\n<h2 class=\"wp-block-heading\"><a href=\"https:\/\/www.sisinternational.com\/de\/about-sis\/contact-sis-international-market-research\/\">Kontaktieren Sie uns f\u00fcr Ihren n\u00e4chsten <span style=\"font-weight: 400;\">Marktforschungsprojekt zum virtuellen Krankenpflegeassistenten.<\/span><\/a><\/h2>\n\n\n\n<p><\/p>","protected":false},"excerpt":{"rendered":"<p>Entdecken Sie, wie die Marktforschung f\u00fcr virtuelle Pflegeassistenten Ihre Produktivit\u00e4t steigern kann.<\/p>","protected":false},"author":1,"featured_media":64912,"parent":11294,"menu_order":49,"comment_status":"closed","ping_status":"closed","template":"","meta":{"footnotes":""},"class_list":["post-31732","page","type-page","status-publish","has-post-thumbnail"],"_links":{"self":[{"href":"https:\/\/www.sisinternational.com\/de\/wp-json\/wp\/v2\/pages\/31732","targetHints":{"allow":["GET"]}}],"collection":[{"href":"https:\/\/www.sisinternational.com\/de\/wp-json\/wp\/v2\/pages"}],"about":[{"href":"https:\/\/www.sisinternational.com\/de\/wp-json\/wp\/v2\/types\/page"}],"author":[{"embeddable":true,"href":"https:\/\/www.sisinternational.com\/de\/wp-json\/wp\/v2\/users\/1"}],"replies":[{"embeddable":true,"href":"https:\/\/www.sisinternational.com\/de\/wp-json\/wp\/v2\/comments?post=31732"}],"version-history":[{"count":6,"href":"https:\/\/www.sisinternational.com\/de\/wp-json\/wp\/v2\/pages\/31732\/revisions"}],"predecessor-version":[{"id":81785,"href":"https:\/\/www.sisinternational.com\/de\/wp-json\/wp\/v2\/pages\/31732\/revisions\/81785"}],"up":[{"embeddable":true,"href":"https:\/\/www.sisinternational.com\/de\/wp-json\/wp\/v2\/pages\/11294"}],"wp:featuredmedia":[{"embeddable":true,"href":"https:\/\/www.sisinternational.com\/de\/wp-json\/wp\/v2\/media\/64912"}],"wp:attachment":[{"href":"https:\/\/www.sisinternational.com\/de\/wp-json\/wp\/v2\/media?parent=31732"}],"curies":[{"name":"wp","href":"https:\/\/api.w.org\/{rel}","templated":true}]}}