{"id":31703,"date":"2019-05-22T01:57:37","date_gmt":"2019-05-22T01:57:37","guid":{"rendered":"https:\/\/www.sisinternational.com\/?page_id=31703"},"modified":"2025-09-13T21:44:44","modified_gmt":"2025-09-14T01:44:44","slug":"drohnen-marktforschung","status":"publish","type":"page","link":"https:\/\/www.sisinternational.com\/de\/sachverstand\/drohnen-marktforschung\/","title":{"rendered":"Drohnen-Marktforschung"},"content":{"rendered":"<h1 class=\"wp-block-heading\">Drohnen-Marktforschung<\/h1>\n\n\n\n<figure class=\"gb-block-image gb-block-image-f0d1028f\"><img loading=\"lazy\" decoding=\"async\" width=\"1456\" height=\"816\" class=\"gb-image gb-image-f0d1028f\" src=\"https:\/\/www.sisinternational.com\/wp-content\/uploads\/2025\/08\/Drone-11.jpg\" alt=\"SIS International Marktforschung &amp; Strategie\" title=\"Drone (11)\" srcset=\"https:\/\/www.sisinternational.com\/wp-content\/uploads\/2025\/08\/Drone-11.jpg 1456w, https:\/\/www.sisinternational.com\/wp-content\/uploads\/2025\/08\/Drone-11-300x168.jpg 300w, https:\/\/www.sisinternational.com\/wp-content\/uploads\/2025\/08\/Drone-11-1024x574.jpg 1024w, https:\/\/www.sisinternational.com\/wp-content\/uploads\/2025\/08\/Drone-11-768x430.jpg 768w, https:\/\/www.sisinternational.com\/wp-content\/uploads\/2025\/08\/Drone-11-18x10.jpg 18w\" sizes=\"auto, (max-width: 1456px) 100vw, 1456px\"><\/figure>\n\n\n\n<p><\/p>\n\n\n\n<h2 class=\"wp-block-heading\"><span style=\"font-weight: 400;\">Der Drohnenmarkt w\u00e4chst weltweit&nbsp;&nbsp;<\/span><\/h2>\n\n\n\n<p><span style=\"font-weight: 400;\">Dieses Wachstum ist auf die deutlich gestiegene Beliebtheit kommerzieller Drohnen zur\u00fcckzuf\u00fchren. Diese Maschinen k\u00f6nnen in verschiedenen Branchen eingesetzt werden.<\/span><\/p>\n\n\n\n<p><span style=\"font-weight: 400;\">Die hohe Nachfrage und die niedrigen Gr\u00fcndungskosten haben viele Drohnen-Startups ermutigt. Mehr Akteure bedeuten mehr Wettbewerb, was es schwieriger macht, ein Drohnen-Gesch\u00e4ft zu f\u00fchren.<\/span><\/p>\n\n\n\n<p><span style=\"font-weight: 400;\">To maintain a strong position in the drone market, startups rely on market research. It&#8217;s the best way to stay ahead of the competition. <a href=\"https:\/\/www.sisinternational.com\/de\/sachverstand\/branchen\/datenerhebung-marktforschung\/\" title=\"Datenerhebung Marktforschung\"  data-wpil-monitor-id=\"8040\">Market research is about collecting<\/a> and analyzing customer information. It helps you make your drone business the best it can be, which in turn enables you to increase revenue and sales.<\/span><\/p>\n\n\n\n<h2 class=\"wp-block-heading\">Marktforschung in der Drohnenindustrie<\/h2>\n\n\n\n<p><span style=\"font-weight: 400;\"><a href=\"https:\/\/www.sisinternational.com\/de\/top-5-benefits-of-conducting-quantitative-market-research\/\" title=\"Top 5 Benefits of Conducting Quantitative Market Research\"  data-wpil-monitor-id=\"8035\">Quantitative Marktforschung<\/a> analyzes hard facts and statistics. This type of research is necessary to improve your products and services. It involves the large-scale collection of numerical data and statistics. <a href=\"https:\/\/www.sisinternational.com\/de\/quantitative-market-research-methods-and-techniques\/\" title=\"Quantitative Market Research Methods and Techniques\"  data-wpil-monitor-id=\"8043\">Quantitative researchers use methods<\/a> such as surveys, polls, and many short interviews. They also use experiments, telephone interviews, emails, and observational research.<\/span><\/p>\n\n\n\n<p><span style=\"font-weight: 400;\"><a href=\"https:\/\/www.sisinternational.com\/de\/tools-and-resources-for-qualitative-market-research\/\" title=\"Tools and Resources for Qualitative Market Research\"  data-wpil-monitor-id=\"8037\">Qualitative Marktforschung<\/a> discovers your customers&#8217; needs. It also measures their activities, attitude, and reactions toward your products and services. It determines what your customers feel about your products. It tells you their expectations of your business. Research reveals their attitudes towards your competitors, and what influences their buying decisions. <a href=\"https:\/\/www.sisinternational.com\/de\/sampling-techniques-in-qualitative-research-the-complete-guide-to-choosing-the-right-method\/\" title=\"Sampling Techniques in Qualitative Research: The Complete Guide to Choosing the Right Method\"  data-wpil-monitor-id=\"8044\">Qualitative researchers<\/a> use unstructured observation and review methods. For example, they use focus groups, group discussions, and in-depth interviews.<\/span><\/p>\n\n\n\n<p><span style=\"font-weight: 400;\"><a href=\"https:\/\/www.sisinternational.com\/de\/sachverstand\/branchen\/industrielle-marktforschung\/\" title=\"Industrielle Marktforschung und Strategie\"  data-wpil-monitor-id=\"8041\">Market research in the drone industry<\/a> offers you superior customer intelligence. It can help startups to project business growth and give them data-driven insights. Here are six reasons why you need market research for your drone enterprise:<\/span><\/p>\n\n\n\n<h2 class=\"wp-block-heading\">Es hilft Ihnen, Ihre Nische zu finden<\/h2>\n\n\n\n<p><span style=\"font-weight: 400;\">Eine Nische ist ein bestimmtes Segment, auf das sich ein Unternehmen konzentriert. Machen Sie keine Gesch\u00e4fte auf dem Drohnenmarkt, ohne Ihre Nische zu identifizieren. Das ist wie ein Schuss ins Blaue. Jede m\u00f6gliche Branche verwendet Drohnen in den unterschiedlichsten Rollen. Menschen nutzen sie in der Landwirtschaft, im Bauwesen, bei der \u00dcberwachung, f\u00fcr Luftbildfotografie und Videos. Sie sind auch n\u00fctzlich f\u00fcr die Verkehrs\u00fcberwachung, Energie, Freizeitaktivit\u00e4ten und vieles mehr.<\/span><\/p>\n\n\n\n<p><span style=\"font-weight: 400;\">Sie m\u00fcssen eine genaue Vorstellung davon haben, welche Produkte und Dienstleistungen Ihr Unternehmen anbietet. Beispielsweise k\u00f6nnten in Ihrer Gegend viele Landwirte leben, die sich f\u00fcr eine wissenschaftlichere Form der Landwirtschaft interessieren. Alternativ k\u00f6nnten mehrere Immobilienmakler Immobilienfotografie ben\u00f6tigen.<\/span><\/p>\n\n\n\n<p><span style=\"font-weight: 400;\">Drohnen-Marktforschung bestimmt Ihr profitabelstes Marktsegment. Sie testet Ihre Produkte, um herauszufinden, was den Kunden Schmerzen, Probleme und W\u00fcnsche bereitet. Sie hilft Ihnen zu erkennen, welche Probleme Ihr Unternehmen zu l\u00f6sen versucht. Sie finden heraus, was Ihren Kunden wichtig ist, und pr\u00fcfen die G\u00fcltigkeit Ihres Nischenmarktes.<\/span><\/p>\n\n\n\n<h2 class=\"wp-block-heading\">Es hilft Ihnen, Ihre Zielgruppe zu definieren<\/h2>\n\n\n\n<figure class=\"gb-block-image gb-block-image-20e69da2\"><img loading=\"lazy\" decoding=\"async\" width=\"1456\" height=\"816\" class=\"gb-image gb-image-20e69da2\" src=\"https:\/\/www.sisinternational.com\/wp-content\/uploads\/2025\/08\/Drone-8.jpg\" alt=\"SIS International Marktforschung &amp; Strategie\" title=\"Drone (8)\" srcset=\"https:\/\/www.sisinternational.com\/wp-content\/uploads\/2025\/08\/Drone-8.jpg 1456w, https:\/\/www.sisinternational.com\/wp-content\/uploads\/2025\/08\/Drone-8-300x168.jpg 300w, https:\/\/www.sisinternational.com\/wp-content\/uploads\/2025\/08\/Drone-8-1024x574.jpg 1024w, https:\/\/www.sisinternational.com\/wp-content\/uploads\/2025\/08\/Drone-8-768x430.jpg 768w, https:\/\/www.sisinternational.com\/wp-content\/uploads\/2025\/08\/Drone-8-18x10.jpg 18w\" sizes=\"auto, (max-width: 1456px) 100vw, 1456px\"><\/figure>\n\n\n\n<p><\/p>\n\n\n\n<p><span style=\"font-weight: 400;\">Ihre Zielgruppe ist die Gruppe von Kunden, die Ihr Unternehmen bedienen m\u00f6chte. Diese Zielgruppe hat normalerweise \u00e4hnliche Bed\u00fcrfnisse. Durch qualitative Forschung k\u00f6nnen Sie Verbraucher identifizieren, die am meisten an Ihren Produkten\/Dienstleistungen interessiert sind. Sie identifiziert die spezifischen Personen, die eher bei Ihnen als bei anderen Unternehmen auf dem Markt kaufen.<\/span><\/p>\n\n\n\n<p><span style=\"font-weight: 400;\">Sie k\u00f6nnen Personen kategorisieren, die Ihre Produkte eher kaufen. Die meisten Vermarkter verwenden Faktoren wie Standort, Alter und Einkommensniveau. Sie ber\u00fccksichtigen auch Lebensstil, Einstellungen, Interessen, Hobbys und vieles mehr.<\/span><\/p>\n\n\n\n<p><span style=\"font-weight: 400;\">Identifying your target audience helps you to understand them better. Once you know your buyers, you can cater to their needs. You&#8217;ll see how your drones fit into your customers&#8217; life. You&#8217;ll also find out what they find appealing and how they will use the product. Furthermore, <a href=\"https:\/\/www.sisinternational.com\/de\/us-veteranen-marktforschung-2\/\" title=\"Marktforschung f\u00fcr US-Veteranen\"  data-wpil-monitor-id=\"8034\">market research ensures you effective communication strategies<\/a> for your target market.<\/span><\/p>\n\n\n\n<h2 class=\"wp-block-heading\">Es erh\u00f6ht Ihren Marktanteil<\/h2>\n\n\n\n<p><span style=\"font-weight: 400;\">Durch Recherche k\u00f6nnen Sie Ihre Nische und Ihren Zielmarkt finden. Sie kann Ihnen auch dabei helfen, einen effektiven Marketingplan zu entwickeln, der Ihnen einen gr\u00f6\u00dferen Marktanteil verschafft.<\/span><\/p>\n\n\n\n<p><span style=\"font-weight: 400;\">Ihr Marketingplan kann den Erfolg Ihres Drohnengesch\u00e4fts entscheidend beeinflussen. <\/span><\/p>\n\n\n\n<p><span style=\"font-weight: 400;\">Mithilfe von Drohnenmarktforschung k\u00f6nnen Sie erreichbare Ziele festlegen und neue Marktchancen erkennen. Au\u00dferdem k\u00f6nnen Sie so neue Expansionsbereiche erkennen.<\/span><\/p>\n\n\n\n<h2 class=\"wp-block-heading\">Es zeigt Ihnen die sich \u00e4ndernden Trends auf dem Drohnenmarkt<\/h2>\n\n\n\n<p><span style=\"font-weight: 400;\">Die Drohnentechnologie hat rasante Fortschritte gemacht. Sie ist ein Beispiel daf\u00fcr, wie sich Markttrends in der Branche \u00e4ndern. Marktforschung kann Ihnen helfen, neue Trends auf dem Markt zu erkennen. Sie hilft Ihnen, Ideen mit Gewinnpotenzial zu entwickeln, bevor Ihre Konkurrenz es zul\u00e4sst.<\/span><\/p>\n\n\n\n<h2 class=\"wp-block-heading\">Es minimiert Risiken und Verluste<\/h2>\n\n\n\n<p><span style=\"font-weight: 400;\">In the current business climate, startups must protect themselves from loss. Qualitative and <a href=\"https:\/\/www.sisinternational.com\/de\/top-5-benefits-of-qualitative-market-research-for-businesses\/\" title=\"Top 5 Benefits of Qualitative Market Research for Businesses\"  data-wpil-monitor-id=\"8038\">qualitative Marktforschung<\/a> is a boon for business owners. It helps remove costly assumptions in your business.<\/span><\/p>\n\n\n\n<h2 class=\"wp-block-heading\">Es verbessert die Wettbewerbsanalyse<\/h2>\n\n\n\n<p><span style=\"font-weight: 400;\">The market research also involves competitive research (or competitive analysis). It consists of collecting and analyzing information about rival companies in the market. It helps you to create a competitive advantage. How? Because you will now know what your rivals are offering. You&#8217;ll also know how successful they are and which of their marketing efforts are failing. It pays to identify the strengths and weaknesses of your competitors&#8217; products. It helps you improve your products\/services to stand out from the rest.<\/span><\/p>\n\n\n\n<h2 class=\"wp-block-heading\">\u00dcber Drone Market Research<\/h2>\n\n\n\n<p><span style=\"font-weight: 400;\">Der Drohnenmarkt ist ein spannender, wachsender Markt. Drohnenmarktforschung ist eine gro\u00dfartige Ressource, die spezifische Empfehlungen liefert. Sie wird Ihre Verk\u00e4ufe und Einnahmen steigern. Sie wird Ihnen helfen, fundierte Entscheidungen zu treffen. Sie werden auch in der Lage sein, Ihren Mitbewerbern einen Schritt voraus zu sein und ein erfolgreiches Drohnenunternehmen aufzubauen.<\/span><\/p>\n\n\n\n<p><\/p>","protected":false},"excerpt":{"rendered":"<p>Entdecken Sie, wie Sie Ihr n\u00e4chstes Drohnenmarktforschungsprojekt starten k\u00f6nnen.<\/p>","protected":false},"author":1,"featured_media":64467,"parent":14514,"menu_order":47,"comment_status":"closed","ping_status":"closed","template":"","meta":{"footnotes":""},"class_list":["post-31703","page","type-page","status-publish","has-post-thumbnail"],"_links":{"self":[{"href":"https:\/\/www.sisinternational.com\/de\/wp-json\/wp\/v2\/pages\/31703","targetHints":{"allow":["GET"]}}],"collection":[{"href":"https:\/\/www.sisinternational.com\/de\/wp-json\/wp\/v2\/pages"}],"about":[{"href":"https:\/\/www.sisinternational.com\/de\/wp-json\/wp\/v2\/types\/page"}],"author":[{"embeddable":true,"href":"https:\/\/www.sisinternational.com\/de\/wp-json\/wp\/v2\/users\/1"}],"replies":[{"embeddable":true,"href":"https:\/\/www.sisinternational.com\/de\/wp-json\/wp\/v2\/comments?post=31703"}],"version-history":[{"count":4,"href":"https:\/\/www.sisinternational.com\/de\/wp-json\/wp\/v2\/pages\/31703\/revisions"}],"predecessor-version":[{"id":68439,"href":"https:\/\/www.sisinternational.com\/de\/wp-json\/wp\/v2\/pages\/31703\/revisions\/68439"}],"up":[{"embeddable":true,"href":"https:\/\/www.sisinternational.com\/de\/wp-json\/wp\/v2\/pages\/14514"}],"wp:featuredmedia":[{"embeddable":true,"href":"https:\/\/www.sisinternational.com\/de\/wp-json\/wp\/v2\/media\/64467"}],"wp:attachment":[{"href":"https:\/\/www.sisinternational.com\/de\/wp-json\/wp\/v2\/media?parent=31703"}],"curies":[{"name":"wp","href":"https:\/\/api.w.org\/{rel}","templated":true}]}}