{"id":31667,"date":"2019-05-18T22:19:40","date_gmt":"2019-05-18T22:19:40","guid":{"rendered":"https:\/\/www.sisinternational.com\/?page_id=31667"},"modified":"2026-01-25T17:07:47","modified_gmt":"2026-01-25T22:07:47","slug":"it-entscheider-marktforschung","status":"publish","type":"page","link":"https:\/\/www.sisinternational.com\/de\/losungen\/fintech-strategieberatung-forschung\/it-entscheider-marktforschung\/","title":{"rendered":"Marktforschung f\u00fcr IT-Entscheider"},"content":{"rendered":"<h1 class=\"wp-block-heading\">Marktforschung f\u00fcr IT-Entscheider<\/h1>\n\n\n\n<figure class=\"gb-block-image gb-block-image-08397f79\"><img loading=\"lazy\" decoding=\"async\" width=\"1456\" height=\"816\" class=\"gb-image gb-image-08397f79\" src=\"https:\/\/www.sisinternational.com\/wp-content\/uploads\/2025\/08\/Tech-15.jpg\" alt=\"SIS International Marktforschung &amp; Strategie\" title=\"Tech (15)\" srcset=\"https:\/\/www.sisinternational.com\/wp-content\/uploads\/2025\/08\/Tech-15.jpg 1456w, https:\/\/www.sisinternational.com\/wp-content\/uploads\/2025\/08\/Tech-15-300x168.jpg 300w, https:\/\/www.sisinternational.com\/wp-content\/uploads\/2025\/08\/Tech-15-1024x574.jpg 1024w, https:\/\/www.sisinternational.com\/wp-content\/uploads\/2025\/08\/Tech-15-768x430.jpg 768w, https:\/\/www.sisinternational.com\/wp-content\/uploads\/2025\/08\/Tech-15-18x10.jpg 18w\" sizes=\"auto, (max-width: 1456px) 100vw, 1456px\"><\/figure>\n\n\n\n<hr class=\"wp-block-separator has-alpha-channel-opacity is-style-dots\"\/>\n\n\n\n<p><span style=\"font-weight: 400;\">IT decision maker market research is a systematic approach to understanding the behaviors, preferences, and challenges faced by individuals responsible for an organization&#8217;s technological direction and investments.&nbsp;<\/span><\/p>\n\n\n\n<h2 class=\"wp-block-heading\">Was ist IT-Entscheidungstr\u00e4gerforschung?<\/h2>\n\n\n\n<p><span style=\"font-weight: 400;\">Die Marktforschung f\u00fcr IT-Entscheidungstr\u00e4ger befasst sich mit der Psyche von CIOs, CTOs, IT-Managern und anderen Schl\u00fcsselpersonen, die IT-Budgets festlegen, Anbieter ausw\u00e4hlen und die IT-Strategie entwickeln, die mit den Zielen und Vorgaben des Unternehmens \u00fcbereinstimmt. <\/span><span style=\"font-weight: 400;\">In IT decision maker research, we conduct research with professionals at companies who influence purchasing and decision making in the company.&nbsp; This insight is very valuable and can provide the catalyst to make key decisions.&nbsp; <\/span><span style=\"font-weight: 400;\">IT-Unternehmen m\u00fcssen mit Technologieentscheidern sprechen, um:<\/span><\/p>\n\n\n\n<ul class=\"wp-block-list\">\n<li><span style=\"font-weight: 400;\">um die Vorlieben und Schwachstellen von Entscheidungstr\u00e4gern in Unternehmen zu verstehen. <\/span><\/li>\n\n\n\n<li><span style=\"font-weight: 400;\">um Kaufprozesse, Customer Journeys und Muster zu verstehen<\/span><\/li>\n\n\n\n<li><span style=\"font-weight: 400;\">zum Testen neuer Produkte, Werbekampagnen, Websites und Konzepte<\/span><\/li>\n\n\n\n<li><span style=\"font-weight: 400;\">um sich \u00e4ndernde Markttrends zu verstehen<\/span><\/li>\n\n\n\n<li>um neue M\u00f6glichkeiten und Wettbewerbsbewegungen aufzudecken<\/li>\n<\/ul>\n\n\n\n<h2 class=\"wp-block-heading\"><strong>Warum Unternehmen Marktforschung f\u00fcr IT-Entscheidungstr\u00e4ger ben\u00f6tigen<\/strong><\/h2>\n\n\n\n<p><span style=\"font-weight: 400;\">Mithilfe der Marktforschung f\u00fcr IT-Entscheidungstr\u00e4ger k\u00f6nnen Unternehmen Bedarfe voraussehen, \u00c4nderungen der Nachfrage vorhersagen und den Entscheidungsprozess verstehen, den IT-Leiter bei der Bewertung von L\u00f6sungen durchlaufen.<\/span><\/p>\n\n\n\n<p><span style=\"font-weight: 400;\">This research equips technology vendors and service providers with the knowledge to craft compelling value propositions that resonate with IT leaders, ensuring that their solutions align with the market&#8217;s pain points and aspirations. Moreover, by understanding the decision-making hierarchy within organizations, vendors can tailor their engagement strategies to the right stakeholders, enhancing the effectiveness of sales and marketing efforts.<\/span><\/p>\n\n\n\n<p><span style=\"font-weight: 400;\">Dar\u00fcber hinaus wird die Marktforschung von IT-Entscheidern in die Roadmaps zur Produktentwicklung einflie\u00dfen. Indem Unternehmen wissen, was IT-F\u00fchrungskr\u00e4fte heute brauchen \u2013 und vorhersagen, was sie morgen brauchen \u2013 k\u00f6nnen sie ihre F&amp;E-Ressourcen effizienter einsetzen und so sicherstellen, dass ihre Produkte relevant und wettbewerbsf\u00e4hig bleiben. Dar\u00fcber hinaus bietet sie noch viele weitere Vorteile, darunter:&nbsp;<\/span><\/p>\n\n\n\n<ul class=\"wp-block-list\">\n<li><b> Verbesserte Produktausrichtung:<\/b><span style=\"font-weight: 400;\"> By understanding the priorities and challenges of IT decision makers, businesses can tailor their products and services to better meet the market&#8217;s needs.&nbsp;<\/span><\/li>\n\n\n\n<li><b> Wettbewerbsdifferenzierung:<\/b><span style=\"font-weight: 400;\"> In einem Umfeld, in dem Differenzierung von entscheidender Bedeutung ist, k\u00f6nnen Unternehmen mithilfe von Erkenntnissen aus der Marktforschung Alleinstellungsmerkmale und Wertangebote identifizieren, die sie in den Augen von IT-Entscheidungstr\u00e4gern von der Konkurrenz abheben.<\/span><\/li>\n\n\n\n<li><b> Risikominderung:<\/b><span style=\"font-weight: 400;\"> A deep understanding of market trends and IT decision-making processes helps anticipate industry shifts, allowing companies to pivot and adapt their strategies proactively and thus reducing business risk.<\/span><\/li>\n\n\n\n<li><b> Informierte Anlageentscheidungen:<\/b><span style=\"font-weight: 400;\"> Durch Marktforschung f\u00fcr IT-Entscheidungstr\u00e4ger k\u00f6nnen Unternehmen erkennen, wo sie ihre Ressourcen investieren sollten. So wird sichergestellt, dass die Ausgaben f\u00fcr Produktentwicklung und Marketing auf die Bereiche mit dem h\u00f6chsten Renditepotenzial gelenkt werden.<\/span><\/li>\n\n\n\n<li><b> Gr\u00f6\u00dfere Marktdurchdringung:<\/b><span style=\"font-weight: 400;\"> By clearly understanding the IT decision-making landscape, companies can identify new opportunities and untapped markets, paving the way for expansion and growth.<\/span><\/li>\n<\/ul>\n\n\n\n<h2 class=\"wp-block-heading\"><strong>Wer nutzt Marktforschung f\u00fcr IT-Entscheidungstr\u00e4ger?<\/strong><\/h2>\n\n\n\n<figure class=\"gb-block-image gb-block-image-f8ace60f\"><img loading=\"lazy\" decoding=\"async\" width=\"1456\" height=\"816\" class=\"gb-image gb-image-f8ace60f\" src=\"https:\/\/www.sisinternational.com\/wp-content\/uploads\/2025\/08\/Creativity-3.jpg\" srcset=\"https:\/\/www.sisinternational.com\/wp-content\/uploads\/2025\/08\/Creativity-3.jpg 1456w, https:\/\/www.sisinternational.com\/wp-content\/uploads\/2025\/08\/Creativity-3-300x168.jpg 300w, https:\/\/www.sisinternational.com\/wp-content\/uploads\/2025\/08\/Creativity-3-1024x574.jpg 1024w, https:\/\/www.sisinternational.com\/wp-content\/uploads\/2025\/08\/Creativity-3-768x430.jpg 768w, https:\/\/www.sisinternational.com\/wp-content\/uploads\/2025\/08\/Creativity-3-18x10.jpg 18w\" sizes=\"auto, (max-width: 1456px) 100vw, 1456px\" alt=\"SIS International Marktforschung &amp; Strategie\"><\/figure>\n\n\n\n<p><\/p>\n\n\n\n<p><b>Technologieanbieter und Dienstleister<\/b><span style=\"font-weight: 400;\"> utilize this research to understand IT leaders&#8217; needs, pain points, and decision-making criteria. They use these insights to refine product features, develop targeted marketing campaigns, and create sales strategies that speak directly to the concerns and aspirations of IT decision makers.<\/span><\/p>\n\n\n\n<p><span style=\"font-weight: 400;\">Dar\u00fcber hinaus<\/span><b>Investoren und Finanzanalysten<\/b><span style=\"font-weight: 400;\"> Nutzen Sie diese Forschung, um die Zukunftsf\u00e4higkeit und den zuk\u00fcnftigen Erfolg von Technologieunternehmen einzusch\u00e4tzen. Durch das Verst\u00e4ndnis der Trends und Vorlieben innerhalb der IT-Entscheidungsgemeinschaft k\u00f6nnen Sie fundiertere Vorhersagen dar\u00fcber treffen, welche Unternehmen wahrscheinlich Erfolg haben werden und welche m\u00f6glicherweise scheitern.<\/span><\/p>\n\n\n\n<p><span style=\"font-weight: 400;\">Zuletzt, <\/span><b>IT-Entscheider<\/b><span style=\"font-weight: 400;\"> von dieser Forschung profitieren. Durch die Teilnahme an und den Zugriff auf die Ergebnisse der Marktforschung k\u00f6nnen sie ihre Prozesse und Entscheidungen mit breiteren Branchentrends vergleichen und so sicherstellen, dass ihre Ans\u00e4tze aktuell und wettbewerbsf\u00e4hig bleiben.<\/span><\/p>\n\n\n\n<h2 class=\"wp-block-heading\"><strong>Was Sie von der Marktforschung f\u00fcr IT-Entscheidungstr\u00e4ger erwarten k\u00f6nnen<\/strong><\/h2>\n\n\n\n<p><span style=\"font-weight: 400;\">Organisationen, die eine Marktforschung zu IT-Entscheidungstr\u00e4gern durchf\u00fchren, k\u00f6nnen davon ausgehen, dass sie Richtlinien f\u00fcr die strategische Planung und Umsetzung erhalten, die die Komplexit\u00e4t der IT-Entscheidungsfindung in der Unternehmenswelt widerspiegeln.<\/span><\/p>\n\n\n\n<p><b> \u2022 Comprehensive <\/b><a href=\"https:\/\/www.sisinternational.com\/de\/abdeckung\/marktforschung-asien\/philippinische-marktforschung\/\" title=\"Philippinische Marktforschung\"  data-wpil-monitor-id=\"4007\">Market Understanding: The research<\/a> provides a thorough overview of the current IT landscape from the perspective of those making the purchasing decisions. It reveals how IT leaders perceive different technologies and solutions, and which factors they consider most critical when making decisions.<\/span><\/p>\n\n\n\n<p><b> \u2022 Identifizierung der wichtigsten Entscheidungsfaktoren:<\/b><span style=\"font-weight: 400;\"> It is crucial to understand what motivates IT decision-makers. Market research identifies these key drivers, which may include cost, scalability, integration capabilities, vendor reputation, and the potential for competitive advantage.<\/span><\/p>\n\n\n\n<p><b> \u2022 Wettbewerbsanalyse: <\/b><span style=\"font-weight: 400;\">The research offers insights into how competitors are perceived by IT decision makers. This includes not just product comparisons but also reputations, service quality, and thought leadership within the industry.<\/span><\/p>\n\n\n\n<p><b> \u2022 Neue Trends: <\/b><span style=\"font-weight: 400;\">Die Marktforschung von IT-Entscheidern beleuchtet neue Trends und Technologien, die an Bedeutung gewinnen. Diese zukunftsweisenden Informationen sind von unsch\u00e4tzbarem Wert, um immer einen Schritt voraus zu sein und auf Nachfrage\u00e4nderungen vorbereitet zu sein.<\/span><\/p>\n\n\n\n<p><b>\u2022 Hindernisse bei der Einf\u00fchrung: <\/b><span style=\"font-weight: 400;\">&nbsp;Die Forschung deckt h\u00e4ufig Herausforderungen und Hindernisse auf, mit denen IT-Entscheidungstr\u00e4ger bei der Einf\u00fchrung neuer Technologien konfrontiert sind. Diese Erkenntnisse helfen Unternehmen dabei, Bedenken proaktiv anzugehen und ihre Angebote zu verbessern.<\/span><\/p>\n\n\n\n<h2 class=\"wp-block-heading\"><strong>Wichtige \u00dcberlegungen bei der Entscheidungsfindung im IT-Marketing<\/strong><\/h2>\n\n\n\n<figure class=\"gb-block-image gb-block-image-5c488f22\"><img loading=\"lazy\" decoding=\"async\" width=\"1456\" height=\"816\" class=\"gb-image gb-image-5c488f22\" src=\"https:\/\/www.sisinternational.com\/wp-content\/uploads\/2025\/08\/Creativity-19.jpg\" alt=\"SIS International Marktforschung &amp; Strategie\" title=\"Creativity (19)\" srcset=\"https:\/\/www.sisinternational.com\/wp-content\/uploads\/2025\/08\/Creativity-19.jpg 1456w, https:\/\/www.sisinternational.com\/wp-content\/uploads\/2025\/08\/Creativity-19-300x168.jpg 300w, https:\/\/www.sisinternational.com\/wp-content\/uploads\/2025\/08\/Creativity-19-1024x574.jpg 1024w, https:\/\/www.sisinternational.com\/wp-content\/uploads\/2025\/08\/Creativity-19-768x430.jpg 768w, https:\/\/www.sisinternational.com\/wp-content\/uploads\/2025\/08\/Creativity-19-18x10.jpg 18w\" sizes=\"auto, (max-width: 1456px) 100vw, 1456px\"><\/figure>\n\n\n\n<p><\/p>\n\n\n\n<p><span style=\"font-weight: 400;\">IT decision-makers must base any marketing plan on the core fundamentals. It&#8217;s important to have access, skilled recruited, respect for the respondent&#8217;s time and an efficient methodology.&nbsp; Key topics in ITDM research can include questions about:<\/span><\/p>\n\n\n\n<ul class=\"wp-block-list\">\n<li><b>Produkt: <\/b><span style=\"font-weight: 400;\">Unternehmen m\u00fcssen entscheiden, welche Produkte sie in Zukunft anbieten wollen.<\/span><\/li>\n\n\n\n<li><b>Preis:<\/b><span style=\"font-weight: 400;\"> Product pricing plays a vital role in a customer\u2019s buying decision.&nbsp;<\/span><\/li>\n\n\n\n<li><b>Ort:<\/b><span style=\"font-weight: 400;\">&nbsp;Im Marketing-Sinne bezieht sich \u201eOrt\u201c auf den Vertrieb des Produkts.<\/span><\/li>\n\n\n\n<li><b>Werbeaktionen:<\/b><span style=\"font-weight: 400;\">&nbsp;Die Unternehmensleitung muss dar\u00fcber nachdenken, wie sie anderen \u00fcber das Produkt kommuniziert.<\/span><\/li>\n<\/ul>\n\n\n\n<h2 class=\"wp-block-heading\"><strong>Aktuelle Trends in der Marktforschung f\u00fcr IT-Entscheider<\/strong><\/h2>\n\n\n\n<p><span style=\"font-weight: 400;\">Die Landschaft der Marktforschung f\u00fcr IT-Entscheidungstr\u00e4ger entwickelt sich st\u00e4ndig weiter und spiegelt die dynamische Natur von Technologie und Gesch\u00e4ft wider. Hier sind einige der aktuellen Trends in diesem Bereich:&nbsp;<\/span><\/p>\n\n\n\n<p><b> \u2022 Einfluss von KI und maschinellem Lernen: <\/b><span style=\"font-weight: 400;\">AI and machine learning (ML) are being used to analyze market research data more efficiently and accurately.<\/span><\/p>\n\n\n\n<p><b> \u2022 The Rise of <\/b><a href=\"https:\/\/www.sisinternational.com\/de\/sachverstand\/branchen\/devops-marktforschung\/\" title=\"DevOps-Marktforschung\"  data-wpil-monitor-id=\"6106\">DevOps and Agile Methodologies: Research<\/a> indicates a shift in how IT decision makers are approaching project management and software development, with a growing lean towards Agile and DevOps cultures.<\/span><\/p>\n\n\n\n<p><b> - <\/b><a href=\"https:\/\/www.sisinternational.com\/de\/sachverstand\/branchen\/cloud-computing-marktforschung\/\" title=\"Cloud Computing Marktforschung\"  data-wpil-monitor-id=\"3679\">Cloud Computing Adoption: Market research<\/a> continues to monitor the accelerating shift towards cloud services, assessing IT decision makers&#8217; preferences between public, private, and hybrid cloud solutions.<\/span><\/p>\n\n\n\n<p><b> \u2022 Nachhaltigkeit und Unternehmensverantwortung:<\/b><span style=\"font-weight: 400;\"> IT decision makers are increasingly factoring in vendors&#8217; environmental impact and sustainability practices into their purchasing decisions.<\/span><\/p>\n\n\n\n<p><b> \u2022 Integration des Internet der Dinge (IoT): <\/b><span style=\"font-weight: 400;\">As IoT devices proliferate, research delves into how IT leaders plan to integrate these technologies into their existing infrastructures.<\/span><\/p>\n\n\n\n<h2 class=\"wp-block-heading\"><strong>M\u00f6glichkeiten in der Marktforschung f\u00fcr IT-Entscheider&nbsp;<\/strong><\/h2>\n\n\n\n<p><span style=\"font-weight: 400;\">The insights derived from IT decision maker market research can unlock many opportunities for businesses operating within the technology sector. Here are some key areas where companies can leverage this research to their advantage:<\/span><\/p>\n\n\n\n<p><b> \u2022 Strategische Positionierung:<\/b><span style=\"font-weight: 400;\"> Mithilfe von Marktforschung k\u00f6nnen Unternehmen Nischenm\u00e4rkte oder Sektoren identifizieren, die m\u00f6glicherweise unterversorgt sind. Durch eine strategische Positionierung in diesen Bereichen k\u00f6nnen Unternehmen neue Marktsegmente erobern und sich von der Konkurrenz abheben.<\/span><\/p>\n\n\n\n<p><b> \u2022 Vordenkertum:<\/b><span style=\"font-weight: 400;\"> Indem sie sich \u00fcber aktuelle und aufkommende Trends informieren, k\u00f6nnen sich Unternehmen als Vordenker in der Branche etablieren. Die Ver\u00f6ffentlichung aufschlussreicher Inhalte auf der Grundlage von Marktforschung kann die Aufmerksamkeit von IT-Entscheidungstr\u00e4gern erregen und die Glaubw\u00fcrdigkeit der Marke st\u00e4rken.<\/span><\/p>\n\n\n\n<p><b> \u2022 Partnerschaft und Zusammenarbeit:<\/b><span style=\"font-weight: 400;\"> Das Verst\u00e4ndnis des \u00d6kosystems, in dem IT-Entscheidungstr\u00e4ger agieren, kann Unternehmen dabei helfen, potenzielle Partner und Kooperationspartner zu identifizieren, die ihr Produktangebot verbessern und ihre Marktreichweite vergr\u00f6\u00dfern k\u00f6nnen.<\/span><\/p>\n\n\n\n<p><b> \u2022 Preispolitik:<\/b><span style=\"font-weight: 400;\"> Market research can reveal how much value IT decision makers place on different features and services, enabling businesses to structure their pricing to meet market expectations and maximize revenue.<\/span><\/p>\n\n\n\n<h2 class=\"wp-block-heading\"><strong>Benefits of IT Decision Maker Market Research<\/strong><\/h2>\n\n\n\n<ul class=\"wp-block-list\">\n<li>Hilft Ihnen, bessere Produkte zu iterieren und zu entwickeln<\/li>\n\n\n\n<li><span style=\"font-weight: 400;\">Reduziert das Risiko<\/span><\/li>\n\n\n\n<li>Identifiziert besser das am besten geeignete Zielsegment<\/li>\n\n\n\n<li>Steigern Sie ROI, Produktivit\u00e4t und ROE<\/li>\n\n\n\n<li>Entdecken Sie die Kaufprozesse Ihrer Kunden, um die Verkaufseffizienz zu verbessern<\/li>\n\n\n\n<li>Verstehen Sie Preise, Preissensibilit\u00e4t und Zahlungsbereitschaft<\/li>\n\n\n\n<li>Entdecken Sie neue Marktchancen<\/li>\n\n\n\n<li>Erreichen Sie betriebliche Effizienz<\/li>\n\n\n\n<li>Maximiert den Umsatz<\/li>\n\n\n\n<li>Bessere Vorhersage der Marktnachfrage<\/li>\n\n\n\n<li>Schafft Einfluss und sorgt f\u00fcr Begeisterung bei der Einf\u00fchrung neuer Produkte<\/li>\n<\/ul>\n\n\n\n<h2 class=\"wp-block-heading\">IT DM-Marktforschung in den USA und Kanada<\/h2>\n\n\n\n<p>We conduct IT Decision Market Research Research across the US.&nbsp; We have a Focus Group Facility in Manhattan NYC, where we often conduct high-level workshops and Focus Groups with senior technology decision makers.&nbsp; We also have conducted significant ITDM <a class=\"wpil_keyword_link\" href=\"https:\/\/www.sisinternational.com\/de\/abdeckung\/die-amerikaner\/usa-berichterstattung\/marktforschung-san-francisco\/\"   title=\"Marktforschung in San Francisco\" data-wpil-keyword-link=\"linked\"  data-wpil-monitor-id=\"451\">Marktforschung in San Francisco<\/a>, Seattle, Boston, Los Angeles, Chicago, and Washington DC.<\/p>\n\n\n\n<h2 class=\"wp-block-heading\"><strong>IT Decision Maker Market Research in Australia &amp; New Zealand<\/strong><\/h2>\n\n\n\n<p>We have conducted extensive research in Australia through Tele-depth Interviews (TDIs &amp; IDIs). We can also connect you with technology managers through web meetings. Often, we are tasked with finding highly targeted Decision-Makers based on purchasing behavior, firm size, and industry sector. We can analyze intent to purchase, price sensitivity, customer journey, and firm decision-making processes.<\/p>\n\n\n\n<h2 class=\"wp-block-heading\"><strong>IT Decision Maker Market Research in the UK and Europe<\/strong><\/h2>\n\n\n\n<p>We conduct extensive research in Europe. From interviewing CIOs to rising FinTech leaders, we engage with organizations from various sectors and company sizes. Key centers for in-person ITDM Research include Frankfurt, Munich, London, Paris, Zurich, and beyond.<\/p>\n\n\n\n<h2 class=\"wp-block-heading\">\u00dcber IT Decision Maker Market Research<\/h2>\n\n\n\n<p><span style=\"font-weight: 400;\">SIS International uses a specific research method for decision makers in the IT field. &nbsp;This method calls for very targeted professionals to do qualitative interviews or quantitative surveys. We \u201crecruit\u201d senior IT Decision Makers for surveys and Focus Groups. We connect you with the following IT Professionals:<\/span><\/p>\n\n\n\n<ul class=\"wp-block-list\">\n<li><span style=\"font-weight: 400;\">Chief Information Officer (CIO)<\/span><\/li>\n\n\n\n<li><span style=\"font-weight: 400;\">Technologievorst\u00e4nde (CTOs)<\/span><\/li>\n\n\n\n<li><span style=\"font-weight: 400;\">Strategiechefs (CSOs)<\/span><\/li>\n\n\n\n<li><span style=\"font-weight: 400;\">Chief Information Security Officer (CISOs)<\/span><\/li>\n\n\n\n<li><span style=\"font-weight: 400;\">Frontend-Entwickler<\/span><\/li>\n\n\n\n<li><span style=\"font-weight: 400;\">Webentwickler \/ -administratoren<\/span><\/li>\n\n\n\n<li>Systemarchitekten \/ Ingenieure<\/li>\n\n\n\n<li>DevOps-Manager<\/li>\n\n\n\n<li><span style=\"font-weight: 400;\">Webmaster<\/span><\/li>\n\n\n\n<li><span style=\"font-weight: 400;\">Cloud Computing Ingenieure<\/span><\/li>\n\n\n\n<li>IT-Beschaffungsmanager<\/li>\n\n\n\n<li><span style=\"font-weight: 400;\">Computernetzwerkspezialisten<\/span><\/li>\n\n\n\n<li><span style=\"font-weight: 400;\">Datenbankadministratoren<\/span><\/li>\n\n\n\n<li><span style=\"font-weight: 400;\">Cyber-Sicherheitsspezialisten<\/span><\/li>\n\n\n\n<li><span style=\"font-weight: 400;\">Software-\/Anwendungsentwickler<\/span><\/li>\n<\/ul>\n\n\n\n<h2 class=\"wp-block-heading\"><strong>Was uns auszeichnet:<\/strong><\/h2>\n\n\n\n<p><a href=\"https:\/\/www.linkedin.com\/company\/sisinternationalresearch\/posts\/?feedView=all\" target=\"_blank\" rel=\"noopener\">SIS<\/a> is a key partner to many of the world&#8217;s largest technology companies.&nbsp; Below are a few of the reasons why Technology companies choose SIS:<\/p>\n\n\n\n<ul class=\"wp-block-list\">\n<li><span style=\"font-weight: 400;\">Globaler Ma\u00dfstab<\/span><\/li>\n\n\n\n<li><span style=\"font-weight: 400;\">Zugang zu hochrangigen F\u00fchrungskr\u00e4ften auf der ganzen Welt<\/span><\/li>\n\n\n\n<li><span style=\"font-weight: 400;\">Kosteneffektivit\u00e4t<\/span><\/li>\n\n\n\n<li>Kundenservice rund um die Uhr<\/li>\n\n\n\n<li><a href=\"https:\/\/www.sisinternational.com\/de\/losungen\/innovation\/agile-marktforschung\/\" title=\"Agile Marktforschung\" data-wpil-monitor-id=\"6109\">Agile Marktforschung<\/a> testing approaches<\/li>\n\n\n\n<li><span style=\"font-weight: 400;\">Qualifiziertes Personal mit Fachwissen in der Technologiebranche<\/span><\/li>\n<\/ul>\n\n\n\n<h2 class=\"wp-block-heading\">Unser Standort in New York<\/h2>\n\n\n\n<p>\n\n\n\n<iframe loading=\"lazy\" src=\"https:\/\/www.google.com\/maps\/embed?pb=!1m18!1m12!1m3!1d3022.976188376966!2d-73.99130312499956!3d40.740549471389315!2m3!1f0!2f0!3f0!3m2!1i1024!2i768!4f13.1!3m3!1m2!1s0x89c259a15798c731%3A0xd695d09bdd495f25!2s11%20E%2022nd%20St%20FL%202%2C%20New%20York%2C%20NY%2010010%2C%20USA!5e0!3m2!1sen!2spe!4v1726171763526!5m2!1sen!2spe\" width=\"600\" height=\"450\" allowfullscreen=\"allowfullscreen\" data-mce-fragment=\"1\"><\/iframe>\n\n\n\n<\/p>\n\n\n\n<h3 class=\"wp-block-heading\">11 E 22nd Street, Floor 2, New York, NY 10010 T: +1(212) 505-6805<\/h3>\n\n\n\n<hr class=\"wp-block-separator has-alpha-channel-opacity\"\/>\n\n\n\n<h2 class=\"wp-block-heading\"><span style=\"font-weight: 400;\">\u00dcber SIS International<\/span><\/h2>\n\n\n\n<p><a href=\"https:\/\/www.sisinternational.com\/de\/\"><span style=\"font-weight: 400;\">SIS International<\/span><\/a><span style=\"font-weight: 400;\"> bietet quantitative, qualitative und strategische Forschung an. Wir liefern Daten, Tools, Strategien, Berichte und Erkenntnisse zur Entscheidungsfindung. Wir f\u00fchren auch Interviews, Umfragen, Fokusgruppen und andere Methoden und Ans\u00e4tze der Marktforschung durch.<\/span><a href=\"https:\/\/www.sisinternational.com\/de\/uber-sis-international-research\/contact-sis-international-market-research\/\"><span style=\"font-weight: 400;\"> Kontakt<\/span><\/a><span style=\"font-weight: 400;\"> f\u00fcr Ihr n\u00e4chstes Marktforschungsprojekt.<\/span><\/p>\n\n\n\n<p><\/p>","protected":false},"excerpt":{"rendered":"<p>Entdecken Sie, wie Sie Ihre Produkte verbessern und Ihren Gewinn steigern k\u00f6nnen, indem Sie mit IT-Entscheidungstr\u00e4gern sprechen.<\/p>","protected":false},"author":1,"featured_media":62732,"parent":27462,"menu_order":20,"comment_status":"closed","ping_status":"closed","template":"","meta":{"footnotes":""},"class_list":["post-31667","page","type-page","status-publish","has-post-thumbnail"],"_links":{"self":[{"href":"https:\/\/www.sisinternational.com\/de\/wp-json\/wp\/v2\/pages\/31667","targetHints":{"allow":["GET"]}}],"collection":[{"href":"https:\/\/www.sisinternational.com\/de\/wp-json\/wp\/v2\/pages"}],"about":[{"href":"https:\/\/www.sisinternational.com\/de\/wp-json\/wp\/v2\/types\/page"}],"author":[{"embeddable":true,"href":"https:\/\/www.sisinternational.com\/de\/wp-json\/wp\/v2\/users\/1"}],"replies":[{"embeddable":true,"href":"https:\/\/www.sisinternational.com\/de\/wp-json\/wp\/v2\/comments?post=31667"}],"version-history":[{"count":10,"href":"https:\/\/www.sisinternational.com\/de\/wp-json\/wp\/v2\/pages\/31667\/revisions"}],"predecessor-version":[{"id":79731,"href":"https:\/\/www.sisinternational.com\/de\/wp-json\/wp\/v2\/pages\/31667\/revisions\/79731"}],"up":[{"embeddable":true,"href":"https:\/\/www.sisinternational.com\/de\/wp-json\/wp\/v2\/pages\/27462"}],"wp:featuredmedia":[{"embeddable":true,"href":"https:\/\/www.sisinternational.com\/de\/wp-json\/wp\/v2\/media\/62732"}],"wp:attachment":[{"href":"https:\/\/www.sisinternational.com\/de\/wp-json\/wp\/v2\/media?parent=31667"}],"curies":[{"name":"wp","href":"https:\/\/api.w.org\/{rel}","templated":true}]}}