{"id":31644,"date":"2019-05-05T01:09:52","date_gmt":"2019-05-05T01:09:52","guid":{"rendered":"https:\/\/www.sisinternational.com\/?page_id=31644"},"modified":"2026-01-25T18:36:22","modified_gmt":"2026-01-25T23:36:22","slug":"verhaltensokonomie-in-der-marktforschung","status":"publish","type":"page","link":"https:\/\/www.sisinternational.com\/de\/losungen\/innovation\/verhaltensokonomie-in-der-marktforschung\/","title":{"rendered":"Verhaltens\u00f6konomie in der Marktforschung"},"content":{"rendered":"<h1 class=\"wp-block-heading\">Verhaltens\u00f6konomie in der Marktforschung<\/h1>\n\n\n\n<figure class=\"gb-block-image gb-block-image-5dec899d\"><img loading=\"lazy\" decoding=\"async\" width=\"1456\" height=\"816\" class=\"gb-image gb-image-5dec899d\" src=\"https:\/\/www.sisinternational.com\/wp-content\/uploads\/2025\/08\/Statistics-3.jpg\" alt=\"SIS International Marktforschung &amp; Strategie\" title=\"Statistics 3\" srcset=\"https:\/\/www.sisinternational.com\/wp-content\/uploads\/2025\/08\/Statistics-3.jpg 1456w, https:\/\/www.sisinternational.com\/wp-content\/uploads\/2025\/08\/Statistics-3-300x168.jpg 300w, https:\/\/www.sisinternational.com\/wp-content\/uploads\/2025\/08\/Statistics-3-1024x574.jpg 1024w, https:\/\/www.sisinternational.com\/wp-content\/uploads\/2025\/08\/Statistics-3-768x430.jpg 768w, https:\/\/www.sisinternational.com\/wp-content\/uploads\/2025\/08\/Statistics-3-18x10.jpg 18w\" sizes=\"auto, (max-width: 1456px) 100vw, 1456px\"><\/figure>\n\n\n\n<p><\/p>\n\n\n\n<h2 class=\"wp-block-heading\"><span style=\"font-weight: 400;\">Die Verhaltens\u00f6konomie untersucht, wie sich die Psychologie auf die finanziellen Entscheidungen einzelner Personen auswirkt. <\/span><\/h2>\n\n\n\n<p><span style=\"font-weight: 400;\">The field also examines cognitive, emotional, cultural, and social factors. <\/span><\/p>\n\n\n\n<p><span style=\"font-weight: 400;\">Behavioral Economics has a wealth of academic research and theories.&nbsp; New theories, approaches and technologies make this is a fast-paced field that can provide incisive business insights for competitive advantage.&nbsp; Behavior Economics accepts that humans don\u2019t always act rationally.<\/span><\/p>\n\n\n\n<p>SIS conducts Behavioral Economics research with consumers to understand the use and psychology behind product use, brand affinity, and loyalty.\u00a0 We research products, packaging, product placement, and pricing economics.\u00a0We conduct Qualitative, Quantitative, and Strategy Research for companies around the world.<\/p>\n\n\n\n<h2 class=\"wp-block-heading\"><span style=\"font-weight: 400;\">Die Bedeutung der Verhaltens\u00f6konomie<\/span><\/h2>\n\n\n\n<p><span style=\"font-weight: 400;\">The importance of behavioral <a href=\"https:\/\/www.sisinternational.com\/de\/estlands-wirtschaft\/\" title=\"\u00d6konomische Marktforschung in Estland\"  data-wpil-monitor-id=\"2930\">economics for marketers<\/a> is immeasurable. It allows for a better understanding of the human mind. It also helps marketers to understand the consumer decision-making process. They can develop value propositions that fit the consumer\u2019s needs. Behavior <a href=\"https:\/\/www.sisinternational.com\/de\/wirtschaftsausblick-fur-katar\/\" title=\"Wirtschaftsausblick und Marktforschung f\u00fcr Katar\"  data-wpil-monitor-id=\"3559\">economics gives marketers<\/a> the \u2018\u2019big picture\u2019\u2019 answers to some questions, such as:<\/span><\/p>\n\n\n\n<ul class=\"wp-block-list\">\n<li><span style=\"font-weight: 400;\">Wie schnell und \u00fcberlegt treffen Verbraucher Entscheidungen?<\/span><\/li>\n\n\n\n<li><span style=\"font-weight: 400;\">Wie viele Informationen kann der Verbraucher aufnehmen?<\/span><\/li>\n\n\n\n<li><span style=\"font-weight: 400;\">Wie wichtig ist der Kontext f\u00fcr die Wahrnehmung der Marke und die Beeinflussung des Verhaltens?<\/span><\/li>\n\n\n\n<li><span style=\"font-weight: 400;\">Wie emotional und rational sind Verbraucherentscheidungen?<\/span><\/li>\n<\/ul>\n\n\n\n<p><span style=\"font-weight: 400;\">Die Verhaltens\u00f6konomie verdeutlicht, warum kleine Dinge einen gro\u00dfen Unterschied machen k\u00f6nnen. Sie erkl\u00e4rt, warum eine bestimmte Aktion erfolgreich ist oder scheitert.<\/span><\/p>\n\n\n\n<h2 class=\"wp-block-heading\"><span style=\"font-weight: 400;\">Wie Verhaltens\u00f6konomie funktioniert<\/span><\/h2>\n\n\n\n<p><span style=\"font-weight: 400;\">In j\u00fcngster Zeit haben wir erlebt, wie die Verhaltenswissenschaft aus der akademischen Welt in die reale Welt \u00fcbergegangen ist. Die Verhaltenswissenschaft ver\u00e4ndert unser t\u00e4gliches Leben erheblich. Sie hilft uns, bessere Entscheidungen in Finanz- und Gesundheitsfragen zu treffen. Sie hilft uns, effizienter zu arbeiten. Sie beeinflusst auch, wie wir in der Einkaufsstra\u00dfe und im Internet einkaufen, und regt uns an, gro\u00dfz\u00fcgiger zu sein. &nbsp;<\/span><\/p>\n\n\n\n<h2 class=\"wp-block-heading\"><span style=\"font-weight: 400;\">Verbesserung von Produkten und Dienstleistungen<\/span><\/h2>\n\n\n\n<p><span style=\"font-weight: 400;\"><strong>Marketers can use <a href=\"https:\/\/www.sisinternational.com\/de\/sachverstand\/branchen\/entscheidungswissenschaft-marktforschung\/\" title=\"Decision Science Marktforschung\"  data-wpil-monitor-id=\"4993\">Behavioral Economics<\/a> to make better decisions and boost profitability.<\/strong> They can integrate insights from behavioral science with subjects such as user-centered design. They also look at behavior focused qualitative research grounded in anthropology and psychology. They can understand packaging and product placement better.&nbsp; This research helps them to develop a more detailed picture of behavior. They can then test different behavioral hypotheses through controlled experiments and trials.<\/span><\/p>\n\n\n\n<h2 class=\"wp-block-heading\">Gewinn und Leistung steigern<\/h2>\n\n\n\n<p><span style=\"font-weight: 400;\"><strong>Vermarkter k\u00f6nnen die Verhaltens\u00f6konomie nutzen, um kontextsensibler zu werden.<\/strong> Verhaltensforscher und Praktiker denken auch viel intensiver \u00fcber wichtige Details nach, die \u00fcbersehen werden oder subtil sind. Sie untersuchen beispielsweise, wann und wo man Menschen anstupsen sollte. Sie untersuchen, in welchen Kontexten unterschiedliche L\u00f6sungen am besten funktionieren. Manche Einstellungen k\u00f6nnten sich f\u00fcr L\u00f6sungen eignen, die auf Standardeinstellungen basieren und automatisch ablaufen. Andere Situationen k\u00f6nnten nach reflektierteren L\u00f6sungen verlangen. Diese Situationen zwingen den Einzelnen zu einer komplexen Entscheidung und erleichtern das Verst\u00e4ndnis.<\/span><\/p>\n\n\n\n<h2 class=\"wp-block-heading\"><span style=\"font-weight: 400;\">Vorteile verhaltens\u00f6konomischer Optimierungen&nbsp;<\/span><\/h2>\n\n\n\n<p><span style=\"font-weight: 400;\">Hier sind einige M\u00f6glichkeiten, wie Sie Verhaltens\u00f6konomie zur F\u00f6rderung Ihres Gesch\u00e4fts anwenden k\u00f6nnen:<\/span><\/p>\n\n\n\n<ul class=\"wp-block-list\">\n<li><span style=\"font-weight: 400;\">Reduzieren Sie die Unsicherheit hinsichtlich ihres Produkts oder ihrer Dienstleistung.<\/span><\/li>\n\n\n\n<li><span style=\"font-weight: 400;\">Begrenzen Sie die Anzahl der Optionen f\u00fcr den Client.<\/span><\/li>\n\n\n\n<li><span style=\"font-weight: 400;\">Nutzen Sie Social Proof, um bessere Gesch\u00e4ftseinblicke zu gewinnen.<\/span><\/li>\n<\/ul>\n\n\n\n<h2 class=\"wp-block-heading\"><span style=\"font-weight: 400;\">Verhaltens\u00f6konomie und qualitative Forschung<\/span><\/h2>\n\n\n\n<figure class=\"gb-block-image gb-block-image-159ab97b\"><img loading=\"lazy\" decoding=\"async\" width=\"1456\" height=\"816\" class=\"gb-image gb-image-159ab97b\" src=\"https:\/\/www.sisinternational.com\/wp-content\/uploads\/2025\/09\/Quantitative-research-24.jpg\" alt=\"SIS International Marktforschung &amp; Strategie\" title=\"Quantitative research (24)\" srcset=\"https:\/\/www.sisinternational.com\/wp-content\/uploads\/2025\/09\/Quantitative-research-24.jpg 1456w, https:\/\/www.sisinternational.com\/wp-content\/uploads\/2025\/09\/Quantitative-research-24-300x168.jpg 300w, https:\/\/www.sisinternational.com\/wp-content\/uploads\/2025\/09\/Quantitative-research-24-1024x574.jpg 1024w, https:\/\/www.sisinternational.com\/wp-content\/uploads\/2025\/09\/Quantitative-research-24-768x430.jpg 768w, https:\/\/www.sisinternational.com\/wp-content\/uploads\/2025\/09\/Quantitative-research-24-18x10.jpg 18w\" sizes=\"auto, (max-width: 1456px) 100vw, 1456px\"><\/figure>\n\n\n\n<p><\/p>\n\n\n\n<p><span style=\"font-weight: 400;\">Qualitative Marktforschung besch\u00e4ftigt sich mit den Einstellungen aktueller und potenzieller Verbraucher. Sie untersucht auch die Gef\u00fchle, Gedanken und Meinungen der K\u00e4ufer. Sie ermittelt ihre motivierenden Gr\u00fcnde f\u00fcr ihr Verhalten. Viele Unternehmensleiter bef\u00fcrchten, dass Verhaltens\u00f6konomie nicht mit qualitativer Forschung vereinbar ist. BE-Prinzipien k\u00f6nnen jedoch qualitative Forschung verbessern. Projekte der Verhaltens\u00f6konomie erm\u00f6glichen es Forschern, die wahren Gedanken und Gef\u00fchle der Teilnehmer aufzudecken. So k\u00f6nnen Unternehmen eine effektivere Marketingkommunikation entwickeln.<\/span><\/p>\n\n\n\n<h2 class=\"wp-block-heading\"><span style=\"font-weight: 400;\">Quantitative Marktforschungsans\u00e4tze<\/span><\/h2>\n\n\n\n<p><span style=\"font-weight: 400;\">Quantitative market researchers ask current and potential consumers different questions on topics such as pricing, behavior, and preferences. They do so in a systematic manner using polls, surveys, or questionnaires. They can analyze the responses to decide how to improve products and services. Marketers can conduct Quantitative Market Research using primary or secondary techniques.<\/span><\/p>\n\n\n\n<h2 class=\"wp-block-heading\"><span style=\"font-weight: 400;\">Prim\u00e4re Forschungsmethoden<\/span><\/h2>\n\n\n\n<p><span style=\"font-weight: 400;\">Die meisten Vermarkter verwenden prim\u00e4re Methoden zur Durchf\u00fchrung quantitativer Marktforschung. H\u00e4ufig verwendete Methoden sind:<\/span><\/p>\n\n\n\n<ol class=\"wp-block-list\">\n<li><span style=\"font-weight: 400;\">Umfragen<\/span><\/li>\n\n\n\n<li><span style=\"font-weight: 400;\">Einzelgespr\u00e4che<\/span><\/li>\n\n\n\n<li><span style=\"font-weight: 400;\">Computergest\u00fctzte Personalinterviews<\/span><\/li>\n<\/ol>\n\n\n\n<h2 class=\"wp-block-heading\"><span style=\"font-weight: 400;\">Sekund\u00e4re Marktforschungstechniken<\/span><\/h2>\n\n\n\n<p><span style=\"font-weight: 400;\">Marketers sometimes use secondary methods to conduct Quantitative Market Research. These techniques can confirm a hypothesis. They also help marketers to conclude empirical and primary data.<\/span><\/p>\n\n\n\n<h2 class=\"wp-block-heading\">Big Data und Data Science<\/h2>\n\n\n\n<p>Wir bieten auch Datenanalyse- und Data-Science-Supportl\u00f6sungen an, mit denen gro\u00dfe Datens\u00e4tze analysiert und neue Erkenntnisse zum Verhalten gewonnen werden k\u00f6nnen.<\/p>","protected":false},"excerpt":{"rendered":"<p>Entdecken Sie, wie verhaltens\u00f6konomische Marktforschung Ihre Leistung steigern kann.<\/p>","protected":false},"author":1,"featured_media":62857,"parent":14459,"menu_order":6,"comment_status":"closed","ping_status":"closed","template":"","meta":{"footnotes":""},"class_list":["post-31644","page","type-page","status-publish","has-post-thumbnail"],"_links":{"self":[{"href":"https:\/\/www.sisinternational.com\/de\/wp-json\/wp\/v2\/pages\/31644","targetHints":{"allow":["GET"]}}],"collection":[{"href":"https:\/\/www.sisinternational.com\/de\/wp-json\/wp\/v2\/pages"}],"about":[{"href":"https:\/\/www.sisinternational.com\/de\/wp-json\/wp\/v2\/types\/page"}],"author":[{"embeddable":true,"href":"https:\/\/www.sisinternational.com\/de\/wp-json\/wp\/v2\/users\/1"}],"replies":[{"embeddable":true,"href":"https:\/\/www.sisinternational.com\/de\/wp-json\/wp\/v2\/comments?post=31644"}],"version-history":[{"count":5,"href":"https:\/\/www.sisinternational.com\/de\/wp-json\/wp\/v2\/pages\/31644\/revisions"}],"predecessor-version":[{"id":78902,"href":"https:\/\/www.sisinternational.com\/de\/wp-json\/wp\/v2\/pages\/31644\/revisions\/78902"}],"up":[{"embeddable":true,"href":"https:\/\/www.sisinternational.com\/de\/wp-json\/wp\/v2\/pages\/14459"}],"wp:featuredmedia":[{"embeddable":true,"href":"https:\/\/www.sisinternational.com\/de\/wp-json\/wp\/v2\/media\/62857"}],"wp:attachment":[{"href":"https:\/\/www.sisinternational.com\/de\/wp-json\/wp\/v2\/media?parent=31644"}],"curies":[{"name":"wp","href":"https:\/\/api.w.org\/{rel}","templated":true}]}}