{"id":31502,"date":"2019-04-20T22:08:37","date_gmt":"2019-04-20T22:08:37","guid":{"rendered":"https:\/\/www.sisinternational.com\/?page_id=31502"},"modified":"2026-01-26T18:35:24","modified_gmt":"2026-01-26T23:35:24","slug":"marktforschung-im-bereich-modetechnologie","status":"publish","type":"page","link":"https:\/\/www.sisinternational.com\/de\/sachverstand\/marktforschung-im-bereich-modetechnologie\/","title":{"rendered":"Marktforschung f\u00fcr Modetechnologie"},"content":{"rendered":"<h1 class=\"wp-block-heading\"><span style=\"font-weight: 400;\"><strong>Marktforschung f\u00fcr Modetechnologie<\/strong><\/span><\/h1>\n\n\n\n<figure class=\"gb-block-image gb-block-image-95a1cee2\"><img loading=\"lazy\" decoding=\"async\" width=\"1456\" height=\"816\" class=\"gb-image gb-image-95a1cee2\" src=\"https:\/\/www.sisinternational.com\/wp-content\/uploads\/2025\/08\/Menswear-apparel-fashion-1.jpg\" alt=\"SIS International Marktforschung &amp; Strategie\" title=\"Menswear apparel fashion (1)\" srcset=\"https:\/\/www.sisinternational.com\/wp-content\/uploads\/2025\/08\/Menswear-apparel-fashion-1.jpg 1456w, https:\/\/www.sisinternational.com\/wp-content\/uploads\/2025\/08\/Menswear-apparel-fashion-1-300x168.jpg 300w, https:\/\/www.sisinternational.com\/wp-content\/uploads\/2025\/08\/Menswear-apparel-fashion-1-1024x574.jpg 1024w, https:\/\/www.sisinternational.com\/wp-content\/uploads\/2025\/08\/Menswear-apparel-fashion-1-768x430.jpg 768w, https:\/\/www.sisinternational.com\/wp-content\/uploads\/2025\/08\/Menswear-apparel-fashion-1-18x10.jpg 18w\" sizes=\"auto, (max-width: 1456px) 100vw, 1456px\"><\/figure>\n\n\n\n<hr class=\"wp-block-separator has-alpha-channel-opacity is-style-dots\"\/>\n\n\n\n<h2 class=\"wp-block-heading\"><span style=\"font-weight: 400;\">Technologie ist die Zukunft der Mode<\/span><\/h2>\n\n\n\n<p><span style=\"font-weight: 400;\">Fashion tech is a blend of technology with trend, and fashion. This merger has created faster and more innovative ways to shop. It also allows more people to experience the fashion industry. The tech side of the equation brings fashion to <a href=\"https:\/\/www.sisinternational.com\/de\/kundenzufriedenheitsanalyse\/\" title=\"8 M\u00f6glichkeiten zur Steigerung der Kundenzufriedenheit im Einzelhandel\"  data-wpil-monitor-id=\"10833\">consumers in several ways<\/a>. For example, retailers can use apps and software to deliver their products. <\/span><\/p>\n\n\n\n<p><span style=\"font-weight: 400;\"><a href=\"https:\/\/www.sisinternational.com\/de\/losungen\/ai-marktforschung-und-strategieberatung\/technologie-industrie-automatisierung-kunstliche-intelligenz-beratung\/\" title=\"Beratung zur Automatisierung der Technologiebranche und zu k\u00fcnstlicher Intelligenz\"  data-wpil-monitor-id=\"10853\">Technology has transformed the fashion industry<\/a>. Many consumers now use e-commerce to buy the latest fashions, and they also take suggestions from bloggers. These bloggers are now influencers, and they sit in the front row at major events like New York Fashion Week. Tech has opened the world of fashion, making it accessible to consumers all over the world.<\/span><\/p>\n\n\n\n<p><span style=\"font-weight: 400;\">Fashion <a href=\"https:\/\/www.sisinternational.com\/de\/sachverstand\/branchen\/medizintechnik-medtech-marktforschung\/\" title=\"Marktforschung f\u00fcr Medizintechnik (Med Tech)\"  data-wpil-monitor-id=\"4172\">tech market research<\/a> is essential for companies desiring to enter this space. We offer app development and <a href=\"https:\/\/www.sisinternational.com\/de\/sachverstand\/branchen\/modemarktforschung\/\" title=\"Marktforschung f\u00fcr Mode und Bekleidung\"  data-wpil-monitor-id=\"6941\">market research for fashion<\/a> subscription and other services.<\/span><\/p>\n\n\n\n<h2 class=\"wp-block-heading\"><span style=\"font-weight: 400;\">Technologie verhilft Modeunternehmen zum Erfolg<\/span><\/h2>\n\n\n\n<p><span style=\"font-weight: 400;\">Rent the Runway ist ein Beispiel f\u00fcr ein erfolgreiches Fashion-Tech-Unternehmen. Das Unternehmen bietet seinen Kunden die M\u00f6glichkeit, gegen eine monatliche Abonnementgeb\u00fchr hochmodische Kleidungsst\u00fccke zu mieten. Verbraucher k\u00f6nnen aus Hunderttausenden von Optionen w\u00e4hlen. Mit der Option \u201eUnbegrenzt\u201c k\u00f6nnen Verbraucher so viele Artikel mieten, wie sie ben\u00f6tigen, ohne festgelegtes R\u00fcckgabedatum. Rent to Runway bietet kostenlosen Versand und Versicherung und l\u00e4sst die Kleidungsst\u00fccke auch chemisch reinigen.<\/span><\/p>\n\n\n\n<p><span style=\"font-weight: 400;\">Another example is GPShopper. This <a href=\"https:\/\/www.sisinternational.com\/de\/sachverstand\/lebenslaufe\/lebenslauf-mit-erfahrungen-im-einzelhandel\/\" title=\"Marktforschungsunternehmen f\u00fcr den Einzelhandel\"  data-wpil-monitor-id=\"10864\">company caters to retailers<\/a>, helping them manage their apps. They do the heavy lifting by integrating apps with e-commerce systems. Their apps are also compatible with several payment platforms and loyalty programs. GPShopper offers real-time analytics so fashion retailers can measure customer engagement. Their apps work for both Android and iOS. <\/span><\/p>\n\n\n\n<h2 class=\"wp-block-heading\"><span style=\"font-weight: 400;\">Die Zukunft der Mode<\/span><\/h2>\n\n\n\n<p><span style=\"font-weight: 400;\">Roboter schneiden und n\u00e4hen heute. Die Branche nutzt KI-Berechnungen, um Stilmuster vorherzusagen. Innovation bestimmt jeden Teil des Designprozesses. <\/span><\/p>\n\n\n\n<p><span style=\"font-weight: 400;\">Durch den mobilen E-Commerce erleben Verbraucher eine neue Art des Einkaufens. Ausgestattet mit unseren Mobiltelefonen haben wir nun nahtlose Zahlungsm\u00f6glichkeiten. Einzelh\u00e4ndler bieten hervorragende Wallet-Alternativen wie Apple und Android Pay. Zwei von drei Verbrauchern im Alter von zwanzig bis drei\u00dfig Jahren kaufen lieber online ein, als in ein Ladengesch\u00e4ft zu gehen. <\/span><\/p>\n\n\n\n<p><span style=\"font-weight: 400;\">Virtual Reality vereint die physische und die Online-Welt des Einzelhandels. So werden Anprobe-Avatare in der Modewelt zum Renner. Ein Beispiel daf\u00fcr ist die DressingRoom App. Mit dieser App k\u00f6nnen Verbraucher Kleidung anprobieren und sie vor dem Kauf auf die perfekte Passform einstellen.<\/span><\/p>\n\n\n\n<p>Fashion <a href=\"https:\/\/www.sisinternational.com\/de\/top-unternehmen-fur-b2b-markteinfuhrungsstrategien\/\" title=\"F\u00fchrendes Unternehmen f\u00fcr B2B-Markteinf\u00fchrungsstrategien\"  data-wpil-monitor-id=\"10856\">companies are increasingly investing in Omnichannel strategies<\/a>, algorithms, data science, inventory management systems, and web usability.<\/p>\n\n\n\n<h2 class=\"wp-block-heading\"><span style=\"font-weight: 400;\">Vorteile der Modetechnologie<\/span><\/h2>\n\n\n\n<p><span style=\"font-weight: 400;\">Fashion tech has made the \u201cSee Now, Buy Now\u201d campaign possible. Major brands use this campaign to allow consumers to buy pieces straight off the catwalk. Another benefit of fashion tech is the afore-mentioned virtual try-on of clothing. Some Rebecca Minkoff stores feature dressing rooms with touch-screen mirrors. Consumers can use these mirrors to view how different pieces will look on their bodies.<\/span><\/p>\n\n\n\n<h2 class=\"wp-block-heading\"><span style=\"font-weight: 400;\">\u00dcber Fashion Tech Market Research&nbsp;<\/span><\/h2>\n\n\n\n<p><span style=\"font-weight: 400;\">Mithilfe von Fashion Tech Market Research k\u00f6nnen f\u00fchrende Unternehmen ihr Angebot optimieren. So k\u00f6nnen sie ihre Rentabilit\u00e4t steigern und ihren Kunden gleichzeitig das bestm\u00f6gliche Erlebnis bieten.&nbsp; <\/span><\/p>\n\n\n\n<p><span style=\"font-weight: 400;\">SIS International Market Research uses three main methods to analyze industries. We do Quantitative <a href=\"https:\/\/www.sisinternational.com\/de\/abdeckung\/europa\/marktforschung-liverpool-grosbritannien\/\" title=\"Marktforschung in Liverpool | Fokusgruppen und Datenerfassung in Gro\u00dfbritannien\"  data-wpil-monitor-id=\"10845\">Research where we collect numerical data<\/a>. We use this data in statistical <a href=\"https:\/\/www.sisinternational.com\/de\/die-neuen-amerikanischen-verbraucher-analyse-trends-fur-us-einzelhandler\/\" title=\"Die neuen amerikanischen Verbraucher \u2013 Analyse: Trends f\u00fcr US-Einzelh\u00e4ndler\"  data-wpil-monitor-id=\"10861\">analysis to understand data trends<\/a>. We also conduct Qualitative <a href=\"https:\/\/www.sisinternational.com\/de\/losungen\/fokusgruppen-marktforschung\/\" title=\"Fokusgruppe Marktforschung\"  data-wpil-monitor-id=\"10840\">Research using focus groups<\/a>, online communities, ethnography, shop alongs and other tools. We use Qualitative methods to determine why a customer has acted or purchased in a certain way.<\/span><\/p>\n\n\n\n<p><span style=\"font-weight: 400;\">We also conduct Strategic Market Research for the fashion tech industry. This type of research plays a vital role in analyzing the environment. We also use it to define the <a href=\"https:\/\/www.sisinternational.com\/de\/losungen\/sis-globales-wachstum\/strategieberatung-fur-schwellenmarkte\/\" title=\"Strategieberatung f\u00fcr Schwellenm\u00e4rkte\"  data-wpil-monitor-id=\"10849\">market and plan strategies<\/a>. It gives companies insights on positioning and segmentation. It helps them maintain product\/service quality and plan new product development.<\/span><\/p>\n\n\n\n<p><\/p>","protected":false},"excerpt":{"rendered":"<p>Entdecken Sie mit der Marktforschung im Bereich Modetechnologie neue M\u00f6glichkeiten, Ihren Gewinn zu steigern.<\/p>","protected":false},"author":1,"featured_media":63944,"parent":14514,"menu_order":46,"comment_status":"closed","ping_status":"closed","template":"","meta":{"footnotes":""},"class_list":["post-31502","page","type-page","status-publish","has-post-thumbnail"],"_links":{"self":[{"href":"https:\/\/www.sisinternational.com\/de\/wp-json\/wp\/v2\/pages\/31502","targetHints":{"allow":["GET"]}}],"collection":[{"href":"https:\/\/www.sisinternational.com\/de\/wp-json\/wp\/v2\/pages"}],"about":[{"href":"https:\/\/www.sisinternational.com\/de\/wp-json\/wp\/v2\/types\/page"}],"author":[{"embeddable":true,"href":"https:\/\/www.sisinternational.com\/de\/wp-json\/wp\/v2\/users\/1"}],"replies":[{"embeddable":true,"href":"https:\/\/www.sisinternational.com\/de\/wp-json\/wp\/v2\/comments?post=31502"}],"version-history":[{"count":6,"href":"https:\/\/www.sisinternational.com\/de\/wp-json\/wp\/v2\/pages\/31502\/revisions"}],"predecessor-version":[{"id":81776,"href":"https:\/\/www.sisinternational.com\/de\/wp-json\/wp\/v2\/pages\/31502\/revisions\/81776"}],"up":[{"embeddable":true,"href":"https:\/\/www.sisinternational.com\/de\/wp-json\/wp\/v2\/pages\/14514"}],"wp:featuredmedia":[{"embeddable":true,"href":"https:\/\/www.sisinternational.com\/de\/wp-json\/wp\/v2\/media\/63944"}],"wp:attachment":[{"href":"https:\/\/www.sisinternational.com\/de\/wp-json\/wp\/v2\/media?parent=31502"}],"curies":[{"name":"wp","href":"https:\/\/api.w.org\/{rel}","templated":true}]}}