{"id":31479,"date":"2019-04-18T03:07:51","date_gmt":"2019-04-18T03:07:51","guid":{"rendered":"https:\/\/www.sisinternational.com\/?page_id=31479"},"modified":"2025-09-13T23:24:52","modified_gmt":"2025-09-14T03:24:52","slug":"deep-learning-marktforschung","status":"publish","type":"page","link":"https:\/\/www.sisinternational.com\/de\/sachverstand\/deep-learning-marktforschung\/","title":{"rendered":"Deep Learning Marktforschung"},"content":{"rendered":"<h1 class=\"wp-block-heading\"><span style=\"font-weight: 400;\">Deep Learning Marktforschung<\/span><\/h1>\n\n\n\n<figure class=\"gb-block-image gb-block-image-700b69b5\"><img loading=\"lazy\" decoding=\"async\" width=\"1456\" height=\"816\" class=\"gb-image gb-image-700b69b5\" src=\"https:\/\/www.sisinternational.com\/wp-content\/uploads\/2025\/08\/Deep-learning-machine-learning-42.jpg\" alt=\"SIS International Marktforschung &amp; Strategie\" title=\"Deep learning machine learning (42)\" srcset=\"https:\/\/www.sisinternational.com\/wp-content\/uploads\/2025\/08\/Deep-learning-machine-learning-42.jpg 1456w, https:\/\/www.sisinternational.com\/wp-content\/uploads\/2025\/08\/Deep-learning-machine-learning-42-300x168.jpg 300w, https:\/\/www.sisinternational.com\/wp-content\/uploads\/2025\/08\/Deep-learning-machine-learning-42-1024x574.jpg 1024w, https:\/\/www.sisinternational.com\/wp-content\/uploads\/2025\/08\/Deep-learning-machine-learning-42-768x430.jpg 768w, https:\/\/www.sisinternational.com\/wp-content\/uploads\/2025\/08\/Deep-learning-machine-learning-42-18x10.jpg 18w\" sizes=\"auto, (max-width: 1456px) 100vw, 1456px\"><\/figure>\n\n\n\n<p><\/p>\n\n\n\n<h2 class=\"wp-block-heading\"><span style=\"font-weight: 400;\">For your business to grow, you must understand your customers. <\/span><\/h2>\n\n\n\n<p><span style=\"font-weight: 400;\">Sie m\u00fcssen ihre Erwartungen erf\u00fcllen und ihnen die bestm\u00f6gliche Unterst\u00fctzung bieten. Und hier kommen Deep Learning und Marktforschung ins Spiel.<\/span><\/p>\n\n\n\n<h2 class=\"wp-block-heading\"><span style=\"font-weight: 400;\">Was ist Deep Learning?<\/span><\/h2>\n\n\n\n<p><span style=\"font-weight: 400;\">Es gibt mehrere M\u00f6glichkeiten, eine Maschine dazu zu bringen, einen Prozess zu erlernen. Deep Learning ist eine dieser Methoden. Das Konzept von Deep Learning ist auch als hierarchisches Lernen oder tief strukturiertes Lernen bekannt. Im Gegensatz zu den anderen Prozessen konzentriert sich die Deep Learning-Methode auf Datendarstellungen. Sie k\u00f6nnen den Lernprozess \u00fcberwachen oder er kann unbeaufsichtigt oder halb\u00fcberwacht sein. In vielen Bereichen und Branchen werden bereits einige Deep Learning-Architekturen angewendet, wie z. B. rekurrierende neuronale Netzwerke, Deep Belief Networks und Deep Neural Networks. Sie verwenden neuronale Netzwerke, um das Lernen zu f\u00f6rdern. Sie k\u00f6nnen komplexe Aufgaben erlernen und gro\u00dfe Datenmengen verarbeiten, was f\u00fcr einen Menschen nicht m\u00f6glich w\u00e4re.<\/span><\/p>\n\n\n\n<h2 class=\"wp-block-heading\"><span style=\"font-weight: 400;\">Der Markt w\u00e4chst<\/span><\/h2>\n\n\n\n<p><span style=\"font-weight: 400;\">Popular neural networks have around eight layers and 60 million parameters. The Deep Learning neural networks go up to 200 or 400 million settings. The great thing is that the market is growing. Businesses need Deep Learning to study business data, see problems, and identify solutions. Many companies are already accessing their benefits. Deep Learning continues to be very popular in the business world.<\/span><\/p>\n\n\n\n<h2 class=\"wp-block-heading\"><span style=\"font-weight: 400;\">Vorteile von Deep Learning<\/span><\/h2>\n\n\n\n<p><span style=\"font-weight: 400;\">One of the main benefits of Deep Learning is that it transforms companies. Based on company data, it\u2019s a lot easier to figure out what\u2019s wrong, what customers expect, and what you need to change. The transformation process is comprehensive and meaningful. It can have a positive <a href=\"https:\/\/www.sisinternational.com\/de\/die-auswirkungen-der-nigerianischen-marktkultur-auf-das-geschaft\/\" title=\"Der nigerianische Markt: Der Einfluss der Kultur auf das Gesch\u00e4ft\"  data-wpil-monitor-id=\"11293\">effect on your business<\/a>. By studying company data, <a href=\"https:\/\/www.sisinternational.com\/de\/losungen\/innovation\/deep-learning-marktforschung\/\" title=\"Deep Learning Marktforschung\"  data-wpil-monitor-id=\"4760\">Deep Learning also allows markets<\/a> to be more efficient. It helps a lot, and it delivers a resounding <a href=\"https:\/\/www.sisinternational.com\/de\/return-on-investment-in-der-marktforschung\/\" title=\"Return on Investment in der Marktforschung\"  data-wpil-monitor-id=\"11295\">return on investment<\/a> every time.<\/span><\/p>\n\n\n\n<p><span style=\"font-weight: 400;\">Viele Unternehmen nutzen Deep Learning, um Unternehmensdaten zu verstehen. Sie nutzen es auch, um bestimmte Kundenst\u00e4mme anzusprechen. Viele Unternehmen nutzen es auch f\u00fcr Computer Vision, Tuning und Optimierung.<\/span><\/p>\n\n\n\n<h2 class=\"wp-block-heading\"><span style=\"font-weight: 400;\">Wie wenden Unternehmen Deep Learning an?<\/span><\/h2>\n\n\n\n<p><span style=\"font-weight: 400;\">Der <a href=\"https:\/\/www.sisinternational.com\/de\/sachverstand\/branchen\/ol-und-gasmarktforschung\/\" title=\"\u00d6l- und Gasmarktforschung\"  data-wpil-monitor-id=\"11289\">oil and gas<\/a> industry uses Deep Learning to lower its extraction costs. This industry also uses it for locating, delivering, and processing the oil. The construction industry uses Deep Learning to create step-by-step project simulations. With deep learning, it&#8217;s easy for builders to see what can go wrong. Also, for cybersecurity, Deep Learning can improve the detection rate for malware. Social media, finance, transportation, healthcare, and many other industries use Deep Learning.<\/span><\/p>\n\n\n\n<p><span style=\"font-weight: 400;\">Deep learning will help you understand your business and uncover new opportunities. This method processes a vast amount of data. You can use this data to figure out what approach and system will work for you. You can generate new business opportunities. You may also see some challenges that can arise from your competition. Once you have all that info, you can start speaking to decision makers. They can analyze the data and recommend changes.<\/span><\/p>\n\n\n\n<p><span style=\"font-weight: 400;\">While information is everywhere, the main issue is finding the right insights. <a href=\"https:\/\/www.sisinternational.com\/de\/losungen\/strategieberatung\/datenanalyse\/\" title=\"Datenanalyse-Unternehmen\"  data-wpil-monitor-id=\"11287\">Companies also need to use data<\/a> correctly. With help from SIS International, you will find it a lot easier to access deep learning and reach data scientists. You also get <a href=\"https:\/\/www.sisinternational.com\/de\/losungen\/verbrauchermarktforschung\/\" title=\"Consumer Market Research Services for Smarter Business Decisions\"  data-wpil-monitor-id=\"11282\">consumer research and many other services<\/a> in a very affordable package. Don\u2019t hesitate! Talk to <a href=\"https:\/\/www.sisinternational.com\/de\/valentinstag-so-kann-ihr-unternehmen-die-liebe-spuren\/\" title=\"Marktforschung zum Valentinstag: So kann Ihr Unternehmen die Liebe sp\u00fcren\"  data-wpil-monitor-id=\"11280\">SIS<\/a> International today to harness the power of deep learning for your business.<\/span><\/p>\n\n\n\n<h2 class=\"wp-block-heading\">\u00dcber Deep Learning Market Research<\/h2>\n\n\n\n<p>SIS is a leading <a class=\"wpil_keyword_link\" href=\"https:\/\/www.sisinternational.com\/de\/abdeckung\/\"   title=\"Marktforschungsabdeckung\" data-wpil-keyword-link=\"linked\"  data-wpil-monitor-id=\"759\">Globale Marktforschung<\/a> and Strategy Consulting company. We provide data, <a href=\"https:\/\/www.sisinternational.com\/de\/focus-groups-that-deliver-real-voices-real-insight-real-advantage\/\" title=\"Focus Groups That Deliver Real Voices, Real Insight, Real Advantage\"  data-wpil-monitor-id=\"11291\">insights and strategies to gain advantage<\/a> in today&#8217;s fast-paced business landscape.&nbsp; With data and strategy, companies can better identify opportunities and advantages. Examples of our work include:<\/p>\n\n\n\n<ul class=\"wp-block-list\">\n<li><strong>Qualitative Forschung<\/strong>: <a href=\"https:\/\/www.sisinternational.com\/de\/abdeckung\/europa\/marktforschung-liverpool-grosbritannien\/\" title=\"Marktforschung in Liverpool | Fokusgruppen und Datenerfassung in Gro\u00dfbritannien\"  data-wpil-monitor-id=\"11285\">Focus Groups with Data<\/a> Scientists and Customers<\/li>\n\n\n\n<li><strong>Quantitative Forschung<\/strong>: Umfragen und Datensammlung f\u00fcr Algorithmen und Datenverarbeitung<\/li>\n\n\n\n<li><strong>Strategieberatung<\/strong>: Market Sizing, Go-To-Market Strategy, Technology Acquisition, and Competitive Analysis<\/li>\n<\/ul>","protected":false},"excerpt":{"rendered":"<p>Entdecken Sie mit Deep Learning Market Research neue M\u00f6glichkeiten zur Transformation Ihres Unternehmens.<\/p>","protected":false},"author":1,"featured_media":64419,"parent":14514,"menu_order":44,"comment_status":"closed","ping_status":"closed","template":"","meta":{"footnotes":""},"class_list":["post-31479","page","type-page","status-publish","has-post-thumbnail"],"_links":{"self":[{"href":"https:\/\/www.sisinternational.com\/de\/wp-json\/wp\/v2\/pages\/31479","targetHints":{"allow":["GET"]}}],"collection":[{"href":"https:\/\/www.sisinternational.com\/de\/wp-json\/wp\/v2\/pages"}],"about":[{"href":"https:\/\/www.sisinternational.com\/de\/wp-json\/wp\/v2\/types\/page"}],"author":[{"embeddable":true,"href":"https:\/\/www.sisinternational.com\/de\/wp-json\/wp\/v2\/users\/1"}],"replies":[{"embeddable":true,"href":"https:\/\/www.sisinternational.com\/de\/wp-json\/wp\/v2\/comments?post=31479"}],"version-history":[{"count":6,"href":"https:\/\/www.sisinternational.com\/de\/wp-json\/wp\/v2\/pages\/31479\/revisions"}],"predecessor-version":[{"id":81842,"href":"https:\/\/www.sisinternational.com\/de\/wp-json\/wp\/v2\/pages\/31479\/revisions\/81842"}],"up":[{"embeddable":true,"href":"https:\/\/www.sisinternational.com\/de\/wp-json\/wp\/v2\/pages\/14514"}],"wp:featuredmedia":[{"embeddable":true,"href":"https:\/\/www.sisinternational.com\/de\/wp-json\/wp\/v2\/media\/64419"}],"wp:attachment":[{"href":"https:\/\/www.sisinternational.com\/de\/wp-json\/wp\/v2\/media?parent=31479"}],"curies":[{"name":"wp","href":"https:\/\/api.w.org\/{rel}","templated":true}]}}