{"id":31453,"date":"2019-04-14T22:33:04","date_gmt":"2019-04-14T22:33:04","guid":{"rendered":"https:\/\/www.sisinternational.com\/?page_id=31453"},"modified":"2025-09-13T23:19:07","modified_gmt":"2025-09-14T03:19:07","slug":"devops-marktforschung","status":"publish","type":"page","link":"https:\/\/www.sisinternational.com\/de\/sachverstand\/devops-marktforschung\/","title":{"rendered":"DevOps-Marktforschung"},"content":{"rendered":"<h1 class=\"wp-block-heading\"><span style=\"font-weight: 400;\">DevOps-Marktforschung<\/span><\/h1>\n\n\n\n<figure class=\"gb-block-image gb-block-image-45134c7a\"><img loading=\"lazy\" decoding=\"async\" width=\"1456\" height=\"816\" class=\"gb-image gb-image-45134c7a\" src=\"https:\/\/www.sisinternational.com\/wp-content\/uploads\/2025\/08\/Tech-19.jpg\" alt=\"SIS International Marktforschung &amp; Strategie\" title=\"Tech (19)\" srcset=\"https:\/\/www.sisinternational.com\/wp-content\/uploads\/2025\/08\/Tech-19.jpg 1456w, https:\/\/www.sisinternational.com\/wp-content\/uploads\/2025\/08\/Tech-19-300x168.jpg 300w, https:\/\/www.sisinternational.com\/wp-content\/uploads\/2025\/08\/Tech-19-1024x574.jpg 1024w, https:\/\/www.sisinternational.com\/wp-content\/uploads\/2025\/08\/Tech-19-768x430.jpg 768w, https:\/\/www.sisinternational.com\/wp-content\/uploads\/2025\/08\/Tech-19-18x10.jpg 18w\" sizes=\"auto, (max-width: 1456px) 100vw, 1456px\"><\/figure>\n\n\n\n<p><\/p>\n\n\n\n<p><span style=\"font-weight: 400;\">DevOps ist eine Reihe von Softwareentwicklungsprozessen, die Softwareentwicklung und IT-Operationen kombinieren, um den Lebenszyklus der Systementwicklung zu beschleunigen. DevOps ist eine Verschmelzung zweier W\u00f6rter: Entwicklung und Betrieb. Beide Teams haben unterschiedliche Verantwortlichkeiten im Anwendungs-Release-Management-Zyklus. Es ist eher mit Kommunikation, Zusammenarbeit und Feedback zwischen verschiedenen Beteiligten verbunden, darunter Entwickler, Tester und die Infrastruktur-, Konfigurationsmanagement- und Bereitstellungsteams.<\/span><\/p>\n\n\n\n<h2 class=\"wp-block-heading\">Vorteile von DevOps<\/h2>\n\n\n\n<p><span style=\"font-weight: 400;\">DevOps has made it easy to cut out all the small hurdles that used to keep developers glued to their seats for days at a time. It has also removed the problems faced by the developer and operation team. Both parties had problems while communicating the project. It has bought reliability between the groups by increasing efficiency and consistency. The <a href=\"https:\/\/www.sisinternational.com\/de\/losungen\/fintech-strategieberatung-forschung\/beratung-zur-kundengewinnung-im-finanzdienstleistungsbereich\/\" title=\"Beratung zur Kundengewinnung im Finanzdienstleistungsbereich\"  data-wpil-monitor-id=\"8022\">customers can now receive better service<\/a>, and the development and operation team can meet their goals in a much more efficient manner.<\/span><\/p>\n\n\n\n<h2 class=\"wp-block-heading\"><span style=\"font-weight: 400;\">Warum ist DevOps gut f\u00fcr das Unternehmenswachstum?<\/span><\/h2>\n\n\n\n<p><span style=\"font-weight: 400;\">Zwei W\u00f6rter beschreiben DevOps: Flexibilit\u00e4t und Mobilit\u00e4t. Tests und Kundenfeedback sind eine gro\u00dfe Sache, wenn es darum geht, ein gutes Produkt zu entwickeln. Das gew\u00fcnschte Ergebnis ist, dass Ihr Produkt den ersten Anlauf \u00fcberdauert. Daher ist es sinnvoll, Anpassungen vorzunehmen, wenn Sie m\u00f6chten, dass das Produkt relevant bleibt und seine Aufgabe erf\u00fcllt. Anpassungen sind nicht gerade die einfachste Sache. Unternehmen haben manchmal lange Iterationszyklen. Sie m\u00fcssen auch gro\u00dfe Teams skalieren.<\/span><\/p>\n\n\n\n<p><span style=\"font-weight: 400;\">Die Hauptaufgabe eines DevOps-Ingenieurs oder -Spezialisten besteht darin, sicherzustellen, dass die Software funktioniert. Sie muss sowohl aus Sicht der Entwickler als auch aus Sicht der Infrastruktur funktionieren.<\/span><\/p>\n\n\n\n<p><span style=\"font-weight: 400;\">When you put a DevOps culture in place, it enables you to make effective, prompt changes.&nbsp; The result is better <a href=\"https:\/\/www.sisinternational.com\/de\/sachverstand\/lebenslaufe\/marktforschung-fur-korperpflegeprodukte\/\" title=\"Marktforschung f\u00fcr K\u00f6rperpflegeprodukte\"  data-wpil-monitor-id=\"8019\">products that perform better in the market<\/a>.<\/span><\/p>\n\n\n\n<h2 class=\"wp-block-heading\"><span style=\"font-weight: 400;\">Was sind die Hauptvorteile von DevOps?<\/span><\/h2>\n\n\n\n<p><span style=\"font-weight: 400;\">Unternehmen, die DevOps einf\u00fchren, berichten von bemerkenswerten Verbesserungen. Einige der Verbesserungen sind:<\/span><\/p>\n\n\n\n<ul class=\"wp-block-list\">\n<li><span style=\"font-weight: 400;\"><strong>Schnellere Markteinf\u00fchrung<\/strong>DevOps verk\u00fcrzt die Zeitspanne zwischen der Konzeption einer Idee und der Zeit, die erforderlich ist, um in Produktion zu gehen und zum Verkauf verf\u00fcgbar zu sein<\/span><\/li>\n\n\n\n<li><strong>Kostensenkung<\/strong><\/li>\n\n\n\n<li><span style=\"font-weight: 400;\"><strong>Erh\u00f6hte Produktivit\u00e4t<\/strong> mit kontinuierlicher Bereitstellung, Entwicklern und Testern. Diese Verbesserung spart Zeit bei der Erstellung und Wartung von Arbeitsumgebungen. Es f\u00fchrt zu schnelleren Bereitstellungen<\/span><\/li>\n\n\n\n<li><strong>Schnelleres Feedback von Benutzern<\/strong><\/li>\n\n\n\n<li><span style=\"font-weight: 400;\"><strong>Bessere Produktqualit\u00e4t<\/strong>Viele Unternehmen berichten von einem deutlichen R\u00fcckgang offener Bugs und anderer Probleme<\/span><\/li>\n\n\n\n<li><span style=\"font-weight: 400;\"><strong>Zuverl\u00e4ssige Ver\u00f6ffentlichungen<\/strong>Wenn Unternehmen regelm\u00e4\u00dfige Releases herausbringen, bedeutet das auch, dass weniger Fehler auftreten und die Auswirkungen auf die Benutzer geringer sind.<\/span><\/li>\n\n\n\n<li><strong>Mehr Kundenzufriedenheit<\/strong><\/li>\n<\/ul>\n\n\n\n<h2 class=\"wp-block-heading\"><span style=\"font-weight: 400;\">Wie funktioniert DevOps?<\/span><\/h2>\n\n\n\n<p><span style=\"font-weight: 400;\">Unternehmen, die das DevOps-Modell verwenden, isolieren ihre Entwicklungs- und Betriebsteams nicht. Stattdessen verschmelzen sie zu einer Einheit. Die Ingenieure durchlaufen dann den gesamten Anwendungslebenszyklus. Sie beginnen mit der Entwicklung und dem Testen und gehen \u00fcber zur Bereitstellung bis hin zum Betrieb. Dabei entwickeln sie mehrere F\u00e4higkeiten, die nicht auf eine einzige Funktion beschr\u00e4nkt sind.<\/span><\/p>\n\n\n\n<p><span style=\"font-weight: 400;\">Qualit\u00e4tssicherungs- und Sicherheitsteams k\u00f6nnen auch mit Entwicklungs- und Betriebsteams fusionieren. Diese Fusionen finden w\u00e4hrend des gesamten Anwendungslebenszyklus statt. Wenn Sicherheit im Mittelpunkt eines DevOps-Teams steht, bezeichnen Forscher dies manchmal als DevSecOps.<\/span><\/p>\n\n\n\n<p><span style=\"font-weight: 400;\">Diese Teams haben Wege gefunden, Prozesse zu automatisieren, die fr\u00fcher manuell und langsam waren. Dieser Prozess hilft ihnen, Innovationen zu schaffen und neue Anwendungen zu erstellen. Mit diesen Tools k\u00f6nnen Ingenieure auch Aufgaben erledigen, f\u00fcr die fr\u00fcher die Hilfe anderer Teams erforderlich war. Beispielsweise wird die Bereitstellung von Code oder Infrastruktur einfacher.<\/span><\/p>\n\n\n\n<h2 class=\"wp-block-heading\"><span style=\"font-weight: 400;\">Warum ist Marktforschung f\u00fcr DevOps wichtig?<\/span><\/h2>\n\n\n\n<p><span style=\"font-weight: 400;\">Market Research is a comprehensive, organized process that involves the gathering of relevant and informative data for a product, service, or market. <a href=\"https:\/\/www.sisinternational.com\/de\/losungen\/strategieberatung\/datenanalyse\/\" title=\"Datenanalyse-Unternehmen\"  data-wpil-monitor-id=\"8024\">Companies use this data<\/a> to examine and analyze the prevailing market scenario. They also make projections for use in business <a href=\"https:\/\/www.sisinternational.com\/de\/losungen\/sis-globales-wachstum\/strategische-planungsberatung\/\" title=\"Strategische Planungsberatung\"  data-wpil-monitor-id=\"8020\">planning and strategic<\/a> moves.<\/span><\/p>\n\n\n\n<p><span style=\"font-weight: 400;\">Here are some <a href=\"https:\/\/www.sisinternational.com\/de\/sachverstand\/branchen\/pharmacy-benefit-manager-pbm-marktforschung\/\" title=\"Pharmacy Benefit Manager (PBM) Marktforschung\"  data-wpil-monitor-id=\"8018\">benefits of Market Research<\/a>:<\/span><\/p>\n\n\n\n<ul class=\"wp-block-list\">\n<li><span style=\"font-weight: 400;\">Hilft bei der Zukunftsplanung des Unternehmens, zum Beispiel:<\/span>\n<ul class=\"wp-block-list\">\n<li><span style=\"font-weight: 400;\">Sollte das Unternehmen seine Produktlinie erweitern?<\/span><\/li>\n\n\n\n<li><span style=\"font-weight: 400;\">Wird die neue Ware Gewinn abwerfen?<\/span><\/li>\n<\/ul>\n<\/li>\n\n\n\n<li><span style=\"font-weight: 400;\">Erleichtert den Entscheidungsprozess<\/span><\/li>\n\n\n\n<li><span style=\"font-weight: 400;\">Liefert genaue Daten (und entlarvt so Gesch\u00e4ftsmythen und pers\u00f6nliche Urteile).<\/span><\/li>\n\n\n\n<li><span style=\"font-weight: 400;\">Es reduziert das Risiko.<\/span><\/li>\n\n\n\n<li><span style=\"font-weight: 400;\">Hilft bei der Erkennung der Wettbewerbsvorteile des Unternehmens.<\/span><\/li>\n<\/ul>\n\n\n\n<h2 class=\"wp-block-heading\"><span style=\"font-weight: 400;\">Quantitative Marktforschung<\/span><\/h2>\n\n\n\n<p><span style=\"font-weight: 400;\">This process generates numerical data, which <a href=\"https:\/\/www.sisinternational.com\/de\/losungen\/strategieberatung\/marktforschung\/\" title=\"Marktforschung\"  data-wpil-monitor-id=\"8021\">assesses the market&#8217;s<\/a> events and needs. <a href=\"https:\/\/www.sisinternational.com\/de\/top-branchenanalyseunternehmen-in-new-york\/\" title=\"Top-Unternehmen f\u00fcr Branchenanalysen in NY\"  data-wpil-monitor-id=\"8023\">Companies use it for statistical analysis<\/a> using different mathematical and computational methods. It quantifies attitudes, opinions, and behavior of a section of the user base. The researcher then extrapolates the data for the complete sample. We provide questionnaire development and surveys among DevOps professionals.<\/span><\/p>\n\n\n\n<h2 class=\"wp-block-heading\"><span style=\"font-weight: 400;\">Qualitative Marktforschung<\/span><\/h2>\n\n\n\n<p><span style=\"font-weight: 400;\">This type of research explores a variety of options and collects opinions. <a href=\"https:\/\/www.sisinternational.com\/de\/abdeckung\/europa\/marktforschung-liverpool-grosbritannien\/\" title=\"Marktforschung in Liverpool | Fokusgruppen und Datenerfassung in Gro\u00dfbritannien\"  data-wpil-monitor-id=\"8017\">Researchers collect qualitative data through group<\/a> discussions, interviews, and so on. The company uses insights gleaned to examine different business decisions. We often conduct research interviews with DevOps professionals.&nbsp; We connect you with DevOps professionals and engineers.<\/span><\/p>\n\n\n\n<p><\/p>","protected":false},"excerpt":{"rendered":"<p>Wir bieten DevOps-Marktforschung an, um Sie mit hochrangigen Technologieexperten zu vernetzen.<\/p>","protected":false},"author":1,"featured_media":62736,"parent":14514,"menu_order":43,"comment_status":"closed","ping_status":"closed","template":"","meta":{"footnotes":""},"class_list":["post-31453","page","type-page","status-publish","has-post-thumbnail"],"_links":{"self":[{"href":"https:\/\/www.sisinternational.com\/de\/wp-json\/wp\/v2\/pages\/31453","targetHints":{"allow":["GET"]}}],"collection":[{"href":"https:\/\/www.sisinternational.com\/de\/wp-json\/wp\/v2\/pages"}],"about":[{"href":"https:\/\/www.sisinternational.com\/de\/wp-json\/wp\/v2\/types\/page"}],"author":[{"embeddable":true,"href":"https:\/\/www.sisinternational.com\/de\/wp-json\/wp\/v2\/users\/1"}],"replies":[{"embeddable":true,"href":"https:\/\/www.sisinternational.com\/de\/wp-json\/wp\/v2\/comments?post=31453"}],"version-history":[{"count":3,"href":"https:\/\/www.sisinternational.com\/de\/wp-json\/wp\/v2\/pages\/31453\/revisions"}],"predecessor-version":[{"id":81351,"href":"https:\/\/www.sisinternational.com\/de\/wp-json\/wp\/v2\/pages\/31453\/revisions\/81351"}],"up":[{"embeddable":true,"href":"https:\/\/www.sisinternational.com\/de\/wp-json\/wp\/v2\/pages\/14514"}],"wp:featuredmedia":[{"embeddable":true,"href":"https:\/\/www.sisinternational.com\/de\/wp-json\/wp\/v2\/media\/62736"}],"wp:attachment":[{"href":"https:\/\/www.sisinternational.com\/de\/wp-json\/wp\/v2\/media?parent=31453"}],"curies":[{"name":"wp","href":"https:\/\/api.w.org\/{rel}","templated":true}]}}