{"id":31437,"date":"2019-04-14T21:33:30","date_gmt":"2019-04-14T21:33:30","guid":{"rendered":"https:\/\/www.sisinternational.com\/?page_id=31437"},"modified":"2026-01-24T19:00:08","modified_gmt":"2026-01-25T00:00:08","slug":"marktforschung-fur-minimal-funktionsfahige-produkte","status":"publish","type":"page","link":"https:\/\/www.sisinternational.com\/de\/losungen\/strategieberatung\/marktforschung-fur-minimal-funktionsfahige-produkte\/","title":{"rendered":"Marktforschung f\u00fcr minimal funktionsf\u00e4hige Produkte"},"content":{"rendered":"<h1 class=\"wp-block-heading\"><span style=\"font-weight: 400;\">Marktforschung f\u00fcr minimal funktionsf\u00e4hige Produkte<\/span><\/h1>\n\n\n\n<figure class=\"gb-block-image gb-block-image-58638728\"><img loading=\"lazy\" decoding=\"async\" width=\"1456\" height=\"816\" class=\"gb-image gb-image-58638728\" src=\"https:\/\/www.sisinternational.com\/wp-content\/uploads\/2025\/08\/Qualitative-research-1.jpg\" alt=\"SIS International Marktforschung &amp; Strategie\" title=\"Qualitative research (1)\" srcset=\"https:\/\/www.sisinternational.com\/wp-content\/uploads\/2025\/08\/Qualitative-research-1.jpg 1456w, https:\/\/www.sisinternational.com\/wp-content\/uploads\/2025\/08\/Qualitative-research-1-300x168.jpg 300w, https:\/\/www.sisinternational.com\/wp-content\/uploads\/2025\/08\/Qualitative-research-1-1024x574.jpg 1024w, https:\/\/www.sisinternational.com\/wp-content\/uploads\/2025\/08\/Qualitative-research-1-768x430.jpg 768w, https:\/\/www.sisinternational.com\/wp-content\/uploads\/2025\/08\/Qualitative-research-1-18x10.jpg 18w\" sizes=\"auto, (max-width: 1456px) 100vw, 1456px\"><\/figure>\n\n\n\n<p><\/p>\n\n\n\n<p><span style=\"font-weight: 400;\">Das Minimum Viable Product (MVP) ist der Kernfokus f\u00fcr Unternehmensgr\u00fcndungen. Es befasst sich mit der qualitativen Marktanalyse von Produkten, die von potenziellen Kunden verwendet werden. Im eigentlichen Sinne zielt MVP darauf ab, Unternehmen davon abzuhalten, Produkte zu bauen, die die Kunden nicht brauchen. Es \u00e4hnelt dem \u201eLean\u201c-Gesch\u00e4ftsmodell, das darauf abzielt, Verschwendung in Produkten und Prozessen zu vermeiden. \u201eLean\u201c tut dies, w\u00e4hrend die Kundenw\u00fcnsche erf\u00fcllt werden.<\/span><\/p>\n\n\n\n<h2 class=\"wp-block-heading\">Was ist ein MVP?<\/h2>\n\n\n\n<p><span style=\"font-weight: 400;\">The term describes a version of a new product, which allows a team to collect the maximum amount of validated learning about customers with the least effort.&nbsp; MVPs are used in innovation approaches that encourage Rapid Experimentation in fast-paced industries. An MVP can be developed and tested with the assistance of Market Research.<\/span><\/p>\n\n\n\n<p><span style=\"font-weight: 400;\">Diese neue Version hat viele Definitionsvorschl\u00e4ge hervorgebracht. Sie hat Marktforschungsexperten auch dazu veranlasst, neue Methoden zu entwickeln. Um die Methoden besser zu verstehen, kann Marktforschung MVPs beim Wachstum helfen.<\/span><\/p>\n\n\n\n<h2 class=\"wp-block-heading\">So entwickeln Sie MVPs<\/h2>\n\n\n\n<p><span style=\"font-weight: 400;\">Die folgenden einfachen Schritte k\u00f6nnen bei der Entwicklung eines Minimum Viable Product hilfreich sein:<\/span><\/p>\n\n\n\n<ul class=\"wp-block-list\">\n<li><span style=\"font-weight: 400;\">F\u00fchren Sie eine gr\u00fcndliche Marktforschung durch.<\/span><\/li>\n\n\n\n<li><span style=\"font-weight: 400;\">Stellen Sie sich wichtige Fragen wie: \u201eWelches Problem l\u00f6st Ihr Produkt?\u201c \u201eWas ist die Zielgruppe?\u201c \u201eWarum sollten Verbraucher Ihr Produkt kaufen wollen?\u201c<\/span><\/li>\n\n\n\n<li><span style=\"font-weight: 400;\">Entwerfen Sie einen Benutzerfluss und eine UX \u2013 definieren Sie die Prozessphasen.<\/span><\/li>\n\n\n\n<li><span style=\"font-weight: 400;\">Listen Sie alle gew\u00fcnschten Funktionen auf.<\/span><\/li>\n\n\n\n<li><span style=\"font-weight: 400;\">Fahren Sie mit der Entwicklung Ihres MVP fort<\/span><\/li>\n<\/ul>\n\n\n\n<p><span style=\"font-weight: 400;\">MVP und Lean werden in der heutigen schnelllebigen Gesch\u00e4ftswelt immer beliebter. Einer der Vorteile von Startups besteht darin, dass sie Unternehmern zeigen, wie sie ein nachhaltiges Gesch\u00e4ft aufbauen k\u00f6nnen. Sie k\u00f6nnen dieses Lernen wissenschaftlich \u00fcberpr\u00fcfen, indem sie verschiedene Experimente durchf\u00fchren. MVP ist eine Methode zur Messung des Fortschritts im Kontext von Unsicherheit.<\/span><\/p>\n\n\n\n<h2 class=\"wp-block-heading\">Wie kann Ihnen die Marktforschung bei der Entwicklung von MVPs helfen?<\/h2>\n\n\n\n<p><span style=\"font-weight: 400;\">Unternehmer sollten ihre Ideen und Konzepte zun\u00e4chst durch gr\u00fcndliche Marktforschung und -analyse testen.<\/span><\/p>\n\n\n\n<p><span style=\"font-weight: 400;\">Market Researchers look for data about people or competitive on markets and companies. They then analyze it to understand the needs of your potential customers better. They use methods such as market surveys to study the needs of your customers. <a href=\"https:\/\/www.sisinternational.com\/de\/kennzeichnung-von-nahrungsmitteln-in-asien\/\" title=\"Kennzeichnung und Ern\u00e4hrungsprodukte in Asien Marktforschung\"  data-wpil-monitor-id=\"2489\">Market research ensures that your product<\/a> fulfills customers&#8217; needs.<\/span><\/p>\n\n\n\n<h2 class=\"wp-block-heading\">Qualitative Forschungsmethoden<\/h2>\n\n\n\n<p><span style=\"font-weight: 400;\">Bei der qualitativen Methode handelt es sich um eine eingehende Untersuchung der Zielkunden. Dabei geht es nicht nur um die Bed\u00fcrfnisse der Menschen oder darum, was sie denken, sondern vielmehr darum, \u201ewarum sie denken\u201c. <\/span><\/p>\n\n\n\n<p><span style=\"font-weight: 400;\">Bei der Marktforschung ist es wichtig, sich auf das \u201eWarum\u201c hinter dem Kundenverhalten zu konzentrieren. Das ist das Erste, was Sie tun sollten, wenn Sie inspiriert sind, ein Produkt auf den Markt zu bringen. Sie k\u00f6nnen pers\u00f6nliche Interviews und Gruppendiskussionen mit Menschen durchf\u00fchren. Dies sind die besten M\u00f6glichkeiten, um ausf\u00fchrliches Feedback zu erhalten. Stellen Sie Fragen wie:<\/span><\/p>\n\n\n\n<ul class=\"wp-block-list\">\n<li><span style=\"font-weight: 400;\">Ist es einfach zu bedienen?<\/span><\/li>\n\n\n\n<li><span style=\"font-weight: 400;\">Ist das Design ansprechend?<\/span><\/li>\n\n\n\n<li><span style=\"font-weight: 400;\">Was halten Sie von der Verpackung?<\/span><\/li>\n\n\n\n<li><span style=\"font-weight: 400;\">Ist der Preis angemessen?<\/span><\/li>\n<\/ul>\n\n\n\n<h2 class=\"wp-block-heading\">Quantitative Forschungsmethoden<\/h2>\n\n\n\n<p><span style=\"font-weight: 400;\">Bei der quantitativen Forschungsmethode werden Umfragen und Kundenfrageb\u00f6gen verwendet. Sie ist n\u00fctzlich, um Feedback von potenziellen Kunden zu erhalten. Es ist wichtig, dass die Forscher bei der Auswahl der Umfragefragen sorgf\u00e4ltig vorgehen. Die Ergebnisse m\u00fcssen aussagekr\u00e4ftige Daten liefern. Stellen Sie Fragen wie \u201eWie oft besuchen Sie ein Einzelhandelsgesch\u00e4ft?\u201c, \u201eWelche Produkte kaufen Sie?\u201c, \u201eWarum kaufen Sie sie?\u201c, \u201eAn welchem Ort kaufen Sie ein?\u201c <\/span><\/p>\n\n\n\n<p><span style=\"font-weight: 400;\">Quantitative Forschung kann ein klareres Bild vom Verbraucherverhalten liefern. Die gewonnenen Daten k\u00f6nnen Ihnen auch als Orientierungshilfe bei Ihren Gesch\u00e4ftsentscheidungen dienen.<\/span><\/p>\n\n\n\n<h2 class=\"wp-block-heading\">Wettbewerbsanalyse<\/h2>\n\n\n\n<p><span style=\"font-weight: 400;\"><a class=\"wpil_keyword_link\" href=\"https:\/\/www.sisinternational.com\/de\/sachverstand\/branchen\/konkurrenzanalyse\/\"   title=\"Wettbewerbsanalyse\" data-wpil-keyword-link=\"linked\"  data-wpil-monitor-id=\"454\">Competitor research<\/a> analyzes the strengths and weaknesses of your existing and prospective competitors. Additionally, it provides strategies to identify potential opportunities and threats. <\/span><\/p>\n\n\n\n<p><span style=\"font-weight: 400;\">Anschlie\u00dfend m\u00fcssen Sie nur noch neue Funktionen und Strategien entwickeln, die funktionieren. Stellen Sie sicher, dass diese n\u00fctzlich sind, um schneller Kunden zu gewinnen als Ihre Konkurrenten. Ja, das ist m\u00f6glich! Wir empfehlen Ihnen, die SWOT-Analyse durchzuf\u00fchren \u2013 eine Analyse der St\u00e4rken, Schw\u00e4chen, Chancen und Risiken.<\/span><\/p>\n\n\n\n<h2 class=\"wp-block-heading\">Vorteile eines Minimum Viable Product<\/h2>\n\n\n\n<p><span style=\"font-weight: 400;\">Die Erstellung eines MVP bietet noch mehrere weitere Vorteile:<\/span><\/p>\n\n\n\n<ul class=\"wp-block-list\">\n<li><span style=\"font-weight: 400;\">Es testet das Produkt unter realen Marktbedingungen.<\/span><\/li>\n\n\n\n<li><span style=\"font-weight: 400;\">Es hilft Unternehmen, sich auf die Hauptmerkmale des Produkts zu konzentrieren.<\/span><\/li>\n\n\n\n<li><span style=\"font-weight: 400;\">Es reduziert die Produktkosten und die Zeit.<\/span><\/li>\n\n\n\n<li><span style=\"font-weight: 400;\">Es beschleunigt die Lernkurve des Teams.<\/span><\/li>\n\n\n\n<li><span style=\"font-weight: 400;\">Es entsteht ein agiler und iterativer Prozess.<\/span><\/li>\n\n\n\n<li><span style=\"font-weight: 400;\">Es bewahrt das Unternehmen vor einem m\u00f6glichen Scheitern.<\/span><\/li>\n<\/ul>\n\n\n\n<h2 class=\"wp-block-heading\">\u00dcber die Marktforschung zum Minimum Viable Product<\/h2>\n\n\n\n<p>SIS is a leading <a class=\"wpil_keyword_link\" href=\"https:\/\/www.sisinternational.com\/de\/abdeckung\/\"   title=\"Marktforschungsabdeckung\" data-wpil-keyword-link=\"linked\"  data-wpil-monitor-id=\"455\">Globale Marktforschung<\/a> and Strategy Consulting company.&nbsp; We provide research, data, analysis and strategy to enhance your product development process.&nbsp; Key tools we use:<\/p>\n\n\n\n<ul class=\"wp-block-list\">\n<li>Fokusgruppen und Kundeninterviews<\/li>\n\n\n\n<li>Gemeinsame Kreation<\/li>\n\n\n\n<li>Umfragen<\/li>\n\n\n\n<li>Agiles Produkttesten<\/li>\n\n\n\n<li>Agile Sprints<\/li>\n\n\n\n<li>Online-Insight-Communitys<\/li>\n<\/ul>\n\n\n\n<p><\/p>","protected":false},"excerpt":{"rendered":"<p>Wir bieten Marktforschung und Strategie f\u00fcr minimal funktionsf\u00e4hige Produkte.<\/p>","protected":false},"author":1,"featured_media":65095,"parent":14567,"menu_order":12,"comment_status":"closed","ping_status":"closed","template":"","meta":{"footnotes":""},"class_list":["post-31437","page","type-page","status-publish","has-post-thumbnail"],"_links":{"self":[{"href":"https:\/\/www.sisinternational.com\/de\/wp-json\/wp\/v2\/pages\/31437","targetHints":{"allow":["GET"]}}],"collection":[{"href":"https:\/\/www.sisinternational.com\/de\/wp-json\/wp\/v2\/pages"}],"about":[{"href":"https:\/\/www.sisinternational.com\/de\/wp-json\/wp\/v2\/types\/page"}],"author":[{"embeddable":true,"href":"https:\/\/www.sisinternational.com\/de\/wp-json\/wp\/v2\/users\/1"}],"replies":[{"embeddable":true,"href":"https:\/\/www.sisinternational.com\/de\/wp-json\/wp\/v2\/comments?post=31437"}],"version-history":[{"count":5,"href":"https:\/\/www.sisinternational.com\/de\/wp-json\/wp\/v2\/pages\/31437\/revisions"}],"predecessor-version":[{"id":76833,"href":"https:\/\/www.sisinternational.com\/de\/wp-json\/wp\/v2\/pages\/31437\/revisions\/76833"}],"up":[{"embeddable":true,"href":"https:\/\/www.sisinternational.com\/de\/wp-json\/wp\/v2\/pages\/14567"}],"wp:featuredmedia":[{"embeddable":true,"href":"https:\/\/www.sisinternational.com\/de\/wp-json\/wp\/v2\/media\/65095"}],"wp:attachment":[{"href":"https:\/\/www.sisinternational.com\/de\/wp-json\/wp\/v2\/media?parent=31437"}],"curies":[{"name":"wp","href":"https:\/\/api.w.org\/{rel}","templated":true}]}}