{"id":31367,"date":"2019-03-26T22:22:47","date_gmt":"2019-03-26T22:22:47","guid":{"rendered":"https:\/\/www.sisinternational.com\/?page_id=31367"},"modified":"2026-01-26T14:21:56","modified_gmt":"2026-01-26T19:21:56","slug":"online-gaming-sportwetten-casino-marktforschung","status":"publish","type":"page","link":"https:\/\/www.sisinternational.com\/de\/sachverstand\/online-gaming-sportwetten-casino-marktforschung\/","title":{"rendered":"Marktforschung f\u00fcr Online-Gaming, Sportwetten und Casinos"},"content":{"rendered":"<h1 class=\"wp-block-heading\">Marktforschung f\u00fcr Online-Gaming, Sportwetten und Casinos<\/h1>\n\n\n\n<figure class=\"gb-block-image gb-block-image-ada045c6\"><img loading=\"lazy\" decoding=\"async\" width=\"1456\" height=\"816\" class=\"gb-image gb-image-ada045c6\" src=\"https:\/\/www.sisinternational.com\/wp-content\/uploads\/2025\/08\/esports-gaming-e-sports9.jpg\" alt=\"SIS International Marktforschung &amp; Strategie\" title=\"esports gaming e-sports(9)\" srcset=\"https:\/\/www.sisinternational.com\/wp-content\/uploads\/2025\/08\/esports-gaming-e-sports9.jpg 1456w, https:\/\/www.sisinternational.com\/wp-content\/uploads\/2025\/08\/esports-gaming-e-sports9-300x168.jpg 300w, https:\/\/www.sisinternational.com\/wp-content\/uploads\/2025\/08\/esports-gaming-e-sports9-1024x574.jpg 1024w, https:\/\/www.sisinternational.com\/wp-content\/uploads\/2025\/08\/esports-gaming-e-sports9-768x430.jpg 768w, https:\/\/www.sisinternational.com\/wp-content\/uploads\/2025\/08\/esports-gaming-e-sports9-18x10.jpg 18w\" sizes=\"auto, (max-width: 1456px) 100vw, 1456px\"><\/figure>\n\n\n\n<p><\/p>\n\n\n\n<p>Sports gambling is now legal in most US states. In May 2018 the Supreme Court ruled 6:3 to strike down the Professional and Amateur Sports Protection Act. This was a federal law that barred online gaming. It had made Nevada the only state where a person could bet on the results of a single game. By striking it down, the Court gave states the go-ahead to legalize <a href=\"https:\/\/www.sisinternational.com\/de\/sachverstand\/branchen\/sportwetten-marktforschung\/\" title=\"Sportwetten-Marktforschung\"  data-wpil-monitor-id=\"3984\">betting on sports<\/a>.<\/p>\n\n\n\n<h2 class=\"wp-block-heading\">Chancen bei Online-Zahlungen<\/h2>\n\n\n\n<p>Die Legalisierung bedeutet, dass Sportwetten, Online-Casinos und Gl\u00fccksspiele zusammenwachsen. Die Bundesregierung beschr\u00e4nkte die Zahlungen, als sie 2007 Online-Gl\u00fccksspiele verbot. Dieses Verbot f\u00fchrte dazu, dass viele Online-Unternehmen pleite gingen.<\/p>\n\n\n\n<p>Analysten gehen davon aus, dass sich im Laufe der Zeit viele \u00c4nderungen ergeben werden und dass die verschiedenen Plattformen letztendlich innerhalb derselben Regulierungs- und Rechtsrahmen agieren werden. Chancen ergeben sich sowohl f\u00fcr Online-Gaming-Plattformen als auch f\u00fcr Zahlungsabwickler. Die Zeit ist reif, um von diesem aufstrebenden Markt zu profitieren.<\/p>\n\n\n\n<h2 class=\"wp-block-heading\">Warum ist Marktforschung wichtig?<\/h2>\n\n\n\n<p>It would be best if you never underrated the benefits of a good market research exercise. Online gaming and sports betting are now moving to the mainstream. If you don\u2019t do research, it\u2019s sure to affect the bottom line. Research helps with the testing and promoting of new gaming products. A proper analysis also assists marketers in finding out consumer response to their product offerings. <a href=\"https:\/\/www.sisinternational.com\/de\/sachverstand\/branchen\/marktforschung-fur-online-dating-apps\/\" title=\"Marktforschung f\u00fcr Online-Dating-Apps\"  data-wpil-monitor-id=\"5946\">Market research can help online<\/a> platforms to identify opportunities in the marketplace.<\/p>\n\n\n\n<h2 class=\"wp-block-heading\">Qualitative Marktforschung<\/h2>\n\n\n\n<p>Qualitative Marktforschung beobachtet das Verbraucherverhalten. Der Forscher kann Themen und Probleme eingehend testen, w\u00e4hrend er neue Informationen erh\u00e4lt. Bei SIS Research verwenden wir mehrere Tools, um qualitative Daten zu sammeln:<\/p>\n\n\n\n<ul class=\"wp-block-list\">\n<li><strong>Schwerpunktgruppen: <\/strong>An dieser Forschungstechnik wird eine kleine Gruppe von Personen beteiligt. Diese Art von Gruppe weist einen Standardsatz von Merkmalen auf. Ein Moderator leitet sie durch eine Diskussion \u00fcber vorgegebene Themen.<\/li>\n\n\n\n<li><strong>Kundeninterviews: <\/strong>Diese Methode ist f\u00fcr Anbieter n\u00fctzlich, die detaillierte Informationen w\u00fcnschen. Sie erhalten dadurch Einblick in die Gedanken und Verhaltensweisen ihrer Kunden. Jeder Befragte liefert dem Interviewer einzigartige Punkte. Andere Personen k\u00f6nnen ihre Antworten nicht beeinflussen, wie dies h\u00e4ufig bei Fokusgruppen der Fall ist.<\/li>\n\n\n\n<li><strong>Ethnographie: <\/strong>Diese Art der Recherche ist zu Beginn eines Projekts n\u00fctzlich. Denn sie kann zuk\u00fcnftige Designentscheidungen unterst\u00fctzen. Neue Online-Plattformen k\u00f6nnen sie nutzen, um unerwartete Probleme zu identifizieren und zu analysieren. Es ist wichtig, die Ethnographie Ihrer Zielgruppe zu kennen, wenn Sie sich im Internet etablieren.<\/li>\n<\/ul>\n\n\n\n<h2 class=\"wp-block-heading\">Quantitative Marktforschung<\/h2>\n\n\n\n<figure class=\"gb-block-image gb-block-image-2a513069\"><img loading=\"lazy\" decoding=\"async\" width=\"1456\" height=\"816\" class=\"gb-image gb-image-2a513069\" src=\"https:\/\/www.sisinternational.com\/wp-content\/uploads\/2025\/08\/Gaming-gamer-16.jpg\" alt=\"SIS International Marktforschung &amp; Strategie\" title=\"Gaming gamer (16)\" srcset=\"https:\/\/www.sisinternational.com\/wp-content\/uploads\/2025\/08\/Gaming-gamer-16.jpg 1456w, https:\/\/www.sisinternational.com\/wp-content\/uploads\/2025\/08\/Gaming-gamer-16-300x168.jpg 300w, https:\/\/www.sisinternational.com\/wp-content\/uploads\/2025\/08\/Gaming-gamer-16-1024x574.jpg 1024w, https:\/\/www.sisinternational.com\/wp-content\/uploads\/2025\/08\/Gaming-gamer-16-768x430.jpg 768w, https:\/\/www.sisinternational.com\/wp-content\/uploads\/2025\/08\/Gaming-gamer-16-18x10.jpg 18w\" sizes=\"auto, (max-width: 1456px) 100vw, 1456px\"><\/figure>\n\n\n\n<p><\/p>\n\n\n\n<p>F\u00fcr unsere quantitative Marktforschung verwenden wir Umfragen, Befragungen und Frageb\u00f6gen. Anschlie\u00dfend analysieren wir die Antworten und zeigen Ihnen, wie Sie Ihre Plattform verbessern k\u00f6nnen. Dies wiederum wird die Zufriedenheit Ihrer Kunden steigern. Quantitative Forschung hilft Ihnen, \u201ekundenorientiert\u201c zu werden.<\/p>\n\n\n\n<p>Eine unserer spielentscheidenden Fragen lautet: \u201eWie wahrscheinlich ist es auf einer Skala von 1 bis 10, dass Sie uns einem Freund oder Kollegen weiterempfehlen?\u201c Gaming-Plattformen k\u00f6nnen diese Frage verwenden, um zu bestimmen, wie viel mehr (oder weniger) sie ausgeben m\u00fcssen. Diese einzelne Frage hilft ihnen, ein Budget f\u00fcr bezahlte Werbeaktionen und Anzeigen festzulegen. Sie zeigt ihnen auch, wie gut ihre Mundpropaganda funktioniert. Sie k\u00f6nnen sie verwenden, um zu bestimmen, in welchen Bereichen ihrer Servicequalit\u00e4t Verbesserungen erforderlich sind.<\/p>\n\n\n\n<h2 class=\"wp-block-heading\">Strategische Forschung<\/h2>\n\n\n\n<p>Wir bieten strategische Forschung an, die Ihrer Plattform dabei helfen kann, Chancen zu erkennen und zu erkunden. Bei Bedarf k\u00f6nnen Sie diese Chancen priorisieren. Online-Gaming und Sportwetten sind f\u00fcr die meisten Staaten neu. Viele Unternehmer sind in diesen Bereich eingestiegen, weil sie strategische Forschung betrieben haben. Dadurch k\u00f6nnen Unternehmen unvoreingenommen pr\u00fcfen, ob ihr Betrieb voraussichtlich profitabel sein wird.<\/p>\n\n\n\n<p>Marktforschung ist ein unsch\u00e4tzbar wertvolles Instrument, das zwar langsam und teuer erscheinen mag, aber es ist eine Investition. Wenn Sie direkt zur Zielgruppe gehen, erfahren Sie die wahren Gef\u00fchle Ihrer Zielgruppe. Denken Sie daran, dass diese Menschen weniger an Ihren Gaming-Dienst gebunden sind als Sie selbst. Was w\u00fcrden Sie w\u00e4hlen: uninformiert zu bleiben und nur Annahmen zu treffen? Oder m\u00f6chten Sie lieber Erkenntnisse von einem Querschnitt Ihrer Kunden gewinnen?<\/p>\n\n\n\n<h2 class=\"wp-block-heading\"><a href=\"https:\/\/www.sisinternational.com\/de\/about-sis\/contact-sis-international-market-research\/\">Contact us for your next&nbsp;Online Gaming, Sports Betting and Casino Market Research project.<\/a><\/h2>","protected":false},"excerpt":{"rendered":"<p>Entdecken Sie neue M\u00f6glichkeiten durch Gesch\u00e4ftsforschung und Strategiel\u00f6sungen in der Online-Sportwettenbranche.<\/p>","protected":false},"author":1,"featured_media":64496,"parent":14514,"menu_order":42,"comment_status":"closed","ping_status":"closed","template":"","meta":{"footnotes":""},"class_list":["post-31367","page","type-page","status-publish","has-post-thumbnail"],"_links":{"self":[{"href":"https:\/\/www.sisinternational.com\/de\/wp-json\/wp\/v2\/pages\/31367","targetHints":{"allow":["GET"]}}],"collection":[{"href":"https:\/\/www.sisinternational.com\/de\/wp-json\/wp\/v2\/pages"}],"about":[{"href":"https:\/\/www.sisinternational.com\/de\/wp-json\/wp\/v2\/types\/page"}],"author":[{"embeddable":true,"href":"https:\/\/www.sisinternational.com\/de\/wp-json\/wp\/v2\/users\/1"}],"replies":[{"embeddable":true,"href":"https:\/\/www.sisinternational.com\/de\/wp-json\/wp\/v2\/comments?post=31367"}],"version-history":[{"count":4,"href":"https:\/\/www.sisinternational.com\/de\/wp-json\/wp\/v2\/pages\/31367\/revisions"}],"predecessor-version":[{"id":79618,"href":"https:\/\/www.sisinternational.com\/de\/wp-json\/wp\/v2\/pages\/31367\/revisions\/79618"}],"up":[{"embeddable":true,"href":"https:\/\/www.sisinternational.com\/de\/wp-json\/wp\/v2\/pages\/14514"}],"wp:featuredmedia":[{"embeddable":true,"href":"https:\/\/www.sisinternational.com\/de\/wp-json\/wp\/v2\/media\/64496"}],"wp:attachment":[{"href":"https:\/\/www.sisinternational.com\/de\/wp-json\/wp\/v2\/media?parent=31367"}],"curies":[{"name":"wp","href":"https:\/\/api.w.org\/{rel}","templated":true}]}}