{"id":31358,"date":"2019-03-26T05:05:20","date_gmt":"2019-03-26T05:05:20","guid":{"rendered":"https:\/\/www.sisinternational.com\/?page_id=31358"},"modified":"2025-09-13T23:03:21","modified_gmt":"2025-09-14T03:03:21","slug":"broadway-marktforschung","status":"publish","type":"page","link":"https:\/\/www.sisinternational.com\/de\/sachverstand\/broadway-marktforschung\/","title":{"rendered":"Broadway Marktforschung"},"content":{"rendered":"<h1 class=\"wp-block-heading\">Broadway Marktforschung<\/h1>\n\n\n\n<figure class=\"gb-block-image gb-block-image-f9014b10\"><img loading=\"lazy\" decoding=\"async\" width=\"1456\" height=\"816\" class=\"gb-image gb-image-f9014b10\" src=\"https:\/\/www.sisinternational.com\/wp-content\/uploads\/2025\/08\/Broadway-3.jpg\" alt=\"SIS International Marktforschung &amp; Strategie\" title=\"Broadway (3)\" srcset=\"https:\/\/www.sisinternational.com\/wp-content\/uploads\/2025\/08\/Broadway-3.jpg 1456w, https:\/\/www.sisinternational.com\/wp-content\/uploads\/2025\/08\/Broadway-3-300x168.jpg 300w, https:\/\/www.sisinternational.com\/wp-content\/uploads\/2025\/08\/Broadway-3-1024x574.jpg 1024w, https:\/\/www.sisinternational.com\/wp-content\/uploads\/2025\/08\/Broadway-3-768x430.jpg 768w, https:\/\/www.sisinternational.com\/wp-content\/uploads\/2025\/08\/Broadway-3-18x10.jpg 18w\" sizes=\"auto, (max-width: 1456px) 100vw, 1456px\"><\/figure>\n\n\n\n<p><\/p>\n\n\n\n<h2 class=\"wp-block-heading\">Forschungsl\u00f6sungen f\u00fcr bessere Leistungen<\/h2>\n\n\n\n<p><span style=\"font-weight: 400;\">Marktforschung erm\u00f6glicht es Unternehmen, bessere und fundiertere Entscheidungen zu treffen. Als Anbieter von High-End-Unterhaltung k\u00f6nnen auch Broadway-Theater von Marktforschung profitieren. Eine detaillierte Marktanalyse versetzt Theater in die Lage, mit ihrem sich ver\u00e4ndernden Umfeld umzugehen. Sie kann ihnen bei ihrer strategischen Planung helfen. Sie wird ihnen auch dabei helfen, ihre Position in der Branche zu st\u00e4rken.<\/span><\/p>\n\n\n\n<p><span style=\"font-weight: 400;\">Market research helps theaters to gain a better understanding of their target audience or market. Knowledge is power, and it helps them to strengthen their position. Use our analysis to ensure that your theater stays ahead of the competition. <a href=\"https:\/\/www.sisinternational.com\/de\/losungen\/fintech-strategieberatung-forschung\/hedgefonds-und-investmentmarktforschung\/\" title=\"Hedgefonds- und Investmentmarktforschung\"  data-wpil-monitor-id=\"8007\">Market research also keeps investment<\/a> risk low. An investment in <a href=\"https:\/\/www.sisinternational.com\/de\/veroffentlichungen\/bildung-testen-marktforschung\/\" title=\"Marktforschung f\u00fcr Bildungstests\"  data-wpil-monitor-id=\"8016\">testing the market<\/a> for your concept makes perfect business sense.<\/span><\/p>\n\n\n\n<h2 class=\"wp-block-heading\"><span style=\"font-weight: 400;\">Qualitative Forschung f\u00fcr Broadway-Theater<\/span><\/h2>\n\n\n\n<p><span style=\"font-weight: 400;\">Der Wunsch aller Vermarkter ist es, zu wissen, was ein Kunde denkt und was ihn zum Kauf bewegt. Qualitative Forschung liefert Einblicke in die Gr\u00fcnde f\u00fcr die K\u00e4ufe Ihrer Kunden. Wir ermutigen zu externen Bewertungen und unsere Daten stammen direkt von der Quelle: Ihren Kunden.<\/span><\/p>\n\n\n\n<p><span style=\"font-weight: 400;\">Wir sammeln qualitative Daten mithilfe von Frageb\u00f6gen und Online-Umfragen. Diese Daten geben uns eindeutige Antworten darauf, warum sich beispielsweise ein Kunde f\u00fcr eine bestimmte Show entscheidet und nicht f\u00fcr eine andere. Sie k\u00f6nnten herausfinden, dass Kunden Tickets f\u00fcr die Produktion Ihres Konkurrenten kaufen, weil sie diese online leichter bekommen k\u00f6nnen. Das ist ein Zeichen daf\u00fcr, dass Sie Ihr Online-Angebot verbessern m\u00fcssen, um Tickets f\u00fcr Ihre Show leichter zug\u00e4nglich zu machen. Wenn Sie keine qualitative Forschung betrieben h\u00e4tten, h\u00e4tten Sie nicht gewusst, was den Umsatzr\u00fcckgang verursacht hat. Sie h\u00e4tten auch nicht gewusst, wie Sie das Problem beheben k\u00f6nnen.<\/span><\/p>\n\n\n\n<h2 class=\"wp-block-heading\"><span style=\"font-weight: 400;\">Quantitative Forschung f\u00fcr Broadway-Theater<\/span><\/h2>\n\n\n\n<p><span style=\"font-weight: 400;\"><a href=\"https:\/\/www.sisinternational.com\/de\/top-5-benefits-of-conducting-quantitative-market-research\/\" title=\"Top 5 Benefits of Conducting Quantitative Market Research\"  data-wpil-monitor-id=\"7997\">Quantitative Marktforschung<\/a> is not as targeted as qualitative. Quantitative deals with sets of data that several random conditions can affect. This type of analysis is number based and involves more respondents. The large samples help moderators measure the effect of your production on audiences. It also helps them determine your market size and assists in establishing consumer profiles. It also enables you to provide suitable recommendations for the customer base.<\/span><\/p>\n\n\n\n<p><span style=\"font-weight: 400;\"><a href=\"https:\/\/www.sisinternational.com\/de\/losungen\/qualitative-quantitative-forschungslosungen\/quantitative-research-benefits\/\" title=\"Quantitative Research Benefits\"  data-wpil-monitor-id=\"8010\">Quantitative research has many benefits<\/a>. Respondents are more disposed to partake in these studies. Why? Because they\u2019re very straightforward and do not take up much time. This type of research offers enough insight into promoting your show. Most quantitative techniques cost little to conduct. With a large number of samples, the quantitative analysis is more effective.<\/span><\/p>\n\n\n\n<h2 class=\"wp-block-heading\"><span style=\"font-weight: 400;\">Strategie Forschung<\/span><\/h2>\n\n\n\n<p><span style=\"font-weight: 400;\">Strategische Forschung best\u00e4tigt die Werte und Ziele Ihrer Organisation. Diese Art von Studie liefert eine Vision f\u00fcr die Zukunft und setzt Ziele. Sie definiert M\u00f6glichkeiten, St\u00e4rken zu nutzen, Schw\u00e4chen zu verringern und Chancen und Risiken zu verdeutlichen. Sie setzt klare Grenzen und einen Rahmen, damit Ihr Theater bessere Entscheidungen treffen kann.<\/span><\/p>\n\n\n\n<p><span style=\"font-weight: 400;\">Strategieforschung hilft Entscheidungstr\u00e4gern, intelligentere Entscheidungen zu treffen. Sie erm\u00f6glicht es Entscheidungstr\u00e4gern, die damit verbundenen Vorteile zu erkennen. Die strategische Analyse zwingt Ihre Theaterorganisation auch dazu, Ziele festzulegen. Die Organisation muss zun\u00e4chst bestimmen, was f\u00fcr ihren Erfolg entscheidend ist. Diese Bestimmung hilft ihr, Ziele festzulegen und einen Plan zur Erreichung dieser Ziele zu erstellen.<\/span><\/p>\n\n\n\n<p><span style=\"font-weight: 400;\">There are advantages and disadvantages to market research as a whole. Many of the problems occur because of poor consultants. <a href=\"https:\/\/www.sisinternational.com\/de\/sis-international-research-feiert-30-jahriges-jubilaum\/\" title=\"SIS International Research feiert 30-j\u00e4hriges Jubil\u00e4um\"  data-wpil-monitor-id=\"8015\">SIS Research<\/a> is an industry leader with several years\u2019 experience in the field. Our consultants are top-notch. We <a href=\"https:\/\/www.sisinternational.com\/de\/how-to-conduct-effective-quantitative-market-research\/\" title=\"How to Conduct Effective Quantitative Market Research\"  data-wpil-monitor-id=\"8001\">conduct market research<\/a> and testing of new Broadway shows. Market research can be beneficial to almost all Broadway theaters. Contact SIS Research today and let us take your productions to the next level.<\/span><\/p>\n\n\n\n<h2 class=\"wp-block-heading\">\u00dcber Broadway Market Research<\/h2>\n\n\n\n<p><a href=\"https:\/\/www.sisinternational.com\/de\/losungen\/branding-und-kundenforschungslosungen\/produkttests-marktforschung\/sis-internationals-geschmackstest-fur-lebensmittel\/\" title=\"Was SIS International Research zum TOP-Marktforschungsunternehmen f\u00fcr Lebensmittelgeschmackstests in New York City macht\"  data-wpil-monitor-id=\"8013\">SIS is headquartered in New York City<\/a> in close proximity to Broadway.&nbsp; Our company leadership is passionate about Broadway and are patrons of the arts.&nbsp; Through our databases and relationships, we bring unparalleled access to speak with actors, producers, directors, influencers, entertainment marketers, consumers and patrons.&nbsp; We <a href=\"https:\/\/www.sisinternational.com\/de\/losungen\/fokusgruppen-marktforschung\/wie-man-eine-fokusgruppe-leitet\/\" title=\"So leiten Sie eine Fokusgruppe\"  data-wpil-monitor-id=\"8004\">conduct Focus Groups<\/a>, Street Intercepts, Consumer Interviews, Surveys and Strategic Market Assessments.<\/p>\n\n\n\n<p><\/p>","protected":false},"excerpt":{"rendered":"<p>SIS ist ein f\u00fchrendes globales Marktforschungsunternehmen mit Sitz in New York City. Entdecken Sie, wie Sie mit Broadway Market Research Ihre Leistung steigern k\u00f6nnen.<\/p>","protected":false},"author":1,"featured_media":64753,"parent":14514,"menu_order":41,"comment_status":"closed","ping_status":"closed","template":"","meta":{"footnotes":""},"class_list":["post-31358","page","type-page","status-publish","has-post-thumbnail"],"_links":{"self":[{"href":"https:\/\/www.sisinternational.com\/de\/wp-json\/wp\/v2\/pages\/31358","targetHints":{"allow":["GET"]}}],"collection":[{"href":"https:\/\/www.sisinternational.com\/de\/wp-json\/wp\/v2\/pages"}],"about":[{"href":"https:\/\/www.sisinternational.com\/de\/wp-json\/wp\/v2\/types\/page"}],"author":[{"embeddable":true,"href":"https:\/\/www.sisinternational.com\/de\/wp-json\/wp\/v2\/users\/1"}],"replies":[{"embeddable":true,"href":"https:\/\/www.sisinternational.com\/de\/wp-json\/wp\/v2\/comments?post=31358"}],"version-history":[{"count":3,"href":"https:\/\/www.sisinternational.com\/de\/wp-json\/wp\/v2\/pages\/31358\/revisions"}],"predecessor-version":[{"id":81349,"href":"https:\/\/www.sisinternational.com\/de\/wp-json\/wp\/v2\/pages\/31358\/revisions\/81349"}],"up":[{"embeddable":true,"href":"https:\/\/www.sisinternational.com\/de\/wp-json\/wp\/v2\/pages\/14514"}],"wp:featuredmedia":[{"embeddable":true,"href":"https:\/\/www.sisinternational.com\/de\/wp-json\/wp\/v2\/media\/64753"}],"wp:attachment":[{"href":"https:\/\/www.sisinternational.com\/de\/wp-json\/wp\/v2\/media?parent=31358"}],"curies":[{"name":"wp","href":"https:\/\/api.w.org\/{rel}","templated":true}]}}