{"id":31324,"date":"2019-03-24T20:14:14","date_gmt":"2019-03-24T20:14:14","guid":{"rendered":"https:\/\/www.sisinternational.com\/?page_id=31324"},"modified":"2026-01-26T18:49:14","modified_gmt":"2026-01-26T23:49:14","slug":"corporate-treasury-marktforschung","status":"publish","type":"page","link":"https:\/\/www.sisinternational.com\/de\/losungen\/fintech-strategieberatung-forschung\/corporate-treasury-marktforschung\/","title":{"rendered":"Marktforschung f\u00fcr das Corporate Treasury"},"content":{"rendered":"<h1 class=\"wp-block-heading\">Marktforschung f\u00fcr das Corporate Treasury<\/h1>\n\n\n\n<figure class=\"gb-block-image gb-block-image-f365e35d\"><img loading=\"lazy\" decoding=\"async\" width=\"1456\" height=\"816\" class=\"gb-image gb-image-f365e35d\" src=\"https:\/\/www.sisinternational.com\/wp-content\/uploads\/2025\/08\/Commercial-real-estate-business-comapny-9.jpg\" alt=\"SIS International Marktforschung &amp; Strategie\" title=\"Commercial real estate business comapny (9)\" srcset=\"https:\/\/www.sisinternational.com\/wp-content\/uploads\/2025\/08\/Commercial-real-estate-business-comapny-9.jpg 1456w, https:\/\/www.sisinternational.com\/wp-content\/uploads\/2025\/08\/Commercial-real-estate-business-comapny-9-300x168.jpg 300w, https:\/\/www.sisinternational.com\/wp-content\/uploads\/2025\/08\/Commercial-real-estate-business-comapny-9-1024x574.jpg 1024w, https:\/\/www.sisinternational.com\/wp-content\/uploads\/2025\/08\/Commercial-real-estate-business-comapny-9-768x430.jpg 768w, https:\/\/www.sisinternational.com\/wp-content\/uploads\/2025\/08\/Commercial-real-estate-business-comapny-9-18x10.jpg 18w\" sizes=\"auto, (max-width: 1456px) 100vw, 1456px\"><\/figure>\n\n\n\n<hr class=\"wp-block-separator has-alpha-channel-opacity is-style-dots\"\/>\n\n\n\n<h2 class=\"wp-block-heading\"><strong>Was ist Corporate-Treasury-Marktforschung?<\/strong><\/h2>\n\n\n\n<p><span style=\"font-weight: 400;\">Die Marktforschung im Bereich Corporate Treasury umfasst eine systematische und eingehende Analyse verschiedener finanzieller Aspekte von Cash Management und Liquidit\u00e4tsoptimierung bis hin zu Risikomanagement und Anlagestrategien. Ziel dieser Forschung ist es, Erkenntnisse zu gewinnen und datengesteuerte L\u00f6sungen bereitzustellen, die Unternehmen dabei helfen, ihre Finanzgesch\u00e4fte zu optimieren und ihre finanzielle Leistung zu maximieren.<\/span><\/p>\n\n\n\n<p><span style=\"font-weight: 400;\">It delves into areas such as capital allocation, working capital management, debt management, and foreign exchange risk, providing actionable intelligence that empowers businesses to make informed decisions and optimize their treasury functions.<\/span><\/p>\n\n\n\n<h2 class=\"wp-block-heading\"><strong>Warum ben\u00f6tigen Unternehmen Marktforschung im Bereich Corporate Treasury?<\/strong><\/h2>\n\n\n\n<p><span style=\"font-weight: 400;\"><a href=\"https:\/\/www.sisinternational.com\/de\/optimierung-von-unternehmenswebsites-fur-den-roi\/\" title=\"Optimierung von Unternehmenswebsites f\u00fcr den ROI\"  data-wpil-monitor-id=\"1977\">Corporate treasury market research helps businesses optimize<\/a> their financial operations by providing insights into areas such as cash flow management, working capital efficiency, and liquidity management. With accurate data and analysis, organizations can fine-tune their treasury processes for maximum efficiency.<\/span><\/p>\n\n\n\n<p><span style=\"font-weight: 400;\">Moreover, effective corporate treasury research enables organizations to make informed decisions regarding their investments.&nbsp;Therefore, conducting corporate treasury market <a href=\"https:\/\/www.sisinternational.com\/de\/losungen\/innovation\/agile-marktforschung\/\" title=\"Agile Marktforschung\"  data-wpil-monitor-id=\"7064\">Forschung<\/a> assists companies to gain a competitive edge by making agile and data-driven financial decisions that enable growth and sustainability. However, it has many other benefits, including:&nbsp;<\/span><\/p>\n\n\n\n<ul class=\"wp-block-list\">\n<li><b> Kosteneffizienz:<\/b><span style=\"font-weight: 400;\"> Identifying opportunities to reduce operational costs is a significant advantage of corporate treasury research.\u00a0<\/span><\/li>\n\n\n\n<li><b> Verbessertes Cashflow-Management:<\/b><span style=\"font-weight: 400;\"> Ein effektives Cashflow-Management ist f\u00fcr die Stabilit\u00e4t eines Unternehmens unerl\u00e4sslich. Marktforschung im Bereich Corporate Treasury hilft Unternehmen dabei, Cashflows genau vorherzusagen und sicherzustellen, dass sie \u00fcber die notwendige Liquidit\u00e4t verf\u00fcgen, um ihren finanziellen Verpflichtungen nachzukommen.<\/span><\/li>\n\n\n\n<li><b> Wettbewerbsvorteil:<\/b><span style=\"font-weight: 400;\"> Unternehmen, die der Marktforschung im Corporate Treasury Priorit\u00e4t einr\u00e4umen, verschaffen sich einen Wettbewerbsvorteil. Sie k\u00f6nnen sich schnell an ver\u00e4nderte Marktbedingungen anpassen, flexible Finanzentscheidungen treffen und sich als Marktf\u00fchrer in ihren jeweiligen Branchen positionieren.<\/span><\/li>\n\n\n\n<li><b> Vertrauen der Stakeholder: <\/b><span style=\"font-weight: 400;\">Investoren, Aktion\u00e4re und Stakeholder haben mehr Vertrauen in Unternehmen mit fundierten Finanzstrategien. Dieses Vertrauen kann zu h\u00f6heren Investitionen und mehr Unterst\u00fctzung f\u00fcr Gesch\u00e4ftsinitiativen f\u00fchren.<\/span><\/li>\n<\/ul>\n\n\n\n<h2 class=\"wp-block-heading\"><strong>Wer nutzt die Marktforschung im Bereich Corporate Treasury?<\/strong><\/h2>\n\n\n\n<figure class=\"gb-block-image gb-block-image-93a534ab\"><img loading=\"lazy\" decoding=\"async\" width=\"1456\" height=\"816\" class=\"gb-image gb-image-93a534ab\" src=\"https:\/\/www.sisinternational.com\/wp-content\/uploads\/2025\/09\/Focus-group-recruitment-6.jpg\" alt=\"SIS International Marktforschung &amp; Strategie\" title=\"Focus group recruitment (6)\" srcset=\"https:\/\/www.sisinternational.com\/wp-content\/uploads\/2025\/09\/Focus-group-recruitment-6.jpg 1456w, https:\/\/www.sisinternational.com\/wp-content\/uploads\/2025\/09\/Focus-group-recruitment-6-300x168.jpg 300w, https:\/\/www.sisinternational.com\/wp-content\/uploads\/2025\/09\/Focus-group-recruitment-6-1024x574.jpg 1024w, https:\/\/www.sisinternational.com\/wp-content\/uploads\/2025\/09\/Focus-group-recruitment-6-768x430.jpg 768w, https:\/\/www.sisinternational.com\/wp-content\/uploads\/2025\/09\/Focus-group-recruitment-6-18x10.jpg 18w\" sizes=\"auto, (max-width: 1456px) 100vw, 1456px\"><\/figure>\n\n\n\n<p><\/p>\n\n\n\n<p><span style=\"font-weight: 400;\">Marktforschung im Bereich Corporate Treasury ist eine wertvolle Ressource, die f\u00fcr eine Vielzahl von Branchen und Organisationen relevant ist. Hier ist ein genauerer Blick darauf, wer von Marktforschung im Bereich Corporate Treasury profitiert:<\/span><\/p>\n\n\n\n<p><b> \u2022 Finanzinstitutionen: <\/b><span style=\"font-weight: 400;\">Banken, Kreditgenossenschaften und andere Finanzinstitute verlassen sich auf Marktforschung im Bereich Corporate Treasury, um wirtschaftliche Trends zu verstehen, Investitionsm\u00f6glichkeiten zu bewerten und die mit ihren Finanzportfolios verbundenen Risiken zu verwalten. Sie k\u00f6nnen ihren Kunden ma\u00dfgeschneiderte Finanzl\u00f6sungen anbieten und ihre Investitionen optimieren.<\/span><\/p>\n\n\n\n<p><b> \u2022 Konzerne und multinationale Unternehmen: <\/b><span style=\"font-weight: 400;\">Gro\u00dfe Konzerne und multinationale Unternehmen nutzen Marktforschung im Bereich Corporate Treasury, um ihre Finanzanlagen zu verwalten, Liquidit\u00e4t sicherzustellen und fundierte Entscheidungen hinsichtlich Kapitalallokation, Absicherungsstrategien und Cash-Management zu treffen. Sie ist von entscheidender Bedeutung f\u00fcr die Aufrechterhaltung einer stabilen finanziellen Gesundheit.<\/span><\/p>\n\n\n\n<p><b> \u2022 Regierungsbeh\u00f6rden: <\/b>Government bodies and regulatory authorities utilize corporate treasury <a href=\"https:\/\/www.sisinternational.com\/de\/abdeckung\/marktforschung-asien\/philippinische-marktforschung\/\" title=\"Philippinische Marktforschung\"  data-wpil-monitor-id=\"4013\">research to monitor and regulate financial markets<\/a>, ensuring stability and compliance with financial regulations. It aids in making informed policy decisions that impact the broader economy.<\/span><\/p>\n\n\n\n<p><b> \u2022 Investmentfirmen: <\/b><span style=\"font-weight: 400;\">Investmentfirmen, darunter Hedgefonds und Verm\u00f6gensverwaltungsgesellschaften, nutzen die Marktforschung im Corporate Treasury, um Anlagem\u00f6glichkeiten zu identifizieren, Verm\u00f6genswerte effektiv zu verteilen und ihre Portfolios zu optimieren. Sie hilft ihnen, sich in den Komplexit\u00e4ten der Finanzm\u00e4rkte zurechtzufinden.<\/span><\/p>\n\n\n\n<p><b> \u2022 Finanzabteilungen: <\/b><span style=\"font-weight: 400;\">Innerhalb von Organisationen sind Treasury-Abteilungen die Hauptnutzer von Corporate-Treasury-Marktforschung. Diese Abteilungen sind f\u00fcr die Verwaltung von Cashflow, Investitionen und Finanzrisiken verantwortlich. Die Forschung liefert Informationen f\u00fcr ihre Strategien f\u00fcr Liquidit\u00e4tsmanagement, Kapitalallokation und Risikominderung.<\/span><\/p>\n\n\n\n<p><b> \u2022 Unternehmensvorst\u00e4nde und Aktion\u00e4re:<\/b><span style=\"font-weight: 400;\"> Unternehmensvorst\u00e4nde und Aktion\u00e4re sind auf Forschungsergebnisse angewiesen, um die finanzielle Gesundheit und Leistung des Unternehmens zu bewerten. Sie dienen ihnen als Grundlage f\u00fcr ihre Entscheidungen hinsichtlich Dividenden, Investitionen und der allgemeinen Unternehmensstrategie.<\/span><\/p>\n\n\n\n<p><b>\u2022 Fachleute f\u00fcr Risikomanagement:<\/b> Fachleute im Risikomanagement nutzen Corporate Treasury Research, um finanzielle Risiken, darunter Kreditrisiken, Marktrisiken und operative Risiken, zu identifizieren und zu bewerten. Die Forschung hilft ihnen bei der Umsetzung von Strategien zur wirksamen Minderung dieser Risiken.<\/p>\n\n\n\n<h2 class=\"wp-block-heading\"><strong>Wann sollte eine Marktforschung f\u00fcr das Corporate Treasury durchgef\u00fchrt werden?<\/strong><\/h2>\n\n\n\n<p><span style=\"font-weight: 400;\">F\u00fcr Unternehmen, die ihre finanziellen Entscheidungsprozesse verbessern m\u00f6chten, ist die Wahl des geeigneten Zeitpunkts f\u00fcr die Durchf\u00fchrung von Marktforschung im Bereich Corporate Treasury eine wichtige \u00dcberlegung. Hier sind einige der wichtigsten Momente, in denen Unternehmen diese Marktforschung durchf\u00fchren k\u00f6nnen:&nbsp;<\/span><\/p>\n\n\n\n<p><b>Wichtige Kapitalinvestitionen:<\/b><\/p>\n\n\n\n<p><span style=\"font-weight: 400;\">Bevor Unternehmen bedeutende Investitionen wie Infrastrukturprojekte oder Akquisitionen t\u00e4tigen, f\u00fchren sie eine Corporate Treasury-Analyse durch. Dadurch k\u00f6nnen sie fundierte Entscheidungen hinsichtlich Finanzierungsoptionen, ROI-Prognosen und potenziellen Risiken treffen.<\/span><\/p>\n\n\n\n<p><b>Cashflow-Optimierung:<\/b><\/p>\n\n\n\n<p><span style=\"font-weight: 400;\">Wenn ein Unternehmen vor Herausforderungen im Zusammenhang mit dem Cashflow-Management steht, kann die Forschung L\u00f6sungen bieten. Sie hilft bei der Optimierung des Betriebskapitals, der Verbesserung der Liquidit\u00e4t und der Identifizierung von M\u00f6glichkeiten zur Senkung der Betriebskosten.<\/span><\/p>\n\n\n\n<p><b>W\u00e4hrungsmanagement: <\/b><\/p>\n\n\n\n<p><span style=\"font-weight: 400;\">F\u00fcr Unternehmen, die im internationalen Handel t\u00e4tig sind oder mehreren W\u00e4hrungen ausgesetzt sind, ist eine kontinuierliche Marktforschung im Bereich Corporate Treasury unerl\u00e4sslich. Sie hilft bei der \u00dcberwachung von Wechselkursschwankungen und der Umsetzung von Strategien zum W\u00e4hrungsrisikomanagement.<\/span><\/p>\n\n\n\n<p><b>Umschuldung oder Umstrukturierung: <\/b><\/p>\n\n\n\n<p><span style=\"font-weight: 400;\">Bei der Bewertung von Optionen zur Refinanzierung oder Umstrukturierung ihrer Schulden profitieren Unternehmen von aktuellen Forschungsergebnissen zu Zinstrends, Kreditm\u00e4rkten und Schuldinstrumenten.&nbsp;<\/span><\/p>\n\n\n\n<p><b>Bewertung von Investitionsm\u00f6glichkeiten:<\/b><\/p>\n\n\n\n<p><span style=\"font-weight: 400;\">Bevor Unternehmen Investitionen t\u00e4tigen, sei es in Finanzm\u00e4rkte, Immobilien oder andere Anlageklassen, f\u00fchren sie Untersuchungen durch, um die potenziellen Renditen und Risiken der Anlageoptionen zu bewerten.<\/span><\/p>\n\n\n\n<p><b>Reaktion auf die Finanzkrise: <\/b><\/p>\n\n\n\n<p><span style=\"font-weight: 400;\">W\u00e4hrend Finanzkrisen oder Konjunkturabschw\u00fcngen k\u00f6nnen Unternehmen ihre Forschungsanstrengungen intensivieren. Dadurch k\u00f6nnen sie sich an rasch wechselnde Marktbedingungen anpassen, Liquidit\u00e4t sichern und fundierte Entscheidungen treffen, um schwierige Zeiten zu meistern.<\/span><\/p>\n\n\n\n<p><b>Viertelj\u00e4hrliche und j\u00e4hrliche Finanzberichte: <\/b><\/p>\n\n\n\n<p><span style=\"font-weight: 400;\">Regelm\u00e4\u00dfige Marktforschung im Bereich Corporate Treasury kann in viertelj\u00e4hrliche oder j\u00e4hrliche Finanzpr\u00fcfungen integriert werden. Sie stellt sicher, dass die Finanzstrategien an die sich entwickelnden Marktbedingungen und Unternehmensziele angepasst bleiben.<\/span><\/p>\n\n\n\n<h2 class=\"wp-block-heading\"><strong>Wie unterscheidet sich die Marktforschung im Corporate Treasury von der traditionellen Marktforschung?<\/strong><\/h2>\n\n\n\n<p><span style=\"font-weight: 400;\">Die Marktforschung im Bereich Corporate Treasury konzentriert sich in erster Linie auf Finanzm\u00e4rkte und -instrumente. Sie befasst sich mit Bereichen wie Zinss\u00e4tzen, Wechselkursen, Kreditm\u00e4rkten und Finanzderivaten. Im Gegensatz dazu konzentriert sich die traditionelle Marktforschung oft auf Verbraucherverhalten, Produktpr\u00e4ferenzen und Markttrends.<\/span><\/p>\n\n\n\n<p><span style=\"font-weight: 400;\">Dar\u00fcber hinaus legt die Corporate Treasury Research gro\u00dfen Wert auf Risikobewertung und -management. Sie zielt darauf ab, finanzielle Risiken, darunter Zinsrisiken, Kreditrisiken und W\u00e4hrungsrisiken, zu identifizieren und zu mindern. Traditionelle Marktforschung konzentriert sich in der Regel eher auf die Identifizierung von Chancen und Verbraucherpr\u00e4ferenzen als auf das Risikomanagement.<\/span><\/p>\n\n\n\n<p><span style=\"font-weight: 400;\">Im Rahmen der Corporate Treasury Research werden Finanzinstrumente wie Anleihen, Derivate und Geldmarktinstrumente umfassend auf ihre Eignung f\u00fcr das Finanzportfolio eines Unternehmens gepr\u00fcft. Bei der traditionellen Marktforschung werden derartige Bewertungen nicht vorgenommen.<\/span><\/p>\n\n\n\n<h2 class=\"wp-block-heading\"><strong>Erwarten Sie Ergebnisse aus der Marktforschung f\u00fcr das Corporate Treasury<\/strong><\/h2>\n\n\n\n<p><span style=\"font-weight: 400;\">Durch Marktforschung im Bereich Corporate Treasury gewinnen Unternehmen wertvolle Einblicke und strategische Vorteile bei der Verwaltung ihrer Finanzgesch\u00e4fte. Und das k\u00f6nnen Unternehmen von der Marktforschung im Bereich Corporate Treasury erwarten:<\/span><\/p>\n\n\n\n<p><b>Kostenreduzierung:<\/b><span style=\"font-weight: 400;\">&nbsp;<\/span><\/p>\n\n\n\n<p><span style=\"font-weight: 400;\">Effective corporate treasury research can lead to cost reduction. By managing financial risk efficiently and optimizing financial operations, organizations can reduce borrowing costs, lower interest expenses, and minimize <a href=\"https:\/\/www.sisinternational.com\/de\/sachverstand\/branchen\/marktforschung-zu-horverlust\/\" title=\"Marktforschung zum Thema H\u00f6rverlust\u00a0 \u00a0\"  data-wpil-monitor-id=\"6818\">losses due to adverse market<\/a> movements.<\/span><\/p>\n\n\n\n<p><b>Wettbewerbsvorteil:&nbsp;<\/b><\/p>\n\n\n\n<p><span style=\"font-weight: 400;\">Unternehmen, die sich umfassend mit Marktforschung im Bereich Corporate Treasury besch\u00e4ftigen, verschaffen sich einen Wettbewerbsvorteil. Sie k\u00f6nnen schnell auf ver\u00e4nderte Marktbedingungen reagieren, g\u00fcnstige Gelegenheiten nutzen und finanzielle Herausforderungen effektiv meistern. Diese Agilit\u00e4t hebt sie von der Konkurrenz ab.<\/span><\/p>\n\n\n\n<p><b>Strategische Planung:<\/b><span style=\"font-weight: 400;\">&nbsp;<\/span><\/p>\n\n\n\n<p><span style=\"font-weight: 400;\">Die Corporate Treasury Research dient als Orientierung f\u00fcr langfristige Finanzentscheidungen und stellt sicher, dass die Finanzziele mit den \u00fcbergeordneten Unternehmenszielen \u00fcbereinstimmen. Sie hilft dabei, einen nachhaltigen und wachstumsorientierten Finanzkurs festzulegen.<\/span><\/p>\n\n\n\n<p><b>Datengesteuerte Entscheidungsfindung:<\/b><span style=\"font-weight: 400;\">&nbsp;<\/span><\/p>\n\n\n\n<p><span style=\"font-weight: 400;\">In einer \u00c4ra datengesteuerter Entscheidungsfindung liefert die Marktforschung im Corporate Treasury die notwendigen Daten und Analysen f\u00fcr fundierte Entscheidungen. Sie erm\u00f6glicht es Unternehmen, ihre finanziellen Entscheidungen auf empirischen Beweisen statt auf Intuition zu basieren.<\/span><\/p>\n\n\n\n<p><b>Verbesserte Belastbarkeit:<\/b><span style=\"font-weight: 400;\">&nbsp;<\/span><\/p>\n\n\n\n<p><span style=\"font-weight: 400;\">Indem Unternehmen potenzielle finanzielle Schwachstellen identifizieren und diese mithilfe von Treasury Research beheben, verbessern sie ihre finanzielle Widerstandsf\u00e4higkeit. Diese Widerstandsf\u00e4higkeit erm\u00f6glicht es ihnen, Konjunkturabschw\u00fcnge und unerwartete Herausforderungen zu \u00fcberstehen.<\/span><\/p>\n\n\n\n<h2 class=\"wp-block-heading\"><strong>Chancen im Corporate-Treasury-Markt&nbsp;<\/strong><\/h2>\n\n\n\n<figure class=\"gb-block-image gb-block-image-862f61bb\"><img loading=\"lazy\" decoding=\"async\" width=\"1456\" height=\"816\" class=\"gb-image gb-image-862f61bb\" src=\"https:\/\/www.sisinternational.com\/wp-content\/uploads\/2025\/08\/CEO-CIO-manager-8.jpg\" alt=\"SIS International Marktforschung &amp; Strategie\" title=\"CEO CIO manager (8)\" srcset=\"https:\/\/www.sisinternational.com\/wp-content\/uploads\/2025\/08\/CEO-CIO-manager-8.jpg 1456w, https:\/\/www.sisinternational.com\/wp-content\/uploads\/2025\/08\/CEO-CIO-manager-8-300x168.jpg 300w, https:\/\/www.sisinternational.com\/wp-content\/uploads\/2025\/08\/CEO-CIO-manager-8-1024x574.jpg 1024w, https:\/\/www.sisinternational.com\/wp-content\/uploads\/2025\/08\/CEO-CIO-manager-8-768x430.jpg 768w, https:\/\/www.sisinternational.com\/wp-content\/uploads\/2025\/08\/CEO-CIO-manager-8-18x10.jpg 18w\" sizes=\"auto, (max-width: 1456px) 100vw, 1456px\"><\/figure>\n\n\n\n<p><\/p>\n\n\n\n<p><span style=\"font-weight: 400;\">In der sich st\u00e4ndig ver\u00e4ndernden Landschaft des Corporate Treasury ergeben sich f\u00fcr Unternehmen zahlreiche M\u00f6glichkeiten, ihre Finanzposition zu st\u00e4rken, das Cash-Management zu verbessern und ihre Treasury-Abl\u00e4ufe zu optimieren. Das Erkennen und Nutzen dieser M\u00f6glichkeiten kann zu mehr finanzieller Stabilit\u00e4t und Belastbarkeit f\u00fchren.&nbsp;<\/span><\/p>\n\n\n\n<p><b> \u2022 Globale Ausbreitung:<\/b><span style=\"font-weight: 400;\"> F\u00fcr Unternehmen, die global expandieren m\u00f6chten, sind effiziente Treasury-Abl\u00e4ufe unverzichtbar. Die Expansion in neue M\u00e4rkte bringt oft den Umgang mit mehreren W\u00e4hrungen, regulatorischen Anforderungen und Zahlungssystemen mit sich. Unternehmens-Treasurys k\u00f6nnen globale Treasury-L\u00f6sungen erkunden, die grenz\u00fcberschreitende Transaktionen vereinfachen, W\u00e4hrungsrisiken mindern und die Einhaltung lokaler Vorschriften gew\u00e4hrleisten.<\/span><\/p>\n\n\n\n<p><b> \u2022 Nachhaltige Finanzen: <\/b><span style=\"font-weight: 400;\">Der Aufstieg nachhaltiger Finanzen bietet Unternehmen die M\u00f6glichkeit, ihre Treasury-Aktivit\u00e4ten an Umwelt-, Sozial- und Governance-Zielen (ESG) auszurichten. Unternehmen k\u00f6nnen gr\u00fcne Anleihen ausgeben, nachhaltige Finanzierungsoptionen erkunden und in ESG-bezogene Finanzprodukte investieren. Die Integration von Nachhaltigkeit in die Treasury-Praktiken kann den Ruf eines Unternehmens und den Zugang zu Kapital verbessern.<\/span><\/p>\n\n\n\n<p><b> \u2022 Strategische Partnerschaft: <\/b><span style=\"font-weight: 400;\">Durch die Zusammenarbeit mit Finanzinstituten und Technologieanbietern k\u00f6nnen Unternehmen Zugang zu innovativen Treasury-L\u00f6sungen und Fachwissen erhalten. Unternehmen k\u00f6nnen strategische Partnerschaften eingehen, um Zugang zu Spitzentechnologien, Finanzprodukten und Markteinblicken zu erhalten.<\/span><\/p>\n\n\n\n<h2 class=\"wp-block-heading\"><strong>Herausforderungen der Corporate Treasury-Marktforschung&nbsp;<\/strong><\/h2>\n\n\n\n<p><span style=\"font-weight: 400;\">Obwohl es auf dem Corporate-Treasury-Markt zahlreiche Chancen gibt, m\u00fcssen Unternehmen auch verschiedene Herausforderungen meistern, die ihre finanzielle Stabilit\u00e4t und ihre Entscheidungsprozesse beeintr\u00e4chtigen k\u00f6nnen. Das Verst\u00e4ndnis und die Bew\u00e4ltigung dieser Herausforderungen ist f\u00fcr die Aufrechterhaltung einer widerstandsf\u00e4higen Corporate-Treasury-Funktion von entscheidender Bedeutung.&nbsp;<\/span><\/p>\n\n\n\n<p><b> \u2022 Marktvolatilit\u00e4t: <\/b><span style=\"font-weight: 400;\">Unternehmensfinanzabteilungen agieren h\u00e4ufig in einem dynamischen globalen Finanzumfeld, in dem die Volatilit\u00e4t der M\u00e4rkte ein st\u00e4ndiges Problem darstellt. Schwankungen bei Wechselkursen, Zinss\u00e4tzen und Rohstoffpreisen k\u00f6nnen sich auf Cashflows und Finanzstabilit\u00e4t auswirken. Unternehmen m\u00fcssen robuste Risikomanagementstrategien entwickeln, um die Auswirkungen der Marktvolatilit\u00e4t abzumildern.<\/span><\/p>\n\n\n\n<p><b> \u2022 Regulatorische Komplexit\u00e4t: <\/b><span style=\"font-weight: 400;\">Finanzvorschriften entwickeln sich st\u00e4ndig weiter und Unternehmen m\u00fcssen die verschiedenen regulatorischen Rahmenbedingungen in verschiedenen Rechtsr\u00e4umen einhalten. Die Einhaltung von Anti-Geldw\u00e4sche- (AML) und Know-Your-Customer- (KYC) Anforderungen sowie Steuervorschriften erh\u00f6ht die Komplexit\u00e4t von Treasury-Operationen. Die Nichteinhaltung kann zu Geldstrafen und Reputationssch\u00e4den f\u00fchren.<\/span><\/p>\n\n\n\n<p><b>\u2022 Liquidit\u00e4tsmanagement:<\/b> Die effiziente Verwaltung der Liquidit\u00e4t ist f\u00fcr Finanzmanager in Unternehmen eine st\u00e4ndige Herausforderung. Die Aufrechterhaltung des richtigen Liquidit\u00e4tsniveaus zur Deckung des Betriebsbedarfs bei gleichzeitiger Optimierung der Bargeldnutzung ist ein heikles Gleichgewicht. Unzureichende Liquidit\u00e4t kann zu verpassten Gelegenheiten f\u00fchren, w\u00e4hrend \u00fcbersch\u00fcssige Liquidit\u00e4t die Rendite ungenutzter Mittel beeintr\u00e4chtigen kann.<\/p>\n\n\n\n<h2 class=\"wp-block-heading\"><strong>Die Rolle der Marktforschung im Corporate Treasury<\/strong><\/h2>\n\n\n\n<p><span style=\"font-weight: 400;\">In der heutigen Welt nach dem Dodd-Frank-Gesetz ist die Markttransparenz gestiegen. Es wird erwartet, dass Banken bald f\u00fcr alle Arten von Analysen von Anlageklassen Geb\u00fchren erheben werden. Die Auswirkungen auf die Unternehmenskassen sind, dass die Unternehmen entweder f\u00fcr die Analysen zahlen oder sie selbst durchf\u00fchren m\u00fcssen. Letztere Option ist nur f\u00fcr die gr\u00f6\u00dften Unternehmen realistisch. Durch die Auslagerung an ein Marktforschungsunternehmen k\u00f6nnen Unternehmen ihre regulatorischen Berichte zu einem erschwinglichen Preis erstellen. Sie k\u00f6nnen dies tun, ohne Zeit und Personalressourcen zu opfern.<\/span><\/p>\n\n\n\n<h2 class=\"wp-block-heading\">Unser Standort in New York<\/h2>\n\n\n\n<p>  <iframe loading=\"lazy\" src=\"https:\/\/www.google.com\/maps\/embed?pb=!1m18!1m12!1m3!1d3022.976188376966!2d-73.99130312499956!3d40.740549471389315!2m3!1f0!2f0!3f0!3m2!1i1024!2i768!4f13.1!3m3!1m2!1s0x89c259a15798c731%3A0xd695d09bdd495f25!2s11%20E%2022nd%20St%20FL%202%2C%20New%20York%2C%20NY%2010010%2C%20USA!5e0!3m2!1sen!2spe!4v1726171763526!5m2!1sen!2spe\" width=\"600\" height=\"450\" allowfullscreen=\"allowfullscreen\" data-mce-fragment=\"1\"><\/iframe>  <\/p>\n\n\n\n<h3 class=\"wp-block-heading\">11 E 22nd Street, Floor 2, New York, NY 10010 T: +1(212) 505-6805<\/h3>\n\n\n\n<hr class=\"wp-block-separator has-alpha-channel-opacity\"\/>\n\n\n\n<h2 class=\"wp-block-heading\"><span style=\"font-weight: 400;\">\u00dcber SIS International<\/span><\/h2>\n\n\n\n<p><a href=\"https:\/\/www.sisinternational.com\/de\/\"><span style=\"font-weight: 400;\">SIS International<\/span><\/a><span style=\"font-weight: 400;\"> bietet quantitative, qualitative und strategische Forschung an. Wir liefern Daten, Tools, Strategien, Berichte und Erkenntnisse zur Entscheidungsfindung. Wir f\u00fchren auch Interviews, Umfragen, Fokusgruppen und andere Methoden und Ans\u00e4tze der Marktforschung durch.<\/span><a href=\"https:\/\/www.sisinternational.com\/de\/uber-sis-international-research\/contact-sis-international-market-research\/\"><span style=\"font-weight: 400;\"> Kontakt<\/span><\/a><span style=\"font-weight: 400;\"> f\u00fcr Ihr n\u00e4chstes Marktforschungsprojekt.<\/span><\/p>","protected":false},"excerpt":{"rendered":"<p>Entdecken Sie, wie Marktforschung die Leistung Ihres Unternehmens steigern kann.<\/p>","protected":false},"author":1,"featured_media":64070,"parent":27462,"menu_order":19,"comment_status":"closed","ping_status":"closed","template":"","meta":{"footnotes":""},"class_list":["post-31324","page","type-page","status-publish","has-post-thumbnail"],"_links":{"self":[{"href":"https:\/\/www.sisinternational.com\/de\/wp-json\/wp\/v2\/pages\/31324","targetHints":{"allow":["GET"]}}],"collection":[{"href":"https:\/\/www.sisinternational.com\/de\/wp-json\/wp\/v2\/pages"}],"about":[{"href":"https:\/\/www.sisinternational.com\/de\/wp-json\/wp\/v2\/types\/page"}],"author":[{"embeddable":true,"href":"https:\/\/www.sisinternational.com\/de\/wp-json\/wp\/v2\/users\/1"}],"replies":[{"embeddable":true,"href":"https:\/\/www.sisinternational.com\/de\/wp-json\/wp\/v2\/comments?post=31324"}],"version-history":[{"count":11,"href":"https:\/\/www.sisinternational.com\/de\/wp-json\/wp\/v2\/pages\/31324\/revisions"}],"predecessor-version":[{"id":80628,"href":"https:\/\/www.sisinternational.com\/de\/wp-json\/wp\/v2\/pages\/31324\/revisions\/80628"}],"up":[{"embeddable":true,"href":"https:\/\/www.sisinternational.com\/de\/wp-json\/wp\/v2\/pages\/27462"}],"wp:featuredmedia":[{"embeddable":true,"href":"https:\/\/www.sisinternational.com\/de\/wp-json\/wp\/v2\/media\/64070"}],"wp:attachment":[{"href":"https:\/\/www.sisinternational.com\/de\/wp-json\/wp\/v2\/media?parent=31324"}],"curies":[{"name":"wp","href":"https:\/\/api.w.org\/{rel}","templated":true}]}}