{"id":31308,"date":"2019-03-23T23:55:17","date_gmt":"2019-03-23T23:55:17","guid":{"rendered":"https:\/\/www.sisinternational.com\/?page_id=31308"},"modified":"2026-01-25T19:27:52","modified_gmt":"2026-01-26T00:27:52","slug":"marktforschung-fur-das-privatkundengeschaft","status":"publish","type":"page","link":"https:\/\/www.sisinternational.com\/de\/losungen\/fintech-strategieberatung-forschung\/marktforschung-fur-das-privatkundengeschaft\/","title":{"rendered":"Marktforschung f\u00fcr Privatkundengesch\u00e4ft"},"content":{"rendered":"<h1 class=\"gb-headline gb-headline-1ec0a759 gb-headline-text\">Marktforschung f\u00fcr Privatkundengesch\u00e4ft<\/h1>\n\n\n\n<figure class=\"gb-block-image gb-block-image-7a1522d2\"><img loading=\"lazy\" decoding=\"async\" width=\"1456\" height=\"816\" class=\"gb-image gb-image-7a1522d2\" src=\"https:\/\/www.sisinternational.com\/wp-content\/uploads\/2025\/08\/Bank-6-1.jpg\" alt=\"SIS International Marktforschung &amp; Strategie\" title=\"Bank (6)\" srcset=\"https:\/\/www.sisinternational.com\/wp-content\/uploads\/2025\/08\/Bank-6-1.jpg 1456w, https:\/\/www.sisinternational.com\/wp-content\/uploads\/2025\/08\/Bank-6-1-300x168.jpg 300w, https:\/\/www.sisinternational.com\/wp-content\/uploads\/2025\/08\/Bank-6-1-1024x574.jpg 1024w, https:\/\/www.sisinternational.com\/wp-content\/uploads\/2025\/08\/Bank-6-1-768x430.jpg 768w, https:\/\/www.sisinternational.com\/wp-content\/uploads\/2025\/08\/Bank-6-1-18x10.jpg 18w\" sizes=\"auto, (max-width: 1456px) 100vw, 1456px\"><\/figure>\n\n\n\n<hr class=\"wp-block-separator has-alpha-channel-opacity is-style-dots\"\/>\n\n\n\n<p><span style=\"font-weight: 400;\">Retail banking has mass-market appeal. It is also known as consumer banking. Under this model, the local branches of large commercial banks set up special units to meet the needs of their clients. <a href=\"https:\/\/www.sisinternational.com\/de\/mystery-shopping-for-retail\/\" title=\"Mystery Shopping for Retail\"  data-wpil-monitor-id=\"1228\">Retail banking<\/a> units are designed to be the one-stop shop for as many financial services as possible.<\/span><\/p>\n\n\n\n<h2 class=\"wp-block-heading\"><strong>Was ist Marktforschung im Privatkundengesch\u00e4ft?<\/strong><\/h2>\n\n\n\n<p><span style=\"font-weight: 400;\">Einzelhandel <a href=\"https:\/\/sisaisolutions.com\/application-of-ai-in-banking\/\" target=\"_blank\" rel=\"noopener\">banking market research<\/a> analyzes consumer behaviors, market trends, and the competitive landscape, aiming to furnish stakeholders with profound insights of the retail market. It delves deep into customer satisfaction metrics, service delivery efficiency, and the burgeoning suite of financial products, ensuring that banks are proactive in their market strategies<\/span><\/p>\n\n\n\n<h2 class=\"wp-block-heading\"><strong>Warum Unternehmen Marktforschung im Privatkundengesch\u00e4ft ben\u00f6tigen<\/strong><\/h2>\n\n\n\n<p><span style=\"font-weight: 400;\"><a href=\"https:\/\/www.sisinternational.com\/de\/intelligente-einzelhandelsmarktforschung\/\" title=\"Smart Retail Marktforschung\" data-wpil-monitor-id=\"2540\">Retail banking market research<\/a> is instrumental in risk management. This <a href=\"https:\/\/www.sisinternational.com\/de\/abdeckung\/die-amerikaner\/marktforschung-kanada\/marktforschung-new-brunswick-kanada\/\" title=\"Marktforschung in New Brunswick, Kanada\" data-wpil-monitor-id=\"4018\">research offers insights into market<\/a> trends, potential threats, and opportunities, allowing banks to position themselves in a way that balances risk and return effectively.<\/span><\/p>\n\n\n\n<p><span style=\"font-weight: 400;\">It is also key in product development and innovation. <a href=\"https:\/\/www.sisinternational.com\/de\/asiatischer-einzelhandelsmarkt\/\" title=\"Asiatische Einzelhandelsmarktforschung\" data-wpil-monitor-id=\"2664\">Retail banking market research<\/a> provides a clear understanding of customer needs and preferences, driving the development of products and services that exceed customer expectations. It&#8217;s about aligning innovation with market demand, ensuring that every new offering is a strategic step towards greater market share and customer loyalty.<\/span><\/p>\n\n\n\n<p><span style=\"font-weight: 400;\">Furthermore, retail <a href=\"https:\/\/www.sisinternational.com\/de\/trend-update-zum-islamischen-bank-und-finanzwesen\/\" title=\"Marktforschung f\u00fcr das islamische Bankwesen\" data-wpil-monitor-id=\"2857\">banking market research<\/a> provides a granular view of customer satisfaction, loyalty drivers, and switching behaviors, enabling banks to craft targeted strategies that bolster customer retention and attract new clients.<\/span><\/p>\n\n\n\n<h2 class=\"wp-block-heading\"><strong>Funktionen des Retail Banking<\/strong><\/h2>\n\n\n\n<figure class=\"gb-block-image gb-block-image-b6ce74af\"><img loading=\"lazy\" decoding=\"async\" width=\"1456\" height=\"816\" class=\"gb-image gb-image-b6ce74af\" src=\"https:\/\/www.sisinternational.com\/wp-content\/uploads\/2025\/08\/Bank-9-1.jpg\" alt=\"SIS International Marktforschung &amp; Strategie\" title=\"Bank (9)\" srcset=\"https:\/\/www.sisinternational.com\/wp-content\/uploads\/2025\/08\/Bank-9-1.jpg 1456w, https:\/\/www.sisinternational.com\/wp-content\/uploads\/2025\/08\/Bank-9-1-300x168.jpg 300w, https:\/\/www.sisinternational.com\/wp-content\/uploads\/2025\/08\/Bank-9-1-1024x574.jpg 1024w, https:\/\/www.sisinternational.com\/wp-content\/uploads\/2025\/08\/Bank-9-1-768x430.jpg 768w, https:\/\/www.sisinternational.com\/wp-content\/uploads\/2025\/08\/Bank-9-1-18x10.jpg 18w\" sizes=\"auto, (max-width: 1456px) 100vw, 1456px\"><\/figure>\n\n\n\n<p><\/p>\n\n\n\n<p><span style=\"font-weight: 400;\">Die drei Hauptfunktionen des Privatkundengesch\u00e4fts sind:<\/span><\/p>\n\n\n\n<ol class=\"wp-block-list\">\n<li><b>So verleihen Sie Geld: <\/b><span style=\"font-weight: 400;\">Privatkundengesch\u00e4fte bieten ihren Kunden Hypotheken und andere Arten von Darlehen an.<\/span><\/li>\n\n\n\n<li><b>So akzeptieren Sie Einzahlungen:<\/b><span style=\"font-weight: 400;\"> Eine Retail-Banking-Einheit ist ein sicherer Ort f\u00fcr diejenigen, die ihre Ersparnisse anlegen m\u00f6chten<\/span><\/li>\n\n\n\n<li><b>So verwalten Sie Geldmittel:<\/b><span style=\"font-weight: 400;\"> Das Privatkundengesch\u00e4ft bietet seinen Kunden verschiedene Arten von Konten und Karten. Mit diesen Instrumenten behalten sie die Kontrolle \u00fcber ihre Ausgaben<\/span><\/li>\n<\/ol>\n\n\n\n<h2 class=\"wp-block-heading\"><strong>Merkmale des Retail Banking<\/strong><\/h2>\n\n\n\n<p><span style=\"font-weight: 400;\">Das Privatkundengesch\u00e4ft ist auf Finanzdienstleistungsprodukte spezialisiert. Zu diesen Produkten geh\u00f6ren Giro- und Sparkonten, Geldmarktinstrumente sowie Eigenheim- und Gesch\u00e4ftskredite. Diese Art des Bankgesch\u00e4fts konzentriert sich auf die Bed\u00fcrfnisse der Verbraucher. Privatkunden erhalten mehr Aufmerksamkeit als Gesch\u00e4ftskunden. Das Privatkundengesch\u00e4ft nutzt auch die Innen- und Au\u00dfenfl\u00e4chen von Filialen, um Dienstleistungen zu bewerben und zu verkaufen.<\/span><\/p>\n\n\n\n<h2 class=\"wp-block-heading\"><strong>Ziele des Retail Banking<\/strong><\/h2>\n\n\n\n<p><span style=\"font-weight: 400;\"><a href=\"https:\/\/www.sisinternational.com\/de\/der-stationare-einzelhandel-und-die-mobile-revolution\/\" title=\"Marktforschung f\u00fcr den mobilen Einzelhandel\" data-wpil-monitor-id=\"2665\">Retail banking adapts services to meet consumer<\/a> needs. For example, most banks are parties to the Zelle cash app. This app enables consumers to transfer funds to their peers in a few clicks. It is a quick, convenient way to make payments, and is very popular among retail banking customers. <\/span><\/p>\n\n\n\n<p><span style=\"font-weight: 400;\">Auch das Privatkundengesch\u00e4ft versucht, alle Bankbed\u00fcrfnisse der Kunden zu erf\u00fcllen. Banken versuchen, Kunden zu binden, indem sie ihnen dieselben Produkte und Dienstleistungen anbieten wie ihre Konkurrenten.<\/span><\/p>\n\n\n\n<h2 class=\"wp-block-heading\"><strong>Vorteile des Retail Banking<\/strong><\/h2>\n\n\n\n<p><span style=\"font-weight: 400;\">Der Hauptvorteil des Privatkundengesch\u00e4fts besteht darin, dass es das Gesch\u00e4ft einer Bank steigert. Es tr\u00e4gt auch zur Verbesserung der Markenbekanntheit bei. Ein weiterer Vorteil ist, dass Privatkunden die Zahlungsf\u00e4higkeit einer Bank nicht gef\u00e4hrden. Privatkundenkredite belasten die Bilanzen der Bank selten. Der dritte Vorteil ist, dass Privatkunden tendenziell eine h\u00f6here Markentreue aufweisen. Wenn die Bank erst einmal einen hervorragenden Kundenservice bietet und ihre Gelder sicher sind, werden sie nicht wechseln. Stattdessen bleiben sie jahrelang treue Kunden.<\/span><\/p>\n\n\n\n<h2 class=\"wp-block-heading\"><strong>Wer nutzt Marktforschung im Privatkundengesch\u00e4ft?<\/strong><\/h2>\n\n\n\n<p><span style=\"font-weight: 400;\"><a href=\"https:\/\/www.sisinternational.com\/de\/losungen\/branding-und-kundenforschungslosungen\/einzelhandelsmarktforschung\/\" title=\"Einzelhandelsmarktforschung | In-Store-Marktforschung\" data-wpil-monitor-id=\"6727\">Retail banking market research<\/a> is a crucial tool that serves a diverse array of stakeholders within the financial ecosystem. Its comprehensive insights and strategic implications extend far beyond a bank\u2019s executive boardroom.<\/span><\/p>\n\n\n\n<p><b>Finanzinstitutionen<\/b><span style=\"font-weight: 400;\"> sind die Hauptnutznie\u00dfer der Marktforschung im Privatkundengesch\u00e4ft. F\u00fcr diese Unternehmen sind die aus der Forschung gewonnenen Erkenntnisse strategische Verm\u00f6genswerte, die wichtige Entscheidungen beeinflussen. Von den F\u00fchrungskr\u00e4ften der obersten F\u00fchrungsebene, die Unternehmensstrategien formulieren, bis hin zu den Produktmanagern, die das n\u00e4chste gro\u00dfe Finanzprodukt entwerfen, bietet diese Forschung eine Wissensgrundlage, die Ma\u00dfnahmen leitet und die Zukunft der Bankdienstleistungen gestaltet.<\/span><\/p>\n\n\n\n<p><b>Risikomanagement- und Compliance-Beauftragte<\/b><span style=\"font-weight: 400;\"> also find great value in <a href=\"https:\/\/www.sisinternational.com\/de\/sachverstand\/branchen\/chief-information-officer-cio-marktforschung\/\" title=\"Chief Information Officer (CIO) Marktforschung\" data-wpil-monitor-id=\"5673\">Marktforschung f\u00fcr das Privatkundengesch\u00e4ft<\/a>. The financial sector is fraught with risks ranging from credit defaults to regulatory non-compliance. This <a href=\"https:\/\/www.sisinternational.com\/de\/losungen\/innovation\/genetik-marktforschung\/\" title=\"Genetik-Marktforschung\" data-wpil-monitor-id=\"5028\">Forschung<\/a> offers a panoramic view of the market landscape, helping these professionals anticipate and mitigate risks before they materialize into significant threats.<\/span><\/p>\n\n\n\n<p><span style=\"font-weight: 400;\">Zus\u00e4tzlich, <\/span><b>Kundendienstabteilungen<\/b><span style=\"font-weight: 400;\"> Nutzen Sie Erkenntnisse aus der Marktforschung im Privatkundengesch\u00e4ft, um das Kundenerlebnis zu verbessern. Indem diese Abteilungen die Bed\u00fcrfnisse, Probleme und Zufriedenheitsfaktoren der Kunden verstehen, k\u00f6nnen sie ihre Servicebereitstellung verfeinern und sicherstellen, dass jede Kundeninteraktion sowohl effizient als auch angenehm ist.<\/span><\/p>\n\n\n\n<p><span style=\"font-weight: 400;\">Zuletzt, <\/span><b>Fintech-Unternehmen und Startups<\/b><span style=\"font-weight: 400;\"> Nutzen Sie diese Forschung, um sich im Finanzdienstleistungssektor eine Nische zu schaffen. Indem sie die L\u00fccken und Chancen auf dem Markt verstehen, k\u00f6nnen diese Innovatoren L\u00f6sungen entwickeln, die unerf\u00fcllte Kundenbed\u00fcrfnisse ansprechen und so die Branche revolutionieren und voranbringen.<\/span><\/p>\n\n\n\n<h2 class=\"wp-block-heading\"><strong>Wie wird Marktforschung im Privatkundengesch\u00e4ft durchgef\u00fchrt?<\/strong><\/h2>\n\n\n\n<p><b>Quantitative Forschungsmethoden<\/b><span style=\"font-weight: 400;\"> are a cornerstone of <a href=\"https:\/\/www.sisinternational.com\/de\/abdeckung\/marktforschung-asien\/marktforschung-samoa\/\" title=\"Marktforschung in Samoa\" data-wpil-monitor-id=\"4045\">retail banking<\/a> market research. Surveys and questionnaires are extensively used to collect a vast amount of data directly from customers. This data is statistically analyzed to understand customer preferences, behaviors, and trends on a broad scale.<\/span><\/p>\n\n\n\n<p><b>Auf der anderen Seite qualitative Forschungsmethoden<\/b><span style=\"font-weight: 400;\"> verleihen den gewonnenen Erkenntnissen mehr Tiefe. Techniken wie Fokusgruppen und ausf\u00fchrliche Interviews bieten ein differenziertes Verst\u00e4ndnis der Einstellungen, Motivationen und Gef\u00fchle von Kunden. Diese Erkenntnisse sind besonders wertvoll, um das \u201eWarum\u201c hinter dem Kundenverhalten zu verstehen und den quantitativen Daten einen umfassenden Kontext zu verleihen.<\/span><\/p>\n\n\n\n<p><b>Marktsegmentierung<\/b><span style=\"font-weight: 400;\"> ist ein weiterer wichtiger Aspekt der Marktforschung im Privatkundengesch\u00e4ft. Bei diesem Ansatz wird der breitere Markt anhand bestimmter Kriterien wie demografischer, geografischer, psychografischer und verhaltensbezogener Faktoren in kleinere Segmente unterteilt. Dies erm\u00f6glicht es den Banken, ihre Produkte, Dienstleistungen und Marketingbem\u00fchungen an die spezifischen Bed\u00fcrfnisse jedes Segments anzupassen und so eine h\u00f6here Relevanz und Einbindung sicherzustellen.<\/span><\/p>\n\n\n\n<p><b>Wettbewerbsanalyse<\/b><span style=\"font-weight: 400;\"> ist ebenfalls ein wesentlicher Bestandteil dieser Untersuchung. Dabei werden die Strategien, Produkte, Dienstleistungen, St\u00e4rken und Schw\u00e4chen der Wettbewerber bewertet. Diese Analyse bietet den Banken einen vergleichenden \u00dcberblick \u00fcber den Markt und hilft ihnen, M\u00f6glichkeiten zur Differenzierung und strategischen Vorteile zu erkennen.<\/span><\/p>\n\n\n\n<h2 class=\"wp-block-heading\"><strong>Expected Results from Retail Banking Market Research.<\/strong><\/h2>\n\n\n\n<p><b> \u2022 Comprehensive&nbsp; Market Understanding: <\/b><span style=\"font-weight: 400;\">Die Marktforschung f\u00fcr das Privatkundengesch\u00e4ft liefert einen Panoramablick auf die Marktlandschaft. Dazu geh\u00f6ren Marktgr\u00f6\u00dfe, Wachstumstrends und Schl\u00fcsselfaktoren, die ein umfassendes Bild des aktuellen Marktszenarios und seiner m\u00f6glichen zuk\u00fcnftigen Entwicklungen zeichnen.<\/span><\/p>\n\n\n\n<p><b> \u2022 Detaillierte Wettbewerbsanalyse:<\/b><span style=\"font-weight: 400;\"> Die Marktforschung im Privatkundengesch\u00e4ft analysiert das Wettbewerbsumfeld akribisch. Sie beleuchtet die Strategien, Produktangebote und Marktpositionierung der wichtigsten Akteure und bietet Einblicke in ihre St\u00e4rken und Schw\u00e4chen. Diese Wettbewerbsinformationen sind f\u00fcr Banken von entscheidender Bedeutung, um sich eine Nische zu schaffen und im Spiel die Nase vorn zu behalten.<\/span><\/p>\n\n\n\n<p><b> \u2022 Produkt- und Serviceoptimierung:<\/b><span style=\"font-weight: 400;\"> Unternehmen k\u00f6nnen von dieser Studie erwarten, dass sie Aufschluss \u00fcber die Wirksamkeit und Akzeptanz verschiedener Bankprodukte und -dienstleistungen gibt. Sie identifiziert L\u00fccken im aktuellen Angebot und zeigt Innovationsm\u00f6glichkeiten auf, sodass Banken ihr Produktportfolio verfeinern k\u00f6nnen, um die Kundenbed\u00fcrfnisse besser zu erf\u00fcllen.<\/span><\/p>\n\n\n\n<p><b> \u2022 Einhaltung gesetzlicher Vorschriften und Auswirkungen:<\/b><span style=\"font-weight: 400;\"> Da der Bankensektor eine der am st\u00e4rksten regulierten Branchen ist, bietet diese Studie Einblicke in regulatorische \u00c4nderungen und ihre m\u00f6glichen Auswirkungen auf den Markt. Das Verst\u00e4ndnis dieser Regulierungsdynamik ist f\u00fcr Banken von entscheidender Bedeutung, um die Einhaltung der Vorschriften sicherzustellen und ihre Strategien entsprechend anzupassen.<\/span><\/p>\n\n\n\n<h2 class=\"wp-block-heading\"><strong>Aktuelle Trends in der Retail Banking-Marktforschung<\/strong><\/h2>\n\n\n\n<figure class=\"gb-block-image gb-block-image-cd7ec263\"><img loading=\"lazy\" decoding=\"async\" width=\"1456\" height=\"816\" class=\"gb-image gb-image-cd7ec263\" src=\"https:\/\/www.sisinternational.com\/wp-content\/uploads\/2025\/09\/Quantitative-research-12.jpg\" alt=\"SIS International Marktforschung &amp; Strategie\" title=\"Quantitative research (12)\" srcset=\"https:\/\/www.sisinternational.com\/wp-content\/uploads\/2025\/09\/Quantitative-research-12.jpg 1456w, https:\/\/www.sisinternational.com\/wp-content\/uploads\/2025\/09\/Quantitative-research-12-300x168.jpg 300w, https:\/\/www.sisinternational.com\/wp-content\/uploads\/2025\/09\/Quantitative-research-12-1024x574.jpg 1024w, https:\/\/www.sisinternational.com\/wp-content\/uploads\/2025\/09\/Quantitative-research-12-768x430.jpg 768w, https:\/\/www.sisinternational.com\/wp-content\/uploads\/2025\/09\/Quantitative-research-12-18x10.jpg 18w\" sizes=\"auto, (max-width: 1456px) 100vw, 1456px\"><\/figure>\n\n\n\n<p><\/p>\n\n\n\n<p><span style=\"font-weight: 400;\">Die Marktforschung im Privatkundengesch\u00e4ft entwickelt sich st\u00e4ndig weiter. Daher ist das Verst\u00e4ndnis dieser Trends f\u00fcr Banken und Finanzinstitute von entscheidender Bedeutung, um wettbewerbsf\u00e4hig und relevant zu bleiben.&nbsp;<\/span><\/p>\n\n\n\n<p><b> \u2022 Digitale Transformation:<\/b><span style=\"font-weight: 400;\"> Es wird zunehmend darauf geachtet, die Akzeptanz des digitalen Bankings, die Benutzererfahrung auf digitalen Plattformen und die Integration von Technologien wie KI und Blockchain zu verstehen. Die Forschung besch\u00e4ftigt sich damit, wie diese Technologien den Betrieb optimieren, die Kundenerfahrung verbessern und neue Einnahmequellen erschlie\u00dfen k\u00f6nnen.<\/span><\/p>\n\n\n\n<p><b> \u2022 Kundenerfahrung und Personalisierung: <\/b><span style=\"font-weight: 400;\">Banken erkennen zunehmend die Bedeutung des Kundenerlebnisses als entscheidendes Differenzierungsmerkmal. Die Marktforschung im Privatkundengesch\u00e4ft konzentriert sich auf das Verst\u00e4ndnis der Customer Journeys, der Problemstellen und der Erwartungen an Bankdienstleistungen.<\/span><\/p>\n\n\n\n<p><b> \u2022 Nachhaltigkeit und soziale Verantwortung:<\/b><span style=\"font-weight: 400;\"> Es gibt einen wachsenden Trend, die Auswirkungen von Bankdienstleistungen auf Gesellschaft und Umwelt zu verstehen. Marktforschung untersucht die Einstellung der Kunden zu nachhaltigen Bankpraktiken und wie Banken ihre Gesch\u00e4ftst\u00e4tigkeit an umfassenderen sozialen und \u00f6kologischen Zielen ausrichten k\u00f6nnen.<\/span><\/p>\n\n\n\n<p><b> \u2022 Fintech und Disruption: <\/b><span style=\"font-weight: 400;\">Der Aufstieg der Fintech-Unternehmen hat das traditionelle Bankmodell auf den Kopf gestellt. Die Marktforschung im Privatkundengesch\u00e4ft beobachtet diesen Trend aufmerksam, analysiert das Wettbewerbsumfeld und bewertet die Risiken und Chancen, die diese neuen Marktteilnehmer mit sich bringen.<\/span><\/p>\n\n\n\n<h2 class=\"wp-block-heading\">H\u00e4ufige Fragen<\/h2>\n\n\n\n<h3 class=\"wp-block-heading\"><span style=\"font-weight: 400;\">Welche Arten des Privatkundengesch\u00e4fts gibt es?<\/span><\/h3>\n\n\n\n<p><span style=\"font-weight: 400;\">Es gibt zwei Haupttypen des Retail Banking. Der erste findet sich innerhalb <\/span><b>Gesch\u00e4ftsbanken<\/b><span style=\"font-weight: 400;\">. Diese Banken profitieren von Zinsspannen und Transaktionsgeb\u00fchren. Die Spanne ist die Differenz zwischen den Geb\u00fchren, die die Bank f\u00fcr Kredite verlangt, und den Geb\u00fchren, die sie f\u00fcr Einlagen zahlt. Die andere Art des Privatkundengesch\u00e4fts ist <\/span><b>Kreditgenossenschaften<\/b><span style=\"font-weight: 400;\">. Diese Art von Institution bietet die gleichen Dienstleistungen wie Gesch\u00e4ftsbanken, jedoch in kleinerem Umfang.<\/span><\/p>\n\n\n\n<h3 class=\"wp-block-heading\"><span style=\"font-weight: 400;\">Was ist der Unterschied zwischen Privatkundengesch\u00e4ft und Firmenkundengesch\u00e4ft?<\/span><\/h3>\n\n\n\n<p><span style=\"font-weight: 400;\">Die Begriffe \u201ePrivatkundengesch\u00e4ft\u201c und \u201eGesch\u00e4ftskundengesch\u00e4ft\u201c werden oft synonym verwendet. Privatkundengesch\u00e4ft bezeichnet eine Abteilung innerhalb einer Gesch\u00e4ftsbank, die sich um Einzelkunden k\u00fcmmert. Gesch\u00e4ftsbanken bedienen jedoch nicht nur Privatkunden. Sie bieten auch Dienstleistungen f\u00fcr eine breite Palette von Unternehmen unterschiedlicher Gr\u00f6\u00dfe an. <\/span><\/p>\n\n\n\n<h3 class=\"wp-block-heading\"><span style=\"font-weight: 400;\">Was ist der Unterschied zwischen Privatkundengesch\u00e4ft und Investmentbanking?<\/span><\/h3>\n\n\n\n<p><span style=\"font-weight: 400;\">Eine Investmentbank verdient Geld, indem sie Wertpapiere an Unternehmen und die Regierung verkauft. Diese Banken bieten auch Beratungsdienste f\u00fcr gro\u00dfe Unternehmen an. Unternehmen konsultieren sie bei \u00dcbernahmen und Fusionen. Morgan Stanley ist eine der gr\u00f6\u00dften Investmentbanken in den Vereinigten Staaten. Eine weitere gro\u00dfe Investmentbank ist Goldman Sachs. Das Privatkundengesch\u00e4ft hingegen bietet Privatpersonen eher banale Finanzdienstleistungen an. <\/span><\/p>\n\n\n\n<h3 class=\"wp-block-heading\"><span style=\"font-weight: 400;\">Warum ist Marktforschung im Privatkundengesch\u00e4ft wichtig?<\/span><\/h3>\n\n\n\n<p><span style=\"font-weight: 400;\">Im Privatkundengesch\u00e4ft besteht ein echter Bedarf an Marktforschung. Marktforschung hilft Banken, Gesch\u00e4ftsm\u00f6glichkeiten zu erkennen. Sie k\u00f6nnen zum Beispiel Partnerschaften mit anderen Banken eingehen. Sie k\u00f6nnen auch neue Produkte entwickeln oder bestehende verbessern. Wenn sie expandieren m\u00fcssen, hilft ihnen Marktforschung bei der Suche nach neuen Standorten. Sie k\u00f6nnen damit Gesch\u00e4ftsrisiken senken. Au\u00dferdem k\u00f6nnen sie Werbematerialien erstellen, um ihre Produkte und Dienstleistungen zu verkaufen.<\/span><\/p>\n\n\n\n<h2 class=\"wp-block-heading\">Unser Standort in New York<\/h2>\n\n\n\n<p>\n\n\n\n<iframe loading=\"lazy\" src=\"https:\/\/www.google.com\/maps\/embed?pb=!1m18!1m12!1m3!1d3022.976188376966!2d-73.99130312499956!3d40.740549471389315!2m3!1f0!2f0!3f0!3m2!1i1024!2i768!4f13.1!3m3!1m2!1s0x89c259a15798c731%3A0xd695d09bdd495f25!2s11%20E%2022nd%20St%20FL%202%2C%20New%20York%2C%20NY%2010010%2C%20USA!5e0!3m2!1sen!2spe!4v1726171763526!5m2!1sen!2spe\" width=\"600\" height=\"450\" allowfullscreen=\"allowfullscreen\" data-mce-fragment=\"1\"><\/iframe>\n\n\n\n<\/p>\n\n\n\n<h3 class=\"wp-block-heading\">11 E 22nd Street, Floor 2, New York, NY 10010 T: +1(212) 505-6805<\/h3>\n\n\n\n<hr class=\"wp-block-separator has-alpha-channel-opacity\"\/>\n\n\n\n<h2 class=\"wp-block-heading\"><span style=\"font-weight: 400;\">\u00dcber SIS International<\/span><\/h2>\n\n\n\n<p><a href=\"https:\/\/www.sisinternational.com\/de\/\"><span style=\"font-weight: 400;\">SIS International<\/span><\/a><span style=\"font-weight: 400;\"> bietet quantitative, qualitative und strategische Forschung an. Wir liefern Daten, Tools, Strategien, Berichte und Erkenntnisse zur Entscheidungsfindung. Wir f\u00fchren auch Interviews, Umfragen, Fokusgruppen und andere Methoden und Ans\u00e4tze der Marktforschung durch.<\/span><a href=\"https:\/\/www.sisinternational.com\/de\/uber-sis-international-research\/contact-sis-international-market-research\/\"><span style=\"font-weight: 400;\"> Kontakt<\/span><\/a><span style=\"font-weight: 400;\"> f\u00fcr Ihr n\u00e4chstes Marktforschungsprojekt.<\/span><\/p>\n\n\n\n<p><\/p>\n\n\n\n<p><\/p>","protected":false},"excerpt":{"rendered":"<p>Entdecken Sie neue Erkenntnisse aus der Marktforschung im Privatkundengesch\u00e4ft.<\/p>","protected":false},"author":1,"featured_media":63033,"parent":27462,"menu_order":18,"comment_status":"closed","ping_status":"closed","template":"","meta":{"footnotes":""},"class_list":["post-31308","page","type-page","status-publish","has-post-thumbnail"],"_links":{"self":[{"href":"https:\/\/www.sisinternational.com\/de\/wp-json\/wp\/v2\/pages\/31308","targetHints":{"allow":["GET"]}}],"collection":[{"href":"https:\/\/www.sisinternational.com\/de\/wp-json\/wp\/v2\/pages"}],"about":[{"href":"https:\/\/www.sisinternational.com\/de\/wp-json\/wp\/v2\/types\/page"}],"author":[{"embeddable":true,"href":"https:\/\/www.sisinternational.com\/de\/wp-json\/wp\/v2\/users\/1"}],"replies":[{"embeddable":true,"href":"https:\/\/www.sisinternational.com\/de\/wp-json\/wp\/v2\/comments?post=31308"}],"version-history":[{"count":16,"href":"https:\/\/www.sisinternational.com\/de\/wp-json\/wp\/v2\/pages\/31308\/revisions"}],"predecessor-version":[{"id":80308,"href":"https:\/\/www.sisinternational.com\/de\/wp-json\/wp\/v2\/pages\/31308\/revisions\/80308"}],"up":[{"embeddable":true,"href":"https:\/\/www.sisinternational.com\/de\/wp-json\/wp\/v2\/pages\/27462"}],"wp:featuredmedia":[{"embeddable":true,"href":"https:\/\/www.sisinternational.com\/de\/wp-json\/wp\/v2\/media\/63033"}],"wp:attachment":[{"href":"https:\/\/www.sisinternational.com\/de\/wp-json\/wp\/v2\/media?parent=31308"}],"curies":[{"name":"wp","href":"https:\/\/api.w.org\/{rel}","templated":true}]}}