{"id":31157,"date":"2019-03-05T00:34:34","date_gmt":"2019-03-05T00:34:34","guid":{"rendered":"https:\/\/www.sisinternational.com\/?page_id=31157"},"modified":"2026-03-05T23:49:17","modified_gmt":"2026-03-06T04:49:17","slug":"marktforschung-im-bereich-reisetechnologie","status":"publish","type":"page","link":"https:\/\/www.sisinternational.com\/de\/sachverstand\/reise-tourismus\/marktforschung-im-bereich-reisetechnologie\/","title":{"rendered":"Marktforschung f\u00fcr Reisetechnologie"},"content":{"rendered":"<h1 class=\"wp-block-heading\">Marktforschung f\u00fcr Reisetechnologie<\/h1>\n\n\n\n<figure class=\"gb-block-image gb-block-image-1d02943a\"><img loading=\"lazy\" decoding=\"async\" width=\"1456\" height=\"816\" class=\"gb-image gb-image-1d02943a\" src=\"https:\/\/www.sisinternational.com\/wp-content\/uploads\/2025\/08\/Travel-5.jpg\" alt=\"SIS International Marktforschung &amp; Strategie\" title=\"Travel (5)\" srcset=\"https:\/\/www.sisinternational.com\/wp-content\/uploads\/2025\/08\/Travel-5.jpg 1456w, https:\/\/www.sisinternational.com\/wp-content\/uploads\/2025\/08\/Travel-5-300x168.jpg 300w, https:\/\/www.sisinternational.com\/wp-content\/uploads\/2025\/08\/Travel-5-1024x574.jpg 1024w, https:\/\/www.sisinternational.com\/wp-content\/uploads\/2025\/08\/Travel-5-768x430.jpg 768w, https:\/\/www.sisinternational.com\/wp-content\/uploads\/2025\/08\/Travel-5-18x10.jpg 18w\" sizes=\"auto, (max-width: 1456px) 100vw, 1456px\"><\/figure>\n\n\n\n<p><\/p>\n\n\n\n<h2 class=\"wp-block-heading\">Travel Technology ist der Einsatz von IT in der Reise-, Tourismus- und Hotelbranche.<\/h2>\n\n\n\n<p>It also includes virtual tourism in the form of virtual tour technologies. Many travel technology companies have grown up to create better experiences for travelers. Examples include Expedia, Orbitz, and TripAdvisor. Software providers are also developing <a href=\"https:\/\/www.sisinternational.com\/de\/losungen\/reise-tourismus-und-gastgewerbeberatung\/beratung-zu-intelligenter-hoteltechnologie\/\" title=\"Beratung zu intelligenter Hoteltechnologie\"  data-wpil-monitor-id=\"9397\">technology to book flights and hotels<\/a> online.<\/p>\n\n\n\n<h2 class=\"wp-block-heading\">Rolle der Reisetechnologie<\/h2>\n\n\n\n<p>Neue Entwicklungen in der Reisetechnologie versprechen ein noch spannenderes und interaktiveres Erlebnis. Diese Hightech-Fortschritte haben unsere Art zu reisen ver\u00e4ndert. Niemand wird heute die Bedeutung der Technologie im Tourismus bezweifeln. Sie hat unsere Art zu reisen beeinflusst und wird dies auch weiterhin tun. Wir nutzen Technologie, um ein Urlaubsziel auszuw\u00e4hlen und zu planen, was wir dort unternehmen. Wir nutzen sie sogar, um zu entscheiden, was wir nach unserer R\u00fcckkehr aus dem Urlaub unternehmen.<\/p>\n\n\n\n<h2 class=\"wp-block-heading\">Reisetechnologie-Trends<\/h2>\n\n\n\n<p>Technology plays a dynamic role for <a href=\"https:\/\/www.sisinternational.com\/de\/losungen\/reise-tourismus-und-gastgewerbeberatung\/marktforschung-fur-geschaftsreisen\/\" title=\"Marktforschung f\u00fcr Gesch\u00e4ftsreisen\"  data-wpil-monitor-id=\"9398\">businesses in the travel<\/a> sector. Their customers also find it very useful. It increases the efficiency of business operations and improves the customer experience. Here are some of the most important tech trends in today\u2019s tourism industry:<\/p>\n\n\n\n<ol class=\"wp-block-list\">\n<li>Internet of Things (IoT): Hotel rooms are using IoT. Upon check-in, the <a href=\"https:\/\/www.sisinternational.com\/de\/sachverstand\/branchen\/marktforschung-zum-kundenerlebnis-im-hotel\/\" title=\"Marktforschung zum Kundenerlebnis in Hotels\"  data-wpil-monitor-id=\"9399\">hotels give customers<\/a> a connected device. The customer can use it for anything, from the air conditioners and heaters to the lights. The customer can control everything from one place.<\/li>\n\n\n\n<li>Biometrie: Einige Hotels haben biometrische Technologie implementiert. Diese Technologie erm\u00f6glicht den Zugang zu Zimmern \u00fcber Fingerabdr\u00fccke und erleichtert halbkontaktloses Bezahlen. Sie erm\u00f6glicht Hotels auch die Verwendung anderer biometrischer Merkmale wie Gesichtserkennung und Netzhautscans.<\/li>\n\n\n\n<li>Robotik: Roboter sind beispielsweise an Flugh\u00e4fen n\u00fctzlich. Sie helfen beim Aufsp\u00fcren versteckter Waffen. Reiseb\u00fcros nutzen sie auch f\u00fcr die Vorabkontrolle. Hotelketten setzen Roboter an verschiedenen Informationspunkten ein.<\/li>\n<\/ol>\n\n\n\n<h2 class=\"wp-block-heading\">Reise-Technologie-Gadgets<\/h2>\n\n\n\n<p>Reise-Technologie-Ger\u00e4te haben die Art und Weise, wie wir die Welt erleben, f\u00fcr immer ver\u00e4ndert. Sie sind f\u00fcr Reisende von heute Lebensretter. Zu diesen Ger\u00e4ten geh\u00f6ren:<\/p>\n\n\n\n<ol class=\"wp-block-list\">\n<li>Waschmaschine im Taschenformat: Dieser leichte Waschbeutel im Taschenformat verf\u00fcgt \u00fcber ein flexibles Waschbrett. Er ben\u00f6tigt lediglich 2-4 Liter Wasser und etwas Fl\u00fcssigwaschmittel und reinigt die Kleidung in weniger als drei Minuten.<\/li>\n\n\n\n<li>Tragbarer WLAN-Hotspot und Powerbank: Dieses Konnektivit\u00e4tsger\u00e4t bietet unbegrenzten 4G LTE-Service. Sie k\u00f6nnen es in \u00fcber 130 L\u00e4ndern weltweit nutzen. Technikfreaks halten es f\u00fcr einen der besten mobilen WLAN-Hotspots auf dem Markt.<\/li>\n\n\n\n<li>Reisedrohne: Mit diesem faltbaren, kompakten Ger\u00e4t k\u00f6nnen Reisende die Sch\u00f6nheit ihrer Umgebung einfangen. Es funktioniert bis zu einer Entfernung von 6,6 Kilometern.<\/li>\n<\/ol>\n\n\n\n<h2 class=\"wp-block-heading\">Reisetechnologie in Europa<\/h2>\n\n\n\n<p>Travel technology is now so essential that it has an international trade show. This show is for all <a href=\"https:\/\/www.sisinternational.com\/de\/losungen\/reise-tourismus-und-gastgewerbeberatung\/\" title=\"Beratung f\u00fcr Reisen, Tourismus und Gastgewerbe\"  data-wpil-monitor-id=\"9395\">travel and tourism<\/a> agencies worldwide. This forum, Travel Technology Europe, is a medium that displays many of the industry&#8217;s essential goods. Travel, hospitality, tourism, holidays, and payment systems are on display. Attendees can also look at e-commerce, information technologies, booking, and reservation systems. Also, of course, travel technology forms part of the revelation.<\/p>\n\n\n\n<h2 class=\"wp-block-heading\">Neuigkeiten aus der Reisetechnologie<\/h2>\n\n\n\n<p>Der World Travel &amp; Tourism Council (WTTC) hat ein neues Projekt gestartet, das durch den verst\u00e4rkten Einsatz biometrischer Technologien sicherere Reisen weltweit erm\u00f6glichen soll. Die International Border Management &amp; Technologies Association arbeitet mit dem WTTC zusammen, um dessen Seamless Travel Journeys Program zu verbessern. Dieses Programm wird biometrische Daten verwenden. Reisende m\u00fcssen denselben Reisepass oder dieselben Informationen nicht mehrmals vorlegen.<\/p>\n\n\n\n<h2 class=\"wp-block-heading\">Kundenzentrierung in der Reisetechnologie<\/h2>\n\n\n\n<p>Optimizing apps, websites and travel services for customers is a major priority.&nbsp; Showing up on Search Engines and enhancing ease of use are ways to boost revenues and profitability.&nbsp; UX Research and <a href=\"https:\/\/www.sisinternational.com\/de\/qualitative-research-to-enhance-customer-experience\/\" title=\"Qualitative Research to Enhance Customer Experience\"  data-wpil-monitor-id=\"9392\">Qualitativ<\/a> Research provides insights for boosting satisfaction and creating customer value.<\/p>\n\n\n\n<h2 class=\"wp-block-heading\">Warum ist Reisetechnologie wichtig?<\/h2>\n\n\n\n<p>Die Reisebranche ist ins Internet \u00fcbergegangen. Daher ist es von entscheidender Bedeutung, Portale zu erstellen, die den Kundenanforderungen entsprechen. Reiseb\u00fcros verlieren an Boden, da Reisende sich bei der Buchung von Fl\u00fcgen und Hotels immer mehr auf ihre Smartphones verlassen. Sie verwenden Smartphones auch, um Restaurants zu empfehlen und Wegbeschreibungen bereitzustellen. In der Reisebranche wird die Interaktion mit dem Verbraucher immer wichtiger. Die technischen Fortschritte erm\u00f6glichen es den Akteuren der Branche, ihre Kunden ein bisschen besser kennenzulernen.<\/p>\n\n\n\n<h2 class=\"wp-block-heading\">\u00dcber Travel Technology Market Research<\/h2>\n\n\n\n<p>SIS conducts Qualitative, <a href=\"https:\/\/www.sisinternational.com\/de\/abdeckung\/europa\/quantitative-research-in-london\/\" title=\"Quantitative Research in London\"  data-wpil-monitor-id=\"9396\">Quantitative and Strategy Research<\/a>.&nbsp; Qualitative Research is exploratory research examining the &#8220;why&#8221; and motivations behind purchasing behavior.&nbsp; Qualitative Methods include Focus Groups, Ethnography, Customer <a href=\"https:\/\/www.sisinternational.com\/de\/personliche-interviews-und-online-interviews-die-vor-und-nachteile\/\" title=\"F2F-Interviews und Online-Interviews: Die Vor- und Nachteile\"  data-wpil-monitor-id=\"7451\">Interviews and Digital Online<\/a> Communities.&nbsp; <a href=\"https:\/\/www.sisinternational.com\/de\/how-to-design-effective-surveys-for-quantitative-research\/\" title=\"How to Design Effective Surveys for Quantitative Research\"  data-wpil-monitor-id=\"9393\">Quantitative Research in the form of surveys<\/a> provides measurement data to understand the extent to which customers agree or disagree with advertisements and stimuli.&nbsp; Strategy Research uncovers areas of opportunity and competitive threats to your <a href=\"https:\/\/www.sisinternational.com\/de\/losungen\/strategieberatung\/marktforschung-zur-einfuhrung-neuer-produkte\/\" title=\"Forschung zur Einf\u00fchrung neuer Produkte\"  data-wpil-monitor-id=\"9394\">product launches<\/a>.<\/p>\n\n\n\n<p><\/p>","protected":false},"excerpt":{"rendered":"<p>SIS ist ein f\u00fchrendes globales Marktforschungsunternehmen. Entdecken Sie, wie Marktforschung im Bereich Reisetechnologie Ihren Umsatz und Ihre Leistung steigern kann.<\/p>","protected":false},"author":1,"featured_media":62583,"parent":14221,"menu_order":0,"comment_status":"closed","ping_status":"closed","template":"","meta":{"footnotes":""},"class_list":["post-31157","page","type-page","status-publish","has-post-thumbnail"],"_links":{"self":[{"href":"https:\/\/www.sisinternational.com\/de\/wp-json\/wp\/v2\/pages\/31157","targetHints":{"allow":["GET"]}}],"collection":[{"href":"https:\/\/www.sisinternational.com\/de\/wp-json\/wp\/v2\/pages"}],"about":[{"href":"https:\/\/www.sisinternational.com\/de\/wp-json\/wp\/v2\/types\/page"}],"author":[{"embeddable":true,"href":"https:\/\/www.sisinternational.com\/de\/wp-json\/wp\/v2\/users\/1"}],"replies":[{"embeddable":true,"href":"https:\/\/www.sisinternational.com\/de\/wp-json\/wp\/v2\/comments?post=31157"}],"version-history":[{"count":6,"href":"https:\/\/www.sisinternational.com\/de\/wp-json\/wp\/v2\/pages\/31157\/revisions"}],"predecessor-version":[{"id":81570,"href":"https:\/\/www.sisinternational.com\/de\/wp-json\/wp\/v2\/pages\/31157\/revisions\/81570"}],"up":[{"embeddable":true,"href":"https:\/\/www.sisinternational.com\/de\/wp-json\/wp\/v2\/pages\/14221"}],"wp:featuredmedia":[{"embeddable":true,"href":"https:\/\/www.sisinternational.com\/de\/wp-json\/wp\/v2\/media\/62583"}],"wp:attachment":[{"href":"https:\/\/www.sisinternational.com\/de\/wp-json\/wp\/v2\/media?parent=31157"}],"curies":[{"name":"wp","href":"https:\/\/api.w.org\/{rel}","templated":true}]}}