{"id":31129,"date":"2019-03-04T01:34:46","date_gmt":"2019-03-04T01:34:46","guid":{"rendered":"https:\/\/www.sisinternational.com\/?page_id=31129"},"modified":"2025-09-14T00:07:26","modified_gmt":"2025-09-14T04:07:26","slug":"proof-of-concept-forschung","status":"publish","type":"page","link":"https:\/\/www.sisinternational.com\/de\/losungen\/strategieberatung\/proof-of-concept-forschung\/","title":{"rendered":"Proof of Concept-Forschung"},"content":{"rendered":"<h1 class=\"wp-block-heading p1\"><span class=\"s1\">Proof of Concept-Forschung<\/span><\/h1>\n\n\n\n<figure class=\"gb-block-image gb-block-image-cb8225bd\"><img loading=\"lazy\" decoding=\"async\" width=\"1456\" height=\"816\" class=\"gb-image gb-image-cb8225bd\" src=\"https:\/\/www.sisinternational.com\/wp-content\/uploads\/2025\/09\/Quantitative-research-17.jpg\" alt=\"SIS International Marktforschung &amp; Strategie\" title=\"Quantitative research (17)\" srcset=\"https:\/\/www.sisinternational.com\/wp-content\/uploads\/2025\/09\/Quantitative-research-17.jpg 1456w, https:\/\/www.sisinternational.com\/wp-content\/uploads\/2025\/09\/Quantitative-research-17-300x168.jpg 300w, https:\/\/www.sisinternational.com\/wp-content\/uploads\/2025\/09\/Quantitative-research-17-1024x574.jpg 1024w, https:\/\/www.sisinternational.com\/wp-content\/uploads\/2025\/09\/Quantitative-research-17-768x430.jpg 768w, https:\/\/www.sisinternational.com\/wp-content\/uploads\/2025\/09\/Quantitative-research-17-18x10.jpg 18w\" sizes=\"auto, (max-width: 1456px) 100vw, 1456px\"><\/figure>\n\n\n\n<p><\/p>\n\n\n\n<h2 class=\"wp-block-heading\"><span style=\"font-weight: 400;\">Was ist ein Proof of Concept?<\/span><\/h2>\n\n\n\n<p><span style=\"font-weight: 400;\">Jedes neue Unternehmen ist mit einem enormen Risiko verbunden. Ein Unternehmen hat einen guten Start, wenn es beweisen kann, dass seine Gesch\u00e4ftsidee funktioniert und realisierbar ist. Wir nennen das \u201eProof of Concept\u201c. Risikokapitalgeber warten in der Regel auf den Proof of Concept, bevor sie in ein Unternehmen investieren. Er misst auf quantifizierbare Weise, wie viel ein Unternehmen erreichen kann.<\/span><\/p>\n\n\n\n<h2 class=\"wp-block-heading\"><span style=\"font-weight: 400;\">Proof of Concept vs. Pilot: Was ist der Unterschied?<\/span><\/h2>\n\n\n\n<p><span style=\"font-weight: 400;\">A pilot project is a preliminary release of a <a href=\"https:\/\/www.sisinternational.com\/de\/losungen\/geschmackstest\/produkttestdienste-in-new-york\/\" title=\"Produkttestdienste in New York\"  data-wpil-monitor-id=\"9268\">product or service<\/a>. It aims at a partial determination of the projected final solution, which can have several limitations, including the business associates involved and the procedures affected. Another restriction is the number of users with access to the system. &nbsp;The goal of a pilot project is <a href=\"https:\/\/www.sisinternational.com\/de\/losungen\/branding-und-kundenforschungslosungen\/produkttests-marktforschung\/\" title=\"Produkttests Marktforschung\"  data-wpil-monitor-id=\"9254\">testing in a production<\/a> setting. The goal of a proof of concept is to confirm the potential of a model. A proof of concept is usually small and may not be complete.<\/span><\/p>\n\n\n\n<h2 class=\"wp-block-heading\"><span style=\"font-weight: 400;\">Was ist der Unterschied zwischen einem Prototyp und einem Proof of Concept?<\/span><\/h2>\n\n\n\n<p><span style=\"font-weight: 400;\">Many people use these two terms as if they are interchangeable. <a href=\"https:\/\/www.sisinternational.com\/de\/losungen\/branding-und-kundenforschungslosungen\/produkttests-marktforschung\/fuhrendes-usability-marktforschungsunternehmen\/\" title=\"Usability testing Company\"  data-wpil-monitor-id=\"9266\">Companies use Proof of Concept to test<\/a> whether they should put a particular theory or idea in place. A prototype is different. Its primary purpose is to help manufacturers decide what to do with a product in development. It also helps them reduce the number of mistakes made. Proof of concept offers a model of one aspect of the product; a prototype is a working model of several elements.<\/span><\/p>\n\n\n\n<h2 class=\"wp-block-heading\"><span style=\"font-weight: 400;\">Wer sollte Proof of Concept verwenden?<\/span><\/h2>\n\n\n\n<ul class=\"wp-block-list\">\n<li><b>Softwareentwickler: <\/b><span style=\"font-weight: 400;\">Entwickler k\u00f6nnen Proof of Concept im fr\u00fchen Entwicklungszyklus verwenden. Sie k\u00f6nnen es auch verwenden, um die Idee der Software zu verkaufen. Sie k\u00f6nnen POC auch verwenden, um Leistungsprobleme zu erkennen. Die Ergebnisse von POC umfassen die Sicherheitsaspekte der technischen Machbarkeit. Sie umfassen auch die Probleme, die die allgemeine Sch\u00e4tzung des Aufwands beeinflussen. Der Umfang des Aufwands ist ebenfalls Teil des Ergebnisses. <\/span><\/li>\n\n\n\n<li><b>Hersteller:<\/b><span style=\"font-weight: 400;\"> Ein POC kann einem Hersteller helfen, potenzielle Probleme zu erkennen. Technische und logistische Probleme k\u00f6nnen den Erfolg behindern. Alternativ kann es Organisationen die M\u00f6glichkeit geben, um internes Feedback zu bitten. Solches Feedback ist wertvoll, wenn es sich um ein vielversprechendes Produkt oder eine vielversprechende Dienstleistung handelt. Au\u00dferdem verringert es unn\u00f6tige Belastungen und Risiken. Es erm\u00f6glicht den Beteiligten, Designentscheidungen fr\u00fch im Entwicklungszyklus zu testen.<\/span><\/li>\n<\/ul>\n\n\n\n<h2 class=\"wp-block-heading\"><span style=\"font-weight: 400;\">Wann sollte ein Unternehmen einen Proof of Concept einsetzen?<\/span><\/h2>\n\n\n\n<p><span style=\"font-weight: 400;\">Ein Unternehmen sollte POC verwenden, wenn es die Marktf\u00e4higkeit mit einem knappen Budget best\u00e4tigen m\u00f6chte. Nehmen wir beispielsweise an, ein Unternehmen m\u00f6chte eine Video-T\u00fcrklingel bauen. Es m\u00fcsste die POC-Technik anwenden, um zu beweisen, dass es keine Zeit mit etwas verschwendet, das niemand will. Um festzustellen, ob die Idee umsetzbar ist, m\u00fcsste es bestimmte Fragen beantworten. Zum Beispiel: \u201eWarum eine Video-T\u00fcrklingel kaufen, wenn man ein Sicherheitssystem installieren kann?\u201c<\/span><\/p>\n\n\n\n<h2 class=\"wp-block-heading\"><span style=\"font-weight: 400;\">So verwenden Sie Proof of Concept<\/span><\/h2>\n\n\n\n<p><span style=\"font-weight: 400;\">The best thing to do when working on a new product is to adopt a lean approach. With this approach, the company invests the lowest amount of time and money at the beginning. It also gathers <a href=\"https:\/\/www.sisinternational.com\/de\/losungen\/einblicke-der-kunden\/\" title=\"Einblicke der Kunden\"  data-wpil-monitor-id=\"9267\">insights from customers<\/a>. The company can spend more as it receives <a href=\"https:\/\/www.sisinternational.com\/de\/losungen\/branding-und-kundenforschungslosungen\/marktforschung-zur-markenpositionierung\/\" title=\"Marktforschung zur Markenpositionierung\"  data-wpil-monitor-id=\"9262\">positive feedback from the market<\/a>. Engineers will jump in at a certain point of this process. They will see how much of the proposition the company can deliver and how much it will have to outsource. They will also say what it costs.<\/span><\/p>\n\n\n\n<h2 class=\"wp-block-heading\"><span style=\"font-weight: 400;\">Warum ist der Proof of Concept wichtig?<\/span><\/h2>\n\n\n\n<p><span style=\"font-weight: 400;\">The POC helps stakeholders to understand the limitations of a system. It also shows them the system&#8217;s capabilities. They can thus select only the processes that generate the most benefit. These processes should deliver rapid business returns and minimal development troubles. A POC project may, in some cases, determine that the company cannot solve the problem. Thus, POC can prevent the company from <a href=\"https:\/\/www.sisinternational.com\/de\/losungen\/strategieberatung\/marktforschung-zur-einfuhrung-neuer-produkte\/\" title=\"Forschung zur Einf\u00fchrung neuer Produkte\"  data-wpil-monitor-id=\"9259\">launching an unsuccessful product<\/a>.<\/span><\/p>\n\n\n\n<h2 class=\"wp-block-heading\"><span style=\"font-weight: 400;\">Wie Forschung hilft<\/span><\/h2>\n\n\n\n<p>Strategy Research can provide the insights, data, and <a href=\"https:\/\/www.sisinternational.com\/de\/losungen\/strategieberatung\/strategieentwicklung-umsetzungsberatung\/\" title=\"Strategieentwicklung und Umsetzungsberatung\"  data-wpil-monitor-id=\"9264\">strategies to develop<\/a> and improve your Proof of Concept.&nbsp; We provide Research-Support solutions through<\/p>\n\n\n\n<ul class=\"wp-block-list\">\n<li>Qualitative Forschung<\/li>\n\n\n\n<li>Quantitative Forschung<\/li>\n\n\n\n<li>Go-To-Market-L\u00f6sungen<\/li>\n\n\n\n<li><a href=\"https:\/\/www.sisinternational.com\/de\/losungen\/strategieberatung\/schulung-und-strategie-zur-wettbewerbsanalyse\/\" title=\"Competitive Intelligence-Training und Strategie\"  data-wpil-monitor-id=\"9249\">Strategie &amp; Wettbewerbsanalyse<\/a><\/li>\n<\/ul>\n\n\n\n<p><\/p>","protected":false},"excerpt":{"rendered":"<p>Entwickeln Sie Ihren n\u00e4chsten Proof of Concept mit modernsten Erkenntnissen, Strategien und Daten.<\/p>","protected":false},"author":1,"featured_media":67030,"parent":14567,"menu_order":11,"comment_status":"closed","ping_status":"closed","template":"","meta":{"footnotes":""},"class_list":["post-31129","page","type-page","status-publish","has-post-thumbnail"],"_links":{"self":[{"href":"https:\/\/www.sisinternational.com\/de\/wp-json\/wp\/v2\/pages\/31129","targetHints":{"allow":["GET"]}}],"collection":[{"href":"https:\/\/www.sisinternational.com\/de\/wp-json\/wp\/v2\/pages"}],"about":[{"href":"https:\/\/www.sisinternational.com\/de\/wp-json\/wp\/v2\/types\/page"}],"author":[{"embeddable":true,"href":"https:\/\/www.sisinternational.com\/de\/wp-json\/wp\/v2\/users\/1"}],"replies":[{"embeddable":true,"href":"https:\/\/www.sisinternational.com\/de\/wp-json\/wp\/v2\/comments?post=31129"}],"version-history":[{"count":4,"href":"https:\/\/www.sisinternational.com\/de\/wp-json\/wp\/v2\/pages\/31129\/revisions"}],"predecessor-version":[{"id":81549,"href":"https:\/\/www.sisinternational.com\/de\/wp-json\/wp\/v2\/pages\/31129\/revisions\/81549"}],"up":[{"embeddable":true,"href":"https:\/\/www.sisinternational.com\/de\/wp-json\/wp\/v2\/pages\/14567"}],"wp:featuredmedia":[{"embeddable":true,"href":"https:\/\/www.sisinternational.com\/de\/wp-json\/wp\/v2\/media\/67030"}],"wp:attachment":[{"href":"https:\/\/www.sisinternational.com\/de\/wp-json\/wp\/v2\/media?parent=31129"}],"curies":[{"name":"wp","href":"https:\/\/api.w.org\/{rel}","templated":true}]}}