{"id":29689,"date":"2019-01-06T00:10:18","date_gmt":"2019-01-06T00:10:18","guid":{"rendered":"https:\/\/www.sisinternational.com\/?page_id=29689"},"modified":"2026-01-25T17:09:36","modified_gmt":"2026-01-25T22:09:36","slug":"marktforschung-zur-materialhandhabung","status":"publish","type":"page","link":"https:\/\/www.sisinternational.com\/de\/sachverstand\/marktforschung-zur-materialhandhabung\/","title":{"rendered":"Marktforschung zur Materialhandhabung"},"content":{"rendered":"<h1 class=\"wp-block-heading\">Marktforschung zur Materialhandhabung<\/h1>\n\n\n\n<figure class=\"gb-block-image gb-block-image-6abdb51f\"><img loading=\"lazy\" decoding=\"async\" width=\"1456\" height=\"816\" class=\"gb-image gb-image-6abdb51f\" src=\"https:\/\/www.sisinternational.com\/wp-content\/uploads\/2025\/08\/machine-tools-2.jpg\" alt=\"SIS International Marktforschung &amp; Strategie\" title=\"machine tools (2)\" srcset=\"https:\/\/www.sisinternational.com\/wp-content\/uploads\/2025\/08\/machine-tools-2.jpg 1456w, https:\/\/www.sisinternational.com\/wp-content\/uploads\/2025\/08\/machine-tools-2-300x168.jpg 300w, https:\/\/www.sisinternational.com\/wp-content\/uploads\/2025\/08\/machine-tools-2-1024x574.jpg 1024w, https:\/\/www.sisinternational.com\/wp-content\/uploads\/2025\/08\/machine-tools-2-768x430.jpg 768w, https:\/\/www.sisinternational.com\/wp-content\/uploads\/2025\/08\/machine-tools-2-18x10.jpg 18w\" sizes=\"auto, (max-width: 1456px) 100vw, 1456px\"><\/figure>\n\n\n\n<p><\/p>\n\n\n\n<h2 class=\"wp-block-heading\">Was ist Materialhandhabung?<\/h2>\n\n\n\n<p>Bei der Materialhandhabung geht es um den Transport von Rohstoffen und Fertigprodukten. Sie befasst sich au\u00dferdem mit der Lagerung, dem Schutz und der Kontrolle dieser Artikel. Die Materialhandhabung beginnt in der Herstellungsphase. Anschlie\u00dfend durchl\u00e4uft sie die Phasen der Lagerung, Verteilung und des Verbrauchs und endet mit der Entsorgung.<\/p>\n\n\n\n<p>Unternehmen setzen Prozesse und Systeme zur Materialhandhabung ein, um den Lagerbestand zu reduzieren. Diese Prozesse verbessern auch den Kundenservice und verk\u00fcrzen die Lieferzeit. Die Materialhandhabung senkt auch die Handhabungskosten in Fertigung, Vertrieb und Transport. Zu den Entscheidungstr\u00e4gern in der Materialhandhabung z\u00e4hlen Betriebspersonal, Direktoren und Einkaufsleiter.<\/p>\n\n\n\n<h2 class=\"wp-block-heading\">Warum ist Materialhandhabung wichtig?<\/h2>\n\n\n\n<p>Material handling is important because it impacts customer service. When it&#8217;s easy for employees to locate products, they can deliver them to consumers faster. Good material handling procedures also prevent product loss or damage. A well-organized warehouse with modern material handling tools will have fewer misplaced items. <a href=\"https:\/\/www.sisinternational.com\/de\/marktforschung-fur-intelligente-fertigung\/\" title=\"Marktforschung f\u00fcr Smart Manufacturing\"  data-wpil-monitor-id=\"11065\">Smart storage solutions<\/a> also create a safe place for employees to operate.<\/p>\n\n\n\n<p>Analysten erwarten, dass der Materialtransportsektor in den n\u00e4chsten Jahren wachsen wird. Ein Wachstumstreiber ist die zunehmende Verbreitung hochentwickelter Technologien. Tools wie IoT, RFID und automatische Identifikation und Datenerfassung werden immer beliebter. Diese Tools verbessern die Auftragsabwicklung. Sie tragen auch dazu bei, die Produktivit\u00e4t entlang der Lieferkette zu steigern. Ein weiterer Treiber sind die zunehmenden Automatisierungsm\u00f6glichkeiten im Fertigungsbereich.<\/p>\n\n\n\n<h2 class=\"wp-block-heading\">Qualitative Marktforschung<\/h2>\n\n\n\n<p><a href=\"https:\/\/www.sisinternational.com\/de\/weltweit-fuhrendes-unternehmen-fur-qualitative-forschung\/\" title=\"Weltweit f\u00fchrendes Unternehmen f\u00fcr qualitative Forschung\"  data-wpil-monitor-id=\"11066\">Companies need to do qualitative research<\/a>. This type of research allows them to get inside their customers\u2019 minds. Qualitative research is about finding out not only what people think, but why they think it. <a href=\"https:\/\/www.sisinternational.com\/de\/weltweit-fuhrendes-unternehmen-fur-fokusgruppen\/\" title=\"Top-Unternehmen der Global Focus Group\"  data-wpil-monitor-id=\"11067\">Companies can use focus group<\/a> discussions and face-to-face interviews to get in-depth feedback. Qualitative market research is valuable for businesses that are developing new marketing initiatives. It also works well for those developing new products. This type of research allows companies to check reactions and hone their tactics.<\/p>\n\n\n\n<p><a href=\"https:\/\/www.sisinternational.com\/de\/kontaktieren-sie-sis-international-market-research\/\" title=\"Kontaktiere uns\"  data-wpil-monitor-id=\"11064\">SIS International Forschung<\/a> conducts focus groups and interviews with decision makers. Focus groups help us to find out what is working in the material handling industry and how companies can improve. This type of market research identifies how consumers feel about a particular product. Interviews provide helpful perspectives, which can be beneficial for innovation.<\/p>\n\n\n\n<h2 class=\"wp-block-heading\">Quantitative Marktforschung<\/h2>\n\n\n\n<p>We conduct surveys with decision makers in material handling. Surveys measure <a href=\"https:\/\/www.sisinternational.com\/de\/veroffentlichungen\/kauferverhalten-nach-corona-neue-verbraucher\/\" title=\"K\u00e4uferverhalten nach Corona \u2013 Verbrauchermarktforschung\"  data-wpil-monitor-id=\"11071\">market phenomena such as competitor and consumer<\/a> behavior. We ask people their views in an organized manner so that companies have data to guide them. <a href=\"https:\/\/www.sisinternational.com\/de\/weltweit-fuhrendes-unternehmen-fur-quantitative-marktforschung\/\" title=\"Weltweit f\u00fchrendes Unternehmen f\u00fcr quantitative Marktforschung\"  data-wpil-monitor-id=\"11068\">Quantitative research can help small companies<\/a> to develop their products and services. This type of research empowers them to make educated choices based on hard facts.<\/p>\n\n\n\n<p>Unternehmen, die in gro\u00dfen M\u00e4rkten t\u00e4tig sind, k\u00f6nnen sich bei der Entscheidungsfindung nicht auf intuitive Ans\u00e4tze verlassen. Quantitative Marktforschung erkennt unterschiedliche Kundengruppen. Unternehmen k\u00f6nnen jede Gruppe einzeln ansprechen, anstatt sie alle gleich zu behandeln. Marktforschung bewertet auch neue Produkte und Konzepte. Sie tut dies, um sicherzustellen, dass Unternehmen erfolgreiche Produkteinf\u00fchrungen durchf\u00fchren und die Bed\u00fcrfnisse der Menschen erf\u00fcllen k\u00f6nnen.<\/p>\n\n\n\n<h2 class=\"wp-block-heading\">Materialhandhabungsstrategieforschung<\/h2>\n\n\n\n<p>Companies that want to enter new markets must understand the scale of opportunities. This is also true for companies that want to increase their share in existing markets. We conduct <a href=\"https:\/\/www.sisinternational.com\/de\/sachverstand\/branchen\/marktforschung-zu-umweltfreundlichen-baumaterialien\/\" title=\"Marktforschung zu umweltfreundlichen Baumaterialien\"  data-wpil-monitor-id=\"3347\">Marktchancenforschung<\/a>. We do concept testing, which allows marketers to <a href=\"https:\/\/www.sisinternational.com\/de\/product-testing-that-turns-ideas-into-market-ready-success\/\" title=\"Product Testing That Turns Ideas into Market-Ready Success\"  data-wpil-monitor-id=\"11069\">test their best product ideas<\/a>. We also do <a href=\"https:\/\/www.sisinternational.com\/de\/abdeckung\/die-amerikaner\/marktforschung-kanada\/marktforschung-new-brunswick-kanada\/\" title=\"Marktforschung in New Brunswick, Kanada\"  data-wpil-monitor-id=\"4026\">market sizing research<\/a>. This research measures the <a href=\"https:\/\/www.sisinternational.com\/de\/sachverstand\/branchen\/point-sale-marktforschung\/\" title=\"Point of Sale-Marktforschung\"  data-wpil-monitor-id=\"11072\">sales and profit potential of new markets<\/a> and innovations.<\/p>\n\n\n\n<p>Au\u00dferdem f\u00fchren wir Wettbewerbsanalysen durch. Diese Art der Analyse ist eine Aussage \u00fcber die Gesch\u00e4ftsstrategie und wie sie sich zur Konkurrenz verh\u00e4lt. Wir f\u00fchren auch Trendidentifizierung und Branchenverfolgung durch. Wir verwenden diese Tools, um Branchendaten \u00fcber einen bestimmten Zeitraum hinweg zu vergleichen. Diese Art der Marktforschung erkennt konsistente Trends oder Ergebnisse. Unternehmen k\u00f6nnen diese Daten verwenden, um ihre Gesch\u00e4ftsstrategie abzubilden. Sie k\u00f6nnen dann die Strategie an der allgemeinen Richtung ausrichten, in die sich die Branche bewegt.<\/p>\n\n\n\n<p><\/p>","protected":false},"excerpt":{"rendered":"<p>Der Materialhandhabungssektor w\u00e4chst dank fortschrittlicher Technologien wie IoT, RFID und automatischer Identifizierung und Datenerfassung.<\/p>","protected":false},"author":1,"featured_media":64819,"parent":14514,"menu_order":40,"comment_status":"closed","ping_status":"closed","template":"","meta":{"footnotes":""},"class_list":["post-29689","page","type-page","status-publish","has-post-thumbnail"],"_links":{"self":[{"href":"https:\/\/www.sisinternational.com\/de\/wp-json\/wp\/v2\/pages\/29689","targetHints":{"allow":["GET"]}}],"collection":[{"href":"https:\/\/www.sisinternational.com\/de\/wp-json\/wp\/v2\/pages"}],"about":[{"href":"https:\/\/www.sisinternational.com\/de\/wp-json\/wp\/v2\/types\/page"}],"author":[{"embeddable":true,"href":"https:\/\/www.sisinternational.com\/de\/wp-json\/wp\/v2\/users\/1"}],"replies":[{"embeddable":true,"href":"https:\/\/www.sisinternational.com\/de\/wp-json\/wp\/v2\/comments?post=29689"}],"version-history":[{"count":6,"href":"https:\/\/www.sisinternational.com\/de\/wp-json\/wp\/v2\/pages\/29689\/revisions"}],"predecessor-version":[{"id":81810,"href":"https:\/\/www.sisinternational.com\/de\/wp-json\/wp\/v2\/pages\/29689\/revisions\/81810"}],"up":[{"embeddable":true,"href":"https:\/\/www.sisinternational.com\/de\/wp-json\/wp\/v2\/pages\/14514"}],"wp:featuredmedia":[{"embeddable":true,"href":"https:\/\/www.sisinternational.com\/de\/wp-json\/wp\/v2\/media\/64819"}],"wp:attachment":[{"href":"https:\/\/www.sisinternational.com\/de\/wp-json\/wp\/v2\/media?parent=29689"}],"curies":[{"name":"wp","href":"https:\/\/api.w.org\/{rel}","templated":true}]}}