{"id":29366,"date":"2018-12-24T21:50:23","date_gmt":"2018-12-24T21:50:23","guid":{"rendered":"https:\/\/www.sisinternational.com\/?page_id=29366"},"modified":"2026-03-24T18:21:42","modified_gmt":"2026-03-24T22:21:42","slug":"marktforschung-fur-video-und-musikstreaming","status":"publish","type":"page","link":"https:\/\/www.sisinternational.com\/de\/sachverstand\/marktforschung-fur-video-und-musikstreaming\/","title":{"rendered":"Marktforschung f\u00fcr Video- und Musik-Streaming"},"content":{"rendered":"<h1 class=\"wp-block-heading\"><span style=\"font-weight: 400;\">Marktforschung f\u00fcr Video- und Musik-Streaming<\/span><\/h1>\n\n\n\n<p><\/p>\n\n\n\n<figure class=\"gb-block-image gb-block-image-5780a4d0\"><img loading=\"lazy\" decoding=\"async\" width=\"1456\" height=\"816\" class=\"gb-image gb-image-5780a4d0\" src=\"https:\/\/www.sisinternational.com\/wp-content\/uploads\/2025\/08\/Video-and-Music-Streaming-5.jpg\" alt=\"SIS International Marktforschung &amp; Strategie\" title=\"Video and Music Streaming (5)\" srcset=\"https:\/\/www.sisinternational.com\/wp-content\/uploads\/2025\/08\/Video-and-Music-Streaming-5.jpg 1456w, https:\/\/www.sisinternational.com\/wp-content\/uploads\/2025\/08\/Video-and-Music-Streaming-5-300x168.jpg 300w, https:\/\/www.sisinternational.com\/wp-content\/uploads\/2025\/08\/Video-and-Music-Streaming-5-1024x574.jpg 1024w, https:\/\/www.sisinternational.com\/wp-content\/uploads\/2025\/08\/Video-and-Music-Streaming-5-768x430.jpg 768w, https:\/\/www.sisinternational.com\/wp-content\/uploads\/2025\/08\/Video-and-Music-Streaming-5-18x10.jpg 18w\" sizes=\"auto, (max-width: 1456px) 100vw, 1456px\"><\/figure>\n\n\n\n<p><\/p>\n\n\n\n<h2 class=\"wp-block-heading\"><span style=\"font-weight: 400;\">Beim Video-Streaming handelt es sich um komprimiertes Videomaterial, das \u00fcber das Internet zur Anzeige in Echtzeit bereitgestellt wird. <\/span><\/h2>\n\n\n\n<p><span style=\"font-weight: 400;\">Benutzer m\u00fcssen gestreamte Inhalte nicht herunterladen, um sie anzusehen. Stattdessen sendet der Inhaltsanbieter einen kontinuierlichen Datenstrom. Der Zuschauer kann den Stream sofort ansehen.<\/span><\/p>\n\n\n\n<p><span style=\"font-weight: 400;\">Beim Musik-Streaming werden Audio, Ton und Musik \u00fcber das Internet \u00fcbertragen. Benutzer m\u00fcssen keine Dateien herunterladen, um diese Inhalte anzuh\u00f6ren. Der Benutzer muss keine Kopie der Musik auf seiner Festplatte speichern. Die meisten Benutzer k\u00f6nnen \u00fcber eine Website, ein Abonnement oder eine App auf diese Dienste zugreifen. Mit diesen Apps k\u00f6nnen Kunden gestreamte Inhalte von ihren Smartphones oder Tablets unterwegs genie\u00dfen.<\/span><\/p>\n\n\n\n<h2 class=\"wp-block-heading\"><span style=\"font-weight: 400;\">Neue M\u00f6glichkeiten im Online-Streaming<\/span><\/h2>\n\n\n\n<p><span style=\"font-weight: 400;\">Industry analysts have written a lot about the rise in online streaming services. One point of contention is their possible effects on traditional TV and radio. Researchers are finding two distinct groups of content streamers. The first group <a href=\"https:\/\/www.sisinternational.com\/de\/musik-streaming-marktforschung\/\" title=\"Musik-Streaming-Marktforschung\"  data-wpil-monitor-id=\"2556\">streams movies and music<\/a> to supplement what\u2019s on cable or the radio. The second group has canceled their cable subscription (cord cutters). Alternatively, they may have never had a subscription (cord nevers). Online streaming is growing, and it\u2019s changing the way people view and listen to content.<\/span><\/p>\n\n\n\n<p><span style=\"font-weight: 400;\">Einige Inhaltsanbieter wie Netflix und iTunes sind bereits global t\u00e4tig. Netflix-Zuschauer zahlen eine geringe monatliche Geb\u00fchr f\u00fcr unbegrenzten Zugriff auf ihre Bibliothek mit Fernsehsendungen und Filmen. Netflix ist in 190 L\u00e4ndern weltweit verf\u00fcgbar. Auch ITunes ist in den meisten L\u00e4ndern f\u00fcr etwa denselben Preis wie Netflix verf\u00fcgbar. Wie Netflix bietet der Dienst seinen Nutzern unbegrenzten Zugriff auf die Musikbibliothek von iTunes.<\/span><\/p>\n\n\n\n<p><span style=\"font-weight: 400;\">Content-Streaming bietet au\u00dfergew\u00f6hnliche Chancen f\u00fcr Live-TV und Radio. Diese traditionellen Medienformen m\u00fcssen nun auf vernetzte Ger\u00e4te umsteigen. Zuschauer k\u00f6nnen jetzt auf YouTube oder Facebook gehen, um ihre Lieblingssendungen anzuschauen. Ebenso fordern Radiosender ihre H\u00f6rer jetzt auf, kostenlose Apps herunterzuladen. H\u00f6rer k\u00f6nnen diese Apps nutzen, um Inhalte auf ihre Mobilger\u00e4te zu streamen. Dies ist auch eine Chance f\u00fcr Zuschauer und H\u00f6rer, die nun neue, vielf\u00e4ltige Arten von Inhalten verlangen k\u00f6nnen.<\/span><\/p>\n\n\n\n<p><span style=\"font-weight: 400;\">Established content providers are not the only ones producing videos as audio recordings. Houses of worship are already live-streaming their services on social media. Analysts expect this trend to continue. Another trend is brands using live <a href=\"https:\/\/www.sisinternational.com\/de\/tv-und-printwerbung-wird-durch-virale-videos-und-neue-soziale-medien-ersetzt\/\" title=\"Virale Video-Marktforschung\"  data-wpil-monitor-id=\"1805\">video as an essential marketing<\/a> tool. The third trend is companies using live video in business relations. These videos help reinforce their corporate culture and build stable relationships among employees.<\/span><\/p>\n\n\n\n<h2 class=\"wp-block-heading\"><span style=\"font-weight: 400;\">Herausforderungen beim Film- und Musik-Streaming&nbsp;&nbsp;<\/span><\/h2>\n\n\n\n<p><span style=\"font-weight: 400;\">Digitale Disruptoren wie Netflix und iTunes geraten unter zunehmenden Druck. Das Spielfeld wird immer voller. Kabelfernsehanbieter bieten zudem kleinere Pakete mit weniger Sendern an. Diese \u201eabgespeckten\u201c Pakete sind billiger als die regul\u00e4ren Angebote. Die Verbraucher werden am Ende mit einem \u00dcberangebot an Optionen konfrontiert, was eine Belastung darstellen kann. Es kann auch dazu f\u00fchren, dass die Verbraucher wieder zum Pay-TV zur\u00fcckkehren, das eine Auswahl an Inhalten an einem benutzerfreundlichen, praktischen Ort bietet.<\/span><\/p>\n\n\n\n<h2 class=\"wp-block-heading\"><span style=\"font-weight: 400;\">Marktforschung zum Online-Streaming<\/span><\/h2>\n\n\n\n<p><span style=\"font-weight: 400;\"><a href=\"https:\/\/www.sisinternational.com\/de\/sachverstand\/marktforschung-fur-musikfilme-und-medienlizenzen\/\" title=\"Marktforschung f\u00fcr Musik-, Film- und Medienlizenzen\"  data-wpil-monitor-id=\"11420\">Movie and music<\/a> streaming will continue to grow and change. The two will also merge, as is evident with Spotify. The music content provider partnered with Hulu to offer TV and movies along with its music. Focus groups can test opportunities such as these before they reach the end consumer. Usability and Product Testing can strengthen brands\u2019 offerings so consumers can have a better user experience.<\/span><\/p>\n\n\n\n<p><strong>SIS Market Research provides Qualitative, Quantitative, and Strategy Research to Online Streaming providers.<\/strong>\u00a0 Unsere L\u00f6sungen umfassen:<\/p>\n\n\n\n<ul class=\"wp-block-list\">\n<li><b>Usability-Tests:&nbsp;<\/b><span style=\"font-weight: 400;\">Streaming-Anbieter k\u00f6nnen Erkenntnisse dar\u00fcber gewinnen, wie brauchbar und benutzerfreundlich Online-Streaming-Plattformen sind.<\/span><\/li>\n\n\n\n<li><b>Verbrauchereinblicke:<\/b><span style=\"font-weight: 400;\">\u00a0Focus Groups can give valuable insight into content and programming. We can also test new programming and TV show concepts.<\/span><\/li>\n\n\n\n<li><b>Wettbewerbsanalyse:<\/b><span style=\"font-weight: 400;\">\u00a0Streaming providers can use Focus Groups to test their competitors\u2019 strategies. These insights will enable them to come up with counter-strategies.<\/span><\/li>\n\n\n\n<li><b>Einblicke in Marktchancen:&nbsp;<\/b><span style=\"font-weight: 400;\">Fokusgruppen k\u00f6nnen Anbietern dabei helfen, Bereiche mit Potenzial zu entdecken. Market Opportunity untersucht potenzielle Bereiche mit unbestrittenem Marktraum. Diese Entdeckung wird ihnen dabei helfen, neue Partnerschaften und neue Content-M\u00f6glichkeiten zu schmieden.<\/span><\/li>\n\n\n\n<li><strong>Entwicklung einer Online-Community:<\/strong> SIS can build an active Online Insight Community where engaged customers can give feedback on new concepts and test products.<\/li>\n<\/ul>\n\n\n\n<h2 class=\"wp-block-heading\"><a href=\"https:\/\/www.sisinternational.com\/de\/about-sis\/contact-sis-international-market-research\/\">Kontaktieren Sie uns f\u00fcr Ihr n\u00e4chstes Streaming-Marktforschungsprojekt.<\/a><\/h2>\n\n\n\n<p><\/p>","protected":false},"excerpt":{"rendered":"<p>Entdecken Sie, wie unsere Forschung und Strategie Vorteile f\u00fcr Streaming-Unternehmen schafft.<\/p>","protected":false},"author":1,"featured_media":63640,"parent":14514,"menu_order":39,"comment_status":"closed","ping_status":"closed","template":"","meta":{"footnotes":""},"class_list":["post-29366","page","type-page","status-publish","has-post-thumbnail"],"_links":{"self":[{"href":"https:\/\/www.sisinternational.com\/de\/wp-json\/wp\/v2\/pages\/29366","targetHints":{"allow":["GET"]}}],"collection":[{"href":"https:\/\/www.sisinternational.com\/de\/wp-json\/wp\/v2\/pages"}],"about":[{"href":"https:\/\/www.sisinternational.com\/de\/wp-json\/wp\/v2\/types\/page"}],"author":[{"embeddable":true,"href":"https:\/\/www.sisinternational.com\/de\/wp-json\/wp\/v2\/users\/1"}],"replies":[{"embeddable":true,"href":"https:\/\/www.sisinternational.com\/de\/wp-json\/wp\/v2\/comments?post=29366"}],"version-history":[{"count":6,"href":"https:\/\/www.sisinternational.com\/de\/wp-json\/wp\/v2\/pages\/29366\/revisions"}],"predecessor-version":[{"id":85007,"href":"https:\/\/www.sisinternational.com\/de\/wp-json\/wp\/v2\/pages\/29366\/revisions\/85007"}],"up":[{"embeddable":true,"href":"https:\/\/www.sisinternational.com\/de\/wp-json\/wp\/v2\/pages\/14514"}],"wp:featuredmedia":[{"embeddable":true,"href":"https:\/\/www.sisinternational.com\/de\/wp-json\/wp\/v2\/media\/63640"}],"wp:attachment":[{"href":"https:\/\/www.sisinternational.com\/de\/wp-json\/wp\/v2\/media?parent=29366"}],"curies":[{"name":"wp","href":"https:\/\/api.w.org\/{rel}","templated":true}]}}