{"id":29357,"date":"2018-12-24T21:24:50","date_gmt":"2018-12-24T21:24:50","guid":{"rendered":"https:\/\/www.sisinternational.com\/?page_id=29357"},"modified":"2026-01-26T14:31:20","modified_gmt":"2026-01-26T19:31:20","slug":"venture-capital-marktforschung","status":"publish","type":"page","link":"https:\/\/www.sisinternational.com\/de\/losungen\/fintech-strategieberatung-forschung\/venture-capital-marktforschung\/","title":{"rendered":"Venture Capital-Marktforschung"},"content":{"rendered":"<h1 class=\"wp-block-heading\">Venture Capital-Marktforschung<\/h1>\n\n\n\n<p><\/p>\n\n\n\n<figure class=\"gb-block-image gb-block-image-076f8848\"><img loading=\"lazy\" decoding=\"async\" width=\"1456\" height=\"816\" class=\"gb-image gb-image-076f8848\" src=\"https:\/\/www.sisinternational.com\/wp-content\/uploads\/2025\/08\/Small-and-Medium-Enterprise-7.jpg\" alt=\"SIS International Marktforschung &amp; Strategie\" title=\"Small and Medium Enterprise (7)\" srcset=\"https:\/\/www.sisinternational.com\/wp-content\/uploads\/2025\/08\/Small-and-Medium-Enterprise-7.jpg 1456w, https:\/\/www.sisinternational.com\/wp-content\/uploads\/2025\/08\/Small-and-Medium-Enterprise-7-300x168.jpg 300w, https:\/\/www.sisinternational.com\/wp-content\/uploads\/2025\/08\/Small-and-Medium-Enterprise-7-1024x574.jpg 1024w, https:\/\/www.sisinternational.com\/wp-content\/uploads\/2025\/08\/Small-and-Medium-Enterprise-7-768x430.jpg 768w, https:\/\/www.sisinternational.com\/wp-content\/uploads\/2025\/08\/Small-and-Medium-Enterprise-7-18x10.jpg 18w\" sizes=\"auto, (max-width: 1456px) 100vw, 1456px\"><\/figure>\n\n\n\n<hr class=\"wp-block-separator has-alpha-channel-opacity is-style-dots\"\/>\n\n\n\n<h2 class=\"wp-block-heading\"><span style=\"font-weight: 400;\">Risikokapital ist eine Finanzierung, die Finanziers kleinen Startup-Unternehmen und Firmen anbieten. <\/span><\/h2>\n\n\n\n<p><span style=\"font-weight: 400;\">Der erste Schritt f\u00fcr jedes Unternehmen auf der Suche nach Risikokapital ist die Vorlage eines Gesch\u00e4ftsplans. Die Geldgeber investieren Kapital im Austausch gegen Eigenkapital im Startup-Unternehmen. Die Investition kann erfolgen, sobald sie die Due Diligence abgeschlossen und den Deal genehmigt haben.<\/span><\/p>\n\n\n\n<h2 class=\"wp-block-heading\"><strong>Marktforschung f\u00fcr Risikokapital verstehen<\/strong><\/h2>\n\n\n\n<p><span style=\"font-weight: 400;\">Bei der Marktforschung f\u00fcr Risikokapital wird tief in die Finanz-, Technologie- und Marktdynamik eingetaucht, die Risikokapitalinvestitionen (VC), das Wachstum von Startups und Brancheninnovationen beeinflusst. Diese Art der Forschung ist entscheidend f\u00fcr die Identifizierung von Startups mit hohem Potenzial, aufstrebenden Branchen und Anlagestrategien, die erhebliche Renditen erzielen k\u00f6nnen.<\/span><\/p>\n\n\n\n<p><span style=\"font-weight: 400;\">This research seeks to map out the terrain of the <a href=\"https:\/\/www.sisinternational.com\/de\/ein-blick-auf-die-arabische-welt-von-ahmed-nassef-prasident-von-maktoob-research\/\" title=\"Ein Blick auf die arabische Welt von Ahmed Nassef, Pr\u00e4sident von Maktoob Research\"  data-wpil-monitor-id=\"4431\">venture capital<\/a> world, analyzing investment flows, sector growth patterns, and the performance of portfolio companies. It examines the lifecycle of venture capital investments, from seed stage to late-stage funding rounds, and understands the factors that lead to successful exits, whether through initial public offerings (IPOs) or acquisitions.&nbsp;<\/span><\/p>\n\n\n\n<p><span style=\"font-weight: 400;\">Dar\u00fcber hinaus nutzt die Marktforschung f\u00fcr Risikokapital eine Vielzahl von Datenquellen und Methoden, um die Stimmung und Strategien von Risikokapitalgebern, Angel-Investoren und institutionellen Anlegern einzusch\u00e4tzen. Dazu geh\u00f6rt die Analyse historischer Investitionsdaten, die Befragung von Anlegern zu ihren Aussichten und Investitionskriterien sowie die Untersuchung der Auswirkungen makro\u00f6konomischer Trends auf die Risikofinanzierung.&nbsp;<\/span><\/p>\n\n\n\n<h2 class=\"wp-block-heading\"><strong>Bedeutung der Venture-Capital-Marktforschung<\/strong><\/h2>\n\n\n\n<p><span style=\"font-weight: 400;\">F\u00fcr Risikokapitalgeber ist Marktforschung unverzichtbar, um neue Trends und Technologien zu erkennen, die ein hohes Wachstumspotenzial versprechen. In einem Umfeld, in dem die richtige Investition exponentielle Renditen abwerfen kann, kann das Wissen, welche Sektoren reif f\u00fcr Disruption sind oder vor einer schnellen Expansion stehen, den Erfolg ihres Anlageportfolios erheblich beeinflussen. Die Marktforschung f\u00fcr Risikokapital hilft Investoren dabei, ihre Mittel effektiver einzusetzen und Branchen und Startups anzuvisieren, die mit breiteren Marktbewegungen und Verbraucheranforderungen \u00fcbereinstimmen.<\/span><\/p>\n\n\n\n<p><span style=\"font-weight: 400;\">Auch Unternehmer und Startup-Gr\u00fcnder profitieren enorm von der Marktforschung im Bereich Risikokapital. Einblicke in die Pr\u00e4ferenzen der Anleger, Finanzierungstrends und das Wettbewerbsumfeld helfen diesen Innovatoren, ihre Pitches und Gesch\u00e4ftsmodelle so anzupassen, dass sie den Markterwartungen besser entsprechen und Investitionen anziehen.&nbsp;<\/span><\/p>\n\n\n\n<p><span style=\"font-weight: 400;\">Auf einer breiteren Ebene zeigt die Marktforschung zum Thema Risikokapital Innovationsbereiche auf, die zuk\u00fcnftiges Wachstum vorantreiben k\u00f6nnten. Sie liefert wertvolle Einblicke in die Gesundheit des Startup-\u00d6kosystems, Investitionsmuster und die m\u00f6glichen Auswirkungen neuer Technologien auf die Wirtschaft. F\u00fcr politische Entscheidungstr\u00e4ger und Wirtschaftsf\u00f6rderungsagenturen sind diese Informationen von entscheidender Bedeutung f\u00fcr die Ausarbeitung von Richtlinien, die Innovation, Unternehmertum und wirtschaftliche Diversifizierung unterst\u00fctzen.<\/span><\/p>\n\n\n\n<h2 class=\"wp-block-heading\"><strong>Warum brauchen VCs Marktforschung?<\/strong><\/h2>\n\n\n\n<p><span style=\"font-weight: 400;\"><a href=\"https:\/\/www.sisinternational.com\/de\/losungen\/fintech-strategieberatung-forschung\/anti-geldwasche-aml-marktforschung\/\" title=\"Anti Money Laundering Market Research\"  data-wpil-monitor-id=\"5214\">Market research costs time and money<\/a>, but its value to VCs is lasting. Market research helps them determine whether a startup is filling a need. It also tells them if the market for the product or service the startup is providing is large enough. They will even know if it has the right team and solution to fill that need. Here are some other reasons why VCs need market research:<\/span><\/p>\n\n\n\n<p><b>Identifizierung von Chancen<\/b><\/p>\n\n\n\n<p><span style=\"font-weight: 400;\">Risikokapitalgeber wollen wissen, worauf sie sich einlassen, wenn sie sich an einem jungen Unternehmen beteiligen. Mithilfe von Marktforschung k\u00f6nnen sie feststellen, ob eine Chance auf eine angemessene Rendite besteht. Sie erfahren, ob das Produkt oder die Dienstleistung f\u00fcr den Markt geeignet ist und ob es in zehn Jahren noch relevant sein wird. Sie erfahren auch, ob regulatorische oder rechtliche Probleme auftauchen k\u00f6nnen.<\/span><\/p>\n\n\n\n<p><span style=\"font-weight: 400;\">VCs konzentrieren ihre Investitionsbem\u00fchungen in der Regel auf bestimmte Branchen. Zu diesen Branchen geh\u00f6ren digitale Medien, Software und Software als Dienstleistung. Dazu geh\u00f6ren auch Mobilger\u00e4te, Halbleiter und Biotechnologie. VCs finanzieren in der Regel im Fr\u00fchstadium Startkapital. Sie finanzieren auch in sp\u00e4teren Phasen mit Unternehmen, die bereits bedeutende Ums\u00e4tze erzielt haben. Die geografische Lage spielt bei der Entscheidung eine Rolle. VC-Finanzierungen sind in Gegenden wie New York City und Silicon Valley \u00fcblich.<\/span><\/p>\n\n\n\n<p><b>Strategieformulierung und -umsetzung<\/b><\/p>\n\n\n\n<p><span style=\"font-weight: 400;\">Timing is everything in the VC industry. Market research helps these financiers to decide when to invest. With market research, they can develop a proper investment plan. They can avoid investing in the wrong industry. They can also avoid <a href=\"https:\/\/www.sisinternational.com\/de\/sachverstand\/branchen\/sportwetten-marktforschung\/\" title=\"Sportwetten-Marktforschung\"  data-wpil-monitor-id=\"6834\">betting on technology in an unproven market<\/a> segment. A good strategy will enable them to reap extraordinary returns with very low risk.<\/span><\/p>\n\n\n\n<p><b>Wettbewerbsanalyse<\/b><\/p>\n\n\n\n<p><span style=\"font-weight: 400;\">Ein VC kann den gesamten Wettbewerbsvorteil eines Unternehmens m\u00f6glicherweise pr\u00fcfen, wenn er oder sie zehn Stunden Zeit hat. Wenn ein VC Hunderte von Deals pro Jahr abschlie\u00dft, wird es deutlich schwieriger. Ein Forschungsunternehmen kann sich die Konkurrenz ansehen und \u00fcber die Markts\u00e4ttigung berichten.<\/span><\/p>\n\n\n\n<p><b>Trendverfolgung<\/b><\/p>\n\n\n\n<p><span style=\"font-weight: 400;\">Market researchers can track trends that have the potential to disrupt industries. One of these digital disruptors is artificial intelligence (AI). Another digital innovation that can disrupt traditional venture capital is cryptocurrency. Digital crowdfunding is the third disruptor. Market researchers can give VCs valuable information on these trends. The VC can then build strategies around them.<\/span><\/p>\n\n\n\n<h2 class=\"wp-block-heading\"><strong>Vorteile der Venture-Capital-Marktforschung<\/strong><\/h2>\n\n\n\n<p><\/p>\n\n\n\n<figure class=\"gb-block-image gb-block-image-c1de07bf\"><img loading=\"lazy\" decoding=\"async\" width=\"1456\" height=\"816\" class=\"gb-image gb-image-c1de07bf\" src=\"https:\/\/www.sisinternational.com\/wp-content\/uploads\/2025\/09\/Quantitative-research-18.jpg\" alt=\"SIS International Marktforschung &amp; Strategie\" title=\"Quantitative research (18)\" srcset=\"https:\/\/www.sisinternational.com\/wp-content\/uploads\/2025\/09\/Quantitative-research-18.jpg 1456w, https:\/\/www.sisinternational.com\/wp-content\/uploads\/2025\/09\/Quantitative-research-18-300x168.jpg 300w, https:\/\/www.sisinternational.com\/wp-content\/uploads\/2025\/09\/Quantitative-research-18-1024x574.jpg 1024w, https:\/\/www.sisinternational.com\/wp-content\/uploads\/2025\/09\/Quantitative-research-18-768x430.jpg 768w, https:\/\/www.sisinternational.com\/wp-content\/uploads\/2025\/09\/Quantitative-research-18-18x10.jpg 18w\" sizes=\"auto, (max-width: 1456px) 100vw, 1456px\"><\/figure>\n\n\n\n<p><\/p>\n\n\n\n<p><span style=\"font-weight: 400;\">Die Marktforschung im Bereich Risikokapital bietet Stakeholdern im Startup-\u00d6kosystem zahlreiche Vorteile und liefert wichtige Erkenntnisse, die Investitionsentscheidungen, Startup-Wachstumsstrategien und die Entwicklung von Richtlinien beeinflussen k\u00f6nnen. Hier sind einige der wichtigsten Vorteile:<\/span><\/p>\n\n\n\n<p><b>\u2022 Informierte Anlagestrategien<\/b><span style=\"font-weight: 400;\">: Die Marktforschung f\u00fcr Risikokapital gibt Investoren das Wissen, das sie f\u00fcr die Entwicklung differenzierter Anlagestrategien ben\u00f6tigen. Durch das Verst\u00e4ndnis von Markttrends, Wachstumspotenzial des Sektors und Leistungskennzahlen von Startups k\u00f6nnen Investoren vielversprechende Anlagem\u00f6glichkeiten erkennen und Kapital effektiver einsetzen.<\/span><\/p>\n\n\n\n<p><b>\u2022 Brancheneinblicke und Trendidentifikation<\/b><span style=\"font-weight: 400;\">: Einer der Hauptvorteile der Marktforschung im Bereich Risikokapital ist ihre F\u00e4higkeit, aufstrebende Branchen und Innovationstrends ins Rampenlicht zu r\u00fccken. Investoren und Unternehmer erhalten eine zukunftsweisende Perspektive auf wachstumstr\u00e4chtige Technologien oder Gesch\u00e4ftsmodelle und k\u00f6nnen so der Entwicklung immer einen Schritt voraus sein.<\/span><\/p>\n\n\n\n<p><b>\u2022 Wettbewerbsanalyse<\/b><span style=\"font-weight: 400;\">: Die Marktforschung im Bereich Risikokapital bietet detaillierte Analysen der Strategien, St\u00e4rken, Schw\u00e4chen und Marktpositionierung der Konkurrenz und erm\u00f6glicht es den Beteiligten, einzigartige Wertangebote und Differenzierungsm\u00f6glichkeiten zu erkennen.<\/span><\/p>\n\n\n\n<p><b>\u2022 Leistungsbenchmarking<\/b><span style=\"font-weight: 400;\">: F\u00fcr Risikokapitalfirmen und ihre Portfoliounternehmen bietet die Marktforschung Benchmarks f\u00fcr den Leistungsvergleich. Dazu geh\u00f6ren Finanzkennzahlen, Betriebseffizienz und Marktdurchdringungsraten, sodass Unternehmen den Erfolg ihrer Investitionen im Vergleich zu Branchenstandards messen k\u00f6nnen.<\/span><\/p>\n\n\n\n<p><b>\u2022 Markteintritts- und Expansionsberatung<\/b><span style=\"font-weight: 400;\">: F\u00fcr Startups, die neue M\u00e4rkte erschlie\u00dfen oder ihre Produktlinien erweitern m\u00f6chten, liefert die Marktforschung im Bereich Risikokapital wichtige Erkenntnisse \u00fcber Marktnachfrage, Kundenpr\u00e4ferenzen und Markteintrittsbarrieren. Diese Informationen sind von entscheidender Bedeutung, um Markteintrittsstrategien anzupassen und die mit der Expansion verbundenen Risiken zu minimieren.<\/span><\/p>\n\n\n\n<h2 class=\"wp-block-heading\"><strong>Wer nutzt Venture Capital-Marktforschung?<\/strong><\/h2>\n\n\n\n<p><span style=\"font-weight: 400;\">Die Hauptnutzer der Risikokapitalmarktforschung sind <\/span><b>VC-Firmen<\/b><span style=\"font-weight: 400;\"> Und <\/span><b>Privatanleger<\/b><span style=\"font-weight: 400;\">. Sie verlassen sich auf diese Forschung, um aufkommende Trends zu erkennen, die Rentabilit\u00e4t verschiedener Sektoren zu beurteilen und fundierte Entscheidungen dar\u00fcber zu treffen, wo sie ihre Investitionen anlegen. Marktforschung hilft diesen Investoren, Start-ups mit hohem Potenzial zu erkennen, das Wettbewerbsumfeld zu bewerten und Strategien zur Portfoliodiversifizierung und zum Risikomanagement zu entwickeln.<\/span><\/p>\n\n\n\n<p><b>Unternehmer <\/b><span style=\"font-weight: 400;\">Und <\/span><b>Startup-Teams<\/b><span style=\"font-weight: 400;\"> Nutzen Sie auch die Marktforschung f\u00fcr Risikokapital, um das Investitionsklima, die Anlegerpr\u00e4ferenzen und die Wettbewerbsdynamik ihrer Branche zu verstehen. Diese Informationen sind von entscheidender Bedeutung f\u00fcr die Verfeinerung von Gesch\u00e4ftsmodellen, die Entwicklung von Pitch Decks und die Ausrichtung ihrer Produkte oder Dienstleistungen auf die Marktnachfrage, um Finanzmittel anzuziehen.<\/span><\/p>\n\n\n\n<p><span style=\"font-weight: 400;\">Au\u00dferdem<\/span><b>, Finanzanalysten und Berater<\/b><span style=\"font-weight: 400;\"> specializing in venture <a href=\"https:\/\/www.sisinternational.com\/de\/losungen\/fintech-strategieberatung-forschung\/unabhangige-finanzberater-marktforschung\/\" title=\"Marktforschung f\u00fcr unabh\u00e4ngige Finanzberater\"  data-wpil-monitor-id=\"6034\">capital and startup financing use market research<\/a> to provide clients with advice on investment opportunities, portfolio management, and market entry strategies. Their expertise in interpreting market data helps investors and startups alike to make decisions that are grounded in solid market analysis.<\/span><\/p>\n\n\n\n<p><b>Regierungsstellen<\/b><span style=\"font-weight: 400;\"> Und <\/span><b>Organisationen f\u00fcr wirtschaftliche Entwicklung<\/b><span style=\"font-weight: 400;\"> leverage <a href=\"https:\/\/www.sisinternational.com\/de\/wirtschaftsausblick-fur-katar\/\" title=\"Wirtschaftsausblick und Marktforschung f\u00fcr Katar\"  data-wpil-monitor-id=\"3577\">Venture-Capital-Marktforschung<\/a> to inform policymaking, support startup ecosystems, and stimulate economic growth. Insights into the health of the venture capital market, investment trends, and areas of innovation help these agencies craft policies that encourage entrepreneurship, investment, and technological development.<\/span><\/p>\n\n\n\n<h2 class=\"wp-block-heading\"><strong>Was Sie von der Marktforschung f\u00fcr Risikokapital erwarten k\u00f6nnen<\/strong><\/h2>\n\n\n\n<p><\/p>\n\n\n\n<figure class=\"gb-block-image gb-block-image-857f9f6f\"><img loading=\"lazy\" decoding=\"async\" width=\"1456\" height=\"816\" class=\"gb-image gb-image-857f9f6f\" src=\"https:\/\/www.sisinternational.com\/wp-content\/uploads\/2025\/09\/Quantitative-research-17.jpg\" alt=\"SIS International Marktforschung &amp; Strategie\" title=\"Quantitative research (17)\" srcset=\"https:\/\/www.sisinternational.com\/wp-content\/uploads\/2025\/09\/Quantitative-research-17.jpg 1456w, https:\/\/www.sisinternational.com\/wp-content\/uploads\/2025\/09\/Quantitative-research-17-300x168.jpg 300w, https:\/\/www.sisinternational.com\/wp-content\/uploads\/2025\/09\/Quantitative-research-17-1024x574.jpg 1024w, https:\/\/www.sisinternational.com\/wp-content\/uploads\/2025\/09\/Quantitative-research-17-768x430.jpg 768w, https:\/\/www.sisinternational.com\/wp-content\/uploads\/2025\/09\/Quantitative-research-17-18x10.jpg 18w\" sizes=\"auto, (max-width: 1456px) 100vw, 1456px\"><\/figure>\n\n\n\n<p><\/p>\n\n\n\n<p><span style=\"font-weight: 400;\">Die Marktforschung f\u00fcr Risikokapital ist ein Eckpfeiler f\u00fcr Investoren und Startups, die sich im komplexen und schnelllebigen Umfeld der Risikokapitalfinanzierung zurechtfinden m\u00fcssen. Daher kann das Wissen, was man von dieser Forschung erwarten kann, die strategische Planung, Investitionsentscheidungen und die Marktpositionierung erheblich verbessern. Hier sind die wichtigsten Erwartungen:<\/span><\/p>\n\n\n\n<p><b>\u2022 Umfassende Branchenanalysen<\/b><span style=\"font-weight: 400;\">: Unternehmen k\u00f6nnen mit detaillierten Analysen bestimmter Branchen rechnen, einschlie\u00dflich Wachstumstrends, Schl\u00fcsselfaktoren und potenziellen Herausforderungen. Diese Analyse bietet eine Grundlage f\u00fcr das Verst\u00e4ndnis, wohin sich die Branche entwickelt und welche Sektoren reif f\u00fcr Innovationen und Investitionen sind.<\/span><\/p>\n\n\n\n<p><b>\u2022 Einblicke in das Startup-\u00d6kosystem<\/b><span style=\"font-weight: 400;\">: Detaillierte Einblicke in das Startup-\u00d6kosystem, einschlie\u00dflich aufstrebender Startups, bemerkenswerter Exits und Finanzierungsrunden, bieten ein klares Bild der Wettbewerbslandschaft und der Orte, an denen Risikokapital flie\u00dft.<\/span><\/p>\n\n\n\n<p><b>\u2022 Anlagetrends und -muster<\/b><span style=\"font-weight: 400;\">: Die Marktforschung zum Thema Risikokapital gibt Aufschluss \u00fcber aktuelle Investitionstrends. Unter anderem untersucht sie, welche Phasen der Startup-Entwicklung die meisten Finanzierungen anziehen, wie gro\u00df die durchschnittlichen Deals sind und wie die geografische Verteilung der Investitionen ist.&nbsp;<\/span><\/p>\n\n\n\n<p><b>\u2022 Neue Technologien und Innovationen<\/b><span style=\"font-weight: 400;\">: Eine zukunftsorientierte Perspektive auf neue Technologien, potenzielle Disruptoren und innovative Gesch\u00e4ftsmodelle ist ein Markenzeichen der Risikokapitalmarktforschung.<\/span><\/p>\n\n\n\n<p><b>\u2022 Globale Marktdynamik<\/b>: For venture capital firms looking beyond domestic markets, <a href=\"https:\/\/www.sisinternational.com\/de\/abdeckung\/die-amerikaner\/marktforschung-kanada\/marktforschung-new-brunswick-kanada\/\" title=\"Marktforschung in New Brunswick, Kanada\"  data-wpil-monitor-id=\"4031\">research will include insights into global market<\/a> dynamics, cross-border investment opportunities, and challenges of investing in startups across different regulatory and business environments.<\/span><\/p>\n\n\n\n<h2 class=\"wp-block-heading\"><strong>Technologien und Tools in der Venture-Capital-Marktforschung<\/strong><\/h2>\n\n\n\n<p><span style=\"font-weight: 400;\">Die Marktforschung f\u00fcr Risikokapital nutzt eine Reihe fortschrittlicher Technologien und Tools zum Sammeln, Analysieren und Interpretieren von Daten, sodass Investoren und Startups fundierte Entscheidungen treffen k\u00f6nnen. Die Integration dieser Technologien hat die Marktforschung ver\u00e4ndert und bietet tiefere Einblicke und genauere Prognosen.&nbsp;<\/span><\/p>\n\n\n\n<p><b>\u2022 Datenanalyseplattformen<\/b><span style=\"font-weight: 400;\">: Tools wie Tableau, Google Analytics und Microsoft Power BI sind unverzichtbar, um gro\u00dfe Datens\u00e4tze zu analysieren, Trends zu visualisieren und umsetzbare Erkenntnisse zu gewinnen. Diese Plattformen erm\u00f6glichen es Forschern, Muster zu erkennen, die Leistung zu vergleichen und zuk\u00fcnftige Marktbewegungen effektiv vorherzusagen.<\/span><\/p>\n\n\n\n<p><b>\u2022 Kundenbeziehungsmanagement (CRM)-Software<\/b><span style=\"font-weight: 400;\">: CRM-Systeme wie Salesforce und HubSpot spielen eine entscheidende Rolle bei der Verwaltung und Analyse von Interaktionen mit potenziellen und aktuellen Investitionen. Diese Tools helfen bei der Verfolgung von Kommunikation, Investitionsphasen und Ergebnissen und bieten einen umfassenden \u00dcberblick \u00fcber die Investitionspipeline.<\/span><\/p>\n\n\n\n<p><b>\u2022 K\u00fcnstliche Intelligenz (KI) und maschinelles Lernen (ML)<\/b><span style=\"font-weight: 400;\">: KI- und ML-Algorithmen werden zunehmend eingesetzt, um gro\u00dfe Datenmengen zu verarbeiten, Investitionsm\u00f6glichkeiten zu identifizieren und die Erfolgsquoten von Startups vorherzusagen. Tools wie IBM Watson und Google Cloud AI bieten erweiterte Funktionen f\u00fcr die Verarbeitung nat\u00fcrlicher Sprache, Stimmungsanalyse und pr\u00e4diktive Modellierung.<\/span><\/p>\n\n\n\n<p><b>\u2022 Blockchain-Technologie<\/b><span style=\"font-weight: 400;\">: F\u00fcr Risikokapitalfirmen, die in Fintech investieren oder die Transparenz und Sicherheit bei Transaktionen verbessern m\u00f6chten, bietet die Blockchain-Technologie erhebliche Vorteile. Plattformen wie Ethereum k\u00f6nnen f\u00fcr Smart Contracts verwendet werden und sorgen so f\u00fcr transparente und sichere Investitionsvereinbarungen.<\/span><\/p>\n\n\n\n<p><b>\u2022 Tools f\u00fcr Zusammenarbeit und Projektmanagement<\/b><span style=\"font-weight: 400;\">: Da an der Marktforschung im Bereich Risikokapital oft Teams beteiligt sind, die an unterschiedlichen Aspekten der Forschung arbeiten, helfen Tools wie Slack, Trello und Asana dabei, die Bem\u00fchungen zu koordinieren, Erkenntnisse auszutauschen und Forschungsprojekte effektiv zu verwalten.<\/span><\/p>\n\n\n\n<h2 class=\"wp-block-heading\"><strong>Gelegenheiten<\/strong><\/h2>\n\n\n\n<p><span style=\"font-weight: 400;\">Einst war Risikokapital eine Dom\u00e4ne der US-Technologiezentren, doch mittlerweile ist es global geworden. London hat den siebtgr\u00f6\u00dften Anteil an globalen Risikokapitalinvestitionen. Peking ist der neuntgr\u00f6\u00dfte. Weitere Gro\u00dfst\u00e4dte in den Top 20 sind Toronto, Shanghai, Mumbai, Paris, Bangalore und Moskau. Gr\u00f6\u00dfere Metropolen wie London und Peking haben aufgrund ihrer schieren Gr\u00f6\u00dfe einen Vorteil. Dennoch sind die Investitionsm\u00f6glichkeiten nach wie vor ungleich verteilt. Nur wenige Gro\u00dfst\u00e4dte au\u00dferhalb der USA haben einen Anteil am Risikokapitalkuchen.<\/span><\/p>\n\n\n\n<h2 class=\"wp-block-heading\"><strong>Herausforderungen<\/strong><\/h2>\n\n\n\n<p><span style=\"font-weight: 400;\">Kleine Unternehmen wie Bekleidungsgesch\u00e4fte und Restaurants kommen selten f\u00fcr Risikokapital in Frage. Ihre Gesch\u00e4ftsmodelle sind nicht auf schnelles Wachstum und Expansion ausgelegt. Wenn ein Restaurant jedoch versucht, zu einer Superkette wie Olive Garden zu expandieren, k\u00f6nnten VC-Firmen an einer Investition interessiert sein. VC-Firmen k\u00f6nnen auch das technische Know-how bereitstellen, das f\u00fcr eine schnelle Expansion erforderlich ist.<\/span><\/p>\n\n\n\n<h2 class=\"wp-block-heading\">\u00dcber SIS FinTech Research and Strategy<\/h2>\n\n\n\n<p>SIS FinTech Strategy provides Qualitative, Quantitative and Strategy Research to Venture Capital companies.&nbsp; Our insights, data and strategies provide unparalleled advantage.&nbsp; Our solutions include:<\/p>\n\n\n\n<ul class=\"wp-block-list\">\n<li>Schwerpunktgruppen<\/li>\n\n\n\n<li>Kundeninterviews<\/li>\n\n\n\n<li>Key Opinion Leader-Interviews<\/li>\n\n\n\n<li>Trendverfolgung<\/li>\n\n\n\n<li>Wettbewerbsanalyse<\/li>\n\n\n\n<li>Unterst\u00fctzung bei Due-Diligence-Recherchen<\/li>\n\n\n\n<li>Marktchancen-, Gr\u00f6\u00dfen- und Machbarkeitsbewertungen<\/li>\n<\/ul>\n\n\n\n<h2 class=\"wp-block-heading\">Unser Standort in New York<\/h2>\n\n\n\n<p>\n\n\n\n<iframe loading=\"lazy\" src=\"https:\/\/www.google.com\/maps\/embed?pb=!1m18!1m12!1m3!1d3022.976188376966!2d-73.99130312499956!3d40.740549471389315!2m3!1f0!2f0!3f0!3m2!1i1024!2i768!4f13.1!3m3!1m2!1s0x89c259a15798c731%3A0xd695d09bdd495f25!2s11%20E%2022nd%20St%20FL%202%2C%20New%20York%2C%20NY%2010010%2C%20USA!5e0!3m2!1sen!2spe!4v1726171763526!5m2!1sen!2spe\" width=\"600\" height=\"450\" allowfullscreen=\"allowfullscreen\" data-mce-fragment=\"1\"><\/iframe>\n\n\n\n<\/p>\n\n\n\n<h3 class=\"wp-block-heading\">11 E 22nd Street, Floor 2, New York, NY 10010 T: +1(212) 505-6805<\/h3>\n\n\n\n<hr class=\"wp-block-separator has-alpha-channel-opacity\"\/>\n\n\n\n<h2 class=\"wp-block-heading\"><span style=\"font-weight: 400;\">\u00dcber SIS International<\/span><\/h2>\n\n\n\n<p><a href=\"https:\/\/www.sisinternational.com\/de\/\"><span style=\"font-weight: 400;\">SIS International<\/span><\/a><span style=\"font-weight: 400;\"> bietet quantitative, qualitative und strategische Forschung an. Wir liefern Daten, Tools, Strategien, Berichte und Erkenntnisse zur Entscheidungsfindung. Wir f\u00fchren auch Interviews, Umfragen, Fokusgruppen und andere Methoden und Ans\u00e4tze der Marktforschung durch.<\/span><a href=\"https:\/\/www.sisinternational.com\/de\/uber-sis-international-research\/contact-sis-international-market-research\/\"><span style=\"font-weight: 400;\"> Kontakt<\/span><\/a><span style=\"font-weight: 400;\"> f\u00fcr Ihr n\u00e4chstes Marktforschungsprojekt.<\/span><\/p>\n\n\n\n<p><\/p>","protected":false},"excerpt":{"rendered":"<p>Wir bieten Risikokapitalfirmen Forschung, Strategie und Informationen. Erfahren Sie mehr.<\/p>","protected":false},"author":1,"featured_media":64551,"parent":27462,"menu_order":15,"comment_status":"closed","ping_status":"closed","template":"","meta":{"footnotes":""},"class_list":["post-29357","page","type-page","status-publish","has-post-thumbnail"],"_links":{"self":[{"href":"https:\/\/www.sisinternational.com\/de\/wp-json\/wp\/v2\/pages\/29357","targetHints":{"allow":["GET"]}}],"collection":[{"href":"https:\/\/www.sisinternational.com\/de\/wp-json\/wp\/v2\/pages"}],"about":[{"href":"https:\/\/www.sisinternational.com\/de\/wp-json\/wp\/v2\/types\/page"}],"author":[{"embeddable":true,"href":"https:\/\/www.sisinternational.com\/de\/wp-json\/wp\/v2\/users\/1"}],"replies":[{"embeddable":true,"href":"https:\/\/www.sisinternational.com\/de\/wp-json\/wp\/v2\/comments?post=29357"}],"version-history":[{"count":12,"href":"https:\/\/www.sisinternational.com\/de\/wp-json\/wp\/v2\/pages\/29357\/revisions"}],"predecessor-version":[{"id":80410,"href":"https:\/\/www.sisinternational.com\/de\/wp-json\/wp\/v2\/pages\/29357\/revisions\/80410"}],"up":[{"embeddable":true,"href":"https:\/\/www.sisinternational.com\/de\/wp-json\/wp\/v2\/pages\/27462"}],"wp:featuredmedia":[{"embeddable":true,"href":"https:\/\/www.sisinternational.com\/de\/wp-json\/wp\/v2\/media\/64551"}],"wp:attachment":[{"href":"https:\/\/www.sisinternational.com\/de\/wp-json\/wp\/v2\/media?parent=29357"}],"curies":[{"name":"wp","href":"https:\/\/api.w.org\/{rel}","templated":true}]}}