{"id":28407,"date":"2018-11-11T22:26:35","date_gmt":"2018-11-11T22:26:35","guid":{"rendered":"https:\/\/www.sisinternational.com\/?page_id=28407"},"modified":"2026-01-26T16:58:37","modified_gmt":"2026-01-26T21:58:37","slug":"marktforschung-im-bereich-vermogenstechnologie","status":"publish","type":"page","link":"https:\/\/www.sisinternational.com\/de\/losungen\/fintech-strategieberatung-forschung\/marktforschung-im-bereich-vermogenstechnologie\/","title":{"rendered":"Marktforschung f\u00fcr Verm\u00f6genstechnologie"},"content":{"rendered":"<h1 class=\"wp-block-heading\">WealthTech-Marktforschung<\/h1>\n\n\n\n<figure class=\"gb-block-image gb-block-image-bc7d1d8e\"><img loading=\"lazy\" decoding=\"async\" width=\"1456\" height=\"816\" class=\"gb-image gb-image-bc7d1d8e\" src=\"https:\/\/www.sisinternational.com\/wp-content\/uploads\/2025\/08\/Tech-6.jpg\" alt=\"SIS International Marktforschung &amp; Strategie\" title=\"Tech (6)\" srcset=\"https:\/\/www.sisinternational.com\/wp-content\/uploads\/2025\/08\/Tech-6.jpg 1456w, https:\/\/www.sisinternational.com\/wp-content\/uploads\/2025\/08\/Tech-6-300x168.jpg 300w, https:\/\/www.sisinternational.com\/wp-content\/uploads\/2025\/08\/Tech-6-1024x574.jpg 1024w, https:\/\/www.sisinternational.com\/wp-content\/uploads\/2025\/08\/Tech-6-768x430.jpg 768w, https:\/\/www.sisinternational.com\/wp-content\/uploads\/2025\/08\/Tech-6-18x10.jpg 18w\" sizes=\"auto, (max-width: 1456px) 100vw, 1456px\"><\/figure>\n\n\n\n<p><\/p>\n\n\n\n<p><span style=\"font-weight: 400;\">WealthTech, a combination of wealth and technology, is a subset of FinTech. It is growing in its role in working with the wealthy and is of particular interest to those who want to build an advisory practice. Analysts expect it to enhance the services already available for the niche. They do not expect it to supplant the need for financial advisors in the immediate future.<\/span><\/p>\n\n\n\n<h2 class=\"wp-block-heading\"><strong>Was ist Wealth Technology?<\/strong><\/h2>\n\n\n\n<p><span style=\"font-weight: 400;\">Wealth technology, often referred to as &#8220;WealthTech,&#8221; represents a subset of financial technology focusing on enhancing wealth management and investment services. It encompasses a range of digital tools and platforms designed to optimize the management of personal and institutional wealth.&nbsp;<\/span><\/p>\n\n\n\n<p><span style=\"font-weight: 400;\">Im Kern zielt Wealth Technology darauf ab, den Zugang zu Anlagem\u00f6glichkeiten und Finanzberatung zu demokratisieren und einem breiteren Publikum Verm\u00f6gensaufbauaktivit\u00e4ten zu erm\u00f6glichen, die einst ausschlie\u00dflich wohlhabenden Privatpersonen und institutionellen Anlegern vorbehalten waren. Durch WealthTech-Marktforschung k\u00f6nnen Unternehmen Einblicke in das Verbraucherverhalten, das Wettbewerbsumfeld und den technologischen Fortschritt gewinnen, die f\u00fcr die Entwicklung benutzerzentrierter Produkte und Dienstleistungen von entscheidender Bedeutung sind.<\/span><\/p>\n\n\n\n<h2 class=\"wp-block-heading\"><strong>Bedeutung der WealthTech-Marktforschung<\/strong><\/h2>\n\n\n\n<p><span style=\"font-weight: 400;\">WealthTech market research provides a clear understanding of the regulatory environment, ensuring that innovations comply with the latest financial regulations. This <a href=\"https:\/\/www.sisinternational.com\/de\/abdeckung\/die-amerikaner\/marktforschung-kanada\/marktforschung-new-brunswick-kanada\/\" title=\"Marktforschung in New Brunswick, Kanada\"  data-wpil-monitor-id=\"4035\">research also helps identify new market<\/a> segments and opportunities for growth, allowing firms to expand their reach and diversify their offerings in a manner that resonates with emerging consumer demands.<\/span><\/p>\n\n\n\n<p><span style=\"font-weight: 400;\">Moreover, WealthTech market research is instrumental in competitive analysis. Detailed knowledge about competitors\u2019 strengths, weaknesses, and strategic moves can be the difference between leading the pack and lagging. The insights gained from this research enable companies to craft unique value propositions that distinguish their services in a crowded marketplace. In any case, it has multiple benefits for businesses, including:&nbsp;<\/span><\/p>\n\n\n\n<p><b> \u2022 Risikominderung:<\/b><span style=\"font-weight: 400;\"> This research helps companies prepare for and mitigate risks by identifying potential threats and forecasting market shifts. Proactive risk management is critical in the volatile realm of finance.<\/span><\/p>\n\n\n\n<p><b> \u2022 Technologische Fortschritte: <\/b>Wealth <a class=\"wpil_keyword_link\" href=\"https:\/\/www.sisinternational.com\/de\/losungen\/innovation\/technologie-intelligenz\/\"   title=\"Technologie- und IT-Marktforschung\" data-wpil-keyword-link=\"linked\"  data-wpil-monitor-id=\"762\">technology market research<\/a> simplifies keeping abreast of cutting-edge technologies<span style=\"font-weight: 400;\">. Companies can discern which innovations will be disruptive and how to integrate them into their current operations to stay ahead of the curve.<\/span><\/p>\n\n\n\n<p><b> \u2022 Wettbewerbsvorteil: <\/b>WealthTech market research provides the intelligence needed to carve out a unique market position in a fiercely competitive landscape<span style=\"font-weight: 400;\">. Knowledge about competitors and industry benchmarks enables companies to develop strategies differentiating their services.<\/span><\/p>\n\n\n\n<p><b> \u2022 Einhaltung gesetzlicher Vorschriften:<\/b><span style=\"font-weight: 400;\"> Da sich die regulatorischen Rahmenbedingungen weiterentwickeln, ist es von entscheidender Bedeutung, die Vorschriften einzuhalten. Marktforschung bietet Einblicke in regulatorische Trends und hilft Unternehmen, die Komplexit\u00e4t der Compliance zu bew\u00e4ltigen und potenzielle rechtliche Fallstricke zu vermeiden.<\/span><\/p>\n\n\n\n<p><b> \u2022 Strategische Partnerschaft:<\/b><span style=\"font-weight: 400;\"> Durch WealthTech-Marktforschung k\u00f6nnen Kooperationsm\u00f6glichkeiten aufgezeigt werden, die zu neuen Gesch\u00e4ftsfeldern oder verbesserten Serviceangeboten f\u00fchren k\u00f6nnen.<\/span><\/p>\n\n\n\n<h2 class=\"wp-block-heading\">Warum WealthTech verwenden?<\/h2>\n\n\n\n<figure class=\"gb-block-image gb-block-image-114ece7b\"><img loading=\"lazy\" decoding=\"async\" width=\"1456\" height=\"816\" class=\"gb-image gb-image-114ece7b\" src=\"https:\/\/www.sisinternational.com\/wp-content\/uploads\/2025\/08\/Tech-20.jpg\" alt=\"SIS International Marktforschung &amp; Strategie\" title=\"Tech (20)\" srcset=\"https:\/\/www.sisinternational.com\/wp-content\/uploads\/2025\/08\/Tech-20.jpg 1456w, https:\/\/www.sisinternational.com\/wp-content\/uploads\/2025\/08\/Tech-20-300x168.jpg 300w, https:\/\/www.sisinternational.com\/wp-content\/uploads\/2025\/08\/Tech-20-1024x574.jpg 1024w, https:\/\/www.sisinternational.com\/wp-content\/uploads\/2025\/08\/Tech-20-768x430.jpg 768w, https:\/\/www.sisinternational.com\/wp-content\/uploads\/2025\/08\/Tech-20-18x10.jpg 18w\" sizes=\"auto, (max-width: 1456px) 100vw, 1456px\"><\/figure>\n\n\n\n<p><\/p>\n\n\n\n<p><span style=\"font-weight: 400;\">Can computers replace humans and give sound financial advice? Financial investment advisors often have minimum asset requirements of $500,000 or more. These requirements put them out of the reach of younger and lower-net-worth individuals. Persons in these categories have to go the DIY route, which may not always be workable or advisable. <\/span><\/p>\n\n\n\n<p><span style=\"font-weight: 400;\">Robo-advisors can remove the expensive middleman and automate key processes. They level the playing field so anyone can join in. Of course, there are a few cons. A financial advisor can provide insights that a robot cannot. Human advisors are also better at helping investors set lifetime goals and strategies. Still, WealthTech&#8217;s ease of use and low-cost threshold make it an excellent tool for investors.<\/span><\/p>\n\n\n\n<h3 class=\"wp-block-heading\">K\u00fcnstliche Intelligenz in WealthTech<\/h3>\n\n\n\n<p><span style=\"font-weight: 400;\">There are many opportunities to use AI in wealth management. Asset managers and financial advisors use its profiling systems and portfolio management tools. Wealth management firms also use chatbots on their websites. Each firm must decide how much it will use AI, depending on the task. In this way, firms can prevent over-reliance on computer models.<\/span><\/p>\n\n\n\n<h3 class=\"wp-block-heading\">Digitale Innovation im WealthTech-Bereich<\/h3>\n\n\n\n<p><span style=\"font-weight: 400;\">There is digital innovation in WealthTech. One of these innovations is distributed ledger (blockchain) technology. Wealth management companies use this technology for smart contracts and real-time settlement mechanisms. Distributed ledgers have other applications, such as storing preferences and personal information. WealthTech companies can also use it to store digital footprints. These ledgers are also suitable for storing account details, and net worth.<\/span><\/p>\n\n\n\n<h2 class=\"wp-block-heading\"><strong>Wer nutzt Wealth Technology Marktforschung<\/strong><\/h2>\n\n\n\n<p><span style=\"font-weight: 400;\">Banks, credit unions, and other lending organizations use wealth <a href=\"https:\/\/www.sisinternational.com\/de\/markt-fur-automobiltechnologie\/\" title=\"Marktforschung f\u00fcr Automobiltechnologie\"  data-wpil-monitor-id=\"3575\">technology market research<\/a> to enhance their product offerings, improve customer service, and develop new banking technologies that cater to their clients&#8217; evolving needs.<\/span><\/p>\n\n\n\n<p><span style=\"font-weight: 400;\">Similarly, new entrants in the finance <a href=\"https:\/\/www.sisinternational.com\/de\/sachverstand\/branchen\/marktforschung-zum-weltraumbergbau\/\" title=\"Marktforschung zum Weltraumbergbau\"  data-wpil-monitor-id=\"6318\">space rely heavily on WealthTech market research<\/a> to identify niches, understand regulatory requirements, and craft innovative solutions that disrupt traditional financial models.<\/span><\/p>\n\n\n\n<p><span style=\"font-weight: 400;\">Auch Regulierungsbeh\u00f6rden und politische Entscheidungstr\u00e4ger profitieren von der WealthTech-Marktforschung, denn sie hilft ihnen, die Auswirkungen neuer Technologien auf das Finanzsystem zu verstehen und unterst\u00fctzt sie bei der Ausarbeitung von Richtlinien, die Innovationen f\u00f6rdern und gleichzeitig die Verbraucher sch\u00fctzen.<\/span><\/p>\n\n\n\n<h2 class=\"wp-block-heading\"><strong>WealthTech-Marktforschung vs. traditionelle Marktforschung<\/strong><\/h2>\n\n\n\n<figure class=\"gb-block-image gb-block-image-ba2b6e41\"><img loading=\"lazy\" decoding=\"async\" width=\"1456\" height=\"816\" class=\"gb-image gb-image-ba2b6e41\" src=\"https:\/\/www.sisinternational.com\/wp-content\/uploads\/2025\/08\/Fintech-1.jpg\" alt=\"SIS International Marktforschung &amp; Strategie\" title=\"Fintech (1)\" srcset=\"https:\/\/www.sisinternational.com\/wp-content\/uploads\/2025\/08\/Fintech-1.jpg 1456w, https:\/\/www.sisinternational.com\/wp-content\/uploads\/2025\/08\/Fintech-1-300x168.jpg 300w, https:\/\/www.sisinternational.com\/wp-content\/uploads\/2025\/08\/Fintech-1-1024x574.jpg 1024w, https:\/\/www.sisinternational.com\/wp-content\/uploads\/2025\/08\/Fintech-1-768x430.jpg 768w, https:\/\/www.sisinternational.com\/wp-content\/uploads\/2025\/08\/Fintech-1-18x10.jpg 18w\" sizes=\"auto, (max-width: 1456px) 100vw, 1456px\"><\/figure>\n\n\n\n<p><\/p>\n\n\n\n<p><span style=\"font-weight: 400;\">Traditional market research covers a broad spectrum of industries and consumer behaviors. In contrast, wealth <a href=\"https:\/\/www.sisinternational.com\/de\/sachverstand\/branchen\/medizintechnik-medtech-marktforschung\/\" title=\"Marktforschung f\u00fcr Medizintechnik (Med Tech)\"  data-wpil-monitor-id=\"3772\">technology market research<\/a> focuses on the financial sector, emphasising technological advancements and their implications for wealth management.<\/span><\/p>\n\n\n\n<p><span style=\"font-weight: 400;\">Additionally, WealthTech market research delves into these regulations more deeply than traditional research, ensuring that any findings are relevant and applicable within the financial industry&#8217;s legal framework.<\/span><\/p>\n\n\n\n<p><span style=\"font-weight: 400;\">Unlike traditional <a href=\"https:\/\/www.sisinternational.com\/de\/sachverstand\/branchen\/marktforschung-im-bereich-modetechnologie\/\" title=\"Marktforschung f\u00fcr Modetechnologie\"  data-wpil-monitor-id=\"5960\">market research, which may consider technology<\/a> one of many factors, WealthTech market research places technology at the center stage. It closely examines emerging technologies like artificial intelligence, blockchain, and data analytics and their specific impact on the wealth management sector.<\/span><\/p>\n\n\n\n<h2 class=\"wp-block-heading\"><strong>Was Sie von der Marktforschung im Bereich Verm\u00f6genstechnologie erwarten k\u00f6nnen<\/strong><\/h2>\n\n\n\n<p><span style=\"font-weight: 400;\">Bei der Marktforschung zu WealthTech k\u00f6nnen sich die Beteiligten auf eine umfassende Analyse freuen, die eine Vielzahl strategischer Erkenntnisse liefert, darunter:<\/span><\/p>\n\n\n\n<p><b>Trend analysen:<\/b><\/p>\n\n\n\n<p><span style=\"font-weight: 400;\">Businesses can expect to uncover prevailing trends within the wealth technology landscape. This includes shifts in consumer behavior, adoption rates of different technologies, and the emergence of new business models shaping wealth management&#8217;s future.<\/span><\/p>\n\n\n\n<p><b>Wettbewerbsintelligenz:<\/b><\/p>\n\n\n\n<p><span style=\"font-weight: 400;\">WealthTech-Marktforschung bietet ein umfassendes Verst\u00e4ndnis des Wettbewerbsumfelds. Sie identifiziert wichtige Akteure, deren Marktanteil, strategische Initiativen und potenzielle Bereiche, in denen Ihr Unternehmen einen Wettbewerbsvorteil erlangen kann.<\/span><\/p>\n\n\n\n<p><b>Kundensegmentierung:<\/b><\/p>\n\n\n\n<p><span style=\"font-weight: 400;\">Diese Untersuchung liefert detaillierte Informationen zu verschiedenen Kundensegmenten, einschlie\u00dflich demografischer, psychografischer und verhaltensbezogener Daten. Solche Erkenntnisse sind von unsch\u00e4tzbarem Wert, um Produkte und Dienstleistungen an die spezifischen Bed\u00fcrfnisse verschiedener Kundengruppen anzupassen.<\/span><\/p>\n\n\n\n<p><b>Marktprognosen:<\/b><\/p>\n\n\n\n<p><span style=\"font-weight: 400;\">Die Stakeholder erhalten Prognosen zum Marktwachstum, zu m\u00f6glichen St\u00f6rungen und anderen zuk\u00fcnftigen Entwicklungen, die ihre Gesch\u00e4ftsstrategien beeinflussen k\u00f6nnten.<\/span><\/p>\n\n\n\n<p><b>Betriebseffizienz:<\/b><\/p>\n\n\n\n<p><span style=\"font-weight: 400;\">The research will also focus on insights into how wealth technology can streamline operations, reduce costs, and enhance productivity.<\/span><\/p>\n\n\n\n<h2 class=\"wp-block-heading\"><strong>Aktuelle Trends in der WealthTech-Marktforschung<\/strong><\/h2>\n\n\n\n<p><span style=\"font-weight: 400;\">Es ist von entscheidender Bedeutung, \u00fcber die neuesten Trends auf dem Laufenden zu bleiben, die Innovationen vorantreiben und Investitionsentscheidungen innerhalb des Sektors beeinflussen. Hier sind einige der derzeit vorherrschenden Str\u00f6mungen:<\/span><\/p>\n\n\n\n<p><b> \u2022 Erh\u00f6hte Nachfrage nach Personalisierung: <\/b><span style=\"font-weight: 400;\">Es gibt einen wachsenden Trend zu personalisierten Verm\u00f6gensverwaltungsl\u00f6sungen, die auf individuelle finanzielle Ziele und Risikobereitschaft zugeschnitten sind.&nbsp;<\/span><\/p>\n\n\n\n<p><b> \u2022 Aufstieg der Robo-Advisors:<\/b><span style=\"font-weight: 400;\"> Die Verbreitung von Robo-Advisors ist weiterhin ein bedeutender Trend. Die Marktforschung von WealthTech untersucht deren Auswirkungen auf traditionelle Beratungsdienste und die Art und Weise, wie sie die Erwartungen der Kunden ver\u00e4ndern.<\/span><\/p>\n\n\n\n<p><b> \u2022 Blockchain-Anwendung:<\/b><span style=\"font-weight: 400;\"> Die Blockchain-Technologie wird aufmerksam beobachtet, da sie das Potenzial hat, Aspekte der Verm\u00f6gensverwaltung, einschlie\u00dflich sicherer Transaktionen und transparenter Datenhaltung, zu revolutionieren.<\/span><\/p>\n\n\n\n<p><b> \u2022 KI und maschinelles Lernen:<\/b><span style=\"font-weight: 400;\"> K\u00fcnstliche Intelligenz und maschinelles Lernen stehen bei pr\u00e4diktiver Analytik, Risikobewertung und automatisierten Entscheidungsprozessen im Vordergrund.&nbsp;<\/span><\/p>\n\n\n\n<p><b>\u2022 Regulierungstechnologie (RegTech): <\/b>The financial industry faces stringent regulatory requirements, which has increased the<span style=\"font-weight: 400;\">&nbsp;focus on RegTech solutions that can help firms comply efficiently and cost-effectively.<\/span><\/p>\n\n\n\n<h2 class=\"wp-block-heading\">\u00dcber SIS FinTech Research and Strategy Consulting<\/h2>\n\n\n\n<p><a href=\"https:\/\/www.linkedin.com\/company\/sisinternationalresearch\/posts\/?feedView=all\" target=\"_blank\" rel=\"noopener\">SIS FinTech<\/a> provides comprehensive Market Research and Strategy Consulting solutions worldwide.&nbsp; We assist small, medium, and large financial organizations with data, insights, tools, and strategies to navigate digital disruption and capture new opportunities.&nbsp; Our key solutions include:<\/p>\n\n\n\n<ul class=\"wp-block-list\">\n<li>Marktchancen und Markteintritt<\/li>\n\n\n\n<li>Identifizierung von M&amp;A-Chancen<\/li>\n\n\n\n<li>Go-To-Market-Strategie<\/li>\n\n\n\n<li>Wettbewerbsanalyse<\/li>\n\n\n\n<li>Branchenverfolgung<\/li>\n\n\n\n<li>Verbraucherforschung<\/li>\n<\/ul>\n\n\n\n<h2 class=\"wp-block-heading\">Unser Standort in New York<\/h2>\n\n\n\n<p>\n\n\n\n<iframe loading=\"lazy\" src=\"https:\/\/www.google.com\/maps\/embed?pb=!1m18!1m12!1m3!1d3022.976188376966!2d-73.99130312499956!3d40.740549471389315!2m3!1f0!2f0!3f0!3m2!1i1024!2i768!4f13.1!3m3!1m2!1s0x89c259a15798c731%3A0xd695d09bdd495f25!2s11%20E%2022nd%20St%20FL%202%2C%20New%20York%2C%20NY%2010010%2C%20USA!5e0!3m2!1sen!2spe!4v1726171763526!5m2!1sen!2spe\" width=\"600\" height=\"450\" allowfullscreen=\"allowfullscreen\" data-mce-fragment=\"1\"><\/iframe>\n\n\n\n<\/p>\n\n\n\n<h3 class=\"wp-block-heading\">11 E 22nd Street, Floor 2, New York, NY 10010 T: +1(212) 505-6805<\/h3>\n\n\n\n<hr class=\"wp-block-separator has-alpha-channel-opacity\"\/>\n\n\n\n<h2 class=\"wp-block-heading\"><span style=\"font-weight: 400;\">\u00dcber SIS International<\/span><\/h2>\n\n\n\n<p><a href=\"https:\/\/www.sisinternational.com\/de\/\"><span style=\"font-weight: 400;\">SIS International<\/span><\/a><span style=\"font-weight: 400;\"> bietet quantitative, qualitative und strategische Forschung an. Wir liefern Daten, Tools, Strategien, Berichte und Erkenntnisse zur Entscheidungsfindung. Wir f\u00fchren auch Interviews, Umfragen, Fokusgruppen und andere Methoden und Ans\u00e4tze der Marktforschung durch.<\/span><a href=\"https:\/\/www.sisinternational.com\/de\/uber-sis-international-research\/contact-sis-international-market-research\/\"><span style=\"font-weight: 400;\"> Kontakt<\/span><\/a><span style=\"font-weight: 400;\"> f\u00fcr Ihr n\u00e4chstes Marktforschungsprojekt.<\/span><\/p>\n\n\n\n<p><\/p>","protected":false},"excerpt":{"rendered":"<p>SIS FinTech bietet weltweit umfassende L\u00f6sungen f\u00fcr Marktforschung und Strategieberatung im Bereich Wealth Technology. Erfahren Sie mehr \u00fcber RoboAdvisors und WealthTech.<\/p>","protected":false},"author":1,"featured_media":62723,"parent":27462,"menu_order":13,"comment_status":"closed","ping_status":"closed","template":"","meta":{"footnotes":""},"class_list":["post-28407","page","type-page","status-publish","has-post-thumbnail"],"_links":{"self":[{"href":"https:\/\/www.sisinternational.com\/de\/wp-json\/wp\/v2\/pages\/28407","targetHints":{"allow":["GET"]}}],"collection":[{"href":"https:\/\/www.sisinternational.com\/de\/wp-json\/wp\/v2\/pages"}],"about":[{"href":"https:\/\/www.sisinternational.com\/de\/wp-json\/wp\/v2\/types\/page"}],"author":[{"embeddable":true,"href":"https:\/\/www.sisinternational.com\/de\/wp-json\/wp\/v2\/users\/1"}],"replies":[{"embeddable":true,"href":"https:\/\/www.sisinternational.com\/de\/wp-json\/wp\/v2\/comments?post=28407"}],"version-history":[{"count":18,"href":"https:\/\/www.sisinternational.com\/de\/wp-json\/wp\/v2\/pages\/28407\/revisions"}],"predecessor-version":[{"id":79903,"href":"https:\/\/www.sisinternational.com\/de\/wp-json\/wp\/v2\/pages\/28407\/revisions\/79903"}],"up":[{"embeddable":true,"href":"https:\/\/www.sisinternational.com\/de\/wp-json\/wp\/v2\/pages\/27462"}],"wp:featuredmedia":[{"embeddable":true,"href":"https:\/\/www.sisinternational.com\/de\/wp-json\/wp\/v2\/media\/62723"}],"wp:attachment":[{"href":"https:\/\/www.sisinternational.com\/de\/wp-json\/wp\/v2\/media?parent=28407"}],"curies":[{"name":"wp","href":"https:\/\/api.w.org\/{rel}","templated":true}]}}