{"id":28164,"date":"2018-10-21T02:45:07","date_gmt":"2018-10-21T02:45:07","guid":{"rendered":"https:\/\/www.sisinternational.com\/?page_id=28164"},"modified":"2026-01-27T15:25:26","modified_gmt":"2026-01-27T20:25:26","slug":"marktforschung-fur-erneuerbare-energien","status":"publish","type":"page","link":"https:\/\/www.sisinternational.com\/de\/sachverstand\/marktforschung-fur-erneuerbare-energien\/","title":{"rendered":"Marktforschung f\u00fcr erneuerbare Energien"},"content":{"rendered":"<h1 class=\"wp-block-heading\"><span style=\"font-weight: 400;\">Marktforschung f\u00fcr erneuerbare Energien<\/span><\/h1>\n\n\n\n<figure class=\"gb-block-image gb-block-image-6e18c778\"><img loading=\"lazy\" decoding=\"async\" width=\"1456\" height=\"816\" class=\"gb-image gb-image-6e18c778\" src=\"https:\/\/www.sisinternational.com\/wp-content\/uploads\/2025\/08\/Renewable-energy-2.jpg\" alt=\"SIS International Marktforschung &amp; Strategie\" title=\"Renewable energy (2)\" srcset=\"https:\/\/www.sisinternational.com\/wp-content\/uploads\/2025\/08\/Renewable-energy-2.jpg 1456w, https:\/\/www.sisinternational.com\/wp-content\/uploads\/2025\/08\/Renewable-energy-2-300x168.jpg 300w, https:\/\/www.sisinternational.com\/wp-content\/uploads\/2025\/08\/Renewable-energy-2-1024x574.jpg 1024w, https:\/\/www.sisinternational.com\/wp-content\/uploads\/2025\/08\/Renewable-energy-2-768x430.jpg 768w, https:\/\/www.sisinternational.com\/wp-content\/uploads\/2025\/08\/Renewable-energy-2-18x10.jpg 18w\" sizes=\"auto, (max-width: 1456px) 100vw, 1456px\"><\/figure>\n\n\n\n<p><\/p>\n\n\n\n<h2 class=\"wp-block-heading\">The renewable energy market is one of the fastest-growing industries in the United States and in many parts of the world.<\/h2>\n\n\n\n<h2 class=\"wp-block-heading\">Marktforschung f\u00fcr Solarenergie<\/h2>\n\n\n\n<p>SIS actively conducts B2B and B2C interviews regarding installations, new product concepts, and attitude, behavior, and usage tests.\u00a0 We have conduct Solar Energy Market Research across the United States, Europe, the Middle East and Asia.<\/p>\n\n\n\n<h2 class=\"wp-block-heading\">Marktforschung zur Kernenergie<\/h2>\n\n\n\n<figure class=\"gb-block-image gb-block-image-a7b99f9d\"><img loading=\"lazy\" decoding=\"async\" width=\"1456\" height=\"816\" class=\"gb-image gb-image-a7b99f9d\" src=\"https:\/\/www.sisinternational.com\/wp-content\/uploads\/2025\/08\/NUclear-plant-nuclear-power-3.jpg\" srcset=\"https:\/\/www.sisinternational.com\/wp-content\/uploads\/2025\/08\/NUclear-plant-nuclear-power-3.jpg 1456w, https:\/\/www.sisinternational.com\/wp-content\/uploads\/2025\/08\/NUclear-plant-nuclear-power-3-300x168.jpg 300w, https:\/\/www.sisinternational.com\/wp-content\/uploads\/2025\/08\/NUclear-plant-nuclear-power-3-1024x574.jpg 1024w, https:\/\/www.sisinternational.com\/wp-content\/uploads\/2025\/08\/NUclear-plant-nuclear-power-3-768x430.jpg 768w, https:\/\/www.sisinternational.com\/wp-content\/uploads\/2025\/08\/NUclear-plant-nuclear-power-3-18x10.jpg 18w\" sizes=\"auto, (max-width: 1456px) 100vw, 1456px\" alt=\"SIS International Marktforschung &amp; Strategie\"><\/figure>\n\n\n\n<p><\/p>\n\n\n\n<p>SIS conducts expert interviews in the Nuclear Energy Market.\u00a0 We have conducted Expert and Policy Research interviews across the United States for companies interested in understanding the changing opinions regarding Nuclear Energy.<\/p>\n\n\n\n<p>Our senior research team conducts high-level discussions and interviews in the Nuclear Energy industry to engage and explore decision-making processes, policy responses, and other nuances.<\/p>\n\n\n\n<h2 class=\"wp-block-heading\">Marktforschung f\u00fcr Windenergie<\/h2>\n\n\n\n<p><span style=\"font-weight: 400;\">SIS International Research conducted telephone interviews with turbine experts, including\u00a0Procurement Directors, Wind Turbine Engineers, Wind Farm Owners, and Third Party Turbine Engineers. \u00a0Through these interviews, we discovered various trends in the power sector. These trends range from the communication habits of turbine industry professions to the recent growth of the industry, to the impacts of domestic policy and international trade.\u00a0 The following is a recent case study in which we spoke with Wind Energy Experts and Engineers worldwide to develop new messaging campaigns for our clients.<\/span><\/p>\n\n\n\n<h3 class=\"wp-block-heading\">4 wichtige Erkenntnisse:<\/h3>\n\n\n\n<ul class=\"wp-block-list\">\n<li>Die Turbinenindustrie erlebt derzeit ein starkes Wachstum<\/li>\n\n\n\n<li>Die Unsicherheit im internationalen Handel und in der Innenpolitik wird die Branche erheblich beeintr\u00e4chtigen.<\/li>\n\n\n\n<li>Experten aus der gesamten Turbinenindustrie haben viele gemeinsame Eigenschaften, darunter P\u00fcnktlichkeit, ein hohes Arbeitspensum und eine tiefe Leidenschaft f\u00fcr ihre Arbeit.<\/li>\n\n\n\n<li><a href=\"https:\/\/www.sisinternational.com\/de\/wie-man-recherchen-fur-japanische-kulturangelegenheiten-anstellt\/\" title=\"So gestalten Sie Recherchen f\u00fcr Japan: Kultur ist wichtig!\"  data-wpil-monitor-id=\"7361\">Cultural differences make gathering research in Asia<\/a> difficult.<\/li>\n<\/ul>\n\n\n\n<h2 class=\"wp-block-heading\">Die Windturbinenindustrie<\/h2>\n\n\n\n<p><span style=\"font-weight: 400;\">Through our <a class=\"wpil_keyword_link\" href=\"https:\/\/www.sisinternational.com\/de\/how-to-conduct-effective-desk-research\/\"   title=\"How to Conduct Effective Desk Research\" data-wpil-keyword-link=\"linked\"  data-wpil-monitor-id=\"765\">Schreibtischrecherche<\/a>, we discovered that wind energy has been enjoying exceptional growth in recent years.&nbsp; F<\/span><span style=\"font-weight: 400;\">Waffen- und Viehz\u00fcchter in den USA erhielten Pachtzahlungen in H\u00f6he von Hunderten Millionen Dollar f\u00fcr die Aufstellung von Windkraftanlagen. Diese Branche steht vor einem enormen Wachstum, da viele Bundesstaaten wie Iowa, Kansas, South Dakota und Oklahoma bereits stark auf Windenergie angewiesen sind. Jeder dieser Bundesstaaten erzeugt mittlerweile \u00fcber ein Viertel seines gesamten Stroms aus Windkraft. &nbsp;<\/span><\/p>\n\n\n\n<p><span style=\"font-weight: 400;\">Wir haben auch die Zukunft der Branche untersucht und wie sie reagieren wird auf<\/span><span style=\"font-weight: 400;\"> die US-Regierung<\/span><span style=\"font-weight: 400;\">&nbsp;push for more LNG (Liquified Natural Gas) turbines. &nbsp;Europe is currently becoming a massive buyer of US LNG. In a recent meeting aimed at averting a transatlantic trade war, the head of the European Commission told the United States that Europe currently has a plan in place to build more terminals to import U.S. LNG.&nbsp; &nbsp;LNG imports to Europe are set to increase substantially, though political shifts can quickly impact the energy market. &nbsp;It will be very interesting to follow this industry and observe how it reacts to changes in international trade, as well as policy developments in the US and elsewhere. <\/span><\/p>\n\n\n\n<h2 class=\"wp-block-heading\"><span style=\"font-weight: 400;\"><figure><span style=\"font-family: inherit; font-style: inherit; background-color: rgb(255, 255, 255);\">Unsere Interviews haben viele interessante Trends bez\u00fcglich der in der Turbinenindustrie t\u00e4tigen Personen aufgedeckt. <\/span><\/figure><\/span><\/h2>\n\n\n\n<figure class=\"gb-block-image gb-block-image-43942e5d\"><img loading=\"lazy\" decoding=\"async\" width=\"1456\" height=\"816\" class=\"gb-image gb-image-43942e5d\" src=\"https:\/\/www.sisinternational.com\/wp-content\/uploads\/2025\/08\/Renewable-energy-3.jpg\" alt=\"SIS International Marktforschung &amp; Strategie\" title=\"Renewable energy (3)\" srcset=\"https:\/\/www.sisinternational.com\/wp-content\/uploads\/2025\/08\/Renewable-energy-3.jpg 1456w, https:\/\/www.sisinternational.com\/wp-content\/uploads\/2025\/08\/Renewable-energy-3-300x168.jpg 300w, https:\/\/www.sisinternational.com\/wp-content\/uploads\/2025\/08\/Renewable-energy-3-1024x574.jpg 1024w, https:\/\/www.sisinternational.com\/wp-content\/uploads\/2025\/08\/Renewable-energy-3-768x430.jpg 768w, https:\/\/www.sisinternational.com\/wp-content\/uploads\/2025\/08\/Renewable-energy-3-18x10.jpg 18w\" sizes=\"auto, (max-width: 1456px) 100vw, 1456px\"><\/figure>\n\n\n\n<p><\/p>\n\n\n\n<p><span style=\"font-weight: 400;\">Erstens war da die \u00fcberw\u00e4ltigende Zahl der Befragten, die teilnehmen wollten, aber nicht die Zeit aufbringen konnten, die f\u00fcr die Interviews erforderlich war. Dies spiegelt die Nachfrage der Branche sowie das Engagement der dort t\u00e4tigen Personen wider. Ein gemeinsamer Nenner unter denen, die teilnehmen konnten, war unglaubliche Leidenschaft. Jeder Befragte war mit gro\u00dfer Leidenschaft bei seiner Arbeit in der Turbinenindustrie, was dazu f\u00fchrte, dass sie uns viele wertvolle Einblicke gew\u00e4hrten. <\/span><\/p>\n\n\n\n<p><span style=\"font-weight: 400;\">The second trend we observed was stark cultural differences. It was much more difficult to engage respondents from Asia, specifically China.&nbsp; Relationship building was more important in communicating with experts and engineers in China than in other countries. This more personal method of contact seemed to alleviate many concerns.&nbsp; In contrast, professionals in both the United Kingdom and the United States were easier to contact and more forthcoming in their responses. <\/span><\/p>\n\n\n\n<p><span style=\"font-weight: 400;\">The third trend we observed was similar behavior and habits among the engineers we contacted. Many were very structured in their personal habits, priding themselves particularly on punctuality. &nbsp;They also followed protocols extremely well. This manifested in our research through exceptionally smooth interviews. Normal minor issues such as technical difficulties with the teleconference were eliminated, giving our respondents more time to respond to our inquiries in extensive detail.<\/span><\/p>\n\n\n\n<h2 class=\"wp-block-heading\">So erreichen Sie Entscheidungstr\u00e4ger im Energiebereich<\/h2>\n\n\n\n<p><span style=\"font-weight: 400;\">Qualifizierte Experten in dieser Branche zu erreichen, kann eine Herausforderung sein. Interessanterweise waren Turbineningenieure von Drittanbietern am ehesten bereit, mit uns zu sprechen, w\u00e4hrend Experten aus dem Einkauf am schwierigsten zu erreichen waren.<\/span><\/p>\n\n\n\n<p><span style=\"font-weight: 400;\">With the rise of calls to curb greenhouse gas emissions, concerns of Fossil Fuel supply and demand, and climate change, primes the wind turbine industry has seen explosive growth. Companies should ensure that relatively short-term changes in the political environment that affect the industry do not cloud this long-term outlook. <\/span><\/p>\n\n\n\n<p><span style=\"font-weight: 400;\">Based on our research, we believe the industry as a whole is well-positioned to take advantage of the growth opportunities available. Experts in the field are exceptionally passionate, hardworking, and efficient. Companies should take steps to ensure that their employees continue to work at an optimal level to avoid burnout. Additionally, as we found many industry professionals to be adept at executing formal protocols, companies should make sure that their processes are as efficient as possible. <\/span><\/p>\n\n\n\n<p><span style=\"font-weight: 400;\">Finally, given the large number<\/span> of respondents who cited confidentiality concerns when speaking to us, we believe players in this industry should evaluate having more open communication and cooperation. Cooperative relationships could help companies to hedge against short-term risks, while promoting innovation and fueling long-term<span style=\"font-weight: 400;\"> gains. <\/span><\/p>\n\n\n\n<p><span style=\"font-weight: 400;\">Many factors including the current geopolitical climate are generating a lot of uncertainty across many industries, including the wind turbine industry. However, we firmly believe the long-term growth prospects strongly outweigh the short-term tumult. It is an exciting time to be involved in wind power. <\/span><\/p>\n\n\n\n<h2 class=\"wp-block-heading\">\u00dcber SIS Renewable Energy Market Research<\/h2>\n\n\n\n<p>SIS International Research is a leading <a class=\"wpil_keyword_link\" href=\"https:\/\/www.sisinternational.com\/de\/\"   title=\"Startseite\" data-wpil-keyword-link=\"linked\"  data-wpil-monitor-id=\"461\">globale Marktforschung<\/a> firm.&nbsp; We provide Consumer and B2B <a class=\"wpil_keyword_link\" href=\"https:\/\/www.sisinternational.com\/de\/abdeckung\/die-amerikaner\/usa-berichterstattung\/marktforschung-in-den-vereinigten-staaten\/\"   title=\"Marktforschung in den USA\" data-wpil-keyword-link=\"linked\"  data-wpil-monitor-id=\"459\">Marktforschung in den USA<\/a>, Europe, the Middle East, Asia and Africa.&nbsp; SIS also has a leading Strategy Research team that provides Market Opportunity\/Entry\/Sizing, Competitive Analysis, Trend Tracking, Industry Intelligence, <a class=\"wpil_keyword_link\" href=\"https:\/\/www.sisinternational.com\/de\/losungen\/innovation\/\"   title=\"Innovationsforschung\" data-wpil-keyword-link=\"linked\"  data-wpil-monitor-id=\"460\">Innovationsforschung<\/a> and Go To Market Strategy.<\/p>\n\n\n\n<h2 class=\"wp-block-heading\"><a href=\"https:\/\/www.sisinternational.com\/de\/about-sis\/contact-sis-international-market-research\/\">Kontaktieren Sie uns f\u00fcr Ihr n\u00e4chstes Marktforschungsprojekt im Bereich erneuerbare Energien.<\/a><\/h2>\n\n\n\n<p><\/p>","protected":false},"excerpt":{"rendered":"<p>Erneuerbare Energien, Solar- und Windenergie verzeichnen in vielen Teilen der Welt ein rasantes Wachstum. Erfahren Sie mehr \u00fcber Marktforschung zu erneuerbaren Energien.<\/p>","protected":false},"author":1,"featured_media":64867,"parent":14514,"menu_order":37,"comment_status":"closed","ping_status":"closed","template":"","meta":{"footnotes":""},"class_list":["post-28164","page","type-page","status-publish","has-post-thumbnail"],"_links":{"self":[{"href":"https:\/\/www.sisinternational.com\/de\/wp-json\/wp\/v2\/pages\/28164","targetHints":{"allow":["GET"]}}],"collection":[{"href":"https:\/\/www.sisinternational.com\/de\/wp-json\/wp\/v2\/pages"}],"about":[{"href":"https:\/\/www.sisinternational.com\/de\/wp-json\/wp\/v2\/types\/page"}],"author":[{"embeddable":true,"href":"https:\/\/www.sisinternational.com\/de\/wp-json\/wp\/v2\/users\/1"}],"replies":[{"embeddable":true,"href":"https:\/\/www.sisinternational.com\/de\/wp-json\/wp\/v2\/comments?post=28164"}],"version-history":[{"count":6,"href":"https:\/\/www.sisinternational.com\/de\/wp-json\/wp\/v2\/pages\/28164\/revisions"}],"predecessor-version":[{"id":81005,"href":"https:\/\/www.sisinternational.com\/de\/wp-json\/wp\/v2\/pages\/28164\/revisions\/81005"}],"up":[{"embeddable":true,"href":"https:\/\/www.sisinternational.com\/de\/wp-json\/wp\/v2\/pages\/14514"}],"wp:featuredmedia":[{"embeddable":true,"href":"https:\/\/www.sisinternational.com\/de\/wp-json\/wp\/v2\/media\/64867"}],"wp:attachment":[{"href":"https:\/\/www.sisinternational.com\/de\/wp-json\/wp\/v2\/media?parent=28164"}],"curies":[{"name":"wp","href":"https:\/\/api.w.org\/{rel}","templated":true}]}}