{"id":27891,"date":"2018-09-12T18:18:12","date_gmt":"2018-09-12T18:18:12","guid":{"rendered":"https:\/\/www.sisinternational.com\/?page_id=27891"},"modified":"2025-09-11T23:56:17","modified_gmt":"2025-09-12T03:56:17","slug":"ubersetzung-und-transkription","status":"publish","type":"page","link":"https:\/\/www.sisinternational.com\/de\/losungen\/ubersetzung-und-transkription\/","title":{"rendered":"\u00dcbersetzungs- und Transkriptionsdienste"},"content":{"rendered":"<h1 class=\"wp-block-heading\">\u00dcbersetzungs- und Transkriptionsdienste<\/h1>\n\n\n\n<figure class=\"gb-block-image gb-block-image-f136b8a1\"><img loading=\"lazy\" decoding=\"async\" width=\"1456\" height=\"816\" class=\"gb-image gb-image-f136b8a1\" src=\"https:\/\/www.sisinternational.com\/wp-content\/uploads\/2025\/08\/Focus-group-meeting-3.jpg\" alt=\"SIS International Marktforschung &amp; Strategie\" title=\"Focus group &amp; meeting (3)\" srcset=\"https:\/\/www.sisinternational.com\/wp-content\/uploads\/2025\/08\/Focus-group-meeting-3.jpg 1456w, https:\/\/www.sisinternational.com\/wp-content\/uploads\/2025\/08\/Focus-group-meeting-3-300x168.jpg 300w, https:\/\/www.sisinternational.com\/wp-content\/uploads\/2025\/08\/Focus-group-meeting-3-1024x574.jpg 1024w, https:\/\/www.sisinternational.com\/wp-content\/uploads\/2025\/08\/Focus-group-meeting-3-768x430.jpg 768w, https:\/\/www.sisinternational.com\/wp-content\/uploads\/2025\/08\/Focus-group-meeting-3-18x10.jpg 18w\" sizes=\"auto, (max-width: 1456px) 100vw, 1456px\"><\/figure>\n\n\n\n<h2 class=\"wp-block-heading\">&nbsp;<\/h2>\n\n\n\n<p><\/p>\n\n\n\n<h2 class=\"wp-block-heading\">&nbsp;L\u00f6sungen<\/h2>\n\n\n\n<hr class=\"wp-block-separator has-alpha-channel-opacity is-style-dots\"\/>\n\n\n\n<!-- Page-list plugin v.5.9 wordpress.org\/plugins\/page-list\/ -->\n<div class=\"page-list page-list-ext page-list-cols-2\">\n<div class=\"page-list-ext-item\"><div class=\"page-list-ext-image\"><a href=\"https:\/\/www.sisinternational.com\/de\/losungen\/ubersetzung-und-transkription\/deutsche-ubersetzungs-und-transkriptionsdienste\/\" title=\"Deutsche \u00dcbersetzungs- und Transkriptionsdienste\"><img decoding=\"async\" src=\"https:\/\/www.sisinternational.com\/wp-content\/uploads\/2025\/09\/Germany-4-1-150x150.jpg\" width=\"150\" alt=\"Deutsche \u00dcbersetzungs- und Transkriptionsdienste\" \/><\/a><\/div> <h3 class=\"page-list-ext-title\"><a href=\"https:\/\/www.sisinternational.com\/de\/losungen\/ubersetzung-und-transkription\/deutsche-ubersetzungs-und-transkriptionsdienste\/\" title=\"Deutsche \u00dcbersetzungs- und Transkriptionsdienste\">Deutsche \u00dcbersetzungs- und Transkriptionsdienste<\/a><\/h3><div class=\"page-list-ext-item-content\">SIS International bietet deutsche \u00dcbersetzungs- und Transkriptionsdienste f\u00fcr zahlreiche Branchen und Kunden an.<\/div><\/div>\n<div class=\"page-list-ext-item\"><div class=\"page-list-ext-image\"><a href=\"https:\/\/www.sisinternational.com\/de\/losungen\/ubersetzung-und-transkription\/spanische-ubersetzungs-und-transkriptionsdienste\/\" title=\"Spanische \u00dcbersetzung und Transkription\"><img decoding=\"async\" src=\"https:\/\/www.sisinternational.com\/wp-content\/uploads\/2025\/09\/Spain-3-150x150.jpg\" width=\"150\" alt=\"Spanische \u00dcbersetzung und Transkription\" \/><\/a><\/div> <h3 class=\"page-list-ext-title\"><a href=\"https:\/\/www.sisinternational.com\/de\/losungen\/ubersetzung-und-transkription\/spanische-ubersetzungs-und-transkriptionsdienste\/\" title=\"Spanische \u00dcbersetzung und Transkription\">Spanische \u00dcbersetzung und Transkription<\/a><\/h3><div class=\"page-list-ext-item-content\">SIS International Research bietet pr\u00e4zise, reaktionsschnelle und schnelle \u00dcbersetzungs- und Transkriptionsdienste f\u00fcr Spanisch. Erfahren Sie mehr \u00fcber Spanisch\u00fcbersetzungen.<\/div><\/div>\n<div class=\"page-list-ext-item\"><div class=\"page-list-ext-image\"><a href=\"https:\/\/www.sisinternational.com\/de\/losungen\/ubersetzung-und-transkription\/mandarin-chinesisch-ubersetzung-und-transkription\/\" title=\"Mandarin-Chinesisch \u00dcbersetzung und Transkription\"><img decoding=\"async\" src=\"https:\/\/www.sisinternational.com\/wp-content\/uploads\/2025\/09\/Market-Entry-Consulting-in-China-4-150x150.jpg\" width=\"150\" alt=\"Mandarin-Chinesisch \u00dcbersetzung und Transkription\" \/><\/a><\/div> <h3 class=\"page-list-ext-title\"><a href=\"https:\/\/www.sisinternational.com\/de\/losungen\/ubersetzung-und-transkription\/mandarin-chinesisch-ubersetzung-und-transkription\/\" title=\"Mandarin-Chinesisch \u00dcbersetzung und Transkription\">Mandarin-Chinesisch \u00dcbersetzung und Transkription<\/a><\/h3><div class=\"page-list-ext-item-content\">Mandarin-Chinesisch ist die weltweit am h\u00e4ufigsten gesprochene Sprache. Erfahren Sie mehr \u00fcber die \u00dcbersetzungs- und Transkriptionsdienste von SIS f\u00fcr Mandarin-Chinesisch.<\/div><\/div>\n<div class=\"page-list-ext-item\"><div class=\"page-list-ext-image\"><a href=\"https:\/\/www.sisinternational.com\/de\/losungen\/ubersetzung-und-transkription\/transkription-von-marktforschung\/\" title=\"Transkription von Marktforschung\"><img decoding=\"async\" src=\"https:\/\/www.sisinternational.com\/wp-content\/uploads\/2025\/09\/Quantitative-research-16-150x150.jpg\" width=\"150\" alt=\"Transkription von Marktforschung\" \/><\/a><\/div> <h3 class=\"page-list-ext-title\"><a href=\"https:\/\/www.sisinternational.com\/de\/losungen\/ubersetzung-und-transkription\/transkription-von-marktforschung\/\" title=\"Transkription von Marktforschung\">Transkription von Marktforschung<\/a><\/h3><div class=\"page-list-ext-item-content\">Wir bieten kosteng\u00fcnstige und qualitativ hochwertige Transkription von Marktforschungsdaten.<\/div><\/div>\n\n<\/div>\n\n\n\n<p><\/p>","protected":false},"excerpt":{"rendered":"<p>Wir bieten \u00dcbersetzungs- und Transkriptionsdienste f\u00fcr Unternehmen an. Erfahren Sie mehr \u00fcber unsere Sprachl\u00f6sungen.<\/p>","protected":false},"author":1,"featured_media":62665,"parent":14457,"menu_order":19,"comment_status":"closed","ping_status":"closed","template":"","meta":{"footnotes":""},"class_list":["post-27891","page","type-page","status-publish","has-post-thumbnail"],"_links":{"self":[{"href":"https:\/\/www.sisinternational.com\/de\/wp-json\/wp\/v2\/pages\/27891","targetHints":{"allow":["GET"]}}],"collection":[{"href":"https:\/\/www.sisinternational.com\/de\/wp-json\/wp\/v2\/pages"}],"about":[{"href":"https:\/\/www.sisinternational.com\/de\/wp-json\/wp\/v2\/types\/page"}],"author":[{"embeddable":true,"href":"https:\/\/www.sisinternational.com\/de\/wp-json\/wp\/v2\/users\/1"}],"replies":[{"embeddable":true,"href":"https:\/\/www.sisinternational.com\/de\/wp-json\/wp\/v2\/comments?post=27891"}],"version-history":[{"count":4,"href":"https:\/\/www.sisinternational.com\/de\/wp-json\/wp\/v2\/pages\/27891\/revisions"}],"predecessor-version":[{"id":67949,"href":"https:\/\/www.sisinternational.com\/de\/wp-json\/wp\/v2\/pages\/27891\/revisions\/67949"}],"up":[{"embeddable":true,"href":"https:\/\/www.sisinternational.com\/de\/wp-json\/wp\/v2\/pages\/14457"}],"wp:featuredmedia":[{"embeddable":true,"href":"https:\/\/www.sisinternational.com\/de\/wp-json\/wp\/v2\/media\/62665"}],"wp:attachment":[{"href":"https:\/\/www.sisinternational.com\/de\/wp-json\/wp\/v2\/media?parent=27891"}],"curies":[{"name":"wp","href":"https:\/\/api.w.org\/{rel}","templated":true}]}}