{"id":27873,"date":"2018-09-12T04:18:41","date_gmt":"2018-09-12T04:18:41","guid":{"rendered":"https:\/\/www.sisinternational.com\/?page_id=27873"},"modified":"2026-01-24T18:15:08","modified_gmt":"2026-01-24T23:15:08","slug":"bildungstechnologie-edtech-losungen","status":"publish","type":"page","link":"https:\/\/www.sisinternational.com\/de\/losungen\/bildungstechnologie-edtech-losungen\/","title":{"rendered":"L\u00f6sungen f\u00fcr Bildungstechnologie (EdTech)"},"content":{"rendered":"<h1 class=\"wp-block-heading\">SIS EdTech-Beratung<\/h1>\n\n\n\n<figure class=\"gb-block-image gb-block-image-47e2da5d\"><img loading=\"lazy\" decoding=\"async\" width=\"1456\" height=\"816\" class=\"gb-image gb-image-47e2da5d\" src=\"https:\/\/www.sisinternational.com\/wp-content\/uploads\/2025\/08\/Education-1.jpg\" alt=\"SIS International Marktforschung &amp; Strategie\" title=\"Education (1)\" srcset=\"https:\/\/www.sisinternational.com\/wp-content\/uploads\/2025\/08\/Education-1.jpg 1456w, https:\/\/www.sisinternational.com\/wp-content\/uploads\/2025\/08\/Education-1-300x168.jpg 300w, https:\/\/www.sisinternational.com\/wp-content\/uploads\/2025\/08\/Education-1-1024x574.jpg 1024w, https:\/\/www.sisinternational.com\/wp-content\/uploads\/2025\/08\/Education-1-768x430.jpg 768w, https:\/\/www.sisinternational.com\/wp-content\/uploads\/2025\/08\/Education-1-18x10.jpg 18w\" sizes=\"auto, (max-width: 1456px) 100vw, 1456px\"><\/figure>\n\n\n\n<p><\/p>\n\n\n\n<p>Die Technologie ver\u00e4ndert sowohl die Bildungs- als auch die eLearning-Branche in Unternehmen rasant. Schulen, Regierungen, Unternehmen und Unternehmer sind neue Konsumenten von Dienstleistungen und Produkten im Bereich Bildungstechnologie. Um dieser wachsenden Nachfrage gerecht zu werden, hat SIS International EdTech-Forschungs- und Strategieberatungsdienste eingef\u00fchrt.<\/p>\n\n\n\n<h3 class=\"wp-block-heading\">SIS International \u2013 EdTech-Marktforschungs- und Strategieberatungsl\u00f6sungen:<\/h3>\n\n\n\n<ul class=\"wp-block-list\">\n<li><strong>Innovationsberatung<\/strong>\n<ul class=\"wp-block-list\">\n<li>Ideenfindung und Ideenentwicklung<\/li>\n\n\n\n<li>Innovations-Workshops<\/li>\n<\/ul>\n<\/li>\n\n\n\n<li><strong>Marktforschung<\/strong>\n<ul class=\"wp-block-list\">\n<li>Datenerfassung und Normierung<\/li>\n\n\n\n<li>Testen neuer Produktkonzepte<\/li>\n\n\n\n<li>Usability-Tests f\u00fcr Apps und Software<\/li>\n<\/ul>\n<\/li>\n\n\n\n<li><strong>Strategieberatung<\/strong>\n<ul class=\"wp-block-list\">\n<li>Marktchancen, Markteintritt und Marktgr\u00f6\u00dfe<\/li>\n\n\n\n<li>Markteinf\u00fchrungsstrategie<\/li>\n\n\n\n<li>Wettbewerbsanalyse<\/li>\n\n\n\n<li>Markteintritt im asiatisch-pazifischen Raum<\/li>\n\n\n\n<li>eLearning-L\u00f6sungen f\u00fcr Unternehmen<\/li>\n<\/ul>\n<\/li>\n<\/ul>\n\n\n\n<h2 class=\"wp-block-heading\">SIS EdTech Strategieberatungserfahrung<\/h2>\n\n\n\n<figure class=\"gb-block-image gb-block-image-29ae33b9\"><img loading=\"lazy\" decoding=\"async\" width=\"1456\" height=\"816\" class=\"gb-image gb-image-29ae33b9\" src=\"https:\/\/www.sisinternational.com\/wp-content\/uploads\/2025\/08\/Education-2.jpg\" srcset=\"https:\/\/www.sisinternational.com\/wp-content\/uploads\/2025\/08\/Education-2.jpg 1456w, https:\/\/www.sisinternational.com\/wp-content\/uploads\/2025\/08\/Education-2-300x168.jpg 300w, https:\/\/www.sisinternational.com\/wp-content\/uploads\/2025\/08\/Education-2-1024x574.jpg 1024w, https:\/\/www.sisinternational.com\/wp-content\/uploads\/2025\/08\/Education-2-768x430.jpg 768w, https:\/\/www.sisinternational.com\/wp-content\/uploads\/2025\/08\/Education-2-18x10.jpg 18w\" sizes=\"auto, (max-width: 1456px) 100vw, 1456px\" alt=\"SIS International Marktforschung &amp; Strategie\"><\/figure>\n\n\n\n<p><\/p>\n\n\n\n<p>EdTech l\u00f6st Bildungsprobleme wie Lehrermangel, Bildungsqualit\u00e4t und geografische Probleme. Dies gilt insbesondere f\u00fcr die Region Asien-Pazifik, die Prognosen zufolge der gr\u00f6\u00dfte EdTech-Abnehmer sein wird.<\/p>\n\n\n\n<p>SIS has launched new Education Tech solutions to help companies capture new opportunities, such as Adaptive Learning, which dynamically tailors learning priorities and difficulty to the learner\u2019s level.&nbsp;The company also launched new Education Tech solutions to capture new opportunities such as Adaptive Learning, which tailors learning priorities and difficulty to the learner\u2019s level.<\/p>\n\n\n\n<p>Bei SIS International basiert unser Ansatz zur EdTech-Strategieberatung auf einem tiefen Verst\u00e4ndnis sowohl der Bildungslandschaft als auch der technologischen Fortschritte, die sie pr\u00e4gen.<\/p>\n\n\n\n<p>Wir arbeiten eng mit Bildungseinrichtungen, Technologieunternehmen und anderen Interessengruppen zusammen, um ma\u00dfgeschneiderte Strategien zu entwickeln, die Lernerfahrungen verbessern, Bildungsergebnisse steigern und die Betriebseffizienz optimieren. Unsere Berater bringen umfangreiche Erfahrung in den Bereichen Marktanalyse, Benutzererfahrung, Lehrplanintegration und \u00c4nderungsmanagement mit und stellen sicher, dass unsere Kunden gut ger\u00fcstet sind, um fundierte Entscheidungen zu treffen und effektive EdTech-L\u00f6sungen zu implementieren.<\/p>\n\n\n\n<p>Furthermore, SIS already has extensive Market Research and Strategy Consulting experience working in a variety of <a href=\"https:\/\/www.sisinternational.com\/de\/anstieg-im-bildungssektor-wahrend-der-rezession\/\" title=\"Wachstum im Bildungssektor w\u00e4hrend der Rezession\"  data-wpil-monitor-id=\"1985\">Education industry sectors<\/a>. We have developed core competencies in:<\/p>\n\n\n\n<ul class=\"wp-block-list\">\n<li>Digitale Whiteboards und Hardwarel\u00f6sungen f\u00fcr den Unterricht<\/li>\n\n\n\n<li>Unternehmen eLearning<\/li>\n\n\n\n<li>P\u00e4dagogische Tests<\/li>\n\n\n\n<li>Plattformen f\u00fcr Lernmanagementsysteme (LMS)<\/li>\n<\/ul>\n\n\n\n<p>Bei SIS International wissen wir, dass die Zukunft der Bildung eng mit der Technologie verkn\u00fcpft ist. Mit unseren EdTech-Strategieberatungsdiensten bef\u00e4higen wir unsere Kunden, diese Zukunft zu nutzen und Bildungserfahrungen zu schaffen, die ansprechend, zug\u00e4nglich und transformativ sind.<\/p>\n\n\n\n<p>SIS International verfolgt einen umfassenden und methodischen Ansatz zur EdTech-Strategieberatung und stellt sicher, dass unsere Kunden umsetzbare Erkenntnisse und Strategien erhalten, die auf ihre spezifischen Bed\u00fcrfnisse im Bereich der Bildungstechnologie zugeschnitten sind.<\/p>\n\n\n\n<h3 class=\"wp-block-heading\">Hier ist ein \u00dcberblick dar\u00fcber, wie wir EdTech-Strategieberatung durchf\u00fchren:<\/h3>\n\n\n\n<ul class=\"wp-block-list\">\n<li><strong>Erste Einsch\u00e4tzung und Bedarfsanalyse:<\/strong> Unser Prozess beginnt mit einer gr\u00fcndlichen Bewertung der aktuellen Situation, Ziele und Herausforderungen des Kunden im EdTech-Bereich. Dazu geh\u00f6rt das Verst\u00e4ndnis der institutionellen Ziele des Kunden, der Zielgruppe, der technologischen Infrastruktur und etwaiger spezifischer Schwachstellen oder W\u00fcnsche, die er in Bezug auf Bildungstechnologie hat.<\/li>\n\n\n\n<li><strong>Branchenanalyse:<\/strong> Mithilfe unserer umfassenden Expertise in der EdTech-Beratung f\u00fchren wir eine detaillierte Analyse des EdTech-Marktes durch und untersuchen Branchentrends, Wettbewerbsstrategien, technologische Fortschritte und regulatorische Aspekte. Unser Ziel ist es, ein umfassendes Verst\u00e4ndnis der Landschaft zu vermitteln, in der unsere Kunden t\u00e4tig sind.<\/li>\n\n\n\n<li><strong>Einbindung und Feedback der Stakeholder:<\/strong> Wir arbeiten mit verschiedenen Interessengruppen zusammen, darunter P\u00e4dagogen, Studenten, Technikexperten und Administratoren, um einen umfassenden \u00dcberblick \u00fcber die Bed\u00fcrfnisse, Vorlieben und potenziellen Widerst\u00e4nde gegen\u00fcber technologischen Ver\u00e4nderungen zu erhalten.<\/li>\n\n\n\n<li><strong>Strategieentwicklung:<\/strong> Basierend auf unseren Erkenntnissen entwickeln wir eine ma\u00dfgeschneiderte EdTech-Strategie, die auf die Ziele des Kunden abgestimmt ist. Diese Strategie umfasst verschiedene Aspekte wie Technologieauswahl und -integration, p\u00e4dagogische Ans\u00e4tze, Inhaltsentwicklung und Benutzererfahrung. Wir priorisieren Strategien, die innovativ, umsetzbar und skalierbar sind.<\/li>\n\n\n\n<li><strong>Umsetzungsplanung:<\/strong> Wir unterst\u00fctzen unsere Kunden bei der Umsetzung der empfohlenen Strategien. Dazu geh\u00f6rt das Setzen von Zeitpl\u00e4nen, das Definieren wichtiger Meilensteine, das Zuweisen von Ressourcen sowie das Identifizieren potenzieller Risiken und Minderungsstrategien.<\/li>\n\n\n\n<li><strong>Schulung und Support:<\/strong> Da wir uns der Herausforderungen bewusst sind, die mit der Einf\u00fchrung neuer Technologien verbunden sind, bieten wir Schulungen und Support-Services an, um eine reibungslose Implementierung zu gew\u00e4hrleisten. Dazu geh\u00f6ren Schulungen f\u00fcr P\u00e4dagogen und Administratoren zu neuen Technologien wie KI, maschinellem Lernen und neuen p\u00e4dagogischen Ans\u00e4tzen.<\/li>\n\n\n\n<li><strong>\u00dcberwachung und Bewertung:<\/strong> Wir \u00fcberwachen den Fortschritt und die Auswirkungen der EdTech-Initiativen. Dazu geh\u00f6rt die Bewertung der Wirksamkeit der Technologie beim Erreichen p\u00e4dagogischer Ziele, die Beurteilung der Benutzerzufriedenheit und die Anpassung der Strategie nach Bedarf.<\/li>\n<\/ul>\n\n\n\n<h3 class=\"wp-block-heading\">Der Ansatz von SIS International zur Integration k\u00fcnstlicher Intelligenz (KI) in EdTech ist eine zukunftsweisende und strategische Mischung aus Technologie und Bildung. Hier ist ein \u00dcberblick \u00fcber unseren Ansatz:<\/h3>\n\n\n\n<ul class=\"wp-block-list\">\n<li><strong>Nutzung von KI f\u00fcr personalisiertes Lernen:<\/strong> Im Mittelpunkt unserer KI- und EdTech-Strategie steht der Einsatz von KI zur Schaffung personalisierter Lernerfahrungen. Dazu geh\u00f6rt die Verwendung von KI-Algorithmen zur Analyse von Lernmustern, Pr\u00e4ferenzen und Leistungen der Sch\u00fcler und die entsprechende Anpassung der Unterrichtsinhalte. Ziel ist es, eine Lernumgebung zu schaffen, die auf die individuellen Bed\u00fcrfnisse jedes Sch\u00fclers zugeschnitten ist und den Unterricht spannender und effektiver macht.<\/li>\n\n\n\n<li><strong>Verbesserung datengesteuerter Entscheidungsfindung:<\/strong> Wir nutzen KI, um gro\u00dfe Mengen an Bildungsdaten zu sammeln und zu analysieren. Dieser datengesteuerte Ansatz erm\u00f6glicht es Bildungseinrichtungen, wertvolle Einblicke in das Engagement der Sch\u00fcler, die Lernergebnisse und die allgemeine Bildungswirksamkeit zu gewinnen.<\/li>\n\n\n\n<li><strong>Rationalisierung administrativer Prozesse:<\/strong> KI wird auch eingesetzt, um Verwaltungsaufgaben in Bildungseinrichtungen zu rationalisieren. Dazu geh\u00f6rt die Automatisierung der Benotung, der Anwesenheitsverfolgung \u2013 und sogar die Beantwortung allgemeiner Anfragen von Studenten. Durch die Reduzierung des Verwaltungsaufwands k\u00f6nnen sich P\u00e4dagogen st\u00e4rker auf den Unterricht und die Interaktion mit den Studenten konzentrieren.<\/li>\n\n\n\n<li><strong>Ethische \u00dcberlegungen und Compliance:<\/strong> Wir sind uns der ethischen Aspekte und Compliance-Anforderungen im Zusammenhang mit KI im Bildungsbereich sehr bewusst. Unser Ansatz umfasst die Gew\u00e4hrleistung des Datenschutzes, die Beseitigung von Verzerrungen in KI-Algorithmen und die Wahrung der Transparenz bei KI-gesteuerten Entscheidungen.<\/li>\n\n\n\n<li><strong>Gemeinsame Entwicklung und Umsetzung:<\/strong> We believe in a collaborative approach to developing and implementing AI solutions in education. This involves working closely with educators, administrators, students, and technology <a href=\"https:\/\/www.sisinternational.com\/de\/losungen\/sis-globales-wachstum\/strategische-beschaffung-2\/\" title=\"Fachm\u00e4nnische Beschaffungsl\u00f6sungen\"  data-wpil-monitor-id=\"6372\">experts to ensure that the AI solutions<\/a> are effectively integrated into the educational ecosystem.<\/li>\n<\/ul>\n\n\n\n<h2 class=\"wp-block-heading\">Andere Dienstleistungen<\/h2>\n\n\n\n<!-- Page-list plugin v.5.9 wordpress.org\/plugins\/page-list\/ -->\n<!-- no pages to show -->\n\n\n\n<h2 class=\"wp-block-heading\">SIS International verf\u00fcgt \u00fcber die Ressourcen, die Sie dabei unterst\u00fctzen, Herausforderungen in Chancen umzuwandeln.<\/h2>\n\n\n\n<h2 class=\"wp-block-heading\">&nbsp;<\/h2>\n\n\n\n<p class=\"has-text-align-center\"><iframe loading=\"lazy\" style=\"border: 1px solid #CCC; border-width: 1px; margin-bottom: 5px; max-width: 100%;\" src=\"\/\/www.slideshare.net\/slideshow\/embed_code\/key\/aTkZqKDLV7ROVr\" width=\"595\" height=\"485\" frameborder=\"0\" marginwidth=\"0\" marginheight=\"0\" scrolling=\"no\" allowfullscreen=\"allowfullscreen\" data-mce-fragment=\"1\"> <\/iframe><\/p>\n\n\n\n<p><\/p>","protected":false},"excerpt":{"rendered":"<p>SIS bietet Marktforschung und Strategieberatung im Bereich Bildungstechnologie. Sie identifizieren L\u00f6sungen innerhalb der EdTech-Forschung und -Beratung.<\/p>","protected":false},"author":1,"featured_media":62659,"parent":14457,"menu_order":18,"comment_status":"closed","ping_status":"closed","template":"","meta":{"footnotes":""},"class_list":["post-27873","page","type-page","status-publish","has-post-thumbnail"],"_links":{"self":[{"href":"https:\/\/www.sisinternational.com\/de\/wp-json\/wp\/v2\/pages\/27873","targetHints":{"allow":["GET"]}}],"collection":[{"href":"https:\/\/www.sisinternational.com\/de\/wp-json\/wp\/v2\/pages"}],"about":[{"href":"https:\/\/www.sisinternational.com\/de\/wp-json\/wp\/v2\/types\/page"}],"author":[{"embeddable":true,"href":"https:\/\/www.sisinternational.com\/de\/wp-json\/wp\/v2\/users\/1"}],"replies":[{"embeddable":true,"href":"https:\/\/www.sisinternational.com\/de\/wp-json\/wp\/v2\/comments?post=27873"}],"version-history":[{"count":6,"href":"https:\/\/www.sisinternational.com\/de\/wp-json\/wp\/v2\/pages\/27873\/revisions"}],"predecessor-version":[{"id":79957,"href":"https:\/\/www.sisinternational.com\/de\/wp-json\/wp\/v2\/pages\/27873\/revisions\/79957"}],"up":[{"embeddable":true,"href":"https:\/\/www.sisinternational.com\/de\/wp-json\/wp\/v2\/pages\/14457"}],"wp:featuredmedia":[{"embeddable":true,"href":"https:\/\/www.sisinternational.com\/de\/wp-json\/wp\/v2\/media\/62659"}],"wp:attachment":[{"href":"https:\/\/www.sisinternational.com\/de\/wp-json\/wp\/v2\/media?parent=27873"}],"curies":[{"name":"wp","href":"https:\/\/api.w.org\/{rel}","templated":true}]}}