{"id":27866,"date":"2018-09-11T05:08:35","date_gmt":"2018-09-11T05:08:35","guid":{"rendered":"https:\/\/www.sisinternational.com\/?page_id=27866"},"modified":"2025-09-03T18:51:14","modified_gmt":"2025-09-03T22:51:14","slug":"mandarin-chinesisch-ubersetzung-und-transkription","status":"publish","type":"page","link":"https:\/\/www.sisinternational.com\/de\/losungen\/ubersetzung-und-transkription\/mandarin-chinesisch-ubersetzung-und-transkription\/","title":{"rendered":"Mandarin-Chinesisch \u00dcbersetzung und Transkription"},"content":{"rendered":"<h1 class=\"wp-block-heading p1\"><span class=\"s1\">Mandarin-Chinesisch \u00dcbersetzung und Transkription<\/span><\/h1>\n\n\n\n<figure class=\"gb-block-image gb-block-image-702ace61\"><img loading=\"lazy\" decoding=\"async\" width=\"1456\" height=\"816\" class=\"gb-image gb-image-702ace61\" src=\"https:\/\/www.sisinternational.com\/wp-content\/uploads\/2025\/09\/Market-Entry-Consulting-in-China-4.jpg\" alt=\"SIS International Marktforschung &amp; Strategie\" title=\"Market Entry Consulting in China (4)\" srcset=\"https:\/\/www.sisinternational.com\/wp-content\/uploads\/2025\/09\/Market-Entry-Consulting-in-China-4.jpg 1456w, https:\/\/www.sisinternational.com\/wp-content\/uploads\/2025\/09\/Market-Entry-Consulting-in-China-4-300x168.jpg 300w, https:\/\/www.sisinternational.com\/wp-content\/uploads\/2025\/09\/Market-Entry-Consulting-in-China-4-1024x574.jpg 1024w, https:\/\/www.sisinternational.com\/wp-content\/uploads\/2025\/09\/Market-Entry-Consulting-in-China-4-768x430.jpg 768w, https:\/\/www.sisinternational.com\/wp-content\/uploads\/2025\/09\/Market-Entry-Consulting-in-China-4-18x10.jpg 18w\" sizes=\"auto, (max-width: 1456px) 100vw, 1456px\"><\/figure>\n\n\n\n<p><\/p>\n\n\n\n<hr class=\"wp-block-separator has-alpha-channel-opacity is-style-dots\"\/>\n\n\n\n<p class=\"p2\"><span class=\"s1\">Etwa 161.000 Menschen der Weltbev\u00f6lkerung sprechen Chinesisch als Muttersprache. Das sind fast 1,2 Milliarden Menschen. Fast eine Milliarde Menschen sprechen Mandarin, die h\u00e4ufigste Variante. Hochchinesisch ist der Mandarin-Dialekt von Peking. Es ist Chinas Amtssprache. Die Vereinten Nationen erkennen es als Amtssprache an. Hochchinesisch genie\u00dft in Taiwan, Singapur, Hongkong und Macau den Status einer Amtssprache.<\/span><\/p>\n\n\n\n<h2 class=\"wp-block-heading p3\"><span class=\"s1\">Wirtschaftliche Bedeutung des mandarinsprachigen China<\/span><\/h2>\n\n\n\n<p class=\"p4\"><span class=\"s1\">China ist derzeit die am schnellsten wachsende Volkswirtschaft der Welt. Es ist die zweitgr\u00f6\u00dfte Volkswirtschaft der Welt. \u201eMade in China\u201c ist eine Tatsache. China ist zur Fabrik der Welt geworden und steigt in der technologischen Nahrungskette auf. Chinesischkenntnisse k\u00f6nnen Bewerbern bei Vorstellungsgespr\u00e4chen einen Vorteil verschaffen. \u00dcberall auf der Welt gibt es gro\u00dfe chinesische Gemeinden. Die Beherrschung der Sprache kann Unternehmen einen Wettbewerbsvorteil verschaffen.<\/span><\/p>\n\n\n\n<p class=\"p2\"><span class=\"s1\">The Chinese business segment encompasses everything. China produces engineers, IT specialists, pharmaceuticals, technology, automobiles, and consumer goods. The Chinese business segment is a goliath in the international world of business. Being able to communicate with the major players in the Chinese language is crucial. It can help establish a company as a leader in any field. China is a role-player that will continue to strengthen and expand. Fluency in Mandarin is an essential component for the future <a href=\"https:\/\/www.sisinternational.com\/de\/predictive-analytics\/\" title=\"Predictive Analytics: Your Crystal Ball for Business Success\"  data-wpil-monitor-id=\"6154\">success of any business<\/a>.<\/span><\/p>\n\n\n\n<h2 class=\"wp-block-heading p3\"><span class=\"s1\">Was ist Transkription?<\/span><\/h2>\n\n\n\n<p class=\"p4\"><span class=\"s1\">Knowledge of Mandarin is the best practice. However, <a href=\"https:\/\/www.sisinternational.com\/de\/losungen\/ubersetzung-und-transkription\/deutsche-ubersetzungs-und-transkriptionsdienste\/\" title=\"Deutsche \u00dcbersetzungs- und Transkriptionsdienste\"  data-wpil-monitor-id=\"6151\">transcription and translation services<\/a> are a viable alternative. Transcription is the conversion of spoken words into writing. Here at SIS Research, we can take your Chinese audio file and transcribe it into words in a document. We also do direct translation. In this scenario, we transcribe the words from your audio file into English.<\/span><\/p>\n\n\n\n<p class=\"p2\"><span class=\"s1\">So what\u2019s the difference between <a href=\"https:\/\/www.sisinternational.com\/de\/losungen\/ubersetzung-und-transkription\/spanische-ubersetzungs-und-transkriptionsdienste\/\" title=\"Spanische \u00dcbersetzung und Transkription\"  data-wpil-monitor-id=\"6155\">transcription and translation<\/a>? Transcriptionists make a written file from spoken words. Translators convert those words into another language. For example, we offer transcription services. We take your Chinese speeches, interviews, and other audio files, and write each word in a document. However, our Mandarin to English transcription is, in essence, a translation service. With this type of transcription, we convert the spoken words into another language.<\/span><\/p>\n\n\n\n<h2 class=\"wp-block-heading p3\"><span class=\"s1\">Transkription Mandarin-Mandarin<\/span><\/h2>\n\n\n\n<p class=\"p2\"><span class=\"s1\">Documentation of meetings is becoming an essential feature of international commerce. Accuracy and speech to text quality are crucial to business service users. Our transcription team helps organizations from small-scale enterprises to top-tier multinationals. We offer <a href=\"https:\/\/www.sisinternational.com\/de\/losungen\/fintech-strategieberatung-forschung\/marktforschung-fur-die-finanzdienstleistungsbranche\/\" title=\"Marktforschung f\u00fcr die Finanzdienstleistungsbranche\"  data-wpil-monitor-id=\"6152\">services across a wide range of industries<\/a>. These <a href=\"https:\/\/www.sisinternational.com\/de\/losungen\/ai-marktforschung-und-strategieberatung\/technologie-industrie-automatisierung-kunstliche-intelligenz-beratung\/\" title=\"Beratung zur Automatisierung der Technologiebranche und zu k\u00fcnstlicher Intelligenz\"  data-wpil-monitor-id=\"6153\">industries include technology<\/a>, fund management, education, consultancy, and investment holdings.<\/span><\/p>\n\n\n\n<h2 class=\"wp-block-heading p3\"><span class=\"s1\">Transkription von Mandarin nach Englisch<\/span><\/h2>\n\n\n\n<figure class=\"gb-block-image gb-block-image-0af61bb9\"><img loading=\"lazy\" decoding=\"async\" width=\"1456\" height=\"816\" class=\"gb-image gb-image-0af61bb9\" src=\"https:\/\/www.sisinternational.com\/wp-content\/uploads\/2025\/09\/Market-Entry-Consulting-in-China-2.jpg\" alt=\"SIS International Marktforschung &amp; Strategie\" title=\"Market Entry Consulting in China (2)\" srcset=\"https:\/\/www.sisinternational.com\/wp-content\/uploads\/2025\/09\/Market-Entry-Consulting-in-China-2.jpg 1456w, https:\/\/www.sisinternational.com\/wp-content\/uploads\/2025\/09\/Market-Entry-Consulting-in-China-2-300x168.jpg 300w, https:\/\/www.sisinternational.com\/wp-content\/uploads\/2025\/09\/Market-Entry-Consulting-in-China-2-1024x574.jpg 1024w, https:\/\/www.sisinternational.com\/wp-content\/uploads\/2025\/09\/Market-Entry-Consulting-in-China-2-768x430.jpg 768w, https:\/\/www.sisinternational.com\/wp-content\/uploads\/2025\/09\/Market-Entry-Consulting-in-China-2-18x10.jpg 18w\" sizes=\"auto, (max-width: 1456px) 100vw, 1456px\"><\/figure>\n\n\n\n<p><\/p>\n\n\n\n<p class=\"p4\"><span class=\"s1\">Seit dem 17. Jahrhundert haben Linguisten mit der Mandarin-Sprache zu k\u00e4mpfen. Sie haben mehr als zwei Dutzend Versuche unternommen, Parallelen zu westlichen Sprachen zu schaffen. Diese Aufgabe ist m\u00fchsam, da die Chinesen Symbole verwenden, um W\u00f6rter darzustellen. Sie verwenden keine Buchstaben wie die Westler. Chinesisch ist eine komplizierte Sprache. Wir besch\u00e4ftigen jedoch Transkriptionisten, die beide Sprachen flie\u00dfend beherrschen. Diese Vorgehensweise stellt die Genauigkeit Ihrer \u00dcbersetzung sicher.<\/span><\/p>\n\n\n\n<p class=\"p2\"><span class=\"s1\">Wir besch\u00e4ftigen uns mit allgemeiner Transkription. Die wesentlichen F\u00e4higkeiten f\u00fcr allgemeine Transkription sind m\u00fcndliches und schriftliches Verst\u00e4ndnis. Wir stellen sicher, dass unsere Transkriptionisten intelligent, gute Zuh\u00f6rer, verantwortungsbewusst und informiert sind. Sie verf\u00fcgen \u00fcber ausgezeichnete Rechtschreib- und Grammatikkenntnisse. Die Nachfrage nach dieser Kategorie ist gestiegen. Dieser Anstieg ist auf die Globalisierung der Unternehmen in beispiellosem Tempo zur\u00fcckzuf\u00fchren.<\/span><\/p>\n\n\n\n<h2 class=\"wp-block-heading p3\"><span class=\"s1\">Bedeutung kultureller Nuancen bei Transkription und \u00dcbersetzung<\/span><\/h2>\n\n\n\n<p class=\"p4\"><span class=\"s1\">Transkription umfasst weit mehr als das \u00dcbertragen von W\u00f6rtern von einer Sprache in eine andere. Es gibt zwar Computertranskriptionen, aber keine Software kann kulturelle Nuancen ber\u00fccksichtigen. Linguisten werden oft mit Redewendungen, Umgangssprache und dergleichen konfrontiert. Der Transkriptionist sollte beide Sprachen flie\u00dfend beherrschen, um kulturelle Fauxpas zu vermeiden. Bei SIS Research l\u00f6sen wir dieses Problem f\u00fcr Sie. <\/span><\/p>\n\n\n\n<p class=\"p4\"><span class=\"s1\"><a href=\"https:\/\/www.sisinternational.com\/de\/losungen\/ubersetzung-und-transkription\/\" title=\"\u00dcbersetzungs- und Transkriptionsdienste\"  data-wpil-monitor-id=\"6156\">Transcription is a hybrid of translation<\/a> and interpretation. Our linguists have all the skills required for accurate transcription. They are familiar with various Mandarin accents. They also have excellent listening comprehension skills. We ensure that they pay keen attention to detail. They must also have a strong command of colloquialism in both languages. Your business dealings are too sensitive to take chances with transcription and translation. Let SIS Research handle these aspects of your commerce. You can then focus on doing what it takes to make your business successful. <span class=\"Apple-converted-space\">&nbsp;<\/span><\/span><\/p>\n\n\n\n<h2 class=\"wp-block-heading\">Unser Standort in New York<\/h2>\n\n\n\n<p>\n\n\n\n<iframe loading=\"lazy\" src=\"https:\/\/www.google.com\/maps\/embed?pb=!1m18!1m12!1m3!1d3022.976188376966!2d-73.99130312499956!3d40.740549471389315!2m3!1f0!2f0!3f0!3m2!1i1024!2i768!4f13.1!3m3!1m2!1s0x89c259a15798c731%3A0xd695d09bdd495f25!2s11%20E%2022nd%20St%20FL%202%2C%20New%20York%2C%20NY%2010010%2C%20USA!5e0!3m2!1sen!2spe!4v1726171763526!5m2!1sen!2spe\" width=\"600\" height=\"450\" allowfullscreen=\"allowfullscreen\" data-mce-fragment=\"1\"><\/iframe>\n\n\n\n<\/p>\n\n\n\n<h3 class=\"wp-block-heading\">11 E 22nd Street, Floor 2, New York, NY 10010 T: +1(212) 505-6805<\/h3>\n\n\n\n<hr class=\"wp-block-separator has-alpha-channel-opacity\"\/>\n\n\n\n<h2 class=\"wp-block-heading\"><span style=\"font-weight: 400;\">\u00dcber SIS International<\/span><\/h2>\n\n\n\n<p><a href=\"https:\/\/www.sisinternational.com\/de\/\"><span style=\"font-weight: 400;\">SIS International<\/span><\/a><span style=\"font-weight: 400;\"> offers Quantitative, Qualitative, and Strategy Research. We provide data, tools, strategies, reports, and insights for decision-making. We also conduct interviews, surveys, focus groups, and other <a href=\"https:\/\/www.sisinternational.com\/de\/quantitative-market-research-methods-and-techniques\/\" title=\"Quantitative Market Research Methods and Techniques\"  data-wpil-monitor-id=\"6150\">Market Research methods<\/a> and approaches.<\/span><a href=\"https:\/\/www.sisinternational.com\/de\/uber-sis-international-research\/contact-sis-international-market-research\/\"><span style=\"font-weight: 400;\"> Kontakt<\/span><\/a><span style=\"font-weight: 400;\"> f\u00fcr Ihr n\u00e4chstes Marktforschungsprojekt.<\/span><\/p>\n\n\n\n<p>&nbsp;<\/p>","protected":false},"excerpt":{"rendered":"<p>Mandarin-Chinesisch ist die weltweit am h\u00e4ufigsten gesprochene Sprache. Erfahren Sie mehr \u00fcber die \u00dcbersetzungs- und Transkriptionsdienste von SIS f\u00fcr Mandarin-Chinesisch.<\/p>","protected":false},"author":1,"featured_media":65710,"parent":27891,"menu_order":2,"comment_status":"closed","ping_status":"closed","template":"","meta":{"footnotes":""},"class_list":["post-27866","page","type-page","status-publish","has-post-thumbnail"],"_links":{"self":[{"href":"https:\/\/www.sisinternational.com\/de\/wp-json\/wp\/v2\/pages\/27866","targetHints":{"allow":["GET"]}}],"collection":[{"href":"https:\/\/www.sisinternational.com\/de\/wp-json\/wp\/v2\/pages"}],"about":[{"href":"https:\/\/www.sisinternational.com\/de\/wp-json\/wp\/v2\/types\/page"}],"author":[{"embeddable":true,"href":"https:\/\/www.sisinternational.com\/de\/wp-json\/wp\/v2\/users\/1"}],"replies":[{"embeddable":true,"href":"https:\/\/www.sisinternational.com\/de\/wp-json\/wp\/v2\/comments?post=27866"}],"version-history":[{"count":5,"href":"https:\/\/www.sisinternational.com\/de\/wp-json\/wp\/v2\/pages\/27866\/revisions"}],"predecessor-version":[{"id":79754,"href":"https:\/\/www.sisinternational.com\/de\/wp-json\/wp\/v2\/pages\/27866\/revisions\/79754"}],"up":[{"embeddable":true,"href":"https:\/\/www.sisinternational.com\/de\/wp-json\/wp\/v2\/pages\/27891"}],"wp:featuredmedia":[{"embeddable":true,"href":"https:\/\/www.sisinternational.com\/de\/wp-json\/wp\/v2\/media\/65710"}],"wp:attachment":[{"href":"https:\/\/www.sisinternational.com\/de\/wp-json\/wp\/v2\/media?parent=27866"}],"curies":[{"name":"wp","href":"https:\/\/api.w.org\/{rel}","templated":true}]}}