{"id":27856,"date":"2018-09-11T03:42:51","date_gmt":"2018-09-11T03:42:51","guid":{"rendered":"https:\/\/www.sisinternational.com\/?page_id=27856"},"modified":"2026-03-22T03:04:10","modified_gmt":"2026-03-22T07:04:10","slug":"lernmanagementsysteme-lms-marktforschung","status":"publish","type":"page","link":"https:\/\/www.sisinternational.com\/de\/education-market-research\/lernmanagementsysteme-lms-marktforschung\/","title":{"rendered":"Marktforschung f\u00fcr Lernmanagementsysteme (LMS)"},"content":{"rendered":"<h1 class=\"wp-block-heading p1\"><span class=\"s1\">Marktforschung f\u00fcr Lernmanagementsysteme (LMS)<\/span><\/h1>\n\n\n\n<figure class=\"gb-block-image gb-block-image-9cca2400\"><img loading=\"lazy\" decoding=\"async\" width=\"1456\" height=\"816\" class=\"gb-image gb-image-9cca2400\" src=\"https:\/\/www.sisinternational.com\/wp-content\/uploads\/2025\/08\/Deep-learning-machine-learning-27.jpg\" srcset=\"https:\/\/www.sisinternational.com\/wp-content\/uploads\/2025\/08\/Deep-learning-machine-learning-27.jpg 1456w, https:\/\/www.sisinternational.com\/wp-content\/uploads\/2025\/08\/Deep-learning-machine-learning-27-300x168.jpg 300w, https:\/\/www.sisinternational.com\/wp-content\/uploads\/2025\/08\/Deep-learning-machine-learning-27-1024x574.jpg 1024w, https:\/\/www.sisinternational.com\/wp-content\/uploads\/2025\/08\/Deep-learning-machine-learning-27-768x430.jpg 768w, https:\/\/www.sisinternational.com\/wp-content\/uploads\/2025\/08\/Deep-learning-machine-learning-27-18x10.jpg 18w\" sizes=\"auto, (max-width: 1456px) 100vw, 1456px\" alt=\"SIS International Marktforschung &amp; Strategie\"><\/figure>\n\n\n\n<p><\/p>\n\n\n\n<p class=\"p2\"><span class=\"s2\">This era is exciting because everything is evolving. Almost all manual jobs are now fast-becoming computerized. One such task is classroom teaching. Educators no longer have to lecture school groups, or company employees face to face. The days of classroom discussions and handing out course materials are over. What is changing? People are teaching and learning via computer <a href=\"https:\/\/www.sisinternational.com\/de\/losungen\/fintech-strategieberatung-forschung\/fintech-programm-management-marktforschung-beratung\/\" title=\"FinTech Programm Management Marktforschung und Beratung\"  data-wpil-monitor-id=\"11082\">programs or LMS-Learning Management<\/a> Systems.<\/span><\/p>\n\n\n\n<h2 class=\"wp-block-heading p3\"><span class=\"s2\">Was ist ein LMS?<\/span><\/h2>\n\n\n\n<p class=\"p2\"><span class=\"s2\">LMS are computer software programs. Users can develop training programs and eLearning courses via the Internet for students. &nbsp;Using LMS can be very beneficial to both educators and students. They can choose from many different available applications based on specific requirements. Students learn at their own pace, with monitoring from trainers. Some well known LMS include Tutor, Moodle, and Google Classroom. Blackboard Learning System, eCollege, and WebCT are a few others.<\/span><\/p>\n\n\n\n<h2 class=\"wp-block-heading p3\"><span class=\"s2\">Wer nutzt es? Warum?<\/span><\/h2>\n\n\n\n<p class=\"p2\"><span class=\"s2\">Jeder, der Schulungen oder Unterricht anbietet, kann LMS verwenden. Es bietet viele Vorteile gegen\u00fcber der alten Lehr-\/Lernmethode. Die Hauptnutzer sind Hochschulen und Universit\u00e4ten. Auch Unternehmen verwenden LMS. Sie sind wertvoll f\u00fcr die Mitarbeiterschulung. Sie statten Mitarbeiter mit den notwendigen Werkzeugen aus, um ihre beruflichen Aufgaben zu erf\u00fcllen. LMS ist f\u00fcr viele die praktische Wahl, da es am aktuellsten und aktuellsten ist. Im Zeitalter des Computerlernens werden die Sch\u00fcler LMS-Verfahren wahrscheinlich schnell begreifen.<\/span><\/p>\n\n\n\n<h2 class=\"wp-block-heading p3\"><span class=\"s2\">Wie es funktioniert<\/span><\/h2>\n\n\n\n<p class=\"p2\"><span class=\"s2\">Generally, LMS allows users to design and manage courses.&nbsp; Professors and teachers can also upload pre-existing courses. Education institutions can distribute coursework and content rapidly to students and professors.&nbsp; Administration staff and teachers can give different levels of access to different people.&nbsp; Once enrollment is complete students have access to course content. Students can also access all other data regarding the completion of the program including the syllabus, teacher bios, course packs, and attachments. Learning Management Systems also allow students to upload assignments, quizzes, and exams.&nbsp; The course designer can generate reports based on students\u2019 performance and development, and efficiently and accurately distribute grading to students.<\/span><\/p>\n\n\n\n<p class=\"p2\"><span class=\"s2\">Offene Universit\u00e4ten, die Auslandskurse anbieten, verwenden LMS. Diese Lernsysteme verwenden ein dreiteiliges Anmeldesystem: Administrator, Lehrer und Sch\u00fcler. Ein Administrator erstellt den Kurs. Die Lehrer und Sch\u00fcler, die die Hauptnutzer sind, interagieren in Blogs und Foren. Der Lehrer kann auch die Online-Aktivit\u00e4ten der Sch\u00fcler verfolgen.<\/span><\/p>\n\n\n\n<h2 class=\"wp-block-heading p3\"><span class=\"s2\">Gelegenheiten<\/span><\/h2>\n\n\n\n<p class=\"p2\"><span class=\"s2\">Learning Management Systeme bieten Trainern und Lernenden viele M\u00f6glichkeiten. Sie sind auch eine hervorragende Ressource f\u00fcr die Unternehmen, die sie einsetzen.<\/span><\/p>\n\n\n\n<ul class=\"wp-block-list\">\n<li><span class=\"s2\">Studierende k\u00f6nnen gleichzeitig arbeiten und studieren.<\/span><\/li>\n\n\n\n<li><span class=\"s2\">Schulungen f\u00fcr Mitarbeiter \u2013 Lernen ist ganz einfach: nur einen Klick entfernt.<\/span><\/li>\n\n\n\n<li><span class=\"s2\">Professionelle Schulungen machen das Arbeitsteam effektiver. Die durch LMS eingesparte Zeit k\u00f6nnen Mitarbeiter in anderen gewinnbringenden Bereichen einsetzen.<\/span><\/li>\n\n\n\n<li><span class=\"s2\">Companies can <a href=\"https:\/\/www.sisinternational.com\/de\/losungen\/qualitative-quantitative-forschungslosungen\/padagogische-produkttests-fur-kinder-in-nyc\/\" title=\"P\u00e4dagogische Produkttests f\u00fcr Kinder in NYC\"  data-wpil-monitor-id=\"11083\">educate potential customers about products<\/a> and services. LMS offer the option of <a href=\"https:\/\/www.sisinternational.com\/de\/losungen\/marktforschungsunternehmen-mit-online-umfragen\/\" title=\"Online Umfrage Sampling Marktforschungsunternehmen\"  data-wpil-monitor-id=\"11081\">online quizzes and surveys<\/a> to make this process easier.<\/span><\/li>\n\n\n\n<li><span class=\"s2\">Die Verteilung von Kursinhalten an Studierende ist einfacher und effizienter. Universit\u00e4ten und Bildungseinrichtungen geben weniger Geld f\u00fcr Papier und Schulungsr\u00e4ume aus, wenn sie LMS verwenden.<\/span><\/li>\n\n\n\n<li><span class=\"s2\">Es sind zahlreiche Stellen als Administratoren, Kursdesigner, Trainer und Tutoren verf\u00fcgbar.<\/span><\/li>\n\n\n\n<li>Fortschritte im Cloud Computing haben die Qualit\u00e4t und Funktionalit\u00e4t von LMS-L\u00f6sungen dramatisch verbessert.<\/li>\n<\/ul>\n\n\n\n<h2 class=\"wp-block-heading p3\"><span class=\"s2\">Herausforderungen<\/span><\/h2>\n\n\n\n<p class=\"p2\"><span class=\"s2\">Auf der anderen Seite bringt LMS einige Herausforderungen mit sich. Diese Herausforderungen k\u00f6nnen Benutzer davon abhalten, diese Lehrmethode zu w\u00e4hlen. Hier sind einige davon:<\/span><\/p>\n\n\n\n<ul class=\"wp-block-list\">\n<li><span class=\"s2\">Ein Mangel an menschlichem Kontakt kann aufgrund des menschlichen Bed\u00fcrfnisses nach Geselligkeit zu Demotivation f\u00fchren.<\/span><\/li>\n\n\n\n<li><span class=\"s2\">Aufgrund des mangelnden Engagements k\u00f6nnen die Sch\u00fcler unmotiviert und gelangweilt werden.<\/span><\/li>\n\n\n\n<li><span class=\"s2\">Lack of <a href=\"https:\/\/www.sisinternational.com\/de\/losungen\/schwerpunktgruppen\/focus-group-on-personal-care-products\/\" title=\"Focus Group on Personal Care Products\"  data-wpil-monitor-id=\"11086\">focus<\/a> as students do some studies at home and in personal spaces.<\/span><\/li>\n<\/ul>\n\n\n\n<h2 class=\"wp-block-heading p3\"><span class=\"s2\">Usability-Tests<\/span><\/h2>\n\n\n\n<p class=\"p2\"><span class=\"s2\">LMS <a href=\"https:\/\/www.sisinternational.com\/de\/losungen\/branding-und-kundenforschungslosungen\/usability-tests-benutzer-ux-forschung\/\" title=\"Benutzermarktforschung und Usability-Tests\"  data-wpil-monitor-id=\"11080\">users conduct periodic Usability Tests<\/a> to ensure the integrity of the system. Willing test subjects must go through the entire process. Administrators, Course Designers, and even students must undergo sample testing. This <a href=\"https:\/\/www.sisinternational.com\/de\/losungen\/branding-und-kundenforschungslosungen\/produkttests-marktforschung\/fuhrendes-usability-marktforschungsunternehmen\/\" title=\"Usability testing Company\"  data-wpil-monitor-id=\"11084\">testing ensures that the process is usable<\/a> from beginning to end. Testers can identify glitches in the process that can make it unusable, and then file reports. These reports allow the Administrator to go back to the drawing board if necessary.<\/span><\/p>\n\n\n\n<p class=\"p2\"><span class=\"s2\">LMS-Systeme haben das Lernen neu definiert. Sie haben das Lernen aus den engen R\u00e4umen des Klassenzimmers herausgeholt. Da das Lernen jetzt im Internet stattfindet, ist es f\u00fcr jeden zug\u00e4nglicher.<\/span><\/p>\n\n\n\n<h2 class=\"wp-block-heading\">\u00dcber SIS EdTech Marktforschung und Beratung<\/h2>\n\n\n\n<p>SIS International <a href=\"https:\/\/www.sisinternational.com\/de\/abdeckung\/marktforschung-asien\/marktforschung-palau\/\" title=\"Marktforschung in Palau\"  data-wpil-monitor-id=\"4070\">Research conducts Market<\/a> Research, Data Collection, and Strategy Research for technology firms, start ups and Educational Institutions.&nbsp; We provide<\/p>\n\n\n\n<ul class=\"wp-block-list\">\n<li>Schwerpunktgruppen<\/li>\n\n\n\n<li>Usability-Tests<\/li>\n\n\n\n<li>Kundenbefragungen<\/li>\n\n\n\n<li>Einkauf &amp; Entscheiderforschung<\/li>\n\n\n\n<li>B2G-Marktforschung<\/li>\n\n\n\n<li>Strategische Forschung<\/li>\n\n\n\n<li>Wettbewerbsbewertungen<\/li>\n\n\n\n<li>Digital <a class=\"wpil_keyword_link\" href=\"https:\/\/www.sisinternational.com\/de\/losungen\/innovation\/\"   title=\"Innovationsforschung\" data-wpil-keyword-link=\"linked\"  data-wpil-monitor-id=\"462\">Innovationsforschung<\/a><\/li>\n\n\n\n<li>Strategic Market Opportunity, <a href=\"https:\/\/www.sisinternational.com\/de\/losungen\/strategieberatung\/markteintritts-machbarkeits-dimensionierungsstudien\/\" title=\"Markteintritts-, Machbarkeits- und Gr\u00f6\u00dfenstudien\"  data-wpil-monitor-id=\"11085\">Sizing and Entry<\/a> Assessments<\/li>\n<\/ul>\n\n\n\n<p><\/p>","protected":false},"excerpt":{"rendered":"<p>SIS EdTech bietet Marktforschung, Daten- und Strategieforschung f\u00fcr die Technologie- und Bildungsbranche. Erfahren Sie mehr \u00fcber die Marktforschung zu Lernmanagementsystemen.<\/p>","protected":false},"author":1,"featured_media":64405,"parent":84844,"menu_order":1,"comment_status":"closed","ping_status":"closed","template":"","meta":{"footnotes":""},"class_list":["post-27856","page","type-page","status-publish","has-post-thumbnail"],"_links":{"self":[{"href":"https:\/\/www.sisinternational.com\/de\/wp-json\/wp\/v2\/pages\/27856","targetHints":{"allow":["GET"]}}],"collection":[{"href":"https:\/\/www.sisinternational.com\/de\/wp-json\/wp\/v2\/pages"}],"about":[{"href":"https:\/\/www.sisinternational.com\/de\/wp-json\/wp\/v2\/types\/page"}],"author":[{"embeddable":true,"href":"https:\/\/www.sisinternational.com\/de\/wp-json\/wp\/v2\/users\/1"}],"replies":[{"embeddable":true,"href":"https:\/\/www.sisinternational.com\/de\/wp-json\/wp\/v2\/comments?post=27856"}],"version-history":[{"count":6,"href":"https:\/\/www.sisinternational.com\/de\/wp-json\/wp\/v2\/pages\/27856\/revisions"}],"predecessor-version":[{"id":81813,"href":"https:\/\/www.sisinternational.com\/de\/wp-json\/wp\/v2\/pages\/27856\/revisions\/81813"}],"up":[{"embeddable":true,"href":"https:\/\/www.sisinternational.com\/de\/wp-json\/wp\/v2\/pages\/84844"}],"wp:featuredmedia":[{"embeddable":true,"href":"https:\/\/www.sisinternational.com\/de\/wp-json\/wp\/v2\/media\/64405"}],"wp:attachment":[{"href":"https:\/\/www.sisinternational.com\/de\/wp-json\/wp\/v2\/media?parent=27856"}],"curies":[{"name":"wp","href":"https:\/\/api.w.org\/{rel}","templated":true}]}}