{"id":27829,"date":"2018-09-03T23:53:19","date_gmt":"2018-09-03T23:53:19","guid":{"rendered":"https:\/\/www.sisinternational.com\/?page_id=27829"},"modified":"2025-09-03T18:18:07","modified_gmt":"2025-09-03T22:18:07","slug":"spanische-ubersetzungs-und-transkriptionsdienste","status":"publish","type":"page","link":"https:\/\/www.sisinternational.com\/de\/losungen\/ubersetzung-und-transkription\/spanische-ubersetzungs-und-transkriptionsdienste\/","title":{"rendered":"Spanische \u00dcbersetzung und Transkription"},"content":{"rendered":"<h1 class=\"wp-block-heading p1\"><span class=\"s1\">Spanische \u00dcbersetzung und Transkription<\/span><\/h1>\n\n\n\n<figure class=\"gb-block-image gb-block-image-410ee2c0\"><img loading=\"lazy\" decoding=\"async\" width=\"1456\" height=\"816\" class=\"gb-image gb-image-410ee2c0\" src=\"https:\/\/www.sisinternational.com\/wp-content\/uploads\/2025\/09\/Spain-3.jpg\" alt=\"SIS International Marktforschung &amp; Strategie\" title=\"Spain (3)\" srcset=\"https:\/\/www.sisinternational.com\/wp-content\/uploads\/2025\/09\/Spain-3.jpg 1456w, https:\/\/www.sisinternational.com\/wp-content\/uploads\/2025\/09\/Spain-3-300x168.jpg 300w, https:\/\/www.sisinternational.com\/wp-content\/uploads\/2025\/09\/Spain-3-1024x574.jpg 1024w, https:\/\/www.sisinternational.com\/wp-content\/uploads\/2025\/09\/Spain-3-768x430.jpg 768w, https:\/\/www.sisinternational.com\/wp-content\/uploads\/2025\/09\/Spain-3-18x10.jpg 18w\" sizes=\"auto, (max-width: 1456px) 100vw, 1456px\"><\/figure>\n\n\n\n<p><\/p>\n\n\n\n<hr class=\"wp-block-separator has-alpha-channel-opacity is-style-dots\"\/>\n\n\n\n<p class=\"p2\"><span class=\"s1\">It&#8217;s not surprising that Spanish transcription services are in high demand. Spanish is the second most-spoken language in America. SIS International offers several different types of Spanish transcription services. Companies can make use of our Spanish-to-Spanish transcription services. We also provide Spanish-to-English <a href=\"https:\/\/www.sisinternational.com\/de\/losungen\/ubersetzung-und-transkription\/deutsche-ubersetzungs-und-transkriptionsdienste\/\" title=\"Deutsche \u00dcbersetzungs- und Transkriptionsdienste\"  data-wpil-monitor-id=\"6510\">transcription and document translation services<\/a>. Read on for more info about our Spanish transcription services.<\/span><\/p>\n\n\n\n<h2 class=\"wp-block-heading p3\"><span class=\"s1\">The Economic Power of Spanish-Speaking Countries<\/span><\/h2>\n\n\n\n<p class=\"p4\"><span class=\"s1\">Spanien ist weltweit das 14.<\/span><span class=\"s2\"><sup>th<\/sup><\/span><span class=\"s1\"> gr\u00f6\u00dfte Volkswirtschaft nach nominalem BIP. Es ist die f\u00fcnftgr\u00f6\u00dfte in der Europ\u00e4ischen Union. Es ist eines der f\u00fchrenden L\u00e4nder mit hohem Entwicklungsstand der Welt. Mehrere spanische Unternehmen haben sich den Ruf als glaubw\u00fcrdige multinationale Konzerne erworben. Dieser Status erm\u00f6glicht es ihnen, problemlos in den lateinamerikanischen L\u00e4ndern t\u00e4tig zu sein.<\/span><\/p>\n\n\n\n<p class=\"p2\"><span class=\"s1\">In Lateinamerika hat sich die wirtschaftliche Macht in den letzten Jahren nach Mexiko verlagert. Das Land hat die zweitgr\u00f6\u00dfte Volkswirtschaft der Region. Die Arbeitslosenquote liegt bei 3,5 Prozent, und die Lage auf dem Arbeitsmarkt verbessert sich weiter. Die \u201eAnden-Drei\u201c Kolumbien, Chile und Peru sind ebenfalls wirtschaftliche Kraftzentren. Diese L\u00e4nder verzeichnen einen Anstieg ausl\u00e4ndischer Direktinvestitionen. Experten erwarten, dass ihre Volkswirtschaften in den n\u00e4chsten Jahren sogar noch schneller wachsen werden als die Mexikos.<\/span><\/p>\n\n\n\n<h2 class=\"wp-block-heading p3\"><span class=\"s1\">Der Anstieg des hispanischen Bev\u00f6lkerungsanteils in den USA<\/span><\/h2>\n\n\n\n<figure class=\"gb-block-image gb-block-image-7b8487da\"><img loading=\"lazy\" decoding=\"async\" width=\"1456\" height=\"816\" class=\"gb-image gb-image-7b8487da\" src=\"https:\/\/www.sisinternational.com\/wp-content\/uploads\/2025\/08\/Online-focus-group-8-1.jpg\" alt=\"SIS International Marktforschung &amp; Strategie\" title=\"Online focus group (8)\" srcset=\"https:\/\/www.sisinternational.com\/wp-content\/uploads\/2025\/08\/Online-focus-group-8-1.jpg 1456w, https:\/\/www.sisinternational.com\/wp-content\/uploads\/2025\/08\/Online-focus-group-8-1-300x168.jpg 300w, https:\/\/www.sisinternational.com\/wp-content\/uploads\/2025\/08\/Online-focus-group-8-1-1024x574.jpg 1024w, https:\/\/www.sisinternational.com\/wp-content\/uploads\/2025\/08\/Online-focus-group-8-1-768x430.jpg 768w, https:\/\/www.sisinternational.com\/wp-content\/uploads\/2025\/08\/Online-focus-group-8-1-18x10.jpg 18w\" sizes=\"auto, (max-width: 1456px) 100vw, 1456px\"><\/figure>\n\n\n\n<p><\/p>\n\n\n\n<p class=\"p4\"><span class=\"s1\">Half of the national population growth since 2000 has been in the Latino community. The Latino segment has been the primary driver of US demographic growth. It is a sizable and growing part of the nation\u2019s population. Hispanics are the second largest ethnic groups. They are also the nation\u2019s second-fastest-growing ethnic group, after Asians.<\/span><\/p>\n\n\n\n<p class=\"p2\"><span class=\"s1\">It might be difficult for marketers to reach this target group using traditional methods. Almost a quarter of Hispanics speak only Spanish at home. A little more than half claim to speak English \u201cvery well.\u201d Thus, marketers need Spanish-language ads for effective marketing to US Hispanics. Company representatives may also have to sign contracts in the Spanish language. The same goes for leases and other documents, to accommodate Hispanic customers. It\u2019s easy to see how Spanish transcription is a valuable resource. Document translation services are also helpful. Both are necessary for marketing to this segment of the population.<\/span><\/p>\n\n\n\n<h2 class=\"wp-block-heading p3\"><span class=\"s1\">Was ist spanische Transkription?<\/span><\/h2>\n\n\n\n<p class=\"p4\"><span class=\"s1\">Die Rolle eines Transkriptors l\u00e4sst sich am einfachsten wie folgt beschreiben: Er schreibt auf, was jemand anderes sagt. Er nimmt vor der Abgabe kleinere \u00c4nderungen am Text vor. Bei der Transkription ist die Schreibgeschwindigkeit wichtig, wobei 75 W\u00f6rter pro Minute ideal sind. Der Industriestandard liegt bei mindestens 4-5 Stunden f\u00fcr die Transkription einer einst\u00fcndigen Audio- oder Videodatei.<\/span><\/p>\n\n\n\n<p class=\"p2\"><span class=\"s1\">Transkriptoren \u00fcbertragen Reden, Interviews und Besprechungen in Textdateien. Anw\u00e4lte, \u00c4rzte und verschiedene Unternehmen verwenden Transkription als unverzichtbares Werkzeug. Weitere Branchen, die Transkriptionsdienste nutzen, sind Technologie, Finanzen und Fertigung. Auch Marketing, Gesundheit und Regierung sind h\u00e4ufige Nutzer. Benutzer k\u00f6nnen Informationen weitergeben, die zuerst in gesprochener Form \u00fcbermittelt wurden. Transkription ist auch zum Indizieren und Abrufen von Daten n\u00fctzlich.<\/span><\/p>\n\n\n\n<h2 class=\"wp-block-heading p3\"><span class=\"s1\">\u00dcber die spanische Transkription<\/span><\/h2>\n\n\n\n<p class=\"p4\"><span class=\"s1\">F\u00fcr viele Unternehmen und Kleinbetriebe sind ausgelagerte Transkriptionsdienste die beste Option. Der zu zahlende Betrag h\u00e4ngt von Faktoren wie der angegebenen Frist, der L\u00e4nge der Datei, der Audioqualit\u00e4t, davon ab, ob der Kunde eine Zeitcodierung w\u00fcnscht und ob eine w\u00f6rtliche \u00dcbersetzung erforderlich ist.&nbsp;<\/span><\/p>\n\n\n\n<p class=\"p4\"><span class=\"s1\">Unsere Transkriptionisten k\u00f6nnen w\u00f6rtlich transkribieren, mehrere Sprecher verfolgen oder Zeitcodes und Stempel hinzuf\u00fcgen. Egal, ob Ihre Sprecher aus Mexiko, Spanien, Lateinamerika oder der Karibik kommen, wir sind f\u00fcr Sie da. Wir sind Spezialisten f\u00fcr die Transkription von Spanisch nach Spanisch. Wir sind ebenso Experten f\u00fcr die Transkription von Spanisch nach Englisch und bieten Dokument\u00fcbersetzungsdienste an.<\/span><\/p>\n\n\n\n<p class=\"p4\"><span class=\"s1\">Wir bieten menschliche Transkriptionsdienste an. Unsere \u00dcbersetzer entschl\u00fcsseln Fachjargon, subtile Hinweise, Slang und starke Akzente. Menschen sind auch effektiver bei der Transkription mehrerer Sprecher. Dar\u00fcber hinaus filtern sie Hintergrundger\u00e4usche heraus. Menschliche Transkription ist Maschinen in jedem Bereich \u00fcberlegen, au\u00dfer in puncto Kosten und Geschwindigkeit.<\/span><\/p>\n\n\n\n<h2 class=\"wp-block-heading\">Unser Standort in New York<\/h2>\n\n\n\n<p>\n\n\n\n<iframe loading=\"lazy\" src=\"https:\/\/www.google.com\/maps\/embed?pb=!1m18!1m12!1m3!1d3022.976188376966!2d-73.99130312499956!3d40.740549471389315!2m3!1f0!2f0!3f0!3m2!1i1024!2i768!4f13.1!3m3!1m2!1s0x89c259a15798c731%3A0xd695d09bdd495f25!2s11%20E%2022nd%20St%20FL%202%2C%20New%20York%2C%20NY%2010010%2C%20USA!5e0!3m2!1sen!2spe!4v1726171763526!5m2!1sen!2spe\" width=\"600\" height=\"450\" allowfullscreen=\"allowfullscreen\" data-mce-fragment=\"1\"><\/iframe>\n\n\n\n<\/p>\n\n\n\n<h3 class=\"wp-block-heading\">11 E 22nd Street, Floor 2, New York, NY 10010 T: +1(212) 505-6805<\/h3>\n\n\n\n<hr class=\"wp-block-separator has-alpha-channel-opacity\"\/>\n\n\n\n<h2 class=\"wp-block-heading\"><span style=\"font-weight: 400;\">\u00dcber SIS International<\/span><\/h2>\n\n\n\n<p><a href=\"https:\/\/www.sisinternational.com\/de\/\"><span style=\"font-weight: 400;\">SIS International<\/span><\/a><span style=\"font-weight: 400;\"> bietet quantitative, qualitative und strategische Forschung an. Wir liefern Daten, Tools, Strategien, Berichte und Erkenntnisse zur Entscheidungsfindung. Wir f\u00fchren auch Interviews, Umfragen, Fokusgruppen und andere Methoden und Ans\u00e4tze der Marktforschung durch.<\/span><a href=\"https:\/\/www.sisinternational.com\/de\/uber-sis-international-research\/contact-sis-international-market-research\/\"><span style=\"font-weight: 400;\"> Kontakt<\/span><\/a><span style=\"font-weight: 400;\"> f\u00fcr Ihr n\u00e4chstes Marktforschungsprojekt.<\/span><\/p>\n\n\n\n<p><\/p>","protected":false},"excerpt":{"rendered":"<p>SIS International Research bietet pr\u00e4zise, reaktionsschnelle und schnelle \u00dcbersetzungs- und Transkriptionsdienste f\u00fcr Spanisch. Erfahren Sie mehr \u00fcber Spanisch\u00fcbersetzungen.<\/p>","protected":false},"author":1,"featured_media":65881,"parent":27891,"menu_order":1,"comment_status":"closed","ping_status":"closed","template":"","meta":{"footnotes":""},"class_list":["post-27829","page","type-page","status-publish","has-post-thumbnail"],"_links":{"self":[{"href":"https:\/\/www.sisinternational.com\/de\/wp-json\/wp\/v2\/pages\/27829","targetHints":{"allow":["GET"]}}],"collection":[{"href":"https:\/\/www.sisinternational.com\/de\/wp-json\/wp\/v2\/pages"}],"about":[{"href":"https:\/\/www.sisinternational.com\/de\/wp-json\/wp\/v2\/types\/page"}],"author":[{"embeddable":true,"href":"https:\/\/www.sisinternational.com\/de\/wp-json\/wp\/v2\/users\/1"}],"replies":[{"embeddable":true,"href":"https:\/\/www.sisinternational.com\/de\/wp-json\/wp\/v2\/comments?post=27829"}],"version-history":[{"count":5,"href":"https:\/\/www.sisinternational.com\/de\/wp-json\/wp\/v2\/pages\/27829\/revisions"}],"predecessor-version":[{"id":80092,"href":"https:\/\/www.sisinternational.com\/de\/wp-json\/wp\/v2\/pages\/27829\/revisions\/80092"}],"up":[{"embeddable":true,"href":"https:\/\/www.sisinternational.com\/de\/wp-json\/wp\/v2\/pages\/27891"}],"wp:featuredmedia":[{"embeddable":true,"href":"https:\/\/www.sisinternational.com\/de\/wp-json\/wp\/v2\/media\/65881"}],"wp:attachment":[{"href":"https:\/\/www.sisinternational.com\/de\/wp-json\/wp\/v2\/media?parent=27829"}],"curies":[{"name":"wp","href":"https:\/\/api.w.org\/{rel}","templated":true}]}}