{"id":27826,"date":"2018-09-03T22:36:10","date_gmt":"2018-09-03T22:36:10","guid":{"rendered":"https:\/\/www.sisinternational.com\/?page_id=27826"},"modified":"2026-03-22T03:04:38","modified_gmt":"2026-03-22T07:04:38","slug":"marktforschung-im-bereich-bildungstechnologie","status":"publish","type":"page","link":"https:\/\/www.sisinternational.com\/de\/education-market-research\/marktforschung-im-bereich-bildungstechnologie\/","title":{"rendered":"Marktforschung f\u00fcr Bildungstechnologien"},"content":{"rendered":"<h1 class=\"wp-block-heading\">Marktforschung f\u00fcr Bildungstechnologien<\/h1>\n\n\n\n<figure class=\"gb-block-image gb-block-image-7536a234\"><img loading=\"lazy\" decoding=\"async\" width=\"1456\" height=\"816\" class=\"gb-image gb-image-7536a234\" src=\"https:\/\/www.sisinternational.com\/wp-content\/uploads\/2025\/08\/Education-4.jpg\" alt=\"SIS International Marktforschung &amp; Strategie\" title=\"Education (4)\" srcset=\"https:\/\/www.sisinternational.com\/wp-content\/uploads\/2025\/08\/Education-4.jpg 1456w, https:\/\/www.sisinternational.com\/wp-content\/uploads\/2025\/08\/Education-4-300x168.jpg 300w, https:\/\/www.sisinternational.com\/wp-content\/uploads\/2025\/08\/Education-4-1024x574.jpg 1024w, https:\/\/www.sisinternational.com\/wp-content\/uploads\/2025\/08\/Education-4-768x430.jpg 768w, https:\/\/www.sisinternational.com\/wp-content\/uploads\/2025\/08\/Education-4-18x10.jpg 18w\" sizes=\"auto, (max-width: 1456px) 100vw, 1456px\"><\/figure>\n\n\n\n<p><\/p>\n\n\n\n<h2 class=\"wp-block-heading p2\"><span class=\"s1\">Unter Bildungstechnologie oder \u201eEdTech\u201c versteht man den Einsatz von Werkzeugen zur Vereinfachung und Verbesserung des Lernens. <\/span><\/h2>\n\n\n\n<p class=\"p2\"><span class=\"s1\">EdTech er\u00f6ffnet v\u00f6llig neue M\u00f6glichkeiten im Bildungsbereich.&nbsp;<\/span><span class=\"s1\">Mit Bildungstechnologie sind die M\u00f6glichkeiten endlos. Die Branche entwickelt immer mehr Ressourcen, Tools, Dienste und Anwendungen. Diese Ressourcen kommen sowohl P\u00e4dagogen als auch der Lerngemeinschaft zugute. <\/span><\/p>\n\n\n\n<p class=\"p2\"><span class=\"s1\">Beispiele f\u00fcr M\u00f6glichkeiten in diesem Bereich sind:<\/span><\/p>\n\n\n\n<ul class=\"wp-block-list\">\n<li><span class=\"s1\">Schulen integrieren jetzt Technologie in ihre Lehrpl\u00e4ne. Sie brauchen Personen, die diese neuen Programme planen und umsetzen k\u00f6nnen. Es er\u00f6ffnen sich Stellenangebote wie Computerlehrer und Kursdesigner.<\/span><\/li>\n\n\n\n<li><span class=\"s1\">Unternehmen ben\u00f6tigen Trainer, Designer und Evaluatoren, um allt\u00e4gliche Leistungsprobleme zu l\u00f6sen. Diese Mitarbeiter k\u00f6nnen auch Mitarbeiter testen und Workshops durchf\u00fchren.<\/span><\/li>\n\n\n\n<li><span class=\"s1\">Unternehmen f\u00fcr Unterrichtsgestaltung ben\u00f6tigen Mitarbeiter f\u00fcr die Entwicklung von Kursmaterialien, Lehrpl\u00e4nen und Software.<\/span><\/li>\n\n\n\n<li><span class=\"s1\">Das Milit\u00e4r ben\u00f6tigt Bildungstechnologen f\u00fcr Trainingsprogramme, um Handb\u00fccher zu erstellen. Sie k\u00f6nnen auch Lehrpl\u00e4ne planen und Software entwickeln.<\/span><\/li>\n<\/ul>\n\n\n\n<h2 class=\"wp-block-heading p6\"><span class=\"s1\">Innovative Lernl\u00f6sungen<\/span><\/h2>\n\n\n\n<p class=\"p5\"><span class=\"s1\">In this high tech world, educators need to find innovative ways of teaching. <a class=\"wpil_keyword_link\" href=\"https:\/\/www.sisinternational.com\/de\/losungen\/bildungstechnologie-edtech-losungen\/\"   title=\"L\u00f6sungen f\u00fcr Bildungstechnologie (EdTech)\" data-wpil-keyword-link=\"linked\"  data-wpil-monitor-id=\"463\">EdTech<\/a> equips students with the tools necessary to meet the future world. That world will be very different from the one students know now. The challenge is the various paces at which children learn and their different skills. Thus educators have to hone in on each child\u2019s unique interests, needs, and strengths. Some schools have begun uploading assignments to the Internet. Students can then download these assignments at home. Tablets are now an item on the required list of learning materials for classrooms.<\/span><\/p>\n\n\n\n<h2 class=\"wp-block-heading p6\"><span class=\"s1\">Adaptives Lernen<\/span><\/h2>\n\n\n\n<p class=\"p5\"><span class=\"s1\">Adaptive <a href=\"https:\/\/www.sisinternational.com\/de\/losungen\/bildungstechnologie-edtech-losungen\/lernmanagementsysteme-lms-marktforschung\/\" title=\"Marktforschung f\u00fcr Lernmanagementsysteme (LMS)\"  data-wpil-monitor-id=\"11092\">learning is a computer-based educational system<\/a>. This system delivers customized resources based on a learner\u2019s specific needs. The system bases the customized delivery on analysis. The US Government endorses this method of teaching, as it is very beneficial. Students are better able to understand their capabilities. Teachers can also have a better idea of the different stages at which children learn. This analysis is faster than the personal one on one interaction.<\/span><\/p>\n\n\n\n<h2 class=\"wp-block-heading p6\"><span class=\"s1\">erweiterte Realit\u00e4t<\/span><\/h2>\n\n\n\n<p class=\"p5\"><span class=\"s1\">Augmented Reality (AR) ist eine weitere EdTech-Methode. Dabei wird ein computergeneriertes Bild in die Sicht des Benutzers auf die reale Welt gelegt und so eine verschmolzene Perspektive geschaffen. Diese Methode macht das Lernen spannender und unterhaltsamer. AR wird auf allen Bildungsebenen eingesetzt: von der Vorschule bis zur Hochschule und sogar am Arbeitsplatz. Lernende werden sowohl im Klassenzimmer als auch au\u00dferhalb davon unterrichtet.<\/span><\/p>\n\n\n\n<h2 class=\"wp-block-heading p6\"><span class=\"s1\">Digitale Lehrb\u00fccher<\/span><\/h2>\n\n\n\n<p class=\"p2\"><span class=\"s1\">Sch\u00fcler k\u00f6nnen digitale Lehrb\u00fccher als Unterrichtsmaterial verwenden. Diese Lehrb\u00fccher werden auch als E-Texte oder E-Lehrb\u00fccher bezeichnet. Sie sind ein wichtiger Bestandteil der Bildungstechnologie. Die Implementierung von E-Texten im Klassenzimmer hat ihre Vor- und Nachteile. Der Hauptvorteil von E-Texten besteht darin, dass sie das Problem der hohen Preise gedruckter Lehrb\u00fccher gel\u00f6st haben. Sie verringern den wirtschaftlichen Druck auf Sch\u00fcler und Eltern. P\u00e4dagogen k\u00f6nnen einen PDF-Text kostenlos mit Hunderten von Sch\u00fclern teilen.<\/span><\/p>\n\n\n\n<p class=\"p5\"><span class=\"s1\">Der Nachteil digitaler Lehrb\u00fccher besteht darin, dass manche Schulb\u00fccher online genauso teuer sein k\u00f6nnen. Au\u00dferdem sind sie m\u00f6glicherweise nicht im ben\u00f6tigten digitalen Format verf\u00fcgbar und E-Books k\u00f6nnen nicht verliehen oder weiterverkauft werden.<\/span><\/p>\n\n\n\n<h2 class=\"wp-block-heading p6\"><span class=\"s1\">Fernunterricht<\/span><\/h2>\n\n\n\n<p class=\"p5\"><span class=\"s1\">Fernunterricht ist eine weitere EdTech-Methode. P\u00e4dagogen k\u00f6nnen diese Methode verwenden, um Unterrichtspl\u00e4ne zu erstellen und Kursmaterialien bereitzustellen. Bei dieser Methode m\u00fcssen diese P\u00e4dagogen nie einen Fu\u00df in ein tats\u00e4chliches Klassenzimmer setzen. Hunderte von akkreditierten Colleges und Universit\u00e4ten weltweit verwenden die Methode des Fernunterrichts. Sie ist sehr vorteilhaft f\u00fcr Personen, die nicht die M\u00f6glichkeit haben, f\u00fcr ihre Ausbildung zu reisen. Sie k\u00f6nnen online Abschl\u00fcsse erwerben und dabei genauso erfolgreich sein, als ob sie an Pr\u00e4senzkursen teilnehmen w\u00fcrden.<\/span><\/p>\n\n\n\n<h2 class=\"wp-block-heading p6\"><span class=\"s1\">Differenziertes Lernen&nbsp; &nbsp;&nbsp;<\/span><\/h2>\n\n\n\n<p class=\"p7\"><span class=\"s1\">Differenzierung bedeutet, den Unterricht an spezifische Bed\u00fcrfnisse anzupassen. Mit dieser Methode reagieren Lehrer auf die Unterschiede zwischen den Sch\u00fclern im Klassenzimmer. Lehrer k\u00f6nnen damit mindestens vier Unterrichtselemente differenzieren. Diese Elemente sind Inhalt, Prozess, Produkte und Lernumgebung.<\/span><\/p>\n\n\n\n<p class=\"p4\"><span class=\"s1\">It\u2019s easy to see that EdTech levels the playing field for many students, who would have otherwise had a difficult time grasping concepts. It also makes things easier for parents and educators. Opportunities abound in the EdTech field, for computer software and hardware producers, and also for technical <a href=\"https:\/\/www.sisinternational.com\/de\/marketingstrategie-im-bildungsdienstleistungsbereich\/\" title=\"Marketingstrategie im Bildungsbereich\"  data-wpil-monitor-id=\"11091\">service providers and for educators<\/a>.<\/span><\/p>\n\n\n\n<h2 class=\"wp-block-heading\">\u00dcber SIS EdTech Market Research Solutions<\/h2>\n\n\n\n<p>SIS has over 30 years <a href=\"https:\/\/www.sisinternational.com\/de\/sachverstand\/branchen\/marktforschung-zum-kundenerlebnis-im-hotel\/\" title=\"Marktforschung zum Kundenerlebnis in Hotels\"  data-wpil-monitor-id=\"11088\">experience in the Education Market<\/a>.&nbsp; We provide <a href=\"https:\/\/www.sisinternational.com\/de\/nutzung-von-technologie-im-einzelhandel\/\" title=\"Marktforschung im Bereich Einzelhandelstechnologie\"  data-wpil-monitor-id=\"2746\">Market Research and Strategy<\/a> Consulting solutions to launch new products, assess the competitive landscape and satisfy stakeholder needs.&nbsp; In the Education Industry, there can be many stakeholders in decision making and purchasing decisions.&nbsp; We offer global <a href=\"https:\/\/www.sisinternational.com\/de\/\" title=\"Startseite\"  data-wpil-monitor-id=\"11087\">research and strategy<\/a> coverage to help you make your next project a success:<\/p>\n\n\n\n<ul class=\"wp-block-list\">\n<li>Normierungsstudien und Datenerhebung<\/li>\n\n\n\n<li><a href=\"https:\/\/www.sisinternational.com\/de\/so-fuhren-sie-eine-wettbewerbsanalyse-durch\/\" title=\"Wettbewerbsanalyse im Marketing\"  data-wpil-monitor-id=\"11090\">Markteinsch\u00e4tzungen und Wettbewerbsanalysen<\/a><\/li>\n\n\n\n<li>Market Opportunity, <a href=\"https:\/\/www.sisinternational.com\/de\/losungen\/strategieberatung\/markteintritts-machbarkeits-dimensionierungsstudien\/\" title=\"Markteintritts-, Machbarkeits- und Gr\u00f6\u00dfenstudien\"  data-wpil-monitor-id=\"11093\">Entry and Sizing<\/a><\/li>\n\n\n\n<li>Usability-Tests<\/li>\n\n\n\n<li>New <a href=\"https:\/\/www.sisinternational.com\/de\/losungen\/branding-und-kundenforschungslosungen\/produkttests-marktforschung\/new-product-concept-testing-methods\/\" title=\"New Product Concept Testing Methods\"  data-wpil-monitor-id=\"11089\">Product Concept Testing<\/a><\/li>\n\n\n\n<li>Schwerpunktgruppen<\/li>\n\n\n\n<li>Jugendmarktforschung<\/li>\n<\/ul>","protected":false},"excerpt":{"rendered":"<p>SIS International Research bietet f\u00fchrende Marktforschungs- und Strategiel\u00f6sungen f\u00fcr Bildungstechnologien. Erfahren Sie mehr \u00fcber EdTech-Forschung und -Strategie.<\/p>","protected":false},"author":1,"featured_media":62662,"parent":84844,"menu_order":0,"comment_status":"closed","ping_status":"closed","template":"","meta":{"footnotes":""},"class_list":["post-27826","page","type-page","status-publish","has-post-thumbnail"],"_links":{"self":[{"href":"https:\/\/www.sisinternational.com\/de\/wp-json\/wp\/v2\/pages\/27826","targetHints":{"allow":["GET"]}}],"collection":[{"href":"https:\/\/www.sisinternational.com\/de\/wp-json\/wp\/v2\/pages"}],"about":[{"href":"https:\/\/www.sisinternational.com\/de\/wp-json\/wp\/v2\/types\/page"}],"author":[{"embeddable":true,"href":"https:\/\/www.sisinternational.com\/de\/wp-json\/wp\/v2\/users\/1"}],"replies":[{"embeddable":true,"href":"https:\/\/www.sisinternational.com\/de\/wp-json\/wp\/v2\/comments?post=27826"}],"version-history":[{"count":6,"href":"https:\/\/www.sisinternational.com\/de\/wp-json\/wp\/v2\/pages\/27826\/revisions"}],"predecessor-version":[{"id":81812,"href":"https:\/\/www.sisinternational.com\/de\/wp-json\/wp\/v2\/pages\/27826\/revisions\/81812"}],"up":[{"embeddable":true,"href":"https:\/\/www.sisinternational.com\/de\/wp-json\/wp\/v2\/pages\/84844"}],"wp:featuredmedia":[{"embeddable":true,"href":"https:\/\/www.sisinternational.com\/de\/wp-json\/wp\/v2\/media\/62662"}],"wp:attachment":[{"href":"https:\/\/www.sisinternational.com\/de\/wp-json\/wp\/v2\/media?parent=27826"}],"curies":[{"name":"wp","href":"https:\/\/api.w.org\/{rel}","templated":true}]}}