{"id":27788,"date":"2018-08-25T23:34:20","date_gmt":"2018-08-25T23:34:20","guid":{"rendered":"https:\/\/www.sisinternational.com\/?page_id=27788"},"modified":"2026-01-26T14:36:43","modified_gmt":"2026-01-26T19:36:43","slug":"deutsche-ubersetzungs-und-transkriptionsdienste","status":"publish","type":"page","link":"https:\/\/www.sisinternational.com\/de\/losungen\/ubersetzung-und-transkription\/deutsche-ubersetzungs-und-transkriptionsdienste\/","title":{"rendered":"Deutsche \u00dcbersetzungs- und Transkriptionsdienste"},"content":{"rendered":"<h1 class=\"wp-block-heading p2\"><span class=\"s1\">Deutsche \u00dcbersetzungs- und Transkriptionsdienste<\/span><\/h1>\n\n\n\n<figure class=\"gb-block-image gb-block-image-e9f2bec4\"><img loading=\"lazy\" decoding=\"async\" width=\"1456\" height=\"816\" class=\"gb-image gb-image-e9f2bec4\" src=\"https:\/\/www.sisinternational.com\/wp-content\/uploads\/2025\/09\/Germany-4-1.jpg\" alt=\"SIS International Marktforschung &amp; Strategie\" title=\"Germany 4\" srcset=\"https:\/\/www.sisinternational.com\/wp-content\/uploads\/2025\/09\/Germany-4-1.jpg 1456w, https:\/\/www.sisinternational.com\/wp-content\/uploads\/2025\/09\/Germany-4-1-300x168.jpg 300w, https:\/\/www.sisinternational.com\/wp-content\/uploads\/2025\/09\/Germany-4-1-1024x574.jpg 1024w, https:\/\/www.sisinternational.com\/wp-content\/uploads\/2025\/09\/Germany-4-1-768x430.jpg 768w, https:\/\/www.sisinternational.com\/wp-content\/uploads\/2025\/09\/Germany-4-1-18x10.jpg 18w\" sizes=\"auto, (max-width: 1456px) 100vw, 1456px\"><\/figure>\n\n\n\n<p><\/p>\n\n\n\n<hr class=\"wp-block-separator has-alpha-channel-opacity is-style-dots\"\/>\n\n\n\n<h2 class=\"wp-block-heading p2\"><span class=\"s1\">Wirtschaftliche Bedeutung der DACH-L\u00e4nder<\/span><\/h2>\n\n\n\n<p class=\"p3\"><span class=\"s1\">Deutsch ist die 11.<span class=\"s2\"><sup>th<\/sup><\/span> am meisten gesprochene Sprache der Welt. Sie ist die Amtssprache von sieben L\u00e4ndern.&nbsp;<\/span><span class=\"s1\">Analysten fassen Deutschland (D), \u00d6sterreich (A) und die Schweiz (CH) h\u00e4ufig unter dem Akronym DACH zusammen. Diese drei L\u00e4nder geh\u00f6ren zu den L\u00e4ndern mit dem h\u00f6chsten Lebensstandard der Welt. Ihr Lebensstandard ist das Ergebnis starker, stabiler Volkswirtschaften.<\/span><\/p>\n\n\n\n<p class=\"p5\"><span class=\"s1\">Germany boasts the world\u2019s fourth-largest national economy. It was the world\u2019s largest exporter from 2003-2008. It is now <a href=\"https:\/\/www.sisinternational.com\/de\/marktforschung-in-chinas-stadten-zweiter-kategorie\/\" title=\"Marktforschung in Chinas zweitklassigen St\u00e4dten\"  data-wpil-monitor-id=\"11095\">second only to China<\/a>. Germany maintains a robust economic relationship with the United States. The per capita GDPs of Austria and Switzerland are also healthy. They rank third and fourth in the European Union (EU) respectively.<\/span><\/p>\n\n\n\n<p><span class=\"s1\">It\u2019s easy to see why <a href=\"https:\/\/www.sisinternational.com\/de\/losungen\/verbrauchermarktforschung\/\" title=\"Consumer Market Research Services for Smarter Business Decisions\"  data-wpil-monitor-id=\"11099\">businesses will need transcription services<\/a> for German. The language is important in the business world, and there is much demand for the service.<\/span><\/p>\n\n\n\n<h2 class=\"wp-block-heading p2\"><span class=\"s1\">Was ist Transkription?<\/span><\/h2>\n\n\n\n<p class=\"p3\"><span class=\"s1\">Bei der Transkription h\u00f6rt man sich eine Aufnahme an und gibt den Inhalt in ein Dokument ein. Das Ergebnis ist eine schriftliche Wiedergabe der Audiodatei. Die zum Transkribieren einer Audiodatei ben\u00f6tigte Zeit h\u00e4ngt von mehreren Faktoren ab. Dazu geh\u00f6ren die Anzahl der sprechenden Personen und die Geschwindigkeit, mit der sie sprechen. Au\u00dferdem h\u00e4ngt es von der Klarheit der Sprechstimmen und der Aufnahme ab.<\/span><\/p>\n\n\n\n<p class=\"p3\"><span class=\"s1\">Die permanente Dokumentation von Audiodateien kann eine wichtige Ressource sein. Fachleute im juristischen Bereich und \u00c4rzte ben\u00f6tigen h\u00e4ufig Transkripte. Dasselbe gilt f\u00fcr Redner\/Dozenten und Radio-Discjockeys. Es gibt drei Haupttypen von Transkripten. <\/span><\/p>\n\n\n\n<ul class=\"wp-block-list\">\n<li><strong><span class=\"s1\">Clean Read\/Intelligente w\u00f6rtliche Transkriptionen vermeiden Fehlstarts und Stottern. <\/span><\/strong><\/li>\n\n\n\n<li><strong><span class=\"s1\">Modifizierte w\u00f6rtliche Transkripte werden leicht bereinigt. <\/span><\/strong><\/li>\n\n\n\n<li><strong><span class=\"s1\">W\u00f6rtliche Transkripte enthalten jede \u00c4u\u00dferung und jeden Satz.<\/span><\/strong><\/li>\n<\/ul>\n\n\n\n<p class=\"p3\"><span class=\"s1\">Companies, people, and documents are moving between countries at a faster rate. As globalization continues, foreign transcription services have become essential. In the technical, financial, medical, and legal fields, they have been critical.&nbsp; In the medical and legal arenas, transcripts can have significant impact on lives and decision making.<\/span><\/p>\n\n\n\n<p class=\"p5\"><span class=\"s1\">Es stehen mehrere Transkriptionsoptionen zur Verf\u00fcgung. Transkriptionisten k\u00f6nnen schriftliche Aufzeichnungen auf Deutsch aus deutschsprachigen Aufzeichnungen erstellen. Sie k\u00f6nnen auch englische Transkriptionen aus deutschen Dateien erstellen. Viele Dienstleister bieten auch Dokument\u00fcbersetzungsdienste an.<\/span><\/p>\n\n\n\n<h2 class=\"wp-block-heading p2\"><span class=\"s1\">Transkription Deutsch-Deutsch<\/span><\/h2>\n\n\n\n<p class=\"p3\"><span class=\"s1\">Some <a href=\"https:\/\/www.sisinternational.com\/de\/sachverstand\/branchen\/unternehmen-fur-online-panel-marktforschung\/\" title=\"Online-Panel-Marktforschungsunternehmen\"  data-wpil-monitor-id=\"11097\">companies offer online<\/a> transcribing services. This type of service is the easiest way to convert recordings to well-written German text. <a href=\"https:\/\/www.sisinternational.com\/de\/finanziell-ausgerichtete-marketingkampagne-fur-ein-bekanntes-peer-to-peer-zahlungstechnologieunternehmen\/\" title=\"Multikulturelle Werbedienste f\u00fcr ein bekanntes Unternehmen im Bereich Peer-to-Peer-Zahlungstechnologie\"  data-wpil-monitor-id=\"11100\">Companies need these services<\/a> for written records of phone calls and voicemail. They also need written records of interviews and board meetings. With an online service, the <a href=\"https:\/\/www.sisinternational.com\/de\/omnichannel-marketingkampagne-fur-ein-weltweit-fuhrendes-unternehmen-fur-tiermanagementlosungen\/\" title=\"Multikulturelle Werbedienstleistungen f\u00fcr ein weltweit f\u00fchrendes Unternehmen f\u00fcr Tiermanagementl\u00f6sungen\"  data-wpil-monitor-id=\"11101\">company works with independent service<\/a> providers. Most of these providers are native German speakers.<\/span><\/p>\n\n\n\n<p class=\"p5\"><span class=\"s1\">Deutsch-Deutsch-Transkriptionisten m\u00fcssen ein ausgezeichnetes Geh\u00f6r f\u00fcr die Sprache haben. Die meisten Interviewpartner und Anrufer machen keine Tonaufnahmen f\u00fcr die Transkription. Der Transkriptor entziffert daher, was die Sprecher sagen. Dabei k\u00f6nnen auch unh\u00f6rbares Gemurmel, Umgangssprache und Unterbrechungen vorkommen, aber das muss nicht sein. Transkriptoren m\u00fcssen auch mit starken regionalen Dialekten und Akzenten umgehen.<\/span><\/p>\n\n\n\n<h2 class=\"wp-block-heading p2\"><span class=\"s1\">Transkription Deutsch-Englisch<\/span><\/h2>\n\n\n\n<figure class=\"gb-block-image gb-block-image-8f05a806\"><img loading=\"lazy\" decoding=\"async\" width=\"1456\" height=\"816\" class=\"gb-image gb-image-8f05a806\" src=\"https:\/\/www.sisinternational.com\/wp-content\/uploads\/2025\/09\/Germany-3.jpg\" alt=\"SIS International Marktforschung &amp; Strategie\" title=\"Germany (3)\" srcset=\"https:\/\/www.sisinternational.com\/wp-content\/uploads\/2025\/09\/Germany-3.jpg 1456w, https:\/\/www.sisinternational.com\/wp-content\/uploads\/2025\/09\/Germany-3-300x168.jpg 300w, https:\/\/www.sisinternational.com\/wp-content\/uploads\/2025\/09\/Germany-3-1024x574.jpg 1024w, https:\/\/www.sisinternational.com\/wp-content\/uploads\/2025\/09\/Germany-3-768x430.jpg 768w, https:\/\/www.sisinternational.com\/wp-content\/uploads\/2025\/09\/Germany-3-18x10.jpg 18w\" sizes=\"auto, (max-width: 1456px) 100vw, 1456px\"><\/figure>\n\n\n\n<p><\/p>\n\n\n\n<p class=\"p3\"><span class=\"s1\">Transcription services are also available to convert German recordings to English text. Many of these <a href=\"https:\/\/www.sisinternational.com\/de\/financial-services-consulting\/robotic-process-automation-in-financial-services\/\" title=\"Robotic Process Automation in Financial Services\"  data-wpil-monitor-id=\"11098\">service providers use rigorous recruitment processes<\/a>. These processes ensure that their verbatim transcripts will be accurate and high quality. Market <a href=\"https:\/\/www.sisinternational.com\/de\/sachverstand\/branchen\/broadway-marktforschung\/\" title=\"Broadway Marktforschung\"  data-wpil-monitor-id=\"6124\">research transcribers also exist, and SIS International Research is a leading Market<\/a> Research company that conductions transcription.<\/span><\/p>\n\n\n\n<p class=\"p5\"><span class=\"s1\">Transkriptionisten f\u00fcr die \u00dcbersetzung von Deutsch nach Englisch stehen vor \u00e4hnlichen Herausforderungen wie ihre Kollegen f\u00fcr die \u00dcbersetzung von Deutsch nach Deutsch. Sie m\u00fcssen Audiodaten transkribieren, bei denen die Teilnehmer durcheinander sprechen. Manchmal gibt es Hintergrundger\u00e4usche und oft haben die Sprecher einen starken Akzent. Manche Ger\u00e4usche sind schlecht aufgenommen oder es sind Stimmen mit tiefer Stimme zu h\u00f6ren. Angesichts dieser vielen Herausforderungen kann es eine ziemliche Herausforderung sein, den richtigen Dienstleister zu finden.<\/span><\/p>\n\n\n\n<h2 class=\"wp-block-heading p2\"><span class=\"s1\">\u00dcbersetzungsdienste f\u00fcr deutsche Dokumente<\/span><\/h2>\n\n\n\n<p class=\"p5\"><span class=\"s1\">Companies ranging in all sizes often need and can benefit from document translation services. These organizations have several options open to them. They can hire a translator as part of their staff, which can costly and impractical for shortterm assignments. Most companies outsource their document translation to reputable freelancers and service providers.&nbsp; <a href=\"https:\/\/www.sisinternational.com\/de\/kontaktieren-sie-sis-international-market-research\/\" title=\"Kontaktiere uns\"  data-wpil-monitor-id=\"11094\">SIS International Forschung<\/a> gets the job done at a much lower cost.<\/span><\/p>\n\n\n\n<h2 class=\"wp-block-heading p2\"><span class=\"s1\">\u00dcber SIS International Translations<\/span><\/h2>\n\n\n\n<p class=\"p3\">SIS International provides German <a class=\"wpil_keyword_link\" href=\"https:\/\/www.sisinternational.com\/de\/losungen\/ubersetzung-und-transkription\/\"   title=\"\u00dcbersetzungs- und Transkriptionsdienste\" data-wpil-keyword-link=\"linked\"  data-wpil-monitor-id=\"464\">translation and transcription services<\/a> to companies.&nbsp; Consider us for your <a href=\"https:\/\/www.sisinternational.com\/de\/losungen\/ubersetzung-und-transkription\/spanische-ubersetzungs-und-transkriptionsdienste\/\" title=\"Spanische \u00dcbersetzung und Transkription\"  data-wpil-monitor-id=\"11096\">\u00dcbersetzung und Transkription<\/a> needs worldwide.&nbsp; We provide:<\/p>\n\n\n\n<ul class=\"wp-block-list\">\n<li><strong>Schnelle Abwicklung<\/strong><\/li>\n\n\n\n<li><strong>Wettbewerbsf\u00e4hige Preise<\/strong><\/li>\n\n\n\n<li><strong>Reliability &amp;&nbsp;Professionalism<\/strong><\/li>\n<\/ul>","protected":false},"excerpt":{"rendered":"<p>SIS International bietet deutsche \u00dcbersetzungs- und Transkriptionsdienste f\u00fcr zahlreiche Branchen und Kunden an.<\/p>","protected":false},"author":1,"featured_media":65835,"parent":27891,"menu_order":0,"comment_status":"closed","ping_status":"closed","template":"","meta":{"footnotes":""},"class_list":["post-27788","page","type-page","status-publish","has-post-thumbnail"],"_links":{"self":[{"href":"https:\/\/www.sisinternational.com\/de\/wp-json\/wp\/v2\/pages\/27788","targetHints":{"allow":["GET"]}}],"collection":[{"href":"https:\/\/www.sisinternational.com\/de\/wp-json\/wp\/v2\/pages"}],"about":[{"href":"https:\/\/www.sisinternational.com\/de\/wp-json\/wp\/v2\/types\/page"}],"author":[{"embeddable":true,"href":"https:\/\/www.sisinternational.com\/de\/wp-json\/wp\/v2\/users\/1"}],"replies":[{"embeddable":true,"href":"https:\/\/www.sisinternational.com\/de\/wp-json\/wp\/v2\/comments?post=27788"}],"version-history":[{"count":7,"href":"https:\/\/www.sisinternational.com\/de\/wp-json\/wp\/v2\/pages\/27788\/revisions"}],"predecessor-version":[{"id":81814,"href":"https:\/\/www.sisinternational.com\/de\/wp-json\/wp\/v2\/pages\/27788\/revisions\/81814"}],"up":[{"embeddable":true,"href":"https:\/\/www.sisinternational.com\/de\/wp-json\/wp\/v2\/pages\/27891"}],"wp:featuredmedia":[{"embeddable":true,"href":"https:\/\/www.sisinternational.com\/de\/wp-json\/wp\/v2\/media\/65835"}],"wp:attachment":[{"href":"https:\/\/www.sisinternational.com\/de\/wp-json\/wp\/v2\/media?parent=27788"}],"curies":[{"name":"wp","href":"https:\/\/api.w.org\/{rel}","templated":true}]}}